{"id":65203,"date":"2022-12-21T18:46:12","date_gmt":"2022-12-21T18:46:12","guid":{"rendered":"https:\/\/www.accuratereviews.com\/?page_id=65203"},"modified":"2022-12-26T22:12:11","modified_gmt":"2022-12-26T22:12:11","slug":"ayoa-recensione","status":"publish","type":"page","link":"https:\/\/www.accuratereviews.com\/it\/programmi-mappe-mentali\/ayoa-recensione\/","title":{"rendered":"Ayoa"},"content":{"rendered":"<p>Il modo di lavorare di <strong>Ayoa<\/strong> offre agli utenti velocit\u00e0 e fluidit\u00e0, utili per catturare, far crescere grandi idee e metterle immediatamente in atto, sviluppando pratiche di lavoro migliori. Le funzionalit\u00e0 flessibili consentono ai team di qualsiasi dimensione di fare tutto, che si tratti di pianificare un progetto, condurre riunioni efficaci o qualsiasi altra cosa.<br \/>\nInoltre, <strong>Ayoa<\/strong> offre agli utenti uno spazio di lavoro centrale che consente loro di caricare file, impostare promemoria e interagire con i membri del team. La soluzione pu\u00f2 essere distribuita on-premise o nel <strong>cloud<\/strong> e dispone anche di applicazioni mobili per dispositivi iOS e Android.<\/p>\n<h2>AYOA &#8211; TUTORIAL<\/h2>\n<div id=\"fluid-wrapper-counter-1\" class=\"g1-fluid-wrapper \" style=\"width:686px;\">\n<div style=\"padding-bottom:56.268221574344%;\"><iframe loading=\"lazy\" title=\"Discover Ayoa: The smarter way to work\" width=\"686\" height=\"386\" src=\"https:\/\/www.youtube.com\/embed\/Iy49L8a8i7M?feature=oembed&amp;wmode=transparent&amp;autohide=1&amp;autoplay=0&amp;disablekb=0&amp;fs=1&amp;loop=0&amp;enablejsapi=1&amp;rel=0&amp;controls=2&amp;showinfo=0&amp;wmode=transparent&amp;autohide=2&amp;autoplay=0&amp;disablekb=0&amp;fs=1&amp;loop=0&amp;enablejsapi=1&amp;rel=0&amp;controls=2&amp;showinfo=1\" frameborder=\"0\" allow=\"accelerometer; autoplay; clipboard-write; encrypted-media; gyroscope; picture-in-picture\" allowfullscreen><\/iframe><\/div>\n<\/div>\n<h3>AYOA &#8211; CARATTERISTICHE<\/h3>\n<ul>\n<li>Mappe mentali, mappe organiche, mappe radiali, mappe di velocit\u00e0 e mappe di acquisizione<\/li>\n<li>Condivisione e collaborazione illimitate<\/li>\n<li>Librerie di immagini estese<\/li>\n<li>Tabelloni attivit\u00e0 illimitati<\/li>\n<li>Condivisione illimitata e collaborazione in tempo reale<\/li>\n<li>Pianificatore personale<\/li>\n<li>Accesso agli stili della bacheca delle attivit\u00e0 Canvas e Workflow<\/li>\n<li>AI per accelerare il pensiero<\/li>\n<li>Visualizzazione\/esportazione della sequenza temporale Gantt<\/li>\n<li>Modalit\u00e0 di presentazione avanzate<\/li>\n<li>Videoconferenza integrata<\/li>\n<li>Modalit\u00e0 di brainstorming di gruppo<\/li>\n<li>Archiviazione file (fino a 60 MB per file)<\/li>\n<li>Integrazioni Zoom \/ Dropbox \/ Evernote \/ Google Cal<\/li>\n<\/ul>\n<h4>LE RECENSIONE DEGLI UTENTI<\/h4>\n<p><strong>Mignon. &#8220;La migliore soluzione di pianificazione per pensatori e imprenditori multitalentuosi&#8221;<\/strong><br \/>\n<strong>Commenti<\/strong>: La migliore app nonostante l&#8217;assistenza clienti.<br \/>\n<strong>Pro<\/strong>: L&#8217;approccio visivo flessibile si adatta al modo di dare struttura alle mie idee e ai miei progetti.<br \/>\n<strong>Contro<\/strong>: i prezzi e il modo in cui l&#8217;assistenza non supporta davvero quando si vuole diventare un affiliato.<\/p>\n<p><strong>Percival &#8220;AYOA \u00e8 un eccellente mindmapper e software per attivit\u00e0.&#8221;<\/strong><br \/>\n<strong>Commenti<\/strong>: Adoro AYOA in generale. Non \u00e8 utile per la gestione delle attivit\u00e0 come ASANA, ma il modo in cui puoi visualizzare le tue mappe mentali, le lavagne e le attivit\u00e0 che svolgi in un ambiente visivo e dinamico non \u00e8 secondo a nessuno.<br \/>\n<strong>Pro<\/strong>: Adoro il modo in cui AYOA possono essere visualizzate le sue mappe mentali. Lo stesso vale per la gestione delle attivit\u00e0 che in realt\u00e0 ti consente di avere le diverse categorie in grandi &#8220;bolle&#8221; mobili. Ha anche un Pulse che \u00e8 un gioco di squadra che uso come diario quotidiano.<br \/>\n<strong>Contro<\/strong>: Non abbastanza tasti di scelta rapida e il metodo email to task potrebbe essere pi\u00f9 mirato.<\/p>\n<p><strong>Miquiel &#8220;La produttivit\u00e0 visiva di cui hai bisogno per gestire la tua attivit\u00e0 online&#8221;<\/strong><br \/>\n<strong>Commenti<\/strong>: Ayoa risolve qualsiasi problema che incontrerai come Creativo nella Creator Economy.<br \/>\n<strong>Pro<\/strong>: Mi piace l&#8217;integrazione tra Mind Mapping, Brainstorming, la funzione Kanban per la gestione di attivit\u00e0\/progetti e la funzione lavagna per la conservazione delle informazioni.<br \/>\n<strong>Contro<\/strong>: Non l&#8217;ho scoperto prima, ho perso tempo usando altre app.<\/p>\n","protected":false},"excerpt":{"rendered":"<p>Il modo di lavorare di Ayoa offre agli utenti velocit\u00e0 e fluidit\u00e0, utili per catturare, far crescere grandi idee e metterle immediatamente in atto, sviluppando pratiche di lavoro migliori. Le funzionalit\u00e0 flessibili consentono ai team di qualsiasi dimensione di fare tutto, che si tratti di pianificare un progetto, condurre riunioni efficaci o qualsiasi altra cosa.\u00a0<\/p>\n","protected":false},"author":19,"featured_media":65212,"parent":65102,"menu_order":0,"comment_status":"open","ping_status":"closed","template":"g1_template_page_review_new.php","meta":{"_acf_changed":false,"cwp_meta_box_check":"Yes","cwp_rev_product_name":"","cwp_rev_product_image":"","wppr_links":[],"cwp_rev_price":"0.00","wppr_options":[{"name":"Usability","value":"0"},{"name":"Speed","value":"0"},{"name":"Features","value":"0"},{"name":"Support","value":"0"},{"name":"Pricing","value":"0"}],"wppr_pros":["","","","",""],"wppr_cons":["","","","",""],"_monsterinsights_skip_tracking":false,"_monsterinsights_sitenote_active":false,"_monsterinsights_sitenote_note":"","_monsterinsights_sitenote_category":0,"footnotes":""},"categories":[13899],"tags":[13930,13896,13932,13895,13894,13892,13893],"features":[],"class_list":{"0":"post-65203","1":"page","2":"type-page","3":"status-publish","4":"has-post-thumbnail","6":"category-programmi-mappe-mentali-cat","7":"tag-ayoa","8":"tag-collaborazione","9":"tag-mappatura-mentale","10":"tag-piattaforma-mappatura-mentale","11":"tag-programma-mappatura-mentale","12":"tag-software-mappatura-mentale","13":"tag-soluzione-mappatura-mentale"},"wppr_data":{"cwp_meta_box_check":"Yes","_wppr_review_template":"default","cwp_rev_product_image":"","cwp_image_link":"image","wppr_links":[],"cwp_rev_price":"0.00","wppr_pros":["","","","",""],"wppr_cons":["","","","",""],"wppr_rating":"0.00","wppr_options":{"1":{"name":"Usability","value":"0"},"2":{"name":"Speed","value":"0"},"3":{"name":"Features","value":"0"},"4":{"name":"Support","value":"0"},"5":{"name":"Pricing","value":"0"}},"wppr_review_type":"Product","wppr_review_custom_fields":{"additionalProperty":"","additionalType":"","aggregateRating":"","alternateName":"","audience":"","award":"","awards":"","brand":"","color":"","depth":"","description":"","disambiguatingDescription":"","gtin12":"","gtin13":"","gtin14":"","gtin8":"","height":"","identifier":"","image":"","isAccessoryOrSparePartFor":"","isConsumableFor":"","isRelatedTo":"","isSimilarTo":"","itemCondition":"","logo":"","mainEntityOfPage":"","manufacturer":"","material":"","model":"","mpn":"","name":"","offers":"","potentialAction":"","productID":"","productionDate":"","purchaseDate":"","releaseDate":"","review":"","reviews":"","sameAs":"","sku":"","slogan":"","subjectOf":"","url":"","weight":"","width":""}},"acf":[],"yoast_head":"<!-- This site is optimized with the Yoast SEO plugin v27.4 - https:\/\/yoast.com\/product\/yoast-seo-wordpress\/ -->\n<title>Ayoa: recensione programma mappe mentali - Accurate Reviews<\/title>\n<meta name=\"description\" content=\"Ayoa: recensione programma per mappatura mentale che offre agli utenti la velocit\u00e0 e la fluidit\u00e0 per catturare e far crescere grandi idee.\" \/>\n<meta name=\"robots\" content=\"index, follow, max-snippet:-1, max-image-preview:large, max-video-preview:-1\" \/>\n<link rel=\"canonical\" href=\"https:\/\/www.accuratereviews.com\/it\/programmi-mappe-mentali\/ayoa-recensione\/\" \/>\n<meta property=\"og:locale\" content=\"it_IT\" \/>\n<meta property=\"og:type\" content=\"article\" \/>\n<meta property=\"og:title\" content=\"Ayoa: recensione programma mappe mentali - Accurate Reviews\" \/>\n<meta property=\"og:description\" content=\"Ayoa: recensione programma per mappatura mentale che offre agli utenti la velocit\u00e0 e la fluidit\u00e0 per catturare e far crescere grandi idee.\" \/>\n<meta property=\"og:url\" content=\"https:\/\/www.accuratereviews.com\/it\/programmi-mappe-mentali\/ayoa-recensione\/\" \/>\n<meta property=\"og:site_name\" content=\"Accurate Reviews\" \/>\n<meta property=\"article:modified_time\" content=\"2022-12-26T22:12:11+00:00\" \/>\n<meta property=\"og:image\" content=\"https:\/\/www.accuratereviews.com\/wp-content\/uploads\/2022\/12\/Ayoa.png\" \/>\n\t<meta property=\"og:image:width\" content=\"512\" \/>\n\t<meta property=\"og:image:height\" content=\"512\" \/>\n\t<meta property=\"og:image:type\" content=\"image\/png\" \/>\n<meta name=\"twitter:card\" content=\"summary_large_image\" \/>\n<meta name=\"twitter:label1\" content=\"Tempo di lettura stimato\" \/>\n\t<meta name=\"twitter:data1\" content=\"3 minuti\" \/>\n<script type=\"application\/ld+json\" class=\"yoast-schema-graph\">{\"@context\":\"https:\\\/\\\/schema.org\",\"@graph\":[{\"@type\":\"WebPage\",\"@id\":\"https:\\\/\\\/www.accuratereviews.com\\\/it\\\/programmi-mappe-mentali\\\/ayoa-recensione\\\/\",\"url\":\"https:\\\/\\\/www.accuratereviews.com\\\/it\\\/programmi-mappe-mentali\\\/ayoa-recensione\\\/\",\"name\":\"Ayoa: recensione programma mappe mentali - Accurate Reviews\",\"isPartOf\":{\"@id\":\"https:\\\/\\\/www.accuratereviews.com\\\/it\\\/#website\"},\"primaryImageOfPage\":{\"@id\":\"https:\\\/\\\/www.accuratereviews.com\\\/it\\\/programmi-mappe-mentali\\\/ayoa-recensione\\\/#primaryimage\"},\"image\":{\"@id\":\"https:\\\/\\\/www.accuratereviews.com\\\/it\\\/programmi-mappe-mentali\\\/ayoa-recensione\\\/#primaryimage\"},\"thumbnailUrl\":\"https:\\\/\\\/www.accuratereviews.com\\\/wp-content\\\/uploads\\\/2022\\\/12\\\/Ayoa.png\",\"datePublished\":\"2022-12-21T18:46:12+00:00\",\"dateModified\":\"2022-12-26T22:12:11+00:00\",\"description\":\"Ayoa: recensione programma per mappatura mentale che offre agli utenti la velocit\u00e0 e la fluidit\u00e0 per catturare e far crescere grandi idee.\",\"breadcrumb\":{\"@id\":\"https:\\\/\\\/www.accuratereviews.com\\\/it\\\/programmi-mappe-mentali\\\/ayoa-recensione\\\/#breadcrumb\"},\"inLanguage\":\"it-IT\",\"potentialAction\":[{\"@type\":\"ReadAction\",\"target\":[\"https:\\\/\\\/www.accuratereviews.com\\\/it\\\/programmi-mappe-mentali\\\/ayoa-recensione\\\/\"]}]},{\"@type\":\"ImageObject\",\"inLanguage\":\"it-IT\",\"@id\":\"https:\\\/\\\/www.accuratereviews.com\\\/it\\\/programmi-mappe-mentali\\\/ayoa-recensione\\\/#primaryimage\",\"url\":\"https:\\\/\\\/www.accuratereviews.com\\\/wp-content\\\/uploads\\\/2022\\\/12\\\/Ayoa.png\",\"contentUrl\":\"https:\\\/\\\/www.accuratereviews.com\\\/wp-content\\\/uploads\\\/2022\\\/12\\\/Ayoa.png\",\"width\":512,\"height\":512},{\"@type\":\"BreadcrumbList\",\"@id\":\"https:\\\/\\\/www.accuratereviews.com\\\/it\\\/programmi-mappe-mentali\\\/ayoa-recensione\\\/#breadcrumb\",\"itemListElement\":[{\"@type\":\"ListItem\",\"position\":1,\"name\":\"Home\",\"item\":\"https:\\\/\\\/www.accuratereviews.com\\\/it\\\/\"},{\"@type\":\"ListItem\",\"position\":2,\"name\":\"Programmi per mappe mentali\",\"item\":\"https:\\\/\\\/www.accuratereviews.com\\\/it\\\/programmi-mappe-mentali\\\/\"},{\"@type\":\"ListItem\",\"position\":3,\"name\":\"Ayoa\"}]},{\"@type\":\"WebSite\",\"@id\":\"https:\\\/\\\/www.accuratereviews.com\\\/it\\\/#website\",\"url\":\"https:\\\/\\\/www.accuratereviews.com\\\/it\\\/\",\"name\":\"Accurate Reviews\",\"description\":\"\",\"potentialAction\":[{\"@type\":\"SearchAction\",\"target\":{\"@type\":\"EntryPoint\",\"urlTemplate\":\"https:\\\/\\\/www.accuratereviews.com\\\/it\\\/?s={search_term_string}\"},\"query-input\":{\"@type\":\"PropertyValueSpecification\",\"valueRequired\":true,\"valueName\":\"search_term_string\"}}],\"inLanguage\":\"it-IT\"}]}<\/script>\n<!-- \/ Yoast SEO plugin. -->","yoast_head_json":{"title":"Ayoa: recensione programma mappe mentali - Accurate Reviews","description":"Ayoa: recensione programma per mappatura mentale che offre agli utenti la velocit\u00e0 e la fluidit\u00e0 per catturare e far crescere grandi idee.","robots":{"index":"index","follow":"follow","max-snippet":"max-snippet:-1","max-image-preview":"max-image-preview:large","max-video-preview":"max-video-preview:-1"},"canonical":"https:\/\/www.accuratereviews.com\/it\/programmi-mappe-mentali\/ayoa-recensione\/","og_locale":"it_IT","og_type":"article","og_title":"Ayoa: recensione programma mappe mentali - Accurate Reviews","og_description":"Ayoa: recensione programma per mappatura mentale che offre agli utenti la velocit\u00e0 e la fluidit\u00e0 per catturare e far crescere grandi idee.","og_url":"https:\/\/www.accuratereviews.com\/it\/programmi-mappe-mentali\/ayoa-recensione\/","og_site_name":"Accurate Reviews","article_modified_time":"2022-12-26T22:12:11+00:00","og_image":[{"width":512,"height":512,"url":"https:\/\/www.accuratereviews.com\/wp-content\/uploads\/2022\/12\/Ayoa.png","type":"image\/png"}],"twitter_card":"summary_large_image","twitter_misc":{"Tempo di lettura stimato":"3 minuti"},"schema":{"@context":"https:\/\/schema.org","@graph":[{"@type":"WebPage","@id":"https:\/\/www.accuratereviews.com\/it\/programmi-mappe-mentali\/ayoa-recensione\/","url":"https:\/\/www.accuratereviews.com\/it\/programmi-mappe-mentali\/ayoa-recensione\/","name":"Ayoa: recensione programma mappe mentali - Accurate Reviews","isPartOf":{"@id":"https:\/\/www.accuratereviews.com\/it\/#website"},"primaryImageOfPage":{"@id":"https:\/\/www.accuratereviews.com\/it\/programmi-mappe-mentali\/ayoa-recensione\/#primaryimage"},"image":{"@id":"https:\/\/www.accuratereviews.com\/it\/programmi-mappe-mentali\/ayoa-recensione\/#primaryimage"},"thumbnailUrl":"https:\/\/www.accuratereviews.com\/wp-content\/uploads\/2022\/12\/Ayoa.png","datePublished":"2022-12-21T18:46:12+00:00","dateModified":"2022-12-26T22:12:11+00:00","description":"Ayoa: recensione programma per mappatura mentale che offre agli utenti la velocit\u00e0 e la fluidit\u00e0 per catturare e far crescere grandi idee.","breadcrumb":{"@id":"https:\/\/www.accuratereviews.com\/it\/programmi-mappe-mentali\/ayoa-recensione\/#breadcrumb"},"inLanguage":"it-IT","potentialAction":[{"@type":"ReadAction","target":["https:\/\/www.accuratereviews.com\/it\/programmi-mappe-mentali\/ayoa-recensione\/"]}]},{"@type":"ImageObject","inLanguage":"it-IT","@id":"https:\/\/www.accuratereviews.com\/it\/programmi-mappe-mentali\/ayoa-recensione\/#primaryimage","url":"https:\/\/www.accuratereviews.com\/wp-content\/uploads\/2022\/12\/Ayoa.png","contentUrl":"https:\/\/www.accuratereviews.com\/wp-content\/uploads\/2022\/12\/Ayoa.png","width":512,"height":512},{"@type":"BreadcrumbList","@id":"https:\/\/www.accuratereviews.com\/it\/programmi-mappe-mentali\/ayoa-recensione\/#breadcrumb","itemListElement":[{"@type":"ListItem","position":1,"name":"Home","item":"https:\/\/www.accuratereviews.com\/it\/"},{"@type":"ListItem","position":2,"name":"Programmi per mappe mentali","item":"https:\/\/www.accuratereviews.com\/it\/programmi-mappe-mentali\/"},{"@type":"ListItem","position":3,"name":"Ayoa"}]},{"@type":"WebSite","@id":"https:\/\/www.accuratereviews.com\/it\/#website","url":"https:\/\/www.accuratereviews.com\/it\/","name":"Accurate Reviews","description":"","potentialAction":[{"@type":"SearchAction","target":{"@type":"EntryPoint","urlTemplate":"https:\/\/www.accuratereviews.com\/it\/?s={search_term_string}"},"query-input":{"@type":"PropertyValueSpecification","valueRequired":true,"valueName":"search_term_string"}}],"inLanguage":"it-IT"}]}},"_links":{"self":[{"href":"https:\/\/www.accuratereviews.com\/it\/wp-json\/wp\/v2\/pages\/65203","targetHints":{"allow":["GET"]}}],"collection":[{"href":"https:\/\/www.accuratereviews.com\/it\/wp-json\/wp\/v2\/pages"}],"about":[{"href":"https:\/\/www.accuratereviews.com\/it\/wp-json\/wp\/v2\/types\/page"}],"author":[{"embeddable":true,"href":"https:\/\/www.accuratereviews.com\/it\/wp-json\/wp\/v2\/users\/19"}],"replies":[{"embeddable":true,"href":"https:\/\/www.accuratereviews.com\/it\/wp-json\/wp\/v2\/comments?post=65203"}],"version-history":[{"count":12,"href":"https:\/\/www.accuratereviews.com\/it\/wp-json\/wp\/v2\/pages\/65203\/revisions"}],"predecessor-version":[{"id":65355,"href":"https:\/\/www.accuratereviews.com\/it\/wp-json\/wp\/v2\/pages\/65203\/revisions\/65355"}],"up":[{"embeddable":true,"href":"https:\/\/www.accuratereviews.com\/it\/wp-json\/wp\/v2\/pages\/65102"}],"wp:featuredmedia":[{"embeddable":true,"href":"https:\/\/www.accuratereviews.com\/it\/wp-json\/wp\/v2\/media\/65212"}],"wp:attachment":[{"href":"https:\/\/www.accuratereviews.com\/it\/wp-json\/wp\/v2\/media?parent=65203"}],"wp:term":[{"taxonomy":"category","embeddable":true,"href":"https:\/\/www.accuratereviews.com\/it\/wp-json\/wp\/v2\/categories?post=65203"},{"taxonomy":"post_tag","embeddable":true,"href":"https:\/\/www.accuratereviews.com\/it\/wp-json\/wp\/v2\/tags?post=65203"},{"taxonomy":"features","embeddable":true,"href":"https:\/\/www.accuratereviews.com\/it\/wp-json\/wp\/v2\/features?post=65203"}],"curies":[{"name":"wp","href":"https:\/\/api.w.org\/{rel}","templated":true}]}}