{"id":65205,"date":"2022-12-21T18:38:18","date_gmt":"2022-12-21T18:38:18","guid":{"rendered":"https:\/\/www.accuratereviews.com\/?page_id=65205"},"modified":"2022-12-26T22:36:04","modified_gmt":"2022-12-26T22:36:04","slug":"creately-recensione","status":"publish","type":"page","link":"https:\/\/www.accuratereviews.com\/it\/programmi-mappe-mentali\/creately-recensione\/","title":{"rendered":"Creately"},"content":{"rendered":"<p><strong>Creately<\/strong> \u00e8 una <strong>piattaforma di gestione del lavoro<\/strong> che funziona su una tela visiva intelligente. I team la usano per fare brainstorming, pianificare, gestire progetti e acquisire conoscenze in un unico spazio. Collega e centralizza gli elementi di lavoro di pi\u00f9 app, documenti e persone in una posizione centrale unica. Ci\u00f2 rende pi\u00f9 facile per i team ideare, mappare i processi, aggiungere dettagli approfonditi e costruire i sistemi per eseguire i processi direttamente all&#8217;interno della soluzione.<br \/>\nCombina in modo creativo la collaborazione visiva e la creazione di diagrammi, il flusso di lavoro e la gestione dei progetti, il wiki e la raccolta di note per fornire un ambiente senza codice in cui gli utenti possono creare e modellare il proprio sistema operativo per il lavoro.<\/p>\n<h2>CREATELY &#8211; TUTORIAL<\/h2>\n<div id=\"fluid-wrapper-counter-1\" class=\"g1-fluid-wrapper \" style=\"width:686px;\">\n<div style=\"padding-bottom:56.268221574344%;\"><iframe loading=\"lazy\" title=\"Introducing Creately 4.0- The New Interface For Work.\" width=\"686\" height=\"386\" src=\"https:\/\/www.youtube.com\/embed\/TSG-8OnT5og?feature=oembed&amp;wmode=transparent&amp;autohide=1&amp;autoplay=0&amp;disablekb=0&amp;fs=1&amp;loop=0&amp;enablejsapi=1&amp;rel=0&amp;controls=2&amp;showinfo=0&amp;wmode=transparent&amp;autohide=2&amp;autoplay=0&amp;disablekb=0&amp;fs=1&amp;loop=0&amp;enablejsapi=1&amp;rel=0&amp;controls=2&amp;showinfo=1\" frameborder=\"0\" allow=\"accelerometer; autoplay; clipboard-write; encrypted-media; gyroscope; picture-in-picture\" allowfullscreen><\/iframe><\/div>\n<\/div>\n<h3>CREATELY &#8211; CARATTERISTICHE<\/h3>\n<ul>\n<li>Attivit\u00e0 di gestione dei documenti per promuovere la collaborazione, migliorare il processo decisionale e accelerare il time to market.<\/li>\n<li>Centralizzare la comunicazione, i processi, le procedure e le risorse necessarie per implementare, mantenere e migliorare continuamente la gestione della qualit\u00e0.<\/li>\n<li>Visualizzare il layout e il flusso dei processi attuali usando le analisi dei percorsi dei processi e la mappatura del flusso di valore per rivederli e migliorarli.<\/li>\n<li>Sviluppa strategie di trasporto, inventario e localizzazione intorno ai tuoi obiettivi di servizio al cliente.<\/li>\n<li>Facilitare gli audit logistici e mappare il sistema attuale per identificare le lacune e generare piani tattici.<\/li>\n<li>Visualizzare per analizzare i processi delle operazioni di magazzino e discutere dei miglioramenti.<\/li>\n<li>Condurre sessioni di pianificazione di scenari collaborativi per preparare e migliorare le decisioni di pianificazione della catena di approvvigionamento.<\/li>\n<li>Mettete insieme i dati storici delle vendite, gli ordini correnti, le spedizioni pianificate e i cambiamenti del mercato per prevedere i modelli di domanda.<\/li>\n<li>Allinea la pianificazione dell&#8217;offerta con la pianificazione della domanda in un unico spazio di lavoro per gestire le catene di approvvigionamento senza soluzione di continuit\u00e0.<\/li>\n<li>Collabora con le parti interessate in tutto il tuo ecosistema per ottimizzare le prestazioni della catena di fornitura.<\/li>\n<li>Identificare tutti gli elementi di rischio, creare modelli di scenario facilmente condivisibili e determinare la probabilit\u00e0 che un evento di rischio si verifichi.<\/li>\n<li>Pianificare l&#8217;utilizzo efficiente dello spazio dell&#8217;ufficio e della fabbrica.<\/li>\n<li>Visualizzare e riorganizzare i macchinari e le attrezzature per utilizzare al meglio lo spazio della fabbrica.<\/li>\n<\/ul>\n<h4>LE RECENSIONI DEGLI UTENTI<\/h4>\n<p><strong>Marcus &#8220;Software per organigrammi facile da usare&#8221;<\/strong><br \/>\n<strong>Commenti<\/strong>: Ho provato alcune opzioni software per gli organigrammi e questa \u00e8 stata la pi\u00f9 facile da usare e la pi\u00f9 veloce da implementare.<br \/>\n<strong>Pro<\/strong>: Creately ha alcuni modelli decenti per iniziare un organigramma o una mappa mentale, anche se un po&#8217; pi\u00f9 di lavoro potrebbe essere messo nella selezione del modello. Dal modello, le modifiche sono davvero facili e intuitive.<br \/>\n<strong>Contro<\/strong>: Se vuoi iniziare da zero (ad esempio nessun modello), il software risulta un po&#8217; complicato per creare qualcosa che sembri professionale. La selezione dei modelli potrebbe essere aumentata per aiutare a fornire pi\u00f9 basi da cui partire.<\/p>\n<p><strong>Hrachya &#8220;Facile da organizzare e visualizzare script, diagrammi di flusso&#8221;<\/strong><br \/>\n<strong>Commenti<\/strong>: Abbastanza soddisfatto dello strumento. Ancora una volta, \u00e8 una soluzione perfetta per coloro che vogliono vedere visivamente il grafico, i flussi, gli script e gli editor di testo.<br \/>\n<strong>Pro<\/strong>: Facile da usare, visualizza gli script, trascina e rilascia.<br \/>\n<strong>Contro<\/strong>: A volte pu\u00f2 essere complicato copiare\/incollare il testo nelle caselle. Ma questo non \u00e8 un freno.<\/p>\n<p><strong>Graciela &#8220;Creately un ottimo strumento per tutti&#8221;<\/strong><br \/>\n<strong>Pro<\/strong>: Questo software \u00e8 davvero facile da usare, fantastico e utile.<br \/>\n<strong>Contro<\/strong>: Non mi piacciono i diversi strumenti, penso che potrebbero essere di pi\u00f9.<\/p>\n","protected":false},"excerpt":{"rendered":"<p>Creately \u00e8 una piattaforma di gestione del lavoro che funziona su una tela visiva intelligente. I team la usano per fare brainstorming, pianificare, gestire progetti e acquisire conoscenze in un unico spazio. Collega e centralizza gli elementi di lavoro di pi\u00f9 app, documenti e persone in una posizione centrale unica.<\/p>\n","protected":false},"author":19,"featured_media":65206,"parent":65102,"menu_order":0,"comment_status":"open","ping_status":"closed","template":"g1_template_page_review_new.php","meta":{"_acf_changed":false,"cwp_meta_box_check":"Yes","cwp_rev_product_name":"","cwp_rev_product_image":"","wppr_links":[],"cwp_rev_price":"0.00","wppr_options":[{"name":"Usability","value":"0"},{"name":"Speed","value":"0"},{"name":"Features","value":"0"},{"name":"Support","value":"0"},{"name":"Pricing","value":"0"}],"wppr_pros":["","","","",""],"wppr_cons":["","","","",""],"_monsterinsights_skip_tracking":false,"_monsterinsights_sitenote_active":false,"_monsterinsights_sitenote_note":"","_monsterinsights_sitenote_category":0,"footnotes":""},"categories":[13899],"tags":[13896,13931,13901,13905,13902,13904,13903],"features":[],"class_list":{"0":"post-65205","1":"page","2":"type-page","3":"status-publish","4":"has-post-thumbnail","6":"category-programmi-mappe-mentali-cat","7":"tag-collaborazione","8":"tag-creately","9":"tag-mappe-mentali","10":"tag-piattaforma-per-mappe-mentali","11":"tag-programma-per-mappe-mentali","12":"tag-software-per-mappe-mentali","13":"tag-soluzione-per-mappe-mentali"},"wppr_data":{"cwp_meta_box_check":"Yes","_wppr_review_template":"default","cwp_rev_product_image":"","cwp_image_link":"image","wppr_links":[],"cwp_rev_price":"0.00","wppr_pros":["","","","",""],"wppr_cons":["","","","",""],"wppr_rating":"0.00","wppr_options":{"1":{"name":"Usability","value":"0"},"2":{"name":"Speed","value":"0"},"3":{"name":"Features","value":"0"},"4":{"name":"Support","value":"0"},"5":{"name":"Pricing","value":"0"}},"wppr_review_type":"Product","wppr_review_custom_fields":{"additionalProperty":"","additionalType":"","aggregateRating":"","alternateName":"","audience":"","award":"","awards":"","brand":"","color":"","depth":"","description":"","disambiguatingDescription":"","gtin12":"","gtin13":"","gtin14":"","gtin8":"","height":"","identifier":"","image":"","isAccessoryOrSparePartFor":"","isConsumableFor":"","isRelatedTo":"","isSimilarTo":"","itemCondition":"","logo":"","mainEntityOfPage":"","manufacturer":"","material":"","model":"","mpn":"","name":"","offers":"","potentialAction":"","productID":"","productionDate":"","purchaseDate":"","releaseDate":"","review":"","reviews":"","sameAs":"","sku":"","slogan":"","subjectOf":"","url":"","weight":"","width":""}},"acf":[],"yoast_head":"<!-- This site is optimized with the Yoast SEO plugin v27.4 - https:\/\/yoast.com\/product\/yoast-seo-wordpress\/ -->\n<title>Creately: recensione programma mappe mentali - AR<\/title>\n<meta name=\"description\" content=\"Creately: recensione piattaforma di gestione del lavoro e mappatura mentale che funziona su una tela visiva intelligente.\" \/>\n<meta name=\"robots\" content=\"index, follow, max-snippet:-1, max-image-preview:large, max-video-preview:-1\" \/>\n<link rel=\"canonical\" href=\"https:\/\/www.accuratereviews.com\/it\/programmi-mappe-mentali\/creately-recensione\/\" \/>\n<meta property=\"og:locale\" content=\"it_IT\" \/>\n<meta property=\"og:type\" content=\"article\" \/>\n<meta property=\"og:title\" content=\"Creately: recensione programma mappe mentali - AR\" \/>\n<meta property=\"og:description\" content=\"Creately: recensione piattaforma di gestione del lavoro e mappatura mentale che funziona su una tela visiva intelligente.\" \/>\n<meta property=\"og:url\" content=\"https:\/\/www.accuratereviews.com\/it\/programmi-mappe-mentali\/creately-recensione\/\" \/>\n<meta property=\"og:site_name\" content=\"Accurate Reviews\" \/>\n<meta property=\"article:modified_time\" content=\"2022-12-26T22:36:04+00:00\" \/>\n<meta property=\"og:image\" content=\"https:\/\/www.accuratereviews.com\/wp-content\/uploads\/2022\/12\/Creately.jpeg\" \/>\n\t<meta property=\"og:image:width\" content=\"225\" \/>\n\t<meta property=\"og:image:height\" content=\"225\" \/>\n\t<meta property=\"og:image:type\" content=\"image\/jpeg\" \/>\n<meta name=\"twitter:card\" content=\"summary_large_image\" \/>\n<meta name=\"twitter:label1\" content=\"Tempo di lettura stimato\" \/>\n\t<meta name=\"twitter:data1\" content=\"4 minuti\" \/>\n<script type=\"application\/ld+json\" class=\"yoast-schema-graph\">{\"@context\":\"https:\\\/\\\/schema.org\",\"@graph\":[{\"@type\":\"WebPage\",\"@id\":\"https:\\\/\\\/www.accuratereviews.com\\\/it\\\/programmi-mappe-mentali\\\/creately-recensione\\\/\",\"url\":\"https:\\\/\\\/www.accuratereviews.com\\\/it\\\/programmi-mappe-mentali\\\/creately-recensione\\\/\",\"name\":\"Creately: recensione programma mappe mentali - AR\",\"isPartOf\":{\"@id\":\"https:\\\/\\\/www.accuratereviews.com\\\/it\\\/#website\"},\"primaryImageOfPage\":{\"@id\":\"https:\\\/\\\/www.accuratereviews.com\\\/it\\\/programmi-mappe-mentali\\\/creately-recensione\\\/#primaryimage\"},\"image\":{\"@id\":\"https:\\\/\\\/www.accuratereviews.com\\\/it\\\/programmi-mappe-mentali\\\/creately-recensione\\\/#primaryimage\"},\"thumbnailUrl\":\"https:\\\/\\\/www.accuratereviews.com\\\/wp-content\\\/uploads\\\/2022\\\/12\\\/Creately.jpeg\",\"datePublished\":\"2022-12-21T18:38:18+00:00\",\"dateModified\":\"2022-12-26T22:36:04+00:00\",\"description\":\"Creately: recensione piattaforma di gestione del lavoro e mappatura mentale che funziona su una tela visiva intelligente.\",\"breadcrumb\":{\"@id\":\"https:\\\/\\\/www.accuratereviews.com\\\/it\\\/programmi-mappe-mentali\\\/creately-recensione\\\/#breadcrumb\"},\"inLanguage\":\"it-IT\",\"potentialAction\":[{\"@type\":\"ReadAction\",\"target\":[\"https:\\\/\\\/www.accuratereviews.com\\\/it\\\/programmi-mappe-mentali\\\/creately-recensione\\\/\"]}]},{\"@type\":\"ImageObject\",\"inLanguage\":\"it-IT\",\"@id\":\"https:\\\/\\\/www.accuratereviews.com\\\/it\\\/programmi-mappe-mentali\\\/creately-recensione\\\/#primaryimage\",\"url\":\"https:\\\/\\\/www.accuratereviews.com\\\/wp-content\\\/uploads\\\/2022\\\/12\\\/Creately.jpeg\",\"contentUrl\":\"https:\\\/\\\/www.accuratereviews.com\\\/wp-content\\\/uploads\\\/2022\\\/12\\\/Creately.jpeg\",\"width\":225,\"height\":225},{\"@type\":\"BreadcrumbList\",\"@id\":\"https:\\\/\\\/www.accuratereviews.com\\\/it\\\/programmi-mappe-mentali\\\/creately-recensione\\\/#breadcrumb\",\"itemListElement\":[{\"@type\":\"ListItem\",\"position\":1,\"name\":\"Home\",\"item\":\"https:\\\/\\\/www.accuratereviews.com\\\/it\\\/\"},{\"@type\":\"ListItem\",\"position\":2,\"name\":\"Programmi per mappe mentali\",\"item\":\"https:\\\/\\\/www.accuratereviews.com\\\/it\\\/programmi-mappe-mentali\\\/\"},{\"@type\":\"ListItem\",\"position\":3,\"name\":\"Creately\"}]},{\"@type\":\"WebSite\",\"@id\":\"https:\\\/\\\/www.accuratereviews.com\\\/it\\\/#website\",\"url\":\"https:\\\/\\\/www.accuratereviews.com\\\/it\\\/\",\"name\":\"Accurate Reviews\",\"description\":\"\",\"potentialAction\":[{\"@type\":\"SearchAction\",\"target\":{\"@type\":\"EntryPoint\",\"urlTemplate\":\"https:\\\/\\\/www.accuratereviews.com\\\/it\\\/?s={search_term_string}\"},\"query-input\":{\"@type\":\"PropertyValueSpecification\",\"valueRequired\":true,\"valueName\":\"search_term_string\"}}],\"inLanguage\":\"it-IT\"}]}<\/script>\n<!-- \/ Yoast SEO plugin. -->","yoast_head_json":{"title":"Creately: recensione programma mappe mentali - AR","description":"Creately: recensione piattaforma di gestione del lavoro e mappatura mentale che funziona su una tela visiva intelligente.","robots":{"index":"index","follow":"follow","max-snippet":"max-snippet:-1","max-image-preview":"max-image-preview:large","max-video-preview":"max-video-preview:-1"},"canonical":"https:\/\/www.accuratereviews.com\/it\/programmi-mappe-mentali\/creately-recensione\/","og_locale":"it_IT","og_type":"article","og_title":"Creately: recensione programma mappe mentali - AR","og_description":"Creately: recensione piattaforma di gestione del lavoro e mappatura mentale che funziona su una tela visiva intelligente.","og_url":"https:\/\/www.accuratereviews.com\/it\/programmi-mappe-mentali\/creately-recensione\/","og_site_name":"Accurate Reviews","article_modified_time":"2022-12-26T22:36:04+00:00","og_image":[{"width":225,"height":225,"url":"https:\/\/www.accuratereviews.com\/wp-content\/uploads\/2022\/12\/Creately.jpeg","type":"image\/jpeg"}],"twitter_card":"summary_large_image","twitter_misc":{"Tempo di lettura stimato":"4 minuti"},"schema":{"@context":"https:\/\/schema.org","@graph":[{"@type":"WebPage","@id":"https:\/\/www.accuratereviews.com\/it\/programmi-mappe-mentali\/creately-recensione\/","url":"https:\/\/www.accuratereviews.com\/it\/programmi-mappe-mentali\/creately-recensione\/","name":"Creately: recensione programma mappe mentali - AR","isPartOf":{"@id":"https:\/\/www.accuratereviews.com\/it\/#website"},"primaryImageOfPage":{"@id":"https:\/\/www.accuratereviews.com\/it\/programmi-mappe-mentali\/creately-recensione\/#primaryimage"},"image":{"@id":"https:\/\/www.accuratereviews.com\/it\/programmi-mappe-mentali\/creately-recensione\/#primaryimage"},"thumbnailUrl":"https:\/\/www.accuratereviews.com\/wp-content\/uploads\/2022\/12\/Creately.jpeg","datePublished":"2022-12-21T18:38:18+00:00","dateModified":"2022-12-26T22:36:04+00:00","description":"Creately: recensione piattaforma di gestione del lavoro e mappatura mentale che funziona su una tela visiva intelligente.","breadcrumb":{"@id":"https:\/\/www.accuratereviews.com\/it\/programmi-mappe-mentali\/creately-recensione\/#breadcrumb"},"inLanguage":"it-IT","potentialAction":[{"@type":"ReadAction","target":["https:\/\/www.accuratereviews.com\/it\/programmi-mappe-mentali\/creately-recensione\/"]}]},{"@type":"ImageObject","inLanguage":"it-IT","@id":"https:\/\/www.accuratereviews.com\/it\/programmi-mappe-mentali\/creately-recensione\/#primaryimage","url":"https:\/\/www.accuratereviews.com\/wp-content\/uploads\/2022\/12\/Creately.jpeg","contentUrl":"https:\/\/www.accuratereviews.com\/wp-content\/uploads\/2022\/12\/Creately.jpeg","width":225,"height":225},{"@type":"BreadcrumbList","@id":"https:\/\/www.accuratereviews.com\/it\/programmi-mappe-mentali\/creately-recensione\/#breadcrumb","itemListElement":[{"@type":"ListItem","position":1,"name":"Home","item":"https:\/\/www.accuratereviews.com\/it\/"},{"@type":"ListItem","position":2,"name":"Programmi per mappe mentali","item":"https:\/\/www.accuratereviews.com\/it\/programmi-mappe-mentali\/"},{"@type":"ListItem","position":3,"name":"Creately"}]},{"@type":"WebSite","@id":"https:\/\/www.accuratereviews.com\/it\/#website","url":"https:\/\/www.accuratereviews.com\/it\/","name":"Accurate Reviews","description":"","potentialAction":[{"@type":"SearchAction","target":{"@type":"EntryPoint","urlTemplate":"https:\/\/www.accuratereviews.com\/it\/?s={search_term_string}"},"query-input":{"@type":"PropertyValueSpecification","valueRequired":true,"valueName":"search_term_string"}}],"inLanguage":"it-IT"}]}},"_links":{"self":[{"href":"https:\/\/www.accuratereviews.com\/it\/wp-json\/wp\/v2\/pages\/65205","targetHints":{"allow":["GET"]}}],"collection":[{"href":"https:\/\/www.accuratereviews.com\/it\/wp-json\/wp\/v2\/pages"}],"about":[{"href":"https:\/\/www.accuratereviews.com\/it\/wp-json\/wp\/v2\/types\/page"}],"author":[{"embeddable":true,"href":"https:\/\/www.accuratereviews.com\/it\/wp-json\/wp\/v2\/users\/19"}],"replies":[{"embeddable":true,"href":"https:\/\/www.accuratereviews.com\/it\/wp-json\/wp\/v2\/comments?post=65205"}],"version-history":[{"count":11,"href":"https:\/\/www.accuratereviews.com\/it\/wp-json\/wp\/v2\/pages\/65205\/revisions"}],"predecessor-version":[{"id":65360,"href":"https:\/\/www.accuratereviews.com\/it\/wp-json\/wp\/v2\/pages\/65205\/revisions\/65360"}],"up":[{"embeddable":true,"href":"https:\/\/www.accuratereviews.com\/it\/wp-json\/wp\/v2\/pages\/65102"}],"wp:featuredmedia":[{"embeddable":true,"href":"https:\/\/www.accuratereviews.com\/it\/wp-json\/wp\/v2\/media\/65206"}],"wp:attachment":[{"href":"https:\/\/www.accuratereviews.com\/it\/wp-json\/wp\/v2\/media?parent=65205"}],"wp:term":[{"taxonomy":"category","embeddable":true,"href":"https:\/\/www.accuratereviews.com\/it\/wp-json\/wp\/v2\/categories?post=65205"},{"taxonomy":"post_tag","embeddable":true,"href":"https:\/\/www.accuratereviews.com\/it\/wp-json\/wp\/v2\/tags?post=65205"},{"taxonomy":"features","embeddable":true,"href":"https:\/\/www.accuratereviews.com\/it\/wp-json\/wp\/v2\/features?post=65205"}],"curies":[{"name":"wp","href":"https:\/\/api.w.org\/{rel}","templated":true}]}}