{"id":65220,"date":"2022-12-21T15:20:13","date_gmt":"2022-12-21T15:20:13","guid":{"rendered":"https:\/\/www.accuratereviews.com\/?page_id=65220"},"modified":"2022-12-21T15:20:13","modified_gmt":"2022-12-21T15:20:13","slug":"cacoo-recensione","status":"publish","type":"page","link":"https:\/\/www.accuratereviews.com\/it\/programmi-mappe-mentali\/cacoo-recensione\/","title":{"rendered":"Cacoo"},"content":{"rendered":"<p class=\"h3 mb-2\"><strong>Cacoo<\/strong>\u00a0\u00e8 un software intuitivo e semplice da usare che consente di creare mappe mentali, diagrammi di flusso e di rete, wireframe e altro ancora. Ricco di funzionalit\u00e0, questo <strong>programma per mappe mentali<\/strong>, permette di pianificare, perfezionare e archiviare tutte le idee e pensieri. Con i tuoi colleghi, puoi creare, modificare, commentare e chattare sui diagrammi, sia che siate nella stessa stanza o dall&#8217;altra parte del mondo.<br \/>\nDopo aver creato le tue mappe mentali, esportarle nel formato che preferisci (SVG, PDF, PPTX ecc.) e condividile tramite link, email o social media.<\/p>\n<h2>CACOO &#8211; TUTORIAL<\/h2>\n<div id=\"fluid-wrapper-counter-1\" class=\"g1-fluid-wrapper \" style=\"width:686px;\">\n<div style=\"padding-bottom:56.268221574344%;\"><iframe loading=\"lazy\" title=\"The platform where everyone manages work, their way | monday.com\" width=\"686\" height=\"386\" src=\"https:\/\/www.youtube.com\/embed\/wko93JCYwKk?feature=oembed&amp;wmode=transparent&amp;autohide=1&amp;autoplay=0&amp;disablekb=0&amp;fs=1&amp;loop=0&amp;enablejsapi=1&amp;rel=0&amp;controls=2&amp;showinfo=0&amp;wmode=transparent&amp;autohide=2&amp;autoplay=0&amp;disablekb=0&amp;fs=1&amp;loop=0&amp;enablejsapi=1&amp;rel=0&amp;controls=2&amp;showinfo=1\" frameborder=\"0\" allow=\"accelerometer; autoplay; clipboard-write; encrypted-media; gyroscope; picture-in-picture\" allowfullscreen><\/iframe><\/div>\n<\/div>\n<h3>CACOO &#8211; CARATTERISTICHE<\/h3>\n<ul>\n<li><strong>Modelli e forme<\/strong>: 100 modelli predefiniti tra cui scegliere.<\/li>\n<li><strong>Grafici dinamici<\/strong>: importa da un foglio di calcolo o inserisci direttamente in Cacoo.<\/li>\n<li><strong>AWS Importer<\/strong>: genera automaticamente diagrammi di rete da modificare e condividere.<\/li>\n<li><strong>Integrazioni<\/strong>: importazione di risorse da Google Drive, Adobe Creative Cloud, Confluence e altro ancora.<\/li>\n<li><strong>Editing multiutente<\/strong>: ottimo per lavorare sui diagrammi contemporaneamente, senza ritardi.<\/li>\n<li><strong>Video e chat nell&#8217;app<\/strong>: \u00e8 possibile chattare insieme nei diagrammi o in video.<\/li>\n<li><strong>Commenti<\/strong>: lascia commenti direttamente sui diagrammi.<\/li>\n<li><strong>Notifiche di attivit\u00e0<\/strong>: ricevi una notifica quando gli altri fanno degli aggiornamenti.<\/li>\n<li><strong>Cronologia delle revisioni<\/strong>: salva le versioni dei diagrammi per confrontare le modifiche nel tempo.<\/li>\n<li><strong>Dashboard<\/strong>: utile per gestire tutti i diagrammi del team in un unico posto.<\/li>\n<li><strong>Cartelle condivise<\/strong>: invita i membri del team a partecipare e a collaborare.<\/li>\n<li><strong>Gestione del team<\/strong>: consente alle persone giuste di accedere facilmente a ci\u00f2 di cui hanno bisogno.<\/li>\n<\/ul>\n<h4>LE RECENSIONI DEGLI UTENTI<\/h4>\n<p><strong>Graciela &#8220;Cacoo \u00e8 un software per il lavoro di gruppo&#8221;<\/strong><br \/>\nCommenti: La mia esperienza \u00e8 stata davvero buona, mi piacciono gli strumenti, le opzioni e tutto ci\u00f2 che riguarda il software.<br \/>\nPro: Questo software ci ha permesso di avere un grande lavoro di squadra, grazie ai diversi strumenti, alle diverse funzioni, questo software \u00e8 assolutamente utile e grandioso, i diversi strumenti e opzioni ci permettono di creare un ottimo ambiente.<br \/>\nContro: Non \u00e8 proprio facile da usare, in alcuni casi \u00e8 difficile capire cosa si deve fare con alcuni strumenti e funzioni, ma \u00e8 un ottimo software.<\/p>\n<p><strong>Paul\u00ec &#8220;Cacoo \u00e8 un software amichevole&#8221;<\/strong><br \/>\nCommenti: Lo uso per preparare alcuni disegni sul mio lavoro aziendale&#8230;<br \/>\nPro: Il modo semplice di lavorare. \u00c8 un software facile e molto amichevole da usare.<br \/>\nContro: Deve essere disponibile in altre lingue per aiutare gli utenti. A volte non \u00e8 facile disegnare&#8230;<\/p>\n<p><strong>Max &#8220;Ottimo strumento per mock-up e wireframes interattivi&#8221;<\/strong><br \/>\nCommenti: Uno strumento di wireframing robusto, semplice e dal prezzo contenuto, che permette di costruire ottimi mockup per marketing e product manager.<br \/>\nPro:<br \/>\n&#8211; Facile da usare, non richiede un background da designer o programmatore per creare mockup interattivi &#8211; Molti elementi precostituiti per costruire wireframes personalizzati: pulsanti, input, icone, forme, ecc &#8211; Versione gratuita molto potente<br \/>\nContro:<br \/>\n&#8211; Alcune funzioni dell&#8217;interfaccia utente non sono molto utili o intuitive. Ad esempio, \u00e8 necessario fare nuovamente clic sull&#8217;elemento del pannello per chiudere il menu contestuale (anzich\u00e9 fare semplicemente clic al di fuori del menu).<\/p>\n","protected":false},"excerpt":{"rendered":"<p>Cacoo\u00a0\u00e8 un software intuitivo e semplice da usare che consente di creare mappe mentali, diagrammi di flusso e di rete, wireframe e altro ancora. Ricco di funzionalit\u00e0, questo programma per mappe mentali, permette di pianificare, perfezionare e archiviare tutte le idee e pensieri.<\/p>\n","protected":false},"author":17,"featured_media":65221,"parent":65102,"menu_order":0,"comment_status":"open","ping_status":"closed","template":"g1_template_page_review_new.php","meta":{"_acf_changed":false,"cwp_meta_box_check":"No","cwp_rev_product_name":"","cwp_rev_product_image":"","wppr_links":[],"cwp_rev_price":"","wppr_options":[],"wppr_pros":[],"wppr_cons":[],"_monsterinsights_skip_tracking":false,"_monsterinsights_sitenote_active":false,"_monsterinsights_sitenote_note":"","_monsterinsights_sitenote_category":0,"footnotes":""},"categories":[13899],"tags":[13901,13905,13906,13904,13903],"features":[],"class_list":{"0":"post-65220","1":"page","2":"type-page","3":"status-publish","4":"has-post-thumbnail","6":"category-programmi-mappe-mentali-cat","7":"tag-mappe-mentali","8":"tag-piattaforma-per-mappe-mentali","9":"tag-programmi-per-mappe-mentali","10":"tag-software-per-mappe-mentali","11":"tag-soluzione-per-mappe-mentali"},"wppr_data":{"cwp_meta_box_check":"No"},"acf":[],"yoast_head":"<!-- This site is optimized with the Yoast SEO plugin v27.4 - https:\/\/yoast.com\/product\/yoast-seo-wordpress\/ -->\n<title>Cacoo: recensione programma mappe mentali - Accurate Reviews<\/title>\n<meta name=\"description\" content=\"Cacoo: recensione del software intuitivo che consente di creare mappe mentali, diagrammi di flusso e di rete, wireframe e altro ancora.\" \/>\n<meta name=\"robots\" content=\"index, follow, max-snippet:-1, max-image-preview:large, max-video-preview:-1\" \/>\n<link rel=\"canonical\" href=\"https:\/\/www.accuratereviews.com\/it\/programmi-mappe-mentali\/cacoo-recensione\/\" \/>\n<meta property=\"og:locale\" content=\"it_IT\" \/>\n<meta property=\"og:type\" content=\"article\" \/>\n<meta property=\"og:title\" content=\"Cacoo: recensione programma mappe mentali - Accurate Reviews\" \/>\n<meta property=\"og:description\" content=\"Cacoo: recensione del software intuitivo che consente di creare mappe mentali, diagrammi di flusso e di rete, wireframe e altro ancora.\" \/>\n<meta property=\"og:url\" content=\"https:\/\/www.accuratereviews.com\/it\/programmi-mappe-mentali\/cacoo-recensione\/\" \/>\n<meta property=\"og:site_name\" content=\"Accurate Reviews\" \/>\n<meta property=\"og:image\" content=\"https:\/\/www.accuratereviews.com\/wp-content\/uploads\/2022\/12\/NY3n_Lo4_400x400.jpg\" \/>\n\t<meta property=\"og:image:width\" content=\"400\" \/>\n\t<meta property=\"og:image:height\" content=\"400\" \/>\n\t<meta property=\"og:image:type\" content=\"image\/jpeg\" \/>\n<meta name=\"twitter:card\" content=\"summary_large_image\" \/>\n<meta name=\"twitter:label1\" content=\"Tempo di lettura stimato\" \/>\n\t<meta name=\"twitter:data1\" content=\"3 minuti\" \/>\n<script type=\"application\/ld+json\" class=\"yoast-schema-graph\">{\"@context\":\"https:\\\/\\\/schema.org\",\"@graph\":[{\"@type\":\"WebPage\",\"@id\":\"https:\\\/\\\/www.accuratereviews.com\\\/it\\\/programmi-mappe-mentali\\\/cacoo-recensione\\\/\",\"url\":\"https:\\\/\\\/www.accuratereviews.com\\\/it\\\/programmi-mappe-mentali\\\/cacoo-recensione\\\/\",\"name\":\"Cacoo: recensione programma mappe mentali - Accurate Reviews\",\"isPartOf\":{\"@id\":\"https:\\\/\\\/www.accuratereviews.com\\\/it\\\/#website\"},\"primaryImageOfPage\":{\"@id\":\"https:\\\/\\\/www.accuratereviews.com\\\/it\\\/programmi-mappe-mentali\\\/cacoo-recensione\\\/#primaryimage\"},\"image\":{\"@id\":\"https:\\\/\\\/www.accuratereviews.com\\\/it\\\/programmi-mappe-mentali\\\/cacoo-recensione\\\/#primaryimage\"},\"thumbnailUrl\":\"https:\\\/\\\/www.accuratereviews.com\\\/wp-content\\\/uploads\\\/2022\\\/12\\\/NY3n_Lo4_400x400.jpg\",\"datePublished\":\"2022-12-21T15:20:13+00:00\",\"description\":\"Cacoo: recensione del software intuitivo che consente di creare mappe mentali, diagrammi di flusso e di rete, wireframe e altro ancora.\",\"breadcrumb\":{\"@id\":\"https:\\\/\\\/www.accuratereviews.com\\\/it\\\/programmi-mappe-mentali\\\/cacoo-recensione\\\/#breadcrumb\"},\"inLanguage\":\"it-IT\",\"potentialAction\":[{\"@type\":\"ReadAction\",\"target\":[\"https:\\\/\\\/www.accuratereviews.com\\\/it\\\/programmi-mappe-mentali\\\/cacoo-recensione\\\/\"]}]},{\"@type\":\"ImageObject\",\"inLanguage\":\"it-IT\",\"@id\":\"https:\\\/\\\/www.accuratereviews.com\\\/it\\\/programmi-mappe-mentali\\\/cacoo-recensione\\\/#primaryimage\",\"url\":\"https:\\\/\\\/www.accuratereviews.com\\\/wp-content\\\/uploads\\\/2022\\\/12\\\/NY3n_Lo4_400x400.jpg\",\"contentUrl\":\"https:\\\/\\\/www.accuratereviews.com\\\/wp-content\\\/uploads\\\/2022\\\/12\\\/NY3n_Lo4_400x400.jpg\",\"width\":400,\"height\":400},{\"@type\":\"BreadcrumbList\",\"@id\":\"https:\\\/\\\/www.accuratereviews.com\\\/it\\\/programmi-mappe-mentali\\\/cacoo-recensione\\\/#breadcrumb\",\"itemListElement\":[{\"@type\":\"ListItem\",\"position\":1,\"name\":\"Home\",\"item\":\"https:\\\/\\\/www.accuratereviews.com\\\/it\\\/\"},{\"@type\":\"ListItem\",\"position\":2,\"name\":\"Programmi per mappe mentali\",\"item\":\"https:\\\/\\\/www.accuratereviews.com\\\/it\\\/programmi-mappe-mentali\\\/\"},{\"@type\":\"ListItem\",\"position\":3,\"name\":\"Cacoo\"}]},{\"@type\":\"WebSite\",\"@id\":\"https:\\\/\\\/www.accuratereviews.com\\\/it\\\/#website\",\"url\":\"https:\\\/\\\/www.accuratereviews.com\\\/it\\\/\",\"name\":\"Accurate Reviews\",\"description\":\"\",\"potentialAction\":[{\"@type\":\"SearchAction\",\"target\":{\"@type\":\"EntryPoint\",\"urlTemplate\":\"https:\\\/\\\/www.accuratereviews.com\\\/it\\\/?s={search_term_string}\"},\"query-input\":{\"@type\":\"PropertyValueSpecification\",\"valueRequired\":true,\"valueName\":\"search_term_string\"}}],\"inLanguage\":\"it-IT\"}]}<\/script>\n<!-- \/ Yoast SEO plugin. -->","yoast_head_json":{"title":"Cacoo: recensione programma mappe mentali - Accurate Reviews","description":"Cacoo: recensione del software intuitivo che consente di creare mappe mentali, diagrammi di flusso e di rete, wireframe e altro ancora.","robots":{"index":"index","follow":"follow","max-snippet":"max-snippet:-1","max-image-preview":"max-image-preview:large","max-video-preview":"max-video-preview:-1"},"canonical":"https:\/\/www.accuratereviews.com\/it\/programmi-mappe-mentali\/cacoo-recensione\/","og_locale":"it_IT","og_type":"article","og_title":"Cacoo: recensione programma mappe mentali - Accurate Reviews","og_description":"Cacoo: recensione del software intuitivo che consente di creare mappe mentali, diagrammi di flusso e di rete, wireframe e altro ancora.","og_url":"https:\/\/www.accuratereviews.com\/it\/programmi-mappe-mentali\/cacoo-recensione\/","og_site_name":"Accurate Reviews","og_image":[{"width":400,"height":400,"url":"https:\/\/www.accuratereviews.com\/wp-content\/uploads\/2022\/12\/NY3n_Lo4_400x400.jpg","type":"image\/jpeg"}],"twitter_card":"summary_large_image","twitter_misc":{"Tempo di lettura stimato":"3 minuti"},"schema":{"@context":"https:\/\/schema.org","@graph":[{"@type":"WebPage","@id":"https:\/\/www.accuratereviews.com\/it\/programmi-mappe-mentali\/cacoo-recensione\/","url":"https:\/\/www.accuratereviews.com\/it\/programmi-mappe-mentali\/cacoo-recensione\/","name":"Cacoo: recensione programma mappe mentali - Accurate Reviews","isPartOf":{"@id":"https:\/\/www.accuratereviews.com\/it\/#website"},"primaryImageOfPage":{"@id":"https:\/\/www.accuratereviews.com\/it\/programmi-mappe-mentali\/cacoo-recensione\/#primaryimage"},"image":{"@id":"https:\/\/www.accuratereviews.com\/it\/programmi-mappe-mentali\/cacoo-recensione\/#primaryimage"},"thumbnailUrl":"https:\/\/www.accuratereviews.com\/wp-content\/uploads\/2022\/12\/NY3n_Lo4_400x400.jpg","datePublished":"2022-12-21T15:20:13+00:00","description":"Cacoo: recensione del software intuitivo che consente di creare mappe mentali, diagrammi di flusso e di rete, wireframe e altro ancora.","breadcrumb":{"@id":"https:\/\/www.accuratereviews.com\/it\/programmi-mappe-mentali\/cacoo-recensione\/#breadcrumb"},"inLanguage":"it-IT","potentialAction":[{"@type":"ReadAction","target":["https:\/\/www.accuratereviews.com\/it\/programmi-mappe-mentali\/cacoo-recensione\/"]}]},{"@type":"ImageObject","inLanguage":"it-IT","@id":"https:\/\/www.accuratereviews.com\/it\/programmi-mappe-mentali\/cacoo-recensione\/#primaryimage","url":"https:\/\/www.accuratereviews.com\/wp-content\/uploads\/2022\/12\/NY3n_Lo4_400x400.jpg","contentUrl":"https:\/\/www.accuratereviews.com\/wp-content\/uploads\/2022\/12\/NY3n_Lo4_400x400.jpg","width":400,"height":400},{"@type":"BreadcrumbList","@id":"https:\/\/www.accuratereviews.com\/it\/programmi-mappe-mentali\/cacoo-recensione\/#breadcrumb","itemListElement":[{"@type":"ListItem","position":1,"name":"Home","item":"https:\/\/www.accuratereviews.com\/it\/"},{"@type":"ListItem","position":2,"name":"Programmi per mappe mentali","item":"https:\/\/www.accuratereviews.com\/it\/programmi-mappe-mentali\/"},{"@type":"ListItem","position":3,"name":"Cacoo"}]},{"@type":"WebSite","@id":"https:\/\/www.accuratereviews.com\/it\/#website","url":"https:\/\/www.accuratereviews.com\/it\/","name":"Accurate Reviews","description":"","potentialAction":[{"@type":"SearchAction","target":{"@type":"EntryPoint","urlTemplate":"https:\/\/www.accuratereviews.com\/it\/?s={search_term_string}"},"query-input":{"@type":"PropertyValueSpecification","valueRequired":true,"valueName":"search_term_string"}}],"inLanguage":"it-IT"}]}},"_links":{"self":[{"href":"https:\/\/www.accuratereviews.com\/it\/wp-json\/wp\/v2\/pages\/65220","targetHints":{"allow":["GET"]}}],"collection":[{"href":"https:\/\/www.accuratereviews.com\/it\/wp-json\/wp\/v2\/pages"}],"about":[{"href":"https:\/\/www.accuratereviews.com\/it\/wp-json\/wp\/v2\/types\/page"}],"author":[{"embeddable":true,"href":"https:\/\/www.accuratereviews.com\/it\/wp-json\/wp\/v2\/users\/17"}],"replies":[{"embeddable":true,"href":"https:\/\/www.accuratereviews.com\/it\/wp-json\/wp\/v2\/comments?post=65220"}],"version-history":[{"count":3,"href":"https:\/\/www.accuratereviews.com\/it\/wp-json\/wp\/v2\/pages\/65220\/revisions"}],"predecessor-version":[{"id":65231,"href":"https:\/\/www.accuratereviews.com\/it\/wp-json\/wp\/v2\/pages\/65220\/revisions\/65231"}],"up":[{"embeddable":true,"href":"https:\/\/www.accuratereviews.com\/it\/wp-json\/wp\/v2\/pages\/65102"}],"wp:featuredmedia":[{"embeddable":true,"href":"https:\/\/www.accuratereviews.com\/it\/wp-json\/wp\/v2\/media\/65221"}],"wp:attachment":[{"href":"https:\/\/www.accuratereviews.com\/it\/wp-json\/wp\/v2\/media?parent=65220"}],"wp:term":[{"taxonomy":"category","embeddable":true,"href":"https:\/\/www.accuratereviews.com\/it\/wp-json\/wp\/v2\/categories?post=65220"},{"taxonomy":"post_tag","embeddable":true,"href":"https:\/\/www.accuratereviews.com\/it\/wp-json\/wp\/v2\/tags?post=65220"},{"taxonomy":"features","embeddable":true,"href":"https:\/\/www.accuratereviews.com\/it\/wp-json\/wp\/v2\/features?post=65220"}],"curies":[{"name":"wp","href":"https:\/\/api.w.org\/{rel}","templated":true}]}}