{"id":6523,"date":"2016-04-26T12:31:33","date_gmt":"2016-04-26T12:31:33","guid":{"rendered":"http:\/\/www.accuratereviews.com\/it\/pdf-migliori-software-lista\/foxit-reader\/"},"modified":"2016-11-21T13:54:33","modified_gmt":"2016-11-21T13:54:33","slug":"foxit-reader","status":"publish","type":"page","link":"https:\/\/www.accuratereviews.com\/it\/pdf-migliori-software-lista\/foxit-reader\/","title":{"rendered":"Foxit Reader"},"content":{"rendered":"<p><a href=\"http:\/\/www.accuratereviews.com\/wp-content\/uploads\/2016\/04\/Foxit-reader.png\" rel=\"attachment wp-att-4210\"><img loading=\"lazy\" decoding=\"async\" class=\"aligncenter size-full wp-image-4210\" src=\"http:\/\/www.accuratereviews.com\/wp-content\/uploads\/2016\/04\/Foxit-reader.png\" alt=\"Foxit reader\" width=\"1024\" height=\"768\" srcset=\"https:\/\/www.accuratereviews.com\/wp-content\/uploads\/2016\/04\/Foxit-reader.png 1024w, https:\/\/www.accuratereviews.com\/wp-content\/uploads\/2016\/04\/Foxit-reader-300x225.png 300w, https:\/\/www.accuratereviews.com\/wp-content\/uploads\/2016\/04\/Foxit-reader-768x576.png 768w, https:\/\/www.accuratereviews.com\/wp-content\/uploads\/2016\/04\/Foxit-reader-167x125.png 167w, https:\/\/www.accuratereviews.com\/wp-content\/uploads\/2016\/04\/Foxit-reader-50x38.png 50w, https:\/\/www.accuratereviews.com\/wp-content\/uploads\/2016\/04\/Foxit-reader-968x726.png 968w, https:\/\/www.accuratereviews.com\/wp-content\/uploads\/2016\/04\/Foxit-reader-636x477.png 636w, https:\/\/www.accuratereviews.com\/wp-content\/uploads\/2016\/04\/Foxit-reader-320x240.png 320w, https:\/\/www.accuratereviews.com\/wp-content\/uploads\/2016\/04\/Foxit-reader-239x179.png 239w\" sizes=\"auto, (max-width: 1024px) 100vw, 1024px\" \/><\/a><\/p>\n<p>Se avete bisogno di un lettore PDF leggero, <strong>provate Foxit Reader<\/strong>. Pi\u00f9 veloce di suoi grandi competitor come Adobe Acrobat Reader, \u00e8 <strong>molto parco con le risorse del vostro computer<\/strong> ed \u00e8 molto intuitivo da utilizzare.<\/p>\n<p>\u00c8 una perfetta aggiunta ai software per la scansione dei documenti, e include una grande variet\u00e0 di strumenti per l\u2019editing e il salvataggio dei vostri file. <strong>\u00c8 gratuito<\/strong>, ma possiede delle funzionalit\u00e0 a pagamento per le quali potete pagare.<\/p>\n<p>Per una recensione completa <a href=\"https:\/\/www.accuratereviews.com\/pdf-reader-software-software-reviews-list\/foxit-reader\/\" title=\"vi rimandiamo alla versione inglese\">vi rimandiamo alla versione inglese<\/a>.<\/p>\n","protected":false},"excerpt":{"rendered":"<p>Se avete bisogno di un lettore PDF leggero, provate Foxit Reader. Pi\u00f9 veloce di suoi grandi competitor come Adobe Acrobat Reader, \u00e8 molto parco con le risorse del vostro computer ed \u00e8 molto intuitivo da utilizzare.<\/p>\n","protected":false},"author":16,"featured_media":0,"parent":5876,"menu_order":2,"comment_status":"open","ping_status":"closed","template":"g1_template_page_review_new.php","meta":{"_acf_changed":false,"cwp_meta_box_check":"Yes","cwp_rev_product_name":"","cwp_rev_product_image":"","wppr_links":[],"cwp_rev_price":"","wppr_options":[],"wppr_pros":[],"wppr_cons":[],"_monsterinsights_skip_tracking":false,"_monsterinsights_sitenote_active":false,"_monsterinsights_sitenote_note":"","_monsterinsights_sitenote_category":0,"footnotes":""},"categories":[118],"tags":[],"features":[],"class_list":{"0":"post-6523","1":"page","2":"type-page","3":"status-publish","5":"category-pdf-reader-software-it"},"wppr_data":{"cwp_meta_box_check":"Yes","cwp_rev_product_name":"","cwp_rev_product_image":"","cwp_image_link":"image","cwp_rev_price":"","wppr_rating":"0.00"},"acf":[],"yoast_head":"<!-- This site is optimized with the Yoast SEO plugin v27.4 - https:\/\/yoast.com\/product\/yoast-seo-wordpress\/ -->\n<title>Foxit Reader recensione miglior software per PDF | Accurate Reviews<\/title>\n<meta name=\"description\" content=\"Foxit Reader, pi\u00f9 veloce di suoi grandi competitor come Adobe Acrobat Reader, molto parco con le risorse del vostro computer, molto intuitivo da utilizzare.\" \/>\n<meta name=\"robots\" content=\"index, follow, max-snippet:-1, max-image-preview:large, max-video-preview:-1\" \/>\n<link rel=\"canonical\" href=\"https:\/\/www.accuratereviews.com\/it\/pdf-migliori-software-lista\/foxit-reader\/\" \/>\n<meta property=\"og:locale\" content=\"it_IT\" \/>\n<meta property=\"og:type\" content=\"article\" \/>\n<meta property=\"og:title\" content=\"Foxit Reader recensione miglior software per PDF | Accurate Reviews\" \/>\n<meta property=\"og:description\" content=\"Foxit Reader, pi\u00f9 veloce di suoi grandi competitor come Adobe Acrobat Reader, molto parco con le risorse del vostro computer, molto intuitivo da utilizzare.\" \/>\n<meta property=\"og:url\" content=\"https:\/\/www.accuratereviews.com\/it\/pdf-migliori-software-lista\/foxit-reader\/\" \/>\n<meta property=\"og:site_name\" content=\"Accurate Reviews\" \/>\n<meta property=\"article:modified_time\" content=\"2016-11-21T13:54:33+00:00\" \/>\n<meta property=\"og:image\" content=\"http:\/\/www.accuratereviews.com\/wp-content\/uploads\/2016\/04\/Foxit-reader.png\" \/>\n<meta name=\"twitter:card\" content=\"summary_large_image\" \/>\n<script type=\"application\/ld+json\" class=\"yoast-schema-graph\">{\"@context\":\"https:\\\/\\\/schema.org\",\"@graph\":[{\"@type\":\"WebPage\",\"@id\":\"https:\\\/\\\/www.accuratereviews.com\\\/it\\\/pdf-migliori-software-lista\\\/foxit-reader\\\/\",\"url\":\"https:\\\/\\\/www.accuratereviews.com\\\/it\\\/pdf-migliori-software-lista\\\/foxit-reader\\\/\",\"name\":\"Foxit Reader recensione miglior software per PDF | Accurate Reviews\",\"isPartOf\":{\"@id\":\"https:\\\/\\\/www.accuratereviews.com\\\/it\\\/#website\"},\"primaryImageOfPage\":{\"@id\":\"https:\\\/\\\/www.accuratereviews.com\\\/it\\\/pdf-migliori-software-lista\\\/foxit-reader\\\/#primaryimage\"},\"image\":{\"@id\":\"https:\\\/\\\/www.accuratereviews.com\\\/it\\\/pdf-migliori-software-lista\\\/foxit-reader\\\/#primaryimage\"},\"thumbnailUrl\":\"http:\\\/\\\/www.accuratereviews.com\\\/wp-content\\\/uploads\\\/2016\\\/04\\\/Foxit-reader.png\",\"datePublished\":\"2016-04-26T12:31:33+00:00\",\"dateModified\":\"2016-11-21T13:54:33+00:00\",\"description\":\"Foxit Reader, pi\u00f9 veloce di suoi grandi competitor come Adobe Acrobat Reader, molto parco con le risorse del vostro computer, molto intuitivo da utilizzare.\",\"breadcrumb\":{\"@id\":\"https:\\\/\\\/www.accuratereviews.com\\\/it\\\/pdf-migliori-software-lista\\\/foxit-reader\\\/#breadcrumb\"},\"inLanguage\":\"it-IT\",\"potentialAction\":[{\"@type\":\"ReadAction\",\"target\":[\"https:\\\/\\\/www.accuratereviews.com\\\/it\\\/pdf-migliori-software-lista\\\/foxit-reader\\\/\"]}]},{\"@type\":\"ImageObject\",\"inLanguage\":\"it-IT\",\"@id\":\"https:\\\/\\\/www.accuratereviews.com\\\/it\\\/pdf-migliori-software-lista\\\/foxit-reader\\\/#primaryimage\",\"url\":\"http:\\\/\\\/www.accuratereviews.com\\\/wp-content\\\/uploads\\\/2016\\\/04\\\/Foxit-reader.png\",\"contentUrl\":\"http:\\\/\\\/www.accuratereviews.com\\\/wp-content\\\/uploads\\\/2016\\\/04\\\/Foxit-reader.png\"},{\"@type\":\"BreadcrumbList\",\"@id\":\"https:\\\/\\\/www.accuratereviews.com\\\/it\\\/pdf-migliori-software-lista\\\/foxit-reader\\\/#breadcrumb\",\"itemListElement\":[{\"@type\":\"ListItem\",\"position\":1,\"name\":\"Home\",\"item\":\"https:\\\/\\\/www.accuratereviews.com\\\/it\\\/\"},{\"@type\":\"ListItem\",\"position\":2,\"name\":\"PDF: I migliori software\",\"item\":\"https:\\\/\\\/www.accuratereviews.com\\\/it\\\/pdf-migliori-software-lista\\\/\"},{\"@type\":\"ListItem\",\"position\":3,\"name\":\"Foxit Reader\"}]},{\"@type\":\"WebSite\",\"@id\":\"https:\\\/\\\/www.accuratereviews.com\\\/it\\\/#website\",\"url\":\"https:\\\/\\\/www.accuratereviews.com\\\/it\\\/\",\"name\":\"Accurate Reviews\",\"description\":\"\",\"potentialAction\":[{\"@type\":\"SearchAction\",\"target\":{\"@type\":\"EntryPoint\",\"urlTemplate\":\"https:\\\/\\\/www.accuratereviews.com\\\/it\\\/?s={search_term_string}\"},\"query-input\":{\"@type\":\"PropertyValueSpecification\",\"valueRequired\":true,\"valueName\":\"search_term_string\"}}],\"inLanguage\":\"it-IT\"}]}<\/script>\n<!-- \/ Yoast SEO plugin. -->","yoast_head_json":{"title":"Foxit Reader recensione miglior software per PDF | Accurate Reviews","description":"Foxit Reader, pi\u00f9 veloce di suoi grandi competitor come Adobe Acrobat Reader, molto parco con le risorse del vostro computer, molto intuitivo da utilizzare.","robots":{"index":"index","follow":"follow","max-snippet":"max-snippet:-1","max-image-preview":"max-image-preview:large","max-video-preview":"max-video-preview:-1"},"canonical":"https:\/\/www.accuratereviews.com\/it\/pdf-migliori-software-lista\/foxit-reader\/","og_locale":"it_IT","og_type":"article","og_title":"Foxit Reader recensione miglior software per PDF | Accurate Reviews","og_description":"Foxit Reader, pi\u00f9 veloce di suoi grandi competitor come Adobe Acrobat Reader, molto parco con le risorse del vostro computer, molto intuitivo da utilizzare.","og_url":"https:\/\/www.accuratereviews.com\/it\/pdf-migliori-software-lista\/foxit-reader\/","og_site_name":"Accurate Reviews","article_modified_time":"2016-11-21T13:54:33+00:00","og_image":[{"url":"http:\/\/www.accuratereviews.com\/wp-content\/uploads\/2016\/04\/Foxit-reader.png","type":"","width":"","height":""}],"twitter_card":"summary_large_image","schema":{"@context":"https:\/\/schema.org","@graph":[{"@type":"WebPage","@id":"https:\/\/www.accuratereviews.com\/it\/pdf-migliori-software-lista\/foxit-reader\/","url":"https:\/\/www.accuratereviews.com\/it\/pdf-migliori-software-lista\/foxit-reader\/","name":"Foxit Reader recensione miglior software per PDF | Accurate Reviews","isPartOf":{"@id":"https:\/\/www.accuratereviews.com\/it\/#website"},"primaryImageOfPage":{"@id":"https:\/\/www.accuratereviews.com\/it\/pdf-migliori-software-lista\/foxit-reader\/#primaryimage"},"image":{"@id":"https:\/\/www.accuratereviews.com\/it\/pdf-migliori-software-lista\/foxit-reader\/#primaryimage"},"thumbnailUrl":"http:\/\/www.accuratereviews.com\/wp-content\/uploads\/2016\/04\/Foxit-reader.png","datePublished":"2016-04-26T12:31:33+00:00","dateModified":"2016-11-21T13:54:33+00:00","description":"Foxit Reader, pi\u00f9 veloce di suoi grandi competitor come Adobe Acrobat Reader, molto parco con le risorse del vostro computer, molto intuitivo da utilizzare.","breadcrumb":{"@id":"https:\/\/www.accuratereviews.com\/it\/pdf-migliori-software-lista\/foxit-reader\/#breadcrumb"},"inLanguage":"it-IT","potentialAction":[{"@type":"ReadAction","target":["https:\/\/www.accuratereviews.com\/it\/pdf-migliori-software-lista\/foxit-reader\/"]}]},{"@type":"ImageObject","inLanguage":"it-IT","@id":"https:\/\/www.accuratereviews.com\/it\/pdf-migliori-software-lista\/foxit-reader\/#primaryimage","url":"http:\/\/www.accuratereviews.com\/wp-content\/uploads\/2016\/04\/Foxit-reader.png","contentUrl":"http:\/\/www.accuratereviews.com\/wp-content\/uploads\/2016\/04\/Foxit-reader.png"},{"@type":"BreadcrumbList","@id":"https:\/\/www.accuratereviews.com\/it\/pdf-migliori-software-lista\/foxit-reader\/#breadcrumb","itemListElement":[{"@type":"ListItem","position":1,"name":"Home","item":"https:\/\/www.accuratereviews.com\/it\/"},{"@type":"ListItem","position":2,"name":"PDF: I migliori software","item":"https:\/\/www.accuratereviews.com\/it\/pdf-migliori-software-lista\/"},{"@type":"ListItem","position":3,"name":"Foxit Reader"}]},{"@type":"WebSite","@id":"https:\/\/www.accuratereviews.com\/it\/#website","url":"https:\/\/www.accuratereviews.com\/it\/","name":"Accurate Reviews","description":"","potentialAction":[{"@type":"SearchAction","target":{"@type":"EntryPoint","urlTemplate":"https:\/\/www.accuratereviews.com\/it\/?s={search_term_string}"},"query-input":{"@type":"PropertyValueSpecification","valueRequired":true,"valueName":"search_term_string"}}],"inLanguage":"it-IT"}]}},"_links":{"self":[{"href":"https:\/\/www.accuratereviews.com\/it\/wp-json\/wp\/v2\/pages\/6523","targetHints":{"allow":["GET"]}}],"collection":[{"href":"https:\/\/www.accuratereviews.com\/it\/wp-json\/wp\/v2\/pages"}],"about":[{"href":"https:\/\/www.accuratereviews.com\/it\/wp-json\/wp\/v2\/types\/page"}],"author":[{"embeddable":true,"href":"https:\/\/www.accuratereviews.com\/it\/wp-json\/wp\/v2\/users\/16"}],"replies":[{"embeddable":true,"href":"https:\/\/www.accuratereviews.com\/it\/wp-json\/wp\/v2\/comments?post=6523"}],"version-history":[{"count":3,"href":"https:\/\/www.accuratereviews.com\/it\/wp-json\/wp\/v2\/pages\/6523\/revisions"}],"predecessor-version":[{"id":6526,"href":"https:\/\/www.accuratereviews.com\/it\/wp-json\/wp\/v2\/pages\/6523\/revisions\/6526"}],"up":[{"embeddable":true,"href":"https:\/\/www.accuratereviews.com\/it\/wp-json\/wp\/v2\/pages\/5876"}],"wp:attachment":[{"href":"https:\/\/www.accuratereviews.com\/it\/wp-json\/wp\/v2\/media?parent=6523"}],"wp:term":[{"taxonomy":"category","embeddable":true,"href":"https:\/\/www.accuratereviews.com\/it\/wp-json\/wp\/v2\/categories?post=6523"},{"taxonomy":"post_tag","embeddable":true,"href":"https:\/\/www.accuratereviews.com\/it\/wp-json\/wp\/v2\/tags?post=6523"},{"taxonomy":"features","embeddable":true,"href":"https:\/\/www.accuratereviews.com\/it\/wp-json\/wp\/v2\/features?post=6523"}],"curies":[{"name":"wp","href":"https:\/\/api.w.org\/{rel}","templated":true}]}}