{"id":65266,"date":"2022-12-22T14:00:41","date_gmt":"2022-12-22T14:00:41","guid":{"rendered":"https:\/\/www.accuratereviews.com\/?page_id=65266"},"modified":"2022-12-26T23:02:32","modified_gmt":"2022-12-26T23:02:32","slug":"liquidtext-recensione","status":"publish","type":"page","link":"https:\/\/www.accuratereviews.com\/it\/programmi-mappe-mentali\/liquidtext-recensione\/","title":{"rendered":"LiquidText"},"content":{"rendered":"<p><strong>LiquidText<\/strong> \u00e8 una<strong> soluzione per prendere appunti<\/strong> che aiuta le aziende a raccogliere idee, creare relazioni di note, gestire processi di ricerca e altro ancora. Il tutto all&#8217;interno di una piattaforma unificata. Consente ai membri dello staff di condividere note con altri colleghi del team ed esportarle in pi\u00f9 formati di file, inclusi PDF e DOCx.<br \/>\nIl programma\u00a0permette ai dipendenti di aggiungere annotazioni, evidenziare parti specifiche, collegare segmenti a materiali di origine, mappare progetti e collaborare su idee. Crea una mappa delle relazioni in tempo reale su tutti i documenti e le note di origine, offrendo nuove opportunit\u00e0 per vedere le relazioni e le connessioni non catturate dai tradizionali strumenti di lettura e presa di appunti.<\/p>\n<h2>LIQUIDTEXT &#8211; TUTORIAL<\/h2>\n<div id=\"fluid-wrapper-counter-1\" class=\"g1-fluid-wrapper \" style=\"width:686px;\">\n<div style=\"padding-bottom:56.268221574344%;\"><iframe loading=\"lazy\" title=\"LiquidText Multiple Workspaces Short Demo\" width=\"515\" height=\"386\" src=\"https:\/\/www.youtube.com\/embed\/ZGp04jZw2Nc?feature=oembed&amp;wmode=transparent&amp;autohide=1&amp;autoplay=0&amp;disablekb=0&amp;fs=1&amp;loop=0&amp;enablejsapi=1&amp;rel=0&amp;controls=2&amp;showinfo=0&amp;wmode=transparent&amp;autohide=2&amp;autoplay=0&amp;disablekb=0&amp;fs=1&amp;loop=0&amp;enablejsapi=1&amp;rel=0&amp;controls=2&amp;showinfo=1\" frameborder=\"0\" allow=\"accelerometer; autoplay; clipboard-write; encrypted-media; gyroscope; picture-in-picture\" allowfullscreen><\/iframe><\/div>\n<\/div>\n<h3>LIQUIDTEXT &#8211; CARATTERISTICHE<\/h3>\n<ul>\n<li><strong>Raccogli e organizza<\/strong>: ogni nota, idea e osservazione pu\u00f2 essere collegata ad altre e un singolo tocco pu\u00f2 mostrare quelle relazioni e il contesto originale.<\/li>\n<li><strong>Connettiti tra pagine e documenti<\/strong>: crea collegamenti tra informazioni importanti tra pagine e documenti.<\/li>\n<li><strong>Cerca senza perdere il contesto<\/strong>: le visualizzazioni uniche ti consentono di riunire i tuoi punti salienti e i risultati della ricerca per vedere il quadro completo e non perdere il contesto.<\/li>\n<li><strong>Esporta e collabora<\/strong>: dopo aver organizzato le tue note ed estratti la soluzione pu\u00f2 esportarli in formati standard (PDF e DOCx) in modo da poter condividere e comunicare le tue scoperte ad altri.<\/li>\n<li><strong>Lavora come fai tu<\/strong>: il programma\u00a0funziona su qualsiasi dispositivo iPadOS, Windows 10 e MacOS. Tablet, ibridi, laptop e desktop. Supporta completamente touch, programmi di disegno, mouse, trackpad e persino su pi\u00f9 monitor.<\/li>\n<li><strong>Salta la curva di apprendimento<\/strong>: la piattaforma\u00a0ha la semplicit\u00e0 per farti iniziare velocemente e il potere di supportare i tuoi requisiti di livello esperto e professionale.<\/li>\n<\/ul>\n<h4>LE RECENSIONI DEGLI UTENTI<\/h4>\n<p><strong>Francisco &#8220;Uno strumento fondamentale per il lavoro di ricerca&#8221;<\/strong><br \/>\n<strong>Commenti<\/strong>: Fantastico ed \u00e8 un&#8217;invenzione molto bella<br \/>\n<strong>Pro<\/strong>: Il modo in cui puoi selezionare ed estrarre opinioni e idee, collegarle per dare coerenza alla tua argomentazione e il modo pi\u00f9 semplice per vederle tutte quasi contemporaneamente toccando il testo. Molto utile \u00e8 anche avere la possibilit\u00e0 di selezionare del testo anche nei file pdf che sono &#8220;protetti&#8221;<br \/>\n<strong>Contro<\/strong>: Non ho trovato alcun back draw nel software. Forse a volte \u00e8 difficile sincronizzare il mio spazio ma potrebbe essere un problema interno.<\/p>\n<p><strong>Alejandro &#8220;Prodotto straordinario&#8221;<\/strong><br \/>\n<strong>Commenti<\/strong>: 9\/10<br \/>\n<strong>Pro<\/strong>: perfetto per rivedere il documento pdf, \u00e8 come un ETL per Pdf. se hai bisogno di rivedere documenti pi\u00f9 bianchi, documenti scientifici. Funziona multipiattaforma in modo sorprendente.<br \/>\n<strong>Contro<\/strong>: deve migliorare alcuni problemi per la versione ipad.<\/p>\n<p><strong>Damaris &#8220;Facile e perfetto!&#8221;<\/strong><br \/>\n<strong>Commenti<\/strong>: Mi piace poter usare diversi colori con la penna, posso scrivere usando la tastiera, fare aggiunte ai miei documenti usando il mio iPad e vedere le mie modifiche sul computer.<br \/>\n<strong>Pro<\/strong>: Trovo fantastico modificare un documento sul mio iPad e vedere le mie modifiche sul computer, cos\u00ec posso continuare a lavorare sul computer e poi tornare di nuovo sull&#8217;iPad; \u00e8 perfetto! Mi piace poter usare colori diversi con la penna e scrivere usando la tastiera!<br \/>\n<strong>Contro<\/strong>: Penso che sia perfetto cos\u00ec com&#8217;\u00e8; tuttavia, vorrei aprire due pdf contemporaneamente e poterli modificare e scrivere contemporaneamente.<\/p>\n","protected":false},"excerpt":{"rendered":"<p>LiquidText \u00e8 una soluzione per prendere appunti che aiuta le aziende a raccogliere idee, creare relazioni di note, gestire processi di ricerca e altro ancora. Il tutto all&#8217;interno di una piattaforma unificata. Consente ai membri dello staff di condividere note con altri colleghi del team ed esportarle in pi\u00f9 formati di file, inclusi PDF e DOCx.<\/p>\n","protected":false},"author":19,"featured_media":65267,"parent":65102,"menu_order":0,"comment_status":"open","ping_status":"closed","template":"g1_template_page_review_new.php","meta":{"_acf_changed":false,"cwp_meta_box_check":"Yes","cwp_rev_product_name":"","cwp_rev_product_image":"","wppr_links":[],"cwp_rev_price":"0.00","wppr_options":[{"name":"Usability","value":"0"},{"name":"Speed","value":"0"},{"name":"Features","value":"0"},{"name":"Support","value":"0"},{"name":"Pricing","value":"0"}],"wppr_pros":["","","","",""],"wppr_cons":["","","","",""],"_monsterinsights_skip_tracking":false,"_monsterinsights_sitenote_active":false,"_monsterinsights_sitenote_note":"","_monsterinsights_sitenote_category":0,"footnotes":""},"categories":[13899],"tags":[13935,13901,13905,13902,13904,13903],"features":[],"class_list":{"0":"post-65266","1":"page","2":"type-page","3":"status-publish","4":"has-post-thumbnail","6":"category-programmi-mappe-mentali-cat","7":"tag-liquidtext","8":"tag-mappe-mentali","9":"tag-piattaforma-per-mappe-mentali","10":"tag-programma-per-mappe-mentali","11":"tag-software-per-mappe-mentali","12":"tag-soluzione-per-mappe-mentali"},"wppr_data":{"cwp_meta_box_check":"Yes","_wppr_review_template":"default","cwp_rev_product_image":"","cwp_image_link":"image","wppr_links":[],"cwp_rev_price":"0.00","wppr_pros":["","","","",""],"wppr_cons":["","","","",""],"wppr_rating":"0.00","wppr_options":{"1":{"name":"Usability","value":"0"},"2":{"name":"Speed","value":"0"},"3":{"name":"Features","value":"0"},"4":{"name":"Support","value":"0"},"5":{"name":"Pricing","value":"0"}},"wppr_review_type":"Product","wppr_review_custom_fields":{"additionalProperty":"","additionalType":"","aggregateRating":"","alternateName":"","audience":"","award":"","awards":"","brand":"","color":"","depth":"","description":"","disambiguatingDescription":"","gtin12":"","gtin13":"","gtin14":"","gtin8":"","height":"","identifier":"","image":"","isAccessoryOrSparePartFor":"","isConsumableFor":"","isRelatedTo":"","isSimilarTo":"","itemCondition":"","logo":"","mainEntityOfPage":"","manufacturer":"","material":"","model":"","mpn":"","name":"","offers":"","potentialAction":"","productID":"","productionDate":"","purchaseDate":"","releaseDate":"","review":"","reviews":"","sameAs":"","sku":"","slogan":"","subjectOf":"","url":"","weight":"","width":""}},"acf":[],"yoast_head":"<!-- This site is optimized with the Yoast SEO plugin v27.4 - https:\/\/yoast.com\/product\/yoast-seo-wordpress\/ -->\n<title>LiquidText: recensione programma mappe mentali - AR<\/title>\n<meta name=\"description\" content=\"LiquidText: recensione soluzione per mappe mentali che aiuta le aziende a raccogliere idee, creare relazioni di note e molto altro.\" \/>\n<meta name=\"robots\" content=\"index, follow, max-snippet:-1, max-image-preview:large, max-video-preview:-1\" \/>\n<link rel=\"canonical\" href=\"https:\/\/www.accuratereviews.com\/it\/programmi-mappe-mentali\/liquidtext-recensione\/\" \/>\n<meta property=\"og:locale\" content=\"it_IT\" \/>\n<meta property=\"og:type\" content=\"article\" \/>\n<meta property=\"og:title\" content=\"LiquidText: recensione programma mappe mentali - AR\" \/>\n<meta property=\"og:description\" content=\"LiquidText: recensione soluzione per mappe mentali che aiuta le aziende a raccogliere idee, creare relazioni di note e molto altro.\" \/>\n<meta property=\"og:url\" content=\"https:\/\/www.accuratereviews.com\/it\/programmi-mappe-mentali\/liquidtext-recensione\/\" \/>\n<meta property=\"og:site_name\" content=\"Accurate Reviews\" \/>\n<meta property=\"article:modified_time\" content=\"2022-12-26T23:02:32+00:00\" \/>\n<meta property=\"og:image\" content=\"https:\/\/www.accuratereviews.com\/wp-content\/uploads\/2022\/12\/LiquidText.png\" \/>\n\t<meta property=\"og:image:width\" content=\"240\" \/>\n\t<meta property=\"og:image:height\" content=\"240\" \/>\n\t<meta property=\"og:image:type\" content=\"image\/png\" \/>\n<meta name=\"twitter:card\" content=\"summary_large_image\" \/>\n<meta name=\"twitter:label1\" content=\"Tempo di lettura stimato\" \/>\n\t<meta name=\"twitter:data1\" content=\"3 minuti\" \/>\n<script type=\"application\/ld+json\" class=\"yoast-schema-graph\">{\"@context\":\"https:\\\/\\\/schema.org\",\"@graph\":[{\"@type\":\"WebPage\",\"@id\":\"https:\\\/\\\/www.accuratereviews.com\\\/it\\\/programmi-mappe-mentali\\\/liquidtext-recensione\\\/\",\"url\":\"https:\\\/\\\/www.accuratereviews.com\\\/it\\\/programmi-mappe-mentali\\\/liquidtext-recensione\\\/\",\"name\":\"LiquidText: recensione programma mappe mentali - AR\",\"isPartOf\":{\"@id\":\"https:\\\/\\\/www.accuratereviews.com\\\/it\\\/#website\"},\"primaryImageOfPage\":{\"@id\":\"https:\\\/\\\/www.accuratereviews.com\\\/it\\\/programmi-mappe-mentali\\\/liquidtext-recensione\\\/#primaryimage\"},\"image\":{\"@id\":\"https:\\\/\\\/www.accuratereviews.com\\\/it\\\/programmi-mappe-mentali\\\/liquidtext-recensione\\\/#primaryimage\"},\"thumbnailUrl\":\"https:\\\/\\\/www.accuratereviews.com\\\/wp-content\\\/uploads\\\/2022\\\/12\\\/LiquidText.png\",\"datePublished\":\"2022-12-22T14:00:41+00:00\",\"dateModified\":\"2022-12-26T23:02:32+00:00\",\"description\":\"LiquidText: recensione soluzione per mappe mentali che aiuta le aziende a raccogliere idee, creare relazioni di note e molto altro.\",\"breadcrumb\":{\"@id\":\"https:\\\/\\\/www.accuratereviews.com\\\/it\\\/programmi-mappe-mentali\\\/liquidtext-recensione\\\/#breadcrumb\"},\"inLanguage\":\"it-IT\",\"potentialAction\":[{\"@type\":\"ReadAction\",\"target\":[\"https:\\\/\\\/www.accuratereviews.com\\\/it\\\/programmi-mappe-mentali\\\/liquidtext-recensione\\\/\"]}]},{\"@type\":\"ImageObject\",\"inLanguage\":\"it-IT\",\"@id\":\"https:\\\/\\\/www.accuratereviews.com\\\/it\\\/programmi-mappe-mentali\\\/liquidtext-recensione\\\/#primaryimage\",\"url\":\"https:\\\/\\\/www.accuratereviews.com\\\/wp-content\\\/uploads\\\/2022\\\/12\\\/LiquidText.png\",\"contentUrl\":\"https:\\\/\\\/www.accuratereviews.com\\\/wp-content\\\/uploads\\\/2022\\\/12\\\/LiquidText.png\",\"width\":240,\"height\":240},{\"@type\":\"BreadcrumbList\",\"@id\":\"https:\\\/\\\/www.accuratereviews.com\\\/it\\\/programmi-mappe-mentali\\\/liquidtext-recensione\\\/#breadcrumb\",\"itemListElement\":[{\"@type\":\"ListItem\",\"position\":1,\"name\":\"Home\",\"item\":\"https:\\\/\\\/www.accuratereviews.com\\\/it\\\/\"},{\"@type\":\"ListItem\",\"position\":2,\"name\":\"Programmi per mappe mentali\",\"item\":\"https:\\\/\\\/www.accuratereviews.com\\\/it\\\/programmi-mappe-mentali\\\/\"},{\"@type\":\"ListItem\",\"position\":3,\"name\":\"LiquidText\"}]},{\"@type\":\"WebSite\",\"@id\":\"https:\\\/\\\/www.accuratereviews.com\\\/it\\\/#website\",\"url\":\"https:\\\/\\\/www.accuratereviews.com\\\/it\\\/\",\"name\":\"Accurate Reviews\",\"description\":\"\",\"potentialAction\":[{\"@type\":\"SearchAction\",\"target\":{\"@type\":\"EntryPoint\",\"urlTemplate\":\"https:\\\/\\\/www.accuratereviews.com\\\/it\\\/?s={search_term_string}\"},\"query-input\":{\"@type\":\"PropertyValueSpecification\",\"valueRequired\":true,\"valueName\":\"search_term_string\"}}],\"inLanguage\":\"it-IT\"}]}<\/script>\n<!-- \/ Yoast SEO plugin. -->","yoast_head_json":{"title":"LiquidText: recensione programma mappe mentali - AR","description":"LiquidText: recensione soluzione per mappe mentali che aiuta le aziende a raccogliere idee, creare relazioni di note e molto altro.","robots":{"index":"index","follow":"follow","max-snippet":"max-snippet:-1","max-image-preview":"max-image-preview:large","max-video-preview":"max-video-preview:-1"},"canonical":"https:\/\/www.accuratereviews.com\/it\/programmi-mappe-mentali\/liquidtext-recensione\/","og_locale":"it_IT","og_type":"article","og_title":"LiquidText: recensione programma mappe mentali - AR","og_description":"LiquidText: recensione soluzione per mappe mentali che aiuta le aziende a raccogliere idee, creare relazioni di note e molto altro.","og_url":"https:\/\/www.accuratereviews.com\/it\/programmi-mappe-mentali\/liquidtext-recensione\/","og_site_name":"Accurate Reviews","article_modified_time":"2022-12-26T23:02:32+00:00","og_image":[{"width":240,"height":240,"url":"https:\/\/www.accuratereviews.com\/wp-content\/uploads\/2022\/12\/LiquidText.png","type":"image\/png"}],"twitter_card":"summary_large_image","twitter_misc":{"Tempo di lettura stimato":"3 minuti"},"schema":{"@context":"https:\/\/schema.org","@graph":[{"@type":"WebPage","@id":"https:\/\/www.accuratereviews.com\/it\/programmi-mappe-mentali\/liquidtext-recensione\/","url":"https:\/\/www.accuratereviews.com\/it\/programmi-mappe-mentali\/liquidtext-recensione\/","name":"LiquidText: recensione programma mappe mentali - AR","isPartOf":{"@id":"https:\/\/www.accuratereviews.com\/it\/#website"},"primaryImageOfPage":{"@id":"https:\/\/www.accuratereviews.com\/it\/programmi-mappe-mentali\/liquidtext-recensione\/#primaryimage"},"image":{"@id":"https:\/\/www.accuratereviews.com\/it\/programmi-mappe-mentali\/liquidtext-recensione\/#primaryimage"},"thumbnailUrl":"https:\/\/www.accuratereviews.com\/wp-content\/uploads\/2022\/12\/LiquidText.png","datePublished":"2022-12-22T14:00:41+00:00","dateModified":"2022-12-26T23:02:32+00:00","description":"LiquidText: recensione soluzione per mappe mentali che aiuta le aziende a raccogliere idee, creare relazioni di note e molto altro.","breadcrumb":{"@id":"https:\/\/www.accuratereviews.com\/it\/programmi-mappe-mentali\/liquidtext-recensione\/#breadcrumb"},"inLanguage":"it-IT","potentialAction":[{"@type":"ReadAction","target":["https:\/\/www.accuratereviews.com\/it\/programmi-mappe-mentali\/liquidtext-recensione\/"]}]},{"@type":"ImageObject","inLanguage":"it-IT","@id":"https:\/\/www.accuratereviews.com\/it\/programmi-mappe-mentali\/liquidtext-recensione\/#primaryimage","url":"https:\/\/www.accuratereviews.com\/wp-content\/uploads\/2022\/12\/LiquidText.png","contentUrl":"https:\/\/www.accuratereviews.com\/wp-content\/uploads\/2022\/12\/LiquidText.png","width":240,"height":240},{"@type":"BreadcrumbList","@id":"https:\/\/www.accuratereviews.com\/it\/programmi-mappe-mentali\/liquidtext-recensione\/#breadcrumb","itemListElement":[{"@type":"ListItem","position":1,"name":"Home","item":"https:\/\/www.accuratereviews.com\/it\/"},{"@type":"ListItem","position":2,"name":"Programmi per mappe mentali","item":"https:\/\/www.accuratereviews.com\/it\/programmi-mappe-mentali\/"},{"@type":"ListItem","position":3,"name":"LiquidText"}]},{"@type":"WebSite","@id":"https:\/\/www.accuratereviews.com\/it\/#website","url":"https:\/\/www.accuratereviews.com\/it\/","name":"Accurate Reviews","description":"","potentialAction":[{"@type":"SearchAction","target":{"@type":"EntryPoint","urlTemplate":"https:\/\/www.accuratereviews.com\/it\/?s={search_term_string}"},"query-input":{"@type":"PropertyValueSpecification","valueRequired":true,"valueName":"search_term_string"}}],"inLanguage":"it-IT"}]}},"_links":{"self":[{"href":"https:\/\/www.accuratereviews.com\/it\/wp-json\/wp\/v2\/pages\/65266","targetHints":{"allow":["GET"]}}],"collection":[{"href":"https:\/\/www.accuratereviews.com\/it\/wp-json\/wp\/v2\/pages"}],"about":[{"href":"https:\/\/www.accuratereviews.com\/it\/wp-json\/wp\/v2\/types\/page"}],"author":[{"embeddable":true,"href":"https:\/\/www.accuratereviews.com\/it\/wp-json\/wp\/v2\/users\/19"}],"replies":[{"embeddable":true,"href":"https:\/\/www.accuratereviews.com\/it\/wp-json\/wp\/v2\/comments?post=65266"}],"version-history":[{"count":9,"href":"https:\/\/www.accuratereviews.com\/it\/wp-json\/wp\/v2\/pages\/65266\/revisions"}],"predecessor-version":[{"id":65367,"href":"https:\/\/www.accuratereviews.com\/it\/wp-json\/wp\/v2\/pages\/65266\/revisions\/65367"}],"up":[{"embeddable":true,"href":"https:\/\/www.accuratereviews.com\/it\/wp-json\/wp\/v2\/pages\/65102"}],"wp:featuredmedia":[{"embeddable":true,"href":"https:\/\/www.accuratereviews.com\/it\/wp-json\/wp\/v2\/media\/65267"}],"wp:attachment":[{"href":"https:\/\/www.accuratereviews.com\/it\/wp-json\/wp\/v2\/media?parent=65266"}],"wp:term":[{"taxonomy":"category","embeddable":true,"href":"https:\/\/www.accuratereviews.com\/it\/wp-json\/wp\/v2\/categories?post=65266"},{"taxonomy":"post_tag","embeddable":true,"href":"https:\/\/www.accuratereviews.com\/it\/wp-json\/wp\/v2\/tags?post=65266"},{"taxonomy":"features","embeddable":true,"href":"https:\/\/www.accuratereviews.com\/it\/wp-json\/wp\/v2\/features?post=65266"}],"curies":[{"name":"wp","href":"https:\/\/api.w.org\/{rel}","templated":true}]}}