{"id":65278,"date":"2022-12-23T15:58:34","date_gmt":"2022-12-23T15:58:34","guid":{"rendered":"https:\/\/www.accuratereviews.com\/?page_id=65278"},"modified":"2022-12-23T15:58:34","modified_gmt":"2022-12-23T15:58:34","slug":"mindmanager-recensione","status":"publish","type":"page","link":"https:\/\/www.accuratereviews.com\/it\/programmi-mappe-mentali\/mindmanager-recensione\/","title":{"rendered":"MindManager"},"content":{"rendered":"<p><strong>MindManager<\/strong> \u00e8 un<strong> programma di mappatura mentale<\/strong> semplificata che ti consente di creare rapidamente mappe mentali e concettuali, diagrammi di flusso e linee temporali in pochi click. L&#8217;obiettivo \u00e8 quello di offrire gli strumenti giusti ai singoli e alle aziende, per lavorare in modo pi\u00f9 intelligente e pi\u00f9 efficiente. In questo modo, <strong>MindManager<\/strong> aumenta la tua produttivit\u00e0 e ti fornisce una prospettiva a 360 gradi, funzionale per migliorare la comunicazione, accelerare la comprensione e ridurre tutte le problematiche che si incontrano.<br \/>\nQuesto software raccoglie in modo semplice e intuitivo dati aziendali, immagini, documenti, link e cifre chiave in un unico posto.<\/p>\n<h2>MINDMANAGER &#8211; TUTORIAL<\/h2>\n<div id=\"fluid-wrapper-counter-1\" class=\"g1-fluid-wrapper \" style=\"width:686px;\">\n<div style=\"padding-bottom:56.268221574344%;\"><iframe loading=\"lazy\" title=\"Your introduction to MindManager\" width=\"515\" height=\"386\" src=\"https:\/\/www.youtube.com\/embed\/6G2SlVonaoM?feature=oembed&amp;wmode=transparent&amp;autohide=1&amp;autoplay=0&amp;disablekb=0&amp;fs=1&amp;loop=0&amp;enablejsapi=1&amp;rel=0&amp;controls=2&amp;showinfo=0&amp;wmode=transparent&amp;autohide=2&amp;autoplay=0&amp;disablekb=0&amp;fs=1&amp;loop=0&amp;enablejsapi=1&amp;rel=0&amp;controls=2&amp;showinfo=1\" frameborder=\"0\" allow=\"accelerometer; autoplay; clipboard-write; encrypted-media; gyroscope; picture-in-picture\" allowfullscreen><\/iframe><\/div>\n<\/div>\n<h3>MINDMANAGER &#8211; CARATTERISTICHE<\/h3>\n<ul>\n<li><strong>Acceleratori di testo<\/strong>: per portare i tuoi progetti in corsia di sorpasso, aggiungi risorse e tag ai tuoi argomenti semplicemente digitando &#8220;@&#8221; o &#8220;#&#8221; seguiti dal nome della risorsa o del tag.<\/li>\n<li><strong>Drag and drop<\/strong>: ti aiuta a buttare gi\u00f9 le tue idee il pi\u00f9 velocemente possibile. In seguito, \u00e8 possibile spostare tutto senza problemi, semplicemente trascinando e rilasciando.<\/li>\n<li><strong>Indicatori di priorit\u00e0<\/strong>: nella giornata c&#8217;\u00e8 molto da fare. \u00c8 fondamentale concentrarsi su ci\u00f2 che conta di pi\u00f9. I marcatori di priorit\u00e0 forniscono una visione completa di ci\u00f2 che richiede un&#8217;attenzione immediata e di ci\u00f2 che pu\u00f2 aspettare.<\/li>\n<li><strong>Filtro<\/strong>: \u00e8 possibile filtrare facilmente le mappe e vedere solo ci\u00f2 che si desidera con un paio di rapidi clic.<\/li>\n<li><strong>Schede informative sugli argomenti<\/strong>: nascondono le informazioni supplementari per mantenere la mappa libera da ingombri, pur mantenendo un accesso rapido a tutto. Trascina le informazioni dalle schede agli argomenti e viceversa.<\/li>\n<li><strong>Modelli incorporati<\/strong>: inizia un diagramma partendo da un foglio bianco o da una libreria di modelli incorporati che si adattano a qualsiasi settore. Crea potenti piani strategici, costruisci progetti da zero e tieni traccia di tutti i dettagli, sviluppa flussi di processo continui e altro ancora.<\/li>\n<li><strong>Esercitazioni in-app<\/strong>: il Centro di apprendimento di MindManager, con esercitazioni passo-passo, aiuta i nuovi utenti a diventare subito operativi e gli utenti pi\u00f9 esperti a familiarizzare con le funzionalit\u00e0 pi\u00f9 avanzate.<\/li>\n<\/ul>\n<h4>LE RECENSIONI DEGLI UTENTI<\/h4>\n<p><strong>Tegid &#8220;Kanban e Mind Manager&#8221;<\/strong><br \/>\nCommenti: Come task manager \u00e8 fantastico e aiuta anche nelle sessioni di ideazione.<br \/>\nPro: Le funzionalit\u00e0 sono incredibili. Se ho un&#8217;idea, esiste una funzione o una caratteristica che mi aiuta a realizzarla. Dalle lavagne kanban all&#8217;integrazione con Kira (tramite uno strumento di integrazione di terze parti).<br \/>\nContro: sembra un po&#8217; datato e non si pu\u00f2 scorrere utilizzando lo spazio di lavoro, il che significa dover utilizzare costantemente la barra di scorrimento. Anche l&#8217;utilizzo della rotella del mouse per lo zoom sarebbe utile.<\/p>\n<p><strong>Ferhat &#8220;Ottimo per l&#8217;esecuzione efficace delle idee&#8221;.<\/strong><br \/>\nPro: MindManager \u00e8 una delle migliori piattaforme che aiuta a trasformare le idee in progetti.<br \/>\nContro: Sono abbastanza soddisfatto della mia esperienza con la piattaforma MindManager e non ho nulla di negativo da scrivere.<\/p>\n<p><strong>Graciela &#8220;MindManager \u00e8 un grande strumento per un grande business&#8221;.<\/strong><br \/>\nCommenti: La mia esperienza \u00e8 stata buona e mi piace questo software.<br \/>\nPro: Quando ho usato questo software, ho notato che i diversi strumenti hanno un buon uso e sono davvero utili, questi strumenti e funzioni sono la cosa migliore in questo software perch\u00e9 ci permettono di avere una grande gestione.<br \/>\nContro: \u00c8 un po&#8217; difficile da capire, ma quando si impara, \u00e8 davvero utile.<\/p>\n","protected":false},"excerpt":{"rendered":"<p>MindManager \u00e8 un programma di mappatura mentale semplificata che ti consente di creare rapidamente mappe mentali e concettuali, diagrammi di flusso e linee temporali in pochi click. L&#8217;obiettivo \u00e8 quello di offrire gli strumenti giusti ai singoli e alle aziende, per lavorare in modo pi\u00f9 intelligente e pi\u00f9 efficiente.<\/p>\n","protected":false},"author":17,"featured_media":65279,"parent":65102,"menu_order":0,"comment_status":"open","ping_status":"closed","template":"g1_template_page_review_new.php","meta":{"_acf_changed":false,"cwp_meta_box_check":"No","cwp_rev_product_name":"","cwp_rev_product_image":"","wppr_links":[],"cwp_rev_price":"","wppr_options":[],"wppr_pros":[],"wppr_cons":[],"_monsterinsights_skip_tracking":false,"_monsterinsights_sitenote_active":false,"_monsterinsights_sitenote_note":"","_monsterinsights_sitenote_category":0,"footnotes":""},"categories":[13899],"tags":[13901,13905,13902,13928,13903],"features":[],"class_list":{"0":"post-65278","1":"page","2":"type-page","3":"status-publish","4":"has-post-thumbnail","6":"category-programmi-mappe-mentali-cat","7":"tag-mappe-mentali","8":"tag-piattaforma-per-mappe-mentali","9":"tag-programma-per-mappe-mentali","10":"tag-software-per-mappe-mentale","11":"tag-soluzione-per-mappe-mentali"},"wppr_data":{"cwp_meta_box_check":"No"},"acf":[],"yoast_head":"<!-- This site is optimized with the Yoast SEO plugin v27.4 - https:\/\/yoast.com\/product\/yoast-seo-wordpress\/ -->\n<title>MindManager: programma mappe mentali - Accurate Reviews<\/title>\n<meta name=\"description\" content=\"MindManager: recensione del programma di mappatura mentale semplificata che ti consente di creare rapidamente mappe mentali e concettuali.\" \/>\n<meta name=\"robots\" content=\"index, follow, max-snippet:-1, max-image-preview:large, max-video-preview:-1\" \/>\n<link rel=\"canonical\" href=\"https:\/\/www.accuratereviews.com\/it\/programmi-mappe-mentali\/mindmanager-recensione\/\" \/>\n<meta property=\"og:locale\" content=\"it_IT\" \/>\n<meta property=\"og:type\" content=\"article\" \/>\n<meta property=\"og:title\" content=\"MindManager: programma mappe mentali - Accurate Reviews\" \/>\n<meta property=\"og:description\" content=\"MindManager: recensione del programma di mappatura mentale semplificata che ti consente di creare rapidamente mappe mentali e concettuali.\" \/>\n<meta property=\"og:url\" content=\"https:\/\/www.accuratereviews.com\/it\/programmi-mappe-mentali\/mindmanager-recensione\/\" \/>\n<meta property=\"og:site_name\" content=\"Accurate Reviews\" \/>\n<meta property=\"og:image\" content=\"https:\/\/www.accuratereviews.com\/wp-content\/uploads\/2022\/12\/download-2.png\" \/>\n\t<meta property=\"og:image:width\" content=\"296\" \/>\n\t<meta property=\"og:image:height\" content=\"170\" \/>\n\t<meta property=\"og:image:type\" content=\"image\/png\" \/>\n<meta name=\"twitter:card\" content=\"summary_large_image\" \/>\n<meta name=\"twitter:label1\" content=\"Tempo di lettura stimato\" \/>\n\t<meta name=\"twitter:data1\" content=\"3 minuti\" \/>\n<script type=\"application\/ld+json\" class=\"yoast-schema-graph\">{\"@context\":\"https:\\\/\\\/schema.org\",\"@graph\":[{\"@type\":\"WebPage\",\"@id\":\"https:\\\/\\\/www.accuratereviews.com\\\/it\\\/programmi-mappe-mentali\\\/mindmanager-recensione\\\/\",\"url\":\"https:\\\/\\\/www.accuratereviews.com\\\/it\\\/programmi-mappe-mentali\\\/mindmanager-recensione\\\/\",\"name\":\"MindManager: programma mappe mentali - Accurate Reviews\",\"isPartOf\":{\"@id\":\"https:\\\/\\\/www.accuratereviews.com\\\/it\\\/#website\"},\"primaryImageOfPage\":{\"@id\":\"https:\\\/\\\/www.accuratereviews.com\\\/it\\\/programmi-mappe-mentali\\\/mindmanager-recensione\\\/#primaryimage\"},\"image\":{\"@id\":\"https:\\\/\\\/www.accuratereviews.com\\\/it\\\/programmi-mappe-mentali\\\/mindmanager-recensione\\\/#primaryimage\"},\"thumbnailUrl\":\"https:\\\/\\\/www.accuratereviews.com\\\/wp-content\\\/uploads\\\/2022\\\/12\\\/download-2.png\",\"datePublished\":\"2022-12-23T15:58:34+00:00\",\"description\":\"MindManager: recensione del programma di mappatura mentale semplificata che ti consente di creare rapidamente mappe mentali e concettuali.\",\"breadcrumb\":{\"@id\":\"https:\\\/\\\/www.accuratereviews.com\\\/it\\\/programmi-mappe-mentali\\\/mindmanager-recensione\\\/#breadcrumb\"},\"inLanguage\":\"it-IT\",\"potentialAction\":[{\"@type\":\"ReadAction\",\"target\":[\"https:\\\/\\\/www.accuratereviews.com\\\/it\\\/programmi-mappe-mentali\\\/mindmanager-recensione\\\/\"]}]},{\"@type\":\"ImageObject\",\"inLanguage\":\"it-IT\",\"@id\":\"https:\\\/\\\/www.accuratereviews.com\\\/it\\\/programmi-mappe-mentali\\\/mindmanager-recensione\\\/#primaryimage\",\"url\":\"https:\\\/\\\/www.accuratereviews.com\\\/wp-content\\\/uploads\\\/2022\\\/12\\\/download-2.png\",\"contentUrl\":\"https:\\\/\\\/www.accuratereviews.com\\\/wp-content\\\/uploads\\\/2022\\\/12\\\/download-2.png\",\"width\":296,\"height\":170},{\"@type\":\"BreadcrumbList\",\"@id\":\"https:\\\/\\\/www.accuratereviews.com\\\/it\\\/programmi-mappe-mentali\\\/mindmanager-recensione\\\/#breadcrumb\",\"itemListElement\":[{\"@type\":\"ListItem\",\"position\":1,\"name\":\"Home\",\"item\":\"https:\\\/\\\/www.accuratereviews.com\\\/it\\\/\"},{\"@type\":\"ListItem\",\"position\":2,\"name\":\"Programmi per mappe mentali\",\"item\":\"https:\\\/\\\/www.accuratereviews.com\\\/it\\\/programmi-mappe-mentali\\\/\"},{\"@type\":\"ListItem\",\"position\":3,\"name\":\"MindManager\"}]},{\"@type\":\"WebSite\",\"@id\":\"https:\\\/\\\/www.accuratereviews.com\\\/it\\\/#website\",\"url\":\"https:\\\/\\\/www.accuratereviews.com\\\/it\\\/\",\"name\":\"Accurate Reviews\",\"description\":\"\",\"potentialAction\":[{\"@type\":\"SearchAction\",\"target\":{\"@type\":\"EntryPoint\",\"urlTemplate\":\"https:\\\/\\\/www.accuratereviews.com\\\/it\\\/?s={search_term_string}\"},\"query-input\":{\"@type\":\"PropertyValueSpecification\",\"valueRequired\":true,\"valueName\":\"search_term_string\"}}],\"inLanguage\":\"it-IT\"}]}<\/script>\n<!-- \/ Yoast SEO plugin. -->","yoast_head_json":{"title":"MindManager: programma mappe mentali - Accurate Reviews","description":"MindManager: recensione del programma di mappatura mentale semplificata che ti consente di creare rapidamente mappe mentali e concettuali.","robots":{"index":"index","follow":"follow","max-snippet":"max-snippet:-1","max-image-preview":"max-image-preview:large","max-video-preview":"max-video-preview:-1"},"canonical":"https:\/\/www.accuratereviews.com\/it\/programmi-mappe-mentali\/mindmanager-recensione\/","og_locale":"it_IT","og_type":"article","og_title":"MindManager: programma mappe mentali - Accurate Reviews","og_description":"MindManager: recensione del programma di mappatura mentale semplificata che ti consente di creare rapidamente mappe mentali e concettuali.","og_url":"https:\/\/www.accuratereviews.com\/it\/programmi-mappe-mentali\/mindmanager-recensione\/","og_site_name":"Accurate Reviews","og_image":[{"width":296,"height":170,"url":"https:\/\/www.accuratereviews.com\/wp-content\/uploads\/2022\/12\/download-2.png","type":"image\/png"}],"twitter_card":"summary_large_image","twitter_misc":{"Tempo di lettura stimato":"3 minuti"},"schema":{"@context":"https:\/\/schema.org","@graph":[{"@type":"WebPage","@id":"https:\/\/www.accuratereviews.com\/it\/programmi-mappe-mentali\/mindmanager-recensione\/","url":"https:\/\/www.accuratereviews.com\/it\/programmi-mappe-mentali\/mindmanager-recensione\/","name":"MindManager: programma mappe mentali - Accurate Reviews","isPartOf":{"@id":"https:\/\/www.accuratereviews.com\/it\/#website"},"primaryImageOfPage":{"@id":"https:\/\/www.accuratereviews.com\/it\/programmi-mappe-mentali\/mindmanager-recensione\/#primaryimage"},"image":{"@id":"https:\/\/www.accuratereviews.com\/it\/programmi-mappe-mentali\/mindmanager-recensione\/#primaryimage"},"thumbnailUrl":"https:\/\/www.accuratereviews.com\/wp-content\/uploads\/2022\/12\/download-2.png","datePublished":"2022-12-23T15:58:34+00:00","description":"MindManager: recensione del programma di mappatura mentale semplificata che ti consente di creare rapidamente mappe mentali e concettuali.","breadcrumb":{"@id":"https:\/\/www.accuratereviews.com\/it\/programmi-mappe-mentali\/mindmanager-recensione\/#breadcrumb"},"inLanguage":"it-IT","potentialAction":[{"@type":"ReadAction","target":["https:\/\/www.accuratereviews.com\/it\/programmi-mappe-mentali\/mindmanager-recensione\/"]}]},{"@type":"ImageObject","inLanguage":"it-IT","@id":"https:\/\/www.accuratereviews.com\/it\/programmi-mappe-mentali\/mindmanager-recensione\/#primaryimage","url":"https:\/\/www.accuratereviews.com\/wp-content\/uploads\/2022\/12\/download-2.png","contentUrl":"https:\/\/www.accuratereviews.com\/wp-content\/uploads\/2022\/12\/download-2.png","width":296,"height":170},{"@type":"BreadcrumbList","@id":"https:\/\/www.accuratereviews.com\/it\/programmi-mappe-mentali\/mindmanager-recensione\/#breadcrumb","itemListElement":[{"@type":"ListItem","position":1,"name":"Home","item":"https:\/\/www.accuratereviews.com\/it\/"},{"@type":"ListItem","position":2,"name":"Programmi per mappe mentali","item":"https:\/\/www.accuratereviews.com\/it\/programmi-mappe-mentali\/"},{"@type":"ListItem","position":3,"name":"MindManager"}]},{"@type":"WebSite","@id":"https:\/\/www.accuratereviews.com\/it\/#website","url":"https:\/\/www.accuratereviews.com\/it\/","name":"Accurate Reviews","description":"","potentialAction":[{"@type":"SearchAction","target":{"@type":"EntryPoint","urlTemplate":"https:\/\/www.accuratereviews.com\/it\/?s={search_term_string}"},"query-input":{"@type":"PropertyValueSpecification","valueRequired":true,"valueName":"search_term_string"}}],"inLanguage":"it-IT"}]}},"_links":{"self":[{"href":"https:\/\/www.accuratereviews.com\/it\/wp-json\/wp\/v2\/pages\/65278","targetHints":{"allow":["GET"]}}],"collection":[{"href":"https:\/\/www.accuratereviews.com\/it\/wp-json\/wp\/v2\/pages"}],"about":[{"href":"https:\/\/www.accuratereviews.com\/it\/wp-json\/wp\/v2\/types\/page"}],"author":[{"embeddable":true,"href":"https:\/\/www.accuratereviews.com\/it\/wp-json\/wp\/v2\/users\/17"}],"replies":[{"embeddable":true,"href":"https:\/\/www.accuratereviews.com\/it\/wp-json\/wp\/v2\/comments?post=65278"}],"version-history":[{"count":2,"href":"https:\/\/www.accuratereviews.com\/it\/wp-json\/wp\/v2\/pages\/65278\/revisions"}],"predecessor-version":[{"id":65335,"href":"https:\/\/www.accuratereviews.com\/it\/wp-json\/wp\/v2\/pages\/65278\/revisions\/65335"}],"up":[{"embeddable":true,"href":"https:\/\/www.accuratereviews.com\/it\/wp-json\/wp\/v2\/pages\/65102"}],"wp:featuredmedia":[{"embeddable":true,"href":"https:\/\/www.accuratereviews.com\/it\/wp-json\/wp\/v2\/media\/65279"}],"wp:attachment":[{"href":"https:\/\/www.accuratereviews.com\/it\/wp-json\/wp\/v2\/media?parent=65278"}],"wp:term":[{"taxonomy":"category","embeddable":true,"href":"https:\/\/www.accuratereviews.com\/it\/wp-json\/wp\/v2\/categories?post=65278"},{"taxonomy":"post_tag","embeddable":true,"href":"https:\/\/www.accuratereviews.com\/it\/wp-json\/wp\/v2\/tags?post=65278"},{"taxonomy":"features","embeddable":true,"href":"https:\/\/www.accuratereviews.com\/it\/wp-json\/wp\/v2\/features?post=65278"}],"curies":[{"name":"wp","href":"https:\/\/api.w.org\/{rel}","templated":true}]}}