{"id":65300,"date":"2022-12-23T18:19:59","date_gmt":"2022-12-23T18:19:59","guid":{"rendered":"https:\/\/www.accuratereviews.com\/?page_id=65300"},"modified":"2022-12-23T18:19:59","modified_gmt":"2022-12-23T18:19:59","slug":"edrawmind-recensione","status":"publish","type":"page","link":"https:\/\/www.accuratereviews.com\/it\/programmi-mappe-mentali\/edrawmind-recensione\/","title":{"rendered":"EdrawMind"},"content":{"rendered":"<p><strong>EdrawMind<\/strong> \u00e8 un <strong>software di mappatura mentale<\/strong> progettato per aiutare le aziende a visualizzare ed esprimere pensieri, idee e concetti attraverso l&#8217;uso di diagrammi. Offre una serie di funzionalit\u00e0 per la creazione di mappe mentali, la possibilit\u00e0 di aggiungere immagini e di creare collegamenti ipertestuali e incorporare allegati all&#8217;interno della mappa.<br \/>\nLa piattaforma consente ai manager di creare e condividere mappe con clienti, personale e altre parti interessate, nonch\u00e9 di collaborare in tempo reale attraverso i forum di discussione. Inoltre i manager possono tenere traccia dell&#8217;avanzamento dei progetti e garantire il rispetto delle scadenze. La soluzione pu\u00f2 essere utilizzata anche per creare presentazioni, piani di progetto, diagrammi di flusso, alberi decisionali e altri tipi di diagrammi.<\/p>\n<h2>EDRAWMIND &#8211; TUTORIAL<\/h2>\n<div id=\"fluid-wrapper-counter-1\" class=\"g1-fluid-wrapper \" style=\"width:686px;\">\n<div style=\"padding-bottom:56.268221574344%;\"><iframe loading=\"lazy\" title=\"Getting Started with EdrawMind (MindMaster) | Mind Mapping Tool\" width=\"686\" height=\"386\" src=\"https:\/\/www.youtube.com\/embed\/JX2SktdKXXQ?feature=oembed&amp;wmode=transparent&amp;autohide=1&amp;autoplay=0&amp;disablekb=0&amp;fs=1&amp;loop=0&amp;enablejsapi=1&amp;rel=0&amp;controls=2&amp;showinfo=0&amp;wmode=transparent&amp;autohide=2&amp;autoplay=0&amp;disablekb=0&amp;fs=1&amp;loop=0&amp;enablejsapi=1&amp;rel=0&amp;controls=2&amp;showinfo=1\" frameborder=\"0\" allow=\"accelerometer; autoplay; clipboard-write; encrypted-media; gyroscope; picture-in-picture\" allowfullscreen><\/iframe><\/div>\n<\/div>\n<h3>EDRAWMIND &#8211; CARATTERISTICHE<\/h3>\n<ul>\n<li><strong>Sicurezza di livello aziendale<\/strong>: tutte le informazioni trasferite sono protette da cifratura SSL di massimo livello.<\/li>\n<li><strong>Compatibilit\u00e0 multi-piattaforma<\/strong>:\u00a0la soluzione funziona su tutti i sistemi operativi e con tutti i browser web moderni.<\/li>\n<li><strong>Collaborazione in tempo reale<\/strong>: strumenti per collaborare e co-creare insieme agli altri membri del proprio team.<\/li>\n<li><strong>Generazione con un clic<\/strong>: trasforma i tuoi documenti Word, HTML o Markdown in mappe mentali creative e coinvolgenti.<\/li>\n<li><strong>Esportazione<\/strong>: esportazione agevole delle mappe mentali in PDF, Word, Excel, PowerPoint e immagini.<\/li>\n<li><strong>Formattazione intelligente:<\/strong> le mappe mentali si adattano automaticamente, preservando la propria struttura quando si aggiungono, eliminano o spostano dei nodi.<\/li>\n<li><strong>Schema<\/strong>: passa dalla modalit\u00e0 Schema a quella Mappa Mentale, per visualizzare i progetti da prospettive diverse.<\/li>\n<li><strong>Tema<\/strong>: esplora la galleria, scegli il tema pi\u00f9 adatto a rappresentare le tue idee e modificalo per creare uno stile unico, tutto tuo.<\/li>\n<li><strong>Integrazione Dropbox:<\/strong> le mappe mentali possono essere esportate sul proprio account Dropbox e importate dallo stesso.<\/li>\n<\/ul>\n<h4>LE RECENSIONI DEGLI UTENTI<\/h4>\n<p><strong>Houssain&#8221;La mia esperienza con Edraw mind&#8221;<\/strong><br \/>\n<strong>Commenti<\/strong>: Con Edrawmind, ho realizzato molti benefici nel mio studio e nel mio lavoro e mi ha reso cos\u00ec creativo pi\u00f9 di prima che lo usassi.<br \/>\n<strong>Pro<\/strong>: Mi piacciono questi software perch\u00e9 mi aiutano molto nel mio lavoro e nel mio studio, ad esempio sono facili da usare e mostrano come si pu\u00f2 fare qualsiasi cosa prima di iniziare.<br \/>\n<strong>Contro<\/strong>: Sinceramente, ho trovato questo software molto buono e mi piace molto.<\/p>\n<p><strong>Alessio&#8221;Mappe mentali su ogni dispositivo&#8221;<\/strong><br \/>\n<strong>Commenti<\/strong>: Spiegare il concetto, organizzare lezioni, rapporto sulla riunione.<br \/>\n<strong>Pro<\/strong>: La caratteristica pi\u00f9 importante \u00e8 che il software \u00e8 la disponibilit\u00e0 su diverse piattaforme<br \/>\n<strong>Contro<\/strong>: Vorrei un foglio di calcolo o l&#8217;integrazione con Microsoft Excel<\/p>\n<p><strong>Andrew&#8221;Finalmente la mia ricerca \u00e8 finita!&#8221;<\/strong><br \/>\n<strong>Commenti<\/strong>: Ho usato molti diversi strumenti di mappatura mentale e Mond Master \u00e8 di gran lunga il migliore che ho usato. Sono molto soddisfatto.<br \/>\n<strong>Pro<\/strong>: Apprezzo il fatto che Mind Master sia multipiattaforma. \u00c8 molto intuitivo e facile da usare. Il cloud storage \u00e8 perfetto per le mie esigenze.<br \/>\n<strong>Contro<\/strong>: All&#8217;inizio i temi personalizzati creavano un po&#8217; di confusione, ma non ci \u00e8 voluto molto per capirli.<\/p>\n","protected":false},"excerpt":{"rendered":"<p>EdrawMind \u00e8 un software di mappatura mentale progettato per aiutare le aziende a visualizzare ed esprimere pensieri, idee e concetti attraverso l&#8217;uso di diagrammi. Offre una serie di funzionalit\u00e0 per la creazione di mappe mentali, la possibilit\u00e0 di aggiungere immagini e di creare collegamenti ipertestuali e incorporare allegati all&#8217;interno della mappa.\u00a0<\/p>\n","protected":false},"author":19,"featured_media":65321,"parent":65102,"menu_order":0,"comment_status":"open","ping_status":"closed","template":"g1_template_page_review_new.php","meta":{"_acf_changed":false,"cwp_meta_box_check":"Yes","cwp_rev_product_name":"","cwp_rev_product_image":"","wppr_links":[],"cwp_rev_price":"0.00","wppr_options":[{"name":"Usability","value":"0"},{"name":"Speed","value":"0"},{"name":"Features","value":"0"},{"name":"Support","value":"0"},{"name":"Pricing","value":"0"}],"wppr_pros":["","","","",""],"wppr_cons":["","","","",""],"_monsterinsights_skip_tracking":false,"_monsterinsights_sitenote_active":false,"_monsterinsights_sitenote_note":"","_monsterinsights_sitenote_category":0,"footnotes":""},"categories":[13899],"tags":[13937,13932,13901,13905,13902,13904,13903],"features":[],"class_list":{"0":"post-65300","1":"page","2":"type-page","3":"status-publish","4":"has-post-thumbnail","6":"category-programmi-mappe-mentali-cat","7":"tag-edrawmind","8":"tag-mappatura-mentale","9":"tag-mappe-mentali","10":"tag-piattaforma-per-mappe-mentali","11":"tag-programma-per-mappe-mentali","12":"tag-software-per-mappe-mentali","13":"tag-soluzione-per-mappe-mentali"},"wppr_data":{"cwp_meta_box_check":"Yes","_wppr_review_template":"default","cwp_rev_product_image":"","cwp_image_link":"image","wppr_links":[],"cwp_rev_price":"0.00","wppr_pros":["","","","",""],"wppr_cons":["","","","",""],"wppr_rating":"0.00","wppr_options":{"1":{"name":"Usability","value":"0"},"2":{"name":"Speed","value":"0"},"3":{"name":"Features","value":"0"},"4":{"name":"Support","value":"0"},"5":{"name":"Pricing","value":"0"}},"wppr_review_type":"Product","wppr_review_custom_fields":{"additionalProperty":"","additionalType":"","aggregateRating":"","alternateName":"","audience":"","award":"","awards":"","brand":"","color":"","depth":"","description":"","disambiguatingDescription":"","gtin12":"","gtin13":"","gtin14":"","gtin8":"","height":"","identifier":"","image":"","isAccessoryOrSparePartFor":"","isConsumableFor":"","isRelatedTo":"","isSimilarTo":"","itemCondition":"","logo":"","mainEntityOfPage":"","manufacturer":"","material":"","model":"","mpn":"","name":"","offers":"","potentialAction":"","productID":"","productionDate":"","purchaseDate":"","releaseDate":"","review":"","reviews":"","sameAs":"","sku":"","slogan":"","subjectOf":"","url":"","weight":"","width":""}},"acf":[],"yoast_head":"<!-- This site is optimized with the Yoast SEO plugin v27.4 - https:\/\/yoast.com\/product\/yoast-seo-wordpress\/ -->\n<title>EdrawMind: programma mappe mentali - Accurate Reviews<\/title>\n<meta name=\"description\" content=\"EdrawMind: recensione software di mappatura mentale progettato per aiutare le aziende a visualizzare pensieri, idee e concetti.\" \/>\n<meta name=\"robots\" content=\"index, follow, max-snippet:-1, max-image-preview:large, max-video-preview:-1\" \/>\n<link rel=\"canonical\" href=\"https:\/\/www.accuratereviews.com\/it\/programmi-mappe-mentali\/edrawmind-recensione\/\" \/>\n<meta property=\"og:locale\" content=\"it_IT\" \/>\n<meta property=\"og:type\" content=\"article\" \/>\n<meta property=\"og:title\" content=\"EdrawMind: programma mappe mentali - Accurate Reviews\" \/>\n<meta property=\"og:description\" content=\"EdrawMind: recensione software di mappatura mentale progettato per aiutare le aziende a visualizzare pensieri, idee e concetti.\" \/>\n<meta property=\"og:url\" content=\"https:\/\/www.accuratereviews.com\/it\/programmi-mappe-mentali\/edrawmind-recensione\/\" \/>\n<meta property=\"og:site_name\" content=\"Accurate Reviews\" \/>\n<meta property=\"og:image\" content=\"https:\/\/www.accuratereviews.com\/wp-content\/uploads\/2022\/12\/EdrawMind.webp\" \/>\n\t<meta property=\"og:image:width\" content=\"270\" \/>\n\t<meta property=\"og:image:height\" content=\"270\" \/>\n\t<meta property=\"og:image:type\" content=\"image\/webp\" \/>\n<meta name=\"twitter:card\" content=\"summary_large_image\" \/>\n<meta name=\"twitter:label1\" content=\"Tempo di lettura stimato\" \/>\n\t<meta name=\"twitter:data1\" content=\"3 minuti\" \/>\n<script type=\"application\/ld+json\" class=\"yoast-schema-graph\">{\"@context\":\"https:\\\/\\\/schema.org\",\"@graph\":[{\"@type\":\"WebPage\",\"@id\":\"https:\\\/\\\/www.accuratereviews.com\\\/it\\\/programmi-mappe-mentali\\\/edrawmind-recensione\\\/\",\"url\":\"https:\\\/\\\/www.accuratereviews.com\\\/it\\\/programmi-mappe-mentali\\\/edrawmind-recensione\\\/\",\"name\":\"EdrawMind: programma mappe mentali - Accurate Reviews\",\"isPartOf\":{\"@id\":\"https:\\\/\\\/www.accuratereviews.com\\\/it\\\/#website\"},\"primaryImageOfPage\":{\"@id\":\"https:\\\/\\\/www.accuratereviews.com\\\/it\\\/programmi-mappe-mentali\\\/edrawmind-recensione\\\/#primaryimage\"},\"image\":{\"@id\":\"https:\\\/\\\/www.accuratereviews.com\\\/it\\\/programmi-mappe-mentali\\\/edrawmind-recensione\\\/#primaryimage\"},\"thumbnailUrl\":\"https:\\\/\\\/www.accuratereviews.com\\\/wp-content\\\/uploads\\\/2022\\\/12\\\/EdrawMind.webp\",\"datePublished\":\"2022-12-23T18:19:59+00:00\",\"description\":\"EdrawMind: recensione software di mappatura mentale progettato per aiutare le aziende a visualizzare pensieri, idee e concetti.\",\"breadcrumb\":{\"@id\":\"https:\\\/\\\/www.accuratereviews.com\\\/it\\\/programmi-mappe-mentali\\\/edrawmind-recensione\\\/#breadcrumb\"},\"inLanguage\":\"it-IT\",\"potentialAction\":[{\"@type\":\"ReadAction\",\"target\":[\"https:\\\/\\\/www.accuratereviews.com\\\/it\\\/programmi-mappe-mentali\\\/edrawmind-recensione\\\/\"]}]},{\"@type\":\"ImageObject\",\"inLanguage\":\"it-IT\",\"@id\":\"https:\\\/\\\/www.accuratereviews.com\\\/it\\\/programmi-mappe-mentali\\\/edrawmind-recensione\\\/#primaryimage\",\"url\":\"https:\\\/\\\/www.accuratereviews.com\\\/wp-content\\\/uploads\\\/2022\\\/12\\\/EdrawMind.webp\",\"contentUrl\":\"https:\\\/\\\/www.accuratereviews.com\\\/wp-content\\\/uploads\\\/2022\\\/12\\\/EdrawMind.webp\",\"width\":270,\"height\":270},{\"@type\":\"BreadcrumbList\",\"@id\":\"https:\\\/\\\/www.accuratereviews.com\\\/it\\\/programmi-mappe-mentali\\\/edrawmind-recensione\\\/#breadcrumb\",\"itemListElement\":[{\"@type\":\"ListItem\",\"position\":1,\"name\":\"Home\",\"item\":\"https:\\\/\\\/www.accuratereviews.com\\\/it\\\/\"},{\"@type\":\"ListItem\",\"position\":2,\"name\":\"Programmi per mappe mentali\",\"item\":\"https:\\\/\\\/www.accuratereviews.com\\\/it\\\/programmi-mappe-mentali\\\/\"},{\"@type\":\"ListItem\",\"position\":3,\"name\":\"EdrawMind\"}]},{\"@type\":\"WebSite\",\"@id\":\"https:\\\/\\\/www.accuratereviews.com\\\/it\\\/#website\",\"url\":\"https:\\\/\\\/www.accuratereviews.com\\\/it\\\/\",\"name\":\"Accurate Reviews\",\"description\":\"\",\"potentialAction\":[{\"@type\":\"SearchAction\",\"target\":{\"@type\":\"EntryPoint\",\"urlTemplate\":\"https:\\\/\\\/www.accuratereviews.com\\\/it\\\/?s={search_term_string}\"},\"query-input\":{\"@type\":\"PropertyValueSpecification\",\"valueRequired\":true,\"valueName\":\"search_term_string\"}}],\"inLanguage\":\"it-IT\"}]}<\/script>\n<!-- \/ Yoast SEO plugin. -->","yoast_head_json":{"title":"EdrawMind: programma mappe mentali - Accurate Reviews","description":"EdrawMind: recensione software di mappatura mentale progettato per aiutare le aziende a visualizzare pensieri, idee e concetti.","robots":{"index":"index","follow":"follow","max-snippet":"max-snippet:-1","max-image-preview":"max-image-preview:large","max-video-preview":"max-video-preview:-1"},"canonical":"https:\/\/www.accuratereviews.com\/it\/programmi-mappe-mentali\/edrawmind-recensione\/","og_locale":"it_IT","og_type":"article","og_title":"EdrawMind: programma mappe mentali - Accurate Reviews","og_description":"EdrawMind: recensione software di mappatura mentale progettato per aiutare le aziende a visualizzare pensieri, idee e concetti.","og_url":"https:\/\/www.accuratereviews.com\/it\/programmi-mappe-mentali\/edrawmind-recensione\/","og_site_name":"Accurate Reviews","og_image":[{"width":270,"height":270,"url":"https:\/\/www.accuratereviews.com\/wp-content\/uploads\/2022\/12\/EdrawMind.webp","type":"image\/webp"}],"twitter_card":"summary_large_image","twitter_misc":{"Tempo di lettura stimato":"3 minuti"},"schema":{"@context":"https:\/\/schema.org","@graph":[{"@type":"WebPage","@id":"https:\/\/www.accuratereviews.com\/it\/programmi-mappe-mentali\/edrawmind-recensione\/","url":"https:\/\/www.accuratereviews.com\/it\/programmi-mappe-mentali\/edrawmind-recensione\/","name":"EdrawMind: programma mappe mentali - Accurate Reviews","isPartOf":{"@id":"https:\/\/www.accuratereviews.com\/it\/#website"},"primaryImageOfPage":{"@id":"https:\/\/www.accuratereviews.com\/it\/programmi-mappe-mentali\/edrawmind-recensione\/#primaryimage"},"image":{"@id":"https:\/\/www.accuratereviews.com\/it\/programmi-mappe-mentali\/edrawmind-recensione\/#primaryimage"},"thumbnailUrl":"https:\/\/www.accuratereviews.com\/wp-content\/uploads\/2022\/12\/EdrawMind.webp","datePublished":"2022-12-23T18:19:59+00:00","description":"EdrawMind: recensione software di mappatura mentale progettato per aiutare le aziende a visualizzare pensieri, idee e concetti.","breadcrumb":{"@id":"https:\/\/www.accuratereviews.com\/it\/programmi-mappe-mentali\/edrawmind-recensione\/#breadcrumb"},"inLanguage":"it-IT","potentialAction":[{"@type":"ReadAction","target":["https:\/\/www.accuratereviews.com\/it\/programmi-mappe-mentali\/edrawmind-recensione\/"]}]},{"@type":"ImageObject","inLanguage":"it-IT","@id":"https:\/\/www.accuratereviews.com\/it\/programmi-mappe-mentali\/edrawmind-recensione\/#primaryimage","url":"https:\/\/www.accuratereviews.com\/wp-content\/uploads\/2022\/12\/EdrawMind.webp","contentUrl":"https:\/\/www.accuratereviews.com\/wp-content\/uploads\/2022\/12\/EdrawMind.webp","width":270,"height":270},{"@type":"BreadcrumbList","@id":"https:\/\/www.accuratereviews.com\/it\/programmi-mappe-mentali\/edrawmind-recensione\/#breadcrumb","itemListElement":[{"@type":"ListItem","position":1,"name":"Home","item":"https:\/\/www.accuratereviews.com\/it\/"},{"@type":"ListItem","position":2,"name":"Programmi per mappe mentali","item":"https:\/\/www.accuratereviews.com\/it\/programmi-mappe-mentali\/"},{"@type":"ListItem","position":3,"name":"EdrawMind"}]},{"@type":"WebSite","@id":"https:\/\/www.accuratereviews.com\/it\/#website","url":"https:\/\/www.accuratereviews.com\/it\/","name":"Accurate Reviews","description":"","potentialAction":[{"@type":"SearchAction","target":{"@type":"EntryPoint","urlTemplate":"https:\/\/www.accuratereviews.com\/it\/?s={search_term_string}"},"query-input":{"@type":"PropertyValueSpecification","valueRequired":true,"valueName":"search_term_string"}}],"inLanguage":"it-IT"}]}},"_links":{"self":[{"href":"https:\/\/www.accuratereviews.com\/it\/wp-json\/wp\/v2\/pages\/65300","targetHints":{"allow":["GET"]}}],"collection":[{"href":"https:\/\/www.accuratereviews.com\/it\/wp-json\/wp\/v2\/pages"}],"about":[{"href":"https:\/\/www.accuratereviews.com\/it\/wp-json\/wp\/v2\/types\/page"}],"author":[{"embeddable":true,"href":"https:\/\/www.accuratereviews.com\/it\/wp-json\/wp\/v2\/users\/19"}],"replies":[{"embeddable":true,"href":"https:\/\/www.accuratereviews.com\/it\/wp-json\/wp\/v2\/comments?post=65300"}],"version-history":[{"count":12,"href":"https:\/\/www.accuratereviews.com\/it\/wp-json\/wp\/v2\/pages\/65300\/revisions"}],"predecessor-version":[{"id":65338,"href":"https:\/\/www.accuratereviews.com\/it\/wp-json\/wp\/v2\/pages\/65300\/revisions\/65338"}],"up":[{"embeddable":true,"href":"https:\/\/www.accuratereviews.com\/it\/wp-json\/wp\/v2\/pages\/65102"}],"wp:featuredmedia":[{"embeddable":true,"href":"https:\/\/www.accuratereviews.com\/it\/wp-json\/wp\/v2\/media\/65321"}],"wp:attachment":[{"href":"https:\/\/www.accuratereviews.com\/it\/wp-json\/wp\/v2\/media?parent=65300"}],"wp:term":[{"taxonomy":"category","embeddable":true,"href":"https:\/\/www.accuratereviews.com\/it\/wp-json\/wp\/v2\/categories?post=65300"},{"taxonomy":"post_tag","embeddable":true,"href":"https:\/\/www.accuratereviews.com\/it\/wp-json\/wp\/v2\/tags?post=65300"},{"taxonomy":"features","embeddable":true,"href":"https:\/\/www.accuratereviews.com\/it\/wp-json\/wp\/v2\/features?post=65300"}],"curies":[{"name":"wp","href":"https:\/\/api.w.org\/{rel}","templated":true}]}}