{"id":65303,"date":"2022-12-23T18:56:51","date_gmt":"2022-12-23T18:56:51","guid":{"rendered":"https:\/\/www.accuratereviews.com\/?page_id=65303"},"modified":"2022-12-23T18:56:51","modified_gmt":"2022-12-23T18:56:51","slug":"coggle-recensione","status":"publish","type":"page","link":"https:\/\/www.accuratereviews.com\/it\/programmi-mappe-mentali\/coggle-recensione\/","title":{"rendered":"Coggle"},"content":{"rendered":"<p><strong>Coggle<\/strong> \u00e8 una <strong>piattaforma collaborativa<\/strong> di visualizzazione dei dati per la creazione di <strong>mappe mentali<\/strong> e diagrammi di flusso per visualizzare informazioni complesse, come processi, algoritmi e sistemi. Il software offre collaborazione in tempo reale, caricamenti di immagini con trascinamento della selezione, gestione delle versioni, loop di flusso e rami e altro ancora.\u00a0\u00c8 inclusa una gamma di tipi di forme e gli utenti possono controllare i percorsi e gli stili delle linee, l&#8217;allineamento del testo e la ramificazione.<br \/>\n\u00c8 possibile aggiungere testo e immagini mobili per annotare le mappe e le immagini possono essere aggiunte direttamente ai diagrammi dai dispositivi degli utenti o dalla libreria di immagini e icone integrata. I diagrammi possono essere creati con pi\u00f9 punti di partenza per mappare diversi argomenti correlati all&#8217;interno di un singolo spazio di lavoro.<\/p>\n<h2>COGGLE &#8211; TUTORIAL<\/h2>\n<div id=\"fluid-wrapper-counter-1\" class=\"g1-fluid-wrapper \" style=\"width:686px;\">\n<div style=\"padding-bottom:56.268221574344%;\"><iframe loading=\"lazy\" title=\"Coggle - Corso completo in 12 minuti\" width=\"686\" height=\"386\" src=\"https:\/\/www.youtube.com\/embed\/94QyM7DXcZ4?feature=oembed&amp;wmode=transparent&amp;autohide=1&amp;autoplay=0&amp;disablekb=0&amp;fs=1&amp;loop=0&amp;enablejsapi=1&amp;rel=0&amp;controls=2&amp;showinfo=0&amp;wmode=transparent&amp;autohide=2&amp;autoplay=0&amp;disablekb=0&amp;fs=1&amp;loop=0&amp;enablejsapi=1&amp;rel=0&amp;controls=2&amp;showinfo=1\" frameborder=\"0\" allow=\"accelerometer; autoplay; clipboard-write; encrypted-media; gyroscope; picture-in-picture\" allowfullscreen><\/iframe><\/div>\n<\/div>\n<h3>COGGLE &#8211; CARATTERISTICHE<\/h3>\n<ul>\n<li><strong>Collaborazione in tempo reale<\/strong>: invita i tuoi amici e colleghi a lavorare con te, nello stesso momento, sui tuoi diagrammi.<\/li>\n<li><strong>Salva ogni modifica<\/strong>: guarda tutte le modifiche di un diagramma e fai una copia da qualsiasi punto per tornare a una versione precedente.<\/li>\n<li><strong>Caricamenti di immagini illimitati<\/strong>: trascina e rilascia le immagine dal tuo Desktop direttamenti nei tuoi diagrammi. Non c&#8217;\u00e8 limite al numero di immagini che puoi aggiungere.<\/li>\n<li><strong>Aggiungi testo e immagini mobili<\/strong>: aggiungi etichette di testo e immagini che non fanno parte dell&#8217;albero del diagramma per annotare parti della tua mappa.<\/li>\n<li><strong>Crea loop e unisciti ai rami<\/strong>: unisci i rami e crea loop per creare diagrammi pi\u00f9 completi e flessibili che rappresentano i flussi di processo e altre cose avanzate.<\/li>\n<li><strong>Punti di partenza multipli<\/strong>: aggiungi pi\u00f9 elementi centrali ai tuoi diagrammi per mappare gli argomenti correlati in un unico spazio di lavoro.<\/li>\n<li><strong>Schemi privati illimitati<\/strong>: crea tutti i diagrammi privati che vuoi. Se annulli l&#8217;abbonamento, resti privati e tu continui ad accedervi.<\/li>\n<li><strong>Potente diagramma di flusso<\/strong>: scegli tra una gamma di forme per creare diagrammi di flusso espressivi e potenti, mappe di processo e altri diagrammi.<\/li>\n<li><strong>Collaborazione senza installazione:<\/strong> consenti a un numero qualsiasi di persone di modificare un diagramma semplicemente condividendo con loro un collegamento segreto. Nessun accesso richiesto.<\/li>\n<\/ul>\n<h4>LE RECENSIONI DEGLI UTENTI<\/h4>\n<p><strong>Alessandro&#8221;Mappe mentali facilissime&#8221;<\/strong><br \/>\n<strong>Commenti<\/strong>: Coggle \u00e8 un ottimo software, anche nella sua versione gratuita che \u00e8 quella che io uso; si pu\u00f2 impostare qualunque tipo di mappe e spostare a proprio piacimento i singoli rami. Lo uso molto frequentemente perch\u00e8 \u00e8 facile e veloce<br \/>\n<strong>Pro<\/strong>: La praticit\u00e0 e la semplicit\u00e0 d&#8217;uso, secondo me \u00e8 la principale caratteristica di Coggle<br \/>\n<strong>Contro<\/strong>: Non \u00e8 possibile (almeno nella versione gratuita) utilizzare colori diversi e pi\u00f9 nitidi; sarebbe una cosa utile<\/p>\n<p><strong>Magda&#8221;Una mappa mentale per te&#8221;<\/strong><br \/>\n<strong>Commenti<\/strong>: \u00c8 come lavorare con una penna da colorare e un foglio per sviluppare le tue idee.<br \/>\n<strong>Pro<\/strong>: Questo software ti consente di visualizzare le tue idee in modo molto giocoso e colorato. Ci sono un milione di applicazioni per questo.<br \/>\n<strong>Contro<\/strong>: La versione gratuita \u00e8 piuttosto limitata e devi anche accettare perch\u00e9 il tuo progetto sia aperto al pubblico.<\/p>\n<p><strong>Alex&#8221;Uno strumento perfetto se non vuoi investire molto nelle mappe mentali&#8221;<\/strong><br \/>\n<strong>Commenti<\/strong>: Molto buono, lo uso per molti progetti, sia personali che professionali.<br \/>\n<strong>Pro<\/strong>: Mi piace la sua semplicit\u00e0 d&#8217;uso e la sincronizzazione con pi\u00f9 dispositivi.<br \/>\n<strong>Contro<\/strong>: Mi piacerebbe vedere pi\u00f9 modelli modificabili con design diversi.<\/p>\n","protected":false},"excerpt":{"rendered":"<p>Coggle \u00e8 una piattaforma collaborativa di visualizzazione dei dati per la creazione di mappe mentali e diagrammi di flusso per visualizzare informazioni complesse, come processi, algoritmi e sistemi. Il software offre collaborazione in tempo reale, caricamenti di immagini con trascinamento della selezione, gestione delle versioni, loop di flusso e rami e altro ancora.<\/p>\n","protected":false},"author":19,"featured_media":65310,"parent":65102,"menu_order":0,"comment_status":"open","ping_status":"closed","template":"g1_template_page_review_new.php","meta":{"_acf_changed":false,"cwp_meta_box_check":"Yes","cwp_rev_product_name":"","cwp_rev_product_image":"","wppr_links":[],"cwp_rev_price":"0.00","wppr_options":[{"name":"Usability","value":"0"},{"name":"Speed","value":"0"},{"name":"Features","value":"0"},{"name":"Support","value":"0"},{"name":"Pricing","value":"0"}],"wppr_pros":["","","","",""],"wppr_cons":["","","","",""],"_monsterinsights_skip_tracking":false,"_monsterinsights_sitenote_active":false,"_monsterinsights_sitenote_note":"","_monsterinsights_sitenote_category":0,"footnotes":""},"categories":[13899],"tags":[13938,13896,13932,13901,13895,13894,13940,13939],"features":[],"class_list":{"0":"post-65303","1":"page","2":"type-page","3":"status-publish","4":"has-post-thumbnail","6":"category-programmi-mappe-mentali-cat","7":"tag-coggle","8":"tag-collaborazione","9":"tag-mappatura-mentale","10":"tag-mappe-mentali","11":"tag-piattaforma-mappatura-mentale","12":"tag-programma-mappatura-mentale","13":"tag-software-mappatura-metale","14":"tag-soluzione-mappatura-menetale"},"wppr_data":{"cwp_meta_box_check":"Yes","_wppr_review_template":"default","cwp_rev_product_image":"","cwp_image_link":"image","wppr_links":[],"cwp_rev_price":"0.00","wppr_pros":["","","","",""],"wppr_cons":["","","","",""],"wppr_rating":"0.00","wppr_options":{"1":{"name":"Usability","value":"0"},"2":{"name":"Speed","value":"0"},"3":{"name":"Features","value":"0"},"4":{"name":"Support","value":"0"},"5":{"name":"Pricing","value":"0"}},"wppr_review_type":"Product","wppr_review_custom_fields":{"additionalProperty":"","additionalType":"","aggregateRating":"","alternateName":"","audience":"","award":"","awards":"","brand":"","color":"","depth":"","description":"","disambiguatingDescription":"","gtin12":"","gtin13":"","gtin14":"","gtin8":"","height":"","identifier":"","image":"","isAccessoryOrSparePartFor":"","isConsumableFor":"","isRelatedTo":"","isSimilarTo":"","itemCondition":"","logo":"","mainEntityOfPage":"","manufacturer":"","material":"","model":"","mpn":"","name":"","offers":"","potentialAction":"","productID":"","productionDate":"","purchaseDate":"","releaseDate":"","review":"","reviews":"","sameAs":"","sku":"","slogan":"","subjectOf":"","url":"","weight":"","width":""}},"acf":[],"yoast_head":"<!-- This site is optimized with the Yoast SEO plugin v27.4 - https:\/\/yoast.com\/product\/yoast-seo-wordpress\/ -->\n<title>Coggle: recensione programma mappe mentali - Accurate Reviews<\/title>\n<meta name=\"description\" content=\"Coggle: recensione piattaforma collaborativa di visualizzazione dei dati per la creazione di mappe mentali e diagrammi di flusso.\" \/>\n<meta name=\"robots\" content=\"index, follow, max-snippet:-1, max-image-preview:large, max-video-preview:-1\" \/>\n<link rel=\"canonical\" href=\"https:\/\/www.accuratereviews.com\/it\/programmi-mappe-mentali\/coggle-recensione\/\" \/>\n<meta property=\"og:locale\" content=\"it_IT\" \/>\n<meta property=\"og:type\" content=\"article\" \/>\n<meta property=\"og:title\" content=\"Coggle: recensione programma mappe mentali - Accurate Reviews\" \/>\n<meta property=\"og:description\" content=\"Coggle: recensione piattaforma collaborativa di visualizzazione dei dati per la creazione di mappe mentali e diagrammi di flusso.\" \/>\n<meta property=\"og:url\" content=\"https:\/\/www.accuratereviews.com\/it\/programmi-mappe-mentali\/coggle-recensione\/\" \/>\n<meta property=\"og:site_name\" content=\"Accurate Reviews\" \/>\n<meta property=\"og:image\" content=\"https:\/\/www.accuratereviews.com\/wp-content\/uploads\/2022\/12\/Coggle.png\" \/>\n\t<meta property=\"og:image:width\" content=\"660\" \/>\n\t<meta property=\"og:image:height\" content=\"440\" \/>\n\t<meta property=\"og:image:type\" content=\"image\/png\" \/>\n<meta name=\"twitter:card\" content=\"summary_large_image\" \/>\n<meta name=\"twitter:label1\" content=\"Tempo di lettura stimato\" \/>\n\t<meta name=\"twitter:data1\" content=\"3 minuti\" \/>\n<script type=\"application\/ld+json\" class=\"yoast-schema-graph\">{\"@context\":\"https:\\\/\\\/schema.org\",\"@graph\":[{\"@type\":\"WebPage\",\"@id\":\"https:\\\/\\\/www.accuratereviews.com\\\/it\\\/programmi-mappe-mentali\\\/coggle-recensione\\\/\",\"url\":\"https:\\\/\\\/www.accuratereviews.com\\\/it\\\/programmi-mappe-mentali\\\/coggle-recensione\\\/\",\"name\":\"Coggle: recensione programma mappe mentali - Accurate Reviews\",\"isPartOf\":{\"@id\":\"https:\\\/\\\/www.accuratereviews.com\\\/it\\\/#website\"},\"primaryImageOfPage\":{\"@id\":\"https:\\\/\\\/www.accuratereviews.com\\\/it\\\/programmi-mappe-mentali\\\/coggle-recensione\\\/#primaryimage\"},\"image\":{\"@id\":\"https:\\\/\\\/www.accuratereviews.com\\\/it\\\/programmi-mappe-mentali\\\/coggle-recensione\\\/#primaryimage\"},\"thumbnailUrl\":\"https:\\\/\\\/www.accuratereviews.com\\\/wp-content\\\/uploads\\\/2022\\\/12\\\/Coggle.png\",\"datePublished\":\"2022-12-23T18:56:51+00:00\",\"description\":\"Coggle: recensione piattaforma collaborativa di visualizzazione dei dati per la creazione di mappe mentali e diagrammi di flusso.\",\"breadcrumb\":{\"@id\":\"https:\\\/\\\/www.accuratereviews.com\\\/it\\\/programmi-mappe-mentali\\\/coggle-recensione\\\/#breadcrumb\"},\"inLanguage\":\"it-IT\",\"potentialAction\":[{\"@type\":\"ReadAction\",\"target\":[\"https:\\\/\\\/www.accuratereviews.com\\\/it\\\/programmi-mappe-mentali\\\/coggle-recensione\\\/\"]}]},{\"@type\":\"ImageObject\",\"inLanguage\":\"it-IT\",\"@id\":\"https:\\\/\\\/www.accuratereviews.com\\\/it\\\/programmi-mappe-mentali\\\/coggle-recensione\\\/#primaryimage\",\"url\":\"https:\\\/\\\/www.accuratereviews.com\\\/wp-content\\\/uploads\\\/2022\\\/12\\\/Coggle.png\",\"contentUrl\":\"https:\\\/\\\/www.accuratereviews.com\\\/wp-content\\\/uploads\\\/2022\\\/12\\\/Coggle.png\",\"width\":660,\"height\":440},{\"@type\":\"BreadcrumbList\",\"@id\":\"https:\\\/\\\/www.accuratereviews.com\\\/it\\\/programmi-mappe-mentali\\\/coggle-recensione\\\/#breadcrumb\",\"itemListElement\":[{\"@type\":\"ListItem\",\"position\":1,\"name\":\"Home\",\"item\":\"https:\\\/\\\/www.accuratereviews.com\\\/it\\\/\"},{\"@type\":\"ListItem\",\"position\":2,\"name\":\"Programmi per mappe mentali\",\"item\":\"https:\\\/\\\/www.accuratereviews.com\\\/it\\\/programmi-mappe-mentali\\\/\"},{\"@type\":\"ListItem\",\"position\":3,\"name\":\"Coggle\"}]},{\"@type\":\"WebSite\",\"@id\":\"https:\\\/\\\/www.accuratereviews.com\\\/it\\\/#website\",\"url\":\"https:\\\/\\\/www.accuratereviews.com\\\/it\\\/\",\"name\":\"Accurate Reviews\",\"description\":\"\",\"potentialAction\":[{\"@type\":\"SearchAction\",\"target\":{\"@type\":\"EntryPoint\",\"urlTemplate\":\"https:\\\/\\\/www.accuratereviews.com\\\/it\\\/?s={search_term_string}\"},\"query-input\":{\"@type\":\"PropertyValueSpecification\",\"valueRequired\":true,\"valueName\":\"search_term_string\"}}],\"inLanguage\":\"it-IT\"}]}<\/script>\n<!-- \/ Yoast SEO plugin. -->","yoast_head_json":{"title":"Coggle: recensione programma mappe mentali - Accurate Reviews","description":"Coggle: recensione piattaforma collaborativa di visualizzazione dei dati per la creazione di mappe mentali e diagrammi di flusso.","robots":{"index":"index","follow":"follow","max-snippet":"max-snippet:-1","max-image-preview":"max-image-preview:large","max-video-preview":"max-video-preview:-1"},"canonical":"https:\/\/www.accuratereviews.com\/it\/programmi-mappe-mentali\/coggle-recensione\/","og_locale":"it_IT","og_type":"article","og_title":"Coggle: recensione programma mappe mentali - Accurate Reviews","og_description":"Coggle: recensione piattaforma collaborativa di visualizzazione dei dati per la creazione di mappe mentali e diagrammi di flusso.","og_url":"https:\/\/www.accuratereviews.com\/it\/programmi-mappe-mentali\/coggle-recensione\/","og_site_name":"Accurate Reviews","og_image":[{"width":660,"height":440,"url":"https:\/\/www.accuratereviews.com\/wp-content\/uploads\/2022\/12\/Coggle.png","type":"image\/png"}],"twitter_card":"summary_large_image","twitter_misc":{"Tempo di lettura stimato":"3 minuti"},"schema":{"@context":"https:\/\/schema.org","@graph":[{"@type":"WebPage","@id":"https:\/\/www.accuratereviews.com\/it\/programmi-mappe-mentali\/coggle-recensione\/","url":"https:\/\/www.accuratereviews.com\/it\/programmi-mappe-mentali\/coggle-recensione\/","name":"Coggle: recensione programma mappe mentali - Accurate Reviews","isPartOf":{"@id":"https:\/\/www.accuratereviews.com\/it\/#website"},"primaryImageOfPage":{"@id":"https:\/\/www.accuratereviews.com\/it\/programmi-mappe-mentali\/coggle-recensione\/#primaryimage"},"image":{"@id":"https:\/\/www.accuratereviews.com\/it\/programmi-mappe-mentali\/coggle-recensione\/#primaryimage"},"thumbnailUrl":"https:\/\/www.accuratereviews.com\/wp-content\/uploads\/2022\/12\/Coggle.png","datePublished":"2022-12-23T18:56:51+00:00","description":"Coggle: recensione piattaforma collaborativa di visualizzazione dei dati per la creazione di mappe mentali e diagrammi di flusso.","breadcrumb":{"@id":"https:\/\/www.accuratereviews.com\/it\/programmi-mappe-mentali\/coggle-recensione\/#breadcrumb"},"inLanguage":"it-IT","potentialAction":[{"@type":"ReadAction","target":["https:\/\/www.accuratereviews.com\/it\/programmi-mappe-mentali\/coggle-recensione\/"]}]},{"@type":"ImageObject","inLanguage":"it-IT","@id":"https:\/\/www.accuratereviews.com\/it\/programmi-mappe-mentali\/coggle-recensione\/#primaryimage","url":"https:\/\/www.accuratereviews.com\/wp-content\/uploads\/2022\/12\/Coggle.png","contentUrl":"https:\/\/www.accuratereviews.com\/wp-content\/uploads\/2022\/12\/Coggle.png","width":660,"height":440},{"@type":"BreadcrumbList","@id":"https:\/\/www.accuratereviews.com\/it\/programmi-mappe-mentali\/coggle-recensione\/#breadcrumb","itemListElement":[{"@type":"ListItem","position":1,"name":"Home","item":"https:\/\/www.accuratereviews.com\/it\/"},{"@type":"ListItem","position":2,"name":"Programmi per mappe mentali","item":"https:\/\/www.accuratereviews.com\/it\/programmi-mappe-mentali\/"},{"@type":"ListItem","position":3,"name":"Coggle"}]},{"@type":"WebSite","@id":"https:\/\/www.accuratereviews.com\/it\/#website","url":"https:\/\/www.accuratereviews.com\/it\/","name":"Accurate Reviews","description":"","potentialAction":[{"@type":"SearchAction","target":{"@type":"EntryPoint","urlTemplate":"https:\/\/www.accuratereviews.com\/it\/?s={search_term_string}"},"query-input":{"@type":"PropertyValueSpecification","valueRequired":true,"valueName":"search_term_string"}}],"inLanguage":"it-IT"}]}},"_links":{"self":[{"href":"https:\/\/www.accuratereviews.com\/it\/wp-json\/wp\/v2\/pages\/65303","targetHints":{"allow":["GET"]}}],"collection":[{"href":"https:\/\/www.accuratereviews.com\/it\/wp-json\/wp\/v2\/pages"}],"about":[{"href":"https:\/\/www.accuratereviews.com\/it\/wp-json\/wp\/v2\/types\/page"}],"author":[{"embeddable":true,"href":"https:\/\/www.accuratereviews.com\/it\/wp-json\/wp\/v2\/users\/19"}],"replies":[{"embeddable":true,"href":"https:\/\/www.accuratereviews.com\/it\/wp-json\/wp\/v2\/comments?post=65303"}],"version-history":[{"count":13,"href":"https:\/\/www.accuratereviews.com\/it\/wp-json\/wp\/v2\/pages\/65303\/revisions"}],"predecessor-version":[{"id":65341,"href":"https:\/\/www.accuratereviews.com\/it\/wp-json\/wp\/v2\/pages\/65303\/revisions\/65341"}],"up":[{"embeddable":true,"href":"https:\/\/www.accuratereviews.com\/it\/wp-json\/wp\/v2\/pages\/65102"}],"wp:featuredmedia":[{"embeddable":true,"href":"https:\/\/www.accuratereviews.com\/it\/wp-json\/wp\/v2\/media\/65310"}],"wp:attachment":[{"href":"https:\/\/www.accuratereviews.com\/it\/wp-json\/wp\/v2\/media?parent=65303"}],"wp:term":[{"taxonomy":"category","embeddable":true,"href":"https:\/\/www.accuratereviews.com\/it\/wp-json\/wp\/v2\/categories?post=65303"},{"taxonomy":"post_tag","embeddable":true,"href":"https:\/\/www.accuratereviews.com\/it\/wp-json\/wp\/v2\/tags?post=65303"},{"taxonomy":"features","embeddable":true,"href":"https:\/\/www.accuratereviews.com\/it\/wp-json\/wp\/v2\/features?post=65303"}],"curies":[{"name":"wp","href":"https:\/\/api.w.org\/{rel}","templated":true}]}}