{"id":65391,"date":"2022-12-27T18:12:54","date_gmt":"2022-12-27T18:12:54","guid":{"rendered":"https:\/\/www.accuratereviews.com\/?page_id=65391"},"modified":"2022-12-27T20:55:33","modified_gmt":"2022-12-27T20:55:33","slug":"mindomo-recensione","status":"publish","type":"page","link":"https:\/\/www.accuratereviews.com\/it\/programmi-mappe-mentali\/mindomo-recensione\/","title":{"rendered":"Mindomo"},"content":{"rendered":"<p><strong>Mindomo<\/strong> \u00e8 sia\u00a0<strong>strumento di mappatura mentale<\/strong> online che fornitore di servizi collaborativi. Offre l&#8217;ambiente perfetto per sviluppare i concetti, il brainstorming e il lavoro all&#8217;interno di un team.\u00a0La soluzione include una funzionalit\u00e0 hashtag, che consente ai team di filtrare ed evidenziare determinate idee per presentare strategicamente piani aziendali.<br \/>\nLe aziende possono utilizzarlo per condividere cartelle o file modificabili con pi\u00f9 dipartimenti, impostare e analizzare gli obiettivi del progetto e registrare i verbali delle riunioni. Inoltre, i professionisti possono tenere traccia e monitorare l&#8217;avanzamento dei progetti nei diagrammi di Gantt. Dispone di un&#8217;interfaccia di programmazione dell&#8217;applicazione (API), che consente alle aziende di integrare il sistema con diverse applicazioni di terze parti come G-Suite, Dropbox, Evernote, Google Classroom, Canvas, Blackboard e altro.<\/p>\n<h2>MINDOMO &#8211; TUTORIAL<\/h2>\n<div id=\"fluid-wrapper-counter-1\" class=\"g1-fluid-wrapper \" style=\"width:686px;\">\n<div style=\"padding-bottom:56.268221574344%;\"><iframe loading=\"lazy\" title=\"Mindomo - Microsoft Teams demo\" width=\"686\" height=\"386\" src=\"https:\/\/www.youtube.com\/embed\/MBnCylgD3Bk?feature=oembed&amp;wmode=transparent&amp;autohide=1&amp;autoplay=0&amp;disablekb=0&amp;fs=1&amp;loop=0&amp;enablejsapi=1&amp;rel=0&amp;controls=2&amp;showinfo=0&amp;wmode=transparent&amp;autohide=2&amp;autoplay=0&amp;disablekb=0&amp;fs=1&amp;loop=0&amp;enablejsapi=1&amp;rel=0&amp;controls=2&amp;showinfo=1\" frameborder=\"0\" allow=\"accelerometer; autoplay; clipboard-write; encrypted-media; gyroscope; picture-in-picture\" allowfullscreen><\/iframe><\/div>\n<\/div>\n<h3>MINDOMO &#8211; CARATTERISTICHE<\/h3>\n<ul>\n<li><strong>Collegamenti ipertestuali e allegati<\/strong>: aggiungi risorse di collegamenti ipertestuali, trascina e rilascia file direttamente nella mappa, carica file dal tuo computer o scegli tra file caricati in precedenza.<\/li>\n<li><strong>Nota<\/strong>: crea note per aggiungere corpi di testo pi\u00f9 grandi agli argomenti nelle tue mappe.<\/li>\n<li><strong>Video<\/strong>: cerca i video di YouTube e Vimeo direttamente e allegali alla tua mappa.<\/li>\n<li><strong>Immagini web:<\/strong> cerca le immagini web direttamente dalla mappa e aggiungile all&#8217;argomento con un doppio clic.<\/li>\n<li><strong>Icona e galleria di immagini<\/strong>: sfoglia la galleria per le icone personalizzate create dal nostro team.<\/li>\n<li><strong>Caricamento di documenti e video<\/strong>: aggiungi documenti e video personali dal tuo computer, account Google Drive, OneDrive e Dropbox.<\/li>\n<li><strong>Formule matematiche<\/strong>: annota le formule matematiche in Notes utilizzando lo standard LaTeX.<\/li>\n<li><strong>Stampa:<\/strong> stampa le tue mappe mentali come documenti PDF ad alta fedelt\u00e0.<\/li>\n<li><strong>Modalit\u00e0 presentazione<\/strong>: trasforma qualsiasi mappa mentale in una presentazione diapositiva per diapositiva.<\/li>\n<li><strong>Annulla Ripristina<\/strong>: ripristina le modifiche eliminate involontariamente con un solo clic.<\/li>\n<li><strong>Importazione di file<\/strong>: importa vari file dal tuo computer, account Google Drive, OneDrive e Dropbox e trasformali in mappe mentali: TXT, OPML, XLSX, XLS.<\/li>\n<li><strong>Esportare le mappe<\/strong>: usa le tue mappe mentali al di fuori di Mindomo in vari formati: Mindomo File, Mindomo Pack Map, Freemind, MindManager, PDF, DOCX, PPTX, TXT, OPML, MPX, XML, HTML, ZIP e PNG.<\/li>\n<li><strong>Tasti rapidi<\/strong>: un elenco completo di scorciatoie da tastiera per la modifica della mappa, la selezione di elementi, l&#8217;espansione\/compressione di argomenti, l&#8217;apertura di pannelli e la navigazione nella mappa.<\/li>\n<li><strong>Registrazione audio<\/strong>: registra il tuo discorso direttamente dalla mappa mentale.<\/li>\n<li><strong>Modifica senza connessione a Internet<\/strong>: lavora sulla tua mappa anche se sei disconnesso da Internet, le modifiche verranno sincronizzate al ripristino della connessione Internet.<\/li>\n<li><strong>Organizzazione delle cartelle:<\/strong> organizza le mappe in cartelle per riordinare la dashboard e gestire le informazioni in modo pi\u00f9 efficiente.<\/li>\n<li><strong>Scarica collettivo<\/strong>: scarica tutte le tue mappe mentali in un unico file ZIP.<\/li>\n<li><strong>Zoom avanti e indietro:<\/strong> ottieni una vista ravvicinata della tua mappa o rimpicciolisci per vederne di pi\u00f9 a dimensioni ridotte.<\/li>\n<li><strong>Deposito personalizzato<\/strong>: scegli pacchetti con spazio di archiviazione compreso tra 1 GB e 15 GB in base al numero di risorse che desideri aggiungere alle tue mappe.<\/li>\n<li><strong>Supporto email<\/strong>: approfitta dell&#8217;assistenza via e-mail dal luned\u00ec al venerd\u00ec, dalle 9:00 alle 18:00 EET.<\/li>\n<li><strong>Hashtag<\/strong>: aggiungi hashtag a parole o frasi in un argomento per trovare pi\u00f9 facilmente contenuti specifici e vedere corrispondenze accurate che presentano singole frasi nella tua ricerca.<\/li>\n<\/ul>\n<h4>LE RECENSIONI DEGLI UTENTI<\/h4>\n<p><strong>Didier&#8221;Ottimo strumento&#8221;<\/strong><br \/>\n<strong>Commenti<\/strong>: Ho usato diversi strumenti gratuiti\/a pagamento per il mindmapping: Mindmeister, Xmind, Freemind e alcuni altri. Il mio preferito era Xmind fino a quando non hanno cambiato la loro strategia cloud. Mindomo era la migliore alternativa al prezzo perfetto per il mio uso.<br \/>\n<strong>Pro<\/strong>: puoi salvare\/gestire le mappe mentali nel cloud. Puoi personalizzare i modelli. Puoi condividere\/aggiungere segnalibri agli URL delle mappe. Puoi utilizzare un enorme database di modelli\/esempi (come alcuni altri concorrenti)<br \/>\n<strong>Contro<\/strong>: la sezione di modifica del testo per le annotazioni potrebbe essere migliorata con una finestra ridimensionabile e mobile migliore<\/p>\n<p><strong>Matt&#8221;Ho usato questo software per molti anni&#8221;<\/strong><br \/>\n<strong>Pro<\/strong>: Facile da usare, intuitivo, integrazione con Google Drive: ha tutte le funzionalit\u00e0 che desidero in uno strumento di mappatura mentale.<br \/>\n<strong>Contro<\/strong>: Mi piace che sia basato sul Web, ma a volte i problemi di connettivit\u00e0 possono causare problemi. Ma non \u00e8 colpa del software stesso.<\/p>\n<p><strong>Henrique Thomas&#8221;Mindomo stile di vita&#8221;<\/strong><br \/>\n<strong>Commenti<\/strong>: Questo sta cambiando in meglio, il modo in cui organizzo le mie informazioni prima di iniziare a disegnare i concetti del progetto.\u00a0Mindomo \u00e8 il primo passo, quindi posso sentirmi rilassato perch\u00e9 so che tutto ci\u00f2 che voglio \u00e8 nella mia mappa mentale per una ricerca veloce.<br \/>\n<strong>Pro<\/strong>: Il mio team aveva difficolt\u00e0 a organizzare le idee del progetto. Ho iniziato a usare Mindomo per curiosit\u00e0 dopo aver letto un libro intitolato &#8220;Mindmapping&#8221; di Tony Buzan. Al primo tentativo non ho raggiunto quello che volevo ma dopo alcuni tentativi, i risultati hanno iniziato a farsi vedere. Dopo aver preso confidenza con Mindomo, ho mostrato alla squadra a cui \u00e8 piaciuto molto perch\u00e9 era facile da capire e da usare.<br \/>\n<strong>Contro<\/strong>: Per ora, non riesco a trovare qualcosa che disapprovo.<\/p>\n","protected":false},"excerpt":{"rendered":"<p>Mindomo \u00e8 sia\u00a0strumento di mappatura mentale online che fornitore di servizi collaborativi. Offre l&#8217;ambiente perfetto per sviluppare i concetti, il brainstorming e il lavoro all&#8217;interno di un team.\u00a0La soluzione include una funzionalit\u00e0 hashtag, che consente ai team di filtrare ed evidenziare determinate idee per presentare strategicamente piani aziendali.<\/p>\n","protected":false},"author":19,"featured_media":65407,"parent":65102,"menu_order":0,"comment_status":"open","ping_status":"closed","template":"g1_template_page_review_new.php","meta":{"_acf_changed":false,"cwp_meta_box_check":"Yes","cwp_rev_product_name":"","cwp_rev_product_image":"","wppr_links":[],"cwp_rev_price":"0.00","wppr_options":[{"name":"Usability","value":"0"},{"name":"Speed","value":"0"},{"name":"Features","value":"0"},{"name":"Support","value":"0"},{"name":"Pricing","value":"0"}],"wppr_pros":["","","","",""],"wppr_cons":["","","","",""],"_monsterinsights_skip_tracking":false,"_monsterinsights_sitenote_active":false,"_monsterinsights_sitenote_note":"","_monsterinsights_sitenote_category":0,"footnotes":""},"categories":[13899],"tags":[13932,13901,13951,13905,13902,13928,13903],"features":[],"class_list":{"0":"post-65391","1":"page","2":"type-page","3":"status-publish","4":"has-post-thumbnail","6":"category-programmi-mappe-mentali-cat","7":"tag-mappatura-mentale","8":"tag-mappe-mentali","9":"tag-mindomo","10":"tag-piattaforma-per-mappe-mentali","11":"tag-programma-per-mappe-mentali","12":"tag-software-per-mappe-mentale","13":"tag-soluzione-per-mappe-mentali"},"wppr_data":{"cwp_meta_box_check":"Yes","_wppr_review_template":"default","cwp_rev_product_image":"","cwp_image_link":"image","wppr_links":[],"cwp_rev_price":"0.00","wppr_pros":["","","","",""],"wppr_cons":["","","","",""],"wppr_rating":"0.00","wppr_options":{"1":{"name":"Usability","value":"0"},"2":{"name":"Speed","value":"0"},"3":{"name":"Features","value":"0"},"4":{"name":"Support","value":"0"},"5":{"name":"Pricing","value":"0"}},"wppr_review_type":"Product","wppr_review_custom_fields":{"additionalProperty":"","additionalType":"","aggregateRating":"","alternateName":"","audience":"","award":"","awards":"","brand":"","color":"","depth":"","description":"","disambiguatingDescription":"","gtin12":"","gtin13":"","gtin14":"","gtin8":"","height":"","identifier":"","image":"","isAccessoryOrSparePartFor":"","isConsumableFor":"","isRelatedTo":"","isSimilarTo":"","itemCondition":"","logo":"","mainEntityOfPage":"","manufacturer":"","material":"","model":"","mpn":"","name":"","offers":"","potentialAction":"","productID":"","productionDate":"","purchaseDate":"","releaseDate":"","review":"","reviews":"","sameAs":"","sku":"","slogan":"","subjectOf":"","url":"","weight":"","width":""}},"acf":[],"yoast_head":"<!-- This site is optimized with the Yoast SEO plugin v27.4 - https:\/\/yoast.com\/product\/yoast-seo-wordpress\/ -->\n<title>Mindomo: recensione programma mappe mentali - AR<\/title>\n<meta name=\"description\" content=\"Mindomo: recensione programma di mappe mentali online che offre l&#039;ambiente perfetto per lo sviluppo di concetti.\" \/>\n<meta name=\"robots\" content=\"index, follow, max-snippet:-1, max-image-preview:large, max-video-preview:-1\" \/>\n<link rel=\"canonical\" href=\"https:\/\/www.accuratereviews.com\/it\/programmi-mappe-mentali\/mindomo-recensione\/\" \/>\n<meta property=\"og:locale\" content=\"it_IT\" \/>\n<meta property=\"og:type\" content=\"article\" \/>\n<meta property=\"og:title\" content=\"Mindomo: recensione programma mappe mentali - AR\" \/>\n<meta property=\"og:description\" content=\"Mindomo: recensione programma di mappe mentali online che offre l&#039;ambiente perfetto per lo sviluppo di concetti.\" \/>\n<meta property=\"og:url\" content=\"https:\/\/www.accuratereviews.com\/it\/programmi-mappe-mentali\/mindomo-recensione\/\" \/>\n<meta property=\"og:site_name\" content=\"Accurate Reviews\" \/>\n<meta property=\"article:modified_time\" content=\"2022-12-27T20:55:33+00:00\" \/>\n<meta property=\"og:image\" content=\"https:\/\/www.accuratereviews.com\/wp-content\/uploads\/2022\/12\/mindomo.com_.jpeg\" \/>\n\t<meta property=\"og:image:width\" content=\"1280\" \/>\n\t<meta property=\"og:image:height\" content=\"888\" \/>\n\t<meta property=\"og:image:type\" content=\"image\/jpeg\" \/>\n<meta name=\"twitter:card\" content=\"summary_large_image\" \/>\n<meta name=\"twitter:label1\" content=\"Tempo di lettura stimato\" \/>\n\t<meta name=\"twitter:data1\" content=\"5 minuti\" \/>\n<script type=\"application\/ld+json\" class=\"yoast-schema-graph\">{\"@context\":\"https:\\\/\\\/schema.org\",\"@graph\":[{\"@type\":\"WebPage\",\"@id\":\"https:\\\/\\\/www.accuratereviews.com\\\/it\\\/programmi-mappe-mentali\\\/mindomo-recensione\\\/\",\"url\":\"https:\\\/\\\/www.accuratereviews.com\\\/it\\\/programmi-mappe-mentali\\\/mindomo-recensione\\\/\",\"name\":\"Mindomo: recensione programma mappe mentali - AR\",\"isPartOf\":{\"@id\":\"https:\\\/\\\/www.accuratereviews.com\\\/it\\\/#website\"},\"primaryImageOfPage\":{\"@id\":\"https:\\\/\\\/www.accuratereviews.com\\\/it\\\/programmi-mappe-mentali\\\/mindomo-recensione\\\/#primaryimage\"},\"image\":{\"@id\":\"https:\\\/\\\/www.accuratereviews.com\\\/it\\\/programmi-mappe-mentali\\\/mindomo-recensione\\\/#primaryimage\"},\"thumbnailUrl\":\"https:\\\/\\\/www.accuratereviews.com\\\/wp-content\\\/uploads\\\/2022\\\/12\\\/mindomo.com_.jpeg\",\"datePublished\":\"2022-12-27T18:12:54+00:00\",\"dateModified\":\"2022-12-27T20:55:33+00:00\",\"description\":\"Mindomo: recensione programma di mappe mentali online che offre l'ambiente perfetto per lo sviluppo di concetti.\",\"breadcrumb\":{\"@id\":\"https:\\\/\\\/www.accuratereviews.com\\\/it\\\/programmi-mappe-mentali\\\/mindomo-recensione\\\/#breadcrumb\"},\"inLanguage\":\"it-IT\",\"potentialAction\":[{\"@type\":\"ReadAction\",\"target\":[\"https:\\\/\\\/www.accuratereviews.com\\\/it\\\/programmi-mappe-mentali\\\/mindomo-recensione\\\/\"]}]},{\"@type\":\"ImageObject\",\"inLanguage\":\"it-IT\",\"@id\":\"https:\\\/\\\/www.accuratereviews.com\\\/it\\\/programmi-mappe-mentali\\\/mindomo-recensione\\\/#primaryimage\",\"url\":\"https:\\\/\\\/www.accuratereviews.com\\\/wp-content\\\/uploads\\\/2022\\\/12\\\/mindomo.com_.jpeg\",\"contentUrl\":\"https:\\\/\\\/www.accuratereviews.com\\\/wp-content\\\/uploads\\\/2022\\\/12\\\/mindomo.com_.jpeg\",\"width\":1280,\"height\":888},{\"@type\":\"BreadcrumbList\",\"@id\":\"https:\\\/\\\/www.accuratereviews.com\\\/it\\\/programmi-mappe-mentali\\\/mindomo-recensione\\\/#breadcrumb\",\"itemListElement\":[{\"@type\":\"ListItem\",\"position\":1,\"name\":\"Home\",\"item\":\"https:\\\/\\\/www.accuratereviews.com\\\/it\\\/\"},{\"@type\":\"ListItem\",\"position\":2,\"name\":\"Programmi per mappe mentali\",\"item\":\"https:\\\/\\\/www.accuratereviews.com\\\/it\\\/programmi-mappe-mentali\\\/\"},{\"@type\":\"ListItem\",\"position\":3,\"name\":\"Mindomo\"}]},{\"@type\":\"WebSite\",\"@id\":\"https:\\\/\\\/www.accuratereviews.com\\\/it\\\/#website\",\"url\":\"https:\\\/\\\/www.accuratereviews.com\\\/it\\\/\",\"name\":\"Accurate Reviews\",\"description\":\"\",\"potentialAction\":[{\"@type\":\"SearchAction\",\"target\":{\"@type\":\"EntryPoint\",\"urlTemplate\":\"https:\\\/\\\/www.accuratereviews.com\\\/it\\\/?s={search_term_string}\"},\"query-input\":{\"@type\":\"PropertyValueSpecification\",\"valueRequired\":true,\"valueName\":\"search_term_string\"}}],\"inLanguage\":\"it-IT\"}]}<\/script>\n<!-- \/ Yoast SEO plugin. -->","yoast_head_json":{"title":"Mindomo: recensione programma mappe mentali - AR","description":"Mindomo: recensione programma di mappe mentali online che offre l'ambiente perfetto per lo sviluppo di concetti.","robots":{"index":"index","follow":"follow","max-snippet":"max-snippet:-1","max-image-preview":"max-image-preview:large","max-video-preview":"max-video-preview:-1"},"canonical":"https:\/\/www.accuratereviews.com\/it\/programmi-mappe-mentali\/mindomo-recensione\/","og_locale":"it_IT","og_type":"article","og_title":"Mindomo: recensione programma mappe mentali - AR","og_description":"Mindomo: recensione programma di mappe mentali online che offre l'ambiente perfetto per lo sviluppo di concetti.","og_url":"https:\/\/www.accuratereviews.com\/it\/programmi-mappe-mentali\/mindomo-recensione\/","og_site_name":"Accurate Reviews","article_modified_time":"2022-12-27T20:55:33+00:00","og_image":[{"width":1280,"height":888,"url":"https:\/\/www.accuratereviews.com\/wp-content\/uploads\/2022\/12\/mindomo.com_.jpeg","type":"image\/jpeg"}],"twitter_card":"summary_large_image","twitter_misc":{"Tempo di lettura stimato":"5 minuti"},"schema":{"@context":"https:\/\/schema.org","@graph":[{"@type":"WebPage","@id":"https:\/\/www.accuratereviews.com\/it\/programmi-mappe-mentali\/mindomo-recensione\/","url":"https:\/\/www.accuratereviews.com\/it\/programmi-mappe-mentali\/mindomo-recensione\/","name":"Mindomo: recensione programma mappe mentali - AR","isPartOf":{"@id":"https:\/\/www.accuratereviews.com\/it\/#website"},"primaryImageOfPage":{"@id":"https:\/\/www.accuratereviews.com\/it\/programmi-mappe-mentali\/mindomo-recensione\/#primaryimage"},"image":{"@id":"https:\/\/www.accuratereviews.com\/it\/programmi-mappe-mentali\/mindomo-recensione\/#primaryimage"},"thumbnailUrl":"https:\/\/www.accuratereviews.com\/wp-content\/uploads\/2022\/12\/mindomo.com_.jpeg","datePublished":"2022-12-27T18:12:54+00:00","dateModified":"2022-12-27T20:55:33+00:00","description":"Mindomo: recensione programma di mappe mentali online che offre l'ambiente perfetto per lo sviluppo di concetti.","breadcrumb":{"@id":"https:\/\/www.accuratereviews.com\/it\/programmi-mappe-mentali\/mindomo-recensione\/#breadcrumb"},"inLanguage":"it-IT","potentialAction":[{"@type":"ReadAction","target":["https:\/\/www.accuratereviews.com\/it\/programmi-mappe-mentali\/mindomo-recensione\/"]}]},{"@type":"ImageObject","inLanguage":"it-IT","@id":"https:\/\/www.accuratereviews.com\/it\/programmi-mappe-mentali\/mindomo-recensione\/#primaryimage","url":"https:\/\/www.accuratereviews.com\/wp-content\/uploads\/2022\/12\/mindomo.com_.jpeg","contentUrl":"https:\/\/www.accuratereviews.com\/wp-content\/uploads\/2022\/12\/mindomo.com_.jpeg","width":1280,"height":888},{"@type":"BreadcrumbList","@id":"https:\/\/www.accuratereviews.com\/it\/programmi-mappe-mentali\/mindomo-recensione\/#breadcrumb","itemListElement":[{"@type":"ListItem","position":1,"name":"Home","item":"https:\/\/www.accuratereviews.com\/it\/"},{"@type":"ListItem","position":2,"name":"Programmi per mappe mentali","item":"https:\/\/www.accuratereviews.com\/it\/programmi-mappe-mentali\/"},{"@type":"ListItem","position":3,"name":"Mindomo"}]},{"@type":"WebSite","@id":"https:\/\/www.accuratereviews.com\/it\/#website","url":"https:\/\/www.accuratereviews.com\/it\/","name":"Accurate Reviews","description":"","potentialAction":[{"@type":"SearchAction","target":{"@type":"EntryPoint","urlTemplate":"https:\/\/www.accuratereviews.com\/it\/?s={search_term_string}"},"query-input":{"@type":"PropertyValueSpecification","valueRequired":true,"valueName":"search_term_string"}}],"inLanguage":"it-IT"}]}},"_links":{"self":[{"href":"https:\/\/www.accuratereviews.com\/it\/wp-json\/wp\/v2\/pages\/65391","targetHints":{"allow":["GET"]}}],"collection":[{"href":"https:\/\/www.accuratereviews.com\/it\/wp-json\/wp\/v2\/pages"}],"about":[{"href":"https:\/\/www.accuratereviews.com\/it\/wp-json\/wp\/v2\/types\/page"}],"author":[{"embeddable":true,"href":"https:\/\/www.accuratereviews.com\/it\/wp-json\/wp\/v2\/users\/19"}],"replies":[{"embeddable":true,"href":"https:\/\/www.accuratereviews.com\/it\/wp-json\/wp\/v2\/comments?post=65391"}],"version-history":[{"count":10,"href":"https:\/\/www.accuratereviews.com\/it\/wp-json\/wp\/v2\/pages\/65391\/revisions"}],"predecessor-version":[{"id":65433,"href":"https:\/\/www.accuratereviews.com\/it\/wp-json\/wp\/v2\/pages\/65391\/revisions\/65433"}],"up":[{"embeddable":true,"href":"https:\/\/www.accuratereviews.com\/it\/wp-json\/wp\/v2\/pages\/65102"}],"wp:featuredmedia":[{"embeddable":true,"href":"https:\/\/www.accuratereviews.com\/it\/wp-json\/wp\/v2\/media\/65407"}],"wp:attachment":[{"href":"https:\/\/www.accuratereviews.com\/it\/wp-json\/wp\/v2\/media?parent=65391"}],"wp:term":[{"taxonomy":"category","embeddable":true,"href":"https:\/\/www.accuratereviews.com\/it\/wp-json\/wp\/v2\/categories?post=65391"},{"taxonomy":"post_tag","embeddable":true,"href":"https:\/\/www.accuratereviews.com\/it\/wp-json\/wp\/v2\/tags?post=65391"},{"taxonomy":"features","embeddable":true,"href":"https:\/\/www.accuratereviews.com\/it\/wp-json\/wp\/v2\/features?post=65391"}],"curies":[{"name":"wp","href":"https:\/\/api.w.org\/{rel}","templated":true}]}}