{"id":65393,"date":"2022-12-27T18:10:03","date_gmt":"2022-12-27T18:10:03","guid":{"rendered":"https:\/\/www.accuratereviews.com\/?page_id=65393"},"modified":"2022-12-27T21:25:51","modified_gmt":"2022-12-27T21:25:51","slug":"moqups-recensione","status":"publish","type":"page","link":"https:\/\/www.accuratereviews.com\/it\/programmi-mappe-mentali\/moqups-recensione\/","title":{"rendered":"Moqups"},"content":{"rendered":"<p><strong>Moqups<\/strong> \u00e8 un<strong> software di collaborazione visiva<\/strong> basato su <strong>cloud<\/strong>, progettato per aiutare le organizzazioni a creare e convalidare prototipi funzionali per la progettazione di siti web o applicazioni mobili. I team possono utilizzare la funzionalit\u00e0 della lavagna per collaborare su diagrammi, wireframe e modelli. Gli strumenti di creazione di diagrammi consentono ai progettisti di sviluppare mappe del sito, storyboard o diagrammi di flusso e di navigare tra i componenti.<br \/>\nLe funzionalit\u00e0 includono la gestione dei ruoli e delle autorizzazioni, i registri di controllo delle attivit\u00e0, i progetti privati, il Single Sign-On (SSO) e altro ancora. I manager possono aggiungere annotazioni o commenti, modificare i progetti e comunicare tramite chat, facilitando il coinvolgimento in tempo reale tra i progetti.\u00a0Supporta l&#8217;integrazione con varie applicazioni di terze parti tra cui Slack, Google Drive e Dropbox.<\/p>\n<h2>MOQUPS &#8211; TUTORIAL<\/h2>\n<div id=\"fluid-wrapper-counter-1\" class=\"g1-fluid-wrapper \" style=\"width:686px;\">\n<div style=\"padding-bottom:56.268221574344%;\"><iframe loading=\"lazy\" title=\"Moqups Tour\" width=\"686\" height=\"386\" src=\"https:\/\/www.youtube.com\/embed\/rDOkWyhXRgs?feature=oembed&amp;wmode=transparent&amp;autohide=1&amp;autoplay=0&amp;disablekb=0&amp;fs=1&amp;loop=0&amp;enablejsapi=1&amp;rel=0&amp;controls=2&amp;showinfo=0&amp;wmode=transparent&amp;autohide=2&amp;autoplay=0&amp;disablekb=0&amp;fs=1&amp;loop=0&amp;enablejsapi=1&amp;rel=0&amp;controls=2&amp;showinfo=1\" frameborder=\"0\" allow=\"accelerometer; autoplay; clipboard-write; encrypted-media; gyroscope; picture-in-picture\" allowfullscreen><\/iframe><\/div>\n<\/div>\n<h3>MOQUPS &#8211; CARATTERISTICHE<\/h3>\n<div class=\"uk-grid\">\n<div class=\"uk-width-1-1 uk-width-medium-5-6 uk-container-center\">\n<div class=\"uk-flex uk-flex-space-between feature__list\">\n<div class=\"margin__left--small\">\n<div class=\"block__icon uk-clearfix\">\n<div class=\"block__icon__content\">\n<ul>\n<li class=\"block__icon__text\"><strong>Stencil freschi e pronti per l&#8217;uso per tutti i casi d&#8217;uso popolari<\/strong>: trascina e rilascia elementi &#8211; rapidamente e facilmente &#8211; da una biblioteca completa di widget e smart-shape.\u00a0Scegli da una gamma di kit di stencil integrati sia per app mobile che per web design &#8211; compresi iOS, Android e Bootstrap.<\/li>\n<li class=\"block__icon__text\"><strong>Biblioteca integrata con migliaia di set di icone popolari<\/strong>: scegli da Font Awesome, Material Design e Hawcons &#8211; a portata di mano. Aggiorna le icone con sostituzione trascina-e-rilascia intelligente che preserva la dimensione, la posizione e lo stile.<\/li>\n<li class=\"block__icon__text\"><strong>Trascina e rilascia per importare immagini dal tuo desktop o da applicazioni<\/strong>: carica design predefiniti e convertili rapidamente in prototipi interattivi. Crea multiple versioni della stessa immagine con il taglio non distruttivo.<\/li>\n<li class=\"block__icon__text\"><strong>Vasta gamma di font e opzioni di stile<\/strong>: scegli da centinaia di possibilit\u00e0 di font con il Google Fonts integrato. Perfeziona il testo a modo che si abbini ai tuoi design con i controlli di tipografia avanzati.<\/li>\n<li class=\"block__icon__text\"><strong>Veloce, intuitiva e precisa modifica degli elementi<\/strong>: ridimensiona, ruota, allinea e modella elementi &#8211; o trasforma multipli elementi e gruppi &#8211; con strumenti intelligenti e dinamici.\u00a0Modifica in massa, rinomina, blocca e raggruppa elementi. Annulla o ripeti su vari livelli. Identifica rapidamente elementi, naviga tra i gruppi inseriti e attiva\/disattiva la visibilit\u00e0 &#8211; tutto all&#8217;interno del pannello dello Schema.\u00a0Fai regolazioni di precisione con griglie, righelli, guide personalizzate, griglie di aggancio e strumenti di allineamento rapidi. Scala, senza perdita di qualit\u00e0, con ingrandimento vettoriale.<\/li>\n<li class=\"block__icon__text\"><strong>Potente, flessibile e scalabile e gestione della pagina<\/strong>: gestisci progetti di qualsiasi dimensione o complessit\u00e0 con strumenti potenti di Gestione della Pagina. Trascina e rilascia le pagine per riordinarle rapidamente &#8211; o per organizzarle in cartelle. Cerca e naviga tra gerarchie di cartelle complesse con la nostra Scheda Pagine. Nascondi pagine o cartelle &#8211; che non sono ancora pronte ad essere mostrate &#8211; con un semplice click del mouse. Salva tempo sfruttando le Pagine Master e applicando automaticamente qualsiasi modifiche a tutte le pagine associate.<\/li>\n<\/ul>\n<h4>LE RECENSIONI DEGLI UTENTI<\/h4>\n<p><strong>Cintya &#8220;Intuitivo e fantastico&#8221;<\/strong><br \/>\n<strong>Commenti<\/strong>: Il software \u00e8 fantastico e facile da usare. Ad essere sincero non trovo alcun contro da esprimere!<br \/>\n<strong>Pro<\/strong>: Adoro la facilit\u00e0 d&#8217;uso di questo software. Sicuramente con questo strumento produco un lavoro visivo migliore per i miei clienti.<br \/>\n<strong>Contro<\/strong>: Non ho davvero alcun contro da dire sul software, ovviamente la versione di prova gratuita non \u00e8 sorprendente come la versione a pagamento.<\/p>\n<p><strong>Mariela &#8220;Ci piace&#8221;<\/strong><br \/>\n<strong>Commenti<\/strong>: Ho testato altre opzioni e ho deciso per Moqups fondamentalmente a causa del suo ambiente fluido e intuitivo.<br \/>\n<strong>Pro<\/strong>: Facile da usare, bella interfaccia utente, pu\u00f2 essere utilizzato in modo molto intuitivo da chiunque, anche da qualcuno con capacit\u00e0 di progettazione di base.<br \/>\n<strong>Contro<\/strong>: Niente a cui riesco a pensare davvero. L&#8217;unica cosa che non ho potuto apprezzare appieno \u00e8 l&#8217;integrazione di Trello e personalizzarla per rendere la mia vita ancora pi\u00f9 semplice :)<\/p>\n<p><strong>Pablo &#8220;Non sono un designer esperto, potrei progettare una bella bozza di pagina web&#8221;<\/strong><br \/>\n<strong>Pro<\/strong>: Stavo cercando una semplice app per mettere insieme le mie idee di progettazione di pagine web. Potrei consegnare una bozza solida al mio team di sviluppatori. La condivisione \u00e8 stata facile e intuitiva. Anche la versione gratuita \u00e8 abbastanza potente. Il trascinamento della selezione, la modifica di colori, testi, l&#8217;aggiunta di foto, ecc. \u00e8 facile da usare per i non professionisti.<br \/>\n<strong>Contro<\/strong>: Ridimensionamento o modifica delle immagini, devo dedicare del tempo a cercare di capire le dimensioni.<\/p>\n<\/div>\n<\/div>\n<\/div>\n<\/div>\n<\/div>\n<\/div>\n","protected":false},"excerpt":{"rendered":"<p>Moqups \u00e8 un software di collaborazione visiva basato su cloud progettato per aiutare le organizzazioni a creare e convalidare prototipi funzionali per la progettazione di siti web o applicazioni mobili. I team possono utilizzare la funzionalit\u00e0 della lavagna per collaborare su diagrammi, wireframe e modelli.<\/p>\n","protected":false},"author":19,"featured_media":65394,"parent":65102,"menu_order":0,"comment_status":"open","ping_status":"closed","template":"g1_template_page_review_new.php","meta":{"_acf_changed":false,"cwp_meta_box_check":"No","cwp_rev_product_name":"","cwp_rev_product_image":"","wppr_links":[],"cwp_rev_price":"","wppr_options":[],"wppr_pros":[],"wppr_cons":[],"_monsterinsights_skip_tracking":false,"_monsterinsights_sitenote_active":false,"_monsterinsights_sitenote_note":"","_monsterinsights_sitenote_category":0,"footnotes":""},"categories":[13899],"tags":[13932,13953,13952,13905,13902,13904,13903],"features":[],"class_list":{"0":"post-65393","1":"page","2":"type-page","3":"status-publish","4":"has-post-thumbnail","6":"category-programmi-mappe-mentali-cat","7":"tag-mappatura-mentale","8":"tag-mappe-metali","9":"tag-moqups","10":"tag-piattaforma-per-mappe-mentali","11":"tag-programma-per-mappe-mentali","12":"tag-software-per-mappe-mentali","13":"tag-soluzione-per-mappe-mentali"},"wppr_data":{"cwp_meta_box_check":"No"},"acf":[],"yoast_head":"<!-- This site is optimized with the Yoast SEO plugin v27.4 - https:\/\/yoast.com\/product\/yoast-seo-wordpress\/ -->\n<title>Moqups: recensione programmi mappe mentali - Accurate Reviews<\/title>\n<meta name=\"description\" content=\"Moqups: recensione software di collaborazione visiva basato su cloud progettato per aiutare le organizzazioni a creare modelli funzionali.\" \/>\n<meta name=\"robots\" content=\"index, follow, max-snippet:-1, max-image-preview:large, max-video-preview:-1\" \/>\n<link rel=\"canonical\" href=\"https:\/\/www.accuratereviews.com\/it\/programmi-mappe-mentali\/moqups-recensione\/\" \/>\n<meta property=\"og:locale\" content=\"it_IT\" \/>\n<meta property=\"og:type\" content=\"article\" \/>\n<meta property=\"og:title\" content=\"Moqups: recensione programmi mappe mentali - Accurate Reviews\" \/>\n<meta property=\"og:description\" content=\"Moqups: recensione software di collaborazione visiva basato su cloud progettato per aiutare le organizzazioni a creare modelli funzionali.\" \/>\n<meta property=\"og:url\" content=\"https:\/\/www.accuratereviews.com\/it\/programmi-mappe-mentali\/moqups-recensione\/\" \/>\n<meta property=\"og:site_name\" content=\"Accurate Reviews\" \/>\n<meta property=\"article:modified_time\" content=\"2022-12-27T21:25:51+00:00\" \/>\n<meta property=\"og:image\" content=\"https:\/\/www.accuratereviews.com\/wp-content\/uploads\/2022\/12\/Moqups.png\" \/>\n\t<meta property=\"og:image:width\" content=\"250\" \/>\n\t<meta property=\"og:image:height\" content=\"250\" \/>\n\t<meta property=\"og:image:type\" content=\"image\/png\" \/>\n<meta name=\"twitter:card\" content=\"summary_large_image\" \/>\n<meta name=\"twitter:label1\" content=\"Tempo di lettura stimato\" \/>\n\t<meta name=\"twitter:data1\" content=\"4 minuti\" \/>\n<script type=\"application\/ld+json\" class=\"yoast-schema-graph\">{\"@context\":\"https:\\\/\\\/schema.org\",\"@graph\":[{\"@type\":\"WebPage\",\"@id\":\"https:\\\/\\\/www.accuratereviews.com\\\/it\\\/programmi-mappe-mentali\\\/moqups-recensione\\\/\",\"url\":\"https:\\\/\\\/www.accuratereviews.com\\\/it\\\/programmi-mappe-mentali\\\/moqups-recensione\\\/\",\"name\":\"Moqups: recensione programmi mappe mentali - Accurate Reviews\",\"isPartOf\":{\"@id\":\"https:\\\/\\\/www.accuratereviews.com\\\/it\\\/#website\"},\"primaryImageOfPage\":{\"@id\":\"https:\\\/\\\/www.accuratereviews.com\\\/it\\\/programmi-mappe-mentali\\\/moqups-recensione\\\/#primaryimage\"},\"image\":{\"@id\":\"https:\\\/\\\/www.accuratereviews.com\\\/it\\\/programmi-mappe-mentali\\\/moqups-recensione\\\/#primaryimage\"},\"thumbnailUrl\":\"https:\\\/\\\/www.accuratereviews.com\\\/wp-content\\\/uploads\\\/2022\\\/12\\\/Moqups.png\",\"datePublished\":\"2022-12-27T18:10:03+00:00\",\"dateModified\":\"2022-12-27T21:25:51+00:00\",\"description\":\"Moqups: recensione software di collaborazione visiva basato su cloud progettato per aiutare le organizzazioni a creare modelli funzionali.\",\"breadcrumb\":{\"@id\":\"https:\\\/\\\/www.accuratereviews.com\\\/it\\\/programmi-mappe-mentali\\\/moqups-recensione\\\/#breadcrumb\"},\"inLanguage\":\"it-IT\",\"potentialAction\":[{\"@type\":\"ReadAction\",\"target\":[\"https:\\\/\\\/www.accuratereviews.com\\\/it\\\/programmi-mappe-mentali\\\/moqups-recensione\\\/\"]}]},{\"@type\":\"ImageObject\",\"inLanguage\":\"it-IT\",\"@id\":\"https:\\\/\\\/www.accuratereviews.com\\\/it\\\/programmi-mappe-mentali\\\/moqups-recensione\\\/#primaryimage\",\"url\":\"https:\\\/\\\/www.accuratereviews.com\\\/wp-content\\\/uploads\\\/2022\\\/12\\\/Moqups.png\",\"contentUrl\":\"https:\\\/\\\/www.accuratereviews.com\\\/wp-content\\\/uploads\\\/2022\\\/12\\\/Moqups.png\",\"width\":250,\"height\":250},{\"@type\":\"BreadcrumbList\",\"@id\":\"https:\\\/\\\/www.accuratereviews.com\\\/it\\\/programmi-mappe-mentali\\\/moqups-recensione\\\/#breadcrumb\",\"itemListElement\":[{\"@type\":\"ListItem\",\"position\":1,\"name\":\"Home\",\"item\":\"https:\\\/\\\/www.accuratereviews.com\\\/it\\\/\"},{\"@type\":\"ListItem\",\"position\":2,\"name\":\"Programmi per mappe mentali\",\"item\":\"https:\\\/\\\/www.accuratereviews.com\\\/it\\\/programmi-mappe-mentali\\\/\"},{\"@type\":\"ListItem\",\"position\":3,\"name\":\"Moqups\"}]},{\"@type\":\"WebSite\",\"@id\":\"https:\\\/\\\/www.accuratereviews.com\\\/it\\\/#website\",\"url\":\"https:\\\/\\\/www.accuratereviews.com\\\/it\\\/\",\"name\":\"Accurate Reviews\",\"description\":\"\",\"potentialAction\":[{\"@type\":\"SearchAction\",\"target\":{\"@type\":\"EntryPoint\",\"urlTemplate\":\"https:\\\/\\\/www.accuratereviews.com\\\/it\\\/?s={search_term_string}\"},\"query-input\":{\"@type\":\"PropertyValueSpecification\",\"valueRequired\":true,\"valueName\":\"search_term_string\"}}],\"inLanguage\":\"it-IT\"}]}<\/script>\n<!-- \/ Yoast SEO plugin. -->","yoast_head_json":{"title":"Moqups: recensione programmi mappe mentali - Accurate Reviews","description":"Moqups: recensione software di collaborazione visiva basato su cloud progettato per aiutare le organizzazioni a creare modelli funzionali.","robots":{"index":"index","follow":"follow","max-snippet":"max-snippet:-1","max-image-preview":"max-image-preview:large","max-video-preview":"max-video-preview:-1"},"canonical":"https:\/\/www.accuratereviews.com\/it\/programmi-mappe-mentali\/moqups-recensione\/","og_locale":"it_IT","og_type":"article","og_title":"Moqups: recensione programmi mappe mentali - Accurate Reviews","og_description":"Moqups: recensione software di collaborazione visiva basato su cloud progettato per aiutare le organizzazioni a creare modelli funzionali.","og_url":"https:\/\/www.accuratereviews.com\/it\/programmi-mappe-mentali\/moqups-recensione\/","og_site_name":"Accurate Reviews","article_modified_time":"2022-12-27T21:25:51+00:00","og_image":[{"width":250,"height":250,"url":"https:\/\/www.accuratereviews.com\/wp-content\/uploads\/2022\/12\/Moqups.png","type":"image\/png"}],"twitter_card":"summary_large_image","twitter_misc":{"Tempo di lettura stimato":"4 minuti"},"schema":{"@context":"https:\/\/schema.org","@graph":[{"@type":"WebPage","@id":"https:\/\/www.accuratereviews.com\/it\/programmi-mappe-mentali\/moqups-recensione\/","url":"https:\/\/www.accuratereviews.com\/it\/programmi-mappe-mentali\/moqups-recensione\/","name":"Moqups: recensione programmi mappe mentali - Accurate Reviews","isPartOf":{"@id":"https:\/\/www.accuratereviews.com\/it\/#website"},"primaryImageOfPage":{"@id":"https:\/\/www.accuratereviews.com\/it\/programmi-mappe-mentali\/moqups-recensione\/#primaryimage"},"image":{"@id":"https:\/\/www.accuratereviews.com\/it\/programmi-mappe-mentali\/moqups-recensione\/#primaryimage"},"thumbnailUrl":"https:\/\/www.accuratereviews.com\/wp-content\/uploads\/2022\/12\/Moqups.png","datePublished":"2022-12-27T18:10:03+00:00","dateModified":"2022-12-27T21:25:51+00:00","description":"Moqups: recensione software di collaborazione visiva basato su cloud progettato per aiutare le organizzazioni a creare modelli funzionali.","breadcrumb":{"@id":"https:\/\/www.accuratereviews.com\/it\/programmi-mappe-mentali\/moqups-recensione\/#breadcrumb"},"inLanguage":"it-IT","potentialAction":[{"@type":"ReadAction","target":["https:\/\/www.accuratereviews.com\/it\/programmi-mappe-mentali\/moqups-recensione\/"]}]},{"@type":"ImageObject","inLanguage":"it-IT","@id":"https:\/\/www.accuratereviews.com\/it\/programmi-mappe-mentali\/moqups-recensione\/#primaryimage","url":"https:\/\/www.accuratereviews.com\/wp-content\/uploads\/2022\/12\/Moqups.png","contentUrl":"https:\/\/www.accuratereviews.com\/wp-content\/uploads\/2022\/12\/Moqups.png","width":250,"height":250},{"@type":"BreadcrumbList","@id":"https:\/\/www.accuratereviews.com\/it\/programmi-mappe-mentali\/moqups-recensione\/#breadcrumb","itemListElement":[{"@type":"ListItem","position":1,"name":"Home","item":"https:\/\/www.accuratereviews.com\/it\/"},{"@type":"ListItem","position":2,"name":"Programmi per mappe mentali","item":"https:\/\/www.accuratereviews.com\/it\/programmi-mappe-mentali\/"},{"@type":"ListItem","position":3,"name":"Moqups"}]},{"@type":"WebSite","@id":"https:\/\/www.accuratereviews.com\/it\/#website","url":"https:\/\/www.accuratereviews.com\/it\/","name":"Accurate Reviews","description":"","potentialAction":[{"@type":"SearchAction","target":{"@type":"EntryPoint","urlTemplate":"https:\/\/www.accuratereviews.com\/it\/?s={search_term_string}"},"query-input":{"@type":"PropertyValueSpecification","valueRequired":true,"valueName":"search_term_string"}}],"inLanguage":"it-IT"}]}},"_links":{"self":[{"href":"https:\/\/www.accuratereviews.com\/it\/wp-json\/wp\/v2\/pages\/65393","targetHints":{"allow":["GET"]}}],"collection":[{"href":"https:\/\/www.accuratereviews.com\/it\/wp-json\/wp\/v2\/pages"}],"about":[{"href":"https:\/\/www.accuratereviews.com\/it\/wp-json\/wp\/v2\/types\/page"}],"author":[{"embeddable":true,"href":"https:\/\/www.accuratereviews.com\/it\/wp-json\/wp\/v2\/users\/19"}],"replies":[{"embeddable":true,"href":"https:\/\/www.accuratereviews.com\/it\/wp-json\/wp\/v2\/comments?post=65393"}],"version-history":[{"count":12,"href":"https:\/\/www.accuratereviews.com\/it\/wp-json\/wp\/v2\/pages\/65393\/revisions"}],"predecessor-version":[{"id":65440,"href":"https:\/\/www.accuratereviews.com\/it\/wp-json\/wp\/v2\/pages\/65393\/revisions\/65440"}],"up":[{"embeddable":true,"href":"https:\/\/www.accuratereviews.com\/it\/wp-json\/wp\/v2\/pages\/65102"}],"wp:featuredmedia":[{"embeddable":true,"href":"https:\/\/www.accuratereviews.com\/it\/wp-json\/wp\/v2\/media\/65394"}],"wp:attachment":[{"href":"https:\/\/www.accuratereviews.com\/it\/wp-json\/wp\/v2\/media?parent=65393"}],"wp:term":[{"taxonomy":"category","embeddable":true,"href":"https:\/\/www.accuratereviews.com\/it\/wp-json\/wp\/v2\/categories?post=65393"},{"taxonomy":"post_tag","embeddable":true,"href":"https:\/\/www.accuratereviews.com\/it\/wp-json\/wp\/v2\/tags?post=65393"},{"taxonomy":"features","embeddable":true,"href":"https:\/\/www.accuratereviews.com\/it\/wp-json\/wp\/v2\/features?post=65393"}],"curies":[{"name":"wp","href":"https:\/\/api.w.org\/{rel}","templated":true}]}}