{"id":65446,"date":"2022-12-28T16:30:06","date_gmt":"2022-12-28T16:30:06","guid":{"rendered":"https:\/\/www.accuratereviews.com\/?page_id=65446"},"modified":"2022-12-28T16:30:06","modified_gmt":"2022-12-28T16:30:06","slug":"final-draft-recensione","status":"publish","type":"page","link":"https:\/\/www.accuratereviews.com\/it\/programmi-mappe-mentali\/final-draft-recensione\/","title":{"rendered":"Final Draft"},"content":{"rendered":"<p><strong>Final Draft<\/strong> \u00e8 un<strong> software on-premise<\/strong>, progettato per aiutare sceneggiatori e registi professionisti a creare, modificare e gestire bozze per fumetti, teleplay, graphic novel, rappresentazioni teatrali, sceneggiature e altro tramite un portale unificato. L&#8217;applicazione consente ai team di visualizzare, delineare, fare brainstorming, segnalare e collaborare alla scrittura di progetti.<br \/>\nLa soluzione\u00a0include una beat board, che consente agli utenti di tracciare punti, idee di posizione e archi dei personaggi, aggiungere immagini e testo stilizzati, collegare elementi utilizzando linee di flusso e condividere informazioni con i membri del team per la discussione. La sua funzionalit\u00e0 <strong>ScriptNotes<\/strong> permette agli autori di contrassegnare le righe tra le bozze e visualizzare e modificare i tag. Altre caratteristiche includono la modalit\u00e0 notturna e di messa a fuoco, il parlato sul copione, il caricamento di immagini e altro ancora.<\/p>\n<h2>FINAL DRAFT &#8211; TUTORIAL<\/h2>\n<div id=\"fluid-wrapper-counter-1\" class=\"g1-fluid-wrapper \" style=\"width:686px;\">\n<div style=\"padding-bottom:56.268221574344%;\"><iframe loading=\"lazy\" title=\"What&#039;s New in Final Draft 12\" width=\"686\" height=\"386\" src=\"https:\/\/www.youtube.com\/embed\/xpv7LdRHggg?feature=oembed&amp;wmode=transparent&amp;autohide=1&amp;autoplay=0&amp;disablekb=0&amp;fs=1&amp;loop=0&amp;enablejsapi=1&amp;rel=0&amp;controls=2&amp;showinfo=0&amp;wmode=transparent&amp;autohide=2&amp;autoplay=0&amp;disablekb=0&amp;fs=1&amp;loop=0&amp;enablejsapi=1&amp;rel=0&amp;controls=2&amp;showinfo=1\" frameborder=\"0\" allow=\"accelerometer; autoplay; clipboard-write; encrypted-media; gyroscope; picture-in-picture\" allowfullscreen><\/iframe><\/div>\n<\/div>\n<h3>FINAL DRAFT &#8211; CARATTERISTICHE<\/h3>\n<ul>\n<li>I beat possono essere qualsiasi cosa: punti della trama, archi dei personaggi, ricerche o idee per la posizione<\/li>\n<li>Le battute possono contenere sia testo stilizzato che immagini<\/li>\n<li>Collega i dialoghi utilizzando le linee di flusso<\/li>\n<li>Codice colore per una facile consultazione con una vivace tavolozza di colori<\/li>\n<li>Invia Beats direttamente al tuo script per un facile accesso<\/li>\n<li>Usa pi\u00f9 corsie per organizzare la struttura della tua sceneggiatura<\/li>\n<li>Regola la dimensione delle battute nell&#8217;editor di struttura per una vista a colpo d&#8217;occhio del tuo copione<\/li>\n<li>Mostra la struttura nel tuo script per un facile accesso<\/li>\n<li>I rientri unici consentono una struttura di pianificazione su pi\u00f9 livelli<\/li>\n<li>Aggiungi ScriptNotes che appaiono come flag sulla pagina per un facile riferimento<\/li>\n<li>Fare clic sulla bandiera per aprire e modificare le note in un popover<\/li>\n<li>I nuovi flag mostrano quante note per paragrafo<\/li>\n<li>I popover si sincronizzano con ScriptNotes nel Navigatore<\/li>\n<li>Aggiungi, modifica o rimuovi i numeri di scena in tutto il copione<\/li>\n<li>Blocca le pagine in modo che le tue revisioni non influiscano sui numeri di pagina<\/li>\n<li>Esporta in PDF in modalit\u00e0 Revisione con colori standard del settore<\/li>\n<li>Proteggi il tuo script con filigrane personalizzabili su PDF e pagine stampate<\/li>\n<li>Ometti una scena per apportare modifiche dell&#8217;ultimo minuto senza interrompere la produzione<\/li>\n<li>Scava nel tuo copione monitorando elementi personalizzabili della storia e tratti del personaggio<\/li>\n<li>Preparati per la produzione contrassegnando costumi, oggetti di scena, luoghi e altro ancora<\/li>\n<li>Suddividi il tuo script per il budget e la programmazione<\/li>\n<\/ul>\n<h4>LE RECENSIONI DEGLI UTENTI<\/h4>\n<p><strong>Margaret &#8220;Final Draft&#8221;<\/strong><br \/>\n<strong>Pro<\/strong>: Adoro questo software. Mi sento un esperto perch\u00e9 lo uso tutti i giorni. \u00c8 lo standard del settore ed \u00e8 facile da usare. Dalle schede beat alla modalit\u00e0 di revisione, questo software ha usi infiniti.<br \/>\n<strong>Contro<\/strong>: A volte quando si lavora con il programma, si esce dalla modalit\u00e0 di revisione o dal doppio dialogo, il programma si blocca e devo spegnerlo. Mi assicuro di salvare e salvare spesso, perch\u00e9 il software, sebbene eccezionale, a volte sembra che si dimentichi di essere stato creato per fare ci\u00f2 che gli sto chiedendo di fare.<\/p>\n<p><strong>Paul &#8220;Software essenziale&#8221;<\/strong><br \/>\n<strong>Commenti<\/strong>: Mi sono divertito a usarlo perch\u00e9 ho venduto una sceneggiatura. Non sarebbe stato possibile senza questo programma.<br \/>\n<strong>Pro<\/strong>: Assolutamente essenziale per la sceneggiatura. Quindi, una volta fatto il salto e speso i soldi ($ 200), \u00e8 stato incredibilmente facile scrivere la mia sceneggiatura. L&#8217;unica volta che ho avuto bisogno di supporto \u00e8 stato personale e ha risolto il mio problema<br \/>\n<strong>Contro<\/strong>: Curva di apprendimento un. po&#8217; ripida con poche istruzioni.<\/p>\n<p><strong>Vanessa &#8220;Molto soddisfatto&#8221;<\/strong><br \/>\n<strong>Commenti<\/strong>: Uso Final Draft ogni giorno e mi piace che il loro sito web abbia molti tutorial su come navigare nelle nuove funzionalit\u00e0.<br \/>\n<strong>Pro<\/strong>: Final Draft 12 ha molte nuove fantastiche funzionalit\u00e0 e strumenti di apprendimento facili da usare. L&#8217;importazione o la conversione di file da versioni precedenti \u00e8 migliore e ci sono pi\u00f9 strumenti per delineare, ecc. Ha anche un modello per script single-cam.<br \/>\n<strong>Contro<\/strong>: Il prezzo \u00e8 un po&#8217; troppo alto e potrebbe avere modelli &#8220;Testo&#8221; migliori.<\/p>\n","protected":false},"excerpt":{"rendered":"<p>Final Draft \u00e8 un software on-premise, progettato per aiutare sceneggiatori e registi professionisti a creare, modificare e gestire bozze per fumetti, teleplay, graphic novel, rappresentazioni teatrali, sceneggiature e altro tramite un portale unificato. L&#8217;applicazione consente ai team di visualizzare, delineare, fare brainstorming, segnalare e collaborare alla scrittura di progetti.<\/p>\n","protected":false},"author":19,"featured_media":65464,"parent":65102,"menu_order":0,"comment_status":"open","ping_status":"closed","template":"g1_template_page_review_new.php","meta":{"_acf_changed":false,"cwp_meta_box_check":"Yes","cwp_rev_product_name":"","cwp_rev_product_image":"","wppr_links":[],"cwp_rev_price":"0.00","wppr_options":[{"name":"Usability","value":"0"},{"name":"Speed","value":"0"},{"name":"Features","value":"0"},{"name":"Support","value":"0"},{"name":"Pricing","value":"0"}],"wppr_pros":["","","","",""],"wppr_cons":["","","","",""],"_monsterinsights_skip_tracking":false,"_monsterinsights_sitenote_active":false,"_monsterinsights_sitenote_note":"","_monsterinsights_sitenote_category":0,"footnotes":""},"categories":[13899],"tags":[13958,13932,13901,13905,13902,13904,13903],"features":[],"class_list":{"0":"post-65446","1":"page","2":"type-page","3":"status-publish","4":"has-post-thumbnail","6":"category-programmi-mappe-mentali-cat","7":"tag-final-draft","8":"tag-mappatura-mentale","9":"tag-mappe-mentali","10":"tag-piattaforma-per-mappe-mentali","11":"tag-programma-per-mappe-mentali","12":"tag-software-per-mappe-mentali","13":"tag-soluzione-per-mappe-mentali"},"wppr_data":{"cwp_meta_box_check":"Yes","_wppr_review_template":"default","cwp_rev_product_image":"","cwp_image_link":"image","wppr_links":[],"cwp_rev_price":"0.00","wppr_pros":["","","","",""],"wppr_cons":["","","","",""],"wppr_rating":"0.00","wppr_options":{"1":{"name":"Usability","value":"0"},"2":{"name":"Speed","value":"0"},"3":{"name":"Features","value":"0"},"4":{"name":"Support","value":"0"},"5":{"name":"Pricing","value":"0"}},"wppr_review_type":"Product","wppr_review_custom_fields":{"additionalProperty":"","additionalType":"","aggregateRating":"","alternateName":"","audience":"","award":"","awards":"","brand":"","color":"","depth":"","description":"","disambiguatingDescription":"","gtin12":"","gtin13":"","gtin14":"","gtin8":"","height":"","identifier":"","image":"","isAccessoryOrSparePartFor":"","isConsumableFor":"","isRelatedTo":"","isSimilarTo":"","itemCondition":"","logo":"","mainEntityOfPage":"","manufacturer":"","material":"","model":"","mpn":"","name":"","offers":"","potentialAction":"","productID":"","productionDate":"","purchaseDate":"","releaseDate":"","review":"","reviews":"","sameAs":"","sku":"","slogan":"","subjectOf":"","url":"","weight":"","width":""}},"acf":[],"yoast_head":"<!-- This site is optimized with the Yoast SEO plugin v27.4 - https:\/\/yoast.com\/product\/yoast-seo-wordpress\/ -->\n<title>Final Draft: recensione programma mappe mentali<\/title>\n<meta name=\"description\" content=\"Final Draft: recensione software on-premise progettato per sceneggiatori e registi professionisti a creare, modificare e gestire le idee.\" \/>\n<meta name=\"robots\" content=\"index, follow, max-snippet:-1, max-image-preview:large, max-video-preview:-1\" \/>\n<link rel=\"canonical\" href=\"https:\/\/www.accuratereviews.com\/it\/programmi-mappe-mentali\/final-draft-recensione\/\" \/>\n<meta property=\"og:locale\" content=\"it_IT\" \/>\n<meta property=\"og:type\" content=\"article\" \/>\n<meta property=\"og:title\" content=\"Final Draft: recensione programma mappe mentali\" \/>\n<meta property=\"og:description\" content=\"Final Draft: recensione software on-premise progettato per sceneggiatori e registi professionisti a creare, modificare e gestire le idee.\" \/>\n<meta property=\"og:url\" content=\"https:\/\/www.accuratereviews.com\/it\/programmi-mappe-mentali\/final-draft-recensione\/\" \/>\n<meta property=\"og:site_name\" content=\"Accurate Reviews\" \/>\n<meta property=\"og:image\" content=\"https:\/\/www.accuratereviews.com\/wp-content\/uploads\/2022\/12\/Final-Draft.png\" \/>\n\t<meta property=\"og:image:width\" content=\"840\" \/>\n\t<meta property=\"og:image:height\" content=\"859\" \/>\n\t<meta property=\"og:image:type\" content=\"image\/png\" \/>\n<meta name=\"twitter:card\" content=\"summary_large_image\" \/>\n<meta name=\"twitter:label1\" content=\"Tempo di lettura stimato\" \/>\n\t<meta name=\"twitter:data1\" content=\"4 minuti\" \/>\n<script type=\"application\/ld+json\" class=\"yoast-schema-graph\">{\"@context\":\"https:\\\/\\\/schema.org\",\"@graph\":[{\"@type\":\"WebPage\",\"@id\":\"https:\\\/\\\/www.accuratereviews.com\\\/it\\\/programmi-mappe-mentali\\\/final-draft-recensione\\\/\",\"url\":\"https:\\\/\\\/www.accuratereviews.com\\\/it\\\/programmi-mappe-mentali\\\/final-draft-recensione\\\/\",\"name\":\"Final Draft: recensione programma mappe mentali\",\"isPartOf\":{\"@id\":\"https:\\\/\\\/www.accuratereviews.com\\\/it\\\/#website\"},\"primaryImageOfPage\":{\"@id\":\"https:\\\/\\\/www.accuratereviews.com\\\/it\\\/programmi-mappe-mentali\\\/final-draft-recensione\\\/#primaryimage\"},\"image\":{\"@id\":\"https:\\\/\\\/www.accuratereviews.com\\\/it\\\/programmi-mappe-mentali\\\/final-draft-recensione\\\/#primaryimage\"},\"thumbnailUrl\":\"https:\\\/\\\/www.accuratereviews.com\\\/wp-content\\\/uploads\\\/2022\\\/12\\\/Final-Draft.png\",\"datePublished\":\"2022-12-28T16:30:06+00:00\",\"description\":\"Final Draft: recensione software on-premise progettato per sceneggiatori e registi professionisti a creare, modificare e gestire le idee.\",\"breadcrumb\":{\"@id\":\"https:\\\/\\\/www.accuratereviews.com\\\/it\\\/programmi-mappe-mentali\\\/final-draft-recensione\\\/#breadcrumb\"},\"inLanguage\":\"it-IT\",\"potentialAction\":[{\"@type\":\"ReadAction\",\"target\":[\"https:\\\/\\\/www.accuratereviews.com\\\/it\\\/programmi-mappe-mentali\\\/final-draft-recensione\\\/\"]}]},{\"@type\":\"ImageObject\",\"inLanguage\":\"it-IT\",\"@id\":\"https:\\\/\\\/www.accuratereviews.com\\\/it\\\/programmi-mappe-mentali\\\/final-draft-recensione\\\/#primaryimage\",\"url\":\"https:\\\/\\\/www.accuratereviews.com\\\/wp-content\\\/uploads\\\/2022\\\/12\\\/Final-Draft.png\",\"contentUrl\":\"https:\\\/\\\/www.accuratereviews.com\\\/wp-content\\\/uploads\\\/2022\\\/12\\\/Final-Draft.png\",\"width\":840,\"height\":859},{\"@type\":\"BreadcrumbList\",\"@id\":\"https:\\\/\\\/www.accuratereviews.com\\\/it\\\/programmi-mappe-mentali\\\/final-draft-recensione\\\/#breadcrumb\",\"itemListElement\":[{\"@type\":\"ListItem\",\"position\":1,\"name\":\"Home\",\"item\":\"https:\\\/\\\/www.accuratereviews.com\\\/it\\\/\"},{\"@type\":\"ListItem\",\"position\":2,\"name\":\"Programmi per mappe mentali\",\"item\":\"https:\\\/\\\/www.accuratereviews.com\\\/it\\\/programmi-mappe-mentali\\\/\"},{\"@type\":\"ListItem\",\"position\":3,\"name\":\"Final Draft\"}]},{\"@type\":\"WebSite\",\"@id\":\"https:\\\/\\\/www.accuratereviews.com\\\/it\\\/#website\",\"url\":\"https:\\\/\\\/www.accuratereviews.com\\\/it\\\/\",\"name\":\"Accurate Reviews\",\"description\":\"\",\"potentialAction\":[{\"@type\":\"SearchAction\",\"target\":{\"@type\":\"EntryPoint\",\"urlTemplate\":\"https:\\\/\\\/www.accuratereviews.com\\\/it\\\/?s={search_term_string}\"},\"query-input\":{\"@type\":\"PropertyValueSpecification\",\"valueRequired\":true,\"valueName\":\"search_term_string\"}}],\"inLanguage\":\"it-IT\"}]}<\/script>\n<!-- \/ Yoast SEO plugin. -->","yoast_head_json":{"title":"Final Draft: recensione programma mappe mentali","description":"Final Draft: recensione software on-premise progettato per sceneggiatori e registi professionisti a creare, modificare e gestire le idee.","robots":{"index":"index","follow":"follow","max-snippet":"max-snippet:-1","max-image-preview":"max-image-preview:large","max-video-preview":"max-video-preview:-1"},"canonical":"https:\/\/www.accuratereviews.com\/it\/programmi-mappe-mentali\/final-draft-recensione\/","og_locale":"it_IT","og_type":"article","og_title":"Final Draft: recensione programma mappe mentali","og_description":"Final Draft: recensione software on-premise progettato per sceneggiatori e registi professionisti a creare, modificare e gestire le idee.","og_url":"https:\/\/www.accuratereviews.com\/it\/programmi-mappe-mentali\/final-draft-recensione\/","og_site_name":"Accurate Reviews","og_image":[{"width":840,"height":859,"url":"https:\/\/www.accuratereviews.com\/wp-content\/uploads\/2022\/12\/Final-Draft.png","type":"image\/png"}],"twitter_card":"summary_large_image","twitter_misc":{"Tempo di lettura stimato":"4 minuti"},"schema":{"@context":"https:\/\/schema.org","@graph":[{"@type":"WebPage","@id":"https:\/\/www.accuratereviews.com\/it\/programmi-mappe-mentali\/final-draft-recensione\/","url":"https:\/\/www.accuratereviews.com\/it\/programmi-mappe-mentali\/final-draft-recensione\/","name":"Final Draft: recensione programma mappe mentali","isPartOf":{"@id":"https:\/\/www.accuratereviews.com\/it\/#website"},"primaryImageOfPage":{"@id":"https:\/\/www.accuratereviews.com\/it\/programmi-mappe-mentali\/final-draft-recensione\/#primaryimage"},"image":{"@id":"https:\/\/www.accuratereviews.com\/it\/programmi-mappe-mentali\/final-draft-recensione\/#primaryimage"},"thumbnailUrl":"https:\/\/www.accuratereviews.com\/wp-content\/uploads\/2022\/12\/Final-Draft.png","datePublished":"2022-12-28T16:30:06+00:00","description":"Final Draft: recensione software on-premise progettato per sceneggiatori e registi professionisti a creare, modificare e gestire le idee.","breadcrumb":{"@id":"https:\/\/www.accuratereviews.com\/it\/programmi-mappe-mentali\/final-draft-recensione\/#breadcrumb"},"inLanguage":"it-IT","potentialAction":[{"@type":"ReadAction","target":["https:\/\/www.accuratereviews.com\/it\/programmi-mappe-mentali\/final-draft-recensione\/"]}]},{"@type":"ImageObject","inLanguage":"it-IT","@id":"https:\/\/www.accuratereviews.com\/it\/programmi-mappe-mentali\/final-draft-recensione\/#primaryimage","url":"https:\/\/www.accuratereviews.com\/wp-content\/uploads\/2022\/12\/Final-Draft.png","contentUrl":"https:\/\/www.accuratereviews.com\/wp-content\/uploads\/2022\/12\/Final-Draft.png","width":840,"height":859},{"@type":"BreadcrumbList","@id":"https:\/\/www.accuratereviews.com\/it\/programmi-mappe-mentali\/final-draft-recensione\/#breadcrumb","itemListElement":[{"@type":"ListItem","position":1,"name":"Home","item":"https:\/\/www.accuratereviews.com\/it\/"},{"@type":"ListItem","position":2,"name":"Programmi per mappe mentali","item":"https:\/\/www.accuratereviews.com\/it\/programmi-mappe-mentali\/"},{"@type":"ListItem","position":3,"name":"Final Draft"}]},{"@type":"WebSite","@id":"https:\/\/www.accuratereviews.com\/it\/#website","url":"https:\/\/www.accuratereviews.com\/it\/","name":"Accurate Reviews","description":"","potentialAction":[{"@type":"SearchAction","target":{"@type":"EntryPoint","urlTemplate":"https:\/\/www.accuratereviews.com\/it\/?s={search_term_string}"},"query-input":{"@type":"PropertyValueSpecification","valueRequired":true,"valueName":"search_term_string"}}],"inLanguage":"it-IT"}]}},"_links":{"self":[{"href":"https:\/\/www.accuratereviews.com\/it\/wp-json\/wp\/v2\/pages\/65446","targetHints":{"allow":["GET"]}}],"collection":[{"href":"https:\/\/www.accuratereviews.com\/it\/wp-json\/wp\/v2\/pages"}],"about":[{"href":"https:\/\/www.accuratereviews.com\/it\/wp-json\/wp\/v2\/types\/page"}],"author":[{"embeddable":true,"href":"https:\/\/www.accuratereviews.com\/it\/wp-json\/wp\/v2\/users\/19"}],"replies":[{"embeddable":true,"href":"https:\/\/www.accuratereviews.com\/it\/wp-json\/wp\/v2\/comments?post=65446"}],"version-history":[{"count":10,"href":"https:\/\/www.accuratereviews.com\/it\/wp-json\/wp\/v2\/pages\/65446\/revisions"}],"predecessor-version":[{"id":65490,"href":"https:\/\/www.accuratereviews.com\/it\/wp-json\/wp\/v2\/pages\/65446\/revisions\/65490"}],"up":[{"embeddable":true,"href":"https:\/\/www.accuratereviews.com\/it\/wp-json\/wp\/v2\/pages\/65102"}],"wp:featuredmedia":[{"embeddable":true,"href":"https:\/\/www.accuratereviews.com\/it\/wp-json\/wp\/v2\/media\/65464"}],"wp:attachment":[{"href":"https:\/\/www.accuratereviews.com\/it\/wp-json\/wp\/v2\/media?parent=65446"}],"wp:term":[{"taxonomy":"category","embeddable":true,"href":"https:\/\/www.accuratereviews.com\/it\/wp-json\/wp\/v2\/categories?post=65446"},{"taxonomy":"post_tag","embeddable":true,"href":"https:\/\/www.accuratereviews.com\/it\/wp-json\/wp\/v2\/tags?post=65446"},{"taxonomy":"features","embeddable":true,"href":"https:\/\/www.accuratereviews.com\/it\/wp-json\/wp\/v2\/features?post=65446"}],"curies":[{"name":"wp","href":"https:\/\/api.w.org\/{rel}","templated":true}]}}