{"id":65457,"date":"2022-12-28T13:55:02","date_gmt":"2022-12-28T13:55:02","guid":{"rendered":"https:\/\/www.accuratereviews.com\/?page_id=65457"},"modified":"2022-12-28T13:55:02","modified_gmt":"2022-12-28T13:55:02","slug":"thortspace-recensione","status":"publish","type":"page","link":"https:\/\/www.accuratereviews.com\/it\/programmi-mappe-mentali\/thortspace-recensione\/","title":{"rendered":"Thortspace"},"content":{"rendered":"<p><strong>Thortspace<\/strong> \u00e8 un<strong> software di mappatura mentale online<\/strong>\u00a0e di gestione dei progetti che consente di creare un pensiero collaborativo e una pianificazione strategica, ottimi per chi lavora in team. Si rivolge principalmente a scrittori, studenti, imprenditori e privati con l&#8217;obiettivo di\u00a0semplificare la gestione dei dati, raccogliere le informazioni utili, registrare le ricerche e molto altro ancora.<br \/>\nData la sua semplicit\u00e0 di\u00a0utilizzo,<strong> Thortspace\u00a0<\/strong>viene spesso utilizzato nelle scuole di qualsiasi ordine e grado e nelle aziende con team multi-sede per sviluppare idee, gestire progetti e generare piani.<\/p>\n<h2>THORTSPACE &#8211; TUTORIAL<\/h2>\n<div id=\"fluid-wrapper-counter-1\" class=\"g1-fluid-wrapper \" style=\"width:686px;\">\n<div style=\"padding-bottom:56.268221574344%;\"><iframe loading=\"lazy\" title=\"Thort Attraction and Replusion, Grouping and Dragging\" width=\"686\" height=\"386\" src=\"https:\/\/www.youtube.com\/embed\/KHSFlGAjPss?feature=oembed&amp;wmode=transparent&amp;autohide=1&amp;autoplay=0&amp;disablekb=0&amp;fs=1&amp;loop=0&amp;enablejsapi=1&amp;rel=0&amp;controls=2&amp;showinfo=0&amp;wmode=transparent&amp;autohide=2&amp;autoplay=0&amp;disablekb=0&amp;fs=1&amp;loop=0&amp;enablejsapi=1&amp;rel=0&amp;controls=2&amp;showinfo=1\" frameborder=\"0\" allow=\"accelerometer; autoplay; clipboard-write; encrypted-media; gyroscope; picture-in-picture\" allowfullscreen><\/iframe><\/div>\n<\/div>\n<h3>THORTSPACE &#8211; CARATTERISTICHE<\/h3>\n<ul>\n<li>Acquisizione e organizzazione rapida delle idee<\/li>\n<li>Sincronizzazione e collaborazione in ambito pubblico e privato<\/li>\n<li>Facile collegamento al web e gestione della conoscenza<\/li>\n<li>Pubblicazione sul web con annunci<\/li>\n<li>Collegamento delle sfere per creare reti<\/li>\n<li>Pubblicazione dei viaggi sul web con annunci<\/li>\n<li>Possibilit\u00e0 di lavorare online o offline<\/li>\n<li>Ricerca di immagini su Internet e ricerca di sfere a testo completo<\/li>\n<li>Sincronizzazione, unione e backup automatici<\/li>\n<li>Pi\u00f9 utenti con un&#8217;unica licenza e fattura<\/li>\n<li>Distribuzione opzionale in loco<\/li>\n<li>Personalizzazione opzionale<\/li>\n<li>Corsi introduttivi facoltativi<\/li>\n<\/ul>\n<h4>LE RECENSIONI DEGLI UTENTI<\/h4>\n<p><strong>Arbaz &#8220;Collaborare non \u00e8 mai stato cos\u00ec facile!&#8221;.<\/strong><br \/>\nPro: le molteplici funzionalit\u00e0 offerte dallo strumento che favoriscono l&#8217;innovazione e la crescita dei ricavi all&#8217;interno dell&#8217;organizzazione. La modellazione 3D \u00e8 di prim&#8217;ordine e consente il coinvolgimento di pi\u00f9 parti interessate.<br \/>\nContro: il prezzo \u00e8 un po&#8217; alto. Inoltre, a volte la piattaforma diventa difettosa a causa di alcuni problemi del server.<\/p>\n<p><strong>Rohit &#8220;Il gigante della mappatura mentale in 3D&#8221;<\/strong><br \/>\nPro: 1. \u00c8 intuitivo e facile da usare. 2. La mappatura mentale non \u00e8 mai stata cos\u00ec facile. 3. \u00c8 disponibile su quasi tutte le piattaforme (compreso Android) 4. Offre prove gratuite<br \/>\nContro: Non c&#8217;\u00e8 nulla di particolare che non mi piaccia di questo software, ma penso che l&#8217;interfaccia utente avrebbe potuto essere migliorata e che si dovrebbe porre maggiore enfasi sul fatto che l&#8217;utente impari a usare l&#8217;applicazione. A volte \u00e8 troppo complicato capire cosa sta succedendo.<\/p>\n<p><strong>Ingrid &#8220;Consiglio vivamente questo software&#8221;<\/strong><br \/>\nCommenti: \u00e8 un buon software con buone prospettive. Anche se al momento non \u00e8 stabile su Android, il supporto tecnico \u00e8 comunque disponibile.<br \/>\nPro: Si tratta di un software innovativo, appositamente progettato, che fa il suo lavoro. Quello che mi piace principalmente \u00e8 il fatto che il software \u00e8 migliorato molto, la grafica \u00e8 semplicemente eccellente, soprattutto su PC.<br \/>\nContro: Ultimamente non funziona bene su Android, l&#8217;applicazione si chiude da sola durante l&#8217;utilizzo.<\/p>\n","protected":false},"excerpt":{"rendered":"<p>Thortspace \u00e8 un software di mappatura mentale online\u00a0e di gestione dei progetti che consente di creare un pensiero collaborativo e una pianificazione strategica, ottimi per chi lavora in team. Si rivolge principalmente a scrittori, studenti, imprenditori e privati con l&#8217;obiettivo di\u00a0semplificare la gestione dei dati, raccogliere le informazioni utili, registrare le ricerche e molto altro ancora.<\/p>\n","protected":false},"author":17,"featured_media":65458,"parent":65102,"menu_order":0,"comment_status":"open","ping_status":"closed","template":"g1_template_page_review_new.php","meta":{"_acf_changed":false,"cwp_meta_box_check":"No","cwp_rev_product_name":"","cwp_rev_product_image":"","wppr_links":[],"cwp_rev_price":"","wppr_options":[],"wppr_pros":[],"wppr_cons":[],"_monsterinsights_skip_tracking":false,"_monsterinsights_sitenote_active":false,"_monsterinsights_sitenote_note":"","_monsterinsights_sitenote_category":0,"footnotes":""},"categories":[13899],"tags":[13901,13905,13902,13904,13903],"features":[],"class_list":{"0":"post-65457","1":"page","2":"type-page","3":"status-publish","4":"has-post-thumbnail","6":"category-programmi-mappe-mentali-cat","7":"tag-mappe-mentali","8":"tag-piattaforma-per-mappe-mentali","9":"tag-programma-per-mappe-mentali","10":"tag-software-per-mappe-mentali","11":"tag-soluzione-per-mappe-mentali"},"wppr_data":{"cwp_meta_box_check":"No"},"acf":[],"yoast_head":"<!-- This site is optimized with the Yoast SEO plugin v27.4 - https:\/\/yoast.com\/product\/yoast-seo-wordpress\/ -->\n<title>Thortspace: recensione programma mappe mentali<\/title>\n<meta name=\"description\" content=\"Thortspace: recensione del software di mappatura mentale online\u00a0e di gestione dei progetti che consente di creare un pensiero collaborativo.\" \/>\n<meta name=\"robots\" content=\"index, follow, max-snippet:-1, max-image-preview:large, max-video-preview:-1\" \/>\n<link rel=\"canonical\" href=\"https:\/\/www.accuratereviews.com\/it\/programmi-mappe-mentali\/thortspace-recensione\/\" \/>\n<meta property=\"og:locale\" content=\"it_IT\" \/>\n<meta property=\"og:type\" content=\"article\" \/>\n<meta property=\"og:title\" content=\"Thortspace: recensione programma mappe mentali\" \/>\n<meta property=\"og:description\" content=\"Thortspace: recensione del software di mappatura mentale online\u00a0e di gestione dei progetti che consente di creare un pensiero collaborativo.\" \/>\n<meta property=\"og:url\" content=\"https:\/\/www.accuratereviews.com\/it\/programmi-mappe-mentali\/thortspace-recensione\/\" \/>\n<meta property=\"og:site_name\" content=\"Accurate Reviews\" \/>\n<meta property=\"og:image\" content=\"https:\/\/www.accuratereviews.com\/wp-content\/uploads\/2022\/12\/Unknown.png\" \/>\n\t<meta property=\"og:image:width\" content=\"380\" \/>\n\t<meta property=\"og:image:height\" content=\"200\" \/>\n\t<meta property=\"og:image:type\" content=\"image\/png\" \/>\n<meta name=\"twitter:card\" content=\"summary_large_image\" \/>\n<meta name=\"twitter:label1\" content=\"Tempo di lettura stimato\" \/>\n\t<meta name=\"twitter:data1\" content=\"3 minuti\" \/>\n<script type=\"application\/ld+json\" class=\"yoast-schema-graph\">{\"@context\":\"https:\\\/\\\/schema.org\",\"@graph\":[{\"@type\":\"WebPage\",\"@id\":\"https:\\\/\\\/www.accuratereviews.com\\\/it\\\/programmi-mappe-mentali\\\/thortspace-recensione\\\/\",\"url\":\"https:\\\/\\\/www.accuratereviews.com\\\/it\\\/programmi-mappe-mentali\\\/thortspace-recensione\\\/\",\"name\":\"Thortspace: recensione programma mappe mentali\",\"isPartOf\":{\"@id\":\"https:\\\/\\\/www.accuratereviews.com\\\/it\\\/#website\"},\"primaryImageOfPage\":{\"@id\":\"https:\\\/\\\/www.accuratereviews.com\\\/it\\\/programmi-mappe-mentali\\\/thortspace-recensione\\\/#primaryimage\"},\"image\":{\"@id\":\"https:\\\/\\\/www.accuratereviews.com\\\/it\\\/programmi-mappe-mentali\\\/thortspace-recensione\\\/#primaryimage\"},\"thumbnailUrl\":\"https:\\\/\\\/www.accuratereviews.com\\\/wp-content\\\/uploads\\\/2022\\\/12\\\/Unknown.png\",\"datePublished\":\"2022-12-28T13:55:02+00:00\",\"description\":\"Thortspace: recensione del software di mappatura mentale online\u00a0e di gestione dei progetti che consente di creare un pensiero collaborativo.\",\"breadcrumb\":{\"@id\":\"https:\\\/\\\/www.accuratereviews.com\\\/it\\\/programmi-mappe-mentali\\\/thortspace-recensione\\\/#breadcrumb\"},\"inLanguage\":\"it-IT\",\"potentialAction\":[{\"@type\":\"ReadAction\",\"target\":[\"https:\\\/\\\/www.accuratereviews.com\\\/it\\\/programmi-mappe-mentali\\\/thortspace-recensione\\\/\"]}]},{\"@type\":\"ImageObject\",\"inLanguage\":\"it-IT\",\"@id\":\"https:\\\/\\\/www.accuratereviews.com\\\/it\\\/programmi-mappe-mentali\\\/thortspace-recensione\\\/#primaryimage\",\"url\":\"https:\\\/\\\/www.accuratereviews.com\\\/wp-content\\\/uploads\\\/2022\\\/12\\\/Unknown.png\",\"contentUrl\":\"https:\\\/\\\/www.accuratereviews.com\\\/wp-content\\\/uploads\\\/2022\\\/12\\\/Unknown.png\",\"width\":380,\"height\":200},{\"@type\":\"BreadcrumbList\",\"@id\":\"https:\\\/\\\/www.accuratereviews.com\\\/it\\\/programmi-mappe-mentali\\\/thortspace-recensione\\\/#breadcrumb\",\"itemListElement\":[{\"@type\":\"ListItem\",\"position\":1,\"name\":\"Home\",\"item\":\"https:\\\/\\\/www.accuratereviews.com\\\/it\\\/\"},{\"@type\":\"ListItem\",\"position\":2,\"name\":\"Programmi per mappe mentali\",\"item\":\"https:\\\/\\\/www.accuratereviews.com\\\/it\\\/programmi-mappe-mentali\\\/\"},{\"@type\":\"ListItem\",\"position\":3,\"name\":\"Thortspace\"}]},{\"@type\":\"WebSite\",\"@id\":\"https:\\\/\\\/www.accuratereviews.com\\\/it\\\/#website\",\"url\":\"https:\\\/\\\/www.accuratereviews.com\\\/it\\\/\",\"name\":\"Accurate Reviews\",\"description\":\"\",\"potentialAction\":[{\"@type\":\"SearchAction\",\"target\":{\"@type\":\"EntryPoint\",\"urlTemplate\":\"https:\\\/\\\/www.accuratereviews.com\\\/it\\\/?s={search_term_string}\"},\"query-input\":{\"@type\":\"PropertyValueSpecification\",\"valueRequired\":true,\"valueName\":\"search_term_string\"}}],\"inLanguage\":\"it-IT\"}]}<\/script>\n<!-- \/ Yoast SEO plugin. -->","yoast_head_json":{"title":"Thortspace: recensione programma mappe mentali","description":"Thortspace: recensione del software di mappatura mentale online\u00a0e di gestione dei progetti che consente di creare un pensiero collaborativo.","robots":{"index":"index","follow":"follow","max-snippet":"max-snippet:-1","max-image-preview":"max-image-preview:large","max-video-preview":"max-video-preview:-1"},"canonical":"https:\/\/www.accuratereviews.com\/it\/programmi-mappe-mentali\/thortspace-recensione\/","og_locale":"it_IT","og_type":"article","og_title":"Thortspace: recensione programma mappe mentali","og_description":"Thortspace: recensione del software di mappatura mentale online\u00a0e di gestione dei progetti che consente di creare un pensiero collaborativo.","og_url":"https:\/\/www.accuratereviews.com\/it\/programmi-mappe-mentali\/thortspace-recensione\/","og_site_name":"Accurate Reviews","og_image":[{"width":380,"height":200,"url":"https:\/\/www.accuratereviews.com\/wp-content\/uploads\/2022\/12\/Unknown.png","type":"image\/png"}],"twitter_card":"summary_large_image","twitter_misc":{"Tempo di lettura stimato":"3 minuti"},"schema":{"@context":"https:\/\/schema.org","@graph":[{"@type":"WebPage","@id":"https:\/\/www.accuratereviews.com\/it\/programmi-mappe-mentali\/thortspace-recensione\/","url":"https:\/\/www.accuratereviews.com\/it\/programmi-mappe-mentali\/thortspace-recensione\/","name":"Thortspace: recensione programma mappe mentali","isPartOf":{"@id":"https:\/\/www.accuratereviews.com\/it\/#website"},"primaryImageOfPage":{"@id":"https:\/\/www.accuratereviews.com\/it\/programmi-mappe-mentali\/thortspace-recensione\/#primaryimage"},"image":{"@id":"https:\/\/www.accuratereviews.com\/it\/programmi-mappe-mentali\/thortspace-recensione\/#primaryimage"},"thumbnailUrl":"https:\/\/www.accuratereviews.com\/wp-content\/uploads\/2022\/12\/Unknown.png","datePublished":"2022-12-28T13:55:02+00:00","description":"Thortspace: recensione del software di mappatura mentale online\u00a0e di gestione dei progetti che consente di creare un pensiero collaborativo.","breadcrumb":{"@id":"https:\/\/www.accuratereviews.com\/it\/programmi-mappe-mentali\/thortspace-recensione\/#breadcrumb"},"inLanguage":"it-IT","potentialAction":[{"@type":"ReadAction","target":["https:\/\/www.accuratereviews.com\/it\/programmi-mappe-mentali\/thortspace-recensione\/"]}]},{"@type":"ImageObject","inLanguage":"it-IT","@id":"https:\/\/www.accuratereviews.com\/it\/programmi-mappe-mentali\/thortspace-recensione\/#primaryimage","url":"https:\/\/www.accuratereviews.com\/wp-content\/uploads\/2022\/12\/Unknown.png","contentUrl":"https:\/\/www.accuratereviews.com\/wp-content\/uploads\/2022\/12\/Unknown.png","width":380,"height":200},{"@type":"BreadcrumbList","@id":"https:\/\/www.accuratereviews.com\/it\/programmi-mappe-mentali\/thortspace-recensione\/#breadcrumb","itemListElement":[{"@type":"ListItem","position":1,"name":"Home","item":"https:\/\/www.accuratereviews.com\/it\/"},{"@type":"ListItem","position":2,"name":"Programmi per mappe mentali","item":"https:\/\/www.accuratereviews.com\/it\/programmi-mappe-mentali\/"},{"@type":"ListItem","position":3,"name":"Thortspace"}]},{"@type":"WebSite","@id":"https:\/\/www.accuratereviews.com\/it\/#website","url":"https:\/\/www.accuratereviews.com\/it\/","name":"Accurate Reviews","description":"","potentialAction":[{"@type":"SearchAction","target":{"@type":"EntryPoint","urlTemplate":"https:\/\/www.accuratereviews.com\/it\/?s={search_term_string}"},"query-input":{"@type":"PropertyValueSpecification","valueRequired":true,"valueName":"search_term_string"}}],"inLanguage":"it-IT"}]}},"_links":{"self":[{"href":"https:\/\/www.accuratereviews.com\/it\/wp-json\/wp\/v2\/pages\/65457","targetHints":{"allow":["GET"]}}],"collection":[{"href":"https:\/\/www.accuratereviews.com\/it\/wp-json\/wp\/v2\/pages"}],"about":[{"href":"https:\/\/www.accuratereviews.com\/it\/wp-json\/wp\/v2\/types\/page"}],"author":[{"embeddable":true,"href":"https:\/\/www.accuratereviews.com\/it\/wp-json\/wp\/v2\/users\/17"}],"replies":[{"embeddable":true,"href":"https:\/\/www.accuratereviews.com\/it\/wp-json\/wp\/v2\/comments?post=65457"}],"version-history":[{"count":5,"href":"https:\/\/www.accuratereviews.com\/it\/wp-json\/wp\/v2\/pages\/65457\/revisions"}],"predecessor-version":[{"id":65477,"href":"https:\/\/www.accuratereviews.com\/it\/wp-json\/wp\/v2\/pages\/65457\/revisions\/65477"}],"up":[{"embeddable":true,"href":"https:\/\/www.accuratereviews.com\/it\/wp-json\/wp\/v2\/pages\/65102"}],"wp:featuredmedia":[{"embeddable":true,"href":"https:\/\/www.accuratereviews.com\/it\/wp-json\/wp\/v2\/media\/65458"}],"wp:attachment":[{"href":"https:\/\/www.accuratereviews.com\/it\/wp-json\/wp\/v2\/media?parent=65457"}],"wp:term":[{"taxonomy":"category","embeddable":true,"href":"https:\/\/www.accuratereviews.com\/it\/wp-json\/wp\/v2\/categories?post=65457"},{"taxonomy":"post_tag","embeddable":true,"href":"https:\/\/www.accuratereviews.com\/it\/wp-json\/wp\/v2\/tags?post=65457"},{"taxonomy":"features","embeddable":true,"href":"https:\/\/www.accuratereviews.com\/it\/wp-json\/wp\/v2\/features?post=65457"}],"curies":[{"name":"wp","href":"https:\/\/api.w.org\/{rel}","templated":true}]}}