{"id":65509,"date":"2022-12-29T17:09:14","date_gmt":"2022-12-29T17:09:14","guid":{"rendered":"https:\/\/www.accuratereviews.com\/?page_id=65509"},"modified":"2022-12-29T17:09:14","modified_gmt":"2022-12-29T17:09:14","slug":"conceptdraw-diagram-recensione","status":"publish","type":"page","link":"https:\/\/www.accuratereviews.com\/it\/programmi-mappe-mentali\/conceptdraw-diagram-recensione\/","title":{"rendered":"ConceptDraw DIAGRAM"},"content":{"rendered":"<p><strong>ConceptDraw DIAGRAM<\/strong> \u00e8 un <strong>software di creazione di diagrammi<\/strong> che consente agli utenti di creare diagrammi di flusso e altri tipi di disegni.\u00a0Il software consente agli utenti di disegnare pi\u00f9 forme, tra cui frecce, caselle e linee, aggiungere caselle di testo, inserire forme da librerie predefinite, applicare effetti agli oggetti, cambiare i colori e gli stili di linea, aggiungere immagini, utilizzare modelli per creare documenti ed esportare file in diversi formati come PDF o JPEG.<br \/>\n<strong>ConceptDraw DIAGRAM <\/strong>\u00e8\u00a0progettato per professionisti aziendali e ingegneristici che hanno bisogno di creare diagrammi e altre rappresentazioni visive delle loro idee.<\/p>\n<h2>CONCEPTDRAW DIAGRAM &#8211; TUTORIAL<\/h2>\n<div id=\"fluid-wrapper-counter-1\" class=\"g1-fluid-wrapper \" style=\"width:686px;\">\n<div style=\"padding-bottom:56.268221574344%;\"><iframe loading=\"lazy\" title=\"Environmental, Social, and Corporate Governance\" width=\"515\" height=\"386\" src=\"https:\/\/www.youtube.com\/embed\/vwjvyyIB4Tg?feature=oembed&amp;wmode=transparent&amp;autohide=1&amp;autoplay=0&amp;disablekb=0&amp;fs=1&amp;loop=0&amp;enablejsapi=1&amp;rel=0&amp;controls=2&amp;showinfo=0&amp;wmode=transparent&amp;autohide=2&amp;autoplay=0&amp;disablekb=0&amp;fs=1&amp;loop=0&amp;enablejsapi=1&amp;rel=0&amp;controls=2&amp;showinfo=1\" frameborder=\"0\" allow=\"accelerometer; autoplay; clipboard-write; encrypted-media; gyroscope; picture-in-picture\" allowfullscreen><\/iframe><\/div>\n<\/div>\n<h3>CONCEPTDRAW DIAGRAM &#8211; CARATTERISTICHE<\/h3>\n<ul>\n<li><strong>Soluzione tutti incluso per la visualizzazione aziendale<\/strong>: set di soluzioni pronte all&#8217;uso gratuite e a pagamento per la creazione di diagrammi orientate al business. Centinaia di librerie di stencil vettoriali per diverse attivit\u00e0 aziendali. Set di modelli e campioni tematici. Visualizza in anteprima e scarica i contenuti.<\/li>\n<li><strong>Generatore di soluzioni per diagrammi personalizzati:<\/strong> assembla la tua soluzione grafica personalizzata: basta scegliere ci\u00f2 di cui hai bisogno dal contenuto gi\u00e0 pronto, fornito dalla soluzione, e salvarlo insieme ai tuoi file personalizzati nella cartella. Il pannello My ConceptDraw consente di visualizzare e aprire istantaneamente documenti, modelli, librerie e presentazioni.<\/li>\n<li><strong>Creatore di diagrammi di flusso<\/strong>:\u00a0il programma fornisce una serie di strumenti che consentono di creare diagrammi pi\u00f9 velocemente che mai. Ci vogliono pochi minuti anche per un utente inesperto per creare un diagramma utilizzando librerie di oggetti vettoriali. Il set di potenti strumenti di disegno aiuta ad automatizzare le operazioni di routine e consente di disporre rapidamente gli oggetti in modo corretto.<\/li>\n<li><strong>Alternativa a Visio su macOS e Windows<\/strong>: la soluzione\u00a0\u00e8 una valida alternativa a MS Visio per individui e organizzazioni che cercano un software aziendale professionale. Ha l&#8217;importazione e l&#8217;esportazione di andata e ritorno del formato di file MS Visio: pu\u00f2 aprire e salvare documenti che possono essere utilizzati dagli utenti di MS Visio (documenti VSD, VDX e VSDX).<\/li>\n<li><strong>Strumenti sofisticati per la creazione di diagrammi<\/strong>: le librerie contengono una serie di oggetti live speciali tra cui oggetti di trasformazione, commutazione e guidati dai dati. L&#8217;aspetto di qualsiasi oggetto dinamico pu\u00f2 essere modificato manualmente o in risposta a dati esterni.<\/li>\n<li><strong>Opzioni di formattazione degli oggetti:<\/strong> stili di linea e frecce, stili di riempimento, trame e ombre consentono di creare oggetti completamente personalizzati. L&#8217;insieme di stili predefiniti forniti con temi incorporati consente di creare disegni accattivanti dall&#8217;aspetto professionale in breve tempo. Puoi creare il tuo tema secondo uno standard aziendale. Crea e salva librerie personalizzate per archiviare gli oggetti che utilizzi di frequente.<\/li>\n<li><strong>Collegamenti ipertestuali e note di testo<\/strong>: rendi il diagramma pi\u00f9 informativo aggiungendo collegamenti ipertestuali e note di testo. Il pannello Hypernote \u00e8 la combinazione di una nota di testo con pi\u00f9 collegamenti ipertestuali. Puoi collegare oggetti sul tuo diagramma a file, cartelle, pagine Web e persino ad altri oggetti.<\/li>\n<li><strong>Documenti multipagina:<\/strong> puoi aggiungere pi\u00f9 pagine in un singolo documento. Ogni nuova pagina di disegno eredita le propriet\u00e0 della prima pagina. Puoi gestire le pagine in un documento: aggiungi, rimuovi e duplica pagine. Inoltre, \u00e8 possibile riordinare le pagine, trascinare e rilasciare oggetti, duplicare e creare pi\u00f9 pagine di sfondo in un documento.<\/li>\n<\/ul>\n<h4>LE RECENSIONI DEGLI UTENTI<\/h4>\n<p><strong>Trina &#8220;Incredibile strumento per mappe mentali&#8221;<\/strong><br \/>\n<strong>Commenti<\/strong>: Abbiamo implementato questo strumento come un obbligo nella discussione di nuovi progetti e idee<br \/>\n<strong>Pro<\/strong>: Confesso di non essere un esperto nello sviluppo di mappe mentali e questo strumento mi ha aiutato molto grazie alla sua facilit\u00e0 d&#8217;uso e funzionalit\u00e0<br \/>\n<strong>Contro<\/strong>: Finora non abbiamo lamentele riguardo al software.<\/p>\n<p><strong>Ilia &#8220;Strumento molto utile per le mappe mentali riguardando le tue idee e il brainstorming dei membri del tuo team&#8221;<\/strong><br \/>\n<strong>Pro<\/strong>: Ottima velocit\u00e0, semplicit\u00e0 di utilizzo. Opzioni per salvare come pdf e trasferire in power point. Bella interfaccia. Strumento utile per organizzare i tuoi pensieri<br \/>\n<strong>Contro<\/strong>: Si sono verificati alcuni arresti anomali durante il caricamento e alcuni problemi per capire come funziona<\/p>\n<p><strong>Kathy &#8220;Lo uso per mostrare la pianificazione del progetto quando insegno.&#8221;<\/strong><br \/>\n<strong>Commenti<\/strong>: Ottimo da usare quando inizio un progetto. Un modo eccellente per togliermi tutti i pensieri non organizzati dalla mia testa e metterli nero su bianco in modo organizzato.<br \/>\n<strong>Pro<\/strong>: La facilit\u00e0 d&#8217;uso con questo software \u00e8 sorprendente. La possibilit\u00e0 di convertire in Word e\/o PowerPoint con il clic di un pulsante \u00e8 assolutamente sorprendente.<br \/>\n<strong>Contro<\/strong>: Tendo a confondermi sulle combinazioni di scorciatoie da tastiera. Questo \u00e8 pi\u00f9 vicino a me che al software.<\/p>\n","protected":false},"excerpt":{"rendered":"<p>ConceptDraw DIAGRAM \u00e8 un software di creazione di diagrammi che consente agli utenti di creare diagrammi di flusso e altri tipi di disegni.\u00a0Il software consente agli utenti di disegnare pi\u00f9 forme, tra cui frecce, caselle e linee, aggiungere caselle di testo, inserire forme da librerie predefinite, applicare effetti agli oggetti, cambiare i colori e gli stili di linea, aggiungere immagini, utilizzare modelli per creare documenti ed esportare file in diversi formati come PDF o JPEG.<\/p>\n","protected":false},"author":19,"featured_media":65510,"parent":65102,"menu_order":0,"comment_status":"open","ping_status":"closed","template":"g1_template_page_review_new.php","meta":{"_acf_changed":false,"cwp_meta_box_check":"Yes","cwp_rev_product_name":"","cwp_rev_product_image":"","wppr_links":[],"cwp_rev_price":"0.00","wppr_options":[{"name":"Usability","value":"0"},{"name":"Speed","value":"0"},{"name":"Features","value":"0"},{"name":"Support","value":"0"},{"name":"Pricing","value":"0"}],"wppr_pros":["","","","",""],"wppr_cons":["","","","",""],"_monsterinsights_skip_tracking":false,"_monsterinsights_sitenote_active":false,"_monsterinsights_sitenote_note":"","_monsterinsights_sitenote_category":0,"footnotes":""},"categories":[13899],"tags":[13966,13932,13901,13965,13964,13962,13963],"features":[],"class_list":{"0":"post-65509","1":"page","2":"type-page","3":"status-publish","4":"has-post-thumbnail","6":"category-programmi-mappe-mentali-cat","7":"tag-conceptdraw-diagram","8":"tag-mappatura-mentale","9":"tag-mappe-mentali","10":"tag-piattaforma-mappe-mentali","11":"tag-programma-mappe-mentali","12":"tag-software-mappe-mentali","13":"tag-soluzione-mappe-mentali"},"wppr_data":{"cwp_meta_box_check":"Yes","_wppr_review_template":"default","cwp_rev_product_image":"","cwp_image_link":"image","wppr_links":[],"cwp_rev_price":"0.00","wppr_pros":["","","","",""],"wppr_cons":["","","","",""],"wppr_rating":"0.00","wppr_options":{"1":{"name":"Usability","value":"0"},"2":{"name":"Speed","value":"0"},"3":{"name":"Features","value":"0"},"4":{"name":"Support","value":"0"},"5":{"name":"Pricing","value":"0"}},"wppr_review_type":"Product","wppr_review_custom_fields":{"additionalProperty":"","additionalType":"","aggregateRating":"","alternateName":"","audience":"","award":"","awards":"","brand":"","color":"","depth":"","description":"","disambiguatingDescription":"","gtin12":"","gtin13":"","gtin14":"","gtin8":"","height":"","identifier":"","image":"","isAccessoryOrSparePartFor":"","isConsumableFor":"","isRelatedTo":"","isSimilarTo":"","itemCondition":"","logo":"","mainEntityOfPage":"","manufacturer":"","material":"","model":"","mpn":"","name":"","offers":"","potentialAction":"","productID":"","productionDate":"","purchaseDate":"","releaseDate":"","review":"","reviews":"","sameAs":"","sku":"","slogan":"","subjectOf":"","url":"","weight":"","width":""}},"acf":[],"yoast_head":"<!-- This site is optimized with the Yoast SEO plugin v27.4 - https:\/\/yoast.com\/product\/yoast-seo-wordpress\/ -->\n<title>ConceptDraw DIAGRAM: recensione programma mappe mentali<\/title>\n<meta name=\"description\" content=\"ConceptDraw DIAGRAM: recensione software di creazione di diagrammi che consente agli utenti di creare diagrammi e altri tipi di disegni.\" \/>\n<meta name=\"robots\" content=\"index, follow, max-snippet:-1, max-image-preview:large, max-video-preview:-1\" \/>\n<link rel=\"canonical\" href=\"https:\/\/www.accuratereviews.com\/it\/programmi-mappe-mentali\/conceptdraw-diagram-recensione\/\" \/>\n<meta property=\"og:locale\" content=\"it_IT\" \/>\n<meta property=\"og:type\" content=\"article\" \/>\n<meta property=\"og:title\" content=\"ConceptDraw DIAGRAM: recensione programma mappe mentali\" \/>\n<meta property=\"og:description\" content=\"ConceptDraw DIAGRAM: recensione software di creazione di diagrammi che consente agli utenti di creare diagrammi e altri tipi di disegni.\" \/>\n<meta property=\"og:url\" content=\"https:\/\/www.accuratereviews.com\/it\/programmi-mappe-mentali\/conceptdraw-diagram-recensione\/\" \/>\n<meta property=\"og:site_name\" content=\"Accurate Reviews\" \/>\n<meta property=\"og:image\" content=\"https:\/\/www.accuratereviews.com\/wp-content\/uploads\/2022\/12\/ConceptDraw-DIAGRAM.jpeg\" \/>\n\t<meta property=\"og:image:width\" content=\"225\" \/>\n\t<meta property=\"og:image:height\" content=\"225\" \/>\n\t<meta property=\"og:image:type\" content=\"image\/jpeg\" \/>\n<meta name=\"twitter:card\" content=\"summary_large_image\" \/>\n<meta name=\"twitter:label1\" content=\"Tempo di lettura stimato\" \/>\n\t<meta name=\"twitter:data1\" content=\"4 minuti\" \/>\n<script type=\"application\/ld+json\" class=\"yoast-schema-graph\">{\"@context\":\"https:\\\/\\\/schema.org\",\"@graph\":[{\"@type\":\"WebPage\",\"@id\":\"https:\\\/\\\/www.accuratereviews.com\\\/it\\\/programmi-mappe-mentali\\\/conceptdraw-diagram-recensione\\\/\",\"url\":\"https:\\\/\\\/www.accuratereviews.com\\\/it\\\/programmi-mappe-mentali\\\/conceptdraw-diagram-recensione\\\/\",\"name\":\"ConceptDraw DIAGRAM: recensione programma mappe mentali\",\"isPartOf\":{\"@id\":\"https:\\\/\\\/www.accuratereviews.com\\\/it\\\/#website\"},\"primaryImageOfPage\":{\"@id\":\"https:\\\/\\\/www.accuratereviews.com\\\/it\\\/programmi-mappe-mentali\\\/conceptdraw-diagram-recensione\\\/#primaryimage\"},\"image\":{\"@id\":\"https:\\\/\\\/www.accuratereviews.com\\\/it\\\/programmi-mappe-mentali\\\/conceptdraw-diagram-recensione\\\/#primaryimage\"},\"thumbnailUrl\":\"https:\\\/\\\/www.accuratereviews.com\\\/wp-content\\\/uploads\\\/2022\\\/12\\\/ConceptDraw-DIAGRAM.jpeg\",\"datePublished\":\"2022-12-29T17:09:14+00:00\",\"description\":\"ConceptDraw DIAGRAM: recensione software di creazione di diagrammi che consente agli utenti di creare diagrammi e altri tipi di disegni.\",\"breadcrumb\":{\"@id\":\"https:\\\/\\\/www.accuratereviews.com\\\/it\\\/programmi-mappe-mentali\\\/conceptdraw-diagram-recensione\\\/#breadcrumb\"},\"inLanguage\":\"it-IT\",\"potentialAction\":[{\"@type\":\"ReadAction\",\"target\":[\"https:\\\/\\\/www.accuratereviews.com\\\/it\\\/programmi-mappe-mentali\\\/conceptdraw-diagram-recensione\\\/\"]}]},{\"@type\":\"ImageObject\",\"inLanguage\":\"it-IT\",\"@id\":\"https:\\\/\\\/www.accuratereviews.com\\\/it\\\/programmi-mappe-mentali\\\/conceptdraw-diagram-recensione\\\/#primaryimage\",\"url\":\"https:\\\/\\\/www.accuratereviews.com\\\/wp-content\\\/uploads\\\/2022\\\/12\\\/ConceptDraw-DIAGRAM.jpeg\",\"contentUrl\":\"https:\\\/\\\/www.accuratereviews.com\\\/wp-content\\\/uploads\\\/2022\\\/12\\\/ConceptDraw-DIAGRAM.jpeg\",\"width\":225,\"height\":225},{\"@type\":\"BreadcrumbList\",\"@id\":\"https:\\\/\\\/www.accuratereviews.com\\\/it\\\/programmi-mappe-mentali\\\/conceptdraw-diagram-recensione\\\/#breadcrumb\",\"itemListElement\":[{\"@type\":\"ListItem\",\"position\":1,\"name\":\"Home\",\"item\":\"https:\\\/\\\/www.accuratereviews.com\\\/it\\\/\"},{\"@type\":\"ListItem\",\"position\":2,\"name\":\"Programmi per mappe mentali\",\"item\":\"https:\\\/\\\/www.accuratereviews.com\\\/it\\\/programmi-mappe-mentali\\\/\"},{\"@type\":\"ListItem\",\"position\":3,\"name\":\"ConceptDraw DIAGRAM\"}]},{\"@type\":\"WebSite\",\"@id\":\"https:\\\/\\\/www.accuratereviews.com\\\/it\\\/#website\",\"url\":\"https:\\\/\\\/www.accuratereviews.com\\\/it\\\/\",\"name\":\"Accurate Reviews\",\"description\":\"\",\"potentialAction\":[{\"@type\":\"SearchAction\",\"target\":{\"@type\":\"EntryPoint\",\"urlTemplate\":\"https:\\\/\\\/www.accuratereviews.com\\\/it\\\/?s={search_term_string}\"},\"query-input\":{\"@type\":\"PropertyValueSpecification\",\"valueRequired\":true,\"valueName\":\"search_term_string\"}}],\"inLanguage\":\"it-IT\"}]}<\/script>\n<!-- \/ Yoast SEO plugin. -->","yoast_head_json":{"title":"ConceptDraw DIAGRAM: recensione programma mappe mentali","description":"ConceptDraw DIAGRAM: recensione software di creazione di diagrammi che consente agli utenti di creare diagrammi e altri tipi di disegni.","robots":{"index":"index","follow":"follow","max-snippet":"max-snippet:-1","max-image-preview":"max-image-preview:large","max-video-preview":"max-video-preview:-1"},"canonical":"https:\/\/www.accuratereviews.com\/it\/programmi-mappe-mentali\/conceptdraw-diagram-recensione\/","og_locale":"it_IT","og_type":"article","og_title":"ConceptDraw DIAGRAM: recensione programma mappe mentali","og_description":"ConceptDraw DIAGRAM: recensione software di creazione di diagrammi che consente agli utenti di creare diagrammi e altri tipi di disegni.","og_url":"https:\/\/www.accuratereviews.com\/it\/programmi-mappe-mentali\/conceptdraw-diagram-recensione\/","og_site_name":"Accurate Reviews","og_image":[{"width":225,"height":225,"url":"https:\/\/www.accuratereviews.com\/wp-content\/uploads\/2022\/12\/ConceptDraw-DIAGRAM.jpeg","type":"image\/jpeg"}],"twitter_card":"summary_large_image","twitter_misc":{"Tempo di lettura stimato":"4 minuti"},"schema":{"@context":"https:\/\/schema.org","@graph":[{"@type":"WebPage","@id":"https:\/\/www.accuratereviews.com\/it\/programmi-mappe-mentali\/conceptdraw-diagram-recensione\/","url":"https:\/\/www.accuratereviews.com\/it\/programmi-mappe-mentali\/conceptdraw-diagram-recensione\/","name":"ConceptDraw DIAGRAM: recensione programma mappe mentali","isPartOf":{"@id":"https:\/\/www.accuratereviews.com\/it\/#website"},"primaryImageOfPage":{"@id":"https:\/\/www.accuratereviews.com\/it\/programmi-mappe-mentali\/conceptdraw-diagram-recensione\/#primaryimage"},"image":{"@id":"https:\/\/www.accuratereviews.com\/it\/programmi-mappe-mentali\/conceptdraw-diagram-recensione\/#primaryimage"},"thumbnailUrl":"https:\/\/www.accuratereviews.com\/wp-content\/uploads\/2022\/12\/ConceptDraw-DIAGRAM.jpeg","datePublished":"2022-12-29T17:09:14+00:00","description":"ConceptDraw DIAGRAM: recensione software di creazione di diagrammi che consente agli utenti di creare diagrammi e altri tipi di disegni.","breadcrumb":{"@id":"https:\/\/www.accuratereviews.com\/it\/programmi-mappe-mentali\/conceptdraw-diagram-recensione\/#breadcrumb"},"inLanguage":"it-IT","potentialAction":[{"@type":"ReadAction","target":["https:\/\/www.accuratereviews.com\/it\/programmi-mappe-mentali\/conceptdraw-diagram-recensione\/"]}]},{"@type":"ImageObject","inLanguage":"it-IT","@id":"https:\/\/www.accuratereviews.com\/it\/programmi-mappe-mentali\/conceptdraw-diagram-recensione\/#primaryimage","url":"https:\/\/www.accuratereviews.com\/wp-content\/uploads\/2022\/12\/ConceptDraw-DIAGRAM.jpeg","contentUrl":"https:\/\/www.accuratereviews.com\/wp-content\/uploads\/2022\/12\/ConceptDraw-DIAGRAM.jpeg","width":225,"height":225},{"@type":"BreadcrumbList","@id":"https:\/\/www.accuratereviews.com\/it\/programmi-mappe-mentali\/conceptdraw-diagram-recensione\/#breadcrumb","itemListElement":[{"@type":"ListItem","position":1,"name":"Home","item":"https:\/\/www.accuratereviews.com\/it\/"},{"@type":"ListItem","position":2,"name":"Programmi per mappe mentali","item":"https:\/\/www.accuratereviews.com\/it\/programmi-mappe-mentali\/"},{"@type":"ListItem","position":3,"name":"ConceptDraw DIAGRAM"}]},{"@type":"WebSite","@id":"https:\/\/www.accuratereviews.com\/it\/#website","url":"https:\/\/www.accuratereviews.com\/it\/","name":"Accurate Reviews","description":"","potentialAction":[{"@type":"SearchAction","target":{"@type":"EntryPoint","urlTemplate":"https:\/\/www.accuratereviews.com\/it\/?s={search_term_string}"},"query-input":{"@type":"PropertyValueSpecification","valueRequired":true,"valueName":"search_term_string"}}],"inLanguage":"it-IT"}]}},"_links":{"self":[{"href":"https:\/\/www.accuratereviews.com\/it\/wp-json\/wp\/v2\/pages\/65509","targetHints":{"allow":["GET"]}}],"collection":[{"href":"https:\/\/www.accuratereviews.com\/it\/wp-json\/wp\/v2\/pages"}],"about":[{"href":"https:\/\/www.accuratereviews.com\/it\/wp-json\/wp\/v2\/types\/page"}],"author":[{"embeddable":true,"href":"https:\/\/www.accuratereviews.com\/it\/wp-json\/wp\/v2\/users\/19"}],"replies":[{"embeddable":true,"href":"https:\/\/www.accuratereviews.com\/it\/wp-json\/wp\/v2\/comments?post=65509"}],"version-history":[{"count":10,"href":"https:\/\/www.accuratereviews.com\/it\/wp-json\/wp\/v2\/pages\/65509\/revisions"}],"predecessor-version":[{"id":65537,"href":"https:\/\/www.accuratereviews.com\/it\/wp-json\/wp\/v2\/pages\/65509\/revisions\/65537"}],"up":[{"embeddable":true,"href":"https:\/\/www.accuratereviews.com\/it\/wp-json\/wp\/v2\/pages\/65102"}],"wp:featuredmedia":[{"embeddable":true,"href":"https:\/\/www.accuratereviews.com\/it\/wp-json\/wp\/v2\/media\/65510"}],"wp:attachment":[{"href":"https:\/\/www.accuratereviews.com\/it\/wp-json\/wp\/v2\/media?parent=65509"}],"wp:term":[{"taxonomy":"category","embeddable":true,"href":"https:\/\/www.accuratereviews.com\/it\/wp-json\/wp\/v2\/categories?post=65509"},{"taxonomy":"post_tag","embeddable":true,"href":"https:\/\/www.accuratereviews.com\/it\/wp-json\/wp\/v2\/tags?post=65509"},{"taxonomy":"features","embeddable":true,"href":"https:\/\/www.accuratereviews.com\/it\/wp-json\/wp\/v2\/features?post=65509"}],"curies":[{"name":"wp","href":"https:\/\/api.w.org\/{rel}","templated":true}]}}