{"id":65547,"date":"2022-12-30T13:25:56","date_gmt":"2022-12-30T13:25:56","guid":{"rendered":"https:\/\/www.accuratereviews.com\/?page_id=65547"},"modified":"2022-12-30T13:25:56","modified_gmt":"2022-12-30T13:25:56","slug":"freemind-recensione","status":"publish","type":"page","link":"https:\/\/www.accuratereviews.com\/it\/programmi-mappe-mentali\/freemind-recensione\/","title":{"rendered":"FreeMind"},"content":{"rendered":"<p><strong>FreeMind<\/strong> \u00e8 un <strong>programma per mappe mentali<\/strong> totalmente gratuito, scritto in Java e sviluppato per chiunque stia cercando uno strumento di mappatura mentale semplice ed economico. Provvisto di numerose funzionalit\u00e0, ti permette di prendere appunti, organizzarli e archiviarli in unico spazio. Qui potrete creare dei collegamenti che vadano ad unire tutte le vostre idee in una mappa mentale.<br \/>\nEssendo opensource, il codice di <strong>FreeMind<\/strong> pu\u00f2 essere modificato e personalizzato in base alle proprie esigenze.<\/p>\n<h2>FREEMIND &#8211; TUTORIAL<\/h2>\n<div id=\"fluid-wrapper-counter-1\" class=\"g1-fluid-wrapper \" style=\"width:686px;\">\n<div style=\"padding-bottom:56.268221574344%;\"><iframe loading=\"lazy\" title=\"FreeMind Open-Source Free Mindmapping Software.\" width=\"686\" height=\"386\" src=\"https:\/\/www.youtube.com\/embed\/1sXHgXKfhRY?feature=oembed&amp;wmode=transparent&amp;autohide=1&amp;autoplay=0&amp;disablekb=0&amp;fs=1&amp;loop=0&amp;enablejsapi=1&amp;rel=0&amp;controls=2&amp;showinfo=0&amp;wmode=transparent&amp;autohide=2&amp;autoplay=0&amp;disablekb=0&amp;fs=1&amp;loop=0&amp;enablejsapi=1&amp;rel=0&amp;controls=2&amp;showinfo=1\" frameborder=\"0\" allow=\"accelerometer; autoplay; clipboard-write; encrypted-media; gyroscope; picture-in-picture\" allowfullscreen><\/iframe><\/div>\n<\/div>\n<h3>FREEMIND &#8211; CARATTERISTICHE<\/h3>\n<ul>\n<li>Segue in modo completamente funzionale i collegamenti HTML memorizzati nei nodi, sia che si tratti di collegamenti www che di collegamenti a file locali.<\/li>\n<li>Supporta il folding, che \u00e8 la sua propriet\u00e0 essenziale.<\/li>\n<li>Navigazione veloce con un solo clic, che comprende il ripiegamento\/dispiegamento con un solo clic e l&#8217;inseguimento dei link con un solo clic.<\/li>\n<li>Trascinamento intelligente, compresa la possibilit\u00e0 di copiare i nodi o lo stile dei nodi; trascinamento di pi\u00f9 nodi selezionati.<\/li>\n<li>Copia e incolla intelligente, compreso l&#8217;incollamento di link da HTML o la strutturazione del contenuto incollato in base al numero di spazi iniziali in una riga; incollamento di elenchi di file selezionati.<\/li>\n<li>Copia e incolla intelligente da, compreso il testo normale e RTF (MS Wordpad, MS Word, messaggi di MS Outlook).<\/li>\n<li>Esportazione della mappa in HTML, con piegatura (vedi esempio).<\/li>\n<li>Funzione di ricerca, in cui gli elementi trovati vengono mostrati uno per uno quando si esegue il comando &#8220;Trova successivo&#8221; e la mappa viene aperta solo per l&#8217;elemento corrente.<\/li>\n<li>Possibilit\u00e0 di utilizzare e modificare nodi multilinea lunghi, anche con newline<\/li>\n<li>Possibilit\u00e0 di decorare i nodi con icone, colori e caratteri diversi.<\/li>\n<li>La modalit\u00e0 file consente di sfogliare i file presenti sul computer, visualizzando la struttura delle cartelle come una mappa mentale.<\/li>\n<\/ul>\n<h4>LE RECENSIONI DEGLI UTENTI<\/h4>\n<p><strong>Fraser &#8220;Buono per il software gratuito, ma datato&#8221;<\/strong><br \/>\nCommenti: Ottimo per il software gratuito ma vale la pena pagare di pi\u00f9 per il software di mappe mentali a pagamento<br \/>\nPro: Per essere uno strumento gratuito, svolge molto bene il compito di creare mappe mentali di base con le funzionalit\u00e0 standard incluse<br \/>\nContro: Ha un&#8217;interfaccia utente datata e alcune funzioni sono difficili da trovare e nascoste.<\/p>\n<p><strong>David &#8220;Freemind \u00e8 il miglior valore per il brainstorming e le mappe mentali&#8221;<\/strong><br \/>\nCommenti: Eccellente. Lo uso sia personalmente che per gruppi di lavoro. Permette al team di concentrarsi e favorisce la creativit\u00e0. Un grande fan.<br \/>\nPro: Sono un appassionato utilizzatore di software di mappatura mentale da decenni. Uso le mappe mentali e il brainstorming per quasi tutti i progetti e le strategie a cui lavoro. Ho utilizzato diversi strumenti software, ma il migliore in assoluto \u00e8 Freemind. Ha tutte le funzionalit\u00e0 necessarie, \u00e8 semplice e facile da usare e soprattutto \u00e8 gratuito.<br \/>\nContro: L&#8217;unico aspetto che non mi piace \u00e8 una leggera incoerenza nell&#8217;uso di insert vs return nei primi nodi di una mappa.<\/p>\n<p><strong>Marcelo &#8220;Ottimo software gratuito&#8221;<\/strong><br \/>\nCommenti: Uso questo software da diversi anni e mi \u00e8 sempre servito perfettamente nella versione gratuita.<br \/>\nPro: L&#8217;ho usato nella versione gratuita. Lo uso sul computer ed \u00e8 molto semplice da usare. \u00c8 molto buono nel modo di esportare i file e permette di trasformare le mappe in documenti di testo.<br \/>\nContro: Non vedo problemi, poich\u00e9 la versione gratuita mi serve gi\u00e0 per tutto ci\u00f2 di cui ho bisogno. Non ho mai avuto bisogno di assistenza.<\/p>\n","protected":false},"excerpt":{"rendered":"<p>FreeMind \u00e8 un programma per mappe mentali totalmente gratuito, scritto in Java e sviluppato per chiunque stia cercando uno strumento di mappatura mentale semplice ed economico. Provvisto di numerose funzionalit\u00e0, ti permette di prendere appunti, organizzarli e archiviarli in unico spazio.<\/p>\n","protected":false},"author":17,"featured_media":65548,"parent":65102,"menu_order":0,"comment_status":"open","ping_status":"closed","template":"g1_template_page_review_new.php","meta":{"_acf_changed":false,"cwp_meta_box_check":"No","cwp_rev_product_name":"","cwp_rev_product_image":"","wppr_links":[],"cwp_rev_price":"","wppr_options":[],"wppr_pros":[],"wppr_cons":[],"_monsterinsights_skip_tracking":false,"_monsterinsights_sitenote_active":false,"_monsterinsights_sitenote_note":"","_monsterinsights_sitenote_category":0,"footnotes":""},"categories":[13899],"tags":[13901,13895,13965,13964,13962,13963],"features":[],"class_list":{"0":"post-65547","1":"page","2":"type-page","3":"status-publish","4":"has-post-thumbnail","6":"category-programmi-mappe-mentali-cat","7":"tag-mappe-mentali","8":"tag-piattaforma-mappatura-mentale","9":"tag-piattaforma-mappe-mentali","10":"tag-programma-mappe-mentali","11":"tag-software-mappe-mentali","12":"tag-soluzione-mappe-mentali"},"wppr_data":{"cwp_meta_box_check":"No"},"acf":[],"yoast_head":"<!-- This site is optimized with the Yoast SEO plugin v27.4 - https:\/\/yoast.com\/product\/yoast-seo-wordpress\/ -->\n<title>FreeMind: programma mappe mentali - Accurate Reviews<\/title>\n<meta name=\"description\" content=\"FreeMind: recensione del programma per mappe mentali totalmente gratuito, scritto in Java e sviluppato per chiunque.\" \/>\n<meta name=\"robots\" content=\"index, follow, max-snippet:-1, max-image-preview:large, max-video-preview:-1\" \/>\n<link rel=\"canonical\" href=\"https:\/\/www.accuratereviews.com\/it\/programmi-mappe-mentali\/freemind-recensione\/\" \/>\n<meta property=\"og:locale\" content=\"it_IT\" \/>\n<meta property=\"og:type\" content=\"article\" \/>\n<meta property=\"og:title\" content=\"FreeMind: programma mappe mentali - Accurate Reviews\" \/>\n<meta property=\"og:description\" content=\"FreeMind: recensione del programma per mappe mentali totalmente gratuito, scritto in Java e sviluppato per chiunque.\" \/>\n<meta property=\"og:url\" content=\"https:\/\/www.accuratereviews.com\/it\/programmi-mappe-mentali\/freemind-recensione\/\" \/>\n<meta property=\"og:site_name\" content=\"Accurate Reviews\" \/>\n<meta property=\"og:image\" content=\"https:\/\/www.accuratereviews.com\/wp-content\/uploads\/2022\/12\/FreeMind-logo-web-250px.jpg\" \/>\n\t<meta property=\"og:image:width\" content=\"400\" \/>\n\t<meta property=\"og:image:height\" content=\"200\" \/>\n\t<meta property=\"og:image:type\" content=\"image\/jpeg\" \/>\n<meta name=\"twitter:card\" content=\"summary_large_image\" \/>\n<meta name=\"twitter:label1\" content=\"Tempo di lettura stimato\" \/>\n\t<meta name=\"twitter:data1\" content=\"3 minuti\" \/>\n<script type=\"application\/ld+json\" class=\"yoast-schema-graph\">{\"@context\":\"https:\\\/\\\/schema.org\",\"@graph\":[{\"@type\":\"WebPage\",\"@id\":\"https:\\\/\\\/www.accuratereviews.com\\\/it\\\/programmi-mappe-mentali\\\/freemind-recensione\\\/\",\"url\":\"https:\\\/\\\/www.accuratereviews.com\\\/it\\\/programmi-mappe-mentali\\\/freemind-recensione\\\/\",\"name\":\"FreeMind: programma mappe mentali - Accurate Reviews\",\"isPartOf\":{\"@id\":\"https:\\\/\\\/www.accuratereviews.com\\\/it\\\/#website\"},\"primaryImageOfPage\":{\"@id\":\"https:\\\/\\\/www.accuratereviews.com\\\/it\\\/programmi-mappe-mentali\\\/freemind-recensione\\\/#primaryimage\"},\"image\":{\"@id\":\"https:\\\/\\\/www.accuratereviews.com\\\/it\\\/programmi-mappe-mentali\\\/freemind-recensione\\\/#primaryimage\"},\"thumbnailUrl\":\"https:\\\/\\\/www.accuratereviews.com\\\/wp-content\\\/uploads\\\/2022\\\/12\\\/FreeMind-logo-web-250px.jpg\",\"datePublished\":\"2022-12-30T13:25:56+00:00\",\"description\":\"FreeMind: recensione del programma per mappe mentali totalmente gratuito, scritto in Java e sviluppato per chiunque.\",\"breadcrumb\":{\"@id\":\"https:\\\/\\\/www.accuratereviews.com\\\/it\\\/programmi-mappe-mentali\\\/freemind-recensione\\\/#breadcrumb\"},\"inLanguage\":\"it-IT\",\"potentialAction\":[{\"@type\":\"ReadAction\",\"target\":[\"https:\\\/\\\/www.accuratereviews.com\\\/it\\\/programmi-mappe-mentali\\\/freemind-recensione\\\/\"]}]},{\"@type\":\"ImageObject\",\"inLanguage\":\"it-IT\",\"@id\":\"https:\\\/\\\/www.accuratereviews.com\\\/it\\\/programmi-mappe-mentali\\\/freemind-recensione\\\/#primaryimage\",\"url\":\"https:\\\/\\\/www.accuratereviews.com\\\/wp-content\\\/uploads\\\/2022\\\/12\\\/FreeMind-logo-web-250px.jpg\",\"contentUrl\":\"https:\\\/\\\/www.accuratereviews.com\\\/wp-content\\\/uploads\\\/2022\\\/12\\\/FreeMind-logo-web-250px.jpg\",\"width\":400,\"height\":200},{\"@type\":\"BreadcrumbList\",\"@id\":\"https:\\\/\\\/www.accuratereviews.com\\\/it\\\/programmi-mappe-mentali\\\/freemind-recensione\\\/#breadcrumb\",\"itemListElement\":[{\"@type\":\"ListItem\",\"position\":1,\"name\":\"Home\",\"item\":\"https:\\\/\\\/www.accuratereviews.com\\\/it\\\/\"},{\"@type\":\"ListItem\",\"position\":2,\"name\":\"Programmi per mappe mentali\",\"item\":\"https:\\\/\\\/www.accuratereviews.com\\\/it\\\/programmi-mappe-mentali\\\/\"},{\"@type\":\"ListItem\",\"position\":3,\"name\":\"FreeMind\"}]},{\"@type\":\"WebSite\",\"@id\":\"https:\\\/\\\/www.accuratereviews.com\\\/it\\\/#website\",\"url\":\"https:\\\/\\\/www.accuratereviews.com\\\/it\\\/\",\"name\":\"Accurate Reviews\",\"description\":\"\",\"potentialAction\":[{\"@type\":\"SearchAction\",\"target\":{\"@type\":\"EntryPoint\",\"urlTemplate\":\"https:\\\/\\\/www.accuratereviews.com\\\/it\\\/?s={search_term_string}\"},\"query-input\":{\"@type\":\"PropertyValueSpecification\",\"valueRequired\":true,\"valueName\":\"search_term_string\"}}],\"inLanguage\":\"it-IT\"}]}<\/script>\n<!-- \/ Yoast SEO plugin. -->","yoast_head_json":{"title":"FreeMind: programma mappe mentali - Accurate Reviews","description":"FreeMind: recensione del programma per mappe mentali totalmente gratuito, scritto in Java e sviluppato per chiunque.","robots":{"index":"index","follow":"follow","max-snippet":"max-snippet:-1","max-image-preview":"max-image-preview:large","max-video-preview":"max-video-preview:-1"},"canonical":"https:\/\/www.accuratereviews.com\/it\/programmi-mappe-mentali\/freemind-recensione\/","og_locale":"it_IT","og_type":"article","og_title":"FreeMind: programma mappe mentali - Accurate Reviews","og_description":"FreeMind: recensione del programma per mappe mentali totalmente gratuito, scritto in Java e sviluppato per chiunque.","og_url":"https:\/\/www.accuratereviews.com\/it\/programmi-mappe-mentali\/freemind-recensione\/","og_site_name":"Accurate Reviews","og_image":[{"width":400,"height":200,"url":"https:\/\/www.accuratereviews.com\/wp-content\/uploads\/2022\/12\/FreeMind-logo-web-250px.jpg","type":"image\/jpeg"}],"twitter_card":"summary_large_image","twitter_misc":{"Tempo di lettura stimato":"3 minuti"},"schema":{"@context":"https:\/\/schema.org","@graph":[{"@type":"WebPage","@id":"https:\/\/www.accuratereviews.com\/it\/programmi-mappe-mentali\/freemind-recensione\/","url":"https:\/\/www.accuratereviews.com\/it\/programmi-mappe-mentali\/freemind-recensione\/","name":"FreeMind: programma mappe mentali - Accurate Reviews","isPartOf":{"@id":"https:\/\/www.accuratereviews.com\/it\/#website"},"primaryImageOfPage":{"@id":"https:\/\/www.accuratereviews.com\/it\/programmi-mappe-mentali\/freemind-recensione\/#primaryimage"},"image":{"@id":"https:\/\/www.accuratereviews.com\/it\/programmi-mappe-mentali\/freemind-recensione\/#primaryimage"},"thumbnailUrl":"https:\/\/www.accuratereviews.com\/wp-content\/uploads\/2022\/12\/FreeMind-logo-web-250px.jpg","datePublished":"2022-12-30T13:25:56+00:00","description":"FreeMind: recensione del programma per mappe mentali totalmente gratuito, scritto in Java e sviluppato per chiunque.","breadcrumb":{"@id":"https:\/\/www.accuratereviews.com\/it\/programmi-mappe-mentali\/freemind-recensione\/#breadcrumb"},"inLanguage":"it-IT","potentialAction":[{"@type":"ReadAction","target":["https:\/\/www.accuratereviews.com\/it\/programmi-mappe-mentali\/freemind-recensione\/"]}]},{"@type":"ImageObject","inLanguage":"it-IT","@id":"https:\/\/www.accuratereviews.com\/it\/programmi-mappe-mentali\/freemind-recensione\/#primaryimage","url":"https:\/\/www.accuratereviews.com\/wp-content\/uploads\/2022\/12\/FreeMind-logo-web-250px.jpg","contentUrl":"https:\/\/www.accuratereviews.com\/wp-content\/uploads\/2022\/12\/FreeMind-logo-web-250px.jpg","width":400,"height":200},{"@type":"BreadcrumbList","@id":"https:\/\/www.accuratereviews.com\/it\/programmi-mappe-mentali\/freemind-recensione\/#breadcrumb","itemListElement":[{"@type":"ListItem","position":1,"name":"Home","item":"https:\/\/www.accuratereviews.com\/it\/"},{"@type":"ListItem","position":2,"name":"Programmi per mappe mentali","item":"https:\/\/www.accuratereviews.com\/it\/programmi-mappe-mentali\/"},{"@type":"ListItem","position":3,"name":"FreeMind"}]},{"@type":"WebSite","@id":"https:\/\/www.accuratereviews.com\/it\/#website","url":"https:\/\/www.accuratereviews.com\/it\/","name":"Accurate Reviews","description":"","potentialAction":[{"@type":"SearchAction","target":{"@type":"EntryPoint","urlTemplate":"https:\/\/www.accuratereviews.com\/it\/?s={search_term_string}"},"query-input":{"@type":"PropertyValueSpecification","valueRequired":true,"valueName":"search_term_string"}}],"inLanguage":"it-IT"}]}},"_links":{"self":[{"href":"https:\/\/www.accuratereviews.com\/it\/wp-json\/wp\/v2\/pages\/65547","targetHints":{"allow":["GET"]}}],"collection":[{"href":"https:\/\/www.accuratereviews.com\/it\/wp-json\/wp\/v2\/pages"}],"about":[{"href":"https:\/\/www.accuratereviews.com\/it\/wp-json\/wp\/v2\/types\/page"}],"author":[{"embeddable":true,"href":"https:\/\/www.accuratereviews.com\/it\/wp-json\/wp\/v2\/users\/17"}],"replies":[{"embeddable":true,"href":"https:\/\/www.accuratereviews.com\/it\/wp-json\/wp\/v2\/comments?post=65547"}],"version-history":[{"count":3,"href":"https:\/\/www.accuratereviews.com\/it\/wp-json\/wp\/v2\/pages\/65547\/revisions"}],"predecessor-version":[{"id":65555,"href":"https:\/\/www.accuratereviews.com\/it\/wp-json\/wp\/v2\/pages\/65547\/revisions\/65555"}],"up":[{"embeddable":true,"href":"https:\/\/www.accuratereviews.com\/it\/wp-json\/wp\/v2\/pages\/65102"}],"wp:featuredmedia":[{"embeddable":true,"href":"https:\/\/www.accuratereviews.com\/it\/wp-json\/wp\/v2\/media\/65548"}],"wp:attachment":[{"href":"https:\/\/www.accuratereviews.com\/it\/wp-json\/wp\/v2\/media?parent=65547"}],"wp:term":[{"taxonomy":"category","embeddable":true,"href":"https:\/\/www.accuratereviews.com\/it\/wp-json\/wp\/v2\/categories?post=65547"},{"taxonomy":"post_tag","embeddable":true,"href":"https:\/\/www.accuratereviews.com\/it\/wp-json\/wp\/v2\/tags?post=65547"},{"taxonomy":"features","embeddable":true,"href":"https:\/\/www.accuratereviews.com\/it\/wp-json\/wp\/v2\/features?post=65547"}],"curies":[{"name":"wp","href":"https:\/\/api.w.org\/{rel}","templated":true}]}}