{"id":65561,"date":"2022-12-30T18:39:17","date_gmt":"2022-12-30T18:39:17","guid":{"rendered":"https:\/\/www.accuratereviews.com\/?page_id=65561"},"modified":"2022-12-30T18:39:17","modified_gmt":"2022-12-30T18:39:17","slug":"picc-software-recensione","status":"publish","type":"page","link":"https:\/\/www.accuratereviews.com\/it\/programmi-mappe-mentali\/picc-software-recensione\/","title":{"rendered":"PICC Software"},"content":{"rendered":"<p><strong>PICC Software<\/strong> consente ai tuoi dipendenti di catturare un&#8217;esperienza, una situazione, un&#8217;idea dove e quando vogliono e di condividerla all&#8217;interno della comunit\u00e0 per fornire o chiedere aiuto nella risoluzione dei problemi.\u00a0Il software riunisce tutte le funzionalit\u00e0 per la gestione della conoscenza, social network aziendali, strumenti di collaborazione online e BPMS completati con la gestione dei dispositivi IoT e il deep learning per la manutenzione predittiva, il miglioramento della qualit\u00e0, la gestione delle idee e competenze e molto altro ancora.<\/p>\n<h2>PICC SOFTWARE &#8211; TUTORIAL<\/h2>\n<div id=\"fluid-wrapper-counter-1\" class=\"g1-fluid-wrapper \" style=\"width:686px;\">\n<div style=\"padding-bottom:56.268221574344%;\"><iframe loading=\"lazy\" title=\"Lessons Learned Knowledge Maps (KMAP) with PICC\" width=\"686\" height=\"386\" src=\"https:\/\/www.youtube.com\/embed\/H8y97nLohaQ?feature=oembed&amp;wmode=transparent&amp;autohide=1&amp;autoplay=0&amp;disablekb=0&amp;fs=1&amp;loop=0&amp;enablejsapi=1&amp;rel=0&amp;controls=2&amp;showinfo=0&amp;wmode=transparent&amp;autohide=2&amp;autoplay=0&amp;disablekb=0&amp;fs=1&amp;loop=0&amp;enablejsapi=1&amp;rel=0&amp;controls=2&amp;showinfo=1\" frameborder=\"0\" allow=\"accelerometer; autoplay; clipboard-write; encrypted-media; gyroscope; picture-in-picture\" allowfullscreen><\/iframe><\/div>\n<\/div>\n<h3>PICC SOFTWARE &#8211; CARATTERISTICHE<\/h3>\n<ul>\n<li>Il modo pi\u00f9 semplice per il tuo personale di recuperare informazioni fruibili: un motore di ricerca basato su un&#8217;intelligenza artificiale altamente potente.<\/li>\n<li>La soluzione guida gli utenti passo dopo passo, da un problema alla sua soluzione, in qualsiasi situazione grazie all&#8217;integrazione in tempo reale dei dati provenienti dai sensori IoT.\u00a0Ad ogni passaggio \u00e8 possibile aggiungere foto e video in realt\u00e0 aumentata.<\/li>\n<li>Tutti i problemi in esame all&#8217;interno della tua organizzazione e tutte le soluzioni considerate aggregate dall&#8217;intelligenza artificiale in una mappa della conoscenza collaborativa. Strumento potente per aiutare i tuoi team a risolvere problemi complessi.<\/li>\n<li>L&#8217;inventiva dei tuoi esperti potenziata dall&#8217;intelligenza artificiale e guidata attraverso un metodo scientificamente dimostrato per gestire in modo efficiente tutti i tuoi progetti di innovazione.\u00a0Nuove idee, commercializzabili, in pochi giorni e per il 100% dei tuoi progetti.<\/li>\n<li>Uno strumento unico per valutare il livello di maturit\u00e0 di una potenziale innovazione e decidere se incrementale o interrompere per massimizzare i profitti.<\/li>\n<\/ul>\n<h4>LE RECENSIONI DEGLI UTENTI<\/h4>\n<p><strong>Arthur &#8220;Recensione PICC dopo un utilizzo su un progetto&#8221;<\/strong><br \/>\n<strong>Pro<\/strong>: Questo software \u00e8 facile da usare ed \u00e8 molto intuitivo. Il software collega l&#8217;articolo che mostra come le contraddizioni che abbiamo identificato sono state risolte in altri campi scientifici.<br \/>\n<strong>Contro<\/strong>: Ogni membro del progetto pu\u00f2 modificare le risposte e il collegamento tra di esse.<\/p>\n<p><strong>Sarah &#8220;Software molto carino per il brainstorming per la risoluzione dei problemi&#8221;<\/strong><br \/>\n<strong>Pro<\/strong>: Il software \u00e8 facile da usare, \u00e8 collaborativo e aiuta a strutturare le sessioni di creativit\u00e0 nella nostra azienda!<br \/>\n<strong>Contro<\/strong>: Onestamente, non sono riuscito a trovare alcun contro nell&#8217;uso di questo software. Immagino che ci siano sicuramente cose da implementare in futuro.<\/p>\n<p><strong>Ronald &#8220;Ottima soluzione per capitalizzare le tue conoscenze&#8221;<\/strong><br \/>\n<strong>Pro<\/strong>: Visualizzazione delle soluzioni per ogni domanda\/problema tramite il KMAP. Utilizzo semplice ed intuitivo. Aumento della produttivit\u00e0 risparmiando tempo per trovare informazioni e condividere idee tra collaboratori.<br \/>\n<strong>Contro<\/strong>: Come con molti software AI, ci vuole un po&#8217; di tempo di apprendimento in anticipo, ma qui \u00e8 relativamente breve perch\u00e9 PICC &#8220;apprende&#8221; i documenti caricati molto velocemente.<\/p>\n","protected":false},"excerpt":{"rendered":"<p>PICC Software consente ai tuoi dipendenti di catturare un&#8217;esperienza, una situazione, un&#8217;idea dove e quando vogliono e di condividerla all&#8217;interno della comunit\u00e0 per fornire o chiedere aiuto nella risoluzione dei problemi.\u00a0<\/p>\n","protected":false},"author":19,"featured_media":65562,"parent":65102,"menu_order":0,"comment_status":"open","ping_status":"closed","template":"g1_template_page_review_new.php","meta":{"_acf_changed":false,"cwp_meta_box_check":"No","cwp_rev_product_name":"","cwp_rev_product_image":"","wppr_links":[],"cwp_rev_price":"","wppr_options":[],"wppr_pros":[],"wppr_cons":[],"_monsterinsights_skip_tracking":false,"_monsterinsights_sitenote_active":false,"_monsterinsights_sitenote_note":"","_monsterinsights_sitenote_category":0,"footnotes":""},"categories":[13899],"tags":[13932,13901,13965,13976,13964,13962,13963],"features":[],"class_list":{"0":"post-65561","1":"page","2":"type-page","3":"status-publish","4":"has-post-thumbnail","6":"category-programmi-mappe-mentali-cat","7":"tag-mappatura-mentale","8":"tag-mappe-mentali","9":"tag-piattaforma-mappe-mentali","10":"tag-picc-software","11":"tag-programma-mappe-mentali","12":"tag-software-mappe-mentali","13":"tag-soluzione-mappe-mentali"},"wppr_data":{"cwp_meta_box_check":"No"},"acf":[],"yoast_head":"<!-- This site is optimized with the Yoast SEO plugin v27.4 - https:\/\/yoast.com\/product\/yoast-seo-wordpress\/ -->\n<title>PICC Software: recensione programma mappe mentali - AR<\/title>\n<meta name=\"description\" content=\"PICC Software: recensione soluzione che consente ai tuoi dipendenti di catturare un&#039;esperienza, una situazione, un&#039;idea dove e quando vogliono.\" \/>\n<meta name=\"robots\" content=\"index, follow, max-snippet:-1, max-image-preview:large, max-video-preview:-1\" \/>\n<link rel=\"canonical\" href=\"https:\/\/www.accuratereviews.com\/it\/programmi-mappe-mentali\/picc-software-recensione\/\" \/>\n<meta property=\"og:locale\" content=\"it_IT\" \/>\n<meta property=\"og:type\" content=\"article\" \/>\n<meta property=\"og:title\" content=\"PICC Software: recensione programma mappe mentali - AR\" \/>\n<meta property=\"og:description\" content=\"PICC Software: recensione soluzione che consente ai tuoi dipendenti di catturare un&#039;esperienza, una situazione, un&#039;idea dove e quando vogliono.\" \/>\n<meta property=\"og:url\" content=\"https:\/\/www.accuratereviews.com\/it\/programmi-mappe-mentali\/picc-software-recensione\/\" \/>\n<meta property=\"og:site_name\" content=\"Accurate Reviews\" \/>\n<meta property=\"og:image\" content=\"https:\/\/www.accuratereviews.com\/wp-content\/uploads\/2022\/12\/PICC-Software.png\" \/>\n\t<meta property=\"og:image:width\" content=\"556\" \/>\n\t<meta property=\"og:image:height\" content=\"504\" \/>\n\t<meta property=\"og:image:type\" content=\"image\/png\" \/>\n<meta name=\"twitter:card\" content=\"summary_large_image\" \/>\n<meta name=\"twitter:label1\" content=\"Tempo di lettura stimato\" \/>\n\t<meta name=\"twitter:data1\" content=\"3 minuti\" \/>\n<script type=\"application\/ld+json\" class=\"yoast-schema-graph\">{\"@context\":\"https:\\\/\\\/schema.org\",\"@graph\":[{\"@type\":\"WebPage\",\"@id\":\"https:\\\/\\\/www.accuratereviews.com\\\/it\\\/programmi-mappe-mentali\\\/picc-software-recensione\\\/\",\"url\":\"https:\\\/\\\/www.accuratereviews.com\\\/it\\\/programmi-mappe-mentali\\\/picc-software-recensione\\\/\",\"name\":\"PICC Software: recensione programma mappe mentali - AR\",\"isPartOf\":{\"@id\":\"https:\\\/\\\/www.accuratereviews.com\\\/it\\\/#website\"},\"primaryImageOfPage\":{\"@id\":\"https:\\\/\\\/www.accuratereviews.com\\\/it\\\/programmi-mappe-mentali\\\/picc-software-recensione\\\/#primaryimage\"},\"image\":{\"@id\":\"https:\\\/\\\/www.accuratereviews.com\\\/it\\\/programmi-mappe-mentali\\\/picc-software-recensione\\\/#primaryimage\"},\"thumbnailUrl\":\"https:\\\/\\\/www.accuratereviews.com\\\/wp-content\\\/uploads\\\/2022\\\/12\\\/PICC-Software.png\",\"datePublished\":\"2022-12-30T18:39:17+00:00\",\"description\":\"PICC Software: recensione soluzione che consente ai tuoi dipendenti di catturare un'esperienza, una situazione, un'idea dove e quando vogliono.\",\"breadcrumb\":{\"@id\":\"https:\\\/\\\/www.accuratereviews.com\\\/it\\\/programmi-mappe-mentali\\\/picc-software-recensione\\\/#breadcrumb\"},\"inLanguage\":\"it-IT\",\"potentialAction\":[{\"@type\":\"ReadAction\",\"target\":[\"https:\\\/\\\/www.accuratereviews.com\\\/it\\\/programmi-mappe-mentali\\\/picc-software-recensione\\\/\"]}]},{\"@type\":\"ImageObject\",\"inLanguage\":\"it-IT\",\"@id\":\"https:\\\/\\\/www.accuratereviews.com\\\/it\\\/programmi-mappe-mentali\\\/picc-software-recensione\\\/#primaryimage\",\"url\":\"https:\\\/\\\/www.accuratereviews.com\\\/wp-content\\\/uploads\\\/2022\\\/12\\\/PICC-Software.png\",\"contentUrl\":\"https:\\\/\\\/www.accuratereviews.com\\\/wp-content\\\/uploads\\\/2022\\\/12\\\/PICC-Software.png\",\"width\":556,\"height\":504},{\"@type\":\"BreadcrumbList\",\"@id\":\"https:\\\/\\\/www.accuratereviews.com\\\/it\\\/programmi-mappe-mentali\\\/picc-software-recensione\\\/#breadcrumb\",\"itemListElement\":[{\"@type\":\"ListItem\",\"position\":1,\"name\":\"Home\",\"item\":\"https:\\\/\\\/www.accuratereviews.com\\\/it\\\/\"},{\"@type\":\"ListItem\",\"position\":2,\"name\":\"Programmi per mappe mentali\",\"item\":\"https:\\\/\\\/www.accuratereviews.com\\\/it\\\/programmi-mappe-mentali\\\/\"},{\"@type\":\"ListItem\",\"position\":3,\"name\":\"PICC Software\"}]},{\"@type\":\"WebSite\",\"@id\":\"https:\\\/\\\/www.accuratereviews.com\\\/it\\\/#website\",\"url\":\"https:\\\/\\\/www.accuratereviews.com\\\/it\\\/\",\"name\":\"Accurate Reviews\",\"description\":\"\",\"potentialAction\":[{\"@type\":\"SearchAction\",\"target\":{\"@type\":\"EntryPoint\",\"urlTemplate\":\"https:\\\/\\\/www.accuratereviews.com\\\/it\\\/?s={search_term_string}\"},\"query-input\":{\"@type\":\"PropertyValueSpecification\",\"valueRequired\":true,\"valueName\":\"search_term_string\"}}],\"inLanguage\":\"it-IT\"}]}<\/script>\n<!-- \/ Yoast SEO plugin. -->","yoast_head_json":{"title":"PICC Software: recensione programma mappe mentali - AR","description":"PICC Software: recensione soluzione che consente ai tuoi dipendenti di catturare un'esperienza, una situazione, un'idea dove e quando vogliono.","robots":{"index":"index","follow":"follow","max-snippet":"max-snippet:-1","max-image-preview":"max-image-preview:large","max-video-preview":"max-video-preview:-1"},"canonical":"https:\/\/www.accuratereviews.com\/it\/programmi-mappe-mentali\/picc-software-recensione\/","og_locale":"it_IT","og_type":"article","og_title":"PICC Software: recensione programma mappe mentali - AR","og_description":"PICC Software: recensione soluzione che consente ai tuoi dipendenti di catturare un'esperienza, una situazione, un'idea dove e quando vogliono.","og_url":"https:\/\/www.accuratereviews.com\/it\/programmi-mappe-mentali\/picc-software-recensione\/","og_site_name":"Accurate Reviews","og_image":[{"width":556,"height":504,"url":"https:\/\/www.accuratereviews.com\/wp-content\/uploads\/2022\/12\/PICC-Software.png","type":"image\/png"}],"twitter_card":"summary_large_image","twitter_misc":{"Tempo di lettura stimato":"3 minuti"},"schema":{"@context":"https:\/\/schema.org","@graph":[{"@type":"WebPage","@id":"https:\/\/www.accuratereviews.com\/it\/programmi-mappe-mentali\/picc-software-recensione\/","url":"https:\/\/www.accuratereviews.com\/it\/programmi-mappe-mentali\/picc-software-recensione\/","name":"PICC Software: recensione programma mappe mentali - AR","isPartOf":{"@id":"https:\/\/www.accuratereviews.com\/it\/#website"},"primaryImageOfPage":{"@id":"https:\/\/www.accuratereviews.com\/it\/programmi-mappe-mentali\/picc-software-recensione\/#primaryimage"},"image":{"@id":"https:\/\/www.accuratereviews.com\/it\/programmi-mappe-mentali\/picc-software-recensione\/#primaryimage"},"thumbnailUrl":"https:\/\/www.accuratereviews.com\/wp-content\/uploads\/2022\/12\/PICC-Software.png","datePublished":"2022-12-30T18:39:17+00:00","description":"PICC Software: recensione soluzione che consente ai tuoi dipendenti di catturare un'esperienza, una situazione, un'idea dove e quando vogliono.","breadcrumb":{"@id":"https:\/\/www.accuratereviews.com\/it\/programmi-mappe-mentali\/picc-software-recensione\/#breadcrumb"},"inLanguage":"it-IT","potentialAction":[{"@type":"ReadAction","target":["https:\/\/www.accuratereviews.com\/it\/programmi-mappe-mentali\/picc-software-recensione\/"]}]},{"@type":"ImageObject","inLanguage":"it-IT","@id":"https:\/\/www.accuratereviews.com\/it\/programmi-mappe-mentali\/picc-software-recensione\/#primaryimage","url":"https:\/\/www.accuratereviews.com\/wp-content\/uploads\/2022\/12\/PICC-Software.png","contentUrl":"https:\/\/www.accuratereviews.com\/wp-content\/uploads\/2022\/12\/PICC-Software.png","width":556,"height":504},{"@type":"BreadcrumbList","@id":"https:\/\/www.accuratereviews.com\/it\/programmi-mappe-mentali\/picc-software-recensione\/#breadcrumb","itemListElement":[{"@type":"ListItem","position":1,"name":"Home","item":"https:\/\/www.accuratereviews.com\/it\/"},{"@type":"ListItem","position":2,"name":"Programmi per mappe mentali","item":"https:\/\/www.accuratereviews.com\/it\/programmi-mappe-mentali\/"},{"@type":"ListItem","position":3,"name":"PICC Software"}]},{"@type":"WebSite","@id":"https:\/\/www.accuratereviews.com\/it\/#website","url":"https:\/\/www.accuratereviews.com\/it\/","name":"Accurate Reviews","description":"","potentialAction":[{"@type":"SearchAction","target":{"@type":"EntryPoint","urlTemplate":"https:\/\/www.accuratereviews.com\/it\/?s={search_term_string}"},"query-input":{"@type":"PropertyValueSpecification","valueRequired":true,"valueName":"search_term_string"}}],"inLanguage":"it-IT"}]}},"_links":{"self":[{"href":"https:\/\/www.accuratereviews.com\/it\/wp-json\/wp\/v2\/pages\/65561","targetHints":{"allow":["GET"]}}],"collection":[{"href":"https:\/\/www.accuratereviews.com\/it\/wp-json\/wp\/v2\/pages"}],"about":[{"href":"https:\/\/www.accuratereviews.com\/it\/wp-json\/wp\/v2\/types\/page"}],"author":[{"embeddable":true,"href":"https:\/\/www.accuratereviews.com\/it\/wp-json\/wp\/v2\/users\/19"}],"replies":[{"embeddable":true,"href":"https:\/\/www.accuratereviews.com\/it\/wp-json\/wp\/v2\/comments?post=65561"}],"version-history":[{"count":7,"href":"https:\/\/www.accuratereviews.com\/it\/wp-json\/wp\/v2\/pages\/65561\/revisions"}],"predecessor-version":[{"id":65608,"href":"https:\/\/www.accuratereviews.com\/it\/wp-json\/wp\/v2\/pages\/65561\/revisions\/65608"}],"up":[{"embeddable":true,"href":"https:\/\/www.accuratereviews.com\/it\/wp-json\/wp\/v2\/pages\/65102"}],"wp:featuredmedia":[{"embeddable":true,"href":"https:\/\/www.accuratereviews.com\/it\/wp-json\/wp\/v2\/media\/65562"}],"wp:attachment":[{"href":"https:\/\/www.accuratereviews.com\/it\/wp-json\/wp\/v2\/media?parent=65561"}],"wp:term":[{"taxonomy":"category","embeddable":true,"href":"https:\/\/www.accuratereviews.com\/it\/wp-json\/wp\/v2\/categories?post=65561"},{"taxonomy":"post_tag","embeddable":true,"href":"https:\/\/www.accuratereviews.com\/it\/wp-json\/wp\/v2\/tags?post=65561"},{"taxonomy":"features","embeddable":true,"href":"https:\/\/www.accuratereviews.com\/it\/wp-json\/wp\/v2\/features?post=65561"}],"curies":[{"name":"wp","href":"https:\/\/api.w.org\/{rel}","templated":true}]}}