{"id":65611,"date":"2023-01-02T16:49:19","date_gmt":"2023-01-02T16:49:19","guid":{"rendered":"https:\/\/www.accuratereviews.com\/?page_id=65611"},"modified":"2023-01-02T16:49:19","modified_gmt":"2023-01-02T16:49:19","slug":"astah-professional-recensione","status":"publish","type":"page","link":"https:\/\/www.accuratereviews.com\/it\/programmi-mappe-mentali\/astah-professional-recensione\/","title":{"rendered":"Astah Professional"},"content":{"rendered":"<p><strong>Astah Professional<\/strong> \u00e8 uno strumento di progettazione che aiuta gli utenti a creare diagrammi UML, ERD, DFD, diagrammi di flusso, CRUD, diagrammi dei requisiti e mappe mentali.\u00a0Sono disponibili generazione di codice in Java, C#\/C++, PHP e reverse engineering. La generazione del codice di altre lingue \u00e8 disponibile tramite plug-in gratuiti.<br \/>\nCon <strong>Astah Professional<\/strong>, puoi caricare facilmente diagrammi sul Web per condividerli con altri.<\/p>\n<h2>ASTAH PROFESSIONAL &#8211; TUTORIAL<\/h2>\n<div id=\"fluid-wrapper-counter-1\" class=\"g1-fluid-wrapper \" style=\"width:686px;\">\n<div style=\"padding-bottom:56.268221574344%;\"><iframe loading=\"lazy\" title=\"Introducing Astah Professional in 2 minutes\" width=\"686\" height=\"386\" src=\"https:\/\/www.youtube.com\/embed\/RxNxeu_qZbM?feature=oembed&amp;wmode=transparent&amp;autohide=1&amp;autoplay=0&amp;disablekb=0&amp;fs=1&amp;loop=0&amp;enablejsapi=1&amp;rel=0&amp;controls=2&amp;showinfo=0&amp;wmode=transparent&amp;autohide=2&amp;autoplay=0&amp;disablekb=0&amp;fs=1&amp;loop=0&amp;enablejsapi=1&amp;rel=0&amp;controls=2&amp;showinfo=1\" frameborder=\"0\" allow=\"accelerometer; autoplay; clipboard-write; encrypted-media; gyroscope; picture-in-picture\" allowfullscreen><\/iframe><\/div>\n<\/div>\n<h3>ASTAH PROFESSIONAL &#8211; CARATTERISTICHE<\/h3>\n<ul>\n<li>Esportazione SQL<\/li>\n<li>Ingegneria inversa<\/li>\n<li>Modelli logici e fisici<\/li>\n<li>Importa i modelli ER tramite Excel<\/li>\n<li>Esporta i modelli ER in Excel<\/li>\n<li>Importa domini ER tramite Excel<\/li>\n<li>Accedi ai modelli tramite Script<\/li>\n<li>Evidenzia le relazioni<\/li>\n<li>Esporta in JPEG, PNG e SVG<\/li>\n<li>Creazione automatica di diagrammi di classe<\/li>\n<li>Guide di allineamento<\/li>\n<li>Copia in documenti MS Office<\/li>\n<li>Layout automatico<\/li>\n<li>Personalizza i tasti di scelta rapida<\/li>\n<li>Mappa di tracciabilit\u00e0<\/li>\n<li>Espansore\/rimozione di gap<\/li>\n<li>Confronta i progetti<\/li>\n<li>Unisci i file di progetto<\/li>\n<li>Cerca e sostituisci<\/li>\n<li>Mostra classi\/modelli correlati<\/li>\n<li>Percorso e tabella di transizione dello stato<\/li>\n<li>Valore con tag definito dall&#8217;utente<\/li>\n<li>Diagramma del flusso di dati e dei requisiti<\/li>\n<li>Tabella dei requisiti<\/li>\n<li>Mappa mentale<\/li>\n<\/ul>\n<h4>LE RECENSIONI DEGLI UTENTI<\/h4>\n<p><strong>Christoph &#8220;Astah Professionista in classe&#8221;<\/strong><br \/>\n<strong>Pro<\/strong>: Crea tutti i tipi di diagrammi come diagrammi di classe, diagrammi di sequenza, diagrammi di oggetti, diagrammi di casi d&#8217;uso e diagrammi ER<br \/>\n<strong>Contro<\/strong>: Un plugin per Eclipse con una facile integrazione dei diagrammi in un progetto.<\/p>\n<p><strong>Sho &#8220;Strumento di modellazione con funzione di supporto del pensiero&#8221;<\/strong><br \/>\n<strong>Commenti<\/strong>: Poich\u00e9 utilizza principalmente mappe mentali e pu\u00f2 gestire pi\u00f9 diagrammi, \u00e8 possibile accumulare idee e progetti di servizio passati su Astah, guardarli indietro e modificare la forma di altre idee di servizio in passato per utilizzarle.<br \/>\n<strong>Pro<\/strong>: Fornisce una vasta gamma di funzioni relative alla progettazione e allo sviluppo del software, non limitata alla modellazione UML. Come editor di mappe mentali che pu\u00f2 essere utilizzato per idee e progetti di servizi. Come editor di diagrammi ER per la progettazione di database. Come redattore di bozze durante la scrittura di articoli.<br \/>\n<strong>Contro<\/strong>: Il punto che non pu\u00f2 essere gestito su un browser Web con la sensazione di SaaS come Figma.<\/p>\n<p><strong>Johon D: &#8220;Unificazione degli strumenti per la standardizzazione dei documenti di progettazione&#8221;<\/strong><br \/>\n<strong>Pro<\/strong>: Per quanto riguarda la documentazione per il lavoro di progettazione a monte in azienda (all&#8217;interno del dipartimento), usavo Excel per organizzare la documentazione, quindi il formato e il contenuto erano diversi. Astah supporta un&#8217;ampia variet\u00e0 di espressioni grafiche relative al lavoro di progettazione, quindi \u00e8 molto utile per standardizzare formati e contenuti.<br \/>\n<strong>Contro<\/strong>: Nei dettagli, avrebbe potuto essere diverso. Non ho lamentele per quanto \u00e8 stato migliorato parecchio con l&#8217;aggiornamento della versione.<\/p>\n","protected":false},"excerpt":{"rendered":"<p>Astah Professional \u00e8 uno strumento di progettazione che aiuta gli utenti a creare diagrammi UML, ERD, DFD, diagrammi di flusso, CRUD, diagrammi dei requisiti e mappe mentali.\u00a0Sono disponibili generazione di codice in Java, C#\/C++, PHP e reverse engineering. La generazione del codice di altre lingue \u00e8 disponibile tramite plug-in gratuiti. Carica facilmente diagrammi sul Web per condividerli con altri.<\/p>\n","protected":false},"author":19,"featured_media":65612,"parent":65102,"menu_order":0,"comment_status":"open","ping_status":"closed","template":"g1_template_page_review_new.php","meta":{"_acf_changed":false,"cwp_meta_box_check":"Yes","cwp_rev_product_name":"","cwp_rev_product_image":"","wppr_links":[],"cwp_rev_price":"0.00","wppr_options":[{"name":"Usability","value":"0"},{"name":"Speed","value":"0"},{"name":"Features","value":"0"},{"name":"Support","value":"0"},{"name":"Pricing","value":"0"}],"wppr_pros":["","","","",""],"wppr_cons":["","","","",""],"_monsterinsights_skip_tracking":false,"_monsterinsights_sitenote_active":false,"_monsterinsights_sitenote_note":"","_monsterinsights_sitenote_category":0,"footnotes":""},"categories":[13899],"tags":[13977,13932,13901,13965,13964,13962,13963],"features":[],"class_list":{"0":"post-65611","1":"page","2":"type-page","3":"status-publish","4":"has-post-thumbnail","6":"category-programmi-mappe-mentali-cat","7":"tag-astah-professional","8":"tag-mappatura-mentale","9":"tag-mappe-mentali","10":"tag-piattaforma-mappe-mentali","11":"tag-programma-mappe-mentali","12":"tag-software-mappe-mentali","13":"tag-soluzione-mappe-mentali"},"wppr_data":{"cwp_meta_box_check":"Yes","_wppr_review_template":"default","cwp_rev_product_image":"","cwp_image_link":"image","wppr_links":[],"cwp_rev_price":"0.00","wppr_pros":["","","","",""],"wppr_cons":["","","","",""],"wppr_rating":"0.00","wppr_options":{"1":{"name":"Usability","value":"0"},"2":{"name":"Speed","value":"0"},"3":{"name":"Features","value":"0"},"4":{"name":"Support","value":"0"},"5":{"name":"Pricing","value":"0"}},"wppr_review_type":"Product","wppr_review_custom_fields":{"additionalProperty":"","additionalType":"","aggregateRating":"","alternateName":"","audience":"","award":"","awards":"","brand":"","color":"","depth":"","description":"","disambiguatingDescription":"","gtin12":"","gtin13":"","gtin14":"","gtin8":"","height":"","identifier":"","image":"","isAccessoryOrSparePartFor":"","isConsumableFor":"","isRelatedTo":"","isSimilarTo":"","itemCondition":"","logo":"","mainEntityOfPage":"","manufacturer":"","material":"","model":"","mpn":"","name":"","offers":"","potentialAction":"","productID":"","productionDate":"","purchaseDate":"","releaseDate":"","review":"","reviews":"","sameAs":"","sku":"","slogan":"","subjectOf":"","url":"","weight":"","width":""}},"acf":[],"yoast_head":"<!-- This site is optimized with the Yoast SEO plugin v27.4 - https:\/\/yoast.com\/product\/yoast-seo-wordpress\/ -->\n<title>Astah Professional: recensione programma mappe mentali - AR<\/title>\n<meta name=\"description\" content=\"Astah Professional: strumento di progettazione che aiuta gli utenti a creare diagrammi UML, ERD, DFD, diagrammi di flusso e mappe mentali.\" \/>\n<meta name=\"robots\" content=\"index, follow, max-snippet:-1, max-image-preview:large, max-video-preview:-1\" \/>\n<link rel=\"canonical\" href=\"https:\/\/www.accuratereviews.com\/it\/programmi-mappe-mentali\/astah-professional-recensione\/\" \/>\n<meta property=\"og:locale\" content=\"it_IT\" \/>\n<meta property=\"og:type\" content=\"article\" \/>\n<meta property=\"og:title\" content=\"Astah Professional: recensione programma mappe mentali - AR\" \/>\n<meta property=\"og:description\" content=\"Astah Professional: strumento di progettazione che aiuta gli utenti a creare diagrammi UML, ERD, DFD, diagrammi di flusso e mappe mentali.\" \/>\n<meta property=\"og:url\" content=\"https:\/\/www.accuratereviews.com\/it\/programmi-mappe-mentali\/astah-professional-recensione\/\" \/>\n<meta property=\"og:site_name\" content=\"Accurate Reviews\" \/>\n<meta property=\"og:image\" content=\"https:\/\/www.accuratereviews.com\/wp-content\/uploads\/2023\/01\/Astah-Professional.webp\" \/>\n\t<meta property=\"og:image:width\" content=\"256\" \/>\n\t<meta property=\"og:image:height\" content=\"256\" \/>\n\t<meta property=\"og:image:type\" content=\"image\/webp\" \/>\n<meta name=\"twitter:card\" content=\"summary_large_image\" \/>\n<meta name=\"twitter:label1\" content=\"Tempo di lettura stimato\" \/>\n\t<meta name=\"twitter:data1\" content=\"3 minuti\" \/>\n<script type=\"application\/ld+json\" class=\"yoast-schema-graph\">{\"@context\":\"https:\\\/\\\/schema.org\",\"@graph\":[{\"@type\":\"WebPage\",\"@id\":\"https:\\\/\\\/www.accuratereviews.com\\\/it\\\/programmi-mappe-mentali\\\/astah-professional-recensione\\\/\",\"url\":\"https:\\\/\\\/www.accuratereviews.com\\\/it\\\/programmi-mappe-mentali\\\/astah-professional-recensione\\\/\",\"name\":\"Astah Professional: recensione programma mappe mentali - AR\",\"isPartOf\":{\"@id\":\"https:\\\/\\\/www.accuratereviews.com\\\/it\\\/#website\"},\"primaryImageOfPage\":{\"@id\":\"https:\\\/\\\/www.accuratereviews.com\\\/it\\\/programmi-mappe-mentali\\\/astah-professional-recensione\\\/#primaryimage\"},\"image\":{\"@id\":\"https:\\\/\\\/www.accuratereviews.com\\\/it\\\/programmi-mappe-mentali\\\/astah-professional-recensione\\\/#primaryimage\"},\"thumbnailUrl\":\"https:\\\/\\\/www.accuratereviews.com\\\/wp-content\\\/uploads\\\/2023\\\/01\\\/Astah-Professional.webp\",\"datePublished\":\"2023-01-02T16:49:19+00:00\",\"description\":\"Astah Professional: strumento di progettazione che aiuta gli utenti a creare diagrammi UML, ERD, DFD, diagrammi di flusso e mappe mentali.\",\"breadcrumb\":{\"@id\":\"https:\\\/\\\/www.accuratereviews.com\\\/it\\\/programmi-mappe-mentali\\\/astah-professional-recensione\\\/#breadcrumb\"},\"inLanguage\":\"it-IT\",\"potentialAction\":[{\"@type\":\"ReadAction\",\"target\":[\"https:\\\/\\\/www.accuratereviews.com\\\/it\\\/programmi-mappe-mentali\\\/astah-professional-recensione\\\/\"]}]},{\"@type\":\"ImageObject\",\"inLanguage\":\"it-IT\",\"@id\":\"https:\\\/\\\/www.accuratereviews.com\\\/it\\\/programmi-mappe-mentali\\\/astah-professional-recensione\\\/#primaryimage\",\"url\":\"https:\\\/\\\/www.accuratereviews.com\\\/wp-content\\\/uploads\\\/2023\\\/01\\\/Astah-Professional.webp\",\"contentUrl\":\"https:\\\/\\\/www.accuratereviews.com\\\/wp-content\\\/uploads\\\/2023\\\/01\\\/Astah-Professional.webp\",\"width\":256,\"height\":256},{\"@type\":\"BreadcrumbList\",\"@id\":\"https:\\\/\\\/www.accuratereviews.com\\\/it\\\/programmi-mappe-mentali\\\/astah-professional-recensione\\\/#breadcrumb\",\"itemListElement\":[{\"@type\":\"ListItem\",\"position\":1,\"name\":\"Home\",\"item\":\"https:\\\/\\\/www.accuratereviews.com\\\/it\\\/\"},{\"@type\":\"ListItem\",\"position\":2,\"name\":\"Programmi per mappe mentali\",\"item\":\"https:\\\/\\\/www.accuratereviews.com\\\/it\\\/programmi-mappe-mentali\\\/\"},{\"@type\":\"ListItem\",\"position\":3,\"name\":\"Astah Professional\"}]},{\"@type\":\"WebSite\",\"@id\":\"https:\\\/\\\/www.accuratereviews.com\\\/it\\\/#website\",\"url\":\"https:\\\/\\\/www.accuratereviews.com\\\/it\\\/\",\"name\":\"Accurate Reviews\",\"description\":\"\",\"potentialAction\":[{\"@type\":\"SearchAction\",\"target\":{\"@type\":\"EntryPoint\",\"urlTemplate\":\"https:\\\/\\\/www.accuratereviews.com\\\/it\\\/?s={search_term_string}\"},\"query-input\":{\"@type\":\"PropertyValueSpecification\",\"valueRequired\":true,\"valueName\":\"search_term_string\"}}],\"inLanguage\":\"it-IT\"}]}<\/script>\n<!-- \/ Yoast SEO plugin. -->","yoast_head_json":{"title":"Astah Professional: recensione programma mappe mentali - AR","description":"Astah Professional: strumento di progettazione che aiuta gli utenti a creare diagrammi UML, ERD, DFD, diagrammi di flusso e mappe mentali.","robots":{"index":"index","follow":"follow","max-snippet":"max-snippet:-1","max-image-preview":"max-image-preview:large","max-video-preview":"max-video-preview:-1"},"canonical":"https:\/\/www.accuratereviews.com\/it\/programmi-mappe-mentali\/astah-professional-recensione\/","og_locale":"it_IT","og_type":"article","og_title":"Astah Professional: recensione programma mappe mentali - AR","og_description":"Astah Professional: strumento di progettazione che aiuta gli utenti a creare diagrammi UML, ERD, DFD, diagrammi di flusso e mappe mentali.","og_url":"https:\/\/www.accuratereviews.com\/it\/programmi-mappe-mentali\/astah-professional-recensione\/","og_site_name":"Accurate Reviews","og_image":[{"width":256,"height":256,"url":"https:\/\/www.accuratereviews.com\/wp-content\/uploads\/2023\/01\/Astah-Professional.webp","type":"image\/webp"}],"twitter_card":"summary_large_image","twitter_misc":{"Tempo di lettura stimato":"3 minuti"},"schema":{"@context":"https:\/\/schema.org","@graph":[{"@type":"WebPage","@id":"https:\/\/www.accuratereviews.com\/it\/programmi-mappe-mentali\/astah-professional-recensione\/","url":"https:\/\/www.accuratereviews.com\/it\/programmi-mappe-mentali\/astah-professional-recensione\/","name":"Astah Professional: recensione programma mappe mentali - AR","isPartOf":{"@id":"https:\/\/www.accuratereviews.com\/it\/#website"},"primaryImageOfPage":{"@id":"https:\/\/www.accuratereviews.com\/it\/programmi-mappe-mentali\/astah-professional-recensione\/#primaryimage"},"image":{"@id":"https:\/\/www.accuratereviews.com\/it\/programmi-mappe-mentali\/astah-professional-recensione\/#primaryimage"},"thumbnailUrl":"https:\/\/www.accuratereviews.com\/wp-content\/uploads\/2023\/01\/Astah-Professional.webp","datePublished":"2023-01-02T16:49:19+00:00","description":"Astah Professional: strumento di progettazione che aiuta gli utenti a creare diagrammi UML, ERD, DFD, diagrammi di flusso e mappe mentali.","breadcrumb":{"@id":"https:\/\/www.accuratereviews.com\/it\/programmi-mappe-mentali\/astah-professional-recensione\/#breadcrumb"},"inLanguage":"it-IT","potentialAction":[{"@type":"ReadAction","target":["https:\/\/www.accuratereviews.com\/it\/programmi-mappe-mentali\/astah-professional-recensione\/"]}]},{"@type":"ImageObject","inLanguage":"it-IT","@id":"https:\/\/www.accuratereviews.com\/it\/programmi-mappe-mentali\/astah-professional-recensione\/#primaryimage","url":"https:\/\/www.accuratereviews.com\/wp-content\/uploads\/2023\/01\/Astah-Professional.webp","contentUrl":"https:\/\/www.accuratereviews.com\/wp-content\/uploads\/2023\/01\/Astah-Professional.webp","width":256,"height":256},{"@type":"BreadcrumbList","@id":"https:\/\/www.accuratereviews.com\/it\/programmi-mappe-mentali\/astah-professional-recensione\/#breadcrumb","itemListElement":[{"@type":"ListItem","position":1,"name":"Home","item":"https:\/\/www.accuratereviews.com\/it\/"},{"@type":"ListItem","position":2,"name":"Programmi per mappe mentali","item":"https:\/\/www.accuratereviews.com\/it\/programmi-mappe-mentali\/"},{"@type":"ListItem","position":3,"name":"Astah Professional"}]},{"@type":"WebSite","@id":"https:\/\/www.accuratereviews.com\/it\/#website","url":"https:\/\/www.accuratereviews.com\/it\/","name":"Accurate Reviews","description":"","potentialAction":[{"@type":"SearchAction","target":{"@type":"EntryPoint","urlTemplate":"https:\/\/www.accuratereviews.com\/it\/?s={search_term_string}"},"query-input":{"@type":"PropertyValueSpecification","valueRequired":true,"valueName":"search_term_string"}}],"inLanguage":"it-IT"}]}},"_links":{"self":[{"href":"https:\/\/www.accuratereviews.com\/it\/wp-json\/wp\/v2\/pages\/65611","targetHints":{"allow":["GET"]}}],"collection":[{"href":"https:\/\/www.accuratereviews.com\/it\/wp-json\/wp\/v2\/pages"}],"about":[{"href":"https:\/\/www.accuratereviews.com\/it\/wp-json\/wp\/v2\/types\/page"}],"author":[{"embeddable":true,"href":"https:\/\/www.accuratereviews.com\/it\/wp-json\/wp\/v2\/users\/19"}],"replies":[{"embeddable":true,"href":"https:\/\/www.accuratereviews.com\/it\/wp-json\/wp\/v2\/comments?post=65611"}],"version-history":[{"count":7,"href":"https:\/\/www.accuratereviews.com\/it\/wp-json\/wp\/v2\/pages\/65611\/revisions"}],"predecessor-version":[{"id":65653,"href":"https:\/\/www.accuratereviews.com\/it\/wp-json\/wp\/v2\/pages\/65611\/revisions\/65653"}],"up":[{"embeddable":true,"href":"https:\/\/www.accuratereviews.com\/it\/wp-json\/wp\/v2\/pages\/65102"}],"wp:featuredmedia":[{"embeddable":true,"href":"https:\/\/www.accuratereviews.com\/it\/wp-json\/wp\/v2\/media\/65612"}],"wp:attachment":[{"href":"https:\/\/www.accuratereviews.com\/it\/wp-json\/wp\/v2\/media?parent=65611"}],"wp:term":[{"taxonomy":"category","embeddable":true,"href":"https:\/\/www.accuratereviews.com\/it\/wp-json\/wp\/v2\/categories?post=65611"},{"taxonomy":"post_tag","embeddable":true,"href":"https:\/\/www.accuratereviews.com\/it\/wp-json\/wp\/v2\/tags?post=65611"},{"taxonomy":"features","embeddable":true,"href":"https:\/\/www.accuratereviews.com\/it\/wp-json\/wp\/v2\/features?post=65611"}],"curies":[{"name":"wp","href":"https:\/\/api.w.org\/{rel}","templated":true}]}}