{"id":65619,"date":"2023-01-02T16:47:09","date_gmt":"2023-01-02T16:47:09","guid":{"rendered":"https:\/\/www.accuratereviews.com\/?page_id=65619"},"modified":"2023-01-02T16:47:09","modified_gmt":"2023-01-02T16:47:09","slug":"drakonhub-recensione","status":"publish","type":"page","link":"https:\/\/www.accuratereviews.com\/it\/programmi-mappe-mentali\/drakonhub-recensione\/","title":{"rendered":"DrakonHub"},"content":{"rendered":"<p><strong>DrakonHub<\/strong> \u00e8 un <strong>software di creazione di diagrammi<\/strong> basato su <strong>cloud<\/strong>, che consente agli utenti di creare diagrammi di flusso, liste di controllo, mappe mentali e altri diagrammi per costruire una base di conoscenza visiva. I diagrammi creati in <strong>DrakonHub<\/strong> seguono automaticamente gli standard ergonomici dell&#8217;industria aerospaziale, con rumore visivo ridotto per migliorare la comprensione.<br \/>\nConsente agli utenti di creare diagrammi di processi e algoritmi attraverso l&#8217;interfaccia visiva, con un solo clic. I diagrammi possono essere riposizionati, trascinandoli e rilasciandoli; quando vengono aggiunte nuove caselle, la configurazione viene aggiornata automaticamente per garantire che le informazioni siano visualizzate in modo chiaro.<\/p>\n<h2>DRAKONHUB &#8211; TUTORIAL<\/h2>\n<div id=\"fluid-wrapper-counter-1\" class=\"g1-fluid-wrapper \" style=\"width:686px;\">\n<div style=\"padding-bottom:56.268221574344%;\"><iframe loading=\"lazy\" title=\"How to draw a mind map in DrakonHub\" width=\"686\" height=\"386\" src=\"https:\/\/www.youtube.com\/embed\/5-BsMZdBshE?feature=oembed&amp;wmode=transparent&amp;autohide=1&amp;autoplay=0&amp;disablekb=0&amp;fs=1&amp;loop=0&amp;enablejsapi=1&amp;rel=0&amp;controls=2&amp;showinfo=0&amp;wmode=transparent&amp;autohide=2&amp;autoplay=0&amp;disablekb=0&amp;fs=1&amp;loop=0&amp;enablejsapi=1&amp;rel=0&amp;controls=2&amp;showinfo=1\" frameborder=\"0\" allow=\"accelerometer; autoplay; clipboard-write; encrypted-media; gyroscope; picture-in-picture\" allowfullscreen><\/iframe><\/div>\n<\/div>\n<h3>DRAKONHUB &#8211; CARATTERISTICHE<\/h3>\n<ul>\n<li>La soluzione aggiunge automaticamente linee tra i riquadri e gli utenti possono inserire elementi con un solo clic, con spaziatura, centratura e allineamento gestiti automaticamente.<\/li>\n<li>I diagrammi vengono collegati automaticamente dal software per creare una knowledge base interconnessa.<\/li>\n<li>Tutti i progetti possono essere convertiti in liste di controllo, con supporto per liste di controllo sia brevi che composte da pi\u00f9 parti.<\/li>\n<li>I diagrammi possono essere modificati in modo collaborativo in tempo reale e i diagrammi possono essere condivisi sia pubblicamente che privatamente.<\/li>\n<li>I diagrammi di flusso sono progettati per seguire gli standard del settore aerospaziale e gli utenti possono suddividere i diagrammi in parti, identificare il percorso e mostrare connessioni implicite.<\/li>\n<\/ul>\n<h4>LE RECENSIONI DEGLI UTENTI<\/h4>\n<p><strong>Hallvard &#8220;Ci ha aiutato a documentare complessi flussi logici&#8221;<\/strong><br \/>\n<strong>Pro<\/strong>: L&#8217;editor DRAKAN semplifica la progettazione, la documentazione, la comunicazione e la verifica di flussi di lavoro, algoritmi e architetture. \u00c8 basato sul web, quindi non richiede installazione e la curva di apprendimento \u00e8 molto bassa, diventerai immediatamente produttivo. Rende divertenti i diagrammi di disegno. Sono completamente automatizzati. La struttura forzata aiuta a organizzare i pensieri e a condividere idee in un formato facilmente disponibile.<br \/>\n<strong>Contro<\/strong>: La versione iniziale che ho usato aveva solo un pulsante esplicito per passare alla modalit\u00e0 di scorrimento. Quindi era un po&#8217; goffo, secondo me. Ma ho inviato un&#8217;idea su come migliorare questa funzione attivandola da una scorciatoia da tastiera per l&#8217;autore. Ha risposto molto rapidamente e ora la barra spaziatrice pu\u00f2 essere utilizzata per entrare e uscire rapidamente dalla modalit\u00e0 di scorrimento senza spostare il mouse dall&#8217;area di progettazione. :)<\/p>\n<p><strong>Markus &#8220;Uno strumento davvero fantastico e facile per descrivere graficamente il tuo software alla maniera di Drakon!&#8221;<\/strong><br \/>\n<strong>Commenti<\/strong>: Strumento di progettazione e documentazione molto semplice per un progetto software pi\u00f9 ampio, scritto in Erlang, Go, Pascal, PHP, HTML e JavaScript.<br \/>\n<strong>Pro<\/strong>: Facile da usare, veloce e stabile. Anche i disegni veloci e poco delineati ottengono una forma perfetta in pochi minuti. Lo strumento ti spinge senza problemi a ordinare tue idee in modo ordinato.<br \/>\n<strong>Contro<\/strong>: Sarebbe bello se potessi esportare i tuoi disegni per usarli come importazione per qualsiasi linguaggio di programma, almeno come scheletro di programma. I grafici SVG dovrebbero essere un po&#8217; pi\u00f9 puliti. Un&#8217;opzione di importazione per JSON, YAML, XML o gi\u00f9 di l\u00ec sarebbe carina.<\/p>\n<p><strong>Povilas &#8220;Facilissimo da usare&#8221;<\/strong><br \/>\n<strong>Commenti<\/strong>: Ho uno strumento su come scrivere qualsiasi processo aziendale in un modo che sia facile da capire per qualsiasi persona in 3 minuti.<br \/>\n<strong>Pro<\/strong>: \u00c8 facile insegnare a un altro college come usare il programma, facile da usare anche per me. Quindi, mi piace di pi\u00f9 la semplicit\u00e0.<br \/>\n<strong>Contro<\/strong>: Vorrei avere la possibilit\u00e0 di inserire immagini nelle icone del programma e la possibilit\u00e0 di modificare le parole separatamente nelle icone.<\/p>\n","protected":false},"excerpt":{"rendered":"<p>DrakonHub \u00e8 un software di creazione di diagrammi basato su cloud che consente agli utenti di creare diagrammi di flusso, liste di controllo, mappe mentali e altri diagrammi per costruire una base di conoscenza visiva. I diagrammi creati in DrakonHub seguono automaticamente gli standard ergonomici dell&#8217;industria aerospaziale, con rumore visivo ridotto per migliorare la comprensione.<\/p>\n","protected":false},"author":19,"featured_media":65620,"parent":65102,"menu_order":0,"comment_status":"open","ping_status":"closed","template":"g1_template_page_review_new.php","meta":{"_acf_changed":false,"cwp_meta_box_check":"No","cwp_rev_product_name":"","cwp_rev_product_image":"","wppr_links":[],"cwp_rev_price":"","wppr_options":[],"wppr_pros":[],"wppr_cons":[],"_monsterinsights_skip_tracking":false,"_monsterinsights_sitenote_active":false,"_monsterinsights_sitenote_note":"","_monsterinsights_sitenote_category":0,"footnotes":""},"categories":[13899],"tags":[13978,13932,13901,13965,13964,13962,13963],"features":[],"class_list":{"0":"post-65619","1":"page","2":"type-page","3":"status-publish","4":"has-post-thumbnail","6":"category-programmi-mappe-mentali-cat","7":"tag-drakonhub","8":"tag-mappatura-mentale","9":"tag-mappe-mentali","10":"tag-piattaforma-mappe-mentali","11":"tag-programma-mappe-mentali","12":"tag-software-mappe-mentali","13":"tag-soluzione-mappe-mentali"},"wppr_data":{"cwp_meta_box_check":"No"},"acf":[],"yoast_head":"<!-- This site is optimized with the Yoast SEO plugin v27.4 - https:\/\/yoast.com\/product\/yoast-seo-wordpress\/ -->\n<title>DrakonHub: recensione programma mappe mentali - AR<\/title>\n<meta name=\"description\" content=\"DrakonHub: recensione software di creazione mappe mentali che consente agli utenti di creare diagrammi di flusso, liste di controllo e altro.\" \/>\n<meta name=\"robots\" content=\"index, follow, max-snippet:-1, max-image-preview:large, max-video-preview:-1\" \/>\n<link rel=\"canonical\" href=\"https:\/\/www.accuratereviews.com\/it\/programmi-mappe-mentali\/drakonhub-recensione\/\" \/>\n<meta property=\"og:locale\" content=\"it_IT\" \/>\n<meta property=\"og:type\" content=\"article\" \/>\n<meta property=\"og:title\" content=\"DrakonHub: recensione programma mappe mentali - AR\" \/>\n<meta property=\"og:description\" content=\"DrakonHub: recensione software di creazione mappe mentali che consente agli utenti di creare diagrammi di flusso, liste di controllo e altro.\" \/>\n<meta property=\"og:url\" content=\"https:\/\/www.accuratereviews.com\/it\/programmi-mappe-mentali\/drakonhub-recensione\/\" \/>\n<meta property=\"og:site_name\" content=\"Accurate Reviews\" \/>\n<meta property=\"og:image\" content=\"https:\/\/www.accuratereviews.com\/wp-content\/uploads\/2023\/01\/DrakonHub.webp\" \/>\n\t<meta property=\"og:image:width\" content=\"256\" \/>\n\t<meta property=\"og:image:height\" content=\"256\" \/>\n\t<meta property=\"og:image:type\" content=\"image\/webp\" \/>\n<meta name=\"twitter:card\" content=\"summary_large_image\" \/>\n<meta name=\"twitter:label1\" content=\"Tempo di lettura stimato\" \/>\n\t<meta name=\"twitter:data1\" content=\"3 minuti\" \/>\n<script type=\"application\/ld+json\" class=\"yoast-schema-graph\">{\"@context\":\"https:\\\/\\\/schema.org\",\"@graph\":[{\"@type\":\"WebPage\",\"@id\":\"https:\\\/\\\/www.accuratereviews.com\\\/it\\\/programmi-mappe-mentali\\\/drakonhub-recensione\\\/\",\"url\":\"https:\\\/\\\/www.accuratereviews.com\\\/it\\\/programmi-mappe-mentali\\\/drakonhub-recensione\\\/\",\"name\":\"DrakonHub: recensione programma mappe mentali - AR\",\"isPartOf\":{\"@id\":\"https:\\\/\\\/www.accuratereviews.com\\\/it\\\/#website\"},\"primaryImageOfPage\":{\"@id\":\"https:\\\/\\\/www.accuratereviews.com\\\/it\\\/programmi-mappe-mentali\\\/drakonhub-recensione\\\/#primaryimage\"},\"image\":{\"@id\":\"https:\\\/\\\/www.accuratereviews.com\\\/it\\\/programmi-mappe-mentali\\\/drakonhub-recensione\\\/#primaryimage\"},\"thumbnailUrl\":\"https:\\\/\\\/www.accuratereviews.com\\\/wp-content\\\/uploads\\\/2023\\\/01\\\/DrakonHub.webp\",\"datePublished\":\"2023-01-02T16:47:09+00:00\",\"description\":\"DrakonHub: recensione software di creazione mappe mentali che consente agli utenti di creare diagrammi di flusso, liste di controllo e altro.\",\"breadcrumb\":{\"@id\":\"https:\\\/\\\/www.accuratereviews.com\\\/it\\\/programmi-mappe-mentali\\\/drakonhub-recensione\\\/#breadcrumb\"},\"inLanguage\":\"it-IT\",\"potentialAction\":[{\"@type\":\"ReadAction\",\"target\":[\"https:\\\/\\\/www.accuratereviews.com\\\/it\\\/programmi-mappe-mentali\\\/drakonhub-recensione\\\/\"]}]},{\"@type\":\"ImageObject\",\"inLanguage\":\"it-IT\",\"@id\":\"https:\\\/\\\/www.accuratereviews.com\\\/it\\\/programmi-mappe-mentali\\\/drakonhub-recensione\\\/#primaryimage\",\"url\":\"https:\\\/\\\/www.accuratereviews.com\\\/wp-content\\\/uploads\\\/2023\\\/01\\\/DrakonHub.webp\",\"contentUrl\":\"https:\\\/\\\/www.accuratereviews.com\\\/wp-content\\\/uploads\\\/2023\\\/01\\\/DrakonHub.webp\",\"width\":256,\"height\":256},{\"@type\":\"BreadcrumbList\",\"@id\":\"https:\\\/\\\/www.accuratereviews.com\\\/it\\\/programmi-mappe-mentali\\\/drakonhub-recensione\\\/#breadcrumb\",\"itemListElement\":[{\"@type\":\"ListItem\",\"position\":1,\"name\":\"Home\",\"item\":\"https:\\\/\\\/www.accuratereviews.com\\\/it\\\/\"},{\"@type\":\"ListItem\",\"position\":2,\"name\":\"Programmi per mappe mentali\",\"item\":\"https:\\\/\\\/www.accuratereviews.com\\\/it\\\/programmi-mappe-mentali\\\/\"},{\"@type\":\"ListItem\",\"position\":3,\"name\":\"DrakonHub\"}]},{\"@type\":\"WebSite\",\"@id\":\"https:\\\/\\\/www.accuratereviews.com\\\/it\\\/#website\",\"url\":\"https:\\\/\\\/www.accuratereviews.com\\\/it\\\/\",\"name\":\"Accurate Reviews\",\"description\":\"\",\"potentialAction\":[{\"@type\":\"SearchAction\",\"target\":{\"@type\":\"EntryPoint\",\"urlTemplate\":\"https:\\\/\\\/www.accuratereviews.com\\\/it\\\/?s={search_term_string}\"},\"query-input\":{\"@type\":\"PropertyValueSpecification\",\"valueRequired\":true,\"valueName\":\"search_term_string\"}}],\"inLanguage\":\"it-IT\"}]}<\/script>\n<!-- \/ Yoast SEO plugin. -->","yoast_head_json":{"title":"DrakonHub: recensione programma mappe mentali - AR","description":"DrakonHub: recensione software di creazione mappe mentali che consente agli utenti di creare diagrammi di flusso, liste di controllo e altro.","robots":{"index":"index","follow":"follow","max-snippet":"max-snippet:-1","max-image-preview":"max-image-preview:large","max-video-preview":"max-video-preview:-1"},"canonical":"https:\/\/www.accuratereviews.com\/it\/programmi-mappe-mentali\/drakonhub-recensione\/","og_locale":"it_IT","og_type":"article","og_title":"DrakonHub: recensione programma mappe mentali - AR","og_description":"DrakonHub: recensione software di creazione mappe mentali che consente agli utenti di creare diagrammi di flusso, liste di controllo e altro.","og_url":"https:\/\/www.accuratereviews.com\/it\/programmi-mappe-mentali\/drakonhub-recensione\/","og_site_name":"Accurate Reviews","og_image":[{"width":256,"height":256,"url":"https:\/\/www.accuratereviews.com\/wp-content\/uploads\/2023\/01\/DrakonHub.webp","type":"image\/webp"}],"twitter_card":"summary_large_image","twitter_misc":{"Tempo di lettura stimato":"3 minuti"},"schema":{"@context":"https:\/\/schema.org","@graph":[{"@type":"WebPage","@id":"https:\/\/www.accuratereviews.com\/it\/programmi-mappe-mentali\/drakonhub-recensione\/","url":"https:\/\/www.accuratereviews.com\/it\/programmi-mappe-mentali\/drakonhub-recensione\/","name":"DrakonHub: recensione programma mappe mentali - AR","isPartOf":{"@id":"https:\/\/www.accuratereviews.com\/it\/#website"},"primaryImageOfPage":{"@id":"https:\/\/www.accuratereviews.com\/it\/programmi-mappe-mentali\/drakonhub-recensione\/#primaryimage"},"image":{"@id":"https:\/\/www.accuratereviews.com\/it\/programmi-mappe-mentali\/drakonhub-recensione\/#primaryimage"},"thumbnailUrl":"https:\/\/www.accuratereviews.com\/wp-content\/uploads\/2023\/01\/DrakonHub.webp","datePublished":"2023-01-02T16:47:09+00:00","description":"DrakonHub: recensione software di creazione mappe mentali che consente agli utenti di creare diagrammi di flusso, liste di controllo e altro.","breadcrumb":{"@id":"https:\/\/www.accuratereviews.com\/it\/programmi-mappe-mentali\/drakonhub-recensione\/#breadcrumb"},"inLanguage":"it-IT","potentialAction":[{"@type":"ReadAction","target":["https:\/\/www.accuratereviews.com\/it\/programmi-mappe-mentali\/drakonhub-recensione\/"]}]},{"@type":"ImageObject","inLanguage":"it-IT","@id":"https:\/\/www.accuratereviews.com\/it\/programmi-mappe-mentali\/drakonhub-recensione\/#primaryimage","url":"https:\/\/www.accuratereviews.com\/wp-content\/uploads\/2023\/01\/DrakonHub.webp","contentUrl":"https:\/\/www.accuratereviews.com\/wp-content\/uploads\/2023\/01\/DrakonHub.webp","width":256,"height":256},{"@type":"BreadcrumbList","@id":"https:\/\/www.accuratereviews.com\/it\/programmi-mappe-mentali\/drakonhub-recensione\/#breadcrumb","itemListElement":[{"@type":"ListItem","position":1,"name":"Home","item":"https:\/\/www.accuratereviews.com\/it\/"},{"@type":"ListItem","position":2,"name":"Programmi per mappe mentali","item":"https:\/\/www.accuratereviews.com\/it\/programmi-mappe-mentali\/"},{"@type":"ListItem","position":3,"name":"DrakonHub"}]},{"@type":"WebSite","@id":"https:\/\/www.accuratereviews.com\/it\/#website","url":"https:\/\/www.accuratereviews.com\/it\/","name":"Accurate Reviews","description":"","potentialAction":[{"@type":"SearchAction","target":{"@type":"EntryPoint","urlTemplate":"https:\/\/www.accuratereviews.com\/it\/?s={search_term_string}"},"query-input":{"@type":"PropertyValueSpecification","valueRequired":true,"valueName":"search_term_string"}}],"inLanguage":"it-IT"}]}},"_links":{"self":[{"href":"https:\/\/www.accuratereviews.com\/it\/wp-json\/wp\/v2\/pages\/65619","targetHints":{"allow":["GET"]}}],"collection":[{"href":"https:\/\/www.accuratereviews.com\/it\/wp-json\/wp\/v2\/pages"}],"about":[{"href":"https:\/\/www.accuratereviews.com\/it\/wp-json\/wp\/v2\/types\/page"}],"author":[{"embeddable":true,"href":"https:\/\/www.accuratereviews.com\/it\/wp-json\/wp\/v2\/users\/19"}],"replies":[{"embeddable":true,"href":"https:\/\/www.accuratereviews.com\/it\/wp-json\/wp\/v2\/comments?post=65619"}],"version-history":[{"count":9,"href":"https:\/\/www.accuratereviews.com\/it\/wp-json\/wp\/v2\/pages\/65619\/revisions"}],"predecessor-version":[{"id":65652,"href":"https:\/\/www.accuratereviews.com\/it\/wp-json\/wp\/v2\/pages\/65619\/revisions\/65652"}],"up":[{"embeddable":true,"href":"https:\/\/www.accuratereviews.com\/it\/wp-json\/wp\/v2\/pages\/65102"}],"wp:featuredmedia":[{"embeddable":true,"href":"https:\/\/www.accuratereviews.com\/it\/wp-json\/wp\/v2\/media\/65620"}],"wp:attachment":[{"href":"https:\/\/www.accuratereviews.com\/it\/wp-json\/wp\/v2\/media?parent=65619"}],"wp:term":[{"taxonomy":"category","embeddable":true,"href":"https:\/\/www.accuratereviews.com\/it\/wp-json\/wp\/v2\/categories?post=65619"},{"taxonomy":"post_tag","embeddable":true,"href":"https:\/\/www.accuratereviews.com\/it\/wp-json\/wp\/v2\/tags?post=65619"},{"taxonomy":"features","embeddable":true,"href":"https:\/\/www.accuratereviews.com\/it\/wp-json\/wp\/v2\/features?post=65619"}],"curies":[{"name":"wp","href":"https:\/\/api.w.org\/{rel}","templated":true}]}}