{"id":65628,"date":"2023-01-02T15:15:13","date_gmt":"2023-01-02T15:15:13","guid":{"rendered":"https:\/\/www.accuratereviews.com\/?page_id=65628"},"modified":"2023-01-02T17:04:16","modified_gmt":"2023-01-02T17:04:16","slug":"minitab-workspace-recensione","status":"publish","type":"page","link":"https:\/\/www.accuratereviews.com\/it\/programmi-mappe-mentali\/minitab-workspace-recensione\/","title":{"rendered":"Minitab Workspace"},"content":{"rendered":"<p><strong>Minitab Workspace<\/strong> \u00e8 un <strong>programma per mappe mentali<\/strong> che offre potenti strumenti visivi, mappe di processo, diagrammi di brainstorming e moduli personalizzabili. Utile per migliorare, ottimizzare e mappare il valore aziendale, questo software dispone di un&#8217;interfaccia intuitiva e semplice da usare.<br \/>\n<strong>Minitab Workspace<\/strong> \u00e8 un&#8217;ottima soluzione per creare mappe mentali, archiviare documenti correlati, condividere dati tra gli strumenti e molto altro ancora.<\/p>\n<h2>MINITAB WORKSPACE &#8211; TUTORIAL<\/h2>\n<div id=\"fluid-wrapper-counter-1\" class=\"g1-fluid-wrapper \" style=\"width:686px;\">\n<div style=\"padding-bottom:56.268221574344%;\"><iframe loading=\"lazy\" title=\"Discover Minitab Workspace Webinar\" width=\"686\" height=\"386\" src=\"https:\/\/www.youtube.com\/embed\/nBy0kryiXFg?feature=oembed&amp;wmode=transparent&amp;autohide=1&amp;autoplay=0&amp;disablekb=0&amp;fs=1&amp;loop=0&amp;enablejsapi=1&amp;rel=0&amp;controls=2&amp;showinfo=0&amp;wmode=transparent&amp;autohide=2&amp;autoplay=0&amp;disablekb=0&amp;fs=1&amp;loop=0&amp;enablejsapi=1&amp;rel=0&amp;controls=2&amp;showinfo=1\" frameborder=\"0\" allow=\"accelerometer; autoplay; clipboard-write; encrypted-media; gyroscope; picture-in-picture\" allowfullscreen><\/iframe><\/div>\n<\/div>\n<h3>MINITAB WORKSPACE &#8211; CARATTERISTICHE<\/h3>\n<ul>\n<li><strong>Mappa dei processi<\/strong>: costruisci facilmente diagrammi di flusso per aiutare a capire, vedere e comunicare tutte le attivit\u00e0 di un processo, con la possibilit\u00e0 di personalizzare il livello di dettaglio necessario.<\/li>\n<li><strong>Fishbone<\/strong>: traccia e identifica ogni elemento rilevante per una visione olistica dei tuoi processi o progetti, indipendentemente dal fatto che siano semplici o complessi.<\/li>\n<li><strong>Value Stream Map<\/strong>: visualizza il flusso di prodotti e informazioni attraverso l&#8217;organizzazione, il reparto o il team e mostra il valore che crea per i clienti e gli stakeholder.<\/li>\n<li><strong>Analisi dei modi e degli effetti dei guasti (FMEA<\/strong>): riduce il rischio di guasti in un processo o nella progettazione di un prodotto, identificando i potenziali guasti e adottando le azioni necessarie per raggiungere gli obiettivi previsti.<\/li>\n<li><strong>Five Whys<\/strong>: determina la causa principale di un problema attraverso domande dirette, mappatura delle relazioni e riflessione per evitare che si ripeta in futuro.<\/li>\n<li><strong>Simulazione Monte Carlo<\/strong>: valuta e comprende il rischio in un processo o in un progetto, prevede i risultati e ottimizza senza sforzo con velocit\u00e0 ed efficienza.<\/li>\n<\/ul>\n<h4>LE RECENSIONI DEGLI UTENTI<\/h4>\n<p><strong>Gowtham &#8220;Ottimo prodotto per gli studenti&#8221;.<\/strong><br \/>\nPro: Meno complessit\u00e0, il miglior software per l&#8217;analisi statistica e facile da navigare.<br \/>\nContro: come studente, il prezzo \u00e8 un po&#8217; caro.<\/p>\n<p><strong>Daniel &#8220;Lo strumento di gestione dei progetti tutto in uno&#8221;.<\/strong><br \/>\nCommenti: Finora sono stato soddisfatto della mia esperienza con Minitab Workspace. Ha reso il processo di gestione del progetto pi\u00f9 organizzato e pi\u00f9 facile tra i membri del nostro team.<br \/>\nPro: Minitab Workspace ha troppe funzioni che possono essere adatte a qualsiasi progetto. La mia esperienza personale con questa piattaforma \u00e8 stata principalmente per la commercializzazione di un nuovo prodotto software, ma il software pu\u00f2 essere adatto a qualsiasi altro progetto. Mi \u00e8 piaciuta l&#8217;idea dell&#8217;organizzazione della timeline del progetto e gli strumenti della piattaforma per il brain storming delle idee. L&#8217;abbiamo usato molto per eseguire l&#8217;analisi SWOT e per generare rapporti di sintesi per il nostro team operativo.<br \/>\nContro: L&#8217;area di lavoro di Minitab ha molte funzioni che richiedono una certa formazione prima di utilizzare la piattaforma.<\/p>\n<p><strong>Venthakrishnan &#8220;Interfaccia utente facile e una tonnellata di funzioni&#8221;.<\/strong><br \/>\nCommenti: Ottima esperienza. Uno dei migliori software sul mercato.<br \/>\nPro: Mi piace la sua semplicit\u00e0, considerando che quasi tutte le analisi statistiche possono essere fatte in pochi clic.<br \/>\nContro: Il costo del software e le sue dimensioni.<\/p>\n","protected":false},"excerpt":{"rendered":"<p>Minitab Workspace \u00e8 un programma per mappe mentali che offre potenti strumenti visivi, mappe di processo, diagrammi di brainstorming e moduli personalizzabili. Utile per migliorare, ottimizzare e mappare il valore aziendale, questo software dispone di un&#8217;interfaccia intuitiva e semplice da usare.<\/p>\n","protected":false},"author":17,"featured_media":65629,"parent":65102,"menu_order":0,"comment_status":"open","ping_status":"closed","template":"g1_template_page_review_new.php","meta":{"_acf_changed":false,"cwp_meta_box_check":"No","cwp_rev_product_name":"","cwp_rev_product_image":"","wppr_links":[],"cwp_rev_price":"","wppr_options":[],"wppr_pros":[],"wppr_cons":[],"_monsterinsights_skip_tracking":false,"_monsterinsights_sitenote_active":false,"_monsterinsights_sitenote_note":"","_monsterinsights_sitenote_category":0,"footnotes":""},"categories":[13899],"tags":[13901,13965,13905,13906,13904,13903],"features":[],"class_list":{"0":"post-65628","1":"page","2":"type-page","3":"status-publish","4":"has-post-thumbnail","6":"category-programmi-mappe-mentali-cat","7":"tag-mappe-mentali","8":"tag-piattaforma-mappe-mentali","9":"tag-piattaforma-per-mappe-mentali","10":"tag-programmi-per-mappe-mentali","11":"tag-software-per-mappe-mentali","12":"tag-soluzione-per-mappe-mentali"},"wppr_data":{"cwp_meta_box_check":"No"},"acf":[],"yoast_head":"<!-- This site is optimized with the Yoast SEO plugin v27.4 - https:\/\/yoast.com\/product\/yoast-seo-wordpress\/ -->\n<title>Minitab Workspace: programma mappe mentali - Accurate Reviews<\/title>\n<meta name=\"description\" content=\"Minitab Workspace: recensione programma per mappe mentali che offre potenti strumenti visivi, mappe di processo, diagrammi di brainstorming.\" \/>\n<meta name=\"robots\" content=\"index, follow, max-snippet:-1, max-image-preview:large, max-video-preview:-1\" \/>\n<link rel=\"canonical\" href=\"https:\/\/www.accuratereviews.com\/it\/programmi-mappe-mentali\/minitab-workspace-recensione\/\" \/>\n<meta property=\"og:locale\" content=\"it_IT\" \/>\n<meta property=\"og:type\" content=\"article\" \/>\n<meta property=\"og:title\" content=\"Minitab Workspace: programma mappe mentali - Accurate Reviews\" \/>\n<meta property=\"og:description\" content=\"Minitab Workspace: recensione programma per mappe mentali che offre potenti strumenti visivi, mappe di processo, diagrammi di brainstorming.\" \/>\n<meta property=\"og:url\" content=\"https:\/\/www.accuratereviews.com\/it\/programmi-mappe-mentali\/minitab-workspace-recensione\/\" \/>\n<meta property=\"og:site_name\" content=\"Accurate Reviews\" \/>\n<meta property=\"article:modified_time\" content=\"2023-01-02T17:04:16+00:00\" \/>\n<meta property=\"og:image\" content=\"https:\/\/www.accuratereviews.com\/wp-content\/uploads\/2023\/01\/Schermata-2023-01-02-alle-10.08.53.png\" \/>\n\t<meta property=\"og:image:width\" content=\"615\" \/>\n\t<meta property=\"og:image:height\" content=\"200\" \/>\n\t<meta property=\"og:image:type\" content=\"image\/png\" \/>\n<meta name=\"twitter:card\" content=\"summary_large_image\" \/>\n<meta name=\"twitter:label1\" content=\"Tempo di lettura stimato\" \/>\n\t<meta name=\"twitter:data1\" content=\"3 minuti\" \/>\n<script type=\"application\/ld+json\" class=\"yoast-schema-graph\">{\"@context\":\"https:\\\/\\\/schema.org\",\"@graph\":[{\"@type\":\"WebPage\",\"@id\":\"https:\\\/\\\/www.accuratereviews.com\\\/it\\\/programmi-mappe-mentali\\\/minitab-workspace-recensione\\\/\",\"url\":\"https:\\\/\\\/www.accuratereviews.com\\\/it\\\/programmi-mappe-mentali\\\/minitab-workspace-recensione\\\/\",\"name\":\"Minitab Workspace: programma mappe mentali - Accurate Reviews\",\"isPartOf\":{\"@id\":\"https:\\\/\\\/www.accuratereviews.com\\\/it\\\/#website\"},\"primaryImageOfPage\":{\"@id\":\"https:\\\/\\\/www.accuratereviews.com\\\/it\\\/programmi-mappe-mentali\\\/minitab-workspace-recensione\\\/#primaryimage\"},\"image\":{\"@id\":\"https:\\\/\\\/www.accuratereviews.com\\\/it\\\/programmi-mappe-mentali\\\/minitab-workspace-recensione\\\/#primaryimage\"},\"thumbnailUrl\":\"https:\\\/\\\/www.accuratereviews.com\\\/wp-content\\\/uploads\\\/2023\\\/01\\\/Schermata-2023-01-02-alle-10.08.53.png\",\"datePublished\":\"2023-01-02T15:15:13+00:00\",\"dateModified\":\"2023-01-02T17:04:16+00:00\",\"description\":\"Minitab Workspace: recensione programma per mappe mentali che offre potenti strumenti visivi, mappe di processo, diagrammi di brainstorming.\",\"breadcrumb\":{\"@id\":\"https:\\\/\\\/www.accuratereviews.com\\\/it\\\/programmi-mappe-mentali\\\/minitab-workspace-recensione\\\/#breadcrumb\"},\"inLanguage\":\"it-IT\",\"potentialAction\":[{\"@type\":\"ReadAction\",\"target\":[\"https:\\\/\\\/www.accuratereviews.com\\\/it\\\/programmi-mappe-mentali\\\/minitab-workspace-recensione\\\/\"]}]},{\"@type\":\"ImageObject\",\"inLanguage\":\"it-IT\",\"@id\":\"https:\\\/\\\/www.accuratereviews.com\\\/it\\\/programmi-mappe-mentali\\\/minitab-workspace-recensione\\\/#primaryimage\",\"url\":\"https:\\\/\\\/www.accuratereviews.com\\\/wp-content\\\/uploads\\\/2023\\\/01\\\/Schermata-2023-01-02-alle-10.08.53.png\",\"contentUrl\":\"https:\\\/\\\/www.accuratereviews.com\\\/wp-content\\\/uploads\\\/2023\\\/01\\\/Schermata-2023-01-02-alle-10.08.53.png\",\"width\":615,\"height\":200},{\"@type\":\"BreadcrumbList\",\"@id\":\"https:\\\/\\\/www.accuratereviews.com\\\/it\\\/programmi-mappe-mentali\\\/minitab-workspace-recensione\\\/#breadcrumb\",\"itemListElement\":[{\"@type\":\"ListItem\",\"position\":1,\"name\":\"Home\",\"item\":\"https:\\\/\\\/www.accuratereviews.com\\\/it\\\/\"},{\"@type\":\"ListItem\",\"position\":2,\"name\":\"Programmi per mappe mentali\",\"item\":\"https:\\\/\\\/www.accuratereviews.com\\\/it\\\/programmi-mappe-mentali\\\/\"},{\"@type\":\"ListItem\",\"position\":3,\"name\":\"Minitab Workspace\"}]},{\"@type\":\"WebSite\",\"@id\":\"https:\\\/\\\/www.accuratereviews.com\\\/it\\\/#website\",\"url\":\"https:\\\/\\\/www.accuratereviews.com\\\/it\\\/\",\"name\":\"Accurate Reviews\",\"description\":\"\",\"potentialAction\":[{\"@type\":\"SearchAction\",\"target\":{\"@type\":\"EntryPoint\",\"urlTemplate\":\"https:\\\/\\\/www.accuratereviews.com\\\/it\\\/?s={search_term_string}\"},\"query-input\":{\"@type\":\"PropertyValueSpecification\",\"valueRequired\":true,\"valueName\":\"search_term_string\"}}],\"inLanguage\":\"it-IT\"}]}<\/script>\n<!-- \/ Yoast SEO plugin. -->","yoast_head_json":{"title":"Minitab Workspace: programma mappe mentali - Accurate Reviews","description":"Minitab Workspace: recensione programma per mappe mentali che offre potenti strumenti visivi, mappe di processo, diagrammi di brainstorming.","robots":{"index":"index","follow":"follow","max-snippet":"max-snippet:-1","max-image-preview":"max-image-preview:large","max-video-preview":"max-video-preview:-1"},"canonical":"https:\/\/www.accuratereviews.com\/it\/programmi-mappe-mentali\/minitab-workspace-recensione\/","og_locale":"it_IT","og_type":"article","og_title":"Minitab Workspace: programma mappe mentali - Accurate Reviews","og_description":"Minitab Workspace: recensione programma per mappe mentali che offre potenti strumenti visivi, mappe di processo, diagrammi di brainstorming.","og_url":"https:\/\/www.accuratereviews.com\/it\/programmi-mappe-mentali\/minitab-workspace-recensione\/","og_site_name":"Accurate Reviews","article_modified_time":"2023-01-02T17:04:16+00:00","og_image":[{"width":615,"height":200,"url":"https:\/\/www.accuratereviews.com\/wp-content\/uploads\/2023\/01\/Schermata-2023-01-02-alle-10.08.53.png","type":"image\/png"}],"twitter_card":"summary_large_image","twitter_misc":{"Tempo di lettura stimato":"3 minuti"},"schema":{"@context":"https:\/\/schema.org","@graph":[{"@type":"WebPage","@id":"https:\/\/www.accuratereviews.com\/it\/programmi-mappe-mentali\/minitab-workspace-recensione\/","url":"https:\/\/www.accuratereviews.com\/it\/programmi-mappe-mentali\/minitab-workspace-recensione\/","name":"Minitab Workspace: programma mappe mentali - Accurate Reviews","isPartOf":{"@id":"https:\/\/www.accuratereviews.com\/it\/#website"},"primaryImageOfPage":{"@id":"https:\/\/www.accuratereviews.com\/it\/programmi-mappe-mentali\/minitab-workspace-recensione\/#primaryimage"},"image":{"@id":"https:\/\/www.accuratereviews.com\/it\/programmi-mappe-mentali\/minitab-workspace-recensione\/#primaryimage"},"thumbnailUrl":"https:\/\/www.accuratereviews.com\/wp-content\/uploads\/2023\/01\/Schermata-2023-01-02-alle-10.08.53.png","datePublished":"2023-01-02T15:15:13+00:00","dateModified":"2023-01-02T17:04:16+00:00","description":"Minitab Workspace: recensione programma per mappe mentali che offre potenti strumenti visivi, mappe di processo, diagrammi di brainstorming.","breadcrumb":{"@id":"https:\/\/www.accuratereviews.com\/it\/programmi-mappe-mentali\/minitab-workspace-recensione\/#breadcrumb"},"inLanguage":"it-IT","potentialAction":[{"@type":"ReadAction","target":["https:\/\/www.accuratereviews.com\/it\/programmi-mappe-mentali\/minitab-workspace-recensione\/"]}]},{"@type":"ImageObject","inLanguage":"it-IT","@id":"https:\/\/www.accuratereviews.com\/it\/programmi-mappe-mentali\/minitab-workspace-recensione\/#primaryimage","url":"https:\/\/www.accuratereviews.com\/wp-content\/uploads\/2023\/01\/Schermata-2023-01-02-alle-10.08.53.png","contentUrl":"https:\/\/www.accuratereviews.com\/wp-content\/uploads\/2023\/01\/Schermata-2023-01-02-alle-10.08.53.png","width":615,"height":200},{"@type":"BreadcrumbList","@id":"https:\/\/www.accuratereviews.com\/it\/programmi-mappe-mentali\/minitab-workspace-recensione\/#breadcrumb","itemListElement":[{"@type":"ListItem","position":1,"name":"Home","item":"https:\/\/www.accuratereviews.com\/it\/"},{"@type":"ListItem","position":2,"name":"Programmi per mappe mentali","item":"https:\/\/www.accuratereviews.com\/it\/programmi-mappe-mentali\/"},{"@type":"ListItem","position":3,"name":"Minitab Workspace"}]},{"@type":"WebSite","@id":"https:\/\/www.accuratereviews.com\/it\/#website","url":"https:\/\/www.accuratereviews.com\/it\/","name":"Accurate Reviews","description":"","potentialAction":[{"@type":"SearchAction","target":{"@type":"EntryPoint","urlTemplate":"https:\/\/www.accuratereviews.com\/it\/?s={search_term_string}"},"query-input":{"@type":"PropertyValueSpecification","valueRequired":true,"valueName":"search_term_string"}}],"inLanguage":"it-IT"}]}},"_links":{"self":[{"href":"https:\/\/www.accuratereviews.com\/it\/wp-json\/wp\/v2\/pages\/65628","targetHints":{"allow":["GET"]}}],"collection":[{"href":"https:\/\/www.accuratereviews.com\/it\/wp-json\/wp\/v2\/pages"}],"about":[{"href":"https:\/\/www.accuratereviews.com\/it\/wp-json\/wp\/v2\/types\/page"}],"author":[{"embeddable":true,"href":"https:\/\/www.accuratereviews.com\/it\/wp-json\/wp\/v2\/users\/17"}],"replies":[{"embeddable":true,"href":"https:\/\/www.accuratereviews.com\/it\/wp-json\/wp\/v2\/comments?post=65628"}],"version-history":[{"count":9,"href":"https:\/\/www.accuratereviews.com\/it\/wp-json\/wp\/v2\/pages\/65628\/revisions"}],"predecessor-version":[{"id":65654,"href":"https:\/\/www.accuratereviews.com\/it\/wp-json\/wp\/v2\/pages\/65628\/revisions\/65654"}],"up":[{"embeddable":true,"href":"https:\/\/www.accuratereviews.com\/it\/wp-json\/wp\/v2\/pages\/65102"}],"wp:featuredmedia":[{"embeddable":true,"href":"https:\/\/www.accuratereviews.com\/it\/wp-json\/wp\/v2\/media\/65629"}],"wp:attachment":[{"href":"https:\/\/www.accuratereviews.com\/it\/wp-json\/wp\/v2\/media?parent=65628"}],"wp:term":[{"taxonomy":"category","embeddable":true,"href":"https:\/\/www.accuratereviews.com\/it\/wp-json\/wp\/v2\/categories?post=65628"},{"taxonomy":"post_tag","embeddable":true,"href":"https:\/\/www.accuratereviews.com\/it\/wp-json\/wp\/v2\/tags?post=65628"},{"taxonomy":"features","embeddable":true,"href":"https:\/\/www.accuratereviews.com\/it\/wp-json\/wp\/v2\/features?post=65628"}],"curies":[{"name":"wp","href":"https:\/\/api.w.org\/{rel}","templated":true}]}}