{"id":65723,"date":"2023-01-04T13:10:42","date_gmt":"2023-01-04T13:10:42","guid":{"rendered":"https:\/\/www.accuratereviews.com\/?page_id=65723"},"modified":"2023-01-06T14:27:17","modified_gmt":"2023-01-06T14:27:17","slug":"hostaway-recensione","status":"publish","type":"page","link":"https:\/\/www.accuratereviews.com\/it\/software-gestione-canali\/hostaway-recensione\/","title":{"rendered":"Hostaway"},"content":{"rendered":"<p class=\"h5 fw-bold mb-2\"><strong>Hostaway<\/strong>\u00a0\u00e8 un <strong>programma all-in-one<\/strong> che permette di gestire case vacanze su canali come Airbnb, Booking, Expedia, Vrbo e altri ancora. Si tratta di un <strong>channel manager software<\/strong> che offre un&#8217;API aperta per consentire a chiunque di costruire soluzioni personalizzate. \u00c8 integrato con numerosi strumenti del settore immobiliare e cresce con la crescita della tua attivit\u00e0!<br \/>\nDisponibile sia in versione desktop che mobile, per dispositivi iOS e Android, <strong>Hostaway<\/strong> offre moduli e servizi progettati per garantire la crescita da 5 a 20, da 50 a 200 e da 5000 a 20000 propriet\u00e0.<\/p>\n<h2>HOSTAWAY &#8211; TUTORIAL<\/h2>\n<div id=\"fluid-wrapper-counter-1\" class=\"g1-fluid-wrapper \" style=\"width:686px;\">\n<div style=\"padding-bottom:56.268221574344%;\"><iframe loading=\"lazy\" title=\"Learn about Hostaway in 4 minutes!\" width=\"686\" height=\"386\" src=\"https:\/\/www.youtube.com\/embed\/d_JSWHEgFkc?feature=oembed&amp;wmode=transparent&amp;autohide=1&amp;autoplay=0&amp;disablekb=0&amp;fs=1&amp;loop=0&amp;enablejsapi=1&amp;rel=0&amp;controls=2&amp;showinfo=0&amp;wmode=transparent&amp;autohide=2&amp;autoplay=0&amp;disablekb=0&amp;fs=1&amp;loop=0&amp;enablejsapi=1&amp;rel=0&amp;controls=2&amp;showinfo=1\" frameborder=\"0\" allow=\"accelerometer; autoplay; clipboard-write; encrypted-media; gyroscope; picture-in-picture; web-share\" allowfullscreen><\/iframe><\/div>\n<\/div>\n<h3>HOSTAWAY &#8211; CARATTERISTICHE<\/h3>\n<ul>\n<li><strong>Gestione delle propriet\u00e0<\/strong>: il sistema di gestione delle propriet\u00e0 pi\u00f9 apprezzato dai gestori di case vacanza<\/li>\n<li><strong>Gestore di canali<\/strong>: Il channel manager proprietario di Hostaway \u00e8 il cuore della piattaforma, che vi mette in contatto con Airbnb, Vrbo, Booking.com, Expedia, Marriott e molti altri.<\/li>\n<li><strong>Comunicazione<\/strong>: tutti gli strumenti di comunicazione di cui un gestore di case vacanza ha bisogno, con una casella di posta elettronica unificata leader del settore.<\/li>\n<li><strong>Marketing<\/strong>: tutti gli strumenti necessari per commercializzare le propriet\u00e0 con il rispetto che meritano. Rendetevi orgogliosi!<\/li>\n<li><strong>Analisi e reportistica<\/strong>: Analytics &amp; Reporting di Hostaway offre ai gestori di propriet\u00e0 immobiliari preziose informazioni sulla loro attivit\u00e0 di affittacamere.<\/li>\n<li><strong>Servizi<\/strong>: Hostaway mette sempre a disposizione dei propri partner la tecnologia pi\u00f9 utile, versatile e affidabile.<\/li>\n<li><strong>Strumenti di automazione<\/strong>: Hostaway automatizza ogni singola attivit\u00e0 ripetitiva nel mondo delle case vacanza.<\/li>\n<li><strong>Operazioni di affitto vacanze<\/strong>: gestite ogni aspetto delle vostre operazioni quotidiane con dettagli e automazioni, e sentitevi tranquilli nel delegare le attivit\u00e0 con facilit\u00e0.<\/li>\n<\/ul>\n<h4>LE RECENSIONI DEGLI UTENTI<\/h4>\n<p><strong>Justin &#8220;Recensione Hostaway&#8221;<\/strong><br \/>\nPro: molto facile da usare ed \u00e8 ottimo per prenotare vacanze in affitto<br \/>\nContro: tutto \u00e8 buono con questo software, ma il servizio clienti richiede un po&#8217; di tempo.<\/p>\n<p><strong>Alex &#8220;Nuovo utente di Hostaway&#8221;<\/strong><br \/>\nCommenti: Alla fine ho scelto Hostaway per il suo servizio clienti. \u00c8 un po&#8217; costoso perch\u00e9 sto gestendo solo 1 propriet\u00e0, ma mi piace sapere che posso raggiungere qualcuno al telefono ogni volta che ho bisogno di aiuto con qualcosa. Per me \u00e8 un valore inestimabile.<br \/>\nPro: Il layout facile da usare dell&#8217;app e del sito web.<br \/>\nContro: il fatto che non ci sia un prezzo pi\u00f9 accessibile per chi lo usa per un solo appartamento in affitto.<\/p>\n<p><strong>Kate &#8220;Nuovo alla piattaforma&#8221;<\/strong><br \/>\nCommenti: Molto utile, sto risparmiando 500 dollari al mese! Il sito \u00e8 molto pi\u00f9 facile da usare.<br \/>\nPro: Avendo lavorato con altri channel manager, questa \u00e8 stata una transizione senza soluzione di continuit\u00e0 e una dashboard pi\u00f9 facile da usare.<br \/>\nContro: Ancora niente, visto che lo usiamo solo da 4 settimane.<\/p>\n","protected":false},"excerpt":{"rendered":"<p>Hostaway\u00a0\u00e8 un programma all-in-one che permette di gestire case vacanze su canali come Airbnb, Booking, Expedia, Vrbo e altri ancora. Si tratta di un channel manager software che offre un&#8217;API aperta per consentire a chiunque di costruire soluzioni personalizzate. \u00c8 integrato con numerosi strumenti del settore immobiliare e cresce con la crescita della tua attivit\u00e0!<\/p>\n","protected":false},"author":17,"featured_media":65724,"parent":65711,"menu_order":0,"comment_status":"open","ping_status":"closed","template":"g1_template_page_review_new.php","meta":{"_acf_changed":false,"cwp_meta_box_check":"No","cwp_rev_product_name":"","cwp_rev_product_image":"","wppr_links":[],"cwp_rev_price":"","wppr_options":[],"wppr_pros":[],"wppr_cons":[],"_monsterinsights_skip_tracking":false,"_monsterinsights_sitenote_active":false,"_monsterinsights_sitenote_note":"","_monsterinsights_sitenote_category":0,"footnotes":""},"categories":[13985],"tags":[13989,13991,13990,13988,13992],"features":[],"class_list":{"0":"post-65723","1":"page","2":"type-page","3":"status-publish","4":"has-post-thumbnail","6":"category-software-gestione-canali-cat","7":"tag-gestione-dei-canali","8":"tag-piattaforma-gestione-canali","9":"tag-programma-gestione-canali","10":"tag-software-gestione-canali","11":"tag-soluzione-gestione-canali"},"wppr_data":{"cwp_meta_box_check":"No"},"acf":[],"yoast_head":"<!-- This site is optimized with the Yoast SEO plugin v27.4 - https:\/\/yoast.com\/product\/yoast-seo-wordpress\/ -->\n<title>Hostaway: recensione software gestione canali - Accurate Reviews<\/title>\n<meta name=\"description\" content=\"Hostaway: recensione del programma all-in-one che permette di gestire case vacanze su canali come Airbnb, Booking, Expedia, Vrbo e altri.\" \/>\n<meta name=\"robots\" content=\"index, follow, max-snippet:-1, max-image-preview:large, max-video-preview:-1\" \/>\n<link rel=\"canonical\" href=\"https:\/\/www.accuratereviews.com\/it\/software-gestione-canali\/hostaway-recensione\/\" \/>\n<meta property=\"og:locale\" content=\"it_IT\" \/>\n<meta property=\"og:type\" content=\"article\" \/>\n<meta property=\"og:title\" content=\"Hostaway: recensione software gestione canali - Accurate Reviews\" \/>\n<meta property=\"og:description\" content=\"Hostaway: recensione del programma all-in-one che permette di gestire case vacanze su canali come Airbnb, Booking, Expedia, Vrbo e altri.\" \/>\n<meta property=\"og:url\" content=\"https:\/\/www.accuratereviews.com\/it\/software-gestione-canali\/hostaway-recensione\/\" \/>\n<meta property=\"og:site_name\" content=\"Accurate Reviews\" \/>\n<meta property=\"article:modified_time\" content=\"2023-01-06T14:27:17+00:00\" \/>\n<meta property=\"og:image\" content=\"https:\/\/www.accuratereviews.com\/wp-content\/uploads\/2023\/01\/hostaway-logo.webp\" \/>\n\t<meta property=\"og:image:width\" content=\"800\" \/>\n\t<meta property=\"og:image:height\" content=\"288\" \/>\n\t<meta property=\"og:image:type\" content=\"image\/webp\" \/>\n<meta name=\"twitter:card\" content=\"summary_large_image\" \/>\n<meta name=\"twitter:label1\" content=\"Tempo di lettura stimato\" \/>\n\t<meta name=\"twitter:data1\" content=\"3 minuti\" \/>\n<script type=\"application\/ld+json\" class=\"yoast-schema-graph\">{\"@context\":\"https:\\\/\\\/schema.org\",\"@graph\":[{\"@type\":\"WebPage\",\"@id\":\"https:\\\/\\\/www.accuratereviews.com\\\/it\\\/software-gestione-canali\\\/hostaway-recensione\\\/\",\"url\":\"https:\\\/\\\/www.accuratereviews.com\\\/it\\\/software-gestione-canali\\\/hostaway-recensione\\\/\",\"name\":\"Hostaway: recensione software gestione canali - Accurate Reviews\",\"isPartOf\":{\"@id\":\"https:\\\/\\\/www.accuratereviews.com\\\/it\\\/#website\"},\"primaryImageOfPage\":{\"@id\":\"https:\\\/\\\/www.accuratereviews.com\\\/it\\\/software-gestione-canali\\\/hostaway-recensione\\\/#primaryimage\"},\"image\":{\"@id\":\"https:\\\/\\\/www.accuratereviews.com\\\/it\\\/software-gestione-canali\\\/hostaway-recensione\\\/#primaryimage\"},\"thumbnailUrl\":\"https:\\\/\\\/www.accuratereviews.com\\\/wp-content\\\/uploads\\\/2023\\\/01\\\/hostaway-logo.webp\",\"datePublished\":\"2023-01-04T13:10:42+00:00\",\"dateModified\":\"2023-01-06T14:27:17+00:00\",\"description\":\"Hostaway: recensione del programma all-in-one che permette di gestire case vacanze su canali come Airbnb, Booking, Expedia, Vrbo e altri.\",\"breadcrumb\":{\"@id\":\"https:\\\/\\\/www.accuratereviews.com\\\/it\\\/software-gestione-canali\\\/hostaway-recensione\\\/#breadcrumb\"},\"inLanguage\":\"it-IT\",\"potentialAction\":[{\"@type\":\"ReadAction\",\"target\":[\"https:\\\/\\\/www.accuratereviews.com\\\/it\\\/software-gestione-canali\\\/hostaway-recensione\\\/\"]}]},{\"@type\":\"ImageObject\",\"inLanguage\":\"it-IT\",\"@id\":\"https:\\\/\\\/www.accuratereviews.com\\\/it\\\/software-gestione-canali\\\/hostaway-recensione\\\/#primaryimage\",\"url\":\"https:\\\/\\\/www.accuratereviews.com\\\/wp-content\\\/uploads\\\/2023\\\/01\\\/hostaway-logo.webp\",\"contentUrl\":\"https:\\\/\\\/www.accuratereviews.com\\\/wp-content\\\/uploads\\\/2023\\\/01\\\/hostaway-logo.webp\",\"width\":800,\"height\":288},{\"@type\":\"BreadcrumbList\",\"@id\":\"https:\\\/\\\/www.accuratereviews.com\\\/it\\\/software-gestione-canali\\\/hostaway-recensione\\\/#breadcrumb\",\"itemListElement\":[{\"@type\":\"ListItem\",\"position\":1,\"name\":\"Home\",\"item\":\"https:\\\/\\\/www.accuratereviews.com\\\/it\\\/\"},{\"@type\":\"ListItem\",\"position\":2,\"name\":\"Software per la gestione dei canali\",\"item\":\"https:\\\/\\\/www.accuratereviews.com\\\/it\\\/software-gestione-canali\\\/\"},{\"@type\":\"ListItem\",\"position\":3,\"name\":\"Hostaway\"}]},{\"@type\":\"WebSite\",\"@id\":\"https:\\\/\\\/www.accuratereviews.com\\\/it\\\/#website\",\"url\":\"https:\\\/\\\/www.accuratereviews.com\\\/it\\\/\",\"name\":\"Accurate Reviews\",\"description\":\"\",\"potentialAction\":[{\"@type\":\"SearchAction\",\"target\":{\"@type\":\"EntryPoint\",\"urlTemplate\":\"https:\\\/\\\/www.accuratereviews.com\\\/it\\\/?s={search_term_string}\"},\"query-input\":{\"@type\":\"PropertyValueSpecification\",\"valueRequired\":true,\"valueName\":\"search_term_string\"}}],\"inLanguage\":\"it-IT\"}]}<\/script>\n<!-- \/ Yoast SEO plugin. -->","yoast_head_json":{"title":"Hostaway: recensione software gestione canali - Accurate Reviews","description":"Hostaway: recensione del programma all-in-one che permette di gestire case vacanze su canali come Airbnb, Booking, Expedia, Vrbo e altri.","robots":{"index":"index","follow":"follow","max-snippet":"max-snippet:-1","max-image-preview":"max-image-preview:large","max-video-preview":"max-video-preview:-1"},"canonical":"https:\/\/www.accuratereviews.com\/it\/software-gestione-canali\/hostaway-recensione\/","og_locale":"it_IT","og_type":"article","og_title":"Hostaway: recensione software gestione canali - Accurate Reviews","og_description":"Hostaway: recensione del programma all-in-one che permette di gestire case vacanze su canali come Airbnb, Booking, Expedia, Vrbo e altri.","og_url":"https:\/\/www.accuratereviews.com\/it\/software-gestione-canali\/hostaway-recensione\/","og_site_name":"Accurate Reviews","article_modified_time":"2023-01-06T14:27:17+00:00","og_image":[{"width":800,"height":288,"url":"https:\/\/www.accuratereviews.com\/wp-content\/uploads\/2023\/01\/hostaway-logo.webp","type":"image\/webp"}],"twitter_card":"summary_large_image","twitter_misc":{"Tempo di lettura stimato":"3 minuti"},"schema":{"@context":"https:\/\/schema.org","@graph":[{"@type":"WebPage","@id":"https:\/\/www.accuratereviews.com\/it\/software-gestione-canali\/hostaway-recensione\/","url":"https:\/\/www.accuratereviews.com\/it\/software-gestione-canali\/hostaway-recensione\/","name":"Hostaway: recensione software gestione canali - Accurate Reviews","isPartOf":{"@id":"https:\/\/www.accuratereviews.com\/it\/#website"},"primaryImageOfPage":{"@id":"https:\/\/www.accuratereviews.com\/it\/software-gestione-canali\/hostaway-recensione\/#primaryimage"},"image":{"@id":"https:\/\/www.accuratereviews.com\/it\/software-gestione-canali\/hostaway-recensione\/#primaryimage"},"thumbnailUrl":"https:\/\/www.accuratereviews.com\/wp-content\/uploads\/2023\/01\/hostaway-logo.webp","datePublished":"2023-01-04T13:10:42+00:00","dateModified":"2023-01-06T14:27:17+00:00","description":"Hostaway: recensione del programma all-in-one che permette di gestire case vacanze su canali come Airbnb, Booking, Expedia, Vrbo e altri.","breadcrumb":{"@id":"https:\/\/www.accuratereviews.com\/it\/software-gestione-canali\/hostaway-recensione\/#breadcrumb"},"inLanguage":"it-IT","potentialAction":[{"@type":"ReadAction","target":["https:\/\/www.accuratereviews.com\/it\/software-gestione-canali\/hostaway-recensione\/"]}]},{"@type":"ImageObject","inLanguage":"it-IT","@id":"https:\/\/www.accuratereviews.com\/it\/software-gestione-canali\/hostaway-recensione\/#primaryimage","url":"https:\/\/www.accuratereviews.com\/wp-content\/uploads\/2023\/01\/hostaway-logo.webp","contentUrl":"https:\/\/www.accuratereviews.com\/wp-content\/uploads\/2023\/01\/hostaway-logo.webp","width":800,"height":288},{"@type":"BreadcrumbList","@id":"https:\/\/www.accuratereviews.com\/it\/software-gestione-canali\/hostaway-recensione\/#breadcrumb","itemListElement":[{"@type":"ListItem","position":1,"name":"Home","item":"https:\/\/www.accuratereviews.com\/it\/"},{"@type":"ListItem","position":2,"name":"Software per la gestione dei canali","item":"https:\/\/www.accuratereviews.com\/it\/software-gestione-canali\/"},{"@type":"ListItem","position":3,"name":"Hostaway"}]},{"@type":"WebSite","@id":"https:\/\/www.accuratereviews.com\/it\/#website","url":"https:\/\/www.accuratereviews.com\/it\/","name":"Accurate Reviews","description":"","potentialAction":[{"@type":"SearchAction","target":{"@type":"EntryPoint","urlTemplate":"https:\/\/www.accuratereviews.com\/it\/?s={search_term_string}"},"query-input":{"@type":"PropertyValueSpecification","valueRequired":true,"valueName":"search_term_string"}}],"inLanguage":"it-IT"}]}},"_links":{"self":[{"href":"https:\/\/www.accuratereviews.com\/it\/wp-json\/wp\/v2\/pages\/65723","targetHints":{"allow":["GET"]}}],"collection":[{"href":"https:\/\/www.accuratereviews.com\/it\/wp-json\/wp\/v2\/pages"}],"about":[{"href":"https:\/\/www.accuratereviews.com\/it\/wp-json\/wp\/v2\/types\/page"}],"author":[{"embeddable":true,"href":"https:\/\/www.accuratereviews.com\/it\/wp-json\/wp\/v2\/users\/17"}],"replies":[{"embeddable":true,"href":"https:\/\/www.accuratereviews.com\/it\/wp-json\/wp\/v2\/comments?post=65723"}],"version-history":[{"count":6,"href":"https:\/\/www.accuratereviews.com\/it\/wp-json\/wp\/v2\/pages\/65723\/revisions"}],"predecessor-version":[{"id":65834,"href":"https:\/\/www.accuratereviews.com\/it\/wp-json\/wp\/v2\/pages\/65723\/revisions\/65834"}],"up":[{"embeddable":true,"href":"https:\/\/www.accuratereviews.com\/it\/wp-json\/wp\/v2\/pages\/65711"}],"wp:featuredmedia":[{"embeddable":true,"href":"https:\/\/www.accuratereviews.com\/it\/wp-json\/wp\/v2\/media\/65724"}],"wp:attachment":[{"href":"https:\/\/www.accuratereviews.com\/it\/wp-json\/wp\/v2\/media?parent=65723"}],"wp:term":[{"taxonomy":"category","embeddable":true,"href":"https:\/\/www.accuratereviews.com\/it\/wp-json\/wp\/v2\/categories?post=65723"},{"taxonomy":"post_tag","embeddable":true,"href":"https:\/\/www.accuratereviews.com\/it\/wp-json\/wp\/v2\/tags?post=65723"},{"taxonomy":"features","embeddable":true,"href":"https:\/\/www.accuratereviews.com\/it\/wp-json\/wp\/v2\/features?post=65723"}],"curies":[{"name":"wp","href":"https:\/\/api.w.org\/{rel}","templated":true}]}}