{"id":65734,"date":"2023-01-04T17:30:01","date_gmt":"2023-01-04T17:30:01","guid":{"rendered":"https:\/\/www.accuratereviews.com\/?page_id=65734"},"modified":"2023-01-04T17:30:01","modified_gmt":"2023-01-04T17:30:01","slug":"smoobu-recensione","status":"publish","type":"page","link":"https:\/\/www.accuratereviews.com\/it\/software-gestione-canali\/smoobu-recensione\/","title":{"rendered":"Smoobu"},"content":{"rendered":"<p><strong>Smoobu<\/strong> \u00e8 una soluzione online per case vacanze, progettata per aiutare le aziende a semplificare i processi relativi a prenotazioni, comunicazioni, esperienza degli ospiti e altro ancora. Viene fornito con un <strong>channel manager<\/strong>, che consente agli utenti di connettere la piattaforma con canali di noleggio di terze parti come Airbnb, Agoda, Expedia o Booking.com e sincronizzare automaticamente dati come soggiorno minimo, prezzi e altro.\u00a0<strong>Smoobu<\/strong> viene fornito con un sistema di prenotazione, che dispone di una dashboard centralizzata per aggiungere prenotazioni o date bloccate, condividere calendari con i dipendenti ed esportare le prenotazioni come tabelle CSV. Le aziende possono utilizzare la piattaforma per creare home page o siti web di case vacanze e integrare foto, video, calendari di occupazione o posizioni di alloggi utilizzando le mappe di Google.<\/p>\n<h2>SMOOBU &#8211; TUTORIAL<\/h2>\n<div id=\"fluid-wrapper-counter-1\" class=\"g1-fluid-wrapper \" style=\"width:686px;\">\n<div style=\"padding-bottom:56.268221574344%;\"><iframe loading=\"lazy\" title=\"First day with Smoobu (EN)\" width=\"686\" height=\"386\" src=\"https:\/\/www.youtube.com\/embed\/mSUqI6qFp1s?feature=oembed&amp;wmode=transparent&amp;autohide=1&amp;autoplay=0&amp;disablekb=0&amp;fs=1&amp;loop=0&amp;enablejsapi=1&amp;rel=0&amp;controls=2&amp;showinfo=0&amp;wmode=transparent&amp;autohide=2&amp;autoplay=0&amp;disablekb=0&amp;fs=1&amp;loop=0&amp;enablejsapi=1&amp;rel=0&amp;controls=2&amp;showinfo=1\" frameborder=\"0\" allow=\"accelerometer; autoplay; clipboard-write; encrypted-media; gyroscope; picture-in-picture; web-share\" allowfullscreen><\/iframe><\/div>\n<\/div>\n<h3>SMOOBU &#8211; CARATTERISTICHE<\/h3>\n<ul>\n<li><strong>Basta doppie prenotazioni:\u00a0<\/strong>la soluzione assicura che tutte le prenotazioni siano perfettamente sincronizzate in tutti i portali di prenotazione (Airbnb, Booking.com, VRBO, CaseVacanza ecc) collegati, le prenotazioni dirette tramite lo strumento di prenotazione senza commissioni, i blocchi manuali del calendario, le modifiche e le cancellazioni.<\/li>\n<li><strong>Risparmia tempo e aumenta le tue entrate: <\/strong>l&#8217;utilizzo di questo strumento ti far\u00e0 risparmiare 3 ore di lavoro alla settimana ricevendo recensioni positive maggiori rispetto agli altri Airbnb.\u00a0Concentra il tuo tempo sui tuoi ospiti.<\/li>\n<li class=\"Default h2-md none\"><strong>Sincronizzazione prezzi ininterrotta:\u00a0<\/strong>Con questo programma \u00e8 possibile sincronizzare facilmente le tariffe sui principali portali. Basta definire il prezzo base (per singoli giorni, periodi o giorni della settimana) nel tuo account. Inoltre \u00e8 possibile aggiungere un ricarico in percentuale per ogni portale.<\/li>\n<li><strong>Flessibilit\u00e0<\/strong>: la soluzione collabora con i pi\u00f9 importanti portali di prenotazione regionali e internazionali, cos\u00ec come con portali di nicchia che sono rilevanti per particolari gruppi targettizzati.<\/li>\n<\/ul>\n<h4>LE RECENSIONI DEGLI UTENTI<\/h4>\n<p><strong>Ozan Kemal &#8220;Smoobu offre pratiche soluzioni di gestione delle prenotazioni&#8221;<\/strong><br \/>\n<strong>Pro<\/strong>: Smoobu ha di gran lunga il sistema di gestione delle prenotazioni pi\u00f9 pratico sul mercato rispetto ad altre alternative.<br \/>\n<strong>Contro<\/strong>: Dovrebbero rilasciare una nuova versione di Smoobu dove ha funzionalit\u00e0 pi\u00f9 estese sulla gestione delle prenotazioni.<\/p>\n<p><strong>Cheryl &#8220;Consiglio vivamente Smoobu, anche se sei un piccolo operatore&#8221;<\/strong><br \/>\n<strong>Commenti<\/strong>: Il servizio clienti di Smoobu \u00e8 fantastico! Ricevo sempre una risposta rapida e non mi fanno mai sentire &#8216;stupido&#8217;, perch\u00e9 a volte faccio domande fuori dal comune! Consiglio vivamente Smoobu a tutti i proprietari di case vacanze. Abbiamo solo 2 unit\u00e0 e non possiamo farne a meno!<br \/>\n<strong>Pro<\/strong>: Quello che ci piace di pi\u00f9 del software: facilit\u00e0 d&#8217;uso, modelli di comunicazione\/pianificazione dei messaggi, capacit\u00e0 di aggiornare le tariffe e si aggiornano immediatamente su tutte le OTA connesse, possibilit\u00e0 di aumentare la percentuale sulle OTA rispetto alle nostre tariffe di prenotazione diretta, Guida digitale per gli ospiti e la possibilit\u00e0 di dividere le unit\u00e0. C&#8217;\u00e8 altro da apprezzare nel software, ma questi sono gli elementi principali della nostra lista.<br \/>\n<strong>Contro<\/strong>: Sempre alla ricerca di pi\u00f9 funzionalit\u00e0, ma ci\u00f2 che hanno gi\u00e0 supera di gran lunga i precedenti channel manager che ho utilizzato.<\/p>\n<p><strong>Riccardo &#8220;Il channel manager perfetto&#8221;<\/strong><br \/>\n<strong>Pro<\/strong>: Perfetto per la sincronizzazione dei calendari, prezzi e ogni aspetto delle proprie unit\u00e0.Facilita il lavoro e rende il tutto professionale<br \/>\n<strong>Contro<\/strong>: Nessun appunto al riguardo.Ho trovato tutto perfetto<\/p>\n","protected":false},"excerpt":{"rendered":"<p>Smoobu \u00e8 una soluzione online per case vacanze progettata per aiutare le aziende a semplificare i processi relativi a prenotazioni, comunicazioni, esperienza degli ospiti e altro ancora. Viene fornito con un channel manager, che consente agli utenti di connettere la piattaforma con canali di noleggio di terze parti come Airbnb, Agoda, Expedia o Booking.com e sincronizzare automaticamente dati come soggiorno minimo, prezzi e altro.\u00a0<\/p>\n","protected":false},"author":19,"featured_media":65737,"parent":65711,"menu_order":0,"comment_status":"open","ping_status":"closed","template":"g1_template_page_review_new.php","meta":{"_acf_changed":false,"cwp_meta_box_check":"Yes","cwp_rev_product_name":"","cwp_rev_product_image":"","wppr_links":[],"cwp_rev_price":"0.00","wppr_options":[{"name":"Usability","value":"0"},{"name":"Speed","value":"0"},{"name":"Features","value":"0"},{"name":"Support","value":"0"},{"name":"Pricing","value":"0"}],"wppr_pros":["","","","",""],"wppr_cons":["","","","",""],"_monsterinsights_skip_tracking":false,"_monsterinsights_sitenote_active":false,"_monsterinsights_sitenote_note":"","_monsterinsights_sitenote_category":0,"footnotes":""},"categories":[13985],"tags":[13994,1762,13991,13990,13993,13988,13992],"features":[],"class_list":{"0":"post-65734","1":"page","2":"type-page","3":"status-publish","4":"has-post-thumbnail","6":"category-software-gestione-canali-cat","7":"tag-app-gestione-canali","8":"tag-channel-manager","9":"tag-piattaforma-gestione-canali","10":"tag-programma-gestione-canali","11":"tag-smoobu","12":"tag-software-gestione-canali","13":"tag-soluzione-gestione-canali"},"wppr_data":{"cwp_meta_box_check":"Yes","_wppr_review_template":"default","cwp_rev_product_image":"","cwp_image_link":"image","wppr_links":[],"cwp_rev_price":"0.00","wppr_pros":["","","","",""],"wppr_cons":["","","","",""],"wppr_rating":"0.00","wppr_options":{"1":{"name":"Usability","value":"0"},"2":{"name":"Speed","value":"0"},"3":{"name":"Features","value":"0"},"4":{"name":"Support","value":"0"},"5":{"name":"Pricing","value":"0"}},"wppr_review_type":"Product","wppr_review_custom_fields":{"additionalProperty":"","additionalType":"","aggregateRating":"","alternateName":"","audience":"","award":"","awards":"","brand":"","color":"","depth":"","description":"","disambiguatingDescription":"","gtin12":"","gtin13":"","gtin14":"","gtin8":"","height":"","identifier":"","image":"","isAccessoryOrSparePartFor":"","isConsumableFor":"","isRelatedTo":"","isSimilarTo":"","itemCondition":"","logo":"","mainEntityOfPage":"","manufacturer":"","material":"","model":"","mpn":"","name":"","offers":"","potentialAction":"","productID":"","productionDate":"","purchaseDate":"","releaseDate":"","review":"","reviews":"","sameAs":"","sku":"","slogan":"","subjectOf":"","url":"","weight":"","width":""}},"acf":[],"yoast_head":"<!-- This site is optimized with the Yoast SEO plugin v27.4 - https:\/\/yoast.com\/product\/yoast-seo-wordpress\/ -->\n<title>Smoobu: recensione software gestione canali - Accurate Reviews<\/title>\n<meta name=\"description\" content=\"Smoobu: recensione software channel manager che consente agli utenti di connettere la piattaforma con canali di noleggio di terze parti.\" \/>\n<meta name=\"robots\" content=\"index, follow, max-snippet:-1, max-image-preview:large, max-video-preview:-1\" \/>\n<link rel=\"canonical\" href=\"https:\/\/www.accuratereviews.com\/it\/software-gestione-canali\/smoobu-recensione\/\" \/>\n<meta property=\"og:locale\" content=\"it_IT\" \/>\n<meta property=\"og:type\" content=\"article\" \/>\n<meta property=\"og:title\" content=\"Smoobu: recensione software gestione canali - Accurate Reviews\" \/>\n<meta property=\"og:description\" content=\"Smoobu: recensione software channel manager che consente agli utenti di connettere la piattaforma con canali di noleggio di terze parti.\" \/>\n<meta property=\"og:url\" content=\"https:\/\/www.accuratereviews.com\/it\/software-gestione-canali\/smoobu-recensione\/\" \/>\n<meta property=\"og:site_name\" content=\"Accurate Reviews\" \/>\n<meta property=\"og:image\" content=\"https:\/\/www.accuratereviews.com\/wp-content\/uploads\/2023\/01\/Smoobu.png\" \/>\n\t<meta property=\"og:image:width\" content=\"512\" \/>\n\t<meta property=\"og:image:height\" content=\"512\" \/>\n\t<meta property=\"og:image:type\" content=\"image\/png\" \/>\n<meta name=\"twitter:card\" content=\"summary_large_image\" \/>\n<meta name=\"twitter:label1\" content=\"Tempo di lettura stimato\" \/>\n\t<meta name=\"twitter:data1\" content=\"3 minuti\" \/>\n<script type=\"application\/ld+json\" class=\"yoast-schema-graph\">{\"@context\":\"https:\\\/\\\/schema.org\",\"@graph\":[{\"@type\":\"WebPage\",\"@id\":\"https:\\\/\\\/www.accuratereviews.com\\\/it\\\/software-gestione-canali\\\/smoobu-recensione\\\/\",\"url\":\"https:\\\/\\\/www.accuratereviews.com\\\/it\\\/software-gestione-canali\\\/smoobu-recensione\\\/\",\"name\":\"Smoobu: recensione software gestione canali - Accurate Reviews\",\"isPartOf\":{\"@id\":\"https:\\\/\\\/www.accuratereviews.com\\\/it\\\/#website\"},\"primaryImageOfPage\":{\"@id\":\"https:\\\/\\\/www.accuratereviews.com\\\/it\\\/software-gestione-canali\\\/smoobu-recensione\\\/#primaryimage\"},\"image\":{\"@id\":\"https:\\\/\\\/www.accuratereviews.com\\\/it\\\/software-gestione-canali\\\/smoobu-recensione\\\/#primaryimage\"},\"thumbnailUrl\":\"https:\\\/\\\/www.accuratereviews.com\\\/wp-content\\\/uploads\\\/2023\\\/01\\\/Smoobu.png\",\"datePublished\":\"2023-01-04T17:30:01+00:00\",\"description\":\"Smoobu: recensione software channel manager che consente agli utenti di connettere la piattaforma con canali di noleggio di terze parti.\",\"breadcrumb\":{\"@id\":\"https:\\\/\\\/www.accuratereviews.com\\\/it\\\/software-gestione-canali\\\/smoobu-recensione\\\/#breadcrumb\"},\"inLanguage\":\"it-IT\",\"potentialAction\":[{\"@type\":\"ReadAction\",\"target\":[\"https:\\\/\\\/www.accuratereviews.com\\\/it\\\/software-gestione-canali\\\/smoobu-recensione\\\/\"]}]},{\"@type\":\"ImageObject\",\"inLanguage\":\"it-IT\",\"@id\":\"https:\\\/\\\/www.accuratereviews.com\\\/it\\\/software-gestione-canali\\\/smoobu-recensione\\\/#primaryimage\",\"url\":\"https:\\\/\\\/www.accuratereviews.com\\\/wp-content\\\/uploads\\\/2023\\\/01\\\/Smoobu.png\",\"contentUrl\":\"https:\\\/\\\/www.accuratereviews.com\\\/wp-content\\\/uploads\\\/2023\\\/01\\\/Smoobu.png\",\"width\":512,\"height\":512},{\"@type\":\"BreadcrumbList\",\"@id\":\"https:\\\/\\\/www.accuratereviews.com\\\/it\\\/software-gestione-canali\\\/smoobu-recensione\\\/#breadcrumb\",\"itemListElement\":[{\"@type\":\"ListItem\",\"position\":1,\"name\":\"Home\",\"item\":\"https:\\\/\\\/www.accuratereviews.com\\\/it\\\/\"},{\"@type\":\"ListItem\",\"position\":2,\"name\":\"Software per la gestione dei canali\",\"item\":\"https:\\\/\\\/www.accuratereviews.com\\\/it\\\/software-gestione-canali\\\/\"},{\"@type\":\"ListItem\",\"position\":3,\"name\":\"Smoobu\"}]},{\"@type\":\"WebSite\",\"@id\":\"https:\\\/\\\/www.accuratereviews.com\\\/it\\\/#website\",\"url\":\"https:\\\/\\\/www.accuratereviews.com\\\/it\\\/\",\"name\":\"Accurate Reviews\",\"description\":\"\",\"potentialAction\":[{\"@type\":\"SearchAction\",\"target\":{\"@type\":\"EntryPoint\",\"urlTemplate\":\"https:\\\/\\\/www.accuratereviews.com\\\/it\\\/?s={search_term_string}\"},\"query-input\":{\"@type\":\"PropertyValueSpecification\",\"valueRequired\":true,\"valueName\":\"search_term_string\"}}],\"inLanguage\":\"it-IT\"}]}<\/script>\n<!-- \/ Yoast SEO plugin. -->","yoast_head_json":{"title":"Smoobu: recensione software gestione canali - Accurate Reviews","description":"Smoobu: recensione software channel manager che consente agli utenti di connettere la piattaforma con canali di noleggio di terze parti.","robots":{"index":"index","follow":"follow","max-snippet":"max-snippet:-1","max-image-preview":"max-image-preview:large","max-video-preview":"max-video-preview:-1"},"canonical":"https:\/\/www.accuratereviews.com\/it\/software-gestione-canali\/smoobu-recensione\/","og_locale":"it_IT","og_type":"article","og_title":"Smoobu: recensione software gestione canali - Accurate Reviews","og_description":"Smoobu: recensione software channel manager che consente agli utenti di connettere la piattaforma con canali di noleggio di terze parti.","og_url":"https:\/\/www.accuratereviews.com\/it\/software-gestione-canali\/smoobu-recensione\/","og_site_name":"Accurate Reviews","og_image":[{"width":512,"height":512,"url":"https:\/\/www.accuratereviews.com\/wp-content\/uploads\/2023\/01\/Smoobu.png","type":"image\/png"}],"twitter_card":"summary_large_image","twitter_misc":{"Tempo di lettura stimato":"3 minuti"},"schema":{"@context":"https:\/\/schema.org","@graph":[{"@type":"WebPage","@id":"https:\/\/www.accuratereviews.com\/it\/software-gestione-canali\/smoobu-recensione\/","url":"https:\/\/www.accuratereviews.com\/it\/software-gestione-canali\/smoobu-recensione\/","name":"Smoobu: recensione software gestione canali - Accurate Reviews","isPartOf":{"@id":"https:\/\/www.accuratereviews.com\/it\/#website"},"primaryImageOfPage":{"@id":"https:\/\/www.accuratereviews.com\/it\/software-gestione-canali\/smoobu-recensione\/#primaryimage"},"image":{"@id":"https:\/\/www.accuratereviews.com\/it\/software-gestione-canali\/smoobu-recensione\/#primaryimage"},"thumbnailUrl":"https:\/\/www.accuratereviews.com\/wp-content\/uploads\/2023\/01\/Smoobu.png","datePublished":"2023-01-04T17:30:01+00:00","description":"Smoobu: recensione software channel manager che consente agli utenti di connettere la piattaforma con canali di noleggio di terze parti.","breadcrumb":{"@id":"https:\/\/www.accuratereviews.com\/it\/software-gestione-canali\/smoobu-recensione\/#breadcrumb"},"inLanguage":"it-IT","potentialAction":[{"@type":"ReadAction","target":["https:\/\/www.accuratereviews.com\/it\/software-gestione-canali\/smoobu-recensione\/"]}]},{"@type":"ImageObject","inLanguage":"it-IT","@id":"https:\/\/www.accuratereviews.com\/it\/software-gestione-canali\/smoobu-recensione\/#primaryimage","url":"https:\/\/www.accuratereviews.com\/wp-content\/uploads\/2023\/01\/Smoobu.png","contentUrl":"https:\/\/www.accuratereviews.com\/wp-content\/uploads\/2023\/01\/Smoobu.png","width":512,"height":512},{"@type":"BreadcrumbList","@id":"https:\/\/www.accuratereviews.com\/it\/software-gestione-canali\/smoobu-recensione\/#breadcrumb","itemListElement":[{"@type":"ListItem","position":1,"name":"Home","item":"https:\/\/www.accuratereviews.com\/it\/"},{"@type":"ListItem","position":2,"name":"Software per la gestione dei canali","item":"https:\/\/www.accuratereviews.com\/it\/software-gestione-canali\/"},{"@type":"ListItem","position":3,"name":"Smoobu"}]},{"@type":"WebSite","@id":"https:\/\/www.accuratereviews.com\/it\/#website","url":"https:\/\/www.accuratereviews.com\/it\/","name":"Accurate Reviews","description":"","potentialAction":[{"@type":"SearchAction","target":{"@type":"EntryPoint","urlTemplate":"https:\/\/www.accuratereviews.com\/it\/?s={search_term_string}"},"query-input":{"@type":"PropertyValueSpecification","valueRequired":true,"valueName":"search_term_string"}}],"inLanguage":"it-IT"}]}},"_links":{"self":[{"href":"https:\/\/www.accuratereviews.com\/it\/wp-json\/wp\/v2\/pages\/65734","targetHints":{"allow":["GET"]}}],"collection":[{"href":"https:\/\/www.accuratereviews.com\/it\/wp-json\/wp\/v2\/pages"}],"about":[{"href":"https:\/\/www.accuratereviews.com\/it\/wp-json\/wp\/v2\/types\/page"}],"author":[{"embeddable":true,"href":"https:\/\/www.accuratereviews.com\/it\/wp-json\/wp\/v2\/users\/19"}],"replies":[{"embeddable":true,"href":"https:\/\/www.accuratereviews.com\/it\/wp-json\/wp\/v2\/comments?post=65734"}],"version-history":[{"count":10,"href":"https:\/\/www.accuratereviews.com\/it\/wp-json\/wp\/v2\/pages\/65734\/revisions"}],"predecessor-version":[{"id":65786,"href":"https:\/\/www.accuratereviews.com\/it\/wp-json\/wp\/v2\/pages\/65734\/revisions\/65786"}],"up":[{"embeddable":true,"href":"https:\/\/www.accuratereviews.com\/it\/wp-json\/wp\/v2\/pages\/65711"}],"wp:featuredmedia":[{"embeddable":true,"href":"https:\/\/www.accuratereviews.com\/it\/wp-json\/wp\/v2\/media\/65737"}],"wp:attachment":[{"href":"https:\/\/www.accuratereviews.com\/it\/wp-json\/wp\/v2\/media?parent=65734"}],"wp:term":[{"taxonomy":"category","embeddable":true,"href":"https:\/\/www.accuratereviews.com\/it\/wp-json\/wp\/v2\/categories?post=65734"},{"taxonomy":"post_tag","embeddable":true,"href":"https:\/\/www.accuratereviews.com\/it\/wp-json\/wp\/v2\/tags?post=65734"},{"taxonomy":"features","embeddable":true,"href":"https:\/\/www.accuratereviews.com\/it\/wp-json\/wp\/v2\/features?post=65734"}],"curies":[{"name":"wp","href":"https:\/\/api.w.org\/{rel}","templated":true}]}}