{"id":65789,"date":"2023-01-05T17:10:29","date_gmt":"2023-01-05T17:10:29","guid":{"rendered":"https:\/\/www.accuratereviews.com\/?page_id=65789"},"modified":"2023-01-09T14:42:05","modified_gmt":"2023-01-09T14:42:05","slug":"cloudbeds-recensione","status":"publish","type":"page","link":"https:\/\/www.accuratereviews.com\/it\/software-gestione-canali\/cloudbeds-recensione\/","title":{"rendered":"Cloudbeds"},"content":{"rendered":"<p><strong>Cloudbeds<\/strong> \u00e8 una <strong>piattaforma di gestione alberghiera<\/strong> basata su <strong>cloud<\/strong> che include strumenti per la gestione di prenotazioni, disponibilit\u00e0, tariffe, <strong>canali di distribuzione<\/strong>, pagamenti, ospiti, pulizia e altro ancora.\u00a0Il modulo myfrontdesk consente agli utenti di gestire camere e prenotazioni, con un calendario drag-and-drop, assegnazioni di camere e letti, fatturazione, strumenti di contabilit\u00e0, sistema di gestione delle pulizie e schede di registrazione degli ospiti. Gli utenti possono definire politiche, commissioni e tasse personalizzate per camera o per articolo e selezionare le opzioni di pagamento da accettare. Il modulo myallocator mappa automaticamente l&#8217;inventario da <strong>Cloudbeds<\/strong> a motori di prenotazione, agenzie di viaggio online (OTA) e altri siti di distribuzione, mantenendo un pool di inventario centrale che viene aggiornato automaticamente quando viene effettuata una prenotazione, per controllare la disponibilit\u00e0 e ridurre gli overbooking. Gli utenti possono impostare prezzi specifici per canale e convertire le tariffe nella valuta desiderata.<\/p>\n<h2>CLOUDBEDS &#8211; TUTORIAL<\/h2>\n<div id=\"fluid-wrapper-counter-1\" class=\"g1-fluid-wrapper \" style=\"width:686px;\">\n<div style=\"padding-bottom:56.268221574344%;\"><iframe loading=\"lazy\" title=\"\ud83d\udd35 Cloudbeds Reservation\" width=\"686\" height=\"386\" src=\"https:\/\/www.youtube.com\/embed\/_Lg2BxbFveE?feature=oembed&amp;wmode=transparent&amp;autohide=1&amp;autoplay=0&amp;disablekb=0&amp;fs=1&amp;loop=0&amp;enablejsapi=1&amp;rel=0&amp;controls=2&amp;showinfo=0&amp;wmode=transparent&amp;autohide=2&amp;autoplay=0&amp;disablekb=0&amp;fs=1&amp;loop=0&amp;enablejsapi=1&amp;rel=0&amp;controls=2&amp;showinfo=1\" frameborder=\"0\" allow=\"accelerometer; autoplay; clipboard-write; encrypted-media; gyroscope; picture-in-picture; web-share\" allowfullscreen><\/iframe><\/div>\n<\/div>\n<h3>CLOUDBEDS &#8211; CARATTERISTICHE<\/h3>\n<ul>\n<li><strong>+300 OTA e canali di nicchia<\/strong>: pubblica la tua struttura su oltre 300 canali di prenotazione online, tra cui Booking.com, Airbnb, HostelWorld, TripAdvisor e Expedia. Scegli le migliori piattaforme di prenotazione per il tuo hotel, ostello, B&amp;B, pensione o casa vacanze.<\/li>\n<li><strong>Zero commissioni aggiunte<\/strong>: la soluzione\u00a0non addebita alcuna commissione aggiuntiva sui canali a cui ti connetti n\u00e9 sulle prenotazioni che ricevi. Prova un nuovo canale con un pubblico di nicchia e pianifica la tua strategia di distribuzione senza alcuna restrizione.<\/li>\n<li><strong>Connessioni API dirette:<\/strong> con un&#8217;API sicura e flessibile, il Channel Manager dell&#8217;hotel dispone di partnership API dirette e connessioni bidirezionali con i canali principali e altri. Sono disponibili anche i canali del calendario (connessioni iCal).<\/li>\n<li><strong>Sincronizzazione della distribuzione dei contenuti:<\/strong> sincronizza contenuti e immagini con piattaforme di prenotazione selezionate come Airbnb e Dorms.com.<\/li>\n<li><strong>Integrazione pubblicitaria con metasearch<\/strong>: connettiti ai motori di metaricerca di viaggio, come Google, che spingono i viaggiatori a prenotare direttamente sul sito web della tua struttura.<\/li>\n<li><strong>GDS<\/strong>: ottieni l&#8217;accesso ai sistemi di distribuzione globale, disponibili anche per hotel indipendenti e boutique, ostelli, B&amp;B, pensioni e altre attivit\u00e0 di ospitalit\u00e0.<\/li>\n<\/ul>\n<h4>LE RECENSIONI DEGLI UTENTI<\/h4>\n<p><strong>Arturo &#8220;Fai funzionare la tua attivit\u00e0 in un paio d&#8217;ore!&#8221;<\/strong><br \/>\n<strong>Commenti<\/strong>: Incredibile, ho ricevuto molte chiamate dai concorrenti, dico loro semplicemente che non sono interessato perch\u00e9 sono super soddisfatto di Cloudbeds. Adoro il fatto che abbia un prezzo adeguato alle dimensioni della tua attivit\u00e0.<br \/>\n<strong>Pro<\/strong>: Adoro l&#8217;interfaccia e la facilit\u00e0 d&#8217;uso, il design grafico \u00e8 fantastico, adoro la visualizzazione del calendario, \u00e8 molto facile vedere e modificare le prenotazioni, adoro questo software!<br \/>\n<strong>Contro<\/strong>: La pagina delle prenotazioni, non abbiamo quasi NESSUNA opzione per personalizzare la pagina e sembra che sia stata progettata da un ingegnere nel 1985! Ragazzi, potreste fare molto meglio in termini di design grafico e opzioni per ogni attivit\u00e0!<\/p>\n<p><strong>Jim &#8220;Sicuramente un punto di svolta per il business!&#8221;<\/strong><br \/>\n<strong>Commenti<\/strong>: Era confuso comprendere tutti i passaggi necessari per apportare modifiche e\/o una prenotazione&#8230; ad esempio per apportare modifiche, quindi fare clic su Aggiorna, quindi Applica, quindi Salva. (Processo in 3 &#8211; 4 passaggi per ottenere l&#8217;azione che desideri).<br \/>\n<strong>Pro<\/strong>: Aiuta in cos\u00ec tante aree dell&#8217;azienda che \u00e8 un tale risparmio di tempo una volta impostato e implementato.<br \/>\n<strong>Contro<\/strong>: Se sei abituato a un sistema one touch come Square o altri software, la curva di apprendimento \u00e8 sicuramente un po&#8217; pi\u00f9 lunga con questo sistema. Tanti passaggi per eseguire le attivit\u00e0 pi\u00f9 semplici.<\/p>\n<p><strong>Antonie &#8220;PMS cloud molto intuitivo ed economico&#8221;<\/strong><br \/>\n<strong>Commenti<\/strong>: Questo software \u00e8 ottimo per hotel di dimensioni medio-piccole, propriet\u00e0 pi\u00f9 grandi con servizi limitati e societ\u00e0 di affitti per le vacanze.<br \/>\n<strong>Pro<\/strong>: Super user-friendly (soprattutto perch\u00e9 ha anche la lingua tailandese) e facile da configurare. Incredibile servizio clienti (soprattutto amando la chat dal vivo &#8211; con una persona reale che risponde immediatamente). Integrazione con Zero.<br \/>\n<strong>Contro<\/strong>: Mancanza di POS e di alcuni rapporti pi\u00f9 dettagliati.<\/p>\n","protected":false},"excerpt":{"rendered":"<p>Cloudbeds \u00e8 una piattaforma di gestione alberghiera basata su cloud che include strumenti per la gestione di prenotazioni, disponibilit\u00e0, tariffe, canali di distribuzione, pagamenti, ospiti, pulizia e altro ancora.\u00a0Il modulo myfrontdesk consente agli utenti di gestire camere e prenotazioni, con un calendario drag-and-drop, assegnazioni di camere e letti, fatturazione, strumenti di contabilit\u00e0, sistema di gestione delle pulizie e schede di registrazione degli ospiti.<\/p>\n","protected":false},"author":19,"featured_media":65791,"parent":65711,"menu_order":0,"comment_status":"open","ping_status":"closed","template":"g1_template_page_review_new.php","meta":{"_acf_changed":false,"cwp_meta_box_check":"Yes","cwp_rev_product_name":"","cwp_rev_product_image":"","wppr_links":[],"cwp_rev_price":"0.00","wppr_options":[{"name":"Usability","value":"0"},{"name":"Speed","value":"0"},{"name":"Features","value":"0"},{"name":"Support","value":"0"},{"name":"Pricing","value":"0"}],"wppr_pros":["","","","",""],"wppr_cons":["","","","",""],"_monsterinsights_skip_tracking":false,"_monsterinsights_sitenote_active":false,"_monsterinsights_sitenote_note":"","_monsterinsights_sitenote_category":0,"footnotes":""},"categories":[13985],"tags":[13994,1724,14010,13991,13990,13988,13992],"features":[],"class_list":{"0":"post-65789","1":"page","2":"type-page","3":"status-publish","4":"has-post-thumbnail","6":"category-software-gestione-canali-cat","7":"tag-app-gestione-canali","8":"tag-cloudbeds","9":"tag-gestione-canali","10":"tag-piattaforma-gestione-canali","11":"tag-programma-gestione-canali","12":"tag-software-gestione-canali","13":"tag-soluzione-gestione-canali"},"wppr_data":{"cwp_meta_box_check":"Yes","_wppr_review_template":"default","cwp_rev_product_image":"","cwp_image_link":"image","wppr_links":[],"cwp_rev_price":"0.00","wppr_pros":["","","","",""],"wppr_cons":["","","","",""],"wppr_rating":"0.00","wppr_options":{"1":{"name":"Usability","value":"0"},"2":{"name":"Speed","value":"0"},"3":{"name":"Features","value":"0"},"4":{"name":"Support","value":"0"},"5":{"name":"Pricing","value":"0"}},"wppr_review_type":"Product","wppr_review_custom_fields":{"additionalProperty":"","additionalType":"","aggregateRating":"","alternateName":"","audience":"","award":"","awards":"","brand":"","color":"","depth":"","description":"","disambiguatingDescription":"","gtin12":"","gtin13":"","gtin14":"","gtin8":"","height":"","identifier":"","image":"","isAccessoryOrSparePartFor":"","isConsumableFor":"","isRelatedTo":"","isSimilarTo":"","itemCondition":"","logo":"","mainEntityOfPage":"","manufacturer":"","material":"","model":"","mpn":"","name":"","offers":"","potentialAction":"","productID":"","productionDate":"","purchaseDate":"","releaseDate":"","review":"","reviews":"","sameAs":"","sku":"","slogan":"","subjectOf":"","url":"","weight":"","width":""}},"acf":[],"yoast_head":"<!-- This site is optimized with the Yoast SEO plugin v27.4 - https:\/\/yoast.com\/product\/yoast-seo-wordpress\/ -->\n<title>Cloudbeds: recensione software gestione canali Accurate Reviews<\/title>\n<meta name=\"description\" content=\"Cloudbeds: recensione piattaforma di gestione alberghiera basata su cloud adatto per proprietari e gestori di hotel, ostelli, pensioni e bed.\" \/>\n<meta name=\"robots\" content=\"index, follow, max-snippet:-1, max-image-preview:large, max-video-preview:-1\" \/>\n<link rel=\"canonical\" href=\"https:\/\/www.accuratereviews.com\/it\/software-gestione-canali\/cloudbeds-recensione\/\" \/>\n<meta property=\"og:locale\" content=\"it_IT\" \/>\n<meta property=\"og:type\" content=\"article\" \/>\n<meta property=\"og:title\" content=\"Cloudbeds: recensione software gestione canali Accurate Reviews\" \/>\n<meta property=\"og:description\" content=\"Cloudbeds: recensione piattaforma di gestione alberghiera basata su cloud adatto per proprietari e gestori di hotel, ostelli, pensioni e bed.\" \/>\n<meta property=\"og:url\" content=\"https:\/\/www.accuratereviews.com\/it\/software-gestione-canali\/cloudbeds-recensione\/\" \/>\n<meta property=\"og:site_name\" content=\"Accurate Reviews\" \/>\n<meta property=\"article:modified_time\" content=\"2023-01-09T14:42:05+00:00\" \/>\n<meta property=\"og:image\" content=\"https:\/\/www.accuratereviews.com\/wp-content\/uploads\/2023\/01\/Cloudbeds.png\" \/>\n\t<meta property=\"og:image:width\" content=\"300\" \/>\n\t<meta property=\"og:image:height\" content=\"300\" \/>\n\t<meta property=\"og:image:type\" content=\"image\/png\" \/>\n<meta name=\"twitter:card\" content=\"summary_large_image\" \/>\n<meta name=\"twitter:label1\" content=\"Tempo di lettura stimato\" \/>\n\t<meta name=\"twitter:data1\" content=\"4 minuti\" \/>\n<script type=\"application\/ld+json\" class=\"yoast-schema-graph\">{\"@context\":\"https:\\\/\\\/schema.org\",\"@graph\":[{\"@type\":\"WebPage\",\"@id\":\"https:\\\/\\\/www.accuratereviews.com\\\/it\\\/software-gestione-canali\\\/cloudbeds-recensione\\\/\",\"url\":\"https:\\\/\\\/www.accuratereviews.com\\\/it\\\/software-gestione-canali\\\/cloudbeds-recensione\\\/\",\"name\":\"Cloudbeds: recensione software gestione canali Accurate Reviews\",\"isPartOf\":{\"@id\":\"https:\\\/\\\/www.accuratereviews.com\\\/it\\\/#website\"},\"primaryImageOfPage\":{\"@id\":\"https:\\\/\\\/www.accuratereviews.com\\\/it\\\/software-gestione-canali\\\/cloudbeds-recensione\\\/#primaryimage\"},\"image\":{\"@id\":\"https:\\\/\\\/www.accuratereviews.com\\\/it\\\/software-gestione-canali\\\/cloudbeds-recensione\\\/#primaryimage\"},\"thumbnailUrl\":\"https:\\\/\\\/www.accuratereviews.com\\\/wp-content\\\/uploads\\\/2023\\\/01\\\/Cloudbeds.png\",\"datePublished\":\"2023-01-05T17:10:29+00:00\",\"dateModified\":\"2023-01-09T14:42:05+00:00\",\"description\":\"Cloudbeds: recensione piattaforma di gestione alberghiera basata su cloud adatto per proprietari e gestori di hotel, ostelli, pensioni e bed.\",\"breadcrumb\":{\"@id\":\"https:\\\/\\\/www.accuratereviews.com\\\/it\\\/software-gestione-canali\\\/cloudbeds-recensione\\\/#breadcrumb\"},\"inLanguage\":\"it-IT\",\"potentialAction\":[{\"@type\":\"ReadAction\",\"target\":[\"https:\\\/\\\/www.accuratereviews.com\\\/it\\\/software-gestione-canali\\\/cloudbeds-recensione\\\/\"]}]},{\"@type\":\"ImageObject\",\"inLanguage\":\"it-IT\",\"@id\":\"https:\\\/\\\/www.accuratereviews.com\\\/it\\\/software-gestione-canali\\\/cloudbeds-recensione\\\/#primaryimage\",\"url\":\"https:\\\/\\\/www.accuratereviews.com\\\/wp-content\\\/uploads\\\/2023\\\/01\\\/Cloudbeds.png\",\"contentUrl\":\"https:\\\/\\\/www.accuratereviews.com\\\/wp-content\\\/uploads\\\/2023\\\/01\\\/Cloudbeds.png\",\"width\":300,\"height\":300},{\"@type\":\"BreadcrumbList\",\"@id\":\"https:\\\/\\\/www.accuratereviews.com\\\/it\\\/software-gestione-canali\\\/cloudbeds-recensione\\\/#breadcrumb\",\"itemListElement\":[{\"@type\":\"ListItem\",\"position\":1,\"name\":\"Home\",\"item\":\"https:\\\/\\\/www.accuratereviews.com\\\/it\\\/\"},{\"@type\":\"ListItem\",\"position\":2,\"name\":\"Software per la gestione dei canali\",\"item\":\"https:\\\/\\\/www.accuratereviews.com\\\/it\\\/software-gestione-canali\\\/\"},{\"@type\":\"ListItem\",\"position\":3,\"name\":\"Cloudbeds\"}]},{\"@type\":\"WebSite\",\"@id\":\"https:\\\/\\\/www.accuratereviews.com\\\/it\\\/#website\",\"url\":\"https:\\\/\\\/www.accuratereviews.com\\\/it\\\/\",\"name\":\"Accurate Reviews\",\"description\":\"\",\"potentialAction\":[{\"@type\":\"SearchAction\",\"target\":{\"@type\":\"EntryPoint\",\"urlTemplate\":\"https:\\\/\\\/www.accuratereviews.com\\\/it\\\/?s={search_term_string}\"},\"query-input\":{\"@type\":\"PropertyValueSpecification\",\"valueRequired\":true,\"valueName\":\"search_term_string\"}}],\"inLanguage\":\"it-IT\"}]}<\/script>\n<!-- \/ Yoast SEO plugin. -->","yoast_head_json":{"title":"Cloudbeds: recensione software gestione canali Accurate Reviews","description":"Cloudbeds: recensione piattaforma di gestione alberghiera basata su cloud adatto per proprietari e gestori di hotel, ostelli, pensioni e bed.","robots":{"index":"index","follow":"follow","max-snippet":"max-snippet:-1","max-image-preview":"max-image-preview:large","max-video-preview":"max-video-preview:-1"},"canonical":"https:\/\/www.accuratereviews.com\/it\/software-gestione-canali\/cloudbeds-recensione\/","og_locale":"it_IT","og_type":"article","og_title":"Cloudbeds: recensione software gestione canali Accurate Reviews","og_description":"Cloudbeds: recensione piattaforma di gestione alberghiera basata su cloud adatto per proprietari e gestori di hotel, ostelli, pensioni e bed.","og_url":"https:\/\/www.accuratereviews.com\/it\/software-gestione-canali\/cloudbeds-recensione\/","og_site_name":"Accurate Reviews","article_modified_time":"2023-01-09T14:42:05+00:00","og_image":[{"width":300,"height":300,"url":"https:\/\/www.accuratereviews.com\/wp-content\/uploads\/2023\/01\/Cloudbeds.png","type":"image\/png"}],"twitter_card":"summary_large_image","twitter_misc":{"Tempo di lettura stimato":"4 minuti"},"schema":{"@context":"https:\/\/schema.org","@graph":[{"@type":"WebPage","@id":"https:\/\/www.accuratereviews.com\/it\/software-gestione-canali\/cloudbeds-recensione\/","url":"https:\/\/www.accuratereviews.com\/it\/software-gestione-canali\/cloudbeds-recensione\/","name":"Cloudbeds: recensione software gestione canali Accurate Reviews","isPartOf":{"@id":"https:\/\/www.accuratereviews.com\/it\/#website"},"primaryImageOfPage":{"@id":"https:\/\/www.accuratereviews.com\/it\/software-gestione-canali\/cloudbeds-recensione\/#primaryimage"},"image":{"@id":"https:\/\/www.accuratereviews.com\/it\/software-gestione-canali\/cloudbeds-recensione\/#primaryimage"},"thumbnailUrl":"https:\/\/www.accuratereviews.com\/wp-content\/uploads\/2023\/01\/Cloudbeds.png","datePublished":"2023-01-05T17:10:29+00:00","dateModified":"2023-01-09T14:42:05+00:00","description":"Cloudbeds: recensione piattaforma di gestione alberghiera basata su cloud adatto per proprietari e gestori di hotel, ostelli, pensioni e bed.","breadcrumb":{"@id":"https:\/\/www.accuratereviews.com\/it\/software-gestione-canali\/cloudbeds-recensione\/#breadcrumb"},"inLanguage":"it-IT","potentialAction":[{"@type":"ReadAction","target":["https:\/\/www.accuratereviews.com\/it\/software-gestione-canali\/cloudbeds-recensione\/"]}]},{"@type":"ImageObject","inLanguage":"it-IT","@id":"https:\/\/www.accuratereviews.com\/it\/software-gestione-canali\/cloudbeds-recensione\/#primaryimage","url":"https:\/\/www.accuratereviews.com\/wp-content\/uploads\/2023\/01\/Cloudbeds.png","contentUrl":"https:\/\/www.accuratereviews.com\/wp-content\/uploads\/2023\/01\/Cloudbeds.png","width":300,"height":300},{"@type":"BreadcrumbList","@id":"https:\/\/www.accuratereviews.com\/it\/software-gestione-canali\/cloudbeds-recensione\/#breadcrumb","itemListElement":[{"@type":"ListItem","position":1,"name":"Home","item":"https:\/\/www.accuratereviews.com\/it\/"},{"@type":"ListItem","position":2,"name":"Software per la gestione dei canali","item":"https:\/\/www.accuratereviews.com\/it\/software-gestione-canali\/"},{"@type":"ListItem","position":3,"name":"Cloudbeds"}]},{"@type":"WebSite","@id":"https:\/\/www.accuratereviews.com\/it\/#website","url":"https:\/\/www.accuratereviews.com\/it\/","name":"Accurate Reviews","description":"","potentialAction":[{"@type":"SearchAction","target":{"@type":"EntryPoint","urlTemplate":"https:\/\/www.accuratereviews.com\/it\/?s={search_term_string}"},"query-input":{"@type":"PropertyValueSpecification","valueRequired":true,"valueName":"search_term_string"}}],"inLanguage":"it-IT"}]}},"_links":{"self":[{"href":"https:\/\/www.accuratereviews.com\/it\/wp-json\/wp\/v2\/pages\/65789","targetHints":{"allow":["GET"]}}],"collection":[{"href":"https:\/\/www.accuratereviews.com\/it\/wp-json\/wp\/v2\/pages"}],"about":[{"href":"https:\/\/www.accuratereviews.com\/it\/wp-json\/wp\/v2\/types\/page"}],"author":[{"embeddable":true,"href":"https:\/\/www.accuratereviews.com\/it\/wp-json\/wp\/v2\/users\/19"}],"replies":[{"embeddable":true,"href":"https:\/\/www.accuratereviews.com\/it\/wp-json\/wp\/v2\/comments?post=65789"}],"version-history":[{"count":8,"href":"https:\/\/www.accuratereviews.com\/it\/wp-json\/wp\/v2\/pages\/65789\/revisions"}],"predecessor-version":[{"id":65876,"href":"https:\/\/www.accuratereviews.com\/it\/wp-json\/wp\/v2\/pages\/65789\/revisions\/65876"}],"up":[{"embeddable":true,"href":"https:\/\/www.accuratereviews.com\/it\/wp-json\/wp\/v2\/pages\/65711"}],"wp:featuredmedia":[{"embeddable":true,"href":"https:\/\/www.accuratereviews.com\/it\/wp-json\/wp\/v2\/media\/65791"}],"wp:attachment":[{"href":"https:\/\/www.accuratereviews.com\/it\/wp-json\/wp\/v2\/media?parent=65789"}],"wp:term":[{"taxonomy":"category","embeddable":true,"href":"https:\/\/www.accuratereviews.com\/it\/wp-json\/wp\/v2\/categories?post=65789"},{"taxonomy":"post_tag","embeddable":true,"href":"https:\/\/www.accuratereviews.com\/it\/wp-json\/wp\/v2\/tags?post=65789"},{"taxonomy":"features","embeddable":true,"href":"https:\/\/www.accuratereviews.com\/it\/wp-json\/wp\/v2\/features?post=65789"}],"curies":[{"name":"wp","href":"https:\/\/api.w.org\/{rel}","templated":true}]}}