{"id":65821,"date":"2023-01-09T15:56:18","date_gmt":"2023-01-09T15:56:18","guid":{"rendered":"https:\/\/www.accuratereviews.com\/?page_id=65821"},"modified":"2023-01-09T15:56:18","modified_gmt":"2023-01-09T15:56:18","slug":"rentals-united-recensione","status":"publish","type":"page","link":"https:\/\/www.accuratereviews.com\/it\/software-gestione-canali\/rentals-united-recensione\/","title":{"rendered":"Rentals United"},"content":{"rendered":"<p><strong>Rentals United<\/strong> \u00e8 una <strong>soluzione di gestione dei canali<\/strong> basata su <strong>cloud<\/strong> per le propriet\u00e0 in affitto per le vacanze, con prenotazione online integrata, gestione delle tariffe, aggiornamenti in tempo reale e altro ancora. Funziona con una gamma di sistemi di gestione della propriet\u00e0, tra cui Vreasy, CiiRUS, 365villas e Guesty. Consente a proprietari e gestori di distribuire i loro annunci\u00a0su pi\u00f9 siti, tra cui Booking.com, Expedia, Airbnb, TripAdvisor, HomeAway, Agoda e altri. Foto, descrizioni, prezzi, disponibilit\u00e0 e prenotazioni possono essere sincronizzati automaticamente tra <strong>Rentals United<\/strong> e i canali di distribuzione.<\/p>\n<h2>RENTALS UNITED &#8211; TUTORIAL<\/h2>\n<div id=\"fluid-wrapper-counter-1\" class=\"g1-fluid-wrapper \" style=\"width:686px;\">\n<div style=\"padding-bottom:56.268221574344%;\"><iframe loading=\"lazy\" title=\"RU Data Studio | Pickup High Level\" width=\"686\" height=\"386\" src=\"https:\/\/www.youtube.com\/embed\/3iCHWAy-5Jg?feature=oembed&amp;wmode=transparent&amp;autohide=1&amp;autoplay=0&amp;disablekb=0&amp;fs=1&amp;loop=0&amp;enablejsapi=1&amp;rel=0&amp;controls=2&amp;showinfo=0&amp;wmode=transparent&amp;autohide=2&amp;autoplay=0&amp;disablekb=0&amp;fs=1&amp;loop=0&amp;enablejsapi=1&amp;rel=0&amp;controls=2&amp;showinfo=1\" frameborder=\"0\" allow=\"accelerometer; autoplay; clipboard-write; encrypted-media; gyroscope; picture-in-picture; web-share\" allowfullscreen><\/iframe><\/div>\n<\/div>\n<h3>RENTALS UNITED &#8211; CARATTERISTICHE<\/h3>\n<ul>\n<li><strong>Requisiti riguardanti il numero e le dimensioni dell&#8217;immagine<\/strong>: la soluzione\u00a0ti mostrer\u00e0 il percorso da seguire per essere accettato dalle OTA e sbloccare il pieno potenziale delle inserzioni.<\/li>\n<li><strong>Servizi OTA al 100% \/ funzionalit\u00e0 supportate<\/strong>: ogni OTA dispone di diversi servizi e caratteristiche da offrire ai viaggiatori. Il software li supporta tutti, compresa la sicurezza, l&#8217;accessibilit\u00e0 e le visite.<\/li>\n<li><strong>Sistemazione dei letti<\/strong>: gli ospiti desiderano sapere quali tipi di letti sono disponibili in ogni camera da letto del tuo alloggio. Ti permette di aggiungere facilmente tale informazione ai tuoi annunci.<\/li>\n<li><strong>Tasse e imposte<\/strong>: ricalcola la tua struttura tariffaria e fiscale per una coerenza dei prezzi al 100% tra il tuo sistema di gestione degli immobili e le OTA.<\/li>\n<li><strong>Ottieni una perfetta sincronizzazione in tempo reale:<\/strong> il sistema avanzato basato sugli eventi (event-driven architecture) garantisce che tutte le modifiche relative alla tua disponibilit\u00e0, i prezzi o le restrizioni vengano trasferite ai canali collegati in tempo reale.<\/li>\n<li><strong>Propriet\u00e0 singole o a pi\u00f9 unit\u00e0: <\/strong>supporta la distribuzione delle OTA sia per le propriet\u00e0 singole che per quelle a pi\u00f9 unit\u00e0, in modo da poter personalizzare la distribuzione in base alle tue esigenze.<\/li>\n<li><strong>Accettazione pagamenti<\/strong>: utilizza il processore di pagamento Stripe per accettare pagamenti e automatizzare la tua attivit\u00e0 di case vacanza. Non \u00e8 necessario portare con s\u00e9 un dispositivo &#8211; Fai pagare ai tuoi ospiti online con il programma. Inoltre, la soluzione \u00e8 compatibile con SCA\/PSD2.<\/li>\n<\/ul>\n<h4>LE RECENSIONI DEGLI UTENTI<\/h4>\n<p class=\"fw-bold mb-2\"><strong>Ami&#8221;Bene&#8221;<\/strong><br \/>\n<strong>Commenti<\/strong>: Buono, potrei consigliare ad altri utenti<br \/>\n<strong>Pro<\/strong>:\u00a0Abbastanza facile da configurare e utilizzare, non troppo tecnico<br \/>\n<strong>Contro<\/strong>:\u00a0L&#8217;aggiornamento dell&#8217;inventario richiede un po&#8217; di tempo<\/p>\n<p class=\"fw-bold mb-2\"><strong>Filipa&#8221;Ottimo software&#8221;<\/strong><br \/>\n<strong>Commenti<\/strong>: Con Rentals United posso avere disponibilit\u00e0 e prezzi collegati su diverse piattaforme.<br \/>\n<strong>Pro<\/strong>: Rentals United \u00e8 facile da usare ed \u00e8 un&#8217;opzione perfetta per connettersi facilmente a siti di annunci di grandi dimensioni e di nicchia. Uso da pi\u00f9 di 2 anni e non ho mai avuto problemi di overbooking! Grazie<br \/>\n<strong>Contro<\/strong>: Niente da dichiarare. Mi \u00e8 piaciuto il software<\/p>\n<p class=\"fw-bold mb-2\"><strong>Jennifer&#8221;Facile da usare!&#8221;<\/strong><br \/>\n<strong>Pro<\/strong>: \u00c8 molto facile da usare e da capire e il nostro rappresentante \u00e8 molto reattivo e disponibile.<br \/>\n<strong>Contro<\/strong>: Vorrei che ci fossero pi\u00f9 servizi tra cui scegliere in modo che pi\u00f9 dettagli vengano trasmessi alle OTA.<\/p>\n","protected":false},"excerpt":{"rendered":"<p>Rentals United \u00e8 una soluzione di gestione dei canali basata su cloud per le propriet\u00e0 in affitto per le vacanze, con prenotazione online integrata, gestione delle tariffe, aggiornamenti in tempo reale e altro ancora. Funziona con una gamma di sistemi di gestione della propriet\u00e0, tra cui Vreasy, CiiRUS, 365villas e Guesty.<\/p>\n","protected":false},"author":19,"featured_media":65836,"parent":65711,"menu_order":0,"comment_status":"open","ping_status":"closed","template":"g1_template_page_review_new.php","meta":{"_acf_changed":false,"cwp_meta_box_check":"Yes","cwp_rev_product_name":"","cwp_rev_product_image":"","wppr_links":[],"cwp_rev_price":"0.00","wppr_options":[{"name":"Usability","value":"0"},{"name":"Speed","value":"0"},{"name":"Features","value":"0"},{"name":"Support","value":"0"},{"name":"Pricing","value":"0"}],"wppr_pros":["","","","",""],"wppr_cons":["","","","",""],"_monsterinsights_skip_tracking":false,"_monsterinsights_sitenote_active":false,"_monsterinsights_sitenote_note":"","_monsterinsights_sitenote_category":0,"footnotes":""},"categories":[13985],"tags":[13994,14010,13991,13990,14011,13988,13992],"features":[],"class_list":{"0":"post-65821","1":"page","2":"type-page","3":"status-publish","4":"has-post-thumbnail","6":"category-software-gestione-canali-cat","7":"tag-app-gestione-canali","8":"tag-gestione-canali","9":"tag-piattaforma-gestione-canali","10":"tag-programma-gestione-canali","11":"tag-rentals-united","12":"tag-software-gestione-canali","13":"tag-soluzione-gestione-canali"},"wppr_data":{"cwp_meta_box_check":"Yes","_wppr_review_template":"default","cwp_rev_product_image":"","cwp_image_link":"image","wppr_links":[],"cwp_rev_price":"0.00","wppr_pros":["","","","",""],"wppr_cons":["","","","",""],"wppr_rating":"0.00","wppr_options":{"1":{"name":"Usability","value":"0"},"2":{"name":"Speed","value":"0"},"3":{"name":"Features","value":"0"},"4":{"name":"Support","value":"0"},"5":{"name":"Pricing","value":"0"}},"wppr_review_type":"Product","wppr_review_custom_fields":{"additionalProperty":"","additionalType":"","aggregateRating":"","alternateName":"","audience":"","award":"","awards":"","brand":"","color":"","depth":"","description":"","disambiguatingDescription":"","gtin12":"","gtin13":"","gtin14":"","gtin8":"","height":"","identifier":"","image":"","isAccessoryOrSparePartFor":"","isConsumableFor":"","isRelatedTo":"","isSimilarTo":"","itemCondition":"","logo":"","mainEntityOfPage":"","manufacturer":"","material":"","model":"","mpn":"","name":"","offers":"","potentialAction":"","productID":"","productionDate":"","purchaseDate":"","releaseDate":"","review":"","reviews":"","sameAs":"","sku":"","slogan":"","subjectOf":"","url":"","weight":"","width":""}},"acf":[],"yoast_head":"<!-- This site is optimized with the Yoast SEO plugin v27.4 - https:\/\/yoast.com\/product\/yoast-seo-wordpress\/ -->\n<title>Rentals United: recensione software gestione canali<\/title>\n<meta name=\"description\" content=\"Rentals United: recensione soluzione di gestione dei canali basata su cloud per le propriet\u00e0 in affitto per le vacanze,\" \/>\n<meta name=\"robots\" content=\"index, follow, max-snippet:-1, max-image-preview:large, max-video-preview:-1\" \/>\n<link rel=\"canonical\" href=\"https:\/\/www.accuratereviews.com\/it\/software-gestione-canali\/rentals-united-recensione\/\" \/>\n<meta property=\"og:locale\" content=\"it_IT\" \/>\n<meta property=\"og:type\" content=\"article\" \/>\n<meta property=\"og:title\" content=\"Rentals United: recensione software gestione canali\" \/>\n<meta property=\"og:description\" content=\"Rentals United: recensione soluzione di gestione dei canali basata su cloud per le propriet\u00e0 in affitto per le vacanze,\" \/>\n<meta property=\"og:url\" content=\"https:\/\/www.accuratereviews.com\/it\/software-gestione-canali\/rentals-united-recensione\/\" \/>\n<meta property=\"og:site_name\" content=\"Accurate Reviews\" \/>\n<meta property=\"og:image\" content=\"https:\/\/www.accuratereviews.com\/wp-content\/uploads\/2023\/01\/rentalsunited.jpeg\" \/>\n\t<meta property=\"og:image:width\" content=\"900\" \/>\n\t<meta property=\"og:image:height\" content=\"900\" \/>\n\t<meta property=\"og:image:type\" content=\"image\/jpeg\" \/>\n<meta name=\"twitter:card\" content=\"summary_large_image\" \/>\n<meta name=\"twitter:label1\" content=\"Tempo di lettura stimato\" \/>\n\t<meta name=\"twitter:data1\" content=\"3 minuti\" \/>\n<script type=\"application\/ld+json\" class=\"yoast-schema-graph\">{\"@context\":\"https:\\\/\\\/schema.org\",\"@graph\":[{\"@type\":\"WebPage\",\"@id\":\"https:\\\/\\\/www.accuratereviews.com\\\/it\\\/software-gestione-canali\\\/rentals-united-recensione\\\/\",\"url\":\"https:\\\/\\\/www.accuratereviews.com\\\/it\\\/software-gestione-canali\\\/rentals-united-recensione\\\/\",\"name\":\"Rentals United: recensione software gestione canali\",\"isPartOf\":{\"@id\":\"https:\\\/\\\/www.accuratereviews.com\\\/it\\\/#website\"},\"primaryImageOfPage\":{\"@id\":\"https:\\\/\\\/www.accuratereviews.com\\\/it\\\/software-gestione-canali\\\/rentals-united-recensione\\\/#primaryimage\"},\"image\":{\"@id\":\"https:\\\/\\\/www.accuratereviews.com\\\/it\\\/software-gestione-canali\\\/rentals-united-recensione\\\/#primaryimage\"},\"thumbnailUrl\":\"https:\\\/\\\/www.accuratereviews.com\\\/wp-content\\\/uploads\\\/2023\\\/01\\\/rentalsunited.jpeg\",\"datePublished\":\"2023-01-09T15:56:18+00:00\",\"description\":\"Rentals United: recensione soluzione di gestione dei canali basata su cloud per le propriet\u00e0 in affitto per le vacanze,\",\"breadcrumb\":{\"@id\":\"https:\\\/\\\/www.accuratereviews.com\\\/it\\\/software-gestione-canali\\\/rentals-united-recensione\\\/#breadcrumb\"},\"inLanguage\":\"it-IT\",\"potentialAction\":[{\"@type\":\"ReadAction\",\"target\":[\"https:\\\/\\\/www.accuratereviews.com\\\/it\\\/software-gestione-canali\\\/rentals-united-recensione\\\/\"]}]},{\"@type\":\"ImageObject\",\"inLanguage\":\"it-IT\",\"@id\":\"https:\\\/\\\/www.accuratereviews.com\\\/it\\\/software-gestione-canali\\\/rentals-united-recensione\\\/#primaryimage\",\"url\":\"https:\\\/\\\/www.accuratereviews.com\\\/wp-content\\\/uploads\\\/2023\\\/01\\\/rentalsunited.jpeg\",\"contentUrl\":\"https:\\\/\\\/www.accuratereviews.com\\\/wp-content\\\/uploads\\\/2023\\\/01\\\/rentalsunited.jpeg\",\"width\":900,\"height\":900},{\"@type\":\"BreadcrumbList\",\"@id\":\"https:\\\/\\\/www.accuratereviews.com\\\/it\\\/software-gestione-canali\\\/rentals-united-recensione\\\/#breadcrumb\",\"itemListElement\":[{\"@type\":\"ListItem\",\"position\":1,\"name\":\"Home\",\"item\":\"https:\\\/\\\/www.accuratereviews.com\\\/it\\\/\"},{\"@type\":\"ListItem\",\"position\":2,\"name\":\"Software per la gestione dei canali\",\"item\":\"https:\\\/\\\/www.accuratereviews.com\\\/it\\\/software-gestione-canali\\\/\"},{\"@type\":\"ListItem\",\"position\":3,\"name\":\"Rentals United\"}]},{\"@type\":\"WebSite\",\"@id\":\"https:\\\/\\\/www.accuratereviews.com\\\/it\\\/#website\",\"url\":\"https:\\\/\\\/www.accuratereviews.com\\\/it\\\/\",\"name\":\"Accurate Reviews\",\"description\":\"\",\"potentialAction\":[{\"@type\":\"SearchAction\",\"target\":{\"@type\":\"EntryPoint\",\"urlTemplate\":\"https:\\\/\\\/www.accuratereviews.com\\\/it\\\/?s={search_term_string}\"},\"query-input\":{\"@type\":\"PropertyValueSpecification\",\"valueRequired\":true,\"valueName\":\"search_term_string\"}}],\"inLanguage\":\"it-IT\"}]}<\/script>\n<!-- \/ Yoast SEO plugin. -->","yoast_head_json":{"title":"Rentals United: recensione software gestione canali","description":"Rentals United: recensione soluzione di gestione dei canali basata su cloud per le propriet\u00e0 in affitto per le vacanze,","robots":{"index":"index","follow":"follow","max-snippet":"max-snippet:-1","max-image-preview":"max-image-preview:large","max-video-preview":"max-video-preview:-1"},"canonical":"https:\/\/www.accuratereviews.com\/it\/software-gestione-canali\/rentals-united-recensione\/","og_locale":"it_IT","og_type":"article","og_title":"Rentals United: recensione software gestione canali","og_description":"Rentals United: recensione soluzione di gestione dei canali basata su cloud per le propriet\u00e0 in affitto per le vacanze,","og_url":"https:\/\/www.accuratereviews.com\/it\/software-gestione-canali\/rentals-united-recensione\/","og_site_name":"Accurate Reviews","og_image":[{"width":900,"height":900,"url":"https:\/\/www.accuratereviews.com\/wp-content\/uploads\/2023\/01\/rentalsunited.jpeg","type":"image\/jpeg"}],"twitter_card":"summary_large_image","twitter_misc":{"Tempo di lettura stimato":"3 minuti"},"schema":{"@context":"https:\/\/schema.org","@graph":[{"@type":"WebPage","@id":"https:\/\/www.accuratereviews.com\/it\/software-gestione-canali\/rentals-united-recensione\/","url":"https:\/\/www.accuratereviews.com\/it\/software-gestione-canali\/rentals-united-recensione\/","name":"Rentals United: recensione software gestione canali","isPartOf":{"@id":"https:\/\/www.accuratereviews.com\/it\/#website"},"primaryImageOfPage":{"@id":"https:\/\/www.accuratereviews.com\/it\/software-gestione-canali\/rentals-united-recensione\/#primaryimage"},"image":{"@id":"https:\/\/www.accuratereviews.com\/it\/software-gestione-canali\/rentals-united-recensione\/#primaryimage"},"thumbnailUrl":"https:\/\/www.accuratereviews.com\/wp-content\/uploads\/2023\/01\/rentalsunited.jpeg","datePublished":"2023-01-09T15:56:18+00:00","description":"Rentals United: recensione soluzione di gestione dei canali basata su cloud per le propriet\u00e0 in affitto per le vacanze,","breadcrumb":{"@id":"https:\/\/www.accuratereviews.com\/it\/software-gestione-canali\/rentals-united-recensione\/#breadcrumb"},"inLanguage":"it-IT","potentialAction":[{"@type":"ReadAction","target":["https:\/\/www.accuratereviews.com\/it\/software-gestione-canali\/rentals-united-recensione\/"]}]},{"@type":"ImageObject","inLanguage":"it-IT","@id":"https:\/\/www.accuratereviews.com\/it\/software-gestione-canali\/rentals-united-recensione\/#primaryimage","url":"https:\/\/www.accuratereviews.com\/wp-content\/uploads\/2023\/01\/rentalsunited.jpeg","contentUrl":"https:\/\/www.accuratereviews.com\/wp-content\/uploads\/2023\/01\/rentalsunited.jpeg","width":900,"height":900},{"@type":"BreadcrumbList","@id":"https:\/\/www.accuratereviews.com\/it\/software-gestione-canali\/rentals-united-recensione\/#breadcrumb","itemListElement":[{"@type":"ListItem","position":1,"name":"Home","item":"https:\/\/www.accuratereviews.com\/it\/"},{"@type":"ListItem","position":2,"name":"Software per la gestione dei canali","item":"https:\/\/www.accuratereviews.com\/it\/software-gestione-canali\/"},{"@type":"ListItem","position":3,"name":"Rentals United"}]},{"@type":"WebSite","@id":"https:\/\/www.accuratereviews.com\/it\/#website","url":"https:\/\/www.accuratereviews.com\/it\/","name":"Accurate Reviews","description":"","potentialAction":[{"@type":"SearchAction","target":{"@type":"EntryPoint","urlTemplate":"https:\/\/www.accuratereviews.com\/it\/?s={search_term_string}"},"query-input":{"@type":"PropertyValueSpecification","valueRequired":true,"valueName":"search_term_string"}}],"inLanguage":"it-IT"}]}},"_links":{"self":[{"href":"https:\/\/www.accuratereviews.com\/it\/wp-json\/wp\/v2\/pages\/65821","targetHints":{"allow":["GET"]}}],"collection":[{"href":"https:\/\/www.accuratereviews.com\/it\/wp-json\/wp\/v2\/pages"}],"about":[{"href":"https:\/\/www.accuratereviews.com\/it\/wp-json\/wp\/v2\/types\/page"}],"author":[{"embeddable":true,"href":"https:\/\/www.accuratereviews.com\/it\/wp-json\/wp\/v2\/users\/19"}],"replies":[{"embeddable":true,"href":"https:\/\/www.accuratereviews.com\/it\/wp-json\/wp\/v2\/comments?post=65821"}],"version-history":[{"count":11,"href":"https:\/\/www.accuratereviews.com\/it\/wp-json\/wp\/v2\/pages\/65821\/revisions"}],"predecessor-version":[{"id":65883,"href":"https:\/\/www.accuratereviews.com\/it\/wp-json\/wp\/v2\/pages\/65821\/revisions\/65883"}],"up":[{"embeddable":true,"href":"https:\/\/www.accuratereviews.com\/it\/wp-json\/wp\/v2\/pages\/65711"}],"wp:featuredmedia":[{"embeddable":true,"href":"https:\/\/www.accuratereviews.com\/it\/wp-json\/wp\/v2\/media\/65836"}],"wp:attachment":[{"href":"https:\/\/www.accuratereviews.com\/it\/wp-json\/wp\/v2\/media?parent=65821"}],"wp:term":[{"taxonomy":"category","embeddable":true,"href":"https:\/\/www.accuratereviews.com\/it\/wp-json\/wp\/v2\/categories?post=65821"},{"taxonomy":"post_tag","embeddable":true,"href":"https:\/\/www.accuratereviews.com\/it\/wp-json\/wp\/v2\/tags?post=65821"},{"taxonomy":"features","embeddable":true,"href":"https:\/\/www.accuratereviews.com\/it\/wp-json\/wp\/v2\/features?post=65821"}],"curies":[{"name":"wp","href":"https:\/\/api.w.org\/{rel}","templated":true}]}}