{"id":65823,"date":"2023-01-09T15:57:15","date_gmt":"2023-01-09T15:57:15","guid":{"rendered":"https:\/\/www.accuratereviews.com\/?page_id=65823"},"modified":"2023-01-09T15:57:15","modified_gmt":"2023-01-09T15:57:15","slug":"avaibook-recensione","status":"publish","type":"page","link":"https:\/\/www.accuratereviews.com\/it\/software-gestione-canali\/avaibook-recensione\/","title":{"rendered":"Avaibook"},"content":{"rendered":"<p><strong>Avaibook<\/strong> \u00e8 un software online per case vacanze che aiuta i gestori di propriet\u00e0 e affittacamere ad automatizzare la loro attivit\u00e0. Con questo programma puoi gestire le tue prenotazioni e i prezzi in un unico posto.\u00a0Puoi definire prezzi diversi per OTA, aumentare o diminuire le tue tariffe come desideri. Puoi facilmente integrare il motore di prenotazione di case vacanza con qualsiasi sito web che utilizzi o su qualsiasi pagina Facebook o Instagram, basta copiare e incollare un widget o installare il plugin relativo. Definisci, imposta ed effettua incassi, anticipi, rimborsi&#8230; le regole che vuoi attraverso il nostro POS online integrato, con validazione dei dati della carta.<\/p>\n<h2>AVAIBOOK &#8211; TUTORIAL<\/h2>\n<div id=\"fluid-wrapper-counter-1\" class=\"g1-fluid-wrapper \" style=\"width:686px;\">\n<div style=\"padding-bottom:56.268221574344%;\"><iframe loading=\"lazy\" title=\"Tutorial: Link o Iframe per la pagina web\" width=\"686\" height=\"386\" src=\"https:\/\/www.youtube.com\/embed\/Z5dGAVf10ps?feature=oembed&amp;wmode=transparent&amp;autohide=1&amp;autoplay=0&amp;disablekb=0&amp;fs=1&amp;loop=0&amp;enablejsapi=1&amp;rel=0&amp;controls=2&amp;showinfo=0&amp;wmode=transparent&amp;autohide=2&amp;autoplay=0&amp;disablekb=0&amp;fs=1&amp;loop=0&amp;enablejsapi=1&amp;rel=0&amp;controls=2&amp;showinfo=1\" frameborder=\"0\" allow=\"accelerometer; autoplay; clipboard-write; encrypted-media; gyroscope; picture-in-picture; web-share\" allowfullscreen><\/iframe><\/div>\n<\/div>\n<h3>AVAIBOOK &#8211; CARATTERISTICHE<\/h3>\n<ul>\n<li>Pubblica i tuoi annunci sui principali portali turistici con un solo <i>click<\/i>, aumenta la tua visibilit\u00e1 e le tue prenotazioni. Mantieni tutti i tuoi annunci aggiornati e sincronizzati da un unico posto, in maniera bidirezionale e immediata.<\/li>\n<li>Qualsiasi modifica nel tuo calendario, come l\u2019inserimento di una prenotazione manuale, la chiusura di alcune date, verr\u00e1 immediatamente ed automaticamente aggiornato su tutti i portali sincrorizzati e viceversa, dimentica di farlo manualmente, le prenotazioni arrivano in qualsiasi momento<\/li>\n<li>Scarica automaticamente tutte le prenotazioni che riceverai da ogni portale. Gestendo cosi tutto da un\u2019unica piattaforma e da un unico calendario.<\/li>\n<li>Sistema di messaggistica integrato e centralizzato.<\/li>\n<li>Il\u00a0sistema della gestione dei pagamenti \u00e8 completamente integrato e permette di riscuotere il saldo delle tue prenotazioni in totale sicurezza.<\/li>\n<li>I dati delle carte dei viaggiatori saranno convalidati automaticamente.<\/li>\n<li>Potrai applicare una politica per la gestione dei tuoi pagamenti diversa per ogni canale.<\/li>\n<li>Incassi, rimborsi\u00a0o preautorizza\u00a0un pagamento in modo manuale o programmato.<\/li>\n<li>Differenziati dalla concorrenza. Fai immergere i tuoi potenziali ospiti in una nuova esperienza con una visita virtuale alla scoperta dei tuoi alloggi.<\/li>\n<\/ul>\n<h4>LE RECENSIONI DEGLI UTENTI<\/h4>\n<p><strong>Alessio &#8220;Ottimo prodotto&#8221;<\/strong><br \/>\n<strong>Commenti<\/strong>: Il prodotto \u00e8 veramente fantastico, con qualche miglioria pu\u00f2 competere con i gestionali pi\u00f9 utilizzati. Comunque lo riprenderei subito<br \/>\n<strong>Pro<\/strong>: Prodotto intuitivo con un ottimo rapporto qualit\u00e0\/prezzo.<br \/>\n<strong>Contro<\/strong>: Dovrebbe dare la possibilit\u00e0 di chiudere un incasso in contanti e non solo con carta di credito. Possibilit\u00e0 di accettare pagamenti PayPal. Un\u2019App dedicata e non dover ogni volta fare un accesso internet tramite dispositivo mobile. La possibilit\u00e0 di avere lo Smart prices dinamico, cio\u00e8 che si aggiorna in automatico anche se credi ci stiate lavorando.<\/p>\n<p><strong>Lorena &#8220;Perfetto&#8221;<\/strong><br \/>\n<strong>Pro<\/strong>: Versatilit\u00e0 e facilit\u00e0 di utilizzo<br \/>\n<strong>Contro<\/strong>: Mancanza della tariffa su planner<\/p>\n<p><strong>Cesare &#8220;Ottimo software&#8221;<\/strong><br \/>\n<strong>Pro<\/strong>: Il processo di configurazione iniziale, la disponibilit\u00e0 del personale e la facilit\u00e0 di utilizzo. Ho potuto connettere tutti i canali di vendita online e gestsco benissimo il checkin.<br \/>\n<strong>Contro<\/strong>: Mancherebbe una APP anche se la versione mobile e utilizzabile<\/p>\n","protected":false},"excerpt":{"rendered":"<p>Avaibook \u00e8 un software online per case vacanze che aiuta i gestori di propriet\u00e0 e affittacamere ad automatizzare la loro attivit\u00e0. Con questo programma puoi gestire le tue prenotazioni e i prezzi in un unico posto.\u00a0Puoi definire prezzi diversi per OTA, aumentare o diminuire le tue tariffe come desideri.<\/p>\n","protected":false},"author":19,"featured_media":65867,"parent":65711,"menu_order":0,"comment_status":"open","ping_status":"closed","template":"g1_template_page_review_new.php","meta":{"_acf_changed":false,"cwp_meta_box_check":"Yes","cwp_rev_product_name":"","cwp_rev_product_image":"","wppr_links":[],"cwp_rev_price":"0.00","wppr_options":[{"name":"Usability","value":"0"},{"name":"Speed","value":"0"},{"name":"Features","value":"0"},{"name":"Support","value":"0"},{"name":"Pricing","value":"0"}],"wppr_pros":["","","","",""],"wppr_cons":["","","","",""],"_monsterinsights_skip_tracking":false,"_monsterinsights_sitenote_active":false,"_monsterinsights_sitenote_note":"","_monsterinsights_sitenote_category":0,"footnotes":""},"categories":[13985],"tags":[13994,14012,13991,13990,13988,13992],"features":[],"class_list":{"0":"post-65823","1":"page","2":"type-page","3":"status-publish","4":"has-post-thumbnail","6":"category-software-gestione-canali-cat","7":"tag-app-gestione-canali","8":"tag-avaibook","9":"tag-piattaforma-gestione-canali","10":"tag-programma-gestione-canali","11":"tag-software-gestione-canali","12":"tag-soluzione-gestione-canali"},"wppr_data":{"cwp_meta_box_check":"Yes","_wppr_review_template":"default","cwp_rev_product_image":"","cwp_image_link":"image","wppr_links":[],"cwp_rev_price":"0.00","wppr_pros":["","","","",""],"wppr_cons":["","","","",""],"wppr_rating":"0.00","wppr_options":{"1":{"name":"Usability","value":"0"},"2":{"name":"Speed","value":"0"},"3":{"name":"Features","value":"0"},"4":{"name":"Support","value":"0"},"5":{"name":"Pricing","value":"0"}},"wppr_review_type":"Product","wppr_review_custom_fields":{"additionalProperty":"","additionalType":"","aggregateRating":"","alternateName":"","audience":"","award":"","awards":"","brand":"","color":"","depth":"","description":"","disambiguatingDescription":"","gtin12":"","gtin13":"","gtin14":"","gtin8":"","height":"","identifier":"","image":"","isAccessoryOrSparePartFor":"","isConsumableFor":"","isRelatedTo":"","isSimilarTo":"","itemCondition":"","logo":"","mainEntityOfPage":"","manufacturer":"","material":"","model":"","mpn":"","name":"","offers":"","potentialAction":"","productID":"","productionDate":"","purchaseDate":"","releaseDate":"","review":"","reviews":"","sameAs":"","sku":"","slogan":"","subjectOf":"","url":"","weight":"","width":""}},"acf":[],"yoast_head":"<!-- This site is optimized with the Yoast SEO plugin v27.4 - https:\/\/yoast.com\/product\/yoast-seo-wordpress\/ -->\n<title>Avaibook: recensione software gestione canali - Accurate Reviews<\/title>\n<meta name=\"description\" content=\"Avaibook: recensione software online per case vacanze che aiuta i gestori di propriet\u00e0 e affittacamere ad automatizzare la loro attivit\u00e0.\" \/>\n<meta name=\"robots\" content=\"index, follow, max-snippet:-1, max-image-preview:large, max-video-preview:-1\" \/>\n<link rel=\"canonical\" href=\"https:\/\/www.accuratereviews.com\/it\/software-gestione-canali\/avaibook-recensione\/\" \/>\n<meta property=\"og:locale\" content=\"it_IT\" \/>\n<meta property=\"og:type\" content=\"article\" \/>\n<meta property=\"og:title\" content=\"Avaibook: recensione software gestione canali - Accurate Reviews\" \/>\n<meta property=\"og:description\" content=\"Avaibook: recensione software online per case vacanze che aiuta i gestori di propriet\u00e0 e affittacamere ad automatizzare la loro attivit\u00e0.\" \/>\n<meta property=\"og:url\" content=\"https:\/\/www.accuratereviews.com\/it\/software-gestione-canali\/avaibook-recensione\/\" \/>\n<meta property=\"og:site_name\" content=\"Accurate Reviews\" \/>\n<meta property=\"og:image\" content=\"https:\/\/www.accuratereviews.com\/wp-content\/uploads\/2023\/01\/Avaibook.png\" \/>\n\t<meta property=\"og:image:width\" content=\"225\" \/>\n\t<meta property=\"og:image:height\" content=\"225\" \/>\n\t<meta property=\"og:image:type\" content=\"image\/png\" \/>\n<meta name=\"twitter:card\" content=\"summary_large_image\" \/>\n<meta name=\"twitter:label1\" content=\"Tempo di lettura stimato\" \/>\n\t<meta name=\"twitter:data1\" content=\"3 minuti\" \/>\n<script type=\"application\/ld+json\" class=\"yoast-schema-graph\">{\"@context\":\"https:\\\/\\\/schema.org\",\"@graph\":[{\"@type\":\"WebPage\",\"@id\":\"https:\\\/\\\/www.accuratereviews.com\\\/it\\\/software-gestione-canali\\\/avaibook-recensione\\\/\",\"url\":\"https:\\\/\\\/www.accuratereviews.com\\\/it\\\/software-gestione-canali\\\/avaibook-recensione\\\/\",\"name\":\"Avaibook: recensione software gestione canali - Accurate Reviews\",\"isPartOf\":{\"@id\":\"https:\\\/\\\/www.accuratereviews.com\\\/it\\\/#website\"},\"primaryImageOfPage\":{\"@id\":\"https:\\\/\\\/www.accuratereviews.com\\\/it\\\/software-gestione-canali\\\/avaibook-recensione\\\/#primaryimage\"},\"image\":{\"@id\":\"https:\\\/\\\/www.accuratereviews.com\\\/it\\\/software-gestione-canali\\\/avaibook-recensione\\\/#primaryimage\"},\"thumbnailUrl\":\"https:\\\/\\\/www.accuratereviews.com\\\/wp-content\\\/uploads\\\/2023\\\/01\\\/Avaibook.png\",\"datePublished\":\"2023-01-09T15:57:15+00:00\",\"description\":\"Avaibook: recensione software online per case vacanze che aiuta i gestori di propriet\u00e0 e affittacamere ad automatizzare la loro attivit\u00e0.\",\"breadcrumb\":{\"@id\":\"https:\\\/\\\/www.accuratereviews.com\\\/it\\\/software-gestione-canali\\\/avaibook-recensione\\\/#breadcrumb\"},\"inLanguage\":\"it-IT\",\"potentialAction\":[{\"@type\":\"ReadAction\",\"target\":[\"https:\\\/\\\/www.accuratereviews.com\\\/it\\\/software-gestione-canali\\\/avaibook-recensione\\\/\"]}]},{\"@type\":\"ImageObject\",\"inLanguage\":\"it-IT\",\"@id\":\"https:\\\/\\\/www.accuratereviews.com\\\/it\\\/software-gestione-canali\\\/avaibook-recensione\\\/#primaryimage\",\"url\":\"https:\\\/\\\/www.accuratereviews.com\\\/wp-content\\\/uploads\\\/2023\\\/01\\\/Avaibook.png\",\"contentUrl\":\"https:\\\/\\\/www.accuratereviews.com\\\/wp-content\\\/uploads\\\/2023\\\/01\\\/Avaibook.png\",\"width\":225,\"height\":225},{\"@type\":\"BreadcrumbList\",\"@id\":\"https:\\\/\\\/www.accuratereviews.com\\\/it\\\/software-gestione-canali\\\/avaibook-recensione\\\/#breadcrumb\",\"itemListElement\":[{\"@type\":\"ListItem\",\"position\":1,\"name\":\"Home\",\"item\":\"https:\\\/\\\/www.accuratereviews.com\\\/it\\\/\"},{\"@type\":\"ListItem\",\"position\":2,\"name\":\"Software per la gestione dei canali\",\"item\":\"https:\\\/\\\/www.accuratereviews.com\\\/it\\\/software-gestione-canali\\\/\"},{\"@type\":\"ListItem\",\"position\":3,\"name\":\"Avaibook\"}]},{\"@type\":\"WebSite\",\"@id\":\"https:\\\/\\\/www.accuratereviews.com\\\/it\\\/#website\",\"url\":\"https:\\\/\\\/www.accuratereviews.com\\\/it\\\/\",\"name\":\"Accurate Reviews\",\"description\":\"\",\"potentialAction\":[{\"@type\":\"SearchAction\",\"target\":{\"@type\":\"EntryPoint\",\"urlTemplate\":\"https:\\\/\\\/www.accuratereviews.com\\\/it\\\/?s={search_term_string}\"},\"query-input\":{\"@type\":\"PropertyValueSpecification\",\"valueRequired\":true,\"valueName\":\"search_term_string\"}}],\"inLanguage\":\"it-IT\"}]}<\/script>\n<!-- \/ Yoast SEO plugin. -->","yoast_head_json":{"title":"Avaibook: recensione software gestione canali - Accurate Reviews","description":"Avaibook: recensione software online per case vacanze che aiuta i gestori di propriet\u00e0 e affittacamere ad automatizzare la loro attivit\u00e0.","robots":{"index":"index","follow":"follow","max-snippet":"max-snippet:-1","max-image-preview":"max-image-preview:large","max-video-preview":"max-video-preview:-1"},"canonical":"https:\/\/www.accuratereviews.com\/it\/software-gestione-canali\/avaibook-recensione\/","og_locale":"it_IT","og_type":"article","og_title":"Avaibook: recensione software gestione canali - Accurate Reviews","og_description":"Avaibook: recensione software online per case vacanze che aiuta i gestori di propriet\u00e0 e affittacamere ad automatizzare la loro attivit\u00e0.","og_url":"https:\/\/www.accuratereviews.com\/it\/software-gestione-canali\/avaibook-recensione\/","og_site_name":"Accurate Reviews","og_image":[{"width":225,"height":225,"url":"https:\/\/www.accuratereviews.com\/wp-content\/uploads\/2023\/01\/Avaibook.png","type":"image\/png"}],"twitter_card":"summary_large_image","twitter_misc":{"Tempo di lettura stimato":"3 minuti"},"schema":{"@context":"https:\/\/schema.org","@graph":[{"@type":"WebPage","@id":"https:\/\/www.accuratereviews.com\/it\/software-gestione-canali\/avaibook-recensione\/","url":"https:\/\/www.accuratereviews.com\/it\/software-gestione-canali\/avaibook-recensione\/","name":"Avaibook: recensione software gestione canali - Accurate Reviews","isPartOf":{"@id":"https:\/\/www.accuratereviews.com\/it\/#website"},"primaryImageOfPage":{"@id":"https:\/\/www.accuratereviews.com\/it\/software-gestione-canali\/avaibook-recensione\/#primaryimage"},"image":{"@id":"https:\/\/www.accuratereviews.com\/it\/software-gestione-canali\/avaibook-recensione\/#primaryimage"},"thumbnailUrl":"https:\/\/www.accuratereviews.com\/wp-content\/uploads\/2023\/01\/Avaibook.png","datePublished":"2023-01-09T15:57:15+00:00","description":"Avaibook: recensione software online per case vacanze che aiuta i gestori di propriet\u00e0 e affittacamere ad automatizzare la loro attivit\u00e0.","breadcrumb":{"@id":"https:\/\/www.accuratereviews.com\/it\/software-gestione-canali\/avaibook-recensione\/#breadcrumb"},"inLanguage":"it-IT","potentialAction":[{"@type":"ReadAction","target":["https:\/\/www.accuratereviews.com\/it\/software-gestione-canali\/avaibook-recensione\/"]}]},{"@type":"ImageObject","inLanguage":"it-IT","@id":"https:\/\/www.accuratereviews.com\/it\/software-gestione-canali\/avaibook-recensione\/#primaryimage","url":"https:\/\/www.accuratereviews.com\/wp-content\/uploads\/2023\/01\/Avaibook.png","contentUrl":"https:\/\/www.accuratereviews.com\/wp-content\/uploads\/2023\/01\/Avaibook.png","width":225,"height":225},{"@type":"BreadcrumbList","@id":"https:\/\/www.accuratereviews.com\/it\/software-gestione-canali\/avaibook-recensione\/#breadcrumb","itemListElement":[{"@type":"ListItem","position":1,"name":"Home","item":"https:\/\/www.accuratereviews.com\/it\/"},{"@type":"ListItem","position":2,"name":"Software per la gestione dei canali","item":"https:\/\/www.accuratereviews.com\/it\/software-gestione-canali\/"},{"@type":"ListItem","position":3,"name":"Avaibook"}]},{"@type":"WebSite","@id":"https:\/\/www.accuratereviews.com\/it\/#website","url":"https:\/\/www.accuratereviews.com\/it\/","name":"Accurate Reviews","description":"","potentialAction":[{"@type":"SearchAction","target":{"@type":"EntryPoint","urlTemplate":"https:\/\/www.accuratereviews.com\/it\/?s={search_term_string}"},"query-input":{"@type":"PropertyValueSpecification","valueRequired":true,"valueName":"search_term_string"}}],"inLanguage":"it-IT"}]}},"_links":{"self":[{"href":"https:\/\/www.accuratereviews.com\/it\/wp-json\/wp\/v2\/pages\/65823","targetHints":{"allow":["GET"]}}],"collection":[{"href":"https:\/\/www.accuratereviews.com\/it\/wp-json\/wp\/v2\/pages"}],"about":[{"href":"https:\/\/www.accuratereviews.com\/it\/wp-json\/wp\/v2\/types\/page"}],"author":[{"embeddable":true,"href":"https:\/\/www.accuratereviews.com\/it\/wp-json\/wp\/v2\/users\/19"}],"replies":[{"embeddable":true,"href":"https:\/\/www.accuratereviews.com\/it\/wp-json\/wp\/v2\/comments?post=65823"}],"version-history":[{"count":9,"href":"https:\/\/www.accuratereviews.com\/it\/wp-json\/wp\/v2\/pages\/65823\/revisions"}],"predecessor-version":[{"id":65885,"href":"https:\/\/www.accuratereviews.com\/it\/wp-json\/wp\/v2\/pages\/65823\/revisions\/65885"}],"up":[{"embeddable":true,"href":"https:\/\/www.accuratereviews.com\/it\/wp-json\/wp\/v2\/pages\/65711"}],"wp:featuredmedia":[{"embeddable":true,"href":"https:\/\/www.accuratereviews.com\/it\/wp-json\/wp\/v2\/media\/65867"}],"wp:attachment":[{"href":"https:\/\/www.accuratereviews.com\/it\/wp-json\/wp\/v2\/media?parent=65823"}],"wp:term":[{"taxonomy":"category","embeddable":true,"href":"https:\/\/www.accuratereviews.com\/it\/wp-json\/wp\/v2\/categories?post=65823"},{"taxonomy":"post_tag","embeddable":true,"href":"https:\/\/www.accuratereviews.com\/it\/wp-json\/wp\/v2\/tags?post=65823"},{"taxonomy":"features","embeddable":true,"href":"https:\/\/www.accuratereviews.com\/it\/wp-json\/wp\/v2\/features?post=65823"}],"curies":[{"name":"wp","href":"https:\/\/api.w.org\/{rel}","templated":true}]}}