{"id":65917,"date":"2023-01-10T18:08:34","date_gmt":"2023-01-10T18:08:34","guid":{"rendered":"https:\/\/www.accuratereviews.com\/?page_id=65917"},"modified":"2023-01-10T18:08:34","modified_gmt":"2023-01-10T18:08:34","slug":"staah-channel-manager-recensione","status":"publish","type":"page","link":"https:\/\/www.accuratereviews.com\/it\/software-gestione-canali\/staah-channel-manager-recensione\/","title":{"rendered":"STAAH Channel Manager"},"content":{"rendered":"<p><strong>STAAH Channel Manager<\/strong> \u00e8 un<strong> sistema di gestione dei canali<\/strong> e di distribuzione online, basato su <strong>cloud<\/strong>, che assiste i gestori di hotel e propriet\u00e0 nella gestione delle prenotazioni e delle entrate. Le caratteristiche principali includono il controllo dell&#8217;inventario, l&#8217;analisi dei canali e la conformit\u00e0 PCI.\u00a0L&#8217;applicazione viene fornita con un modulo di analisi delle entrate che consente ai membri del personale di monitorare la concorrenza e regolare i prezzi delle camere in base alla domanda e all&#8217;occupazione. I manager possono utilizzare il sistema di distribuzione globale per applicare i limiti di &#8220;stop sell&#8221;, gestire gli aggiornamenti dell&#8217;inventario e misurare le prestazioni del canale.\u00a0La piattaforma si integra con gateway di pagamento di terze parti e consente alle aziende di accettare pagamenti online per le prenotazioni. I membri del team possono monitorare le conversioni di prenotazione diretta integrando strumenti come Optimum, Bookingdirection, Sabre e altri.<\/p>\n<h2><strong>STAAH CHANNEL MANAGER &#8211; TUTORIAL<\/strong><\/h2>\n<div id=\"fluid-wrapper-counter-1\" class=\"g1-fluid-wrapper \" style=\"width:686px;\">\n<div style=\"padding-bottom:56.268221574344%;\"><iframe loading=\"lazy\" title=\"STAAH Webinar Sell more rooms with Google Free Listing Oceania SEA\" width=\"686\" height=\"386\" src=\"https:\/\/www.youtube.com\/embed\/tSzjuHtFDXM?feature=oembed&amp;wmode=transparent&amp;autohide=1&amp;autoplay=0&amp;disablekb=0&amp;fs=1&amp;loop=0&amp;enablejsapi=1&amp;rel=0&amp;controls=2&amp;showinfo=0&amp;wmode=transparent&amp;autohide=2&amp;autoplay=0&amp;disablekb=0&amp;fs=1&amp;loop=0&amp;enablejsapi=1&amp;rel=0&amp;controls=2&amp;showinfo=1\" frameborder=\"0\" allow=\"accelerometer; autoplay; clipboard-write; encrypted-media; gyroscope; picture-in-picture; web-share\" allowfullscreen><\/iframe><\/div>\n<\/div>\n<h3><strong>STAAH CHANNEL MANAGER &#8211; CARATTERISTICHE<\/strong><\/h3>\n<ul>\n<li><strong>Il modo semplice per vendere le tue camere online:\u00a0<\/strong>unico sistema per gestire tutte le OTA da un unico accesso. Modifica tariffe e disponibilit\u00e0 in qualsiasi momento. Effettua aggiornamenti istantanei sul tuo channel manager online.\u00a0Tieni traccia dalla dashboard intuitiva. Il software per la gestione dei canali ti porta al top del tuo business online in un batter d&#8217;occhio.<\/li>\n<li><strong>Infinite possibilit\u00e0 di aumentare le prenotazioni<\/strong>: il sistema di gestione dei canali in tempo reale \u00e8 dotato delle migliori funzionalit\u00e0 della categoria che ti mettono al posto di guida. Ti fornir\u00e0 gli strumenti per aumentare le tue prenotazioni online e una semplice interfaccia utente per gestire tutto da un&#8217;unica fonte.<\/li>\n<li><strong>Ottieni la massima visibilit\u00e0 con il gestionale dei canali alberghieri<\/strong>: il software di channel manager per hotel ti aiuta ad aprire online la tua propriet\u00e0 a un pubblico locale e nazionale internazionale pi\u00f9 ampio attraverso oltre 200 collegamenti ad agenzie di viaggio online (OTA), sistema di distribuzione globale (GDS), gateway di pagamento e altre applicazioni di prenotazione.<\/li>\n<li><strong>Decisioni guidate dai dati:<\/strong> lascia che i dati definiscano la tua strategia di distribuzione online. Il software viene fornito con un&#8217;analisi potente e perspicace che ti aiuter\u00e0 a determinare le tariffe, fermare i limiti di vendita e valutare il successo dei tuoi canali. Comprendere dati complicati non \u00e8 mai stato cos\u00ec semplice.<\/li>\n<li><strong>Gestisci case vacanza multi-elenco<\/strong>:\u00a0ti aiuta a gestire perfettamente le tue case vacanze multi-elenco con un solo accesso. Aggiungi un numero illimitato di propriet\u00e0 sotto un unico account e connettiti con pi\u00f9 canali, il tutto in un&#8217;unica visualizzazione dashboard.<\/li>\n<li><strong>Mantieni un vantaggio sui tuoi concorrenti con RateSTalk<\/strong>: mantieni un vantaggio sulla concorrenza monitorando le variazioni delle tariffe. La soluzione mostrer\u00e0 le tariffe di cinque dei tuoi principali concorrenti in una semplice tabella e in un grafico interattivo, risparmiando tempo nei confronti manuali dei prezzi e prendendo decisioni tempestive e aumentando i profitti.<\/li>\n<\/ul>\n<h4>LE RECENSIONI DEGLI UTENTI<\/h4>\n<p><strong>Boban &#8220;Stabile e affidabile&#8221;<\/strong><br \/>\n<strong>Commenti<\/strong>: Sono molto contento e soddisfatto delle caratteristiche di Stahh.<br \/>\n<strong>Pro<\/strong>: La facilit\u00e0 d&#8217;uso. Essere user friendly \u00e8 la migliore caratteristica di Stahh. Essere in grado di effettuare le prenotazioni richieste senza problemi \u00e8 fondamentale per qualsiasi channel manager e Stahh lo ha centrato essendo proprio questo con il vantaggio di essere facile da lavorare.<br \/>\n<strong>Contro<\/strong>: Nessuno a cui riesco a pensare. Tutto sommato un solido channel manager. Un buon compagno in questo mercato turistico competitivo.<\/p>\n<p><strong>Rohit &#8220;Software eccellente&#8221;<\/strong><br \/>\n<strong>Commenti<\/strong>: Il funzionamento dell&#8217;inventario delle camere \u00e8 molto semplice per l&#8217;hotel<br \/>\n<strong>Pro<\/strong>: \u00c8 molto facile da usare e abbiamo una grande opportunit\u00e0 di formare anche altri che uso dal 2018 ed \u00e8 molto utile per esaurire l&#8217;inventario molto rapidamente e il rapporto che sto ricevendo \u00e8 molto utile per il mio dipartimento delle entrate<br \/>\n<strong>Contro<\/strong>: Finora niente, ma un po&#8217; di tempo l&#8217;utente pu\u00f2 definire le opzioni dovrebbero essere presenti in base alla gerarchia della gestione e del dipartimento<\/p>\n<p><strong>Anoop &#8220;Channel manager super veloce&#8221;<\/strong><br \/>\n<strong>Pro<\/strong>: Questo \u00e8 un fantastico channel manager che aggiorna il tuo inventario in soli 30 secondi, quindi puoi evitare casi di prenotazione eccessivi<br \/>\n<strong>Contro<\/strong>: Se un ospite ha tenuto aperta la pagina di pagamento, pu\u00f2 verificarsi l&#8217;overbooking<\/p>\n","protected":false},"excerpt":{"rendered":"<p>STAAH Channel Manager \u00e8 un sistema di gestione dei canali e di distribuzione online basato su cloud che assiste i gestori di hotel e propriet\u00e0 nella gestione delle prenotazioni e delle entrate. Le caratteristiche principali includono il controllo dell&#8217;inventario, l&#8217;analisi dei canali e la conformit\u00e0 PCI.\u00a0<\/p>\n","protected":false},"author":19,"featured_media":65929,"parent":65711,"menu_order":0,"comment_status":"open","ping_status":"closed","template":"g1_template_page_review_new.php","meta":{"_acf_changed":false,"cwp_meta_box_check":"Yes","cwp_rev_product_name":"","cwp_rev_product_image":"","wppr_links":[],"cwp_rev_price":"0.00","wppr_options":[{"name":"Usability","value":"0"},{"name":"Speed","value":"0"},{"name":"Features","value":"0"},{"name":"Support","value":"0"},{"name":"Pricing","value":"0"}],"wppr_pros":["","","","",""],"wppr_cons":["","","","",""],"_monsterinsights_skip_tracking":false,"_monsterinsights_sitenote_active":false,"_monsterinsights_sitenote_note":"","_monsterinsights_sitenote_category":0,"footnotes":""},"categories":[13985],"tags":[14010,13991,13990,13988,13992,14022],"features":[],"class_list":{"0":"post-65917","1":"page","2":"type-page","3":"status-publish","4":"has-post-thumbnail","6":"category-software-gestione-canali-cat","7":"tag-gestione-canali","8":"tag-piattaforma-gestione-canali","9":"tag-programma-gestione-canali","10":"tag-software-gestione-canali","11":"tag-soluzione-gestione-canali","12":"tag-staah-channel-manager"},"wppr_data":{"cwp_meta_box_check":"Yes","_wppr_review_template":"default","cwp_rev_product_image":"","cwp_image_link":"image","wppr_links":[],"cwp_rev_price":"0.00","wppr_pros":["","","","",""],"wppr_cons":["","","","",""],"wppr_rating":"0.00","wppr_options":{"1":{"name":"Usability","value":"0"},"2":{"name":"Speed","value":"0"},"3":{"name":"Features","value":"0"},"4":{"name":"Support","value":"0"},"5":{"name":"Pricing","value":"0"}},"wppr_review_type":"Product","wppr_review_custom_fields":{"additionalProperty":"","additionalType":"","aggregateRating":"","alternateName":"","audience":"","award":"","awards":"","brand":"","color":"","depth":"","description":"","disambiguatingDescription":"","gtin12":"","gtin13":"","gtin14":"","gtin8":"","height":"","identifier":"","image":"","isAccessoryOrSparePartFor":"","isConsumableFor":"","isRelatedTo":"","isSimilarTo":"","itemCondition":"","logo":"","mainEntityOfPage":"","manufacturer":"","material":"","model":"","mpn":"","name":"","offers":"","potentialAction":"","productID":"","productionDate":"","purchaseDate":"","releaseDate":"","review":"","reviews":"","sameAs":"","sku":"","slogan":"","subjectOf":"","url":"","weight":"","width":""}},"acf":[],"yoast_head":"<!-- This site is optimized with the Yoast SEO plugin v27.4 - https:\/\/yoast.com\/product\/yoast-seo-wordpress\/ -->\n<title>STAAH Channel Manager: recensione software gestione canali<\/title>\n<meta name=\"description\" content=\"STAAH Channel Manager: recensione sistema di gestione canali e di distribuzione online basato su cloud per alberghi e propriet\u00e0 case vacanze.\" \/>\n<meta name=\"robots\" content=\"index, follow, max-snippet:-1, max-image-preview:large, max-video-preview:-1\" \/>\n<link rel=\"canonical\" href=\"https:\/\/www.accuratereviews.com\/it\/software-gestione-canali\/staah-channel-manager-recensione\/\" \/>\n<meta property=\"og:locale\" content=\"it_IT\" \/>\n<meta property=\"og:type\" content=\"article\" \/>\n<meta property=\"og:title\" content=\"STAAH Channel Manager: recensione software gestione canali\" \/>\n<meta property=\"og:description\" content=\"STAAH Channel Manager: recensione sistema di gestione canali e di distribuzione online basato su cloud per alberghi e propriet\u00e0 case vacanze.\" \/>\n<meta property=\"og:url\" content=\"https:\/\/www.accuratereviews.com\/it\/software-gestione-canali\/staah-channel-manager-recensione\/\" \/>\n<meta property=\"og:site_name\" content=\"Accurate Reviews\" \/>\n<meta property=\"og:image\" content=\"https:\/\/www.accuratereviews.com\/wp-content\/uploads\/2023\/01\/STAAH-Channel-Manager.png\" \/>\n\t<meta property=\"og:image:width\" content=\"500\" \/>\n\t<meta property=\"og:image:height\" content=\"500\" \/>\n\t<meta property=\"og:image:type\" content=\"image\/png\" \/>\n<meta name=\"twitter:card\" content=\"summary_large_image\" \/>\n<meta name=\"twitter:label1\" content=\"Tempo di lettura stimato\" \/>\n\t<meta name=\"twitter:data1\" content=\"4 minuti\" \/>\n<script type=\"application\/ld+json\" class=\"yoast-schema-graph\">{\"@context\":\"https:\\\/\\\/schema.org\",\"@graph\":[{\"@type\":\"WebPage\",\"@id\":\"https:\\\/\\\/www.accuratereviews.com\\\/it\\\/software-gestione-canali\\\/staah-channel-manager-recensione\\\/\",\"url\":\"https:\\\/\\\/www.accuratereviews.com\\\/it\\\/software-gestione-canali\\\/staah-channel-manager-recensione\\\/\",\"name\":\"STAAH Channel Manager: recensione software gestione canali\",\"isPartOf\":{\"@id\":\"https:\\\/\\\/www.accuratereviews.com\\\/it\\\/#website\"},\"primaryImageOfPage\":{\"@id\":\"https:\\\/\\\/www.accuratereviews.com\\\/it\\\/software-gestione-canali\\\/staah-channel-manager-recensione\\\/#primaryimage\"},\"image\":{\"@id\":\"https:\\\/\\\/www.accuratereviews.com\\\/it\\\/software-gestione-canali\\\/staah-channel-manager-recensione\\\/#primaryimage\"},\"thumbnailUrl\":\"https:\\\/\\\/www.accuratereviews.com\\\/wp-content\\\/uploads\\\/2023\\\/01\\\/STAAH-Channel-Manager.png\",\"datePublished\":\"2023-01-10T18:08:34+00:00\",\"description\":\"STAAH Channel Manager: recensione sistema di gestione canali e di distribuzione online basato su cloud per alberghi e propriet\u00e0 case vacanze.\",\"breadcrumb\":{\"@id\":\"https:\\\/\\\/www.accuratereviews.com\\\/it\\\/software-gestione-canali\\\/staah-channel-manager-recensione\\\/#breadcrumb\"},\"inLanguage\":\"it-IT\",\"potentialAction\":[{\"@type\":\"ReadAction\",\"target\":[\"https:\\\/\\\/www.accuratereviews.com\\\/it\\\/software-gestione-canali\\\/staah-channel-manager-recensione\\\/\"]}]},{\"@type\":\"ImageObject\",\"inLanguage\":\"it-IT\",\"@id\":\"https:\\\/\\\/www.accuratereviews.com\\\/it\\\/software-gestione-canali\\\/staah-channel-manager-recensione\\\/#primaryimage\",\"url\":\"https:\\\/\\\/www.accuratereviews.com\\\/wp-content\\\/uploads\\\/2023\\\/01\\\/STAAH-Channel-Manager.png\",\"contentUrl\":\"https:\\\/\\\/www.accuratereviews.com\\\/wp-content\\\/uploads\\\/2023\\\/01\\\/STAAH-Channel-Manager.png\",\"width\":500,\"height\":500},{\"@type\":\"BreadcrumbList\",\"@id\":\"https:\\\/\\\/www.accuratereviews.com\\\/it\\\/software-gestione-canali\\\/staah-channel-manager-recensione\\\/#breadcrumb\",\"itemListElement\":[{\"@type\":\"ListItem\",\"position\":1,\"name\":\"Home\",\"item\":\"https:\\\/\\\/www.accuratereviews.com\\\/it\\\/\"},{\"@type\":\"ListItem\",\"position\":2,\"name\":\"Software per la gestione dei canali\",\"item\":\"https:\\\/\\\/www.accuratereviews.com\\\/it\\\/software-gestione-canali\\\/\"},{\"@type\":\"ListItem\",\"position\":3,\"name\":\"STAAH Channel Manager\"}]},{\"@type\":\"WebSite\",\"@id\":\"https:\\\/\\\/www.accuratereviews.com\\\/it\\\/#website\",\"url\":\"https:\\\/\\\/www.accuratereviews.com\\\/it\\\/\",\"name\":\"Accurate Reviews\",\"description\":\"\",\"potentialAction\":[{\"@type\":\"SearchAction\",\"target\":{\"@type\":\"EntryPoint\",\"urlTemplate\":\"https:\\\/\\\/www.accuratereviews.com\\\/it\\\/?s={search_term_string}\"},\"query-input\":{\"@type\":\"PropertyValueSpecification\",\"valueRequired\":true,\"valueName\":\"search_term_string\"}}],\"inLanguage\":\"it-IT\"}]}<\/script>\n<!-- \/ Yoast SEO plugin. -->","yoast_head_json":{"title":"STAAH Channel Manager: recensione software gestione canali","description":"STAAH Channel Manager: recensione sistema di gestione canali e di distribuzione online basato su cloud per alberghi e propriet\u00e0 case vacanze.","robots":{"index":"index","follow":"follow","max-snippet":"max-snippet:-1","max-image-preview":"max-image-preview:large","max-video-preview":"max-video-preview:-1"},"canonical":"https:\/\/www.accuratereviews.com\/it\/software-gestione-canali\/staah-channel-manager-recensione\/","og_locale":"it_IT","og_type":"article","og_title":"STAAH Channel Manager: recensione software gestione canali","og_description":"STAAH Channel Manager: recensione sistema di gestione canali e di distribuzione online basato su cloud per alberghi e propriet\u00e0 case vacanze.","og_url":"https:\/\/www.accuratereviews.com\/it\/software-gestione-canali\/staah-channel-manager-recensione\/","og_site_name":"Accurate Reviews","og_image":[{"width":500,"height":500,"url":"https:\/\/www.accuratereviews.com\/wp-content\/uploads\/2023\/01\/STAAH-Channel-Manager.png","type":"image\/png"}],"twitter_card":"summary_large_image","twitter_misc":{"Tempo di lettura stimato":"4 minuti"},"schema":{"@context":"https:\/\/schema.org","@graph":[{"@type":"WebPage","@id":"https:\/\/www.accuratereviews.com\/it\/software-gestione-canali\/staah-channel-manager-recensione\/","url":"https:\/\/www.accuratereviews.com\/it\/software-gestione-canali\/staah-channel-manager-recensione\/","name":"STAAH Channel Manager: recensione software gestione canali","isPartOf":{"@id":"https:\/\/www.accuratereviews.com\/it\/#website"},"primaryImageOfPage":{"@id":"https:\/\/www.accuratereviews.com\/it\/software-gestione-canali\/staah-channel-manager-recensione\/#primaryimage"},"image":{"@id":"https:\/\/www.accuratereviews.com\/it\/software-gestione-canali\/staah-channel-manager-recensione\/#primaryimage"},"thumbnailUrl":"https:\/\/www.accuratereviews.com\/wp-content\/uploads\/2023\/01\/STAAH-Channel-Manager.png","datePublished":"2023-01-10T18:08:34+00:00","description":"STAAH Channel Manager: recensione sistema di gestione canali e di distribuzione online basato su cloud per alberghi e propriet\u00e0 case vacanze.","breadcrumb":{"@id":"https:\/\/www.accuratereviews.com\/it\/software-gestione-canali\/staah-channel-manager-recensione\/#breadcrumb"},"inLanguage":"it-IT","potentialAction":[{"@type":"ReadAction","target":["https:\/\/www.accuratereviews.com\/it\/software-gestione-canali\/staah-channel-manager-recensione\/"]}]},{"@type":"ImageObject","inLanguage":"it-IT","@id":"https:\/\/www.accuratereviews.com\/it\/software-gestione-canali\/staah-channel-manager-recensione\/#primaryimage","url":"https:\/\/www.accuratereviews.com\/wp-content\/uploads\/2023\/01\/STAAH-Channel-Manager.png","contentUrl":"https:\/\/www.accuratereviews.com\/wp-content\/uploads\/2023\/01\/STAAH-Channel-Manager.png","width":500,"height":500},{"@type":"BreadcrumbList","@id":"https:\/\/www.accuratereviews.com\/it\/software-gestione-canali\/staah-channel-manager-recensione\/#breadcrumb","itemListElement":[{"@type":"ListItem","position":1,"name":"Home","item":"https:\/\/www.accuratereviews.com\/it\/"},{"@type":"ListItem","position":2,"name":"Software per la gestione dei canali","item":"https:\/\/www.accuratereviews.com\/it\/software-gestione-canali\/"},{"@type":"ListItem","position":3,"name":"STAAH Channel Manager"}]},{"@type":"WebSite","@id":"https:\/\/www.accuratereviews.com\/it\/#website","url":"https:\/\/www.accuratereviews.com\/it\/","name":"Accurate Reviews","description":"","potentialAction":[{"@type":"SearchAction","target":{"@type":"EntryPoint","urlTemplate":"https:\/\/www.accuratereviews.com\/it\/?s={search_term_string}"},"query-input":{"@type":"PropertyValueSpecification","valueRequired":true,"valueName":"search_term_string"}}],"inLanguage":"it-IT"}]}},"_links":{"self":[{"href":"https:\/\/www.accuratereviews.com\/it\/wp-json\/wp\/v2\/pages\/65917","targetHints":{"allow":["GET"]}}],"collection":[{"href":"https:\/\/www.accuratereviews.com\/it\/wp-json\/wp\/v2\/pages"}],"about":[{"href":"https:\/\/www.accuratereviews.com\/it\/wp-json\/wp\/v2\/types\/page"}],"author":[{"embeddable":true,"href":"https:\/\/www.accuratereviews.com\/it\/wp-json\/wp\/v2\/users\/19"}],"replies":[{"embeddable":true,"href":"https:\/\/www.accuratereviews.com\/it\/wp-json\/wp\/v2\/comments?post=65917"}],"version-history":[{"count":10,"href":"https:\/\/www.accuratereviews.com\/it\/wp-json\/wp\/v2\/pages\/65917\/revisions"}],"predecessor-version":[{"id":65962,"href":"https:\/\/www.accuratereviews.com\/it\/wp-json\/wp\/v2\/pages\/65917\/revisions\/65962"}],"up":[{"embeddable":true,"href":"https:\/\/www.accuratereviews.com\/it\/wp-json\/wp\/v2\/pages\/65711"}],"wp:featuredmedia":[{"embeddable":true,"href":"https:\/\/www.accuratereviews.com\/it\/wp-json\/wp\/v2\/media\/65929"}],"wp:attachment":[{"href":"https:\/\/www.accuratereviews.com\/it\/wp-json\/wp\/v2\/media?parent=65917"}],"wp:term":[{"taxonomy":"category","embeddable":true,"href":"https:\/\/www.accuratereviews.com\/it\/wp-json\/wp\/v2\/categories?post=65917"},{"taxonomy":"post_tag","embeddable":true,"href":"https:\/\/www.accuratereviews.com\/it\/wp-json\/wp\/v2\/tags?post=65917"},{"taxonomy":"features","embeddable":true,"href":"https:\/\/www.accuratereviews.com\/it\/wp-json\/wp\/v2\/features?post=65917"}],"curies":[{"name":"wp","href":"https:\/\/api.w.org\/{rel}","templated":true}]}}