{"id":65920,"date":"2023-01-10T12:46:10","date_gmt":"2023-01-10T12:46:10","guid":{"rendered":"https:\/\/www.accuratereviews.com\/?page_id=65920"},"modified":"2023-01-10T12:46:10","modified_gmt":"2023-01-10T12:46:10","slug":"jurny-recensione","status":"publish","type":"page","link":"https:\/\/www.accuratereviews.com\/it\/software-gestione-canali\/jurny-recensione\/","title":{"rendered":"Jurny"},"content":{"rendered":"<p class=\"h3 mb-1\"><strong>Jurny<\/strong> \u00e8 un <strong>software per la gestione dei canali<\/strong> che si rivolge a proprietari e gestori di strutture alberghiere, case vacanza e bed &amp; breakfast. Grazie alla sua connessione diretta con i siti di viaggio pi\u00f9 utilizzati come Airbnb, Booking, Expedia, permette di organizzare al meglio le prenotazioni e di comunicare con gli ospiti in modo semplice e veloce, tutto da un unico posto.<br \/>\n<strong>Jurny<\/strong> si impegna ad automatizzare la maggior parte delle attivit\u00e0 facendoti risparmiare tempo e rendendo la tua attivit\u00e0 molto pi\u00f9 redditizia. Offre anche un&#8217;app mobile disponibile sia per dispositivi iOS che Android.<\/p>\n<h2>JURNY &#8211; TUTORIAL<\/h2>\n<div id=\"fluid-wrapper-counter-1\" class=\"g1-fluid-wrapper \" style=\"width:686px;\">\n<div style=\"padding-bottom:56.268221574344%;\"><iframe loading=\"lazy\" title=\"Jurny Inc - MOS Features\" width=\"686\" height=\"386\" src=\"https:\/\/www.youtube.com\/embed\/zFzyq8BCxWQ?feature=oembed&amp;wmode=transparent&amp;autohide=1&amp;autoplay=0&amp;disablekb=0&amp;fs=1&amp;loop=0&amp;enablejsapi=1&amp;rel=0&amp;controls=2&amp;showinfo=0&amp;wmode=transparent&amp;autohide=2&amp;autoplay=0&amp;disablekb=0&amp;fs=1&amp;loop=0&amp;enablejsapi=1&amp;rel=0&amp;controls=2&amp;showinfo=1\" frameborder=\"0\" allow=\"accelerometer; autoplay; clipboard-write; encrypted-media; gyroscope; picture-in-picture; web-share\" allowfullscreen><\/iframe><\/div>\n<\/div>\n<h3>JURNY &#8211; CARATTERISTICHE<\/h3>\n<ul>\n<li>Gestore dei prezzi<\/li>\n<li>Screening degli ospiti<\/li>\n<li>Gestore del canale<\/li>\n<li>Sistema di controllo degli accessi<\/li>\n<li>Misuratore della reputazione<\/li>\n<li>App per la cura della propriet\u00e0<\/li>\n<li>Sistema di gestione della propriet\u00e0<\/li>\n<li>Gestione delle entrate<\/li>\n<li>Gestione delle recensioni<\/li>\n<li>Assistenza 24\/7 per le richieste degli ospiti<\/li>\n<li>Reception virtuale 24\/7<\/li>\n<li>Contabilit\u00e0<\/li>\n<li>Ottimizzazione della distribuzione<\/li>\n<\/ul>\n<h4>LE RECENSIONI DEGLI UTENTI<\/h4>\n<p><strong>Maurizio &#8220;Incredibile sistema operativo gestionale all-in-one! Facile da usare e giusto nel prezzo!&#8221;<\/strong><br \/>\nCommenti: Jurny mi sta aiutando a scalare il mio business in modo semplice e snello. Dedico il mio tempo ad acquisire pi\u00f9 immobili e Jurny fa il resto! Produttivit\u00e0 alla luna!<br \/>\nPro: Ottimo sistema di controllo degli accessi con un cruscotto proprietario all-in-one per gestire pi\u00f9 propriet\u00e0.<br \/>\nContro: L&#8217;integrazione con altri POS cambierebbe le carte in tavola se si deve gestire il F&amp;B.<\/p>\n<p><strong>Will &#8220;Finalmente!&#8221;<\/strong><br \/>\nPro: Ci piace che tutti gli strumenti siano in un unico cruscotto! Finalmente un&#8217;azienda che fa tutto questo per ogni gestore di case vacanza.<br \/>\nContro: Alcune caratteristiche non sono completamente funzionanti, ma so che stanno cambiando e migliorando di settimana in settimana.<\/p>\n<p><strong>Erin &#8221; Sto ancora imparando&#8221;<\/strong><br \/>\nCommenti: Ottimo team di vendita. Ora si tratta di entrare a far parte del team!<br \/>\nPro: Sono entusiasta delle funzionalit\u00e0 che Jurny mi ha mostrato, ma non ho ancora terminato l&#8217;onboarding!<br \/>\nContro: Strumenti di messaggistica limitati per gli ospiti. Vorrei davvero che ci fossero delle risposte predefinite da salvare per ogni annuncio, in modo da rendere il servizio clienti pi\u00f9 semplice per i miei VA.<\/p>\n","protected":false},"excerpt":{"rendered":"<p>Jurny \u00e8 un software per la gestione dei canali che si rivolge a proprietari e gestori di strutture alberghiere, case vacanza e bed &#038; breakfast. Grazie alla sua connessione diretta con i siti di viaggio pi\u00f9 utilizzati come Airbnb, Booking, Expedia, permette di organizzare al meglio le prenotazioni e di comunicare con gli ospiti in modo semplice e veloce, tutto da un unico posto.<\/p>\n","protected":false},"author":17,"featured_media":65909,"parent":65711,"menu_order":0,"comment_status":"open","ping_status":"closed","template":"g1_template_page_review_new.php","meta":{"_acf_changed":false,"cwp_meta_box_check":"No","cwp_rev_product_name":"","cwp_rev_product_image":"","wppr_links":[],"cwp_rev_price":"","wppr_options":[],"wppr_pros":[],"wppr_cons":[],"_monsterinsights_skip_tracking":false,"_monsterinsights_sitenote_active":false,"_monsterinsights_sitenote_note":"","_monsterinsights_sitenote_category":0,"footnotes":""},"categories":[13985],"tags":[13994,13991,13990,13988,13992],"features":[],"class_list":{"0":"post-65920","1":"page","2":"type-page","3":"status-publish","4":"has-post-thumbnail","6":"category-software-gestione-canali-cat","7":"tag-app-gestione-canali","8":"tag-piattaforma-gestione-canali","9":"tag-programma-gestione-canali","10":"tag-software-gestione-canali","11":"tag-soluzione-gestione-canali"},"wppr_data":{"cwp_meta_box_check":"No"},"acf":[],"yoast_head":"<!-- This site is optimized with the Yoast SEO plugin v27.4 - https:\/\/yoast.com\/product\/yoast-seo-wordpress\/ -->\n<title>Jurny: recensione software gestione canali - Accurate Reviews<\/title>\n<meta name=\"description\" content=\"Jurny: recensione del software per la gestione dei canali per proprietari e gestori di strutture alberghiere, case vacanza e bed &amp; breakfast.\" \/>\n<meta name=\"robots\" content=\"index, follow, max-snippet:-1, max-image-preview:large, max-video-preview:-1\" \/>\n<link rel=\"canonical\" href=\"https:\/\/www.accuratereviews.com\/it\/software-gestione-canali\/jurny-recensione\/\" \/>\n<meta property=\"og:locale\" content=\"it_IT\" \/>\n<meta property=\"og:type\" content=\"article\" \/>\n<meta property=\"og:title\" content=\"Jurny: recensione software gestione canali - Accurate Reviews\" \/>\n<meta property=\"og:description\" content=\"Jurny: recensione del software per la gestione dei canali per proprietari e gestori di strutture alberghiere, case vacanza e bed &amp; breakfast.\" \/>\n<meta property=\"og:url\" content=\"https:\/\/www.accuratereviews.com\/it\/software-gestione-canali\/jurny-recensione\/\" \/>\n<meta property=\"og:site_name\" content=\"Accurate Reviews\" \/>\n<meta property=\"og:image\" content=\"https:\/\/www.accuratereviews.com\/wp-content\/uploads\/2023\/01\/Jurny.jpeg\" \/>\n\t<meta property=\"og:image:width\" content=\"200\" \/>\n\t<meta property=\"og:image:height\" content=\"200\" \/>\n\t<meta property=\"og:image:type\" content=\"image\/jpeg\" \/>\n<meta name=\"twitter:card\" content=\"summary_large_image\" \/>\n<meta name=\"twitter:label1\" content=\"Tempo di lettura stimato\" \/>\n\t<meta name=\"twitter:data1\" content=\"2 minuti\" \/>\n<script type=\"application\/ld+json\" class=\"yoast-schema-graph\">{\"@context\":\"https:\\\/\\\/schema.org\",\"@graph\":[{\"@type\":\"WebPage\",\"@id\":\"https:\\\/\\\/www.accuratereviews.com\\\/it\\\/software-gestione-canali\\\/jurny-recensione\\\/\",\"url\":\"https:\\\/\\\/www.accuratereviews.com\\\/it\\\/software-gestione-canali\\\/jurny-recensione\\\/\",\"name\":\"Jurny: recensione software gestione canali - Accurate Reviews\",\"isPartOf\":{\"@id\":\"https:\\\/\\\/www.accuratereviews.com\\\/it\\\/#website\"},\"primaryImageOfPage\":{\"@id\":\"https:\\\/\\\/www.accuratereviews.com\\\/it\\\/software-gestione-canali\\\/jurny-recensione\\\/#primaryimage\"},\"image\":{\"@id\":\"https:\\\/\\\/www.accuratereviews.com\\\/it\\\/software-gestione-canali\\\/jurny-recensione\\\/#primaryimage\"},\"thumbnailUrl\":\"https:\\\/\\\/www.accuratereviews.com\\\/wp-content\\\/uploads\\\/2023\\\/01\\\/Jurny.jpeg\",\"datePublished\":\"2023-01-10T12:46:10+00:00\",\"description\":\"Jurny: recensione del software per la gestione dei canali per proprietari e gestori di strutture alberghiere, case vacanza e bed & breakfast.\",\"breadcrumb\":{\"@id\":\"https:\\\/\\\/www.accuratereviews.com\\\/it\\\/software-gestione-canali\\\/jurny-recensione\\\/#breadcrumb\"},\"inLanguage\":\"it-IT\",\"potentialAction\":[{\"@type\":\"ReadAction\",\"target\":[\"https:\\\/\\\/www.accuratereviews.com\\\/it\\\/software-gestione-canali\\\/jurny-recensione\\\/\"]}]},{\"@type\":\"ImageObject\",\"inLanguage\":\"it-IT\",\"@id\":\"https:\\\/\\\/www.accuratereviews.com\\\/it\\\/software-gestione-canali\\\/jurny-recensione\\\/#primaryimage\",\"url\":\"https:\\\/\\\/www.accuratereviews.com\\\/wp-content\\\/uploads\\\/2023\\\/01\\\/Jurny.jpeg\",\"contentUrl\":\"https:\\\/\\\/www.accuratereviews.com\\\/wp-content\\\/uploads\\\/2023\\\/01\\\/Jurny.jpeg\",\"width\":200,\"height\":200},{\"@type\":\"BreadcrumbList\",\"@id\":\"https:\\\/\\\/www.accuratereviews.com\\\/it\\\/software-gestione-canali\\\/jurny-recensione\\\/#breadcrumb\",\"itemListElement\":[{\"@type\":\"ListItem\",\"position\":1,\"name\":\"Home\",\"item\":\"https:\\\/\\\/www.accuratereviews.com\\\/it\\\/\"},{\"@type\":\"ListItem\",\"position\":2,\"name\":\"Software per la gestione dei canali\",\"item\":\"https:\\\/\\\/www.accuratereviews.com\\\/it\\\/software-gestione-canali\\\/\"},{\"@type\":\"ListItem\",\"position\":3,\"name\":\"Jurny\"}]},{\"@type\":\"WebSite\",\"@id\":\"https:\\\/\\\/www.accuratereviews.com\\\/it\\\/#website\",\"url\":\"https:\\\/\\\/www.accuratereviews.com\\\/it\\\/\",\"name\":\"Accurate Reviews\",\"description\":\"\",\"potentialAction\":[{\"@type\":\"SearchAction\",\"target\":{\"@type\":\"EntryPoint\",\"urlTemplate\":\"https:\\\/\\\/www.accuratereviews.com\\\/it\\\/?s={search_term_string}\"},\"query-input\":{\"@type\":\"PropertyValueSpecification\",\"valueRequired\":true,\"valueName\":\"search_term_string\"}}],\"inLanguage\":\"it-IT\"}]}<\/script>\n<!-- \/ Yoast SEO plugin. -->","yoast_head_json":{"title":"Jurny: recensione software gestione canali - Accurate Reviews","description":"Jurny: recensione del software per la gestione dei canali per proprietari e gestori di strutture alberghiere, case vacanza e bed & breakfast.","robots":{"index":"index","follow":"follow","max-snippet":"max-snippet:-1","max-image-preview":"max-image-preview:large","max-video-preview":"max-video-preview:-1"},"canonical":"https:\/\/www.accuratereviews.com\/it\/software-gestione-canali\/jurny-recensione\/","og_locale":"it_IT","og_type":"article","og_title":"Jurny: recensione software gestione canali - Accurate Reviews","og_description":"Jurny: recensione del software per la gestione dei canali per proprietari e gestori di strutture alberghiere, case vacanza e bed & breakfast.","og_url":"https:\/\/www.accuratereviews.com\/it\/software-gestione-canali\/jurny-recensione\/","og_site_name":"Accurate Reviews","og_image":[{"width":200,"height":200,"url":"https:\/\/www.accuratereviews.com\/wp-content\/uploads\/2023\/01\/Jurny.jpeg","type":"image\/jpeg"}],"twitter_card":"summary_large_image","twitter_misc":{"Tempo di lettura stimato":"2 minuti"},"schema":{"@context":"https:\/\/schema.org","@graph":[{"@type":"WebPage","@id":"https:\/\/www.accuratereviews.com\/it\/software-gestione-canali\/jurny-recensione\/","url":"https:\/\/www.accuratereviews.com\/it\/software-gestione-canali\/jurny-recensione\/","name":"Jurny: recensione software gestione canali - Accurate Reviews","isPartOf":{"@id":"https:\/\/www.accuratereviews.com\/it\/#website"},"primaryImageOfPage":{"@id":"https:\/\/www.accuratereviews.com\/it\/software-gestione-canali\/jurny-recensione\/#primaryimage"},"image":{"@id":"https:\/\/www.accuratereviews.com\/it\/software-gestione-canali\/jurny-recensione\/#primaryimage"},"thumbnailUrl":"https:\/\/www.accuratereviews.com\/wp-content\/uploads\/2023\/01\/Jurny.jpeg","datePublished":"2023-01-10T12:46:10+00:00","description":"Jurny: recensione del software per la gestione dei canali per proprietari e gestori di strutture alberghiere, case vacanza e bed & breakfast.","breadcrumb":{"@id":"https:\/\/www.accuratereviews.com\/it\/software-gestione-canali\/jurny-recensione\/#breadcrumb"},"inLanguage":"it-IT","potentialAction":[{"@type":"ReadAction","target":["https:\/\/www.accuratereviews.com\/it\/software-gestione-canali\/jurny-recensione\/"]}]},{"@type":"ImageObject","inLanguage":"it-IT","@id":"https:\/\/www.accuratereviews.com\/it\/software-gestione-canali\/jurny-recensione\/#primaryimage","url":"https:\/\/www.accuratereviews.com\/wp-content\/uploads\/2023\/01\/Jurny.jpeg","contentUrl":"https:\/\/www.accuratereviews.com\/wp-content\/uploads\/2023\/01\/Jurny.jpeg","width":200,"height":200},{"@type":"BreadcrumbList","@id":"https:\/\/www.accuratereviews.com\/it\/software-gestione-canali\/jurny-recensione\/#breadcrumb","itemListElement":[{"@type":"ListItem","position":1,"name":"Home","item":"https:\/\/www.accuratereviews.com\/it\/"},{"@type":"ListItem","position":2,"name":"Software per la gestione dei canali","item":"https:\/\/www.accuratereviews.com\/it\/software-gestione-canali\/"},{"@type":"ListItem","position":3,"name":"Jurny"}]},{"@type":"WebSite","@id":"https:\/\/www.accuratereviews.com\/it\/#website","url":"https:\/\/www.accuratereviews.com\/it\/","name":"Accurate Reviews","description":"","potentialAction":[{"@type":"SearchAction","target":{"@type":"EntryPoint","urlTemplate":"https:\/\/www.accuratereviews.com\/it\/?s={search_term_string}"},"query-input":{"@type":"PropertyValueSpecification","valueRequired":true,"valueName":"search_term_string"}}],"inLanguage":"it-IT"}]}},"_links":{"self":[{"href":"https:\/\/www.accuratereviews.com\/it\/wp-json\/wp\/v2\/pages\/65920","targetHints":{"allow":["GET"]}}],"collection":[{"href":"https:\/\/www.accuratereviews.com\/it\/wp-json\/wp\/v2\/pages"}],"about":[{"href":"https:\/\/www.accuratereviews.com\/it\/wp-json\/wp\/v2\/types\/page"}],"author":[{"embeddable":true,"href":"https:\/\/www.accuratereviews.com\/it\/wp-json\/wp\/v2\/users\/17"}],"replies":[{"embeddable":true,"href":"https:\/\/www.accuratereviews.com\/it\/wp-json\/wp\/v2\/comments?post=65920"}],"version-history":[{"count":3,"href":"https:\/\/www.accuratereviews.com\/it\/wp-json\/wp\/v2\/pages\/65920\/revisions"}],"predecessor-version":[{"id":65945,"href":"https:\/\/www.accuratereviews.com\/it\/wp-json\/wp\/v2\/pages\/65920\/revisions\/65945"}],"up":[{"embeddable":true,"href":"https:\/\/www.accuratereviews.com\/it\/wp-json\/wp\/v2\/pages\/65711"}],"wp:featuredmedia":[{"embeddable":true,"href":"https:\/\/www.accuratereviews.com\/it\/wp-json\/wp\/v2\/media\/65909"}],"wp:attachment":[{"href":"https:\/\/www.accuratereviews.com\/it\/wp-json\/wp\/v2\/media?parent=65920"}],"wp:term":[{"taxonomy":"category","embeddable":true,"href":"https:\/\/www.accuratereviews.com\/it\/wp-json\/wp\/v2\/categories?post=65920"},{"taxonomy":"post_tag","embeddable":true,"href":"https:\/\/www.accuratereviews.com\/it\/wp-json\/wp\/v2\/tags?post=65920"},{"taxonomy":"features","embeddable":true,"href":"https:\/\/www.accuratereviews.com\/it\/wp-json\/wp\/v2\/features?post=65920"}],"curies":[{"name":"wp","href":"https:\/\/api.w.org\/{rel}","templated":true}]}}