{"id":65965,"date":"2023-01-11T15:24:15","date_gmt":"2023-01-11T15:24:15","guid":{"rendered":"https:\/\/www.accuratereviews.com\/?page_id=65965"},"modified":"2023-01-11T15:24:15","modified_gmt":"2023-01-11T15:24:15","slug":"datafeedwatch-recensione","status":"publish","type":"page","link":"https:\/\/www.accuratereviews.com\/it\/software-gestione-canali\/datafeedwatch-recensione\/","title":{"rendered":"DataFeedWatch"},"content":{"rendered":"<p><strong>DataFeedWatch<\/strong> pu\u00f2 facilmente ottimizzare il tuo feed di dati e consentirti di fare pubblicit\u00e0 su diversi canali di acquisto come Google shopping, Facebook, Instagram, Pinterest, Amazon, eBay, Bing, Shopzilla, Criteo e molti altri. Aumenta la visibilit\u00e0 dei tuoi prodotti e, di conseguenza, le vendite. Questo strumento mostra anche le prestazioni di ogni prodotto su ogni canale: i prodotti con scarso rendimento possono essere rimossi con un solo clic per aumentare il ROI complessivo della campagna.<br \/>\nCon <strong>DataFeedWatch<\/strong> puoi: aggiungere dati mancanti, inserire etichette personalizzate, combinare campi, assegnare la categoria esatta ed escludere prodotti. L&#8217;applicazione ti consente di unire e separare il tuo feed in base ai requisiti del canale.<\/p>\n<h2>DATAFEEDWATCH &#8211; TUTORIAL<\/h2>\n<div id=\"fluid-wrapper-counter-1\" class=\"g1-fluid-wrapper \" style=\"width:686px;\">\n<div style=\"padding-bottom:56.268221574344%;\"><iframe loading=\"lazy\" title=\"DataFeedWatch - Outil d&#039;Optimisation des Flux Shopping\" width=\"686\" height=\"386\" src=\"https:\/\/www.youtube.com\/embed\/mj68yyINanM?feature=oembed&amp;wmode=transparent&amp;autohide=1&amp;autoplay=0&amp;disablekb=0&amp;fs=1&amp;loop=0&amp;enablejsapi=1&amp;rel=0&amp;controls=2&amp;showinfo=0&amp;wmode=transparent&amp;autohide=2&amp;autoplay=0&amp;disablekb=0&amp;fs=1&amp;loop=0&amp;enablejsapi=1&amp;rel=0&amp;controls=2&amp;showinfo=1\" frameborder=\"0\" allow=\"accelerometer; autoplay; clipboard-write; encrypted-media; gyroscope; picture-in-picture; web-share\" allowfullscreen><\/iframe><\/div>\n<\/div>\n<h3>DATAFEEDWATCH &#8211; CARATTERISTICHE<\/h3>\n<ul>\n<li style=\"font-weight: 400;\">Crea annunci in funzione della tua audience<\/li>\n<li style=\"font-weight: 400;\">Arricchisci le informazioni sui tuoi prodotti<\/li>\n<li style=\"font-weight: 400;\">Aumenta i tassi di conversione ed il ROI<\/li>\n<li style=\"font-weight: 400;\">Performance di ogni articolo presente nel feed segmentate per canale di vendita,<\/li>\n<li style=\"font-weight: 400;\">Risultati di ciascun prodotto su ogni canale<\/li>\n<li style=\"font-weight: 400;\">Escludi gli articoli con i risultati peggiori con un solo clic in modo da gestire meglio il budget e incrementare il tuo ROI.<\/li>\n<li style=\"font-weight: 400;\">Genera parole chiave uniche direttamente dagli attributi dei prodotti<\/li>\n<li style=\"font-weight: 400;\">Copri i vari tipi di traffico sulla rete di ricerca<\/li>\n<li style=\"font-weight: 400;\">Determina il CPC massimo e il CPA in base al prezzo o al margine<\/li>\n<li style=\"font-weight: 400;\">Ottimizza le inserzioni per creare descrizioni specifiche per un determinato marketplace.<\/li>\n<li style=\"font-weight: 400;\">Scopri dove ti trovi rispetto alla concorrenza e pianifica una strategia di successo per rivendicare la tua quota di mercato.<\/li>\n<\/ul>\n<h4>LE RECENSIONI DEGLI UTENTI<\/h4>\n<div class=\"text-ash mb-3\"><strong>Salvatore &#8220;Uno strumento indispensabile per chi lavora con ecommerce&#8221;<\/strong><br \/>\n<strong>Commenti<\/strong>: Davvero molto positiva, sia la piattaforma \u00e8 utilissima nello sviluppo e la gestione di campagne shopping, per ogni evenienza l&#8217;assistenza \u00e8 sempre pronta ad aiutare.<br \/>\n<strong>Pro<\/strong>: Il software \u00e8 facile da utilizzare, da la possibilit\u00e0, in pochi clic, di collegare qualsiasi piattaforma ecommerce ed importare i prodotti all&#8217;interno della piattaforma dove \u00e8 creare e rivedere i feed per le diverse piattaforme sulle quali fare advertising. Inoltre, \u00e8 possibile creare delle campagne sulla Rete di Ricerca con degli annunci dinamici basati sui dati del feed.<br \/>\n<strong>Contro<\/strong>: Il software si collega facilmente, tramite app, a Shopify, per collegarlo a WordPress o PrestaShop \u00e8 necessario caricare un file bridge sul proprio spazio web. Nel caso in cui non si avesse familiarit\u00e0 con tale operazione, si pu\u00f2 contare su un&#8217;assistenza a 5 stelle!<\/div>\n<div><\/div>\n<div class=\"text-ash mb-3\"><strong>Michele&#8221;software completo&#8221;<\/strong><br \/>\n<strong>Commenti<\/strong>: ottimo<br \/>\n<strong>Pro<\/strong>: facile da usare, avanzato nelle funzionalit\u00e0, ottima assistenza, buoni sviluppi, campagne marketing pi\u00f9 efficaci<br \/>\n<strong>Contro<\/strong>: nessun tipo di limite finora riscontrato<\/div>\n<div><\/div>\n<div class=\"text-ash mb-3\"><strong>Giulia &#8220;Accessibilit\u00e0 al top!&#8221;<\/strong><br \/>\n<strong>Commenti<\/strong>: Ci siamo trovati bene e l&#8217;abbiamo scelto sopratutto per l&#8217;assistenza tecnica eccellente: Matteo ci ha seguiti dall&#8217;inizio alla fine ed \u00e8 stato sempre disponibile.<br \/>\nLo useremo di sicuro per le prossime volte in cui ci servir\u00e0 un feed dedicato.<br \/>\n<strong>Pro<\/strong>: Il software, anche se pu\u00f2 sembrare inaccessibile a una prima occhiata, una volta presa dimestichezza con le sue dinamiche risulta facile da utilizzare e comodo per apportare modifiche al feed dei prodotti.<br \/>\n<strong>Contro<\/strong>: Credo sia necessaria una spiegazione\/lezione approfondita prima di poter cominciare a usarlo in piena autonomia. A tal proposito, \u00e8 stata fantastica l&#8217;assistenza!<\/div>\n","protected":false},"excerpt":{"rendered":"<p>DataFeedWatch pu\u00f2 facilmente ottimizzare il tuo feed di dati e consentirti di fare pubblicit\u00e0 su diversi canali di acquisto come Google shopping, Facebook, Instagram, Pinterest, Amazon, eBay, Bing, Shopzilla, Criteo e molti altri. Aumenta la visibilit\u00e0 dei tuoi prodotti e, di conseguenza, le vendite.<\/p>\n","protected":false},"author":19,"featured_media":65966,"parent":65711,"menu_order":0,"comment_status":"open","ping_status":"closed","template":"g1_template_page_review_new.php","meta":{"_acf_changed":false,"cwp_meta_box_check":"Yes","cwp_rev_product_name":"","cwp_rev_product_image":"","wppr_links":[],"cwp_rev_price":"0.00","wppr_options":[{"name":"Usability","value":"0"},{"name":"Speed","value":"0"},{"name":"Features","value":"0"},{"name":"Support","value":"0"},{"name":"Pricing","value":"0"}],"wppr_pros":["","","","",""],"wppr_cons":["","","","",""],"_monsterinsights_skip_tracking":false,"_monsterinsights_sitenote_active":false,"_monsterinsights_sitenote_note":"","_monsterinsights_sitenote_category":0,"footnotes":""},"categories":[13985],"tags":[13994,14024,14010,13991,14025,13988,13992],"features":[],"class_list":{"0":"post-65965","1":"page","2":"type-page","3":"status-publish","4":"has-post-thumbnail","6":"category-software-gestione-canali-cat","7":"tag-app-gestione-canali","8":"tag-datafeedwatch","9":"tag-gestione-canali","10":"tag-piattaforma-gestione-canali","11":"tag-programma-gestioni-canali","12":"tag-software-gestione-canali","13":"tag-soluzione-gestione-canali"},"wppr_data":{"cwp_meta_box_check":"Yes","_wppr_review_template":"default","cwp_rev_product_image":"","cwp_image_link":"image","wppr_links":[],"cwp_rev_price":"0.00","wppr_pros":["","","","",""],"wppr_cons":["","","","",""],"wppr_rating":"0.00","wppr_options":{"1":{"name":"Usability","value":"0"},"2":{"name":"Speed","value":"0"},"3":{"name":"Features","value":"0"},"4":{"name":"Support","value":"0"},"5":{"name":"Pricing","value":"0"}},"wppr_review_type":"Product","wppr_review_custom_fields":{"additionalProperty":"","additionalType":"","aggregateRating":"","alternateName":"","audience":"","award":"","awards":"","brand":"","color":"","depth":"","description":"","disambiguatingDescription":"","gtin12":"","gtin13":"","gtin14":"","gtin8":"","height":"","identifier":"","image":"","isAccessoryOrSparePartFor":"","isConsumableFor":"","isRelatedTo":"","isSimilarTo":"","itemCondition":"","logo":"","mainEntityOfPage":"","manufacturer":"","material":"","model":"","mpn":"","name":"","offers":"","potentialAction":"","productID":"","productionDate":"","purchaseDate":"","releaseDate":"","review":"","reviews":"","sameAs":"","sku":"","slogan":"","subjectOf":"","url":"","weight":"","width":""}},"acf":[],"yoast_head":"<!-- This site is optimized with the Yoast SEO plugin v27.4 - https:\/\/yoast.com\/product\/yoast-seo-wordpress\/ -->\n<title>DataFeedWatch: recensione software gestione canali<\/title>\n<meta name=\"description\" content=\"DataFeedWatch: recensione software per ottimizzare il tuo feed di dati e consentirti di fare pubblicit\u00e0 su diversi canali di acquisto.\" \/>\n<meta name=\"robots\" content=\"index, follow, max-snippet:-1, max-image-preview:large, max-video-preview:-1\" \/>\n<link rel=\"canonical\" href=\"https:\/\/www.accuratereviews.com\/it\/software-gestione-canali\/datafeedwatch-recensione\/\" \/>\n<meta property=\"og:locale\" content=\"it_IT\" \/>\n<meta property=\"og:type\" content=\"article\" \/>\n<meta property=\"og:title\" content=\"DataFeedWatch: recensione software gestione canali\" \/>\n<meta property=\"og:description\" content=\"DataFeedWatch: recensione software per ottimizzare il tuo feed di dati e consentirti di fare pubblicit\u00e0 su diversi canali di acquisto.\" \/>\n<meta property=\"og:url\" content=\"https:\/\/www.accuratereviews.com\/it\/software-gestione-canali\/datafeedwatch-recensione\/\" \/>\n<meta property=\"og:site_name\" content=\"Accurate Reviews\" \/>\n<meta property=\"og:image\" content=\"https:\/\/www.accuratereviews.com\/wp-content\/uploads\/2023\/01\/DataFeedWatch.png\" \/>\n\t<meta property=\"og:image:width\" content=\"229\" \/>\n\t<meta property=\"og:image:height\" content=\"229\" \/>\n\t<meta property=\"og:image:type\" content=\"image\/png\" \/>\n<meta name=\"twitter:card\" content=\"summary_large_image\" \/>\n<meta name=\"twitter:label1\" content=\"Tempo di lettura stimato\" \/>\n\t<meta name=\"twitter:data1\" content=\"3 minuti\" \/>\n<script type=\"application\/ld+json\" class=\"yoast-schema-graph\">{\"@context\":\"https:\\\/\\\/schema.org\",\"@graph\":[{\"@type\":\"WebPage\",\"@id\":\"https:\\\/\\\/www.accuratereviews.com\\\/it\\\/software-gestione-canali\\\/datafeedwatch-recensione\\\/\",\"url\":\"https:\\\/\\\/www.accuratereviews.com\\\/it\\\/software-gestione-canali\\\/datafeedwatch-recensione\\\/\",\"name\":\"DataFeedWatch: recensione software gestione canali\",\"isPartOf\":{\"@id\":\"https:\\\/\\\/www.accuratereviews.com\\\/it\\\/#website\"},\"primaryImageOfPage\":{\"@id\":\"https:\\\/\\\/www.accuratereviews.com\\\/it\\\/software-gestione-canali\\\/datafeedwatch-recensione\\\/#primaryimage\"},\"image\":{\"@id\":\"https:\\\/\\\/www.accuratereviews.com\\\/it\\\/software-gestione-canali\\\/datafeedwatch-recensione\\\/#primaryimage\"},\"thumbnailUrl\":\"https:\\\/\\\/www.accuratereviews.com\\\/wp-content\\\/uploads\\\/2023\\\/01\\\/DataFeedWatch.png\",\"datePublished\":\"2023-01-11T15:24:15+00:00\",\"description\":\"DataFeedWatch: recensione software per ottimizzare il tuo feed di dati e consentirti di fare pubblicit\u00e0 su diversi canali di acquisto.\",\"breadcrumb\":{\"@id\":\"https:\\\/\\\/www.accuratereviews.com\\\/it\\\/software-gestione-canali\\\/datafeedwatch-recensione\\\/#breadcrumb\"},\"inLanguage\":\"it-IT\",\"potentialAction\":[{\"@type\":\"ReadAction\",\"target\":[\"https:\\\/\\\/www.accuratereviews.com\\\/it\\\/software-gestione-canali\\\/datafeedwatch-recensione\\\/\"]}]},{\"@type\":\"ImageObject\",\"inLanguage\":\"it-IT\",\"@id\":\"https:\\\/\\\/www.accuratereviews.com\\\/it\\\/software-gestione-canali\\\/datafeedwatch-recensione\\\/#primaryimage\",\"url\":\"https:\\\/\\\/www.accuratereviews.com\\\/wp-content\\\/uploads\\\/2023\\\/01\\\/DataFeedWatch.png\",\"contentUrl\":\"https:\\\/\\\/www.accuratereviews.com\\\/wp-content\\\/uploads\\\/2023\\\/01\\\/DataFeedWatch.png\",\"width\":229,\"height\":229},{\"@type\":\"BreadcrumbList\",\"@id\":\"https:\\\/\\\/www.accuratereviews.com\\\/it\\\/software-gestione-canali\\\/datafeedwatch-recensione\\\/#breadcrumb\",\"itemListElement\":[{\"@type\":\"ListItem\",\"position\":1,\"name\":\"Home\",\"item\":\"https:\\\/\\\/www.accuratereviews.com\\\/it\\\/\"},{\"@type\":\"ListItem\",\"position\":2,\"name\":\"Software per la gestione dei canali\",\"item\":\"https:\\\/\\\/www.accuratereviews.com\\\/it\\\/software-gestione-canali\\\/\"},{\"@type\":\"ListItem\",\"position\":3,\"name\":\"DataFeedWatch\"}]},{\"@type\":\"WebSite\",\"@id\":\"https:\\\/\\\/www.accuratereviews.com\\\/it\\\/#website\",\"url\":\"https:\\\/\\\/www.accuratereviews.com\\\/it\\\/\",\"name\":\"Accurate Reviews\",\"description\":\"\",\"potentialAction\":[{\"@type\":\"SearchAction\",\"target\":{\"@type\":\"EntryPoint\",\"urlTemplate\":\"https:\\\/\\\/www.accuratereviews.com\\\/it\\\/?s={search_term_string}\"},\"query-input\":{\"@type\":\"PropertyValueSpecification\",\"valueRequired\":true,\"valueName\":\"search_term_string\"}}],\"inLanguage\":\"it-IT\"}]}<\/script>\n<!-- \/ Yoast SEO plugin. -->","yoast_head_json":{"title":"DataFeedWatch: recensione software gestione canali","description":"DataFeedWatch: recensione software per ottimizzare il tuo feed di dati e consentirti di fare pubblicit\u00e0 su diversi canali di acquisto.","robots":{"index":"index","follow":"follow","max-snippet":"max-snippet:-1","max-image-preview":"max-image-preview:large","max-video-preview":"max-video-preview:-1"},"canonical":"https:\/\/www.accuratereviews.com\/it\/software-gestione-canali\/datafeedwatch-recensione\/","og_locale":"it_IT","og_type":"article","og_title":"DataFeedWatch: recensione software gestione canali","og_description":"DataFeedWatch: recensione software per ottimizzare il tuo feed di dati e consentirti di fare pubblicit\u00e0 su diversi canali di acquisto.","og_url":"https:\/\/www.accuratereviews.com\/it\/software-gestione-canali\/datafeedwatch-recensione\/","og_site_name":"Accurate Reviews","og_image":[{"width":229,"height":229,"url":"https:\/\/www.accuratereviews.com\/wp-content\/uploads\/2023\/01\/DataFeedWatch.png","type":"image\/png"}],"twitter_card":"summary_large_image","twitter_misc":{"Tempo di lettura stimato":"3 minuti"},"schema":{"@context":"https:\/\/schema.org","@graph":[{"@type":"WebPage","@id":"https:\/\/www.accuratereviews.com\/it\/software-gestione-canali\/datafeedwatch-recensione\/","url":"https:\/\/www.accuratereviews.com\/it\/software-gestione-canali\/datafeedwatch-recensione\/","name":"DataFeedWatch: recensione software gestione canali","isPartOf":{"@id":"https:\/\/www.accuratereviews.com\/it\/#website"},"primaryImageOfPage":{"@id":"https:\/\/www.accuratereviews.com\/it\/software-gestione-canali\/datafeedwatch-recensione\/#primaryimage"},"image":{"@id":"https:\/\/www.accuratereviews.com\/it\/software-gestione-canali\/datafeedwatch-recensione\/#primaryimage"},"thumbnailUrl":"https:\/\/www.accuratereviews.com\/wp-content\/uploads\/2023\/01\/DataFeedWatch.png","datePublished":"2023-01-11T15:24:15+00:00","description":"DataFeedWatch: recensione software per ottimizzare il tuo feed di dati e consentirti di fare pubblicit\u00e0 su diversi canali di acquisto.","breadcrumb":{"@id":"https:\/\/www.accuratereviews.com\/it\/software-gestione-canali\/datafeedwatch-recensione\/#breadcrumb"},"inLanguage":"it-IT","potentialAction":[{"@type":"ReadAction","target":["https:\/\/www.accuratereviews.com\/it\/software-gestione-canali\/datafeedwatch-recensione\/"]}]},{"@type":"ImageObject","inLanguage":"it-IT","@id":"https:\/\/www.accuratereviews.com\/it\/software-gestione-canali\/datafeedwatch-recensione\/#primaryimage","url":"https:\/\/www.accuratereviews.com\/wp-content\/uploads\/2023\/01\/DataFeedWatch.png","contentUrl":"https:\/\/www.accuratereviews.com\/wp-content\/uploads\/2023\/01\/DataFeedWatch.png","width":229,"height":229},{"@type":"BreadcrumbList","@id":"https:\/\/www.accuratereviews.com\/it\/software-gestione-canali\/datafeedwatch-recensione\/#breadcrumb","itemListElement":[{"@type":"ListItem","position":1,"name":"Home","item":"https:\/\/www.accuratereviews.com\/it\/"},{"@type":"ListItem","position":2,"name":"Software per la gestione dei canali","item":"https:\/\/www.accuratereviews.com\/it\/software-gestione-canali\/"},{"@type":"ListItem","position":3,"name":"DataFeedWatch"}]},{"@type":"WebSite","@id":"https:\/\/www.accuratereviews.com\/it\/#website","url":"https:\/\/www.accuratereviews.com\/it\/","name":"Accurate Reviews","description":"","potentialAction":[{"@type":"SearchAction","target":{"@type":"EntryPoint","urlTemplate":"https:\/\/www.accuratereviews.com\/it\/?s={search_term_string}"},"query-input":{"@type":"PropertyValueSpecification","valueRequired":true,"valueName":"search_term_string"}}],"inLanguage":"it-IT"}]}},"_links":{"self":[{"href":"https:\/\/www.accuratereviews.com\/it\/wp-json\/wp\/v2\/pages\/65965","targetHints":{"allow":["GET"]}}],"collection":[{"href":"https:\/\/www.accuratereviews.com\/it\/wp-json\/wp\/v2\/pages"}],"about":[{"href":"https:\/\/www.accuratereviews.com\/it\/wp-json\/wp\/v2\/types\/page"}],"author":[{"embeddable":true,"href":"https:\/\/www.accuratereviews.com\/it\/wp-json\/wp\/v2\/users\/19"}],"replies":[{"embeddable":true,"href":"https:\/\/www.accuratereviews.com\/it\/wp-json\/wp\/v2\/comments?post=65965"}],"version-history":[{"count":12,"href":"https:\/\/www.accuratereviews.com\/it\/wp-json\/wp\/v2\/pages\/65965\/revisions"}],"predecessor-version":[{"id":66013,"href":"https:\/\/www.accuratereviews.com\/it\/wp-json\/wp\/v2\/pages\/65965\/revisions\/66013"}],"up":[{"embeddable":true,"href":"https:\/\/www.accuratereviews.com\/it\/wp-json\/wp\/v2\/pages\/65711"}],"wp:featuredmedia":[{"embeddable":true,"href":"https:\/\/www.accuratereviews.com\/it\/wp-json\/wp\/v2\/media\/65966"}],"wp:attachment":[{"href":"https:\/\/www.accuratereviews.com\/it\/wp-json\/wp\/v2\/media?parent=65965"}],"wp:term":[{"taxonomy":"category","embeddable":true,"href":"https:\/\/www.accuratereviews.com\/it\/wp-json\/wp\/v2\/categories?post=65965"},{"taxonomy":"post_tag","embeddable":true,"href":"https:\/\/www.accuratereviews.com\/it\/wp-json\/wp\/v2\/tags?post=65965"},{"taxonomy":"features","embeddable":true,"href":"https:\/\/www.accuratereviews.com\/it\/wp-json\/wp\/v2\/features?post=65965"}],"curies":[{"name":"wp","href":"https:\/\/api.w.org\/{rel}","templated":true}]}}