{"id":65987,"date":"2023-01-11T15:21:22","date_gmt":"2023-01-11T15:21:22","guid":{"rendered":"https:\/\/www.accuratereviews.com\/?page_id=65987"},"modified":"2023-01-11T15:21:22","modified_gmt":"2023-01-11T15:21:22","slug":"ezee-centrix-recensione","status":"publish","type":"page","link":"https:\/\/www.accuratereviews.com\/it\/software-gestione-canali\/ezee-centrix-recensione\/","title":{"rendered":"eZee Centrix"},"content":{"rendered":"<p class=\"h3 mb-2\"><strong>eZee Centrix<\/strong> \u00e8 un <strong>software di gestione dei canali alberghieri<\/strong> che supporta i proprietari e i gestori di attivit\u00e0 ricettive nell&#8217;aggiornamento dell&#8217;inventario online, delle tariffe, e delle prenotazioni. In un&#8217;unica piattaforma sar\u00e0 possibile gestire tutti i canali, aggiornando i dati in tempo reale e riducendo al minimo i problemi associati all&#8217;overbooking e alla mancata corrispondenza dell&#8217;inventario.<br \/>\n<strong>eZee Centrix\u00a0<\/strong>funge da ponte tra la tua struttura e le numerose piattaforme di prenotazione turistica, offrendoti maggiore visibilit\u00e0 e, di conseguenza, pi\u00f9 prenotazioni.<\/p>\n<h2>EZEE CENTRIX &#8211; TUTORIAL<\/h2>\n<div id=\"fluid-wrapper-counter-1\" class=\"g1-fluid-wrapper \" style=\"width:686px;\">\n<div style=\"padding-bottom:56.268221574344%;\"><iframe loading=\"lazy\" title=\"How to Check and Analyze Reports in eZee Centrix Hotel Channel Manager?\" width=\"686\" height=\"386\" src=\"https:\/\/www.youtube.com\/embed\/5Bc8T5VCVkU?feature=oembed&amp;wmode=transparent&amp;autohide=1&amp;autoplay=0&amp;disablekb=0&amp;fs=1&amp;loop=0&amp;enablejsapi=1&amp;rel=0&amp;controls=2&amp;showinfo=0&amp;wmode=transparent&amp;autohide=2&amp;autoplay=0&amp;disablekb=0&amp;fs=1&amp;loop=0&amp;enablejsapi=1&amp;rel=0&amp;controls=2&amp;showinfo=1\" frameborder=\"0\" allow=\"accelerometer; autoplay; clipboard-write; encrypted-media; gyroscope; picture-in-picture; web-share\" allowfullscreen><\/iframe><\/div>\n<\/div>\n<h3>EZEE CENTRIX &#8211; CARATTERISTICHE<\/h3>\n<ul>\n<li><strong>Distribuzione dell&#8217;inventario pi\u00f9 rapida<\/strong>: aggiornare l&#8217;inventario e le tariffe \u00e8 una questione di secondi. Puoi essere presente su tutti i canali che vuoi e acquisire prenotazioni preziose.<\/li>\n<li><strong>Approfondimenti commerciali accurati<\/strong>: puoi avere informazioni in tempo reale sulle prestazioni della vostra struttura sui vari canali, con report su prenotazioni, ricavi, tassi di cancellazione e simili.<\/li>\n<li><strong>Gestione semplice del rendimento<\/strong>: vendi le tue camere alle tariffe migliori con la gestione del rendimento. Configura diverse tariffe in base alle fasce di occupazione e il channel manager modificher\u00e0 le tue tariffe di conseguenza.<\/li>\n<li><strong>Buoni OTA<\/strong>: non \u00e8 necessario accedere alle extranet di diverse piattaforme per ottenere i buoni OTA. Il channel manager per le prenotazioni alberghiere ti fornisce tali voucher direttamente nel software.<\/li>\n<li><strong>App mobile del channel manager<\/strong>: esegui le operazioni di distribuzione dell&#8217;inventario, come lo stop alla vendita, l&#8217;aggiornamento delle tariffe e dell&#8217;inventario, e molto altro ancora in punta di dita con l&#8217;app mobile del channel manager.<\/li>\n<li><strong>Soglia tariffaria<\/strong>: il software di distribuzione alberghiera ti salva dalla perdita di ricavi impedendoti di spingere le tariffe oltre i limiti minimi o massimi che avete impostato.<\/li>\n<li><strong>Verifica dei dati del CC<\/strong>: il channel manager dell&#8217;hotel verifica i dati del CC prima del check-in e ti avvisa se non sono validi, facendoti ottenere solo prenotazioni confermate.<\/li>\n<li><strong>Analisi delle tariffe dei concorrenti<\/strong>: le tariffe dei tuoi concorrenti vengono visualizzate direttamente nel sistema di distribuzione alberghiera. Questo ti permette di analizzare istantaneamente e di stabilire le tariffe migliori per il tuo hotel.<\/li>\n<li><strong>Allocazione ottimizzata dell&#8217;inventario<\/strong>: raccogli i depositi di prenotazione dal link di pagamento online inviato dal channel manager e assegna l&#8217;inventario solo per le prenotazioni confermate.<\/li>\n<li><strong>Aggiornamenti istantanei in blocco<\/strong>: la procedura guidata di distribuzione nel channel manager dell&#8217;hotel consente di eseguire aggiornamenti in blocco dell&#8217;inventario, delle camere e delle tariffe con un semplice clic.<\/li>\n<li><strong>Aggiornamenti in valuta estera<\/strong>: il channel manager ti consente di applicare le tariffe nella tua valuta locale alle OTA collegate, indipendentemente dalla valuta in cui operano le OTA.<\/li>\n<li><strong>Promozioni e messaggi OTA<\/strong>: \u00e8 possibile gestire promozioni e messaggi OTA con il software di gestione dei canali alberghieri senza alcuno sforzo.<\/li>\n<\/ul>\n<h4>LE RECENSIONI DEGLI UTENTI<\/h4>\n<p><strong>Dulanka &#8220;Buon prodotto e servizio&#8221;<\/strong><br \/>\nPro: Facile da usare e la navigazione \u00e8 piuttosto semplice. Ottimo supporto al cliente da parte del team dello Sri Lanka e il team di vendita \u00e8 molto disponibile.<br \/>\nContro: Niente di particolare da evidenziare. Finora tutto ok.<\/p>\n<p><strong>Prem Prakash &#8220;Ottimo Channel Manager!&#8221;<\/strong><br \/>\nCommenti: Molto bene!<br \/>\nPro: Gestione dei canali senza sforzo. L&#8217;albergatore pu\u00f2 gestire pi\u00f9 propriet\u00e0 con un solo Dasboard.<br \/>\nContro: Quasi tutte le funzionalit\u00e0 sono buone. Chiunque pu\u00f2 gestire tariffe e inventari.<\/p>\n<p><strong>Rogier &#8220;Tutto ci\u00f2 di cui hai bisogno per mantenere il controllo&#8221;.<\/strong><br \/>\nCommenti: Ezee \u00e8 onestamente il miglior sistema che abbiamo mai avuto. (Peggior sistema Hotelogix)<br \/>\nPro: Rende la vita pi\u00f9 facile! L&#8217;helpdesk \u00e8 sempre a disposizione 24 ore su 24, 7 giorni su 7<br \/>\nContro: Non c&#8217;\u00e8 un manuale, quindi ci pu\u00f2 volere un po&#8217; di tempo per arrivare dove si vuole, ma l&#8217;helpdesk \u00e8 sempre presente!<\/p>\n","protected":false},"excerpt":{"rendered":"<p>eZee Centrix \u00e8 un software di gestione dei canali alberghieri che supporta i proprietari e i gestori di attivit\u00e0 ricettive nell&#8217;aggiornamento dell&#8217;inventario online, delle tariffe, e delle prenotazioni. In un&#8217;unica piattaforma sar\u00e0 possibile gestire tutti i canali, aggiornando i dati in tempo reale e riducendo al minimo i problemi associati all&#8217;overbooking e alla mancata corrispondenza dell&#8217;inventario.<\/p>\n","protected":false},"author":17,"featured_media":65999,"parent":65711,"menu_order":0,"comment_status":"open","ping_status":"closed","template":"g1_template_page_review_new.php","meta":{"_acf_changed":false,"cwp_meta_box_check":"No","cwp_rev_product_name":"","cwp_rev_product_image":"","wppr_links":[],"cwp_rev_price":"","wppr_options":[],"wppr_pros":[],"wppr_cons":[],"_monsterinsights_skip_tracking":false,"_monsterinsights_sitenote_active":false,"_monsterinsights_sitenote_note":"","_monsterinsights_sitenote_category":0,"footnotes":""},"categories":[13985],"tags":[13994,14010,13991,14025,13988,13992],"features":[],"class_list":{"0":"post-65987","1":"page","2":"type-page","3":"status-publish","4":"has-post-thumbnail","6":"category-software-gestione-canali-cat","7":"tag-app-gestione-canali","8":"tag-gestione-canali","9":"tag-piattaforma-gestione-canali","10":"tag-programma-gestioni-canali","11":"tag-software-gestione-canali","12":"tag-soluzione-gestione-canali"},"wppr_data":{"cwp_meta_box_check":"No"},"acf":[],"yoast_head":"<!-- This site is optimized with the Yoast SEO plugin v27.4 - https:\/\/yoast.com\/product\/yoast-seo-wordpress\/ -->\n<title>eZee Centrix: software gestione canali - Accurate Reviews<\/title>\n<meta name=\"description\" content=\"eZee Centrix: recensione del software di gestione dei canali alberghieri che si rivolge ai proprietari e ai gestori di attivit\u00e0 ricettive.\" \/>\n<meta name=\"robots\" content=\"index, follow, max-snippet:-1, max-image-preview:large, max-video-preview:-1\" \/>\n<link rel=\"canonical\" href=\"https:\/\/www.accuratereviews.com\/it\/software-gestione-canali\/ezee-centrix-recensione\/\" \/>\n<meta property=\"og:locale\" content=\"it_IT\" \/>\n<meta property=\"og:type\" content=\"article\" \/>\n<meta property=\"og:title\" content=\"eZee Centrix: software gestione canali - Accurate Reviews\" \/>\n<meta property=\"og:description\" content=\"eZee Centrix: recensione del software di gestione dei canali alberghieri che si rivolge ai proprietari e ai gestori di attivit\u00e0 ricettive.\" \/>\n<meta property=\"og:url\" content=\"https:\/\/www.accuratereviews.com\/it\/software-gestione-canali\/ezee-centrix-recensione\/\" \/>\n<meta property=\"og:site_name\" content=\"Accurate Reviews\" \/>\n<meta property=\"og:image\" content=\"https:\/\/www.accuratereviews.com\/wp-content\/uploads\/2023\/01\/Unknown-1.jpeg\" \/>\n\t<meta property=\"og:image:width\" content=\"267\" \/>\n\t<meta property=\"og:image:height\" content=\"200\" \/>\n\t<meta property=\"og:image:type\" content=\"image\/jpeg\" \/>\n<meta name=\"twitter:card\" content=\"summary_large_image\" \/>\n<meta name=\"twitter:label1\" content=\"Tempo di lettura stimato\" \/>\n\t<meta name=\"twitter:data1\" content=\"4 minuti\" \/>\n<script type=\"application\/ld+json\" class=\"yoast-schema-graph\">{\"@context\":\"https:\\\/\\\/schema.org\",\"@graph\":[{\"@type\":\"WebPage\",\"@id\":\"https:\\\/\\\/www.accuratereviews.com\\\/it\\\/software-gestione-canali\\\/ezee-centrix-recensione\\\/\",\"url\":\"https:\\\/\\\/www.accuratereviews.com\\\/it\\\/software-gestione-canali\\\/ezee-centrix-recensione\\\/\",\"name\":\"eZee Centrix: software gestione canali - Accurate Reviews\",\"isPartOf\":{\"@id\":\"https:\\\/\\\/www.accuratereviews.com\\\/it\\\/#website\"},\"primaryImageOfPage\":{\"@id\":\"https:\\\/\\\/www.accuratereviews.com\\\/it\\\/software-gestione-canali\\\/ezee-centrix-recensione\\\/#primaryimage\"},\"image\":{\"@id\":\"https:\\\/\\\/www.accuratereviews.com\\\/it\\\/software-gestione-canali\\\/ezee-centrix-recensione\\\/#primaryimage\"},\"thumbnailUrl\":\"https:\\\/\\\/www.accuratereviews.com\\\/wp-content\\\/uploads\\\/2023\\\/01\\\/Unknown-1.jpeg\",\"datePublished\":\"2023-01-11T15:21:22+00:00\",\"description\":\"eZee Centrix: recensione del software di gestione dei canali alberghieri che si rivolge ai proprietari e ai gestori di attivit\u00e0 ricettive.\",\"breadcrumb\":{\"@id\":\"https:\\\/\\\/www.accuratereviews.com\\\/it\\\/software-gestione-canali\\\/ezee-centrix-recensione\\\/#breadcrumb\"},\"inLanguage\":\"it-IT\",\"potentialAction\":[{\"@type\":\"ReadAction\",\"target\":[\"https:\\\/\\\/www.accuratereviews.com\\\/it\\\/software-gestione-canali\\\/ezee-centrix-recensione\\\/\"]}]},{\"@type\":\"ImageObject\",\"inLanguage\":\"it-IT\",\"@id\":\"https:\\\/\\\/www.accuratereviews.com\\\/it\\\/software-gestione-canali\\\/ezee-centrix-recensione\\\/#primaryimage\",\"url\":\"https:\\\/\\\/www.accuratereviews.com\\\/wp-content\\\/uploads\\\/2023\\\/01\\\/Unknown-1.jpeg\",\"contentUrl\":\"https:\\\/\\\/www.accuratereviews.com\\\/wp-content\\\/uploads\\\/2023\\\/01\\\/Unknown-1.jpeg\",\"width\":267,\"height\":200},{\"@type\":\"BreadcrumbList\",\"@id\":\"https:\\\/\\\/www.accuratereviews.com\\\/it\\\/software-gestione-canali\\\/ezee-centrix-recensione\\\/#breadcrumb\",\"itemListElement\":[{\"@type\":\"ListItem\",\"position\":1,\"name\":\"Home\",\"item\":\"https:\\\/\\\/www.accuratereviews.com\\\/it\\\/\"},{\"@type\":\"ListItem\",\"position\":2,\"name\":\"Software per la gestione dei canali\",\"item\":\"https:\\\/\\\/www.accuratereviews.com\\\/it\\\/software-gestione-canali\\\/\"},{\"@type\":\"ListItem\",\"position\":3,\"name\":\"eZee Centrix\"}]},{\"@type\":\"WebSite\",\"@id\":\"https:\\\/\\\/www.accuratereviews.com\\\/it\\\/#website\",\"url\":\"https:\\\/\\\/www.accuratereviews.com\\\/it\\\/\",\"name\":\"Accurate Reviews\",\"description\":\"\",\"potentialAction\":[{\"@type\":\"SearchAction\",\"target\":{\"@type\":\"EntryPoint\",\"urlTemplate\":\"https:\\\/\\\/www.accuratereviews.com\\\/it\\\/?s={search_term_string}\"},\"query-input\":{\"@type\":\"PropertyValueSpecification\",\"valueRequired\":true,\"valueName\":\"search_term_string\"}}],\"inLanguage\":\"it-IT\"}]}<\/script>\n<!-- \/ Yoast SEO plugin. -->","yoast_head_json":{"title":"eZee Centrix: software gestione canali - Accurate Reviews","description":"eZee Centrix: recensione del software di gestione dei canali alberghieri che si rivolge ai proprietari e ai gestori di attivit\u00e0 ricettive.","robots":{"index":"index","follow":"follow","max-snippet":"max-snippet:-1","max-image-preview":"max-image-preview:large","max-video-preview":"max-video-preview:-1"},"canonical":"https:\/\/www.accuratereviews.com\/it\/software-gestione-canali\/ezee-centrix-recensione\/","og_locale":"it_IT","og_type":"article","og_title":"eZee Centrix: software gestione canali - Accurate Reviews","og_description":"eZee Centrix: recensione del software di gestione dei canali alberghieri che si rivolge ai proprietari e ai gestori di attivit\u00e0 ricettive.","og_url":"https:\/\/www.accuratereviews.com\/it\/software-gestione-canali\/ezee-centrix-recensione\/","og_site_name":"Accurate Reviews","og_image":[{"width":267,"height":200,"url":"https:\/\/www.accuratereviews.com\/wp-content\/uploads\/2023\/01\/Unknown-1.jpeg","type":"image\/jpeg"}],"twitter_card":"summary_large_image","twitter_misc":{"Tempo di lettura stimato":"4 minuti"},"schema":{"@context":"https:\/\/schema.org","@graph":[{"@type":"WebPage","@id":"https:\/\/www.accuratereviews.com\/it\/software-gestione-canali\/ezee-centrix-recensione\/","url":"https:\/\/www.accuratereviews.com\/it\/software-gestione-canali\/ezee-centrix-recensione\/","name":"eZee Centrix: software gestione canali - Accurate Reviews","isPartOf":{"@id":"https:\/\/www.accuratereviews.com\/it\/#website"},"primaryImageOfPage":{"@id":"https:\/\/www.accuratereviews.com\/it\/software-gestione-canali\/ezee-centrix-recensione\/#primaryimage"},"image":{"@id":"https:\/\/www.accuratereviews.com\/it\/software-gestione-canali\/ezee-centrix-recensione\/#primaryimage"},"thumbnailUrl":"https:\/\/www.accuratereviews.com\/wp-content\/uploads\/2023\/01\/Unknown-1.jpeg","datePublished":"2023-01-11T15:21:22+00:00","description":"eZee Centrix: recensione del software di gestione dei canali alberghieri che si rivolge ai proprietari e ai gestori di attivit\u00e0 ricettive.","breadcrumb":{"@id":"https:\/\/www.accuratereviews.com\/it\/software-gestione-canali\/ezee-centrix-recensione\/#breadcrumb"},"inLanguage":"it-IT","potentialAction":[{"@type":"ReadAction","target":["https:\/\/www.accuratereviews.com\/it\/software-gestione-canali\/ezee-centrix-recensione\/"]}]},{"@type":"ImageObject","inLanguage":"it-IT","@id":"https:\/\/www.accuratereviews.com\/it\/software-gestione-canali\/ezee-centrix-recensione\/#primaryimage","url":"https:\/\/www.accuratereviews.com\/wp-content\/uploads\/2023\/01\/Unknown-1.jpeg","contentUrl":"https:\/\/www.accuratereviews.com\/wp-content\/uploads\/2023\/01\/Unknown-1.jpeg","width":267,"height":200},{"@type":"BreadcrumbList","@id":"https:\/\/www.accuratereviews.com\/it\/software-gestione-canali\/ezee-centrix-recensione\/#breadcrumb","itemListElement":[{"@type":"ListItem","position":1,"name":"Home","item":"https:\/\/www.accuratereviews.com\/it\/"},{"@type":"ListItem","position":2,"name":"Software per la gestione dei canali","item":"https:\/\/www.accuratereviews.com\/it\/software-gestione-canali\/"},{"@type":"ListItem","position":3,"name":"eZee Centrix"}]},{"@type":"WebSite","@id":"https:\/\/www.accuratereviews.com\/it\/#website","url":"https:\/\/www.accuratereviews.com\/it\/","name":"Accurate Reviews","description":"","potentialAction":[{"@type":"SearchAction","target":{"@type":"EntryPoint","urlTemplate":"https:\/\/www.accuratereviews.com\/it\/?s={search_term_string}"},"query-input":{"@type":"PropertyValueSpecification","valueRequired":true,"valueName":"search_term_string"}}],"inLanguage":"it-IT"}]}},"_links":{"self":[{"href":"https:\/\/www.accuratereviews.com\/it\/wp-json\/wp\/v2\/pages\/65987","targetHints":{"allow":["GET"]}}],"collection":[{"href":"https:\/\/www.accuratereviews.com\/it\/wp-json\/wp\/v2\/pages"}],"about":[{"href":"https:\/\/www.accuratereviews.com\/it\/wp-json\/wp\/v2\/types\/page"}],"author":[{"embeddable":true,"href":"https:\/\/www.accuratereviews.com\/it\/wp-json\/wp\/v2\/users\/17"}],"replies":[{"embeddable":true,"href":"https:\/\/www.accuratereviews.com\/it\/wp-json\/wp\/v2\/comments?post=65987"}],"version-history":[{"count":4,"href":"https:\/\/www.accuratereviews.com\/it\/wp-json\/wp\/v2\/pages\/65987\/revisions"}],"predecessor-version":[{"id":66009,"href":"https:\/\/www.accuratereviews.com\/it\/wp-json\/wp\/v2\/pages\/65987\/revisions\/66009"}],"up":[{"embeddable":true,"href":"https:\/\/www.accuratereviews.com\/it\/wp-json\/wp\/v2\/pages\/65711"}],"wp:featuredmedia":[{"embeddable":true,"href":"https:\/\/www.accuratereviews.com\/it\/wp-json\/wp\/v2\/media\/65999"}],"wp:attachment":[{"href":"https:\/\/www.accuratereviews.com\/it\/wp-json\/wp\/v2\/media?parent=65987"}],"wp:term":[{"taxonomy":"category","embeddable":true,"href":"https:\/\/www.accuratereviews.com\/it\/wp-json\/wp\/v2\/categories?post=65987"},{"taxonomy":"post_tag","embeddable":true,"href":"https:\/\/www.accuratereviews.com\/it\/wp-json\/wp\/v2\/tags?post=65987"},{"taxonomy":"features","embeddable":true,"href":"https:\/\/www.accuratereviews.com\/it\/wp-json\/wp\/v2\/features?post=65987"}],"curies":[{"name":"wp","href":"https:\/\/api.w.org\/{rel}","templated":true}]}}