{"id":66015,"date":"2023-01-12T14:51:50","date_gmt":"2023-01-12T14:51:50","guid":{"rendered":"https:\/\/www.accuratereviews.com\/?page_id=66015"},"modified":"2023-01-16T12:01:09","modified_gmt":"2023-01-16T12:01:09","slug":"ownerrez-recensione","status":"publish","type":"page","link":"https:\/\/www.accuratereviews.com\/it\/software-gestione-canali\/ownerrez-recensione\/","title":{"rendered":"OwnerRez"},"content":{"rendered":"<p><strong>OwnerRez<\/strong> \u00e8 un motore completo per la <strong>gestione delle prenotazioni<\/strong>, creato per persone che possiedono una propriet\u00e0 adibita a casa vacanze. Si integra con canali come Vrbo, AirBnb e Booking.com per sincronizzare e aggiornare disponibilit\u00e0, tariffe, regole e contenuti degli elenchi. Inoltre accetta prenotazioni online, gestisce le richieste e comunica con gli ospiti. Fornisce siti web moderni e veloci, checkout degli ospiti con contratti di noleggio con firma elettronica e pu\u00f2 elaborare direttamente i pagamenti, inclusi i pagamenti futuri programmati automaticamente.<br \/>\nIl programma ti permette di controllare tutto attraverso un&#8217;unica dashboard. Le email inviate all&#8217;ospite sono modificate e puoi programmare le tue email in modo che vengano inviate automaticamente.<\/p>\n<h2>OWNERREZ &#8211; TUTORIAL<\/h2>\n<div id=\"fluid-wrapper-counter-1\" class=\"g1-fluid-wrapper \" style=\"width:686px;\">\n<div style=\"padding-bottom:56.268221574344%;\"><iframe loading=\"lazy\" title=\"MESSAGING - Overview\" width=\"515\" height=\"386\" src=\"https:\/\/www.youtube.com\/embed\/tcakagAvSyU?feature=oembed&amp;wmode=transparent&amp;autohide=1&amp;autoplay=0&amp;disablekb=0&amp;fs=1&amp;loop=0&amp;enablejsapi=1&amp;rel=0&amp;controls=2&amp;showinfo=0&amp;wmode=transparent&amp;autohide=2&amp;autoplay=0&amp;disablekb=0&amp;fs=1&amp;loop=0&amp;enablejsapi=1&amp;rel=0&amp;controls=2&amp;showinfo=1\" frameborder=\"0\" allow=\"accelerometer; autoplay; clipboard-write; encrypted-media; gyroscope; picture-in-picture; web-share\" allowfullscreen><\/iframe><\/div>\n<\/div>\n<h3>OWNERREZ &#8211; CARATTERISTICHE<\/h3>\n<ul>\n<li><strong>Sincronizza tutto<\/strong>: ogni piccola modifica viene immediatamente inviata al canale quando cambia. Tariffe, regole, disponibilit\u00e0, contenuti: tutto.<\/li>\n<li><strong>Prenota dalla soluzione<\/strong>: che si tratti di prenotazione immediata o richieste, ottieni tutte le tue prenotazioni istantaneamente e ricevi i pagamenti tramite il tuo elaboratore di carte di credito.<\/li>\n<li><strong>Visualizza e gestisci da un&#8217;unica dashboard<\/strong>: non \u00e8 necessario accedere nuovamente alla dashboard del canale! Trova, filtra, segnala e gestisci i dati degli ospiti e delle prenotazioni in un unico posto.<\/li>\n<li><strong>Usa il tuo elaboratore di carte di credito<\/strong>:\u00a0accetta i pagamenti con la tua carta di credito quando inserisci un annuncio su Vrbo.<\/li>\n<li><strong>Confronta fianco a fianco le tariffe dei canali<\/strong>: il software\u00a0dispone di strumenti di confronto che mostrano le tariffe del tuo canale fianco a fianco.<\/li>\n<li><strong>Modelli<\/strong>: i\u00a0modelli offrono l&#8217;opportunit\u00e0 di mantenere un aspetto personalizzato per i tuoi ospiti. Puoi utilizzare i modelli che crei con i trigger per automatizzare completamente la comunicazione.<\/li>\n<li><strong>Trigger<\/strong>: i\u00a0trigger sono una parte potente che automatizza la messaggistica, in base a eventi o orari pianificati.<\/li>\n<li><strong>SMS<\/strong>: gli sms sono un ottimo modo per tenere informati i tuoi ospiti sul loro soggiorno. Sono la forma di comunicazione pi\u00f9 utilizzata.<\/li>\n<li><strong>Messaggi Airbnb<\/strong>: se sei integrato con l&#8217;API di Airbnb, puoi inviare e ricevere messaggi tramite il centro di messaggistica di Airbnb. Questo ti d\u00e0 la flessibilit\u00e0 di inviare messaggi agli ospiti direttamente utilizzando i servizi di Airbnb.<\/li>\n<li><strong>Costruttore di siti web per case vacanze<\/strong>: mentre i concorrenti offrono siti web alla moda, i siti web della soluzione sono basati su potenza, funzionalit\u00e0 e best practice per il web. In poche parole, i siti Web creati con questo software funzionano davvero bene. .<\/li>\n<li><strong>Widget<\/strong>: ci sono molti widget diversi che ti consentono di configurare le integrazioni dal tuo sito, dai widget di richiesta\/preventivo\/prenota ora alle visualizzazioni del calendario delle disponibilit\u00e0 alla ricerca di propriet\u00e0 in base alla disponibilit\u00e0 e alla visualizzazione di tabelle delle tariffe e recensioni.<\/li>\n<li><strong>Plugin WordPress<\/strong>:\u00a0il programma ha pubblicato un plug-in nativo di WordPress per aiutarti a integrare il tuo sito Web WordPress con i tuoi dati. Combinando questo plug-in con i widget, ora sei in grado di creare siti Web di prenotazione diretta unici e potenti per le tue propriet\u00e0 in affitto.<\/li>\n<li><strong>Rapporti<\/strong>: la piattaforma\u00a0offre un&#8217;ampia variet\u00e0 di report, che sono in grado di coprire la maggior parte delle situazioni in cui si desidera estrarre i dati raccolti. Inoltre, la stragrande maggioranza di questi rapporti pu\u00f2 essere esportata in file Excel e\/o CSV, consentendo di eseguire le proprie ricerche con i dati.<\/li>\n<\/ul>\n<h4>LE RECENSIONI DEGLI UTENTI<\/h4>\n<p><strong>Chandler &#8220;OwnerRez \u00e8 la soluzione completa per i fornitori di case vacanze&#8221;<\/strong><br \/>\n<strong>Commenti<\/strong>: OwnerRez ci aiuta ad automatizzare il 90% della nostra attivit\u00e0 di hosting. Non scaleremmo il nostro modo di offrire agli ospiti un&#8217;esperienza memorabile nelle nostre case senza la flessibilit\u00e0 e l&#8217;affidabilit\u00e0 offerte da OwnerRez.<br \/>\n<strong>Pro<\/strong>: OwnerRez \u00e8 un PMS economico e flessibile per i fornitori di case vacanze. Il team di ingegneri implementa costantemente nuove funzionalit\u00e0 e integrazioni di terze parti che ci aiutano a continuare a migliorare l&#8217;esperienza complessiva degli ospiti prima del soggiorno, durante il soggiorno e dopo il soggiorno. Il supporto \u00e8 stato straordinario e mi permette di concentrarmi su ci\u00f2 che sappiamo fare meglio, ovvero offrire ai nostri ospiti un&#8217;esperienza indimenticabile nelle nostre case!<br \/>\n<strong>Contro<\/strong>: OwnerRez \u00e8 cos\u00ec flessibile che tende a viziarti, quindi essere in grado di pensare a nuove funzionalit\u00e0 che vorremmo avere a volte pu\u00f2 essere travolgente per il team di ingegneri. Non penso che questo sia un problema con OwnerRez, ma pi\u00f9 una funzione che quando offri un servizio cos\u00ec eccezionale, i clienti continuano a desiderare sempre pi\u00f9 funzionalit\u00e0 e integrazioni di terze parti!<\/p>\n<p><strong>Maged &#8220;Ottimo software con un team incredibile e dinamico che migliora costantemente la loro soluzione&#8221;<\/strong><br \/>\n<strong>Commenti<\/strong>: Sono un cliente da un po&#8217; di tempo e sono molto soddisfatto del software e del team che lo supporta. Sono sempre pronti a rispondere, si preoccupano di avere la migliore soluzione possibile e sono sempre aperti ai suggerimenti.<br \/>\n<strong>Pro<\/strong>: \u00c8 un software dinamico che pensa a tutto ci\u00f2 che \u00e8 necessario per gestire un&#8217;attivit\u00e0 di affitto per le vacanze. Molto spesso le soluzioni implementate con la conoscenza di ci\u00f2 di cui l&#8217;utente ha bisogno ancor prima che l&#8217;utente si renda conto che \u00e8 necessario.<br \/>\n<strong>Contro<\/strong>: Un modulo di comunicazione a due vie per gli ospiti sarebbe apprezzato. In modo che tutte le comunicazioni degli ospiti possano rimanere all&#8217;interno di OwnerRez CRM.<\/p>\n<p><strong>Serena &#8220;Ottimo servizio clienti&#8221;<\/strong><br \/>\n<strong>Commenti<\/strong>: Grande<br \/>\n<strong>Pro<\/strong>: Il fatto che sono veri umani sono all&#8217;help desk e sono reattivi.<br \/>\n<strong>Contro<\/strong>: Non c&#8217;\u00e8 davvero nulla che non mi piaccia.<\/p>\n","protected":false},"excerpt":{"rendered":"<p>OwnerRez \u00e8 un motore completo per la gestione delle prenotazioni, creato per persone che possiedono una propriet\u00e0 adibita a casa vacanze. Si integra con canali come Vrbo, AirBnb e Booking.com per sincronizzare e aggiornare disponibilit\u00e0, tariffe, regole e contenuti degli elenchi.<\/p>\n","protected":false},"author":19,"featured_media":66016,"parent":65711,"menu_order":0,"comment_status":"open","ping_status":"closed","template":"g1_template_page_review_new.php","meta":{"_acf_changed":false,"cwp_meta_box_check":"No","cwp_rev_product_name":"","cwp_rev_product_image":"","wppr_links":[],"cwp_rev_price":"","wppr_options":[],"wppr_pros":[],"wppr_cons":[],"_monsterinsights_skip_tracking":false,"_monsterinsights_sitenote_active":false,"_monsterinsights_sitenote_note":"","_monsterinsights_sitenote_category":0,"footnotes":""},"categories":[13985],"tags":[13994,14010,14028,13991,13990,13988,13992],"features":[],"class_list":{"0":"post-66015","1":"page","2":"type-page","3":"status-publish","4":"has-post-thumbnail","6":"category-software-gestione-canali-cat","7":"tag-app-gestione-canali","8":"tag-gestione-canali","9":"tag-ownerrez","10":"tag-piattaforma-gestione-canali","11":"tag-programma-gestione-canali","12":"tag-software-gestione-canali","13":"tag-soluzione-gestione-canali"},"wppr_data":{"cwp_meta_box_check":"No"},"acf":[],"yoast_head":"<!-- This site is optimized with the Yoast SEO plugin v27.4 - https:\/\/yoast.com\/product\/yoast-seo-wordpress\/ -->\n<title>OwnerRez: recensione software gestione canali Accurate Reviews<\/title>\n<meta name=\"description\" content=\"OwnerRez: recensione del software gestione dei canali che ti consente di monitorare le prenotazioni, la manutenzione e altro ancora.\" \/>\n<meta name=\"robots\" content=\"index, follow, max-snippet:-1, max-image-preview:large, max-video-preview:-1\" \/>\n<link rel=\"canonical\" href=\"https:\/\/www.accuratereviews.com\/it\/software-gestione-canali\/ownerrez-recensione\/\" \/>\n<meta property=\"og:locale\" content=\"it_IT\" \/>\n<meta property=\"og:type\" content=\"article\" \/>\n<meta property=\"og:title\" content=\"OwnerRez: recensione software gestione canali Accurate Reviews\" \/>\n<meta property=\"og:description\" content=\"OwnerRez: recensione del software gestione dei canali che ti consente di monitorare le prenotazioni, la manutenzione e altro ancora.\" \/>\n<meta property=\"og:url\" content=\"https:\/\/www.accuratereviews.com\/it\/software-gestione-canali\/ownerrez-recensione\/\" \/>\n<meta property=\"og:site_name\" content=\"Accurate Reviews\" \/>\n<meta property=\"article:modified_time\" content=\"2023-01-16T12:01:09+00:00\" \/>\n<meta property=\"og:image\" content=\"https:\/\/www.accuratereviews.com\/wp-content\/uploads\/2023\/01\/OwnerRez.png\" \/>\n\t<meta property=\"og:image:width\" content=\"256\" \/>\n\t<meta property=\"og:image:height\" content=\"256\" \/>\n\t<meta property=\"og:image:type\" content=\"image\/png\" \/>\n<meta name=\"twitter:card\" content=\"summary_large_image\" \/>\n<meta name=\"twitter:label1\" content=\"Tempo di lettura stimato\" \/>\n\t<meta name=\"twitter:data1\" content=\"5 minuti\" \/>\n<script type=\"application\/ld+json\" class=\"yoast-schema-graph\">{\"@context\":\"https:\\\/\\\/schema.org\",\"@graph\":[{\"@type\":\"WebPage\",\"@id\":\"https:\\\/\\\/www.accuratereviews.com\\\/it\\\/software-gestione-canali\\\/ownerrez-recensione\\\/\",\"url\":\"https:\\\/\\\/www.accuratereviews.com\\\/it\\\/software-gestione-canali\\\/ownerrez-recensione\\\/\",\"name\":\"OwnerRez: recensione software gestione canali Accurate Reviews\",\"isPartOf\":{\"@id\":\"https:\\\/\\\/www.accuratereviews.com\\\/it\\\/#website\"},\"primaryImageOfPage\":{\"@id\":\"https:\\\/\\\/www.accuratereviews.com\\\/it\\\/software-gestione-canali\\\/ownerrez-recensione\\\/#primaryimage\"},\"image\":{\"@id\":\"https:\\\/\\\/www.accuratereviews.com\\\/it\\\/software-gestione-canali\\\/ownerrez-recensione\\\/#primaryimage\"},\"thumbnailUrl\":\"https:\\\/\\\/www.accuratereviews.com\\\/wp-content\\\/uploads\\\/2023\\\/01\\\/OwnerRez.png\",\"datePublished\":\"2023-01-12T14:51:50+00:00\",\"dateModified\":\"2023-01-16T12:01:09+00:00\",\"description\":\"OwnerRez: recensione del software gestione dei canali che ti consente di monitorare le prenotazioni, la manutenzione e altro ancora.\",\"breadcrumb\":{\"@id\":\"https:\\\/\\\/www.accuratereviews.com\\\/it\\\/software-gestione-canali\\\/ownerrez-recensione\\\/#breadcrumb\"},\"inLanguage\":\"it-IT\",\"potentialAction\":[{\"@type\":\"ReadAction\",\"target\":[\"https:\\\/\\\/www.accuratereviews.com\\\/it\\\/software-gestione-canali\\\/ownerrez-recensione\\\/\"]}]},{\"@type\":\"ImageObject\",\"inLanguage\":\"it-IT\",\"@id\":\"https:\\\/\\\/www.accuratereviews.com\\\/it\\\/software-gestione-canali\\\/ownerrez-recensione\\\/#primaryimage\",\"url\":\"https:\\\/\\\/www.accuratereviews.com\\\/wp-content\\\/uploads\\\/2023\\\/01\\\/OwnerRez.png\",\"contentUrl\":\"https:\\\/\\\/www.accuratereviews.com\\\/wp-content\\\/uploads\\\/2023\\\/01\\\/OwnerRez.png\",\"width\":256,\"height\":256},{\"@type\":\"BreadcrumbList\",\"@id\":\"https:\\\/\\\/www.accuratereviews.com\\\/it\\\/software-gestione-canali\\\/ownerrez-recensione\\\/#breadcrumb\",\"itemListElement\":[{\"@type\":\"ListItem\",\"position\":1,\"name\":\"Home\",\"item\":\"https:\\\/\\\/www.accuratereviews.com\\\/it\\\/\"},{\"@type\":\"ListItem\",\"position\":2,\"name\":\"Software per la gestione dei canali\",\"item\":\"https:\\\/\\\/www.accuratereviews.com\\\/it\\\/software-gestione-canali\\\/\"},{\"@type\":\"ListItem\",\"position\":3,\"name\":\"OwnerRez\"}]},{\"@type\":\"WebSite\",\"@id\":\"https:\\\/\\\/www.accuratereviews.com\\\/it\\\/#website\",\"url\":\"https:\\\/\\\/www.accuratereviews.com\\\/it\\\/\",\"name\":\"Accurate Reviews\",\"description\":\"\",\"potentialAction\":[{\"@type\":\"SearchAction\",\"target\":{\"@type\":\"EntryPoint\",\"urlTemplate\":\"https:\\\/\\\/www.accuratereviews.com\\\/it\\\/?s={search_term_string}\"},\"query-input\":{\"@type\":\"PropertyValueSpecification\",\"valueRequired\":true,\"valueName\":\"search_term_string\"}}],\"inLanguage\":\"it-IT\"}]}<\/script>\n<!-- \/ Yoast SEO plugin. -->","yoast_head_json":{"title":"OwnerRez: recensione software gestione canali Accurate Reviews","description":"OwnerRez: recensione del software gestione dei canali che ti consente di monitorare le prenotazioni, la manutenzione e altro ancora.","robots":{"index":"index","follow":"follow","max-snippet":"max-snippet:-1","max-image-preview":"max-image-preview:large","max-video-preview":"max-video-preview:-1"},"canonical":"https:\/\/www.accuratereviews.com\/it\/software-gestione-canali\/ownerrez-recensione\/","og_locale":"it_IT","og_type":"article","og_title":"OwnerRez: recensione software gestione canali Accurate Reviews","og_description":"OwnerRez: recensione del software gestione dei canali che ti consente di monitorare le prenotazioni, la manutenzione e altro ancora.","og_url":"https:\/\/www.accuratereviews.com\/it\/software-gestione-canali\/ownerrez-recensione\/","og_site_name":"Accurate Reviews","article_modified_time":"2023-01-16T12:01:09+00:00","og_image":[{"width":256,"height":256,"url":"https:\/\/www.accuratereviews.com\/wp-content\/uploads\/2023\/01\/OwnerRez.png","type":"image\/png"}],"twitter_card":"summary_large_image","twitter_misc":{"Tempo di lettura stimato":"5 minuti"},"schema":{"@context":"https:\/\/schema.org","@graph":[{"@type":"WebPage","@id":"https:\/\/www.accuratereviews.com\/it\/software-gestione-canali\/ownerrez-recensione\/","url":"https:\/\/www.accuratereviews.com\/it\/software-gestione-canali\/ownerrez-recensione\/","name":"OwnerRez: recensione software gestione canali Accurate Reviews","isPartOf":{"@id":"https:\/\/www.accuratereviews.com\/it\/#website"},"primaryImageOfPage":{"@id":"https:\/\/www.accuratereviews.com\/it\/software-gestione-canali\/ownerrez-recensione\/#primaryimage"},"image":{"@id":"https:\/\/www.accuratereviews.com\/it\/software-gestione-canali\/ownerrez-recensione\/#primaryimage"},"thumbnailUrl":"https:\/\/www.accuratereviews.com\/wp-content\/uploads\/2023\/01\/OwnerRez.png","datePublished":"2023-01-12T14:51:50+00:00","dateModified":"2023-01-16T12:01:09+00:00","description":"OwnerRez: recensione del software gestione dei canali che ti consente di monitorare le prenotazioni, la manutenzione e altro ancora.","breadcrumb":{"@id":"https:\/\/www.accuratereviews.com\/it\/software-gestione-canali\/ownerrez-recensione\/#breadcrumb"},"inLanguage":"it-IT","potentialAction":[{"@type":"ReadAction","target":["https:\/\/www.accuratereviews.com\/it\/software-gestione-canali\/ownerrez-recensione\/"]}]},{"@type":"ImageObject","inLanguage":"it-IT","@id":"https:\/\/www.accuratereviews.com\/it\/software-gestione-canali\/ownerrez-recensione\/#primaryimage","url":"https:\/\/www.accuratereviews.com\/wp-content\/uploads\/2023\/01\/OwnerRez.png","contentUrl":"https:\/\/www.accuratereviews.com\/wp-content\/uploads\/2023\/01\/OwnerRez.png","width":256,"height":256},{"@type":"BreadcrumbList","@id":"https:\/\/www.accuratereviews.com\/it\/software-gestione-canali\/ownerrez-recensione\/#breadcrumb","itemListElement":[{"@type":"ListItem","position":1,"name":"Home","item":"https:\/\/www.accuratereviews.com\/it\/"},{"@type":"ListItem","position":2,"name":"Software per la gestione dei canali","item":"https:\/\/www.accuratereviews.com\/it\/software-gestione-canali\/"},{"@type":"ListItem","position":3,"name":"OwnerRez"}]},{"@type":"WebSite","@id":"https:\/\/www.accuratereviews.com\/it\/#website","url":"https:\/\/www.accuratereviews.com\/it\/","name":"Accurate Reviews","description":"","potentialAction":[{"@type":"SearchAction","target":{"@type":"EntryPoint","urlTemplate":"https:\/\/www.accuratereviews.com\/it\/?s={search_term_string}"},"query-input":{"@type":"PropertyValueSpecification","valueRequired":true,"valueName":"search_term_string"}}],"inLanguage":"it-IT"}]}},"_links":{"self":[{"href":"https:\/\/www.accuratereviews.com\/it\/wp-json\/wp\/v2\/pages\/66015","targetHints":{"allow":["GET"]}}],"collection":[{"href":"https:\/\/www.accuratereviews.com\/it\/wp-json\/wp\/v2\/pages"}],"about":[{"href":"https:\/\/www.accuratereviews.com\/it\/wp-json\/wp\/v2\/types\/page"}],"author":[{"embeddable":true,"href":"https:\/\/www.accuratereviews.com\/it\/wp-json\/wp\/v2\/users\/19"}],"replies":[{"embeddable":true,"href":"https:\/\/www.accuratereviews.com\/it\/wp-json\/wp\/v2\/comments?post=66015"}],"version-history":[{"count":12,"href":"https:\/\/www.accuratereviews.com\/it\/wp-json\/wp\/v2\/pages\/66015\/revisions"}],"predecessor-version":[{"id":66164,"href":"https:\/\/www.accuratereviews.com\/it\/wp-json\/wp\/v2\/pages\/66015\/revisions\/66164"}],"up":[{"embeddable":true,"href":"https:\/\/www.accuratereviews.com\/it\/wp-json\/wp\/v2\/pages\/65711"}],"wp:featuredmedia":[{"embeddable":true,"href":"https:\/\/www.accuratereviews.com\/it\/wp-json\/wp\/v2\/media\/66016"}],"wp:attachment":[{"href":"https:\/\/www.accuratereviews.com\/it\/wp-json\/wp\/v2\/media?parent=66015"}],"wp:term":[{"taxonomy":"category","embeddable":true,"href":"https:\/\/www.accuratereviews.com\/it\/wp-json\/wp\/v2\/categories?post=66015"},{"taxonomy":"post_tag","embeddable":true,"href":"https:\/\/www.accuratereviews.com\/it\/wp-json\/wp\/v2\/tags?post=66015"},{"taxonomy":"features","embeddable":true,"href":"https:\/\/www.accuratereviews.com\/it\/wp-json\/wp\/v2\/features?post=66015"}],"curies":[{"name":"wp","href":"https:\/\/api.w.org\/{rel}","templated":true}]}}