{"id":66071,"date":"2023-01-13T16:42:36","date_gmt":"2023-01-13T16:42:36","guid":{"rendered":"https:\/\/www.accuratereviews.com\/?page_id=66071"},"modified":"2023-01-13T16:42:36","modified_gmt":"2023-01-13T16:42:36","slug":"your-rentals-recensione","status":"publish","type":"page","link":"https:\/\/www.accuratereviews.com\/it\/software-gestione-canali\/your-rentals-recensione\/","title":{"rendered":"Your.Rentals"},"content":{"rendered":"<p><strong>Your.Rentals<\/strong> \u00e8 una<strong> soluzione per la gestione delle case vacanza<\/strong> che consente agli utenti di creare, gestire e pubblicare annunci di affitto su tutti i principali siti web di affitti, tra cui Airbnb, Vrbo, Booking.com, Expedia, TripAdvisor, Google Vacation Rentals e altri, tutto da un unico account. Tutte le prenotazioni, le richieste e i pagamenti possono essere gestiti dal software.<br \/>\nIl builder semplice da usare, consente agli utenti di aggiungere foto, descrizioni e tariffe nonch\u00e9 dettagli sulla posizione e regole di prenotazione. Gli utenti possono ricevere i pagamenti sul proprio conto bancario o conto PayPal 24 ore dopo il check-in. Il programma\u00a0offre assistenza personalizzata ai clienti tramite chat, email o telefono.<\/p>\n<h2>YOUR.RENTALS &#8211; TUTORIAL<\/h2>\n<div id=\"fluid-wrapper-counter-1\" class=\"g1-fluid-wrapper \" style=\"width:686px;\">\n<div style=\"padding-bottom:56.268221574344%;\"><iframe loading=\"lazy\" title=\"Master Seasonal Rates for Vacation Rentals\" width=\"686\" height=\"386\" src=\"https:\/\/www.youtube.com\/embed\/rbqw7z97PJo?feature=oembed&amp;wmode=transparent&amp;autohide=1&amp;autoplay=0&amp;disablekb=0&amp;fs=1&amp;loop=0&amp;enablejsapi=1&amp;rel=0&amp;controls=2&amp;showinfo=0&amp;wmode=transparent&amp;autohide=2&amp;autoplay=0&amp;disablekb=0&amp;fs=1&amp;loop=0&amp;enablejsapi=1&amp;rel=0&amp;controls=2&amp;showinfo=1\" frameborder=\"0\" allow=\"accelerometer; autoplay; clipboard-write; encrypted-media; gyroscope; picture-in-picture; web-share\" allowfullscreen><\/iframe><\/div>\n<\/div>\n<h3>YOUR.RENTALS &#8211; CARATTERISTICHE<\/h3>\n<ul>\n<li>Connettiti a tutti i principali canali, oltre a siti di nicchia e locali per massimizzare la tua esposizione agli ospiti e aumentare le tue prenotazioni.<\/li>\n<li>Ricevi prenotazioni e pagamenti online tramite il tuo sito web, i social media o per telefono.<\/li>\n<li>La soluzione ti aiuter\u00e0 a creare un annuncio di alto livello in pochi minuti.<\/li>\n<li>Scopri il tuo mercato con strumenti analitici per aiutarti a battere la concorrenza.<\/li>\n<li>La tua disponibilit\u00e0 sar\u00e0 aggiornata su ogni sito quando riceverai una prenotazione quando si effettuano modifiche<\/li>\n<li>Seleziona gli annunci da cui desideri condividere i calendari<\/li>\n<li>Consenti ai collaboratori di ricevere notifiche per le prenotazioni in arrivo.<\/li>\n<li>Scegli un tema e carica il tuo logo per riflettere l\u2019identit\u00e0 del tuo marchio.<\/li>\n<li>Supporto in inglese, spagnolo, francese e italiano 7 giorni alla settimana tramite email, chat o telefono<\/li>\n<\/ul>\n<h4>LE RECENSIONI DEGLI UTENTI<\/h4>\n<p><strong>Michela &#8220;Un buon prodotto per aumentare le vendite&#8221;<\/strong><br \/>\n<strong>Commenti<\/strong>: Sono contenta, \u00e8 un team giovane, dinamico, persone con cui parli &#8220;davvero&#8221;, sempre disposte a capire le problematiche e a trovare una soluzione. Mi rende alcune prenotazioni che si integrano perfettamente con quelle delle altre piattaforme.<br \/>\n<strong>Pro<\/strong>: Trovo eccellente la funzionalit\u00e1 relativa al calcolatore prezzo, per semplificare &#8220;quello che paga l&#8217;ospite&#8221; e &#8220;quello che ricevi tu&#8221;&#8230;non credo che altre aziende lo abbiano implementato. Lo trovo geniale!<br \/>\n<strong>Contro<\/strong>: Occorre specificare meglio la necessit\u00e1 e imprescindibilit\u00e1 di inserire i prezzi per l&#8217;anno successivo, perch\u00e8 diversamente si applicano in automatiuco quelli presenti per l&#8217;anno in corso, se non quelli di default&#8230;occorre essere pi\u00fa chiari e non scoprirlo solo quando ti ritrovi una prenotazione indesiderata&#8230;<\/p>\n<p><strong>Massimo &#8220;Casa Massimo a Subbiano (AR)&#8221;<\/strong><br \/>\n<strong>Commenti<\/strong>: Sempre in miglioramento,di anno in anno.Con l&#8217;aumento delle renzioni abbiamo aumentato la visibilit\u00e0 dell&#8217;annuncio e ricevuto piu&#8217; prenotazioni lasciandomi sempre la libert\u00e0 di bloccare date a mio piacimento.<br \/>\n<strong>Pro<\/strong>: Facile da usare ,aggiornamento in tempo reale dei calendari<br \/>\n<strong>Contro<\/strong>: gli orari di accesso con l&#8217;assistenza,purtroppo i fuso orario diverso dalla mia sede pregiudica un intervento immediato.<\/p>\n<p><strong>salvatore &#8220;Super team&#8221;<\/strong><br \/>\n<strong>Commenti<\/strong>: Molto positiva assistita sempre<br \/>\n<strong>Pro<\/strong>: Gestione pratica veloce<br \/>\n<strong>Contro<\/strong>: Capita spesso di fare sempre il login oppure nella cancellazione di una prenotazione, devi andare alla ricerca della cancellazione in maniera manuale<\/p>\n","protected":false},"excerpt":{"rendered":"<p>Your.Rentals \u00e8 una soluzione per la gestione delle case vacanza che consente agli utenti di creare, gestire e pubblicare annunci di propriet\u00e0 su tutti i principali siti web di affitti, tra cui Airbnb, Vrbo, Booking.com, Expedia, TripAdvisor, Google Vacation Rentals e altri, tutto da un unico account.<\/p>\n","protected":false},"author":19,"featured_media":66072,"parent":65711,"menu_order":0,"comment_status":"open","ping_status":"closed","template":"g1_template_page_review_new.php","meta":{"_acf_changed":false,"cwp_meta_box_check":"Yes","cwp_rev_product_name":"","cwp_rev_product_image":"","wppr_links":[],"cwp_rev_price":"0.00","wppr_options":[{"name":"Usability","value":"0"},{"name":"Speed","value":"0"},{"name":"Features","value":"0"},{"name":"Support","value":"0"},{"name":"Pricing","value":"0"}],"wppr_pros":["","","","",""],"wppr_cons":["","","","",""],"_monsterinsights_skip_tracking":false,"_monsterinsights_sitenote_active":false,"_monsterinsights_sitenote_note":"","_monsterinsights_sitenote_category":0,"footnotes":""},"categories":[13985],"tags":[14010,13991,13990,13988,13992,14033],"features":[],"class_list":{"0":"post-66071","1":"page","2":"type-page","3":"status-publish","4":"has-post-thumbnail","6":"category-software-gestione-canali-cat","7":"tag-gestione-canali","8":"tag-piattaforma-gestione-canali","9":"tag-programma-gestione-canali","10":"tag-software-gestione-canali","11":"tag-soluzione-gestione-canali","12":"tag-your-rentals"},"wppr_data":{"cwp_meta_box_check":"Yes","_wppr_review_template":"default","cwp_rev_product_image":"","cwp_image_link":"image","wppr_links":[],"cwp_rev_price":"0.00","wppr_pros":["","","","",""],"wppr_cons":["","","","",""],"wppr_rating":"0.00","wppr_options":{"1":{"name":"Usability","value":"0"},"2":{"name":"Speed","value":"0"},"3":{"name":"Features","value":"0"},"4":{"name":"Support","value":"0"},"5":{"name":"Pricing","value":"0"}},"wppr_review_type":"Product","wppr_review_custom_fields":{"additionalProperty":"","additionalType":"","aggregateRating":"","alternateName":"","audience":"","award":"","awards":"","brand":"","color":"","depth":"","description":"","disambiguatingDescription":"","gtin12":"","gtin13":"","gtin14":"","gtin8":"","height":"","identifier":"","image":"","isAccessoryOrSparePartFor":"","isConsumableFor":"","isRelatedTo":"","isSimilarTo":"","itemCondition":"","logo":"","mainEntityOfPage":"","manufacturer":"","material":"","model":"","mpn":"","name":"","offers":"","potentialAction":"","productID":"","productionDate":"","purchaseDate":"","releaseDate":"","review":"","reviews":"","sameAs":"","sku":"","slogan":"","subjectOf":"","url":"","weight":"","width":""}},"acf":[],"yoast_head":"<!-- This site is optimized with the Yoast SEO plugin v27.4 - https:\/\/yoast.com\/product\/yoast-seo-wordpress\/ -->\n<title>Your.Rentals: recensione software gestione canali AR<\/title>\n<meta name=\"description\" content=\"Your.Rentals: recensione soluzione per la gestione delle case vacanza che consente di creare, gestire e pubblicare annunci di affitto.\" \/>\n<meta name=\"robots\" content=\"index, follow, max-snippet:-1, max-image-preview:large, max-video-preview:-1\" \/>\n<link rel=\"canonical\" href=\"https:\/\/www.accuratereviews.com\/it\/software-gestione-canali\/your-rentals-recensione\/\" \/>\n<meta property=\"og:locale\" content=\"it_IT\" \/>\n<meta property=\"og:type\" content=\"article\" \/>\n<meta property=\"og:title\" content=\"Your.Rentals: recensione software gestione canali AR\" \/>\n<meta property=\"og:description\" content=\"Your.Rentals: recensione soluzione per la gestione delle case vacanza che consente di creare, gestire e pubblicare annunci di affitto.\" \/>\n<meta property=\"og:url\" content=\"https:\/\/www.accuratereviews.com\/it\/software-gestione-canali\/your-rentals-recensione\/\" \/>\n<meta property=\"og:site_name\" content=\"Accurate Reviews\" \/>\n<meta property=\"og:image\" content=\"https:\/\/www.accuratereviews.com\/wp-content\/uploads\/2023\/01\/Your.Rentals.png\" \/>\n\t<meta property=\"og:image:width\" content=\"512\" \/>\n\t<meta property=\"og:image:height\" content=\"512\" \/>\n\t<meta property=\"og:image:type\" content=\"image\/png\" \/>\n<meta name=\"twitter:card\" content=\"summary_large_image\" \/>\n<meta name=\"twitter:label1\" content=\"Tempo di lettura stimato\" \/>\n\t<meta name=\"twitter:data1\" content=\"3 minuti\" \/>\n<script type=\"application\/ld+json\" class=\"yoast-schema-graph\">{\"@context\":\"https:\\\/\\\/schema.org\",\"@graph\":[{\"@type\":\"WebPage\",\"@id\":\"https:\\\/\\\/www.accuratereviews.com\\\/it\\\/software-gestione-canali\\\/your-rentals-recensione\\\/\",\"url\":\"https:\\\/\\\/www.accuratereviews.com\\\/it\\\/software-gestione-canali\\\/your-rentals-recensione\\\/\",\"name\":\"Your.Rentals: recensione software gestione canali AR\",\"isPartOf\":{\"@id\":\"https:\\\/\\\/www.accuratereviews.com\\\/it\\\/#website\"},\"primaryImageOfPage\":{\"@id\":\"https:\\\/\\\/www.accuratereviews.com\\\/it\\\/software-gestione-canali\\\/your-rentals-recensione\\\/#primaryimage\"},\"image\":{\"@id\":\"https:\\\/\\\/www.accuratereviews.com\\\/it\\\/software-gestione-canali\\\/your-rentals-recensione\\\/#primaryimage\"},\"thumbnailUrl\":\"https:\\\/\\\/www.accuratereviews.com\\\/wp-content\\\/uploads\\\/2023\\\/01\\\/Your.Rentals.png\",\"datePublished\":\"2023-01-13T16:42:36+00:00\",\"description\":\"Your.Rentals: recensione soluzione per la gestione delle case vacanza che consente di creare, gestire e pubblicare annunci di affitto.\",\"breadcrumb\":{\"@id\":\"https:\\\/\\\/www.accuratereviews.com\\\/it\\\/software-gestione-canali\\\/your-rentals-recensione\\\/#breadcrumb\"},\"inLanguage\":\"it-IT\",\"potentialAction\":[{\"@type\":\"ReadAction\",\"target\":[\"https:\\\/\\\/www.accuratereviews.com\\\/it\\\/software-gestione-canali\\\/your-rentals-recensione\\\/\"]}]},{\"@type\":\"ImageObject\",\"inLanguage\":\"it-IT\",\"@id\":\"https:\\\/\\\/www.accuratereviews.com\\\/it\\\/software-gestione-canali\\\/your-rentals-recensione\\\/#primaryimage\",\"url\":\"https:\\\/\\\/www.accuratereviews.com\\\/wp-content\\\/uploads\\\/2023\\\/01\\\/Your.Rentals.png\",\"contentUrl\":\"https:\\\/\\\/www.accuratereviews.com\\\/wp-content\\\/uploads\\\/2023\\\/01\\\/Your.Rentals.png\",\"width\":512,\"height\":512},{\"@type\":\"BreadcrumbList\",\"@id\":\"https:\\\/\\\/www.accuratereviews.com\\\/it\\\/software-gestione-canali\\\/your-rentals-recensione\\\/#breadcrumb\",\"itemListElement\":[{\"@type\":\"ListItem\",\"position\":1,\"name\":\"Home\",\"item\":\"https:\\\/\\\/www.accuratereviews.com\\\/it\\\/\"},{\"@type\":\"ListItem\",\"position\":2,\"name\":\"Software per la gestione dei canali\",\"item\":\"https:\\\/\\\/www.accuratereviews.com\\\/it\\\/software-gestione-canali\\\/\"},{\"@type\":\"ListItem\",\"position\":3,\"name\":\"Your.Rentals\"}]},{\"@type\":\"WebSite\",\"@id\":\"https:\\\/\\\/www.accuratereviews.com\\\/it\\\/#website\",\"url\":\"https:\\\/\\\/www.accuratereviews.com\\\/it\\\/\",\"name\":\"Accurate Reviews\",\"description\":\"\",\"potentialAction\":[{\"@type\":\"SearchAction\",\"target\":{\"@type\":\"EntryPoint\",\"urlTemplate\":\"https:\\\/\\\/www.accuratereviews.com\\\/it\\\/?s={search_term_string}\"},\"query-input\":{\"@type\":\"PropertyValueSpecification\",\"valueRequired\":true,\"valueName\":\"search_term_string\"}}],\"inLanguage\":\"it-IT\"}]}<\/script>\n<!-- \/ Yoast SEO plugin. -->","yoast_head_json":{"title":"Your.Rentals: recensione software gestione canali AR","description":"Your.Rentals: recensione soluzione per la gestione delle case vacanza che consente di creare, gestire e pubblicare annunci di affitto.","robots":{"index":"index","follow":"follow","max-snippet":"max-snippet:-1","max-image-preview":"max-image-preview:large","max-video-preview":"max-video-preview:-1"},"canonical":"https:\/\/www.accuratereviews.com\/it\/software-gestione-canali\/your-rentals-recensione\/","og_locale":"it_IT","og_type":"article","og_title":"Your.Rentals: recensione software gestione canali AR","og_description":"Your.Rentals: recensione soluzione per la gestione delle case vacanza che consente di creare, gestire e pubblicare annunci di affitto.","og_url":"https:\/\/www.accuratereviews.com\/it\/software-gestione-canali\/your-rentals-recensione\/","og_site_name":"Accurate Reviews","og_image":[{"width":512,"height":512,"url":"https:\/\/www.accuratereviews.com\/wp-content\/uploads\/2023\/01\/Your.Rentals.png","type":"image\/png"}],"twitter_card":"summary_large_image","twitter_misc":{"Tempo di lettura stimato":"3 minuti"},"schema":{"@context":"https:\/\/schema.org","@graph":[{"@type":"WebPage","@id":"https:\/\/www.accuratereviews.com\/it\/software-gestione-canali\/your-rentals-recensione\/","url":"https:\/\/www.accuratereviews.com\/it\/software-gestione-canali\/your-rentals-recensione\/","name":"Your.Rentals: recensione software gestione canali AR","isPartOf":{"@id":"https:\/\/www.accuratereviews.com\/it\/#website"},"primaryImageOfPage":{"@id":"https:\/\/www.accuratereviews.com\/it\/software-gestione-canali\/your-rentals-recensione\/#primaryimage"},"image":{"@id":"https:\/\/www.accuratereviews.com\/it\/software-gestione-canali\/your-rentals-recensione\/#primaryimage"},"thumbnailUrl":"https:\/\/www.accuratereviews.com\/wp-content\/uploads\/2023\/01\/Your.Rentals.png","datePublished":"2023-01-13T16:42:36+00:00","description":"Your.Rentals: recensione soluzione per la gestione delle case vacanza che consente di creare, gestire e pubblicare annunci di affitto.","breadcrumb":{"@id":"https:\/\/www.accuratereviews.com\/it\/software-gestione-canali\/your-rentals-recensione\/#breadcrumb"},"inLanguage":"it-IT","potentialAction":[{"@type":"ReadAction","target":["https:\/\/www.accuratereviews.com\/it\/software-gestione-canali\/your-rentals-recensione\/"]}]},{"@type":"ImageObject","inLanguage":"it-IT","@id":"https:\/\/www.accuratereviews.com\/it\/software-gestione-canali\/your-rentals-recensione\/#primaryimage","url":"https:\/\/www.accuratereviews.com\/wp-content\/uploads\/2023\/01\/Your.Rentals.png","contentUrl":"https:\/\/www.accuratereviews.com\/wp-content\/uploads\/2023\/01\/Your.Rentals.png","width":512,"height":512},{"@type":"BreadcrumbList","@id":"https:\/\/www.accuratereviews.com\/it\/software-gestione-canali\/your-rentals-recensione\/#breadcrumb","itemListElement":[{"@type":"ListItem","position":1,"name":"Home","item":"https:\/\/www.accuratereviews.com\/it\/"},{"@type":"ListItem","position":2,"name":"Software per la gestione dei canali","item":"https:\/\/www.accuratereviews.com\/it\/software-gestione-canali\/"},{"@type":"ListItem","position":3,"name":"Your.Rentals"}]},{"@type":"WebSite","@id":"https:\/\/www.accuratereviews.com\/it\/#website","url":"https:\/\/www.accuratereviews.com\/it\/","name":"Accurate Reviews","description":"","potentialAction":[{"@type":"SearchAction","target":{"@type":"EntryPoint","urlTemplate":"https:\/\/www.accuratereviews.com\/it\/?s={search_term_string}"},"query-input":{"@type":"PropertyValueSpecification","valueRequired":true,"valueName":"search_term_string"}}],"inLanguage":"it-IT"}]}},"_links":{"self":[{"href":"https:\/\/www.accuratereviews.com\/it\/wp-json\/wp\/v2\/pages\/66071","targetHints":{"allow":["GET"]}}],"collection":[{"href":"https:\/\/www.accuratereviews.com\/it\/wp-json\/wp\/v2\/pages"}],"about":[{"href":"https:\/\/www.accuratereviews.com\/it\/wp-json\/wp\/v2\/types\/page"}],"author":[{"embeddable":true,"href":"https:\/\/www.accuratereviews.com\/it\/wp-json\/wp\/v2\/users\/19"}],"replies":[{"embeddable":true,"href":"https:\/\/www.accuratereviews.com\/it\/wp-json\/wp\/v2\/comments?post=66071"}],"version-history":[{"count":7,"href":"https:\/\/www.accuratereviews.com\/it\/wp-json\/wp\/v2\/pages\/66071\/revisions"}],"predecessor-version":[{"id":66112,"href":"https:\/\/www.accuratereviews.com\/it\/wp-json\/wp\/v2\/pages\/66071\/revisions\/66112"}],"up":[{"embeddable":true,"href":"https:\/\/www.accuratereviews.com\/it\/wp-json\/wp\/v2\/pages\/65711"}],"wp:featuredmedia":[{"embeddable":true,"href":"https:\/\/www.accuratereviews.com\/it\/wp-json\/wp\/v2\/media\/66072"}],"wp:attachment":[{"href":"https:\/\/www.accuratereviews.com\/it\/wp-json\/wp\/v2\/media?parent=66071"}],"wp:term":[{"taxonomy":"category","embeddable":true,"href":"https:\/\/www.accuratereviews.com\/it\/wp-json\/wp\/v2\/categories?post=66071"},{"taxonomy":"post_tag","embeddable":true,"href":"https:\/\/www.accuratereviews.com\/it\/wp-json\/wp\/v2\/tags?post=66071"},{"taxonomy":"features","embeddable":true,"href":"https:\/\/www.accuratereviews.com\/it\/wp-json\/wp\/v2\/features?post=66071"}],"curies":[{"name":"wp","href":"https:\/\/api.w.org\/{rel}","templated":true}]}}