{"id":66079,"date":"2023-01-13T16:45:49","date_gmt":"2023-01-13T16:45:49","guid":{"rendered":"https:\/\/www.accuratereviews.com\/?page_id=66079"},"modified":"2023-01-13T16:45:49","modified_gmt":"2023-01-13T16:45:49","slug":"partnerstack-recensione","status":"publish","type":"page","link":"https:\/\/www.accuratereviews.com\/it\/software-gestione-canali\/partnerstack-recensione\/","title":{"rendered":"PartnerStack"},"content":{"rendered":"<p><strong>PartnerStack<\/strong> \u00e8 una <strong>piattaforma PRM (Partner Relationship Management)<\/strong> basata su <strong>cloud<\/strong> che assiste aziende, agenzie di marketing e rivenditori basati su SaaS nella creazione e nella gestione di <strong>programmi per i canali<\/strong>. Fornita di strumenti per ridimensionare i programmi dei partner, la soluzione supporta le esigenze di marketing includendo report in tempo reale, gestione dei pagamenti, creazione di gruppi, evasione degli ordini, gestione delle licenze, email basate su eventi con trigger automatici, moduli per i lead, link di affiliazione e altro ancora.<br \/>\nSi integra con oltre 30 soluzioni di terze parti come Salesforce, Stripe, HubSpot, Zapier e altro ancora.<\/p>\n<h2>PARTNERSTACK &#8211; TUTORIAL<\/h2>\n<div id=\"fluid-wrapper-counter-1\" class=\"g1-fluid-wrapper \" style=\"width:686px;\">\n<div style=\"padding-bottom:56.268221574344%;\"><iframe loading=\"lazy\" title=\"Partnerstack Affiliate Program Tutorial: Make Easy \ud83e\udd11 $2,143 Every Month\" width=\"686\" height=\"386\" src=\"https:\/\/www.youtube.com\/embed\/tpzVZIiO2M8?feature=oembed&amp;wmode=transparent&amp;autohide=1&amp;autoplay=0&amp;disablekb=0&amp;fs=1&amp;loop=0&amp;enablejsapi=1&amp;rel=0&amp;controls=2&amp;showinfo=0&amp;wmode=transparent&amp;autohide=2&amp;autoplay=0&amp;disablekb=0&amp;fs=1&amp;loop=0&amp;enablejsapi=1&amp;rel=0&amp;controls=2&amp;showinfo=1\" frameborder=\"0\" allow=\"accelerometer; autoplay; clipboard-write; encrypted-media; gyroscope; picture-in-picture; web-share\" allowfullscreen><\/iframe><\/div>\n<\/div>\n<h3>PARTNERSTACK &#8211; CARATTERISTICHE<\/h3>\n<ul>\n<li><strong> Reclutare<\/strong>: la soluzione\u00a0promuove il tuo programma a migliaia di partner attivi e rende facile scoprire e invitare i tipi di partner che stai cercando.<\/li>\n<li><strong>Attivare<\/strong>: crea percorsi di onboarding personalizzati e automatizzati per tutti i tuoi diversi tipi di partner e fornisci loro le risorse e la formazione di cui hanno bisogno per generare entrate.<\/li>\n<li><strong>Ottimizzare<\/strong>: sia tu che i tuoi partner avete accesso ai rapporti che vi aiutano a ottimizzare le vostre prestazioni. Consulta i rapporti su entrate, premi pagati, fasi del ciclo di vita e altro ancora.<\/li>\n<li><strong>Traccia<\/strong>: segui l&#8217;avanzamento di ogni lead fornito dai partner e assicurati che ottengano il merito per le entrate che generano, con una facile sincronizzazione bidirezionale con il tuo CRM esistente.<\/li>\n<li><strong>Provvigioni<\/strong>: non preoccuparti mai pi\u00f9 di pagare i partner. PartnerStack calcola automaticamente ci\u00f2 che \u00e8 dovuto ai partner e li paga tutti in una volta: ricevi un&#8217;unica fattura.<\/li>\n<\/ul>\n<h4>LE RECENSIONI DEGLI UTENTI<\/h4>\n<p><strong>Shayan &#8220;Altamente raccomandato per Marketer&#8221;<\/strong><br \/>\n<strong>Pro<\/strong>: La sezione Marketplace \u00e8 molto semplice ed elegante.<br \/>\n<strong>Contro<\/strong>: Non avere la sezione di caricamento dell&#8217;immagine del profilo.<\/p>\n<p><strong>Francis &#8220;Sono Soddisfatto in Partnerstack&#8221;<\/strong><br \/>\n<strong>Commenti<\/strong>: Uso partnerstack da quasi un anno e non ho riscontrato alcun problema. I vantaggi che ho realizzato sono stati che le mie entrate crescono e crescono mentre apprendo la piattaforma.<br \/>\n<strong>Pro<\/strong>: Per gestire l&#8217;intero funnel dei partner: dal reclutamento e candidatura, gestione delle risorse, monitoraggio dei referral. La piattaforma \u00e8 intuitiva, facile da usare e ha molti programmi a cui puoi unirti. L&#8217;integrazione con PartnerStack \u00e8 un processo semplice quando comprendi il tuo programma e premi le coordinate. Date le esigenze uniche della mia attivit\u00e0.<br \/>\n<strong>Contro<\/strong>: Nessuno finora. Tutti gli aspetti del prodotto funzionano e sono molto contento. No. Tutto fila liscio e davvero piacevole.<\/p>\n<p><strong>Martin &#8220;Facile da usare&#8221;<\/strong><br \/>\n<strong>Commenti<\/strong>: I programmi pubblicizzati in PartnerStack si adattano molto bene al tema del mio sito todoproyectos.com, quindi i guadagni e il fattore di conversione sono molto buoni<br \/>\n<strong>Pro<\/strong>: Il programma \u00e8 molto facile da usare e la maggior parte dei suoi programmi si adattano bene al tema del mio blog, i guadagni dall&#8217;utilizzo di PartnerStack sono alti, in meno di due mesi ho guadagnato pi\u00f9 di 1000 dollari<br \/>\n<strong>Contro<\/strong>: Non ho davvero commenti negativi per questo programma<\/p>\n","protected":false},"excerpt":{"rendered":"<p>PartnerStack \u00e8 una piattaforma PRM (Partner Relationship Management) basata su cloud che assiste aziende, agenzie di marketing e rivenditori basati su SaaS nella creazione e nella gestione di programmi per i canali. Si integra con oltre 30 soluzioni di terze parti come Salesforce, Stripe, HubSpot, Zapier e altro ancora.<\/p>\n","protected":false},"author":19,"featured_media":66081,"parent":65711,"menu_order":0,"comment_status":"open","ping_status":"closed","template":"g1_template_page_review_new.php","meta":{"_acf_changed":false,"cwp_meta_box_check":"Yes","cwp_rev_product_name":"","cwp_rev_product_image":"","wppr_links":[],"cwp_rev_price":"0.00","wppr_options":[{"name":"Usability","value":"0"},{"name":"Speed","value":"0"},{"name":"Features","value":"0"},{"name":"Support","value":"0"},{"name":"Pricing","value":"0"}],"wppr_pros":["","","","",""],"wppr_cons":["","","","",""],"_monsterinsights_skip_tracking":false,"_monsterinsights_sitenote_active":false,"_monsterinsights_sitenote_note":"","_monsterinsights_sitenote_category":0,"footnotes":""},"categories":[13985],"tags":[14010,14034,13991,13990,13988,13992],"features":[],"class_list":{"0":"post-66079","1":"page","2":"type-page","3":"status-publish","4":"has-post-thumbnail","6":"category-software-gestione-canali-cat","7":"tag-gestione-canali","8":"tag-partnerstack","9":"tag-piattaforma-gestione-canali","10":"tag-programma-gestione-canali","11":"tag-software-gestione-canali","12":"tag-soluzione-gestione-canali"},"wppr_data":{"cwp_meta_box_check":"Yes","_wppr_review_template":"default","cwp_rev_product_image":"","cwp_image_link":"image","wppr_links":[],"cwp_rev_price":"0.00","wppr_pros":["","","","",""],"wppr_cons":["","","","",""],"wppr_rating":"0.00","wppr_options":{"1":{"name":"Usability","value":"0"},"2":{"name":"Speed","value":"0"},"3":{"name":"Features","value":"0"},"4":{"name":"Support","value":"0"},"5":{"name":"Pricing","value":"0"}},"wppr_review_type":"Product","wppr_review_custom_fields":{"additionalProperty":"","additionalType":"","aggregateRating":"","alternateName":"","audience":"","award":"","awards":"","brand":"","color":"","depth":"","description":"","disambiguatingDescription":"","gtin12":"","gtin13":"","gtin14":"","gtin8":"","height":"","identifier":"","image":"","isAccessoryOrSparePartFor":"","isConsumableFor":"","isRelatedTo":"","isSimilarTo":"","itemCondition":"","logo":"","mainEntityOfPage":"","manufacturer":"","material":"","model":"","mpn":"","name":"","offers":"","potentialAction":"","productID":"","productionDate":"","purchaseDate":"","releaseDate":"","review":"","reviews":"","sameAs":"","sku":"","slogan":"","subjectOf":"","url":"","weight":"","width":""}},"acf":[],"yoast_head":"<!-- This site is optimized with the Yoast SEO plugin v27.4 - https:\/\/yoast.com\/product\/yoast-seo-wordpress\/ -->\n<title>PartnerStack: software gestione canali Accurate Reviews<\/title>\n<meta name=\"description\" content=\"PartnerStack: recensione piattaforma PRM basata su cloud che assiste aziende, agenzie di marketing e rivenditori basati su SaaS.\" \/>\n<meta name=\"robots\" content=\"index, follow, max-snippet:-1, max-image-preview:large, max-video-preview:-1\" \/>\n<link rel=\"canonical\" href=\"https:\/\/www.accuratereviews.com\/it\/software-gestione-canali\/partnerstack-recensione\/\" \/>\n<meta property=\"og:locale\" content=\"it_IT\" \/>\n<meta property=\"og:type\" content=\"article\" \/>\n<meta property=\"og:title\" content=\"PartnerStack: software gestione canali Accurate Reviews\" \/>\n<meta property=\"og:description\" content=\"PartnerStack: recensione piattaforma PRM basata su cloud che assiste aziende, agenzie di marketing e rivenditori basati su SaaS.\" \/>\n<meta property=\"og:url\" content=\"https:\/\/www.accuratereviews.com\/it\/software-gestione-canali\/partnerstack-recensione\/\" \/>\n<meta property=\"og:site_name\" content=\"Accurate Reviews\" \/>\n<meta property=\"og:image\" content=\"https:\/\/www.accuratereviews.com\/wp-content\/uploads\/2023\/01\/PartnerStack.png\" \/>\n\t<meta property=\"og:image:width\" content=\"256\" \/>\n\t<meta property=\"og:image:height\" content=\"256\" \/>\n\t<meta property=\"og:image:type\" content=\"image\/png\" \/>\n<meta name=\"twitter:card\" content=\"summary_large_image\" \/>\n<meta name=\"twitter:label1\" content=\"Tempo di lettura stimato\" \/>\n\t<meta name=\"twitter:data1\" content=\"3 minuti\" \/>\n<script type=\"application\/ld+json\" class=\"yoast-schema-graph\">{\"@context\":\"https:\\\/\\\/schema.org\",\"@graph\":[{\"@type\":\"WebPage\",\"@id\":\"https:\\\/\\\/www.accuratereviews.com\\\/it\\\/software-gestione-canali\\\/partnerstack-recensione\\\/\",\"url\":\"https:\\\/\\\/www.accuratereviews.com\\\/it\\\/software-gestione-canali\\\/partnerstack-recensione\\\/\",\"name\":\"PartnerStack: software gestione canali Accurate Reviews\",\"isPartOf\":{\"@id\":\"https:\\\/\\\/www.accuratereviews.com\\\/it\\\/#website\"},\"primaryImageOfPage\":{\"@id\":\"https:\\\/\\\/www.accuratereviews.com\\\/it\\\/software-gestione-canali\\\/partnerstack-recensione\\\/#primaryimage\"},\"image\":{\"@id\":\"https:\\\/\\\/www.accuratereviews.com\\\/it\\\/software-gestione-canali\\\/partnerstack-recensione\\\/#primaryimage\"},\"thumbnailUrl\":\"https:\\\/\\\/www.accuratereviews.com\\\/wp-content\\\/uploads\\\/2023\\\/01\\\/PartnerStack.png\",\"datePublished\":\"2023-01-13T16:45:49+00:00\",\"description\":\"PartnerStack: recensione piattaforma PRM basata su cloud che assiste aziende, agenzie di marketing e rivenditori basati su SaaS.\",\"breadcrumb\":{\"@id\":\"https:\\\/\\\/www.accuratereviews.com\\\/it\\\/software-gestione-canali\\\/partnerstack-recensione\\\/#breadcrumb\"},\"inLanguage\":\"it-IT\",\"potentialAction\":[{\"@type\":\"ReadAction\",\"target\":[\"https:\\\/\\\/www.accuratereviews.com\\\/it\\\/software-gestione-canali\\\/partnerstack-recensione\\\/\"]}]},{\"@type\":\"ImageObject\",\"inLanguage\":\"it-IT\",\"@id\":\"https:\\\/\\\/www.accuratereviews.com\\\/it\\\/software-gestione-canali\\\/partnerstack-recensione\\\/#primaryimage\",\"url\":\"https:\\\/\\\/www.accuratereviews.com\\\/wp-content\\\/uploads\\\/2023\\\/01\\\/PartnerStack.png\",\"contentUrl\":\"https:\\\/\\\/www.accuratereviews.com\\\/wp-content\\\/uploads\\\/2023\\\/01\\\/PartnerStack.png\",\"width\":256,\"height\":256},{\"@type\":\"BreadcrumbList\",\"@id\":\"https:\\\/\\\/www.accuratereviews.com\\\/it\\\/software-gestione-canali\\\/partnerstack-recensione\\\/#breadcrumb\",\"itemListElement\":[{\"@type\":\"ListItem\",\"position\":1,\"name\":\"Home\",\"item\":\"https:\\\/\\\/www.accuratereviews.com\\\/it\\\/\"},{\"@type\":\"ListItem\",\"position\":2,\"name\":\"Software per la gestione dei canali\",\"item\":\"https:\\\/\\\/www.accuratereviews.com\\\/it\\\/software-gestione-canali\\\/\"},{\"@type\":\"ListItem\",\"position\":3,\"name\":\"PartnerStack\"}]},{\"@type\":\"WebSite\",\"@id\":\"https:\\\/\\\/www.accuratereviews.com\\\/it\\\/#website\",\"url\":\"https:\\\/\\\/www.accuratereviews.com\\\/it\\\/\",\"name\":\"Accurate Reviews\",\"description\":\"\",\"potentialAction\":[{\"@type\":\"SearchAction\",\"target\":{\"@type\":\"EntryPoint\",\"urlTemplate\":\"https:\\\/\\\/www.accuratereviews.com\\\/it\\\/?s={search_term_string}\"},\"query-input\":{\"@type\":\"PropertyValueSpecification\",\"valueRequired\":true,\"valueName\":\"search_term_string\"}}],\"inLanguage\":\"it-IT\"}]}<\/script>\n<!-- \/ Yoast SEO plugin. -->","yoast_head_json":{"title":"PartnerStack: software gestione canali Accurate Reviews","description":"PartnerStack: recensione piattaforma PRM basata su cloud che assiste aziende, agenzie di marketing e rivenditori basati su SaaS.","robots":{"index":"index","follow":"follow","max-snippet":"max-snippet:-1","max-image-preview":"max-image-preview:large","max-video-preview":"max-video-preview:-1"},"canonical":"https:\/\/www.accuratereviews.com\/it\/software-gestione-canali\/partnerstack-recensione\/","og_locale":"it_IT","og_type":"article","og_title":"PartnerStack: software gestione canali Accurate Reviews","og_description":"PartnerStack: recensione piattaforma PRM basata su cloud che assiste aziende, agenzie di marketing e rivenditori basati su SaaS.","og_url":"https:\/\/www.accuratereviews.com\/it\/software-gestione-canali\/partnerstack-recensione\/","og_site_name":"Accurate Reviews","og_image":[{"width":256,"height":256,"url":"https:\/\/www.accuratereviews.com\/wp-content\/uploads\/2023\/01\/PartnerStack.png","type":"image\/png"}],"twitter_card":"summary_large_image","twitter_misc":{"Tempo di lettura stimato":"3 minuti"},"schema":{"@context":"https:\/\/schema.org","@graph":[{"@type":"WebPage","@id":"https:\/\/www.accuratereviews.com\/it\/software-gestione-canali\/partnerstack-recensione\/","url":"https:\/\/www.accuratereviews.com\/it\/software-gestione-canali\/partnerstack-recensione\/","name":"PartnerStack: software gestione canali Accurate Reviews","isPartOf":{"@id":"https:\/\/www.accuratereviews.com\/it\/#website"},"primaryImageOfPage":{"@id":"https:\/\/www.accuratereviews.com\/it\/software-gestione-canali\/partnerstack-recensione\/#primaryimage"},"image":{"@id":"https:\/\/www.accuratereviews.com\/it\/software-gestione-canali\/partnerstack-recensione\/#primaryimage"},"thumbnailUrl":"https:\/\/www.accuratereviews.com\/wp-content\/uploads\/2023\/01\/PartnerStack.png","datePublished":"2023-01-13T16:45:49+00:00","description":"PartnerStack: recensione piattaforma PRM basata su cloud che assiste aziende, agenzie di marketing e rivenditori basati su SaaS.","breadcrumb":{"@id":"https:\/\/www.accuratereviews.com\/it\/software-gestione-canali\/partnerstack-recensione\/#breadcrumb"},"inLanguage":"it-IT","potentialAction":[{"@type":"ReadAction","target":["https:\/\/www.accuratereviews.com\/it\/software-gestione-canali\/partnerstack-recensione\/"]}]},{"@type":"ImageObject","inLanguage":"it-IT","@id":"https:\/\/www.accuratereviews.com\/it\/software-gestione-canali\/partnerstack-recensione\/#primaryimage","url":"https:\/\/www.accuratereviews.com\/wp-content\/uploads\/2023\/01\/PartnerStack.png","contentUrl":"https:\/\/www.accuratereviews.com\/wp-content\/uploads\/2023\/01\/PartnerStack.png","width":256,"height":256},{"@type":"BreadcrumbList","@id":"https:\/\/www.accuratereviews.com\/it\/software-gestione-canali\/partnerstack-recensione\/#breadcrumb","itemListElement":[{"@type":"ListItem","position":1,"name":"Home","item":"https:\/\/www.accuratereviews.com\/it\/"},{"@type":"ListItem","position":2,"name":"Software per la gestione dei canali","item":"https:\/\/www.accuratereviews.com\/it\/software-gestione-canali\/"},{"@type":"ListItem","position":3,"name":"PartnerStack"}]},{"@type":"WebSite","@id":"https:\/\/www.accuratereviews.com\/it\/#website","url":"https:\/\/www.accuratereviews.com\/it\/","name":"Accurate Reviews","description":"","potentialAction":[{"@type":"SearchAction","target":{"@type":"EntryPoint","urlTemplate":"https:\/\/www.accuratereviews.com\/it\/?s={search_term_string}"},"query-input":{"@type":"PropertyValueSpecification","valueRequired":true,"valueName":"search_term_string"}}],"inLanguage":"it-IT"}]}},"_links":{"self":[{"href":"https:\/\/www.accuratereviews.com\/it\/wp-json\/wp\/v2\/pages\/66079","targetHints":{"allow":["GET"]}}],"collection":[{"href":"https:\/\/www.accuratereviews.com\/it\/wp-json\/wp\/v2\/pages"}],"about":[{"href":"https:\/\/www.accuratereviews.com\/it\/wp-json\/wp\/v2\/types\/page"}],"author":[{"embeddable":true,"href":"https:\/\/www.accuratereviews.com\/it\/wp-json\/wp\/v2\/users\/19"}],"replies":[{"embeddable":true,"href":"https:\/\/www.accuratereviews.com\/it\/wp-json\/wp\/v2\/comments?post=66079"}],"version-history":[{"count":11,"href":"https:\/\/www.accuratereviews.com\/it\/wp-json\/wp\/v2\/pages\/66079\/revisions"}],"predecessor-version":[{"id":66114,"href":"https:\/\/www.accuratereviews.com\/it\/wp-json\/wp\/v2\/pages\/66079\/revisions\/66114"}],"up":[{"embeddable":true,"href":"https:\/\/www.accuratereviews.com\/it\/wp-json\/wp\/v2\/pages\/65711"}],"wp:featuredmedia":[{"embeddable":true,"href":"https:\/\/www.accuratereviews.com\/it\/wp-json\/wp\/v2\/media\/66081"}],"wp:attachment":[{"href":"https:\/\/www.accuratereviews.com\/it\/wp-json\/wp\/v2\/media?parent=66079"}],"wp:term":[{"taxonomy":"category","embeddable":true,"href":"https:\/\/www.accuratereviews.com\/it\/wp-json\/wp\/v2\/categories?post=66079"},{"taxonomy":"post_tag","embeddable":true,"href":"https:\/\/www.accuratereviews.com\/it\/wp-json\/wp\/v2\/tags?post=66079"},{"taxonomy":"features","embeddable":true,"href":"https:\/\/www.accuratereviews.com\/it\/wp-json\/wp\/v2\/features?post=66079"}],"curies":[{"name":"wp","href":"https:\/\/api.w.org\/{rel}","templated":true}]}}