{"id":66100,"date":"2023-01-13T16:05:52","date_gmt":"2023-01-13T16:05:52","guid":{"rendered":"https:\/\/www.accuratereviews.com\/?page_id=66100"},"modified":"2023-01-16T15:22:28","modified_gmt":"2023-01-16T15:22:28","slug":"stays-recensione","status":"publish","type":"page","link":"https:\/\/www.accuratereviews.com\/it\/software-gestione-canali\/stays-recensione\/","title":{"rendered":"Stays"},"content":{"rendered":"<p><strong>Stays<\/strong> \u00e8 un programma che permette ai gestori e ai proprietari di appartamenti, case vacanza e bed and breakfast, di pubblicizzare i loro alloggi su diversi canali. Con questa soluzione, puoi attirare pi\u00f9 ospiti e mantenere i contatti con loro dal primo momento in cui prenotano fino a quando fanno il check-out. Inoltre puoi realizzare vendite con il pilota automatico, utilizzare strumenti di pagamento online pi\u00f9 veloci e realizzare preventivi e contratti con un solo clic.<br \/>\nGrazie a questo <strong>software per la gestione dei canali<\/strong>, potrai inserire i tuoi annunci relativi all&#8217;alloggio su centinaia di siti web come Airbnb, Booking, Expedia, Bestday, Hotels.com e molti altri ancora.<\/p>\n<h2>STAYS &#8211; TUTORIAL<\/h2>\n<div id=\"fluid-wrapper-counter-1\" class=\"g1-fluid-wrapper \" style=\"width:686px;\">\n<div style=\"padding-bottom:56.268221574344%;\"><iframe loading=\"lazy\" title=\"Stays: la herramienta que le permiti\u00f3 a Sanfelino optimizar el alquiler de propiedades\" width=\"686\" height=\"386\" src=\"https:\/\/www.youtube.com\/embed\/Lhz1IULQiew?feature=oembed&amp;wmode=transparent&amp;autohide=1&amp;autoplay=0&amp;disablekb=0&amp;fs=1&amp;loop=0&amp;enablejsapi=1&amp;rel=0&amp;controls=2&amp;showinfo=0&amp;wmode=transparent&amp;autohide=2&amp;autoplay=0&amp;disablekb=0&amp;fs=1&amp;loop=0&amp;enablejsapi=1&amp;rel=0&amp;controls=2&amp;showinfo=1\" frameborder=\"0\" allow=\"accelerometer; autoplay; clipboard-write; encrypted-media; gyroscope; picture-in-picture; web-share\" allowfullscreen><\/iframe><\/div>\n<\/div>\n<h3>STAYS &#8211; CARATTERISTICHE<\/h3>\n<ul>\n<li>Sito web di prenotazione diretta<\/li>\n<li>Rapporti visivi e statistiche<\/li>\n<li>Prezzi intelligenti<\/li>\n<li>Pagamento online<\/li>\n<li>Marketing e vendite<\/li>\n<li>Gestione delle attivit\u00e0 operative<\/li>\n<li>Gestione unificata degli elenchi<\/li>\n<li>Gestione finanziaria<\/li>\n<li>Strumenti per gli utenti<\/li>\n<\/ul>\n<h4><strong>LE RECENSIONI DEGLI UTENTI<\/strong><\/h4>\n<p><strong>Carlos &#8220;La scelta giusta&#8221;<\/strong><br \/>\nCommenti: Stays \u00e8 un&#8217;azienda seria, responsabile ed efficiente, che fornisce un&#8217;ottima piattaforma per i gestori di case vacanza.<br \/>\nPro: Il sito web, il calendario generale, che mi d\u00e0 una buona visione della disponibilit\u00e0 di tutti i miei appartamenti, il channel manager e la sezione dei modelli di email.<br \/>\nContro: la configurazione delle stagioni e degli eventi. Ho qualche difficolt\u00e0 con la configurazione. Mi aspettavo anche pi\u00f9 richieste dal mio sito web.<\/p>\n<p><strong>Andr\u00e8 &#8220;Ideale per chi gestisce molte unit\u00e0 immobiliari&#8221;<\/strong><br \/>\nCommenti: La piattaforma ci ha aiutato molto nella gestione delle nostre unit\u00e0. Siamo soddisfatti del risultato.<br \/>\nPro: Con Stays siamo in grado di gestire diverse unit\u00e0 in diverse OTA in tutto il mondo, tutto in un&#8217;unica piattaforma. Il software \u00e8 ottimo per chi gestisce molte unit\u00e0. Gli strumenti di prezzo e l&#8217;integrazione con altri canali di vendita sono le caratteristiche migliori dello strumento.<br \/>\nContro: La gestione dei pagamenti online e gli strumenti del sito web potrebbero essere migliori<\/p>\n<p><strong>Armando &#8220;Ottimo Channel Manager per le case vacanze&#8221;<\/strong><br \/>\nCommenti: Ottimo software di facile gestione, che snellisce le attivit\u00e0 quotidiane per la migliore portata della vendita. I vantaggi: Facilitatore di connessione con i principali canali di vendita di case vacanza, pratico adeguamento delle informazioni e facile da usare, con un supporto molto agile.<br \/>\nPro: Facilit\u00e0 di gestione delle informazioni sui prezzi e sui piani tariffari, regolazione dei valori, gestione degli ospiti e connessione ai principali siti web di case vacanza.<br \/>\nContro: I rapporti sulle vendite dovrebbero avere pi\u00f9 informazioni<\/p>\n","protected":false},"excerpt":{"rendered":"<p>Stays \u00e8 un programma che permette ai gestori e ai proprietari di appartamenti, case vacanza e bed and breakfast, di pubblicizzare i loro alloggi su diversi canali. Con questa soluzione, puoi attirare pi\u00f9 ospiti e mantenere i contatti con loro dal primo momento in cui prenotano fino a quando fanno il check-out.<\/p>\n","protected":false},"author":17,"featured_media":66101,"parent":65711,"menu_order":0,"comment_status":"open","ping_status":"closed","template":"g1_template_page_review_new.php","meta":{"_acf_changed":false,"cwp_meta_box_check":"No","cwp_rev_product_name":"","cwp_rev_product_image":"","wppr_links":[],"cwp_rev_price":"","wppr_options":[],"wppr_pros":[],"wppr_cons":[],"_monsterinsights_skip_tracking":false,"_monsterinsights_sitenote_active":false,"_monsterinsights_sitenote_note":"","_monsterinsights_sitenote_category":0,"footnotes":""},"categories":[13985],"tags":[13994,13991,14025,13988,13992],"features":[],"class_list":{"0":"post-66100","1":"page","2":"type-page","3":"status-publish","4":"has-post-thumbnail","6":"category-software-gestione-canali-cat","7":"tag-app-gestione-canali","8":"tag-piattaforma-gestione-canali","9":"tag-programma-gestioni-canali","10":"tag-software-gestione-canali","11":"tag-soluzione-gestione-canali"},"wppr_data":{"cwp_meta_box_check":"No"},"acf":[],"yoast_head":"<!-- This site is optimized with the Yoast SEO plugin v27.4 - https:\/\/yoast.com\/product\/yoast-seo-wordpress\/ -->\n<title>Stays: recensione software gestione canali - Accurate Reviews<\/title>\n<meta name=\"description\" content=\"Stays: recensione del programma che supporta i gestori e i proprietari di appartamenti, case vacanza e bed and breakfast.\" \/>\n<meta name=\"robots\" content=\"index, follow, max-snippet:-1, max-image-preview:large, max-video-preview:-1\" \/>\n<link rel=\"canonical\" href=\"https:\/\/www.accuratereviews.com\/it\/software-gestione-canali\/stays-recensione\/\" \/>\n<meta property=\"og:locale\" content=\"it_IT\" \/>\n<meta property=\"og:type\" content=\"article\" \/>\n<meta property=\"og:title\" content=\"Stays: recensione software gestione canali - Accurate Reviews\" \/>\n<meta property=\"og:description\" content=\"Stays: recensione del programma che supporta i gestori e i proprietari di appartamenti, case vacanza e bed and breakfast.\" \/>\n<meta property=\"og:url\" content=\"https:\/\/www.accuratereviews.com\/it\/software-gestione-canali\/stays-recensione\/\" \/>\n<meta property=\"og:site_name\" content=\"Accurate Reviews\" \/>\n<meta property=\"article:modified_time\" content=\"2023-01-16T15:22:28+00:00\" \/>\n<meta property=\"og:image\" content=\"https:\/\/www.accuratereviews.com\/wp-content\/uploads\/2023\/01\/Unknown.png\" \/>\n\t<meta property=\"og:image:width\" content=\"225\" \/>\n\t<meta property=\"og:image:height\" content=\"225\" \/>\n\t<meta property=\"og:image:type\" content=\"image\/png\" \/>\n<meta name=\"twitter:card\" content=\"summary_large_image\" \/>\n<meta name=\"twitter:label1\" content=\"Tempo di lettura stimato\" \/>\n\t<meta name=\"twitter:data1\" content=\"3 minuti\" \/>\n<script type=\"application\/ld+json\" class=\"yoast-schema-graph\">{\"@context\":\"https:\\\/\\\/schema.org\",\"@graph\":[{\"@type\":\"WebPage\",\"@id\":\"https:\\\/\\\/www.accuratereviews.com\\\/it\\\/software-gestione-canali\\\/stays-recensione\\\/\",\"url\":\"https:\\\/\\\/www.accuratereviews.com\\\/it\\\/software-gestione-canali\\\/stays-recensione\\\/\",\"name\":\"Stays: recensione software gestione canali - Accurate Reviews\",\"isPartOf\":{\"@id\":\"https:\\\/\\\/www.accuratereviews.com\\\/it\\\/#website\"},\"primaryImageOfPage\":{\"@id\":\"https:\\\/\\\/www.accuratereviews.com\\\/it\\\/software-gestione-canali\\\/stays-recensione\\\/#primaryimage\"},\"image\":{\"@id\":\"https:\\\/\\\/www.accuratereviews.com\\\/it\\\/software-gestione-canali\\\/stays-recensione\\\/#primaryimage\"},\"thumbnailUrl\":\"https:\\\/\\\/www.accuratereviews.com\\\/wp-content\\\/uploads\\\/2023\\\/01\\\/Unknown.png\",\"datePublished\":\"2023-01-13T16:05:52+00:00\",\"dateModified\":\"2023-01-16T15:22:28+00:00\",\"description\":\"Stays: recensione del programma che supporta i gestori e i proprietari di appartamenti, case vacanza e bed and breakfast.\",\"breadcrumb\":{\"@id\":\"https:\\\/\\\/www.accuratereviews.com\\\/it\\\/software-gestione-canali\\\/stays-recensione\\\/#breadcrumb\"},\"inLanguage\":\"it-IT\",\"potentialAction\":[{\"@type\":\"ReadAction\",\"target\":[\"https:\\\/\\\/www.accuratereviews.com\\\/it\\\/software-gestione-canali\\\/stays-recensione\\\/\"]}]},{\"@type\":\"ImageObject\",\"inLanguage\":\"it-IT\",\"@id\":\"https:\\\/\\\/www.accuratereviews.com\\\/it\\\/software-gestione-canali\\\/stays-recensione\\\/#primaryimage\",\"url\":\"https:\\\/\\\/www.accuratereviews.com\\\/wp-content\\\/uploads\\\/2023\\\/01\\\/Unknown.png\",\"contentUrl\":\"https:\\\/\\\/www.accuratereviews.com\\\/wp-content\\\/uploads\\\/2023\\\/01\\\/Unknown.png\",\"width\":225,\"height\":225},{\"@type\":\"BreadcrumbList\",\"@id\":\"https:\\\/\\\/www.accuratereviews.com\\\/it\\\/software-gestione-canali\\\/stays-recensione\\\/#breadcrumb\",\"itemListElement\":[{\"@type\":\"ListItem\",\"position\":1,\"name\":\"Home\",\"item\":\"https:\\\/\\\/www.accuratereviews.com\\\/it\\\/\"},{\"@type\":\"ListItem\",\"position\":2,\"name\":\"Software per la gestione dei canali\",\"item\":\"https:\\\/\\\/www.accuratereviews.com\\\/it\\\/software-gestione-canali\\\/\"},{\"@type\":\"ListItem\",\"position\":3,\"name\":\"Stays\"}]},{\"@type\":\"WebSite\",\"@id\":\"https:\\\/\\\/www.accuratereviews.com\\\/it\\\/#website\",\"url\":\"https:\\\/\\\/www.accuratereviews.com\\\/it\\\/\",\"name\":\"Accurate Reviews\",\"description\":\"\",\"potentialAction\":[{\"@type\":\"SearchAction\",\"target\":{\"@type\":\"EntryPoint\",\"urlTemplate\":\"https:\\\/\\\/www.accuratereviews.com\\\/it\\\/?s={search_term_string}\"},\"query-input\":{\"@type\":\"PropertyValueSpecification\",\"valueRequired\":true,\"valueName\":\"search_term_string\"}}],\"inLanguage\":\"it-IT\"}]}<\/script>\n<!-- \/ Yoast SEO plugin. -->","yoast_head_json":{"title":"Stays: recensione software gestione canali - Accurate Reviews","description":"Stays: recensione del programma che supporta i gestori e i proprietari di appartamenti, case vacanza e bed and breakfast.","robots":{"index":"index","follow":"follow","max-snippet":"max-snippet:-1","max-image-preview":"max-image-preview:large","max-video-preview":"max-video-preview:-1"},"canonical":"https:\/\/www.accuratereviews.com\/it\/software-gestione-canali\/stays-recensione\/","og_locale":"it_IT","og_type":"article","og_title":"Stays: recensione software gestione canali - Accurate Reviews","og_description":"Stays: recensione del programma che supporta i gestori e i proprietari di appartamenti, case vacanza e bed and breakfast.","og_url":"https:\/\/www.accuratereviews.com\/it\/software-gestione-canali\/stays-recensione\/","og_site_name":"Accurate Reviews","article_modified_time":"2023-01-16T15:22:28+00:00","og_image":[{"width":225,"height":225,"url":"https:\/\/www.accuratereviews.com\/wp-content\/uploads\/2023\/01\/Unknown.png","type":"image\/png"}],"twitter_card":"summary_large_image","twitter_misc":{"Tempo di lettura stimato":"3 minuti"},"schema":{"@context":"https:\/\/schema.org","@graph":[{"@type":"WebPage","@id":"https:\/\/www.accuratereviews.com\/it\/software-gestione-canali\/stays-recensione\/","url":"https:\/\/www.accuratereviews.com\/it\/software-gestione-canali\/stays-recensione\/","name":"Stays: recensione software gestione canali - Accurate Reviews","isPartOf":{"@id":"https:\/\/www.accuratereviews.com\/it\/#website"},"primaryImageOfPage":{"@id":"https:\/\/www.accuratereviews.com\/it\/software-gestione-canali\/stays-recensione\/#primaryimage"},"image":{"@id":"https:\/\/www.accuratereviews.com\/it\/software-gestione-canali\/stays-recensione\/#primaryimage"},"thumbnailUrl":"https:\/\/www.accuratereviews.com\/wp-content\/uploads\/2023\/01\/Unknown.png","datePublished":"2023-01-13T16:05:52+00:00","dateModified":"2023-01-16T15:22:28+00:00","description":"Stays: recensione del programma che supporta i gestori e i proprietari di appartamenti, case vacanza e bed and breakfast.","breadcrumb":{"@id":"https:\/\/www.accuratereviews.com\/it\/software-gestione-canali\/stays-recensione\/#breadcrumb"},"inLanguage":"it-IT","potentialAction":[{"@type":"ReadAction","target":["https:\/\/www.accuratereviews.com\/it\/software-gestione-canali\/stays-recensione\/"]}]},{"@type":"ImageObject","inLanguage":"it-IT","@id":"https:\/\/www.accuratereviews.com\/it\/software-gestione-canali\/stays-recensione\/#primaryimage","url":"https:\/\/www.accuratereviews.com\/wp-content\/uploads\/2023\/01\/Unknown.png","contentUrl":"https:\/\/www.accuratereviews.com\/wp-content\/uploads\/2023\/01\/Unknown.png","width":225,"height":225},{"@type":"BreadcrumbList","@id":"https:\/\/www.accuratereviews.com\/it\/software-gestione-canali\/stays-recensione\/#breadcrumb","itemListElement":[{"@type":"ListItem","position":1,"name":"Home","item":"https:\/\/www.accuratereviews.com\/it\/"},{"@type":"ListItem","position":2,"name":"Software per la gestione dei canali","item":"https:\/\/www.accuratereviews.com\/it\/software-gestione-canali\/"},{"@type":"ListItem","position":3,"name":"Stays"}]},{"@type":"WebSite","@id":"https:\/\/www.accuratereviews.com\/it\/#website","url":"https:\/\/www.accuratereviews.com\/it\/","name":"Accurate Reviews","description":"","potentialAction":[{"@type":"SearchAction","target":{"@type":"EntryPoint","urlTemplate":"https:\/\/www.accuratereviews.com\/it\/?s={search_term_string}"},"query-input":{"@type":"PropertyValueSpecification","valueRequired":true,"valueName":"search_term_string"}}],"inLanguage":"it-IT"}]}},"_links":{"self":[{"href":"https:\/\/www.accuratereviews.com\/it\/wp-json\/wp\/v2\/pages\/66100","targetHints":{"allow":["GET"]}}],"collection":[{"href":"https:\/\/www.accuratereviews.com\/it\/wp-json\/wp\/v2\/pages"}],"about":[{"href":"https:\/\/www.accuratereviews.com\/it\/wp-json\/wp\/v2\/types\/page"}],"author":[{"embeddable":true,"href":"https:\/\/www.accuratereviews.com\/it\/wp-json\/wp\/v2\/users\/17"}],"replies":[{"embeddable":true,"href":"https:\/\/www.accuratereviews.com\/it\/wp-json\/wp\/v2\/comments?post=66100"}],"version-history":[{"count":6,"href":"https:\/\/www.accuratereviews.com\/it\/wp-json\/wp\/v2\/pages\/66100\/revisions"}],"predecessor-version":[{"id":66179,"href":"https:\/\/www.accuratereviews.com\/it\/wp-json\/wp\/v2\/pages\/66100\/revisions\/66179"}],"up":[{"embeddable":true,"href":"https:\/\/www.accuratereviews.com\/it\/wp-json\/wp\/v2\/pages\/65711"}],"wp:featuredmedia":[{"embeddable":true,"href":"https:\/\/www.accuratereviews.com\/it\/wp-json\/wp\/v2\/media\/66101"}],"wp:attachment":[{"href":"https:\/\/www.accuratereviews.com\/it\/wp-json\/wp\/v2\/media?parent=66100"}],"wp:term":[{"taxonomy":"category","embeddable":true,"href":"https:\/\/www.accuratereviews.com\/it\/wp-json\/wp\/v2\/categories?post=66100"},{"taxonomy":"post_tag","embeddable":true,"href":"https:\/\/www.accuratereviews.com\/it\/wp-json\/wp\/v2\/tags?post=66100"},{"taxonomy":"features","embeddable":true,"href":"https:\/\/www.accuratereviews.com\/it\/wp-json\/wp\/v2\/features?post=66100"}],"curies":[{"name":"wp","href":"https:\/\/api.w.org\/{rel}","templated":true}]}}