{"id":66120,"date":"2023-01-16T15:40:39","date_gmt":"2023-01-16T15:40:39","guid":{"rendered":"https:\/\/www.accuratereviews.com\/?page_id=66120"},"modified":"2023-01-16T15:40:39","modified_gmt":"2023-01-16T15:40:39","slug":"axisrooms-recensione","status":"publish","type":"page","link":"https:\/\/www.accuratereviews.com\/it\/software-gestione-canali\/axisrooms-recensione\/","title":{"rendered":"AxisRooms"},"content":{"rendered":"<p><strong>AxisRooms<\/strong> \u00e8 un <strong>software di gestione dei canali<\/strong> e delle prenotazioni che aiuta a gestire prezzi, inventario, promozioni, commissioni e altro da una piattaforma centralizzata. Il modulo <strong>channel manager<\/strong> fornisce ai membri del personale una dashboard integrata, che consente loro di visualizzare, monitorare e aggiornare la disponibilit\u00e0 e i prezzi delle camere su pi\u00f9 piattaforme di prenotazione esterne.<br \/>\nI\u00a0dipendenti possono creare prenotazioni manuali, definire le tariffe delle camere, impostare le opzioni di pagamento e configurare offerte speciali per i clienti.\u00a0Permette ai supervisori di gestire i contratti tra hotel e agenzie di viaggio, aziende o tour operator. Con la funzionalit\u00e0 delle operazioni, i responsabili della reception possono gestire e semplificare i check-in, le sostituzioni dei prezzi e la scansione dei documenti. Consente inoltre ai leader aziendali di generare report per ottenere informazioni dettagliate sulle prestazioni dell&#8217;hotel, sulle prenotazioni, sulle fatture e sulle prestazioni degli agenti.<\/p>\n<h2>AXISROOMS &#8211; TUTORIAL<\/h2>\n<div id=\"fluid-wrapper-counter-1\" class=\"g1-fluid-wrapper \" style=\"width:686px;\">\n<div style=\"padding-bottom:56.268221574344%;\"><iframe loading=\"lazy\" title=\"What Is AxisRooms?\" width=\"686\" height=\"386\" src=\"https:\/\/www.youtube.com\/embed\/ju2FtM94xOA?feature=oembed&amp;wmode=transparent&amp;autohide=1&amp;autoplay=0&amp;disablekb=0&amp;fs=1&amp;loop=0&amp;enablejsapi=1&amp;rel=0&amp;controls=2&amp;showinfo=0&amp;wmode=transparent&amp;autohide=2&amp;autoplay=0&amp;disablekb=0&amp;fs=1&amp;loop=0&amp;enablejsapi=1&amp;rel=0&amp;controls=2&amp;showinfo=1\" frameborder=\"0\" allow=\"accelerometer; autoplay; clipboard-write; encrypted-media; gyroscope; picture-in-picture; web-share\" allowfullscreen><\/iframe><\/div>\n<\/div>\n<h3>AXISROOMS &#8211; CARATTERISTICHE<\/h3>\n<ul>\n<li>Promuovi le prenotazioni indirette tramite oltre 50 OTA<\/li>\n<li>Ricevi pi\u00f9 prenotazioni dirette da pi\u00f9 di 2 motori di metaricerca<\/li>\n<li>Accetta prenotazioni in oltre 29 valute<\/li>\n<li>Conferma, cancella, visualizza tutte le tue prenotazioni da diverse OTA in un unico posto<\/li>\n<li>Gestisci le tue tariffe con un solo clic<\/li>\n<li>Evita di aggiornare manualmente pi\u00f9 canali di distribuzione<\/li>\n<li>Risparmia tempo e riduci gli errori<\/li>\n<li>Funziona e si integra con una gamma dei principali PMS Cloud Hotel<\/li>\n<li>Automatizza il flusso istantaneo di dati in tempo reale su tariffe, prenotazioni, restrizioni e inventario tra il tuo PMS e tutti i tuoi canali di vendita, diretti e indiretti<\/li>\n<li>Il modello di inventario in pool garantisce la disponibilit\u00e0 esatta su tutti i canali<\/li>\n<li>Applicazione basata su cloud, accedi ovunque e in qualsiasi momento<\/li>\n<li>Connettivit\u00e0 GDS per una migliore portata globale<\/li>\n<li>Offre un&#8217;ottima esperienza utente<\/li>\n<li>Supporto 24 ore su 24, 7 giorni su 7<\/li>\n<\/ul>\n<h4>LE RECENSIONI DEGLI UTENTI<\/h4>\n<p><strong>Kapul &#8220;Prodotto eccellente&#8221;<\/strong><br \/>\n<strong>Pro<\/strong>: Axisrooms \u00e8 il miglior channel manager che ho usato finora. Lo uso dagli ultimi 7 anni. \u00c8 facile da usare. Il servizio clienti \u00e8 molto attivo e tempestivo, risolve la domanda all&#8217;istante. Consiglierei a tutti coloro che cercano un buon prodotto a un prezzo nominale.<br \/>\n<strong>Contro<\/strong>: tutto \u00e8 perfetto. Non abbiamo incontrato alcuna difficolt\u00e0<\/p>\n<p><strong>Sulthan &#8220;Servizio eccellente&#8221;<\/strong><br \/>\n<strong>Commenti<\/strong>: Complessivamente un buon supporto clienti da parte del team, menzione speciale alla signora Damini che segue la domanda e risponde. Continua cos\u00ec. Alla ricerca di una relazione prolungata.<br \/>\n<strong>Pro<\/strong>: Facile da usare, facilit\u00e0 di accesso e comprensione, mappatura rapida, pu\u00f2 trovare l&#8217;errore raramente.<br \/>\n<strong>Contro<\/strong>: a volte \u00e8 necessario seguire il rilascio del blocco\/errore. Pu\u00f2 fornire una regolare formazione online (ZOOM) sull&#8217;aggiornamento almeno nel trimestre in modo che anche i pi\u00f9 giovani possano ottenere l&#8217;aggiornamento del prodotto.<\/p>\n<p><strong>Mohd &#8220;Facile da usare e pi\u00f9 conveniente&#8221;<\/strong><br \/>\n<strong>Commenti<\/strong>: L&#8217;esperienza complessiva \u00e8 eccellente.<br \/>\n<strong>Pro<\/strong>: Inventario, prezzi, assistenza clienti<br \/>\n<strong>Contro<\/strong>: fin d&#8217;ora siamo pienamente soddisfatti di Axis Rooms.<\/p>\n","protected":false},"excerpt":{"rendered":"<p>AxisRooms \u00e8 un software di gestione dei canali e delle prenotazioni che aiuta a gestire prezzi, inventario, promozioni, commissioni e altro da una piattaforma centralizzata. Il modulo channel manager fornisce ai membri del personale una dashboard integrata, che consente loro di visualizzare, monitorare e aggiornare la disponibilit\u00e0 e i prezzi delle camere su pi\u00f9 piattaforme di prenotazione esterne.<\/p>\n","protected":false},"author":19,"featured_media":66139,"parent":65711,"menu_order":0,"comment_status":"open","ping_status":"closed","template":"g1_template_page_review_new.php","meta":{"_acf_changed":false,"cwp_meta_box_check":"No","cwp_rev_product_name":"","cwp_rev_product_image":"","wppr_links":[],"cwp_rev_price":"","wppr_options":[],"wppr_pros":[],"wppr_cons":[],"_monsterinsights_skip_tracking":false,"_monsterinsights_sitenote_active":false,"_monsterinsights_sitenote_note":"","_monsterinsights_sitenote_category":0,"footnotes":""},"categories":[13985],"tags":[14035,1762,14010,13991,13990,13988,13992],"features":[],"class_list":{"0":"post-66120","1":"page","2":"type-page","3":"status-publish","4":"has-post-thumbnail","6":"category-software-gestione-canali-cat","7":"tag-axisrooms","8":"tag-channel-manager","9":"tag-gestione-canali","10":"tag-piattaforma-gestione-canali","11":"tag-programma-gestione-canali","12":"tag-software-gestione-canali","13":"tag-soluzione-gestione-canali"},"wppr_data":{"cwp_meta_box_check":"No"},"acf":[],"yoast_head":"<!-- This site is optimized with the Yoast SEO plugin v27.4 - https:\/\/yoast.com\/product\/yoast-seo-wordpress\/ -->\n<title>AxisRooms: recensione software gestione canali Accurate Reviews<\/title>\n<meta name=\"description\" content=\"AxisRooms: recensione software di gestione dei canali e delle prenotazioni che aiuta a gestire prezzi, inventario, promozioni e commissioni.\" \/>\n<meta name=\"robots\" content=\"index, follow, max-snippet:-1, max-image-preview:large, max-video-preview:-1\" \/>\n<link rel=\"canonical\" href=\"https:\/\/www.accuratereviews.com\/it\/software-gestione-canali\/axisrooms-recensione\/\" \/>\n<meta property=\"og:locale\" content=\"it_IT\" \/>\n<meta property=\"og:type\" content=\"article\" \/>\n<meta property=\"og:title\" content=\"AxisRooms: recensione software gestione canali Accurate Reviews\" \/>\n<meta property=\"og:description\" content=\"AxisRooms: recensione software di gestione dei canali e delle prenotazioni che aiuta a gestire prezzi, inventario, promozioni e commissioni.\" \/>\n<meta property=\"og:url\" content=\"https:\/\/www.accuratereviews.com\/it\/software-gestione-canali\/axisrooms-recensione\/\" \/>\n<meta property=\"og:site_name\" content=\"Accurate Reviews\" \/>\n<meta property=\"og:image\" content=\"https:\/\/www.accuratereviews.com\/wp-content\/uploads\/2023\/01\/AxisRooms.webp\" \/>\n\t<meta property=\"og:image:width\" content=\"240\" \/>\n\t<meta property=\"og:image:height\" content=\"240\" \/>\n\t<meta property=\"og:image:type\" content=\"image\/webp\" \/>\n<meta name=\"twitter:card\" content=\"summary_large_image\" \/>\n<meta name=\"twitter:label1\" content=\"Tempo di lettura stimato\" \/>\n\t<meta name=\"twitter:data1\" content=\"3 minuti\" \/>\n<script type=\"application\/ld+json\" class=\"yoast-schema-graph\">{\"@context\":\"https:\\\/\\\/schema.org\",\"@graph\":[{\"@type\":\"WebPage\",\"@id\":\"https:\\\/\\\/www.accuratereviews.com\\\/it\\\/software-gestione-canali\\\/axisrooms-recensione\\\/\",\"url\":\"https:\\\/\\\/www.accuratereviews.com\\\/it\\\/software-gestione-canali\\\/axisrooms-recensione\\\/\",\"name\":\"AxisRooms: recensione software gestione canali Accurate Reviews\",\"isPartOf\":{\"@id\":\"https:\\\/\\\/www.accuratereviews.com\\\/it\\\/#website\"},\"primaryImageOfPage\":{\"@id\":\"https:\\\/\\\/www.accuratereviews.com\\\/it\\\/software-gestione-canali\\\/axisrooms-recensione\\\/#primaryimage\"},\"image\":{\"@id\":\"https:\\\/\\\/www.accuratereviews.com\\\/it\\\/software-gestione-canali\\\/axisrooms-recensione\\\/#primaryimage\"},\"thumbnailUrl\":\"https:\\\/\\\/www.accuratereviews.com\\\/wp-content\\\/uploads\\\/2023\\\/01\\\/AxisRooms.webp\",\"datePublished\":\"2023-01-16T15:40:39+00:00\",\"description\":\"AxisRooms: recensione software di gestione dei canali e delle prenotazioni che aiuta a gestire prezzi, inventario, promozioni e commissioni.\",\"breadcrumb\":{\"@id\":\"https:\\\/\\\/www.accuratereviews.com\\\/it\\\/software-gestione-canali\\\/axisrooms-recensione\\\/#breadcrumb\"},\"inLanguage\":\"it-IT\",\"potentialAction\":[{\"@type\":\"ReadAction\",\"target\":[\"https:\\\/\\\/www.accuratereviews.com\\\/it\\\/software-gestione-canali\\\/axisrooms-recensione\\\/\"]}]},{\"@type\":\"ImageObject\",\"inLanguage\":\"it-IT\",\"@id\":\"https:\\\/\\\/www.accuratereviews.com\\\/it\\\/software-gestione-canali\\\/axisrooms-recensione\\\/#primaryimage\",\"url\":\"https:\\\/\\\/www.accuratereviews.com\\\/wp-content\\\/uploads\\\/2023\\\/01\\\/AxisRooms.webp\",\"contentUrl\":\"https:\\\/\\\/www.accuratereviews.com\\\/wp-content\\\/uploads\\\/2023\\\/01\\\/AxisRooms.webp\",\"width\":240,\"height\":240},{\"@type\":\"BreadcrumbList\",\"@id\":\"https:\\\/\\\/www.accuratereviews.com\\\/it\\\/software-gestione-canali\\\/axisrooms-recensione\\\/#breadcrumb\",\"itemListElement\":[{\"@type\":\"ListItem\",\"position\":1,\"name\":\"Home\",\"item\":\"https:\\\/\\\/www.accuratereviews.com\\\/it\\\/\"},{\"@type\":\"ListItem\",\"position\":2,\"name\":\"Software per la gestione dei canali\",\"item\":\"https:\\\/\\\/www.accuratereviews.com\\\/it\\\/software-gestione-canali\\\/\"},{\"@type\":\"ListItem\",\"position\":3,\"name\":\"AxisRooms\"}]},{\"@type\":\"WebSite\",\"@id\":\"https:\\\/\\\/www.accuratereviews.com\\\/it\\\/#website\",\"url\":\"https:\\\/\\\/www.accuratereviews.com\\\/it\\\/\",\"name\":\"Accurate Reviews\",\"description\":\"\",\"potentialAction\":[{\"@type\":\"SearchAction\",\"target\":{\"@type\":\"EntryPoint\",\"urlTemplate\":\"https:\\\/\\\/www.accuratereviews.com\\\/it\\\/?s={search_term_string}\"},\"query-input\":{\"@type\":\"PropertyValueSpecification\",\"valueRequired\":true,\"valueName\":\"search_term_string\"}}],\"inLanguage\":\"it-IT\"}]}<\/script>\n<!-- \/ Yoast SEO plugin. -->","yoast_head_json":{"title":"AxisRooms: recensione software gestione canali Accurate Reviews","description":"AxisRooms: recensione software di gestione dei canali e delle prenotazioni che aiuta a gestire prezzi, inventario, promozioni e commissioni.","robots":{"index":"index","follow":"follow","max-snippet":"max-snippet:-1","max-image-preview":"max-image-preview:large","max-video-preview":"max-video-preview:-1"},"canonical":"https:\/\/www.accuratereviews.com\/it\/software-gestione-canali\/axisrooms-recensione\/","og_locale":"it_IT","og_type":"article","og_title":"AxisRooms: recensione software gestione canali Accurate Reviews","og_description":"AxisRooms: recensione software di gestione dei canali e delle prenotazioni che aiuta a gestire prezzi, inventario, promozioni e commissioni.","og_url":"https:\/\/www.accuratereviews.com\/it\/software-gestione-canali\/axisrooms-recensione\/","og_site_name":"Accurate Reviews","og_image":[{"width":240,"height":240,"url":"https:\/\/www.accuratereviews.com\/wp-content\/uploads\/2023\/01\/AxisRooms.webp","type":"image\/webp"}],"twitter_card":"summary_large_image","twitter_misc":{"Tempo di lettura stimato":"3 minuti"},"schema":{"@context":"https:\/\/schema.org","@graph":[{"@type":"WebPage","@id":"https:\/\/www.accuratereviews.com\/it\/software-gestione-canali\/axisrooms-recensione\/","url":"https:\/\/www.accuratereviews.com\/it\/software-gestione-canali\/axisrooms-recensione\/","name":"AxisRooms: recensione software gestione canali Accurate Reviews","isPartOf":{"@id":"https:\/\/www.accuratereviews.com\/it\/#website"},"primaryImageOfPage":{"@id":"https:\/\/www.accuratereviews.com\/it\/software-gestione-canali\/axisrooms-recensione\/#primaryimage"},"image":{"@id":"https:\/\/www.accuratereviews.com\/it\/software-gestione-canali\/axisrooms-recensione\/#primaryimage"},"thumbnailUrl":"https:\/\/www.accuratereviews.com\/wp-content\/uploads\/2023\/01\/AxisRooms.webp","datePublished":"2023-01-16T15:40:39+00:00","description":"AxisRooms: recensione software di gestione dei canali e delle prenotazioni che aiuta a gestire prezzi, inventario, promozioni e commissioni.","breadcrumb":{"@id":"https:\/\/www.accuratereviews.com\/it\/software-gestione-canali\/axisrooms-recensione\/#breadcrumb"},"inLanguage":"it-IT","potentialAction":[{"@type":"ReadAction","target":["https:\/\/www.accuratereviews.com\/it\/software-gestione-canali\/axisrooms-recensione\/"]}]},{"@type":"ImageObject","inLanguage":"it-IT","@id":"https:\/\/www.accuratereviews.com\/it\/software-gestione-canali\/axisrooms-recensione\/#primaryimage","url":"https:\/\/www.accuratereviews.com\/wp-content\/uploads\/2023\/01\/AxisRooms.webp","contentUrl":"https:\/\/www.accuratereviews.com\/wp-content\/uploads\/2023\/01\/AxisRooms.webp","width":240,"height":240},{"@type":"BreadcrumbList","@id":"https:\/\/www.accuratereviews.com\/it\/software-gestione-canali\/axisrooms-recensione\/#breadcrumb","itemListElement":[{"@type":"ListItem","position":1,"name":"Home","item":"https:\/\/www.accuratereviews.com\/it\/"},{"@type":"ListItem","position":2,"name":"Software per la gestione dei canali","item":"https:\/\/www.accuratereviews.com\/it\/software-gestione-canali\/"},{"@type":"ListItem","position":3,"name":"AxisRooms"}]},{"@type":"WebSite","@id":"https:\/\/www.accuratereviews.com\/it\/#website","url":"https:\/\/www.accuratereviews.com\/it\/","name":"Accurate Reviews","description":"","potentialAction":[{"@type":"SearchAction","target":{"@type":"EntryPoint","urlTemplate":"https:\/\/www.accuratereviews.com\/it\/?s={search_term_string}"},"query-input":{"@type":"PropertyValueSpecification","valueRequired":true,"valueName":"search_term_string"}}],"inLanguage":"it-IT"}]}},"_links":{"self":[{"href":"https:\/\/www.accuratereviews.com\/it\/wp-json\/wp\/v2\/pages\/66120","targetHints":{"allow":["GET"]}}],"collection":[{"href":"https:\/\/www.accuratereviews.com\/it\/wp-json\/wp\/v2\/pages"}],"about":[{"href":"https:\/\/www.accuratereviews.com\/it\/wp-json\/wp\/v2\/types\/page"}],"author":[{"embeddable":true,"href":"https:\/\/www.accuratereviews.com\/it\/wp-json\/wp\/v2\/users\/19"}],"replies":[{"embeddable":true,"href":"https:\/\/www.accuratereviews.com\/it\/wp-json\/wp\/v2\/comments?post=66120"}],"version-history":[{"count":10,"href":"https:\/\/www.accuratereviews.com\/it\/wp-json\/wp\/v2\/pages\/66120\/revisions"}],"predecessor-version":[{"id":66183,"href":"https:\/\/www.accuratereviews.com\/it\/wp-json\/wp\/v2\/pages\/66120\/revisions\/66183"}],"up":[{"embeddable":true,"href":"https:\/\/www.accuratereviews.com\/it\/wp-json\/wp\/v2\/pages\/65711"}],"wp:featuredmedia":[{"embeddable":true,"href":"https:\/\/www.accuratereviews.com\/it\/wp-json\/wp\/v2\/media\/66139"}],"wp:attachment":[{"href":"https:\/\/www.accuratereviews.com\/it\/wp-json\/wp\/v2\/media?parent=66120"}],"wp:term":[{"taxonomy":"category","embeddable":true,"href":"https:\/\/www.accuratereviews.com\/it\/wp-json\/wp\/v2\/categories?post=66120"},{"taxonomy":"post_tag","embeddable":true,"href":"https:\/\/www.accuratereviews.com\/it\/wp-json\/wp\/v2\/tags?post=66120"},{"taxonomy":"features","embeddable":true,"href":"https:\/\/www.accuratereviews.com\/it\/wp-json\/wp\/v2\/features?post=66120"}],"curies":[{"name":"wp","href":"https:\/\/api.w.org\/{rel}","templated":true}]}}