{"id":66122,"date":"2023-01-16T15:32:47","date_gmt":"2023-01-16T15:32:47","guid":{"rendered":"https:\/\/www.accuratereviews.com\/?page_id=66122"},"modified":"2023-01-16T17:48:56","modified_gmt":"2023-01-16T17:48:56","slug":"sellbrite-recensione","status":"publish","type":"page","link":"https:\/\/www.accuratereviews.com\/it\/software-gestione-canali\/sellbrite-recensione\/","title":{"rendered":"Sellbrite"},"content":{"rendered":"<p>Attraverso un&#8217;interfaccia semplice e intuitiva, <strong>Sellbrite<\/strong> consente ai rivenditori online di elencare e vendere facilmente i propri prodotti <strong>attraverso diversi canali<\/strong>, controllare e sincronizzare l&#8217;inventario, gestire ed evadere gli ordini. Fornisce, inoltre, ai commercianti l&#8217;intelligence<strong> cross-channel<\/strong> per avere successo. La piattaforma ha profonde integrazioni con molti dei pi\u00f9 popolari mercati online, carrelli e servizi.<br \/>\nCostruito come soluzione multicanale da zero, il programma \u00e8 abbastanza flessibile da adattarsi alla tua attivit\u00e0 senza configurazioni o integrazioni personalizzate, ma abbastanza robusto da offrire le funzionalit\u00e0 specifiche del canale che ti aspetti.\u00a0Imposta regole e utilizza modelli personalizzati per eliminare i passaggi ripetitivi e migliorare le tue inserzioni. Il team di assistenza clienti lavora instancabilmente per aiutarti a trovare il successo multicanale.<\/p>\n<h2>SELLBRITE &#8211; TUTORIAL<\/h2>\n<div id=\"fluid-wrapper-counter-1\" class=\"g1-fluid-wrapper \" style=\"width:686px;\">\n<div style=\"padding-bottom:56.268221574344%;\"><iframe loading=\"lazy\" title=\"What Happens To Inventory If An Order Is Canceled?\" width=\"686\" height=\"386\" src=\"https:\/\/www.youtube.com\/embed\/7170NVnMb84?feature=oembed&amp;wmode=transparent&amp;autohide=1&amp;autoplay=0&amp;disablekb=0&amp;fs=1&amp;loop=0&amp;enablejsapi=1&amp;rel=0&amp;controls=2&amp;showinfo=0&amp;wmode=transparent&amp;autohide=2&amp;autoplay=0&amp;disablekb=0&amp;fs=1&amp;loop=0&amp;enablejsapi=1&amp;rel=0&amp;controls=2&amp;showinfo=1\" frameborder=\"0\" allow=\"accelerometer; autoplay; clipboard-write; encrypted-media; gyroscope; picture-in-picture; web-share\" allowfullscreen><\/iframe><\/div>\n<\/div>\n<h3>SELLBRITE &#8211; CARATTERISTICHE<\/h3>\n<ul>\n<li>Modelli di elenco<\/li>\n<li>Gestore delle inserzioni<\/li>\n<li>Supporto per l&#8217;elenco delle varianti<\/li>\n<li>Controllo dell&#8217;inventario e dei prezzi multicanale<\/li>\n<li>Supporto multi-magazzino<\/li>\n<li>Integrazione dell&#8217;inventario Logistica di Amazon<\/li>\n<li>Importazione\/esportazione inventario CSV<\/li>\n<li>Sincronizzazione automatica del numero di tracciamento<\/li>\n<li>Stampa etichette di spedizioni<\/li>\n<li>Integrazione FBA multicanale, servizio di spedizione e dei partner App Store<\/li>\n<li>Accesso all&#8217;API<\/li>\n<\/ul>\n<h4>LE RECENSIONI DEGLI UTENTI<\/h4>\n<p><strong>Mo &#8220;Funziona!&#8221;<\/strong><br \/>\n<strong>Commenti<\/strong>: Ottimo servizio clienti. Ogni volta che abbiamo un problema, se ne occupano semplicemente. Nessun problema di pagamento extra per l&#8217;assistenza clienti, ecc. (richiesto da altri servizi). Ottima esperienza complessiva.<br \/>\n<strong>Pro<\/strong>: Il software \u00e8 stabile e funziona perfettamente. \u00c8 anche un&#8217;interfaccia semplice. Tutto questo \u00e8 estremamente importante perch\u00e9 altri servizi offrono pi\u00f9 funzionalit\u00e0, ma non ne vale la pena.<br \/>\n<strong>Contro<\/strong>: Vorrei che le azioni di Google Shopping fossero aggiunte.<\/p>\n<p><strong>Cuong &#8220;Un&#8217;opzione che vale la pena considerare per il business multipiattaforma&#8221;<\/strong><br \/>\n<strong>Commenti<\/strong>: Uso Woocommerce per gestire i miei prodotti digitali. Stavo cercando una soluzione per sincronizzare i prodotti da Woocommerce ai canali di ecommerce. Sellbrite \u00e8 la soluzione pi\u00f9 conveniente che ho trovato. Ma \u00e8 pi\u00f9 adatto per un negozio che crea prodotti da Sellbrite che da Woocommerce. Mi ci vorr\u00e0 pi\u00f9 tempo per perfezionare il mio processo.<br \/>\n<strong>Pro<\/strong>: Facile da usare, collegamento illimitato di account multipiattaforma, senza costi aggiuntivi. Sincronizza automaticamente l&#8217;inventario per evitare vendite eccessive. Statistiche dettagliate dell&#8217;interfaccia dasboard, facile tracciare le mie attivit\u00e0 commerciali!<br \/>\n<strong>Contro<\/strong>: Sebbene la sincronizzazione dei prodotti da molti luoghi non sia ancora ottimale. Hai bisogno di una soluzione per sincronizzare facilmente i canali tramite un solo pulsante<\/p>\n<p><strong>Lisa &#8220;Molto facile da usare&#8230;Supporto personale e follow-up durante la prova gratuita&#8221;<\/strong><br \/>\n<strong>Commenti<\/strong>: Strumento molto facile da usare per multicanale ed espandere la mia presenza online esistente. Vendo online da pi\u00f9 di qualche anno e Sellbrite sta fornendo visibilit\u00e0 al mio inventario su piattaforme di vendita aggiuntive.<br \/>\n<strong>Pro<\/strong>: Facile da usare&#8230; i video sono di grande aiuto.<br \/>\n<strong>Contro<\/strong>: alcuni campi richiedono input aggiuntivi&#8230; ma Etsy \u00e8 una piattaforma in evoluzione e cambier\u00e0 radicalmente nei prossimi mesi.<\/p>\n","protected":false},"excerpt":{"rendered":"<p>Attraverso un&#8217;interfaccia semplice e intuitiva, Sellbrite consente ai rivenditori online di elencare e vendere facilmente i propri prodotti attraverso i canali, controllare e sincronizzare l&#8217;inventario e gestire ed evadere gli ordini. Fornisce inoltre ai commercianti l&#8217;intelligence cross-channel per avere successo.<\/p>\n","protected":false},"author":19,"featured_media":66128,"parent":65711,"menu_order":0,"comment_status":"open","ping_status":"closed","template":"g1_template_page_review_new.php","meta":{"_acf_changed":false,"cwp_meta_box_check":"Yes","cwp_rev_product_name":"","cwp_rev_product_image":"","wppr_links":[],"cwp_rev_price":"0.00","wppr_options":[{"name":"Usability","value":"0"},{"name":"Speed","value":"0"},{"name":"Features","value":"0"},{"name":"Support","value":"0"},{"name":"Pricing","value":"0"}],"wppr_pros":["","","","",""],"wppr_cons":["","","","",""],"_monsterinsights_skip_tracking":false,"_monsterinsights_sitenote_active":false,"_monsterinsights_sitenote_note":"","_monsterinsights_sitenote_category":0,"footnotes":""},"categories":[13985],"tags":[13994,14010,13991,13990,14037,13988,13992],"features":[],"class_list":{"0":"post-66122","1":"page","2":"type-page","3":"status-publish","4":"has-post-thumbnail","6":"category-software-gestione-canali-cat","7":"tag-app-gestione-canali","8":"tag-gestione-canali","9":"tag-piattaforma-gestione-canali","10":"tag-programma-gestione-canali","11":"tag-sellbrite","12":"tag-software-gestione-canali","13":"tag-soluzione-gestione-canali"},"wppr_data":{"cwp_meta_box_check":"Yes","_wppr_review_template":"default","cwp_rev_product_image":"","cwp_image_link":"image","wppr_links":[],"cwp_rev_price":"0.00","wppr_pros":["","","","",""],"wppr_cons":["","","","",""],"wppr_rating":"0.00","wppr_options":{"1":{"name":"Usability","value":"0"},"2":{"name":"Speed","value":"0"},"3":{"name":"Features","value":"0"},"4":{"name":"Support","value":"0"},"5":{"name":"Pricing","value":"0"}},"wppr_review_type":"Product","wppr_review_custom_fields":{"additionalProperty":"","additionalType":"","aggregateRating":"","alternateName":"","audience":"","award":"","awards":"","brand":"","color":"","depth":"","description":"","disambiguatingDescription":"","gtin12":"","gtin13":"","gtin14":"","gtin8":"","height":"","identifier":"","image":"","isAccessoryOrSparePartFor":"","isConsumableFor":"","isRelatedTo":"","isSimilarTo":"","itemCondition":"","logo":"","mainEntityOfPage":"","manufacturer":"","material":"","model":"","mpn":"","name":"","offers":"","potentialAction":"","productID":"","productionDate":"","purchaseDate":"","releaseDate":"","review":"","reviews":"","sameAs":"","sku":"","slogan":"","subjectOf":"","url":"","weight":"","width":""}},"acf":[],"yoast_head":"<!-- This site is optimized with the Yoast SEO plugin v27.4 - https:\/\/yoast.com\/product\/yoast-seo-wordpress\/ -->\n<title>Sellbrite: recensione software gestione canali - Accurate Reviews<\/title>\n<meta name=\"description\" content=\"Sellbrite: recensione software che consente ai rivenditori online di elencare e vendere facilmente i propri prodotti attraverso i canali.\" \/>\n<meta name=\"robots\" content=\"index, follow, max-snippet:-1, max-image-preview:large, max-video-preview:-1\" \/>\n<link rel=\"canonical\" href=\"https:\/\/www.accuratereviews.com\/it\/software-gestione-canali\/sellbrite-recensione\/\" \/>\n<meta property=\"og:locale\" content=\"it_IT\" \/>\n<meta property=\"og:type\" content=\"article\" \/>\n<meta property=\"og:title\" content=\"Sellbrite: recensione software gestione canali - Accurate Reviews\" \/>\n<meta property=\"og:description\" content=\"Sellbrite: recensione software che consente ai rivenditori online di elencare e vendere facilmente i propri prodotti attraverso i canali.\" \/>\n<meta property=\"og:url\" content=\"https:\/\/www.accuratereviews.com\/it\/software-gestione-canali\/sellbrite-recensione\/\" \/>\n<meta property=\"og:site_name\" content=\"Accurate Reviews\" \/>\n<meta property=\"article:modified_time\" content=\"2023-01-16T17:48:56+00:00\" \/>\n<meta property=\"og:image\" content=\"https:\/\/www.accuratereviews.com\/wp-content\/uploads\/2023\/01\/Sellbrite.png\" \/>\n\t<meta property=\"og:image:width\" content=\"256\" \/>\n\t<meta property=\"og:image:height\" content=\"256\" \/>\n\t<meta property=\"og:image:type\" content=\"image\/png\" \/>\n<meta name=\"twitter:card\" content=\"summary_large_image\" \/>\n<meta name=\"twitter:label1\" content=\"Tempo di lettura stimato\" \/>\n\t<meta name=\"twitter:data1\" content=\"3 minuti\" \/>\n<script type=\"application\/ld+json\" class=\"yoast-schema-graph\">{\"@context\":\"https:\\\/\\\/schema.org\",\"@graph\":[{\"@type\":\"WebPage\",\"@id\":\"https:\\\/\\\/www.accuratereviews.com\\\/it\\\/software-gestione-canali\\\/sellbrite-recensione\\\/\",\"url\":\"https:\\\/\\\/www.accuratereviews.com\\\/it\\\/software-gestione-canali\\\/sellbrite-recensione\\\/\",\"name\":\"Sellbrite: recensione software gestione canali - Accurate Reviews\",\"isPartOf\":{\"@id\":\"https:\\\/\\\/www.accuratereviews.com\\\/it\\\/#website\"},\"primaryImageOfPage\":{\"@id\":\"https:\\\/\\\/www.accuratereviews.com\\\/it\\\/software-gestione-canali\\\/sellbrite-recensione\\\/#primaryimage\"},\"image\":{\"@id\":\"https:\\\/\\\/www.accuratereviews.com\\\/it\\\/software-gestione-canali\\\/sellbrite-recensione\\\/#primaryimage\"},\"thumbnailUrl\":\"https:\\\/\\\/www.accuratereviews.com\\\/wp-content\\\/uploads\\\/2023\\\/01\\\/Sellbrite.png\",\"datePublished\":\"2023-01-16T15:32:47+00:00\",\"dateModified\":\"2023-01-16T17:48:56+00:00\",\"description\":\"Sellbrite: recensione software che consente ai rivenditori online di elencare e vendere facilmente i propri prodotti attraverso i canali.\",\"breadcrumb\":{\"@id\":\"https:\\\/\\\/www.accuratereviews.com\\\/it\\\/software-gestione-canali\\\/sellbrite-recensione\\\/#breadcrumb\"},\"inLanguage\":\"it-IT\",\"potentialAction\":[{\"@type\":\"ReadAction\",\"target\":[\"https:\\\/\\\/www.accuratereviews.com\\\/it\\\/software-gestione-canali\\\/sellbrite-recensione\\\/\"]}]},{\"@type\":\"ImageObject\",\"inLanguage\":\"it-IT\",\"@id\":\"https:\\\/\\\/www.accuratereviews.com\\\/it\\\/software-gestione-canali\\\/sellbrite-recensione\\\/#primaryimage\",\"url\":\"https:\\\/\\\/www.accuratereviews.com\\\/wp-content\\\/uploads\\\/2023\\\/01\\\/Sellbrite.png\",\"contentUrl\":\"https:\\\/\\\/www.accuratereviews.com\\\/wp-content\\\/uploads\\\/2023\\\/01\\\/Sellbrite.png\",\"width\":256,\"height\":256},{\"@type\":\"BreadcrumbList\",\"@id\":\"https:\\\/\\\/www.accuratereviews.com\\\/it\\\/software-gestione-canali\\\/sellbrite-recensione\\\/#breadcrumb\",\"itemListElement\":[{\"@type\":\"ListItem\",\"position\":1,\"name\":\"Home\",\"item\":\"https:\\\/\\\/www.accuratereviews.com\\\/it\\\/\"},{\"@type\":\"ListItem\",\"position\":2,\"name\":\"Software per la gestione dei canali\",\"item\":\"https:\\\/\\\/www.accuratereviews.com\\\/it\\\/software-gestione-canali\\\/\"},{\"@type\":\"ListItem\",\"position\":3,\"name\":\"Sellbrite\"}]},{\"@type\":\"WebSite\",\"@id\":\"https:\\\/\\\/www.accuratereviews.com\\\/it\\\/#website\",\"url\":\"https:\\\/\\\/www.accuratereviews.com\\\/it\\\/\",\"name\":\"Accurate Reviews\",\"description\":\"\",\"potentialAction\":[{\"@type\":\"SearchAction\",\"target\":{\"@type\":\"EntryPoint\",\"urlTemplate\":\"https:\\\/\\\/www.accuratereviews.com\\\/it\\\/?s={search_term_string}\"},\"query-input\":{\"@type\":\"PropertyValueSpecification\",\"valueRequired\":true,\"valueName\":\"search_term_string\"}}],\"inLanguage\":\"it-IT\"}]}<\/script>\n<!-- \/ Yoast SEO plugin. -->","yoast_head_json":{"title":"Sellbrite: recensione software gestione canali - Accurate Reviews","description":"Sellbrite: recensione software che consente ai rivenditori online di elencare e vendere facilmente i propri prodotti attraverso i canali.","robots":{"index":"index","follow":"follow","max-snippet":"max-snippet:-1","max-image-preview":"max-image-preview:large","max-video-preview":"max-video-preview:-1"},"canonical":"https:\/\/www.accuratereviews.com\/it\/software-gestione-canali\/sellbrite-recensione\/","og_locale":"it_IT","og_type":"article","og_title":"Sellbrite: recensione software gestione canali - Accurate Reviews","og_description":"Sellbrite: recensione software che consente ai rivenditori online di elencare e vendere facilmente i propri prodotti attraverso i canali.","og_url":"https:\/\/www.accuratereviews.com\/it\/software-gestione-canali\/sellbrite-recensione\/","og_site_name":"Accurate Reviews","article_modified_time":"2023-01-16T17:48:56+00:00","og_image":[{"width":256,"height":256,"url":"https:\/\/www.accuratereviews.com\/wp-content\/uploads\/2023\/01\/Sellbrite.png","type":"image\/png"}],"twitter_card":"summary_large_image","twitter_misc":{"Tempo di lettura stimato":"3 minuti"},"schema":{"@context":"https:\/\/schema.org","@graph":[{"@type":"WebPage","@id":"https:\/\/www.accuratereviews.com\/it\/software-gestione-canali\/sellbrite-recensione\/","url":"https:\/\/www.accuratereviews.com\/it\/software-gestione-canali\/sellbrite-recensione\/","name":"Sellbrite: recensione software gestione canali - Accurate Reviews","isPartOf":{"@id":"https:\/\/www.accuratereviews.com\/it\/#website"},"primaryImageOfPage":{"@id":"https:\/\/www.accuratereviews.com\/it\/software-gestione-canali\/sellbrite-recensione\/#primaryimage"},"image":{"@id":"https:\/\/www.accuratereviews.com\/it\/software-gestione-canali\/sellbrite-recensione\/#primaryimage"},"thumbnailUrl":"https:\/\/www.accuratereviews.com\/wp-content\/uploads\/2023\/01\/Sellbrite.png","datePublished":"2023-01-16T15:32:47+00:00","dateModified":"2023-01-16T17:48:56+00:00","description":"Sellbrite: recensione software che consente ai rivenditori online di elencare e vendere facilmente i propri prodotti attraverso i canali.","breadcrumb":{"@id":"https:\/\/www.accuratereviews.com\/it\/software-gestione-canali\/sellbrite-recensione\/#breadcrumb"},"inLanguage":"it-IT","potentialAction":[{"@type":"ReadAction","target":["https:\/\/www.accuratereviews.com\/it\/software-gestione-canali\/sellbrite-recensione\/"]}]},{"@type":"ImageObject","inLanguage":"it-IT","@id":"https:\/\/www.accuratereviews.com\/it\/software-gestione-canali\/sellbrite-recensione\/#primaryimage","url":"https:\/\/www.accuratereviews.com\/wp-content\/uploads\/2023\/01\/Sellbrite.png","contentUrl":"https:\/\/www.accuratereviews.com\/wp-content\/uploads\/2023\/01\/Sellbrite.png","width":256,"height":256},{"@type":"BreadcrumbList","@id":"https:\/\/www.accuratereviews.com\/it\/software-gestione-canali\/sellbrite-recensione\/#breadcrumb","itemListElement":[{"@type":"ListItem","position":1,"name":"Home","item":"https:\/\/www.accuratereviews.com\/it\/"},{"@type":"ListItem","position":2,"name":"Software per la gestione dei canali","item":"https:\/\/www.accuratereviews.com\/it\/software-gestione-canali\/"},{"@type":"ListItem","position":3,"name":"Sellbrite"}]},{"@type":"WebSite","@id":"https:\/\/www.accuratereviews.com\/it\/#website","url":"https:\/\/www.accuratereviews.com\/it\/","name":"Accurate Reviews","description":"","potentialAction":[{"@type":"SearchAction","target":{"@type":"EntryPoint","urlTemplate":"https:\/\/www.accuratereviews.com\/it\/?s={search_term_string}"},"query-input":{"@type":"PropertyValueSpecification","valueRequired":true,"valueName":"search_term_string"}}],"inLanguage":"it-IT"}]}},"_links":{"self":[{"href":"https:\/\/www.accuratereviews.com\/it\/wp-json\/wp\/v2\/pages\/66122","targetHints":{"allow":["GET"]}}],"collection":[{"href":"https:\/\/www.accuratereviews.com\/it\/wp-json\/wp\/v2\/pages"}],"about":[{"href":"https:\/\/www.accuratereviews.com\/it\/wp-json\/wp\/v2\/types\/page"}],"author":[{"embeddable":true,"href":"https:\/\/www.accuratereviews.com\/it\/wp-json\/wp\/v2\/users\/19"}],"replies":[{"embeddable":true,"href":"https:\/\/www.accuratereviews.com\/it\/wp-json\/wp\/v2\/comments?post=66122"}],"version-history":[{"count":11,"href":"https:\/\/www.accuratereviews.com\/it\/wp-json\/wp\/v2\/pages\/66122\/revisions"}],"predecessor-version":[{"id":66188,"href":"https:\/\/www.accuratereviews.com\/it\/wp-json\/wp\/v2\/pages\/66122\/revisions\/66188"}],"up":[{"embeddable":true,"href":"https:\/\/www.accuratereviews.com\/it\/wp-json\/wp\/v2\/pages\/65711"}],"wp:featuredmedia":[{"embeddable":true,"href":"https:\/\/www.accuratereviews.com\/it\/wp-json\/wp\/v2\/media\/66128"}],"wp:attachment":[{"href":"https:\/\/www.accuratereviews.com\/it\/wp-json\/wp\/v2\/media?parent=66122"}],"wp:term":[{"taxonomy":"category","embeddable":true,"href":"https:\/\/www.accuratereviews.com\/it\/wp-json\/wp\/v2\/categories?post=66122"},{"taxonomy":"post_tag","embeddable":true,"href":"https:\/\/www.accuratereviews.com\/it\/wp-json\/wp\/v2\/tags?post=66122"},{"taxonomy":"features","embeddable":true,"href":"https:\/\/www.accuratereviews.com\/it\/wp-json\/wp\/v2\/features?post=66122"}],"curies":[{"name":"wp","href":"https:\/\/api.w.org\/{rel}","templated":true}]}}