{"id":66163,"date":"2023-01-16T14:53:00","date_gmt":"2023-01-16T14:53:00","guid":{"rendered":"https:\/\/www.accuratereviews.com\/?page_id=66163"},"modified":"2023-01-16T14:53:00","modified_gmt":"2023-01-16T14:53:00","slug":"channeladvisor-recensione","status":"publish","type":"page","link":"https:\/\/www.accuratereviews.com\/it\/software-gestione-canali\/channeladvisor-recensione\/","title":{"rendered":"ChannelAdvisor"},"content":{"rendered":"<p class=\"h3 mb-2\"><strong>ChannelAdvisor<\/strong> \u00e8 una soluzione all-in-one per il commercio multicanale, ottima per semplificare le operazioni di ecommerce, marchi e rivenditori. Si tratta di un<strong> software per la gestione dei canali<\/strong> che offre strategie efficaci per fornire maggiore visibilit\u00e0 ai tuoi prodotti, raggiungendo cos\u00ec un incremento delle vendite.<br \/>\n<strong>ChannelAdvisor<\/strong> unisce in un&#8217;unica piattaforma numerose funzionalit\u00e0 che ti consentono di gestire il marketing digitale, i marketplace, la vendita al dettaglio, il dropshipping, il B2C e molto altro ancora.<\/p>\n<h2>CHANNELADVISOR &#8211; TUTORIAL<\/h2>\n<div id=\"fluid-wrapper-counter-1\" class=\"g1-fluid-wrapper \" style=\"width:686px;\">\n<div style=\"padding-bottom:56.268221574344%;\"><iframe loading=\"lazy\" title=\"ChannelAdvisor | Connecting and Optimizing the World&#039;s Commerce\" width=\"686\" height=\"386\" src=\"https:\/\/www.youtube.com\/embed\/zlES8iMROUc?feature=oembed&amp;wmode=transparent&amp;autohide=1&amp;autoplay=0&amp;disablekb=0&amp;fs=1&amp;loop=0&amp;enablejsapi=1&amp;rel=0&amp;controls=2&amp;showinfo=0&amp;wmode=transparent&amp;autohide=2&amp;autoplay=0&amp;disablekb=0&amp;fs=1&amp;loop=0&amp;enablejsapi=1&amp;rel=0&amp;controls=2&amp;showinfo=1\" frameborder=\"0\" allow=\"accelerometer; autoplay; clipboard-write; encrypted-media; gyroscope; picture-in-picture; web-share\" allowfullscreen><\/iframe><\/div>\n<\/div>\n<h3>CHANNELADVISOR &#8211; CARATTERISTICHE<\/h3>\n<ul>\n<li><strong>Marketplaces &amp; canali primari<\/strong>: fornisce tutto ci\u00f2 di cui avete bisogno per connettervi con un maggior numero di clienti e semplificare le vostre operazioni di vendita su oltre 350 marketplace globali e siti di vendita al dettaglio come Amazon, eBay, Zalando, Walmart e altri ancora.<\/li>\n<li><strong>Digital marketing &amp; retail media<\/strong>: la tecnologia proprietaria, combinata con il team di esperti di ecommerce, aiuta ad automatizzare e ottimizzare le campagne pubblicitarie su marketplace, siti di vendita al dettaglio, canali SEM (Search Engine Marketing), siti di social media, pubblicit\u00e0 video e molto altro ancora.<\/li>\n<li><strong>Gestione dei feed e sincronizzazione dei contenuti<\/strong>: trasforma i dati dei prodotti per soddisfare automaticamente i requisiti delle piattaforme di merchandising, marketing e pubblicit\u00e0. Raccoglie i dati dei prodotti una volta sola e li ottimizza per ogni destinazione.<\/li>\n<li><strong>Shoppable media<\/strong>: facilita il percorso d&#8217;acquisto rendendo il vostro sito web e le vostre campagne digitali attivabili. ChannelAdvisor Shoppable Media pu\u00f2 aiutare i marchi a migliorare l&#8217;esperienza dei clienti, fornendo al contempo gli insight di vendita al dettaglio necessari per far crescere e rafforzare le relazioni con i rivenditori preferiti.<\/li>\n<li><strong>Analisi del marchio<\/strong>: la potente suite di soluzioni per scaffali digitali aiuta i marchi multicanale a gestire la distribuzione dei prodotti online, a incrementare le vendite e a proteggere la propria reputazione. La piattaforma analizza le metriche dei prodotti dei rivenditori online, facilitando la supervisione di grandi reti di distribuzione da parte di marchi e produttori.<\/li>\n<\/ul>\n<h4>LE RECENSIONI DEGLI UTENTI<\/h4>\n<p><strong>Russell &#8220;Ottimo sistema, altamente raccomandato. Si colloca al di sopra degli altri sistemi Channel&#8221;.<\/strong><br \/>\nPro: Gamma di opzioni di Marketplace ben al di sopra di altre piattaforme che affermano di offrire lo stesso servizio a un costo inferiore.<br \/>\nContro: Il fatto che sia puramente per la connessione ai canali di vendita. I consulenti di canale fanno pochissimi sforzi per offrire funzionalit\u00e0 di spedizione\/ordine di acquisto &#8211; non \u00e8 una soluzione completa.<\/p>\n<p><strong>Kevin &#8220;Gestione semplice ma robusta dei prodotti e degli annunci del mercato&#8221;<\/strong><br \/>\nCommenti: L&#8217;esperienza di lavoro con CA \u00e8 stata per lo pi\u00f9 positiva. Il loro team tecnico \u00e8 in genere reattivo alle domande di supporto, ma lo sviluppo di nuove funzionalit\u00e0 per tenere il passo con il canale marketplace potrebbe essere migliorato.<br \/>\nPro: La possibilit\u00e0 di personalizzare gli attributi dei prodotti per adattarli alle esigenze aziendali e di creare regole aziendali personalizzate e basate sulla logica per trasformare le informazioni sui prodotti nel marketplace.<br \/>\nContro: Le revisioni delle inserzioni a volte causano problemi sul canale del marketplace e manca l&#8217;intera suite di funzionalit\u00e0 disponibili in modo nativo su quel marketplace.<\/p>\n<p><strong>Ankit &#8220;Ottimo strumento per automatizzare i processi&#8221;<\/strong><br \/>\nCommenti: L&#8217;applicazione offre un sacco di funzionalit\u00e0 e offre caratteristiche per automatizzare vari processi. Abbiamo circa 1M+ inserzioni su pi\u00f9 canali, e nessun problema in termini di gestione del carico.<br \/>\nPro: Il portale \u00e8 facile da usare e dispone di molte funzionalit\u00e0 che consentono di risparmiare tempo e denaro. L&#8217;inventario condiviso su pi\u00f9 canali \u00e8 molto utile, trovare articoli all&#8217;interno della documentazione \u00e8 facilissimo, l&#8217;assistenza \u00e8 competente nella maggior parte dei casi.<br \/>\nContro: Il rilevamento automatico delle categorie sui canali di terze parti necessita di molti miglioramenti. Le informazioni sui valori validi di categoria e sottocategoria fornite mancano di dettagli o non ci sono. Mancano anche i video tutorial.<\/p>\n","protected":false},"excerpt":{"rendered":"<p>ChannelAdvisor \u00e8 una soluzione all-in-one per il commercio multicanale, ottima per semplificare le operazioni di ecommerce, marchi e rivenditori. Si tratta di un software per la gestione dei canali che offre strategie efficaci per fornire maggiore visibilit\u00e0 ai tuoi prodotti, raggiungendo cos\u00ec un incremento delle vendite.\u00a0<\/p>\n","protected":false},"author":17,"featured_media":66166,"parent":65711,"menu_order":0,"comment_status":"open","ping_status":"closed","template":"g1_template_page_review_new.php","meta":{"_acf_changed":false,"cwp_meta_box_check":"No","cwp_rev_product_name":"","cwp_rev_product_image":"","wppr_links":[],"cwp_rev_price":"","wppr_options":[],"wppr_pros":[],"wppr_cons":[],"_monsterinsights_skip_tracking":false,"_monsterinsights_sitenote_active":false,"_monsterinsights_sitenote_note":"","_monsterinsights_sitenote_category":0,"footnotes":""},"categories":[13985],"tags":[13994,14010,13991,13990,13987,13992],"features":[],"class_list":{"0":"post-66163","1":"page","2":"type-page","3":"status-publish","4":"has-post-thumbnail","6":"category-software-gestione-canali-cat","7":"tag-app-gestione-canali","8":"tag-gestione-canali","9":"tag-piattaforma-gestione-canali","10":"tag-programma-gestione-canali","11":"tag-software-per-la-gestione-dei-canali","12":"tag-soluzione-gestione-canali"},"wppr_data":{"cwp_meta_box_check":"No"},"acf":[],"yoast_head":"<!-- This site is optimized with the Yoast SEO plugin v27.4 - https:\/\/yoast.com\/product\/yoast-seo-wordpress\/ -->\n<title>ChannelAdvisor: recensione software gestione canali - AR<\/title>\n<meta name=\"description\" content=\"Channeladvisor: recensione del software per la gestione dei canali, ottimo per semplificare le operazioni di ecommerce, marchi e rivenditori.\" \/>\n<meta name=\"robots\" content=\"index, follow, max-snippet:-1, max-image-preview:large, max-video-preview:-1\" \/>\n<link rel=\"canonical\" href=\"https:\/\/www.accuratereviews.com\/it\/software-gestione-canali\/channeladvisor-recensione\/\" \/>\n<meta property=\"og:locale\" content=\"it_IT\" \/>\n<meta property=\"og:type\" content=\"article\" \/>\n<meta property=\"og:title\" content=\"ChannelAdvisor: recensione software gestione canali - AR\" \/>\n<meta property=\"og:description\" content=\"Channeladvisor: recensione del software per la gestione dei canali, ottimo per semplificare le operazioni di ecommerce, marchi e rivenditori.\" \/>\n<meta property=\"og:url\" content=\"https:\/\/www.accuratereviews.com\/it\/software-gestione-canali\/channeladvisor-recensione\/\" \/>\n<meta property=\"og:site_name\" content=\"Accurate Reviews\" \/>\n<meta property=\"og:image\" content=\"https:\/\/www.accuratereviews.com\/wp-content\/uploads\/2023\/01\/channeladvisor-vector-logo.png\" \/>\n\t<meta property=\"og:image:width\" content=\"900\" \/>\n\t<meta property=\"og:image:height\" content=\"500\" \/>\n\t<meta property=\"og:image:type\" content=\"image\/png\" \/>\n<meta name=\"twitter:card\" content=\"summary_large_image\" \/>\n<meta name=\"twitter:label1\" content=\"Tempo di lettura stimato\" \/>\n\t<meta name=\"twitter:data1\" content=\"4 minuti\" \/>\n<script type=\"application\/ld+json\" class=\"yoast-schema-graph\">{\"@context\":\"https:\\\/\\\/schema.org\",\"@graph\":[{\"@type\":\"WebPage\",\"@id\":\"https:\\\/\\\/www.accuratereviews.com\\\/it\\\/software-gestione-canali\\\/channeladvisor-recensione\\\/\",\"url\":\"https:\\\/\\\/www.accuratereviews.com\\\/it\\\/software-gestione-canali\\\/channeladvisor-recensione\\\/\",\"name\":\"ChannelAdvisor: recensione software gestione canali - AR\",\"isPartOf\":{\"@id\":\"https:\\\/\\\/www.accuratereviews.com\\\/it\\\/#website\"},\"primaryImageOfPage\":{\"@id\":\"https:\\\/\\\/www.accuratereviews.com\\\/it\\\/software-gestione-canali\\\/channeladvisor-recensione\\\/#primaryimage\"},\"image\":{\"@id\":\"https:\\\/\\\/www.accuratereviews.com\\\/it\\\/software-gestione-canali\\\/channeladvisor-recensione\\\/#primaryimage\"},\"thumbnailUrl\":\"https:\\\/\\\/www.accuratereviews.com\\\/wp-content\\\/uploads\\\/2023\\\/01\\\/channeladvisor-vector-logo.png\",\"datePublished\":\"2023-01-16T14:53:00+00:00\",\"description\":\"Channeladvisor: recensione del software per la gestione dei canali, ottimo per semplificare le operazioni di ecommerce, marchi e rivenditori.\",\"breadcrumb\":{\"@id\":\"https:\\\/\\\/www.accuratereviews.com\\\/it\\\/software-gestione-canali\\\/channeladvisor-recensione\\\/#breadcrumb\"},\"inLanguage\":\"it-IT\",\"potentialAction\":[{\"@type\":\"ReadAction\",\"target\":[\"https:\\\/\\\/www.accuratereviews.com\\\/it\\\/software-gestione-canali\\\/channeladvisor-recensione\\\/\"]}]},{\"@type\":\"ImageObject\",\"inLanguage\":\"it-IT\",\"@id\":\"https:\\\/\\\/www.accuratereviews.com\\\/it\\\/software-gestione-canali\\\/channeladvisor-recensione\\\/#primaryimage\",\"url\":\"https:\\\/\\\/www.accuratereviews.com\\\/wp-content\\\/uploads\\\/2023\\\/01\\\/channeladvisor-vector-logo.png\",\"contentUrl\":\"https:\\\/\\\/www.accuratereviews.com\\\/wp-content\\\/uploads\\\/2023\\\/01\\\/channeladvisor-vector-logo.png\",\"width\":900,\"height\":500},{\"@type\":\"BreadcrumbList\",\"@id\":\"https:\\\/\\\/www.accuratereviews.com\\\/it\\\/software-gestione-canali\\\/channeladvisor-recensione\\\/#breadcrumb\",\"itemListElement\":[{\"@type\":\"ListItem\",\"position\":1,\"name\":\"Home\",\"item\":\"https:\\\/\\\/www.accuratereviews.com\\\/it\\\/\"},{\"@type\":\"ListItem\",\"position\":2,\"name\":\"Software per la gestione dei canali\",\"item\":\"https:\\\/\\\/www.accuratereviews.com\\\/it\\\/software-gestione-canali\\\/\"},{\"@type\":\"ListItem\",\"position\":3,\"name\":\"ChannelAdvisor\"}]},{\"@type\":\"WebSite\",\"@id\":\"https:\\\/\\\/www.accuratereviews.com\\\/it\\\/#website\",\"url\":\"https:\\\/\\\/www.accuratereviews.com\\\/it\\\/\",\"name\":\"Accurate Reviews\",\"description\":\"\",\"potentialAction\":[{\"@type\":\"SearchAction\",\"target\":{\"@type\":\"EntryPoint\",\"urlTemplate\":\"https:\\\/\\\/www.accuratereviews.com\\\/it\\\/?s={search_term_string}\"},\"query-input\":{\"@type\":\"PropertyValueSpecification\",\"valueRequired\":true,\"valueName\":\"search_term_string\"}}],\"inLanguage\":\"it-IT\"}]}<\/script>\n<!-- \/ Yoast SEO plugin. -->","yoast_head_json":{"title":"ChannelAdvisor: recensione software gestione canali - AR","description":"Channeladvisor: recensione del software per la gestione dei canali, ottimo per semplificare le operazioni di ecommerce, marchi e rivenditori.","robots":{"index":"index","follow":"follow","max-snippet":"max-snippet:-1","max-image-preview":"max-image-preview:large","max-video-preview":"max-video-preview:-1"},"canonical":"https:\/\/www.accuratereviews.com\/it\/software-gestione-canali\/channeladvisor-recensione\/","og_locale":"it_IT","og_type":"article","og_title":"ChannelAdvisor: recensione software gestione canali - AR","og_description":"Channeladvisor: recensione del software per la gestione dei canali, ottimo per semplificare le operazioni di ecommerce, marchi e rivenditori.","og_url":"https:\/\/www.accuratereviews.com\/it\/software-gestione-canali\/channeladvisor-recensione\/","og_site_name":"Accurate Reviews","og_image":[{"width":900,"height":500,"url":"https:\/\/www.accuratereviews.com\/wp-content\/uploads\/2023\/01\/channeladvisor-vector-logo.png","type":"image\/png"}],"twitter_card":"summary_large_image","twitter_misc":{"Tempo di lettura stimato":"4 minuti"},"schema":{"@context":"https:\/\/schema.org","@graph":[{"@type":"WebPage","@id":"https:\/\/www.accuratereviews.com\/it\/software-gestione-canali\/channeladvisor-recensione\/","url":"https:\/\/www.accuratereviews.com\/it\/software-gestione-canali\/channeladvisor-recensione\/","name":"ChannelAdvisor: recensione software gestione canali - AR","isPartOf":{"@id":"https:\/\/www.accuratereviews.com\/it\/#website"},"primaryImageOfPage":{"@id":"https:\/\/www.accuratereviews.com\/it\/software-gestione-canali\/channeladvisor-recensione\/#primaryimage"},"image":{"@id":"https:\/\/www.accuratereviews.com\/it\/software-gestione-canali\/channeladvisor-recensione\/#primaryimage"},"thumbnailUrl":"https:\/\/www.accuratereviews.com\/wp-content\/uploads\/2023\/01\/channeladvisor-vector-logo.png","datePublished":"2023-01-16T14:53:00+00:00","description":"Channeladvisor: recensione del software per la gestione dei canali, ottimo per semplificare le operazioni di ecommerce, marchi e rivenditori.","breadcrumb":{"@id":"https:\/\/www.accuratereviews.com\/it\/software-gestione-canali\/channeladvisor-recensione\/#breadcrumb"},"inLanguage":"it-IT","potentialAction":[{"@type":"ReadAction","target":["https:\/\/www.accuratereviews.com\/it\/software-gestione-canali\/channeladvisor-recensione\/"]}]},{"@type":"ImageObject","inLanguage":"it-IT","@id":"https:\/\/www.accuratereviews.com\/it\/software-gestione-canali\/channeladvisor-recensione\/#primaryimage","url":"https:\/\/www.accuratereviews.com\/wp-content\/uploads\/2023\/01\/channeladvisor-vector-logo.png","contentUrl":"https:\/\/www.accuratereviews.com\/wp-content\/uploads\/2023\/01\/channeladvisor-vector-logo.png","width":900,"height":500},{"@type":"BreadcrumbList","@id":"https:\/\/www.accuratereviews.com\/it\/software-gestione-canali\/channeladvisor-recensione\/#breadcrumb","itemListElement":[{"@type":"ListItem","position":1,"name":"Home","item":"https:\/\/www.accuratereviews.com\/it\/"},{"@type":"ListItem","position":2,"name":"Software per la gestione dei canali","item":"https:\/\/www.accuratereviews.com\/it\/software-gestione-canali\/"},{"@type":"ListItem","position":3,"name":"ChannelAdvisor"}]},{"@type":"WebSite","@id":"https:\/\/www.accuratereviews.com\/it\/#website","url":"https:\/\/www.accuratereviews.com\/it\/","name":"Accurate Reviews","description":"","potentialAction":[{"@type":"SearchAction","target":{"@type":"EntryPoint","urlTemplate":"https:\/\/www.accuratereviews.com\/it\/?s={search_term_string}"},"query-input":{"@type":"PropertyValueSpecification","valueRequired":true,"valueName":"search_term_string"}}],"inLanguage":"it-IT"}]}},"_links":{"self":[{"href":"https:\/\/www.accuratereviews.com\/it\/wp-json\/wp\/v2\/pages\/66163","targetHints":{"allow":["GET"]}}],"collection":[{"href":"https:\/\/www.accuratereviews.com\/it\/wp-json\/wp\/v2\/pages"}],"about":[{"href":"https:\/\/www.accuratereviews.com\/it\/wp-json\/wp\/v2\/types\/page"}],"author":[{"embeddable":true,"href":"https:\/\/www.accuratereviews.com\/it\/wp-json\/wp\/v2\/users\/17"}],"replies":[{"embeddable":true,"href":"https:\/\/www.accuratereviews.com\/it\/wp-json\/wp\/v2\/comments?post=66163"}],"version-history":[{"count":3,"href":"https:\/\/www.accuratereviews.com\/it\/wp-json\/wp\/v2\/pages\/66163\/revisions"}],"predecessor-version":[{"id":66173,"href":"https:\/\/www.accuratereviews.com\/it\/wp-json\/wp\/v2\/pages\/66163\/revisions\/66173"}],"up":[{"embeddable":true,"href":"https:\/\/www.accuratereviews.com\/it\/wp-json\/wp\/v2\/pages\/65711"}],"wp:featuredmedia":[{"embeddable":true,"href":"https:\/\/www.accuratereviews.com\/it\/wp-json\/wp\/v2\/media\/66166"}],"wp:attachment":[{"href":"https:\/\/www.accuratereviews.com\/it\/wp-json\/wp\/v2\/media?parent=66163"}],"wp:term":[{"taxonomy":"category","embeddable":true,"href":"https:\/\/www.accuratereviews.com\/it\/wp-json\/wp\/v2\/categories?post=66163"},{"taxonomy":"post_tag","embeddable":true,"href":"https:\/\/www.accuratereviews.com\/it\/wp-json\/wp\/v2\/tags?post=66163"},{"taxonomy":"features","embeddable":true,"href":"https:\/\/www.accuratereviews.com\/it\/wp-json\/wp\/v2\/features?post=66163"}],"curies":[{"name":"wp","href":"https:\/\/api.w.org\/{rel}","templated":true}]}}