{"id":66199,"date":"2023-01-17T16:58:10","date_gmt":"2023-01-17T16:58:10","guid":{"rendered":"https:\/\/www.accuratereviews.com\/?page_id=66199"},"modified":"2023-01-17T16:58:10","modified_gmt":"2023-01-17T16:58:10","slug":"hotel-link-recensione","status":"publish","type":"page","link":"https:\/\/www.accuratereviews.com\/it\/software-gestione-canali\/hotel-link-recensione\/","title":{"rendered":"Hotel Link"},"content":{"rendered":"<p>La tecnologia basata su <strong>cloud<\/strong> di <strong>Hotel Link<\/strong> aiuta gli albergatori di tutte le dimensioni a gestire propriet\u00e0, canali, prenotazioni, siti web e operazioni di front-desk.\u00a0Le principali funzionalit\u00e0 includono la gestione delle prenotazioni, le relazioni con gli ospiti, i servizi, le campagne di marketing e le vendite. Il software si integra anche con i fornitori di gateway di pagamento per una facile elaborazione dei pagamenti.<br \/>\nI team possono tenere traccia delle camere disponibili in qualsiasi momento, aggiornando automaticamente le informazioni sulla disponibilit\u00e0 per ogni tipo di camera o piano tariffario.<\/p>\n<h2>HOTEL LINK &#8211; TUTORIAL<\/h2>\n<div id=\"fluid-wrapper-counter-1\" class=\"g1-fluid-wrapper \" style=\"width:686px;\">\n<div style=\"padding-bottom:56.268221574344%;\"><iframe loading=\"lazy\" title=\"Hotel Link&#039;s Channel Manager helps increase hotel revenue with an effective distribution strategy.\" width=\"686\" height=\"386\" src=\"https:\/\/www.youtube.com\/embed\/528oP_zwrhw?feature=oembed&amp;wmode=transparent&amp;autohide=1&amp;autoplay=0&amp;disablekb=0&amp;fs=1&amp;loop=0&amp;enablejsapi=1&amp;rel=0&amp;controls=2&amp;showinfo=0&amp;wmode=transparent&amp;autohide=2&amp;autoplay=0&amp;disablekb=0&amp;fs=1&amp;loop=0&amp;enablejsapi=1&amp;rel=0&amp;controls=2&amp;showinfo=1\" frameborder=\"0\" allow=\"accelerometer; autoplay; clipboard-write; encrypted-media; gyroscope; picture-in-picture; web-share\" allowfullscreen><\/iframe><\/div>\n<\/div>\n<h3>HOTEL LINK &#8211; CARATTERISTICHE<\/h3>\n<div class=\"QcsUad BDJ8fb BLojaf\">\n<div class=\"XL3Kf\">\n<div class=\"a8FIud X0rvP L6rCcb\">\n<div data-show-delay-ms=\"250\" data-append-to-body=\"false\" data-propagate-tooltip-mouseover-events=\"true\" data-anchor-corner=\"bottom-end\" data-enable-skip-handler=\"false\" data-popup-corner=\"top-end\">\n<div class=\"usGWQd\" aria-live=\"polite\">\n<div class=\"KkbLmb\">\n<ul>\n<li class=\"lRu31\"><span class=\"HwtZe\" lang=\"it\"><span class=\"jCAhz ChMk0b\"><span class=\"ryNqvb\"><strong>Risparmia tempo<\/strong>:<\/span><span class=\"jCAhz\">\u00a0a<span class=\"ryNqvb\">utomatizza la distribuzione dell&#8217;inventario e blocca gli aggiornamenti manuali inaffidabili e dispendiosi in termini di tempo.<\/span> <\/span><\/span><\/span><\/li>\n<li class=\"lRu31\"><span class=\"HwtZe\" lang=\"it\"><span class=\"jCAhz ChMk0b\"><span class=\"jCAhz\"><span class=\"ryNqvb\"><strong>Pi\u00f9 visibilit\u00e0<\/strong>:<\/span>\u00a0i<span class=\"ryNqvb\">nserisci la tua struttura in tutti i canali importanti delle agenzie di viaggio online per raggiungere un vasto pubblico.<\/span> <\/span><\/span><\/span><\/li>\n<li class=\"lRu31\"><span class=\"HwtZe\" lang=\"it\"><span class=\"jCAhz ChMk0b\"><span class=\"jCAhz\"><span class=\"ryNqvb\"><strong>Gestione delle tariffe<\/strong>: r<\/span><span class=\"ryNqvb\">egola facilmente le tariffe al volo per mantenere la parit\u00e0 tariffaria su tutti i tuoi canali di vendita e offrire promozioni speciali.<\/span> <\/span><\/span><\/span><\/li>\n<li class=\"lRu31\"><span class=\"HwtZe\" lang=\"it\"><span class=\"jCAhz ChMk0b\"><span class=\"jCAhz\"><span class=\"ryNqvb\"><strong>Direzione Centrale:<\/strong> t<\/span><span class=\"ryNqvb\">utti i dettagli della prenotazione vengono estratti automaticamente dalle OTA per un maggiore controllo.<\/span> <\/span><\/span><\/span><\/li>\n<li class=\"lRu31\"><span class=\"HwtZe\" lang=\"it\"><span class=\"jCAhz ChMk0b\"><span class=\"jCAhz\"><span class=\"ryNqvb\"><strong>Aggiornamenti istantanei<\/strong>:<\/span>\u00a0i<span class=\"ryNqvb\">nvia immediatamente l&#8217;inventario ai canali collegati e recupera rapidamente le prenotazioni.<\/span> <\/span><\/span><\/span><\/li>\n<li class=\"lRu31\"><span class=\"HwtZe\" lang=\"it\"><span class=\"jCAhz ChMk0b\"><span class=\"jCAhz\"><span class=\"ryNqvb\"><strong>Ridurre gli errori:<\/strong> l<\/span><span class=\"ryNqvb\">a connettivit\u00e0 automatizzata significa meno spazio per l&#8217;errore umano in termini di tariffe e disponibilit\u00e0.<\/span><\/span><\/span><\/span><\/li>\n<li class=\"lRu31\"><strong>Notifica di prenotazione via SMS:<\/strong>\u00a0servizio gratuito che ti d\u00e0 la possibilit\u00e0 di ricevere notifiche di prenotazione su qualsiasi cellulare tramite SMS. Ci\u00f2 \u00e8 particolarmente utile nelle destinazioni remote in cui l&#8217;accesso a Internet pu\u00f2 essere intermittente.<\/li>\n<\/ul>\n<h4>LE RECENSIONI DEGLI UTENTI<\/h4>\n<p><strong>Maria Natalia &#8220;Software facile da usare&#8221;<\/strong><br \/>\n<strong>Commenti<\/strong>: Facile da usare, risparmio di tempo ed efficace per generare prenotazioni.<br \/>\n<strong>Pro<\/strong>: Il software mi fa risparmiare tempo nell&#8217;assegnazione delle tariffe e della disponibilit\u00e0. Molto efficace per generare la prenotazione sul sito web. La cosa pi\u00f9 importante \u00e8 che il channel manager faccia in modo che il mio hotel diventi popolare, anche se ci troviamo lontano dal centro dell&#8217;isola di Lembongan. Ottimo lavoro, Hotel Link!<br \/>\n<strong>Contro<\/strong>: I rapporti automatici sono diversi dai rapporti manuali, ma non accade spesso.<\/p>\n<p><strong>Yana &#8220;Soluzione software conveniente e facile da usare&#8221;<\/strong><br \/>\n<strong>Commenti<\/strong>: Il gestore dei canali \u00e8 facile da usare.<br \/>\n<strong>Pro<\/strong>: Hotel Link Solutions ha un ufficio locale che ci ha aiutato con l&#8217;installazione. &#8211; software facile da usare. &#8211; l&#8217;assistenza locale \u00e8 rapidamente disponibile.<br \/>\n<strong>Contro<\/strong>: Non \u00e8 ancora integrato con il PMS, ma \u00e8 in corso.<\/p>\n<p><strong>Adrien &#8220;Non c&#8217;\u00e8 molto da dire&#8221;<\/strong><br \/>\n<strong>Commenti<\/strong>: Finora va bene ma vorrei avere pi\u00f9 funzionalit\u00e0 per aiutarci a trovare il prezzo giusto e avere pi\u00f9 cifre da analizzare<br \/>\n<strong>Pro<\/strong>: Di facile accesso per il nostro staff e la nostra direzione<br \/>\n<strong>Contro<\/strong>: mancano i dati per la parte analitica<\/p>\n<\/div>\n<\/div>\n<\/div>\n<\/div>\n<\/div>\n<\/div>\n","protected":false},"excerpt":{"rendered":"<p>La tecnologia basata su cloud di Hotel Link aiuta gli albergatori di tutte le dimensioni a gestire propriet\u00e0, canali, prenotazioni, siti web e operazioni di front-desk.\u00a0Le principali funzionalit\u00e0 includono la gestione delle prenotazioni, le relazioni con gli ospiti, i servizi, le campagne di marketing e le vendite.<\/p>\n","protected":false},"author":19,"featured_media":66200,"parent":65711,"menu_order":0,"comment_status":"open","ping_status":"closed","template":"g1_template_page_review_new.php","meta":{"_acf_changed":false,"cwp_meta_box_check":"Yes","cwp_rev_product_name":"","cwp_rev_product_image":"","wppr_links":[],"cwp_rev_price":"0.00","wppr_options":[{"name":"Usability","value":"0"},{"name":"Speed","value":"0"},{"name":"Features","value":"0"},{"name":"Support","value":"0"},{"name":"Pricing","value":"0"}],"wppr_pros":["","","","",""],"wppr_cons":["","","","",""],"_monsterinsights_skip_tracking":false,"_monsterinsights_sitenote_active":false,"_monsterinsights_sitenote_note":"","_monsterinsights_sitenote_category":0,"footnotes":""},"categories":[13985],"tags":[1762,14010,14044,13991,13990,13988,13992],"features":[],"class_list":{"0":"post-66199","1":"page","2":"type-page","3":"status-publish","4":"has-post-thumbnail","6":"category-software-gestione-canali-cat","7":"tag-channel-manager","8":"tag-gestione-canali","9":"tag-hotel-link","10":"tag-piattaforma-gestione-canali","11":"tag-programma-gestione-canali","12":"tag-software-gestione-canali","13":"tag-soluzione-gestione-canali"},"wppr_data":{"cwp_meta_box_check":"Yes","_wppr_review_template":"default","cwp_rev_product_image":"","cwp_image_link":"image","wppr_links":[],"cwp_rev_price":"0.00","wppr_pros":["","","","",""],"wppr_cons":["","","","",""],"wppr_rating":"0.00","wppr_options":{"1":{"name":"Usability","value":"0"},"2":{"name":"Speed","value":"0"},"3":{"name":"Features","value":"0"},"4":{"name":"Support","value":"0"},"5":{"name":"Pricing","value":"0"}},"wppr_review_type":"Product","wppr_review_custom_fields":{"additionalProperty":"","additionalType":"","aggregateRating":"","alternateName":"","audience":"","award":"","awards":"","brand":"","color":"","depth":"","description":"","disambiguatingDescription":"","gtin12":"","gtin13":"","gtin14":"","gtin8":"","height":"","identifier":"","image":"","isAccessoryOrSparePartFor":"","isConsumableFor":"","isRelatedTo":"","isSimilarTo":"","itemCondition":"","logo":"","mainEntityOfPage":"","manufacturer":"","material":"","model":"","mpn":"","name":"","offers":"","potentialAction":"","productID":"","productionDate":"","purchaseDate":"","releaseDate":"","review":"","reviews":"","sameAs":"","sku":"","slogan":"","subjectOf":"","url":"","weight":"","width":""}},"acf":[],"yoast_head":"<!-- This site is optimized with the Yoast SEO plugin v27.4 - https:\/\/yoast.com\/product\/yoast-seo-wordpress\/ -->\n<title>Hotel Link: recensione software gestione canali - Accurate Reviews<\/title>\n<meta name=\"description\" content=\"Hotel Link: recensione software che aiuta gli albergatori a gestire propriet\u00e0, canali, prenotazioni, siti web e operazioni di front-desk.\u00a0\" \/>\n<meta name=\"robots\" content=\"index, follow, max-snippet:-1, max-image-preview:large, max-video-preview:-1\" \/>\n<link rel=\"canonical\" href=\"https:\/\/www.accuratereviews.com\/it\/software-gestione-canali\/hotel-link-recensione\/\" \/>\n<meta property=\"og:locale\" content=\"it_IT\" \/>\n<meta property=\"og:type\" content=\"article\" \/>\n<meta property=\"og:title\" content=\"Hotel Link: recensione software gestione canali - Accurate Reviews\" \/>\n<meta property=\"og:description\" content=\"Hotel Link: recensione software che aiuta gli albergatori a gestire propriet\u00e0, canali, prenotazioni, siti web e operazioni di front-desk.\u00a0\" \/>\n<meta property=\"og:url\" content=\"https:\/\/www.accuratereviews.com\/it\/software-gestione-canali\/hotel-link-recensione\/\" \/>\n<meta property=\"og:site_name\" content=\"Accurate Reviews\" \/>\n<meta property=\"og:image\" content=\"https:\/\/www.accuratereviews.com\/wp-content\/uploads\/2023\/01\/Hotel-Link.png\" \/>\n\t<meta property=\"og:image:width\" content=\"226\" \/>\n\t<meta property=\"og:image:height\" content=\"348\" \/>\n\t<meta property=\"og:image:type\" content=\"image\/png\" \/>\n<meta name=\"twitter:card\" content=\"summary_large_image\" \/>\n<meta name=\"twitter:label1\" content=\"Tempo di lettura stimato\" \/>\n\t<meta name=\"twitter:data1\" content=\"3 minuti\" \/>\n<script type=\"application\/ld+json\" class=\"yoast-schema-graph\">{\"@context\":\"https:\\\/\\\/schema.org\",\"@graph\":[{\"@type\":\"WebPage\",\"@id\":\"https:\\\/\\\/www.accuratereviews.com\\\/it\\\/software-gestione-canali\\\/hotel-link-recensione\\\/\",\"url\":\"https:\\\/\\\/www.accuratereviews.com\\\/it\\\/software-gestione-canali\\\/hotel-link-recensione\\\/\",\"name\":\"Hotel Link: recensione software gestione canali - Accurate Reviews\",\"isPartOf\":{\"@id\":\"https:\\\/\\\/www.accuratereviews.com\\\/it\\\/#website\"},\"primaryImageOfPage\":{\"@id\":\"https:\\\/\\\/www.accuratereviews.com\\\/it\\\/software-gestione-canali\\\/hotel-link-recensione\\\/#primaryimage\"},\"image\":{\"@id\":\"https:\\\/\\\/www.accuratereviews.com\\\/it\\\/software-gestione-canali\\\/hotel-link-recensione\\\/#primaryimage\"},\"thumbnailUrl\":\"https:\\\/\\\/www.accuratereviews.com\\\/wp-content\\\/uploads\\\/2023\\\/01\\\/Hotel-Link.png\",\"datePublished\":\"2023-01-17T16:58:10+00:00\",\"description\":\"Hotel Link: recensione software che aiuta gli albergatori a gestire propriet\u00e0, canali, prenotazioni, siti web e operazioni di front-desk.\u00a0\",\"breadcrumb\":{\"@id\":\"https:\\\/\\\/www.accuratereviews.com\\\/it\\\/software-gestione-canali\\\/hotel-link-recensione\\\/#breadcrumb\"},\"inLanguage\":\"it-IT\",\"potentialAction\":[{\"@type\":\"ReadAction\",\"target\":[\"https:\\\/\\\/www.accuratereviews.com\\\/it\\\/software-gestione-canali\\\/hotel-link-recensione\\\/\"]}]},{\"@type\":\"ImageObject\",\"inLanguage\":\"it-IT\",\"@id\":\"https:\\\/\\\/www.accuratereviews.com\\\/it\\\/software-gestione-canali\\\/hotel-link-recensione\\\/#primaryimage\",\"url\":\"https:\\\/\\\/www.accuratereviews.com\\\/wp-content\\\/uploads\\\/2023\\\/01\\\/Hotel-Link.png\",\"contentUrl\":\"https:\\\/\\\/www.accuratereviews.com\\\/wp-content\\\/uploads\\\/2023\\\/01\\\/Hotel-Link.png\",\"width\":226,\"height\":348},{\"@type\":\"BreadcrumbList\",\"@id\":\"https:\\\/\\\/www.accuratereviews.com\\\/it\\\/software-gestione-canali\\\/hotel-link-recensione\\\/#breadcrumb\",\"itemListElement\":[{\"@type\":\"ListItem\",\"position\":1,\"name\":\"Home\",\"item\":\"https:\\\/\\\/www.accuratereviews.com\\\/it\\\/\"},{\"@type\":\"ListItem\",\"position\":2,\"name\":\"Software per la gestione dei canali\",\"item\":\"https:\\\/\\\/www.accuratereviews.com\\\/it\\\/software-gestione-canali\\\/\"},{\"@type\":\"ListItem\",\"position\":3,\"name\":\"Hotel Link\"}]},{\"@type\":\"WebSite\",\"@id\":\"https:\\\/\\\/www.accuratereviews.com\\\/it\\\/#website\",\"url\":\"https:\\\/\\\/www.accuratereviews.com\\\/it\\\/\",\"name\":\"Accurate Reviews\",\"description\":\"\",\"potentialAction\":[{\"@type\":\"SearchAction\",\"target\":{\"@type\":\"EntryPoint\",\"urlTemplate\":\"https:\\\/\\\/www.accuratereviews.com\\\/it\\\/?s={search_term_string}\"},\"query-input\":{\"@type\":\"PropertyValueSpecification\",\"valueRequired\":true,\"valueName\":\"search_term_string\"}}],\"inLanguage\":\"it-IT\"}]}<\/script>\n<!-- \/ Yoast SEO plugin. -->","yoast_head_json":{"title":"Hotel Link: recensione software gestione canali - Accurate Reviews","description":"Hotel Link: recensione software che aiuta gli albergatori a gestire propriet\u00e0, canali, prenotazioni, siti web e operazioni di front-desk.\u00a0","robots":{"index":"index","follow":"follow","max-snippet":"max-snippet:-1","max-image-preview":"max-image-preview:large","max-video-preview":"max-video-preview:-1"},"canonical":"https:\/\/www.accuratereviews.com\/it\/software-gestione-canali\/hotel-link-recensione\/","og_locale":"it_IT","og_type":"article","og_title":"Hotel Link: recensione software gestione canali - Accurate Reviews","og_description":"Hotel Link: recensione software che aiuta gli albergatori a gestire propriet\u00e0, canali, prenotazioni, siti web e operazioni di front-desk.\u00a0","og_url":"https:\/\/www.accuratereviews.com\/it\/software-gestione-canali\/hotel-link-recensione\/","og_site_name":"Accurate Reviews","og_image":[{"width":226,"height":348,"url":"https:\/\/www.accuratereviews.com\/wp-content\/uploads\/2023\/01\/Hotel-Link.png","type":"image\/png"}],"twitter_card":"summary_large_image","twitter_misc":{"Tempo di lettura stimato":"3 minuti"},"schema":{"@context":"https:\/\/schema.org","@graph":[{"@type":"WebPage","@id":"https:\/\/www.accuratereviews.com\/it\/software-gestione-canali\/hotel-link-recensione\/","url":"https:\/\/www.accuratereviews.com\/it\/software-gestione-canali\/hotel-link-recensione\/","name":"Hotel Link: recensione software gestione canali - Accurate Reviews","isPartOf":{"@id":"https:\/\/www.accuratereviews.com\/it\/#website"},"primaryImageOfPage":{"@id":"https:\/\/www.accuratereviews.com\/it\/software-gestione-canali\/hotel-link-recensione\/#primaryimage"},"image":{"@id":"https:\/\/www.accuratereviews.com\/it\/software-gestione-canali\/hotel-link-recensione\/#primaryimage"},"thumbnailUrl":"https:\/\/www.accuratereviews.com\/wp-content\/uploads\/2023\/01\/Hotel-Link.png","datePublished":"2023-01-17T16:58:10+00:00","description":"Hotel Link: recensione software che aiuta gli albergatori a gestire propriet\u00e0, canali, prenotazioni, siti web e operazioni di front-desk.\u00a0","breadcrumb":{"@id":"https:\/\/www.accuratereviews.com\/it\/software-gestione-canali\/hotel-link-recensione\/#breadcrumb"},"inLanguage":"it-IT","potentialAction":[{"@type":"ReadAction","target":["https:\/\/www.accuratereviews.com\/it\/software-gestione-canali\/hotel-link-recensione\/"]}]},{"@type":"ImageObject","inLanguage":"it-IT","@id":"https:\/\/www.accuratereviews.com\/it\/software-gestione-canali\/hotel-link-recensione\/#primaryimage","url":"https:\/\/www.accuratereviews.com\/wp-content\/uploads\/2023\/01\/Hotel-Link.png","contentUrl":"https:\/\/www.accuratereviews.com\/wp-content\/uploads\/2023\/01\/Hotel-Link.png","width":226,"height":348},{"@type":"BreadcrumbList","@id":"https:\/\/www.accuratereviews.com\/it\/software-gestione-canali\/hotel-link-recensione\/#breadcrumb","itemListElement":[{"@type":"ListItem","position":1,"name":"Home","item":"https:\/\/www.accuratereviews.com\/it\/"},{"@type":"ListItem","position":2,"name":"Software per la gestione dei canali","item":"https:\/\/www.accuratereviews.com\/it\/software-gestione-canali\/"},{"@type":"ListItem","position":3,"name":"Hotel Link"}]},{"@type":"WebSite","@id":"https:\/\/www.accuratereviews.com\/it\/#website","url":"https:\/\/www.accuratereviews.com\/it\/","name":"Accurate Reviews","description":"","potentialAction":[{"@type":"SearchAction","target":{"@type":"EntryPoint","urlTemplate":"https:\/\/www.accuratereviews.com\/it\/?s={search_term_string}"},"query-input":{"@type":"PropertyValueSpecification","valueRequired":true,"valueName":"search_term_string"}}],"inLanguage":"it-IT"}]}},"_links":{"self":[{"href":"https:\/\/www.accuratereviews.com\/it\/wp-json\/wp\/v2\/pages\/66199","targetHints":{"allow":["GET"]}}],"collection":[{"href":"https:\/\/www.accuratereviews.com\/it\/wp-json\/wp\/v2\/pages"}],"about":[{"href":"https:\/\/www.accuratereviews.com\/it\/wp-json\/wp\/v2\/types\/page"}],"author":[{"embeddable":true,"href":"https:\/\/www.accuratereviews.com\/it\/wp-json\/wp\/v2\/users\/19"}],"replies":[{"embeddable":true,"href":"https:\/\/www.accuratereviews.com\/it\/wp-json\/wp\/v2\/comments?post=66199"}],"version-history":[{"count":6,"href":"https:\/\/www.accuratereviews.com\/it\/wp-json\/wp\/v2\/pages\/66199\/revisions"}],"predecessor-version":[{"id":66252,"href":"https:\/\/www.accuratereviews.com\/it\/wp-json\/wp\/v2\/pages\/66199\/revisions\/66252"}],"up":[{"embeddable":true,"href":"https:\/\/www.accuratereviews.com\/it\/wp-json\/wp\/v2\/pages\/65711"}],"wp:featuredmedia":[{"embeddable":true,"href":"https:\/\/www.accuratereviews.com\/it\/wp-json\/wp\/v2\/media\/66200"}],"wp:attachment":[{"href":"https:\/\/www.accuratereviews.com\/it\/wp-json\/wp\/v2\/media?parent=66199"}],"wp:term":[{"taxonomy":"category","embeddable":true,"href":"https:\/\/www.accuratereviews.com\/it\/wp-json\/wp\/v2\/categories?post=66199"},{"taxonomy":"post_tag","embeddable":true,"href":"https:\/\/www.accuratereviews.com\/it\/wp-json\/wp\/v2\/tags?post=66199"},{"taxonomy":"features","embeddable":true,"href":"https:\/\/www.accuratereviews.com\/it\/wp-json\/wp\/v2\/features?post=66199"}],"curies":[{"name":"wp","href":"https:\/\/api.w.org\/{rel}","templated":true}]}}