{"id":66207,"date":"2023-01-17T17:08:40","date_gmt":"2023-01-17T17:08:40","guid":{"rendered":"https:\/\/www.accuratereviews.com\/?page_id=66207"},"modified":"2023-01-17T17:16:02","modified_gmt":"2023-01-17T17:16:02","slug":"lodgable-recensione","status":"publish","type":"page","link":"https:\/\/www.accuratereviews.com\/it\/software-gestione-canali\/lodgable-recensione\/","title":{"rendered":"Lodgable"},"content":{"rendered":"<p><strong>Lodgable<\/strong> \u00e8 una <strong>piattaforma di gestione dei canali<\/strong> basata sul <strong>web\u00a0<\/strong>per semplificare le attivit\u00e0 di affitto, gestione e pubblicit\u00e0 delle propriet\u00e0.\u00a0Lo smart <strong>channel manager<\/strong> della soluzione \u00e8 progettato per aiutare i gestori di propriet\u00e0 professionali e i proprietari di case a ottenere pi\u00f9 prenotazioni e aumentare le proprie entrate.<br \/>\n<strong>Lodgable<\/strong> centralizza la gestione di un annuncio multicanale per eliminare la complessit\u00e0 degli annunci su centinaia di siti di prenotazione separati. Inoltre, i partner possono utilizzare il sito di prenotazione gratuito per generare pi\u00f9 prenotazioni dirette.<\/p>\n<h2>LODGABLE &#8211; TUTORIAL<\/h2>\n<div id=\"fluid-wrapper-counter-1\" class=\"g1-fluid-wrapper \" style=\"width:686px;\">\n<div style=\"padding-bottom:56.268221574344%;\"><iframe loading=\"lazy\" title=\"Lodgable the Movie - Stop using costly Vacation Rental  Property Management Software\" width=\"686\" height=\"386\" src=\"https:\/\/www.youtube.com\/embed\/JFXLA1vkePw?feature=oembed&amp;wmode=transparent&amp;autohide=1&amp;autoplay=0&amp;disablekb=0&amp;fs=1&amp;loop=0&amp;enablejsapi=1&amp;rel=0&amp;controls=2&amp;showinfo=0&amp;wmode=transparent&amp;autohide=2&amp;autoplay=0&amp;disablekb=0&amp;fs=1&amp;loop=0&amp;enablejsapi=1&amp;rel=0&amp;controls=2&amp;showinfo=1\" frameborder=\"0\" allow=\"accelerometer; autoplay; clipboard-write; encrypted-media; gyroscope; picture-in-picture; web-share\" allowfullscreen><\/iframe><\/div>\n<\/div>\n<h3>LODGABLE &#8211; CARATTERISTICHE<\/h3>\n<ul>\n<li><strong>Prezzi dinamici<\/strong>: ottieni prezzi dinamici aggiornati al minuto per aiutarti a stabilire un prezzo perfetto<\/li>\n<li><strong>Dati sugli affitti per le vacanze:<\/strong> favorisce decisioni migliori e attrae pi\u00f9 proprietari di case con i dati di mercato<\/li>\n<li><strong>Pulizie<\/strong>: organizza i turni per le pulizie degli alloggi<\/li>\n<li><strong>Contabilit\u00e0<\/strong>: traccia, gestisci e condividi fatture e spese<\/li>\n<li><strong>Responsabile del canale<\/strong>: gestione dei canali e distribuzione ottimizzata delle inserzioni ai principali siti di prenotazione<\/li>\n<li><strong>Ottimizzazione del marketing<\/strong>: ottimizza i tuoi annunci ed esegui la scansione dei risultati di ricerca di Airbnb e Vrbo<\/li>\n<li><strong>Sito web di affitto<\/strong>: ottieni un sito Web di case vacanze bello e personalizzabile<\/li>\n<\/ul>\n<h4>LE RECENSIONI DEGLI UTENTI<\/h4>\n<p><strong>Ron&#8221;Ottieni pi\u00f9 prenotazioni&#8221;<\/strong><br \/>\n<strong>Commenti<\/strong>: ottenere pi\u00f9 annunci per le nostre propriet\u00e0. Migliore esposizione su pi\u00f9 piattaforme\/siti.<br \/>\n<strong>Pro<\/strong>: \u00c8 gratis. Facilit\u00e0 di installazione. facilit\u00e0 d&#8217;uso.<br \/>\n<strong>Contro<\/strong>: Ha bisogno di un back office pi\u00f9 solido: mi piacerebbe vedere implementata la contabilit\u00e0 completa.<\/p>\n<p><strong>Paco&#8221;Ha senso&#8221;<\/strong><br \/>\n<strong>Commenti<\/strong>: Nel complesso, sono entusiasta di continuare a utilizzare Lodgable e mi fa venire voglia di ottenere pi\u00f9 propriet\u00e0 per avere ancora pi\u00f9 annunci.<br \/>\n<strong>Pro<\/strong>: La parte migliore di Lodgable \u00e8 che \u00e8 gratuito. \u00c8 cos\u00ec facile avere prenotazioni giornaliere per la mia propriet\u00e0. Non so perch\u00e9 tutti non usino solo questo.<br \/>\n<strong>Contro<\/strong>: \u00c8 una nuova azienda e c&#8217;\u00e8 spazio per crescere e migliorare. Sono entusiasta di far parte del gruppo.<\/p>\n<p><strong>Dario&#8221;Semplice Channel Manager per le tue propriet\u00e0&#8221;<\/strong><br \/>\n<strong>Commenti<\/strong>: Nel complesso un servizio facile e semplice se hai bisogno di un canale di distribuzione per le tue propriet\u00e0. Direi che mi piace di pi\u00f9 del servizio BeeRent.<br \/>\n<strong>Pro<\/strong>: Channel Manager gratuito: distribuisci la tua propriet\u00e0 su oltre 60 piattaforme e aumenta la visibilit\u00e0\/ Sincronizzazione gratuita di tutte le tue propriet\u00e0\/inserzioni Elaborazione dei pagamenti: ora puoi addebitare gli ospiti da Booking e Expedia. Installazione semplice<br \/>\n<strong>Contro<\/strong>: Il supporto non esiste, ho chiamato per 2 giorni e nessuno risponde. Il telefono finisce su un messaggio vocale. Se il supporto fosse pi\u00f9 veloce o reattivo, lo classificherei 10\/10.<\/p>\n","protected":false},"excerpt":{"rendered":"<p>Lodgable \u00e8 una piattaforma di gestione dei canali basata sul web\u00a0per semplificare le attivit\u00e0 di affitto, gestione e pubblicit\u00e0 delle propriet\u00e0.\u00a0Lo smart channel manager della soluzione \u00e8 progettato per aiutare i gestori di propriet\u00e0 professionali e i proprietari di case a ottenere pi\u00f9 prenotazioni e aumentare le proprie entrate.<\/p>\n","protected":false},"author":19,"featured_media":66212,"parent":65711,"menu_order":0,"comment_status":"open","ping_status":"closed","template":"g1_template_page_review_new.php","meta":{"_acf_changed":false,"cwp_meta_box_check":"Yes","cwp_rev_product_name":"","cwp_rev_product_image":"","wppr_links":[],"cwp_rev_price":"0.00","wppr_options":[{"name":"Usability","value":"0"},{"name":"Speed","value":"0"},{"name":"Features","value":"0"},{"name":"Support","value":"0"},{"name":"Pricing","value":"0"}],"wppr_pros":["","","","",""],"wppr_cons":["","","","",""],"_monsterinsights_skip_tracking":false,"_monsterinsights_sitenote_active":false,"_monsterinsights_sitenote_note":"","_monsterinsights_sitenote_category":0,"footnotes":""},"categories":[13985],"tags":[1762,14010,14043,13991,13990,13988,13992],"features":[],"class_list":{"0":"post-66207","1":"page","2":"type-page","3":"status-publish","4":"has-post-thumbnail","6":"category-software-gestione-canali-cat","7":"tag-channel-manager","8":"tag-gestione-canali","9":"tag-lodgable","10":"tag-piattaforma-gestione-canali","11":"tag-programma-gestione-canali","12":"tag-software-gestione-canali","13":"tag-soluzione-gestione-canali"},"wppr_data":{"cwp_meta_box_check":"Yes","_wppr_review_template":"default","cwp_rev_product_image":"","cwp_image_link":"image","wppr_links":[],"cwp_rev_price":"0.00","wppr_pros":["","","","",""],"wppr_cons":["","","","",""],"wppr_rating":"0.00","wppr_options":{"1":{"name":"Usability","value":"0"},"2":{"name":"Speed","value":"0"},"3":{"name":"Features","value":"0"},"4":{"name":"Support","value":"0"},"5":{"name":"Pricing","value":"0"}},"wppr_review_type":"Product","wppr_review_custom_fields":{"additionalProperty":"","additionalType":"","aggregateRating":"","alternateName":"","audience":"","award":"","awards":"","brand":"","color":"","depth":"","description":"","disambiguatingDescription":"","gtin12":"","gtin13":"","gtin14":"","gtin8":"","height":"","identifier":"","image":"","isAccessoryOrSparePartFor":"","isConsumableFor":"","isRelatedTo":"","isSimilarTo":"","itemCondition":"","logo":"","mainEntityOfPage":"","manufacturer":"","material":"","model":"","mpn":"","name":"","offers":"","potentialAction":"","productID":"","productionDate":"","purchaseDate":"","releaseDate":"","review":"","reviews":"","sameAs":"","sku":"","slogan":"","subjectOf":"","url":"","weight":"","width":""}},"acf":[],"yoast_head":"<!-- This site is optimized with the Yoast SEO plugin v27.4 - https:\/\/yoast.com\/product\/yoast-seo-wordpress\/ -->\n<title>Lodgable: recensione software gestione canali - Accurate Reviews<\/title>\n<meta name=\"description\" content=\"Lodgable: recensione piattaforma di gestione dei canali\u00a0che semplifica le attivit\u00e0 di affitto, gestione e pubblicit\u00e0 delle case.\" \/>\n<meta name=\"robots\" content=\"index, follow, max-snippet:-1, max-image-preview:large, max-video-preview:-1\" \/>\n<link rel=\"canonical\" href=\"https:\/\/www.accuratereviews.com\/it\/software-gestione-canali\/lodgable-recensione\/\" \/>\n<meta property=\"og:locale\" content=\"it_IT\" \/>\n<meta property=\"og:type\" content=\"article\" \/>\n<meta property=\"og:title\" content=\"Lodgable: recensione software gestione canali - Accurate Reviews\" \/>\n<meta property=\"og:description\" content=\"Lodgable: recensione piattaforma di gestione dei canali\u00a0che semplifica le attivit\u00e0 di affitto, gestione e pubblicit\u00e0 delle case.\" \/>\n<meta property=\"og:url\" content=\"https:\/\/www.accuratereviews.com\/it\/software-gestione-canali\/lodgable-recensione\/\" \/>\n<meta property=\"og:site_name\" content=\"Accurate Reviews\" \/>\n<meta property=\"article:modified_time\" content=\"2023-01-17T17:16:02+00:00\" \/>\n<meta property=\"og:image\" content=\"https:\/\/www.accuratereviews.com\/wp-content\/uploads\/2023\/01\/Lodgable.jpeg\" \/>\n\t<meta property=\"og:image:width\" content=\"200\" \/>\n\t<meta property=\"og:image:height\" content=\"200\" \/>\n\t<meta property=\"og:image:type\" content=\"image\/jpeg\" \/>\n<meta name=\"twitter:card\" content=\"summary_large_image\" \/>\n<meta name=\"twitter:label1\" content=\"Tempo di lettura stimato\" \/>\n\t<meta name=\"twitter:data1\" content=\"3 minuti\" \/>\n<script type=\"application\/ld+json\" class=\"yoast-schema-graph\">{\"@context\":\"https:\\\/\\\/schema.org\",\"@graph\":[{\"@type\":\"WebPage\",\"@id\":\"https:\\\/\\\/www.accuratereviews.com\\\/it\\\/software-gestione-canali\\\/lodgable-recensione\\\/\",\"url\":\"https:\\\/\\\/www.accuratereviews.com\\\/it\\\/software-gestione-canali\\\/lodgable-recensione\\\/\",\"name\":\"Lodgable: recensione software gestione canali - Accurate Reviews\",\"isPartOf\":{\"@id\":\"https:\\\/\\\/www.accuratereviews.com\\\/it\\\/#website\"},\"primaryImageOfPage\":{\"@id\":\"https:\\\/\\\/www.accuratereviews.com\\\/it\\\/software-gestione-canali\\\/lodgable-recensione\\\/#primaryimage\"},\"image\":{\"@id\":\"https:\\\/\\\/www.accuratereviews.com\\\/it\\\/software-gestione-canali\\\/lodgable-recensione\\\/#primaryimage\"},\"thumbnailUrl\":\"https:\\\/\\\/www.accuratereviews.com\\\/wp-content\\\/uploads\\\/2023\\\/01\\\/Lodgable.jpeg\",\"datePublished\":\"2023-01-17T17:08:40+00:00\",\"dateModified\":\"2023-01-17T17:16:02+00:00\",\"description\":\"Lodgable: recensione piattaforma di gestione dei canali\u00a0che semplifica le attivit\u00e0 di affitto, gestione e pubblicit\u00e0 delle case.\",\"breadcrumb\":{\"@id\":\"https:\\\/\\\/www.accuratereviews.com\\\/it\\\/software-gestione-canali\\\/lodgable-recensione\\\/#breadcrumb\"},\"inLanguage\":\"it-IT\",\"potentialAction\":[{\"@type\":\"ReadAction\",\"target\":[\"https:\\\/\\\/www.accuratereviews.com\\\/it\\\/software-gestione-canali\\\/lodgable-recensione\\\/\"]}]},{\"@type\":\"ImageObject\",\"inLanguage\":\"it-IT\",\"@id\":\"https:\\\/\\\/www.accuratereviews.com\\\/it\\\/software-gestione-canali\\\/lodgable-recensione\\\/#primaryimage\",\"url\":\"https:\\\/\\\/www.accuratereviews.com\\\/wp-content\\\/uploads\\\/2023\\\/01\\\/Lodgable.jpeg\",\"contentUrl\":\"https:\\\/\\\/www.accuratereviews.com\\\/wp-content\\\/uploads\\\/2023\\\/01\\\/Lodgable.jpeg\",\"width\":200,\"height\":200},{\"@type\":\"BreadcrumbList\",\"@id\":\"https:\\\/\\\/www.accuratereviews.com\\\/it\\\/software-gestione-canali\\\/lodgable-recensione\\\/#breadcrumb\",\"itemListElement\":[{\"@type\":\"ListItem\",\"position\":1,\"name\":\"Home\",\"item\":\"https:\\\/\\\/www.accuratereviews.com\\\/it\\\/\"},{\"@type\":\"ListItem\",\"position\":2,\"name\":\"Software per la gestione dei canali\",\"item\":\"https:\\\/\\\/www.accuratereviews.com\\\/it\\\/software-gestione-canali\\\/\"},{\"@type\":\"ListItem\",\"position\":3,\"name\":\"Lodgable\"}]},{\"@type\":\"WebSite\",\"@id\":\"https:\\\/\\\/www.accuratereviews.com\\\/it\\\/#website\",\"url\":\"https:\\\/\\\/www.accuratereviews.com\\\/it\\\/\",\"name\":\"Accurate Reviews\",\"description\":\"\",\"potentialAction\":[{\"@type\":\"SearchAction\",\"target\":{\"@type\":\"EntryPoint\",\"urlTemplate\":\"https:\\\/\\\/www.accuratereviews.com\\\/it\\\/?s={search_term_string}\"},\"query-input\":{\"@type\":\"PropertyValueSpecification\",\"valueRequired\":true,\"valueName\":\"search_term_string\"}}],\"inLanguage\":\"it-IT\"}]}<\/script>\n<!-- \/ Yoast SEO plugin. -->","yoast_head_json":{"title":"Lodgable: recensione software gestione canali - Accurate Reviews","description":"Lodgable: recensione piattaforma di gestione dei canali\u00a0che semplifica le attivit\u00e0 di affitto, gestione e pubblicit\u00e0 delle case.","robots":{"index":"index","follow":"follow","max-snippet":"max-snippet:-1","max-image-preview":"max-image-preview:large","max-video-preview":"max-video-preview:-1"},"canonical":"https:\/\/www.accuratereviews.com\/it\/software-gestione-canali\/lodgable-recensione\/","og_locale":"it_IT","og_type":"article","og_title":"Lodgable: recensione software gestione canali - Accurate Reviews","og_description":"Lodgable: recensione piattaforma di gestione dei canali\u00a0che semplifica le attivit\u00e0 di affitto, gestione e pubblicit\u00e0 delle case.","og_url":"https:\/\/www.accuratereviews.com\/it\/software-gestione-canali\/lodgable-recensione\/","og_site_name":"Accurate Reviews","article_modified_time":"2023-01-17T17:16:02+00:00","og_image":[{"width":200,"height":200,"url":"https:\/\/www.accuratereviews.com\/wp-content\/uploads\/2023\/01\/Lodgable.jpeg","type":"image\/jpeg"}],"twitter_card":"summary_large_image","twitter_misc":{"Tempo di lettura stimato":"3 minuti"},"schema":{"@context":"https:\/\/schema.org","@graph":[{"@type":"WebPage","@id":"https:\/\/www.accuratereviews.com\/it\/software-gestione-canali\/lodgable-recensione\/","url":"https:\/\/www.accuratereviews.com\/it\/software-gestione-canali\/lodgable-recensione\/","name":"Lodgable: recensione software gestione canali - Accurate Reviews","isPartOf":{"@id":"https:\/\/www.accuratereviews.com\/it\/#website"},"primaryImageOfPage":{"@id":"https:\/\/www.accuratereviews.com\/it\/software-gestione-canali\/lodgable-recensione\/#primaryimage"},"image":{"@id":"https:\/\/www.accuratereviews.com\/it\/software-gestione-canali\/lodgable-recensione\/#primaryimage"},"thumbnailUrl":"https:\/\/www.accuratereviews.com\/wp-content\/uploads\/2023\/01\/Lodgable.jpeg","datePublished":"2023-01-17T17:08:40+00:00","dateModified":"2023-01-17T17:16:02+00:00","description":"Lodgable: recensione piattaforma di gestione dei canali\u00a0che semplifica le attivit\u00e0 di affitto, gestione e pubblicit\u00e0 delle case.","breadcrumb":{"@id":"https:\/\/www.accuratereviews.com\/it\/software-gestione-canali\/lodgable-recensione\/#breadcrumb"},"inLanguage":"it-IT","potentialAction":[{"@type":"ReadAction","target":["https:\/\/www.accuratereviews.com\/it\/software-gestione-canali\/lodgable-recensione\/"]}]},{"@type":"ImageObject","inLanguage":"it-IT","@id":"https:\/\/www.accuratereviews.com\/it\/software-gestione-canali\/lodgable-recensione\/#primaryimage","url":"https:\/\/www.accuratereviews.com\/wp-content\/uploads\/2023\/01\/Lodgable.jpeg","contentUrl":"https:\/\/www.accuratereviews.com\/wp-content\/uploads\/2023\/01\/Lodgable.jpeg","width":200,"height":200},{"@type":"BreadcrumbList","@id":"https:\/\/www.accuratereviews.com\/it\/software-gestione-canali\/lodgable-recensione\/#breadcrumb","itemListElement":[{"@type":"ListItem","position":1,"name":"Home","item":"https:\/\/www.accuratereviews.com\/it\/"},{"@type":"ListItem","position":2,"name":"Software per la gestione dei canali","item":"https:\/\/www.accuratereviews.com\/it\/software-gestione-canali\/"},{"@type":"ListItem","position":3,"name":"Lodgable"}]},{"@type":"WebSite","@id":"https:\/\/www.accuratereviews.com\/it\/#website","url":"https:\/\/www.accuratereviews.com\/it\/","name":"Accurate Reviews","description":"","potentialAction":[{"@type":"SearchAction","target":{"@type":"EntryPoint","urlTemplate":"https:\/\/www.accuratereviews.com\/it\/?s={search_term_string}"},"query-input":{"@type":"PropertyValueSpecification","valueRequired":true,"valueName":"search_term_string"}}],"inLanguage":"it-IT"}]}},"_links":{"self":[{"href":"https:\/\/www.accuratereviews.com\/it\/wp-json\/wp\/v2\/pages\/66207","targetHints":{"allow":["GET"]}}],"collection":[{"href":"https:\/\/www.accuratereviews.com\/it\/wp-json\/wp\/v2\/pages"}],"about":[{"href":"https:\/\/www.accuratereviews.com\/it\/wp-json\/wp\/v2\/types\/page"}],"author":[{"embeddable":true,"href":"https:\/\/www.accuratereviews.com\/it\/wp-json\/wp\/v2\/users\/19"}],"replies":[{"embeddable":true,"href":"https:\/\/www.accuratereviews.com\/it\/wp-json\/wp\/v2\/comments?post=66207"}],"version-history":[{"count":12,"href":"https:\/\/www.accuratereviews.com\/it\/wp-json\/wp\/v2\/pages\/66207\/revisions"}],"predecessor-version":[{"id":66255,"href":"https:\/\/www.accuratereviews.com\/it\/wp-json\/wp\/v2\/pages\/66207\/revisions\/66255"}],"up":[{"embeddable":true,"href":"https:\/\/www.accuratereviews.com\/it\/wp-json\/wp\/v2\/pages\/65711"}],"wp:featuredmedia":[{"embeddable":true,"href":"https:\/\/www.accuratereviews.com\/it\/wp-json\/wp\/v2\/media\/66212"}],"wp:attachment":[{"href":"https:\/\/www.accuratereviews.com\/it\/wp-json\/wp\/v2\/media?parent=66207"}],"wp:term":[{"taxonomy":"category","embeddable":true,"href":"https:\/\/www.accuratereviews.com\/it\/wp-json\/wp\/v2\/categories?post=66207"},{"taxonomy":"post_tag","embeddable":true,"href":"https:\/\/www.accuratereviews.com\/it\/wp-json\/wp\/v2\/tags?post=66207"},{"taxonomy":"features","embeddable":true,"href":"https:\/\/www.accuratereviews.com\/it\/wp-json\/wp\/v2\/features?post=66207"}],"curies":[{"name":"wp","href":"https:\/\/api.w.org\/{rel}","templated":true}]}}