{"id":66221,"date":"2023-01-17T14:43:35","date_gmt":"2023-01-17T14:43:35","guid":{"rendered":"https:\/\/www.accuratereviews.com\/?page_id=66221"},"modified":"2023-01-19T20:46:16","modified_gmt":"2023-01-19T20:46:16","slug":"bookingsync-recensione","status":"publish","type":"page","link":"https:\/\/www.accuratereviews.com\/it\/software-gestione-canali\/bookingsync-recensione\/","title":{"rendered":"BookingSync"},"content":{"rendered":"<p><strong>BookingSync<\/strong> \u00e8 un <strong>software per la gestione dei canali,<\/strong> ottimo per far crescere la tua attivit\u00e0 alberghiera, acquisire maggiori clienti e, di conseguenza, incrementare le vendite. Permette anche di creare un sito web professionale in pochi minuti in cui potrai gestire le richieste di prenotazione, le pronatazioni instantanee e automatizzare i pagamenti con piattaforme di viaggio famose, come ad esempio Booking.com e Homeaway.<br \/>\n<strong>BookingSync<\/strong> \u00e8 un software di gestione immobiliare che si rivolge a tutti , offrendo una connessione con oltre 100 canali in tutto il mondo e un supporto clienti multilingua reattivo.<\/p>\n<h2>BOOKINGSYNC &#8211; TUTORIAL<\/h2>\n<div id=\"fluid-wrapper-counter-1\" class=\"g1-fluid-wrapper \" style=\"width:686px;\">\n<div style=\"padding-bottom:56.268221574344%;\"><iframe loading=\"lazy\" title=\"How to add a new rental\" width=\"686\" height=\"386\" src=\"https:\/\/www.youtube.com\/embed\/idySPmcq0cw?list=PLWo36i9YYBp1Xs4AZ6FEUJ2SGi18tmfjC\" frameborder=\"0\" allow=\"accelerometer; autoplay; clipboard-write; encrypted-media; gyroscope; picture-in-picture; web-share\" allowfullscreen><\/iframe><\/div>\n<\/div>\n<h3>BOOKINGSYNC &#8211; CARATTERISTICHE<\/h3>\n<ul>\n<li><strong>Sincronizzazione dei calendari<\/strong>: sincronizzazione istantanea dei calendari su tutte le OTA.<\/li>\n<li><strong>Categorizzazione<\/strong>: aiuta i viaggiatori a scegliere la casa vacanza in base ai loro criteri di ricerca e incrementate il tuo SEO rivolgendovi a nicchie di mercato.<\/li>\n<li><strong>Sincronizzazione delle tariffe<\/strong>: i prezzi per notte, per settimana, per mese o i prezzi avanzati vengono sincronizzati anche sulle OTA pi\u00f9 comuni.<\/li>\n<li><strong>Geolocalizzazione<\/strong>: mostra i tuoi affitti su una mappa e aiuta i viaggiatori a trovare la casa migliore vicino alle loro attivit\u00e0 preferite e ai luoghi della zona.<\/li>\n<li><strong>Sincronizzazione di tutti i contenuti dell&#8217;annuncio<\/strong>: descrizione, foto, servizi, posizione, crea una volta il tuo affitto in BookingSync e lascia che sincronizziamo i contenuti.<\/li>\n<li><strong>Template Editor<\/strong>: poich\u00e9 la vostra identit\u00e0 \u00e8 importante, hai accesso completo al tuo template, compresi i fogli di stile.<\/li>\n<li><strong>SEO ready<\/strong>: i siti web sono costruiti con un codice sorgente pulito e leggero, rispettando le linee guida di Google sulla velocit\u00e0 e la struttura delle pagine, compreso il markup dei microformati (recensioni, note, valutazioni).<\/li>\n<li><strong>Multilingua<\/strong>: offre un&#8217;interfaccia e un processo di prenotazione di alta qualit\u00e0 ai tuo clienti, indipendentemente dalla loro provenienza.<\/li>\n<li><strong>Ottimizzato per i social media<\/strong>: massimizza le tue azioni sui social media con condivisioni ottimizzate grazie all&#8217;integrazione dei meta-dati e fate crescere la tua base di follower.<\/li>\n<li><strong>Pagamento anticipato<\/strong>: accetta il pagamento anticipato con carta di credito, la prenotazione viene confermata e il calendario sincronizzato.<\/li>\n<\/ul>\n<h4>LE RECENSIONI DEGLI UTENTI<\/h4>\n<p><strong>Andrew &#8220;L&#8217;assistenza clienti che tutti cerchiamo&#8221;.<\/strong><br \/>\nPro: Oltre ai vantaggi tecnici, la cosa che preferisco \u00e8 l&#8217;eccezionale assistenza clienti. In termini di software di gestione immobiliare, BookingSync \u00e8 molto pi\u00f9 avanti della concorrenza quando si tratta di assistenza clienti.<br \/>\nContro: Non mi viene in mente nulla al momento &#8211; la mia unica piccola lamentela \u00e8 che a volte l&#8217;area amministrativa \u00e8 lenta a caricarsi.<\/p>\n<p><strong>Drew &#8220;Un prodotto eccellente con un team eccellente&#8221;.<\/strong><br \/>\nCommenti: Ho iniziato a lavorare con BookingSync come sviluppatore di siti web e non come gestore di propriet\u00e0. Ho lavorato con molti fornitori e le loro API &#8211; e devo dire che BookingSync fornisce un&#8217;API molto ben documentata che \u00e8 abbastanza potente e robusta. Non solo la loro documentazione rende facile iniziare a codificare, ma c&#8217;\u00e8 un meraviglioso staff a disposizione per aiutare quando necessario. Questo \u00e8 un aspetto raro nel settore delle case vacanza: mi piace molto lavorare con BookingSync perch\u00e9 sono presenti quando ne hai pi\u00f9 bisogno!<br \/>\nPro: API robusta<br \/>\nContro: Ci sono alcune cose nell&#8217;API che potrebbero richiedere una documentazione migliore (ma \u00e8 comunque MOLTO buona). Vorrei anche che ci fosse un protocollo di autenticazione pi\u00f9 semplice.<\/p>\n<p><strong>Thibault &#8220;Il software mi va bene, l&#8217;applicazione mobile sarebbe utile&#8221;.<\/strong><br \/>\nPro: La sincronizzazione con le agenzie di viaggio online, \u00e8 facile leggere e compilare la parte di prenotazione, facile da condividere e implementare da solo. Supporto continuo fino ad ora, continuate cos\u00ec!<br \/>\nContro: Non c&#8217;\u00e8 un&#8217;applicazione mobile e bisogna pagare per averla (ninja rental), il calendario non appare bene su altri dispositivi e naturalmente un prezzo pi\u00f9 basso sarebbe meglio :)<\/p>\n","protected":false},"excerpt":{"rendered":"<p>BookingSync \u00e8 un software per la gestione dei canali, ottimo per far crescere la tua attivit\u00e0 alberghiera, acquisire maggiori clienti e, di conseguenza, incrementare le vendite. Permette anche di creare un sito web professionale in pochi minuti in cui potrai gestire le richieste di prenotazione, le pronatazioni instantanee e automatizzare i pagamenti con piattaforme di viaggio famose, come ad esempio Booking.com e Homeaway.<\/p>\n","protected":false},"author":17,"featured_media":66222,"parent":65711,"menu_order":0,"comment_status":"open","ping_status":"closed","template":"g1_template_page_review_new.php","meta":{"_acf_changed":false,"cwp_meta_box_check":"No","cwp_rev_product_name":"","cwp_rev_product_image":"","wppr_links":[],"cwp_rev_price":"","wppr_options":[],"wppr_pros":[],"wppr_cons":[],"_monsterinsights_skip_tracking":false,"_monsterinsights_sitenote_active":false,"_monsterinsights_sitenote_note":"","_monsterinsights_sitenote_category":0,"footnotes":""},"categories":[13985],"tags":[13994,14010,13990,13988,13992],"features":[],"class_list":{"0":"post-66221","1":"page","2":"type-page","3":"status-publish","4":"has-post-thumbnail","6":"category-software-gestione-canali-cat","7":"tag-app-gestione-canali","8":"tag-gestione-canali","9":"tag-programma-gestione-canali","10":"tag-software-gestione-canali","11":"tag-soluzione-gestione-canali"},"wppr_data":{"cwp_meta_box_check":"No"},"acf":[],"yoast_head":"<!-- This site is optimized with the Yoast SEO plugin v27.4 - https:\/\/yoast.com\/product\/yoast-seo-wordpress\/ -->\n<title>BookingSync: software gestione canali - Accurate Reviews<\/title>\n<meta name=\"description\" content=\"BookingSync: recensione del software per la gestione dei canali, ottimo per far crescere la tua attivit\u00e0 alberghiera.\" \/>\n<meta name=\"robots\" content=\"index, follow, max-snippet:-1, max-image-preview:large, max-video-preview:-1\" \/>\n<link rel=\"canonical\" href=\"https:\/\/www.accuratereviews.com\/it\/software-gestione-canali\/bookingsync-recensione\/\" \/>\n<meta property=\"og:locale\" content=\"it_IT\" \/>\n<meta property=\"og:type\" content=\"article\" \/>\n<meta property=\"og:title\" content=\"BookingSync: software gestione canali - Accurate Reviews\" \/>\n<meta property=\"og:description\" content=\"BookingSync: recensione del software per la gestione dei canali, ottimo per far crescere la tua attivit\u00e0 alberghiera.\" \/>\n<meta property=\"og:url\" content=\"https:\/\/www.accuratereviews.com\/it\/software-gestione-canali\/bookingsync-recensione\/\" \/>\n<meta property=\"og:site_name\" content=\"Accurate Reviews\" \/>\n<meta property=\"article:modified_time\" content=\"2023-01-19T20:46:16+00:00\" \/>\n<meta property=\"og:image\" content=\"https:\/\/www.accuratereviews.com\/wp-content\/uploads\/2023\/01\/7bc45cf29e2846688e91bb28b029d9d7a9ea44d8.png\" \/>\n\t<meta property=\"og:image:width\" content=\"1000\" \/>\n\t<meta property=\"og:image:height\" content=\"258\" \/>\n\t<meta property=\"og:image:type\" content=\"image\/png\" \/>\n<meta name=\"twitter:card\" content=\"summary_large_image\" \/>\n<meta name=\"twitter:label1\" content=\"Tempo di lettura stimato\" \/>\n\t<meta name=\"twitter:data1\" content=\"4 minuti\" \/>\n<script type=\"application\/ld+json\" class=\"yoast-schema-graph\">{\"@context\":\"https:\\\/\\\/schema.org\",\"@graph\":[{\"@type\":\"WebPage\",\"@id\":\"https:\\\/\\\/www.accuratereviews.com\\\/it\\\/software-gestione-canali\\\/bookingsync-recensione\\\/\",\"url\":\"https:\\\/\\\/www.accuratereviews.com\\\/it\\\/software-gestione-canali\\\/bookingsync-recensione\\\/\",\"name\":\"BookingSync: software gestione canali - Accurate Reviews\",\"isPartOf\":{\"@id\":\"https:\\\/\\\/www.accuratereviews.com\\\/it\\\/#website\"},\"primaryImageOfPage\":{\"@id\":\"https:\\\/\\\/www.accuratereviews.com\\\/it\\\/software-gestione-canali\\\/bookingsync-recensione\\\/#primaryimage\"},\"image\":{\"@id\":\"https:\\\/\\\/www.accuratereviews.com\\\/it\\\/software-gestione-canali\\\/bookingsync-recensione\\\/#primaryimage\"},\"thumbnailUrl\":\"https:\\\/\\\/www.accuratereviews.com\\\/wp-content\\\/uploads\\\/2023\\\/01\\\/7bc45cf29e2846688e91bb28b029d9d7a9ea44d8.png\",\"datePublished\":\"2023-01-17T14:43:35+00:00\",\"dateModified\":\"2023-01-19T20:46:16+00:00\",\"description\":\"BookingSync: recensione del software per la gestione dei canali, ottimo per far crescere la tua attivit\u00e0 alberghiera.\",\"breadcrumb\":{\"@id\":\"https:\\\/\\\/www.accuratereviews.com\\\/it\\\/software-gestione-canali\\\/bookingsync-recensione\\\/#breadcrumb\"},\"inLanguage\":\"it-IT\",\"potentialAction\":[{\"@type\":\"ReadAction\",\"target\":[\"https:\\\/\\\/www.accuratereviews.com\\\/it\\\/software-gestione-canali\\\/bookingsync-recensione\\\/\"]}]},{\"@type\":\"ImageObject\",\"inLanguage\":\"it-IT\",\"@id\":\"https:\\\/\\\/www.accuratereviews.com\\\/it\\\/software-gestione-canali\\\/bookingsync-recensione\\\/#primaryimage\",\"url\":\"https:\\\/\\\/www.accuratereviews.com\\\/wp-content\\\/uploads\\\/2023\\\/01\\\/7bc45cf29e2846688e91bb28b029d9d7a9ea44d8.png\",\"contentUrl\":\"https:\\\/\\\/www.accuratereviews.com\\\/wp-content\\\/uploads\\\/2023\\\/01\\\/7bc45cf29e2846688e91bb28b029d9d7a9ea44d8.png\",\"width\":1000,\"height\":258},{\"@type\":\"BreadcrumbList\",\"@id\":\"https:\\\/\\\/www.accuratereviews.com\\\/it\\\/software-gestione-canali\\\/bookingsync-recensione\\\/#breadcrumb\",\"itemListElement\":[{\"@type\":\"ListItem\",\"position\":1,\"name\":\"Home\",\"item\":\"https:\\\/\\\/www.accuratereviews.com\\\/it\\\/\"},{\"@type\":\"ListItem\",\"position\":2,\"name\":\"Software per la gestione dei canali\",\"item\":\"https:\\\/\\\/www.accuratereviews.com\\\/it\\\/software-gestione-canali\\\/\"},{\"@type\":\"ListItem\",\"position\":3,\"name\":\"BookingSync\"}]},{\"@type\":\"WebSite\",\"@id\":\"https:\\\/\\\/www.accuratereviews.com\\\/it\\\/#website\",\"url\":\"https:\\\/\\\/www.accuratereviews.com\\\/it\\\/\",\"name\":\"Accurate Reviews\",\"description\":\"\",\"potentialAction\":[{\"@type\":\"SearchAction\",\"target\":{\"@type\":\"EntryPoint\",\"urlTemplate\":\"https:\\\/\\\/www.accuratereviews.com\\\/it\\\/?s={search_term_string}\"},\"query-input\":{\"@type\":\"PropertyValueSpecification\",\"valueRequired\":true,\"valueName\":\"search_term_string\"}}],\"inLanguage\":\"it-IT\"}]}<\/script>\n<!-- \/ Yoast SEO plugin. -->","yoast_head_json":{"title":"BookingSync: software gestione canali - Accurate Reviews","description":"BookingSync: recensione del software per la gestione dei canali, ottimo per far crescere la tua attivit\u00e0 alberghiera.","robots":{"index":"index","follow":"follow","max-snippet":"max-snippet:-1","max-image-preview":"max-image-preview:large","max-video-preview":"max-video-preview:-1"},"canonical":"https:\/\/www.accuratereviews.com\/it\/software-gestione-canali\/bookingsync-recensione\/","og_locale":"it_IT","og_type":"article","og_title":"BookingSync: software gestione canali - Accurate Reviews","og_description":"BookingSync: recensione del software per la gestione dei canali, ottimo per far crescere la tua attivit\u00e0 alberghiera.","og_url":"https:\/\/www.accuratereviews.com\/it\/software-gestione-canali\/bookingsync-recensione\/","og_site_name":"Accurate Reviews","article_modified_time":"2023-01-19T20:46:16+00:00","og_image":[{"width":1000,"height":258,"url":"https:\/\/www.accuratereviews.com\/wp-content\/uploads\/2023\/01\/7bc45cf29e2846688e91bb28b029d9d7a9ea44d8.png","type":"image\/png"}],"twitter_card":"summary_large_image","twitter_misc":{"Tempo di lettura stimato":"4 minuti"},"schema":{"@context":"https:\/\/schema.org","@graph":[{"@type":"WebPage","@id":"https:\/\/www.accuratereviews.com\/it\/software-gestione-canali\/bookingsync-recensione\/","url":"https:\/\/www.accuratereviews.com\/it\/software-gestione-canali\/bookingsync-recensione\/","name":"BookingSync: software gestione canali - Accurate Reviews","isPartOf":{"@id":"https:\/\/www.accuratereviews.com\/it\/#website"},"primaryImageOfPage":{"@id":"https:\/\/www.accuratereviews.com\/it\/software-gestione-canali\/bookingsync-recensione\/#primaryimage"},"image":{"@id":"https:\/\/www.accuratereviews.com\/it\/software-gestione-canali\/bookingsync-recensione\/#primaryimage"},"thumbnailUrl":"https:\/\/www.accuratereviews.com\/wp-content\/uploads\/2023\/01\/7bc45cf29e2846688e91bb28b029d9d7a9ea44d8.png","datePublished":"2023-01-17T14:43:35+00:00","dateModified":"2023-01-19T20:46:16+00:00","description":"BookingSync: recensione del software per la gestione dei canali, ottimo per far crescere la tua attivit\u00e0 alberghiera.","breadcrumb":{"@id":"https:\/\/www.accuratereviews.com\/it\/software-gestione-canali\/bookingsync-recensione\/#breadcrumb"},"inLanguage":"it-IT","potentialAction":[{"@type":"ReadAction","target":["https:\/\/www.accuratereviews.com\/it\/software-gestione-canali\/bookingsync-recensione\/"]}]},{"@type":"ImageObject","inLanguage":"it-IT","@id":"https:\/\/www.accuratereviews.com\/it\/software-gestione-canali\/bookingsync-recensione\/#primaryimage","url":"https:\/\/www.accuratereviews.com\/wp-content\/uploads\/2023\/01\/7bc45cf29e2846688e91bb28b029d9d7a9ea44d8.png","contentUrl":"https:\/\/www.accuratereviews.com\/wp-content\/uploads\/2023\/01\/7bc45cf29e2846688e91bb28b029d9d7a9ea44d8.png","width":1000,"height":258},{"@type":"BreadcrumbList","@id":"https:\/\/www.accuratereviews.com\/it\/software-gestione-canali\/bookingsync-recensione\/#breadcrumb","itemListElement":[{"@type":"ListItem","position":1,"name":"Home","item":"https:\/\/www.accuratereviews.com\/it\/"},{"@type":"ListItem","position":2,"name":"Software per la gestione dei canali","item":"https:\/\/www.accuratereviews.com\/it\/software-gestione-canali\/"},{"@type":"ListItem","position":3,"name":"BookingSync"}]},{"@type":"WebSite","@id":"https:\/\/www.accuratereviews.com\/it\/#website","url":"https:\/\/www.accuratereviews.com\/it\/","name":"Accurate Reviews","description":"","potentialAction":[{"@type":"SearchAction","target":{"@type":"EntryPoint","urlTemplate":"https:\/\/www.accuratereviews.com\/it\/?s={search_term_string}"},"query-input":{"@type":"PropertyValueSpecification","valueRequired":true,"valueName":"search_term_string"}}],"inLanguage":"it-IT"}]}},"_links":{"self":[{"href":"https:\/\/www.accuratereviews.com\/it\/wp-json\/wp\/v2\/pages\/66221","targetHints":{"allow":["GET"]}}],"collection":[{"href":"https:\/\/www.accuratereviews.com\/it\/wp-json\/wp\/v2\/pages"}],"about":[{"href":"https:\/\/www.accuratereviews.com\/it\/wp-json\/wp\/v2\/types\/page"}],"author":[{"embeddable":true,"href":"https:\/\/www.accuratereviews.com\/it\/wp-json\/wp\/v2\/users\/17"}],"replies":[{"embeddable":true,"href":"https:\/\/www.accuratereviews.com\/it\/wp-json\/wp\/v2\/comments?post=66221"}],"version-history":[{"count":6,"href":"https:\/\/www.accuratereviews.com\/it\/wp-json\/wp\/v2\/pages\/66221\/revisions"}],"predecessor-version":[{"id":66366,"href":"https:\/\/www.accuratereviews.com\/it\/wp-json\/wp\/v2\/pages\/66221\/revisions\/66366"}],"up":[{"embeddable":true,"href":"https:\/\/www.accuratereviews.com\/it\/wp-json\/wp\/v2\/pages\/65711"}],"wp:featuredmedia":[{"embeddable":true,"href":"https:\/\/www.accuratereviews.com\/it\/wp-json\/wp\/v2\/media\/66222"}],"wp:attachment":[{"href":"https:\/\/www.accuratereviews.com\/it\/wp-json\/wp\/v2\/media?parent=66221"}],"wp:term":[{"taxonomy":"category","embeddable":true,"href":"https:\/\/www.accuratereviews.com\/it\/wp-json\/wp\/v2\/categories?post=66221"},{"taxonomy":"post_tag","embeddable":true,"href":"https:\/\/www.accuratereviews.com\/it\/wp-json\/wp\/v2\/tags?post=66221"},{"taxonomy":"features","embeddable":true,"href":"https:\/\/www.accuratereviews.com\/it\/wp-json\/wp\/v2\/features?post=66221"}],"curies":[{"name":"wp","href":"https:\/\/api.w.org\/{rel}","templated":true}]}}