{"id":66269,"date":"2023-01-18T18:36:41","date_gmt":"2023-01-18T18:36:41","guid":{"rendered":"https:\/\/www.accuratereviews.com\/?page_id=66269"},"modified":"2023-01-18T18:36:41","modified_gmt":"2023-01-18T18:36:41","slug":"myvr-recensione","status":"publish","type":"page","link":"https:\/\/www.accuratereviews.com\/it\/software-gestione-canali\/myvr-recensione\/","title":{"rendered":"MyVR"},"content":{"rendered":"<p><strong>MyVR<\/strong> \u00e8 una<strong> suite per la gestione di case vacanze<\/strong> e propriet\u00e0, basata su <strong>cloud,\u00a0<\/strong>progettata per soddisfare le esigenze di proprietari, gestori di propriet\u00e0 e professionisti del settore immobiliare. La soluzione permette di gestire le prenotazioni, elaborare i pagamenti, automatizzare la posta elettronica e sincronizzare il calendario.<br \/>\nAiuta i gestori a sincronizzare le informazioni di prenotazione del loro sito web con piattaforme di terze parti. Ci\u00f2 consente agli ospiti di verificare la disponibilit\u00e0 e i prezzi delle camere in tempo reale. Li assiste, inoltre,\u00a0nell&#8217;invio di risposte automatiche ai clienti sotto forma di email e promemoria.<br \/>\nLa soluzione si integra con canali di annunci come Airbnb, HomeAway, Flipkey e Booking.com. Altre funzionalit\u00e0 includono: reportistica e analisi, gestione dei canali e dei contatti.<\/p>\n<h2>MYVR &#8211; TUTORIAL<\/h2>\n<div id=\"fluid-wrapper-counter-1\" class=\"g1-fluid-wrapper \" style=\"width:686px;\">\n<div style=\"padding-bottom:56.268221574344%;\"><iframe loading=\"lazy\" title=\"MyVR Websites\" width=\"686\" height=\"386\" src=\"https:\/\/www.youtube.com\/embed\/srFU99DpKIw?start=82&#038;feature=oembed&amp;wmode=transparent&amp;autohide=1&amp;autoplay=0&amp;disablekb=0&amp;fs=1&amp;loop=0&amp;enablejsapi=1&amp;rel=0&amp;controls=2&amp;showinfo=0&amp;wmode=transparent&amp;autohide=2&amp;autoplay=0&amp;disablekb=0&amp;fs=1&amp;loop=0&amp;enablejsapi=1&amp;rel=0&amp;controls=2&amp;showinfo=1\" frameborder=\"0\" allow=\"accelerometer; autoplay; clipboard-write; encrypted-media; gyroscope; picture-in-picture; web-share\" allowfullscreen><\/iframe><\/div>\n<\/div>\n<h3>MYVR &#8211; CARATTERISTICHE<\/h3>\n<ul>\n<li><strong>Gestione centralizzata della propriet\u00e0<\/strong>:\u00a0calendario, prenotazioni, comunicazioni e altro<\/li>\n<li><strong>Prenotazioni ed elaborazione dei pagamenti<\/strong>:\u00a0accetta prenotazioni e pagamenti online con il tuo marchio<\/li>\n<li><strong>Automazione del flusso di lavoro e della posta email<\/strong>: automatizza le risposte alle richieste, le email di soggiorno, i promemoria e altro ancora<\/li>\n<li><strong>Sincronizzazione del calendario<\/strong>: aggiorna i calendari sui migliori siti di case vacanze tramite iCal<\/li>\n<li><strong>Rinunce e danni<\/strong>: migliora l&#8217;esperienza dell&#8217;ospite e del proprietario offrendo una protezione dalla rinuncia ai danni<\/li>\n<li><strong>Gestione avanzata dei canali<\/strong>: sincronizzare disponibilit\u00e0, tariffe, dettagli della propriet\u00e0, richieste e prenotazioni.<\/li>\n<li><strong>Sito web<\/strong>:\u00a0Aggiungi un modello per prenotazioni pronto per dispositivi mobili con blog oppure integra siti Web di terze parti<\/li>\n<li><strong>Report e Analisi<\/strong>:\u00a0Tieni traccia delle prestazioni a livello aziendale con report e analisi centralizzati<\/li>\n<li><strong>Inventario:<\/strong> elenca e gestisci l&#8217;inventario rappresentativo del tipo di unit\u00e0 su pi\u00f9 canali<\/li>\n<li><strong>Gestione di propiet\u00e0<\/strong>: aggiungi un portale per condividere calendari, notizie, documenti e altro con i proprietari<\/li>\n<li><strong>Pulizie e manutenzione<\/strong>: automatizza le operazioni della tua propriet\u00e0 e comunica con i membri del team.<\/li>\n<li><strong>API e accesso dei dati:<\/strong> leggi\/scrivi dati sulla soluzione o integra tecnologia di terze parti<\/li>\n<\/ul>\n<h4>LE RECENSIONI DEGLI UTENTI<\/h4>\n<p><strong>Peter &#8220;Configurazione e quindi utilizzo di MyVR per oltre un anno&#8221;<\/strong><br \/>\n<strong>Commenti<\/strong>: \u00c8 stata una grande esperienza. Come persona principale che ha impostato il sistema, posso dire che ci vuole tempo, perch\u00e9 \u00e8 davvero molto semplice. Il personale di supporto \u00e8 eccezionale.<br \/>\n<strong>Pro<\/strong>: Il software \u00e8 perfettamente progettato per l&#8217;attivit\u00e0 di noleggio a breve termine. \u00c8 facile da usare e si collega abbastanza facilmente ai principali canali. L&#8217;elaborazione delle carte di credito \u00e8 perfetta con Stripe.<br \/>\n<strong>Contro<\/strong>: Potrebbe utilizzare maggiori capacit\u00e0 finanziarie. La maggior parte dei rapporti deve essere effettuata al di fuori del sistema. Detto questo, il portale proprietario \u00e8 fantastico ed \u00e8 stato accolto molto bene.<\/p>\n<p><strong>Rob &#8220;MyVR mi ha aiutato a far crescere la mia attivit\u00e0 di affitti per le vacanze e il software \u00e8 INCREDIBILE e facile da usare&#8221;<\/strong><br \/>\n<strong>Commenti<\/strong>: Non solo MyVR \u00e8 un ottimo software, ma anche le persone DIETRO la tecnologia sono fantastiche. Ci sono molti software l\u00e0 fuori oggi che svolgono funzioni simili, ma mi piace davvero lavorare con loro!<br \/>\n<strong>Pro<\/strong>: La gestione dei canali e la posta in arrivo unificata rendono la gestione del mio ampio inventario di propriet\u00e0 un gioco da ragazzi!<br \/>\n<strong>Contro<\/strong>: Funzionalit\u00e0 di contabilit\u00e0 e pulizia limitate (ma so che stanno lavorando a versioni future!!)<\/p>\n<p><strong>Joseph &#8220;Prodotto straordinario&#8221;<\/strong><br \/>\n<strong>Pro<\/strong>: La capacit\u00e0 di sincronizzarsi su pi\u00f9 piattaforme di prenotazione \u00e8 un enorme vantaggio. Inoltre, l&#8217;aggiornamento delle tariffe giornaliere \u00e8 molto semplice e si aggiorna su tutte le piattaforme.<br \/>\n<strong>Contro<\/strong>: Nessun contro che mi viene in mente. Questo \u00e8 un ottimo strumento per la gestione della propriet\u00e0 e delle vacanze.<\/p>\n","protected":false},"excerpt":{"rendered":"<p>MyVR \u00e8 una suite per la gestione di case vacanze e propriet\u00e0, basata su cloud,\u00a0progettata per soddisfare le esigenze di proprietari, gestori di propriet\u00e0 e professionisti del settore immobiliare. La soluzione permette di gestire le prenotazioni, elaborare i pagamenti, automatizzare la posta elettronica e sincronizzare il calendario.<\/p>\n","protected":false},"author":19,"featured_media":66288,"parent":65711,"menu_order":0,"comment_status":"open","ping_status":"closed","template":"g1_template_page_review_new.php","meta":{"_acf_changed":false,"cwp_meta_box_check":"Yes","cwp_rev_product_name":"","cwp_rev_product_image":"","wppr_links":[],"cwp_rev_price":"0.00","wppr_options":[{"name":"Usability","value":"0"},{"name":"Speed","value":"0"},{"name":"Features","value":"0"},{"name":"Support","value":"0"},{"name":"Pricing","value":"0"}],"wppr_pros":["","","","",""],"wppr_cons":["","","","",""],"_monsterinsights_skip_tracking":false,"_monsterinsights_sitenote_active":false,"_monsterinsights_sitenote_note":"","_monsterinsights_sitenote_category":0,"footnotes":""},"categories":[13985],"tags":[396,14010,14049,13991,13990,13988,13992],"features":[],"class_list":{"0":"post-66269","1":"page","2":"type-page","3":"status-publish","4":"has-post-thumbnail","6":"category-software-gestione-canali-cat","7":"tag-cloud","8":"tag-gestione-canali","9":"tag-myvr","10":"tag-piattaforma-gestione-canali","11":"tag-programma-gestione-canali","12":"tag-software-gestione-canali","13":"tag-soluzione-gestione-canali"},"wppr_data":{"cwp_meta_box_check":"Yes","_wppr_review_template":"default","cwp_rev_product_image":"","cwp_image_link":"image","wppr_links":[],"cwp_rev_price":"0.00","wppr_pros":["","","","",""],"wppr_cons":["","","","",""],"wppr_rating":"0.00","wppr_options":{"1":{"name":"Usability","value":"0"},"2":{"name":"Speed","value":"0"},"3":{"name":"Features","value":"0"},"4":{"name":"Support","value":"0"},"5":{"name":"Pricing","value":"0"}},"wppr_review_type":"Product","wppr_review_custom_fields":{"additionalProperty":"","additionalType":"","aggregateRating":"","alternateName":"","audience":"","award":"","awards":"","brand":"","color":"","depth":"","description":"","disambiguatingDescription":"","gtin12":"","gtin13":"","gtin14":"","gtin8":"","height":"","identifier":"","image":"","isAccessoryOrSparePartFor":"","isConsumableFor":"","isRelatedTo":"","isSimilarTo":"","itemCondition":"","logo":"","mainEntityOfPage":"","manufacturer":"","material":"","model":"","mpn":"","name":"","offers":"","potentialAction":"","productID":"","productionDate":"","purchaseDate":"","releaseDate":"","review":"","reviews":"","sameAs":"","sku":"","slogan":"","subjectOf":"","url":"","weight":"","width":""}},"acf":[],"yoast_head":"<!-- This site is optimized with the Yoast SEO plugin v27.4 - https:\/\/yoast.com\/product\/yoast-seo-wordpress\/ -->\n<title>MyVR: recensione software gestione canali - Accurate Reviews<\/title>\n<meta name=\"description\" content=\"MyVR: recensione suite per la gestione di case vacanze e propriet\u00e0 basata su cloud progettata per soddisfare le esigenze di proprietari.\" \/>\n<meta name=\"robots\" content=\"index, follow, max-snippet:-1, max-image-preview:large, max-video-preview:-1\" \/>\n<link rel=\"canonical\" href=\"https:\/\/www.accuratereviews.com\/it\/software-gestione-canali\/myvr-recensione\/\" \/>\n<meta property=\"og:locale\" content=\"it_IT\" \/>\n<meta property=\"og:type\" content=\"article\" \/>\n<meta property=\"og:title\" content=\"MyVR: recensione software gestione canali - Accurate Reviews\" \/>\n<meta property=\"og:description\" content=\"MyVR: recensione suite per la gestione di case vacanze e propriet\u00e0 basata su cloud progettata per soddisfare le esigenze di proprietari.\" \/>\n<meta property=\"og:url\" content=\"https:\/\/www.accuratereviews.com\/it\/software-gestione-canali\/myvr-recensione\/\" \/>\n<meta property=\"og:site_name\" content=\"Accurate Reviews\" \/>\n<meta property=\"og:image\" content=\"https:\/\/www.accuratereviews.com\/wp-content\/uploads\/2023\/01\/MyVR.png\" \/>\n\t<meta property=\"og:image:width\" content=\"600\" \/>\n\t<meta property=\"og:image:height\" content=\"600\" \/>\n\t<meta property=\"og:image:type\" content=\"image\/png\" \/>\n<meta name=\"twitter:card\" content=\"summary_large_image\" \/>\n<meta name=\"twitter:label1\" content=\"Tempo di lettura stimato\" \/>\n\t<meta name=\"twitter:data1\" content=\"4 minuti\" \/>\n<script type=\"application\/ld+json\" class=\"yoast-schema-graph\">{\"@context\":\"https:\\\/\\\/schema.org\",\"@graph\":[{\"@type\":\"WebPage\",\"@id\":\"https:\\\/\\\/www.accuratereviews.com\\\/it\\\/software-gestione-canali\\\/myvr-recensione\\\/\",\"url\":\"https:\\\/\\\/www.accuratereviews.com\\\/it\\\/software-gestione-canali\\\/myvr-recensione\\\/\",\"name\":\"MyVR: recensione software gestione canali - Accurate Reviews\",\"isPartOf\":{\"@id\":\"https:\\\/\\\/www.accuratereviews.com\\\/it\\\/#website\"},\"primaryImageOfPage\":{\"@id\":\"https:\\\/\\\/www.accuratereviews.com\\\/it\\\/software-gestione-canali\\\/myvr-recensione\\\/#primaryimage\"},\"image\":{\"@id\":\"https:\\\/\\\/www.accuratereviews.com\\\/it\\\/software-gestione-canali\\\/myvr-recensione\\\/#primaryimage\"},\"thumbnailUrl\":\"https:\\\/\\\/www.accuratereviews.com\\\/wp-content\\\/uploads\\\/2023\\\/01\\\/MyVR.png\",\"datePublished\":\"2023-01-18T18:36:41+00:00\",\"description\":\"MyVR: recensione suite per la gestione di case vacanze e propriet\u00e0 basata su cloud progettata per soddisfare le esigenze di proprietari.\",\"breadcrumb\":{\"@id\":\"https:\\\/\\\/www.accuratereviews.com\\\/it\\\/software-gestione-canali\\\/myvr-recensione\\\/#breadcrumb\"},\"inLanguage\":\"it-IT\",\"potentialAction\":[{\"@type\":\"ReadAction\",\"target\":[\"https:\\\/\\\/www.accuratereviews.com\\\/it\\\/software-gestione-canali\\\/myvr-recensione\\\/\"]}]},{\"@type\":\"ImageObject\",\"inLanguage\":\"it-IT\",\"@id\":\"https:\\\/\\\/www.accuratereviews.com\\\/it\\\/software-gestione-canali\\\/myvr-recensione\\\/#primaryimage\",\"url\":\"https:\\\/\\\/www.accuratereviews.com\\\/wp-content\\\/uploads\\\/2023\\\/01\\\/MyVR.png\",\"contentUrl\":\"https:\\\/\\\/www.accuratereviews.com\\\/wp-content\\\/uploads\\\/2023\\\/01\\\/MyVR.png\",\"width\":600,\"height\":600},{\"@type\":\"BreadcrumbList\",\"@id\":\"https:\\\/\\\/www.accuratereviews.com\\\/it\\\/software-gestione-canali\\\/myvr-recensione\\\/#breadcrumb\",\"itemListElement\":[{\"@type\":\"ListItem\",\"position\":1,\"name\":\"Home\",\"item\":\"https:\\\/\\\/www.accuratereviews.com\\\/it\\\/\"},{\"@type\":\"ListItem\",\"position\":2,\"name\":\"Software per la gestione dei canali\",\"item\":\"https:\\\/\\\/www.accuratereviews.com\\\/it\\\/software-gestione-canali\\\/\"},{\"@type\":\"ListItem\",\"position\":3,\"name\":\"MyVR\"}]},{\"@type\":\"WebSite\",\"@id\":\"https:\\\/\\\/www.accuratereviews.com\\\/it\\\/#website\",\"url\":\"https:\\\/\\\/www.accuratereviews.com\\\/it\\\/\",\"name\":\"Accurate Reviews\",\"description\":\"\",\"potentialAction\":[{\"@type\":\"SearchAction\",\"target\":{\"@type\":\"EntryPoint\",\"urlTemplate\":\"https:\\\/\\\/www.accuratereviews.com\\\/it\\\/?s={search_term_string}\"},\"query-input\":{\"@type\":\"PropertyValueSpecification\",\"valueRequired\":true,\"valueName\":\"search_term_string\"}}],\"inLanguage\":\"it-IT\"}]}<\/script>\n<!-- \/ Yoast SEO plugin. -->","yoast_head_json":{"title":"MyVR: recensione software gestione canali - Accurate Reviews","description":"MyVR: recensione suite per la gestione di case vacanze e propriet\u00e0 basata su cloud progettata per soddisfare le esigenze di proprietari.","robots":{"index":"index","follow":"follow","max-snippet":"max-snippet:-1","max-image-preview":"max-image-preview:large","max-video-preview":"max-video-preview:-1"},"canonical":"https:\/\/www.accuratereviews.com\/it\/software-gestione-canali\/myvr-recensione\/","og_locale":"it_IT","og_type":"article","og_title":"MyVR: recensione software gestione canali - Accurate Reviews","og_description":"MyVR: recensione suite per la gestione di case vacanze e propriet\u00e0 basata su cloud progettata per soddisfare le esigenze di proprietari.","og_url":"https:\/\/www.accuratereviews.com\/it\/software-gestione-canali\/myvr-recensione\/","og_site_name":"Accurate Reviews","og_image":[{"width":600,"height":600,"url":"https:\/\/www.accuratereviews.com\/wp-content\/uploads\/2023\/01\/MyVR.png","type":"image\/png"}],"twitter_card":"summary_large_image","twitter_misc":{"Tempo di lettura stimato":"4 minuti"},"schema":{"@context":"https:\/\/schema.org","@graph":[{"@type":"WebPage","@id":"https:\/\/www.accuratereviews.com\/it\/software-gestione-canali\/myvr-recensione\/","url":"https:\/\/www.accuratereviews.com\/it\/software-gestione-canali\/myvr-recensione\/","name":"MyVR: recensione software gestione canali - Accurate Reviews","isPartOf":{"@id":"https:\/\/www.accuratereviews.com\/it\/#website"},"primaryImageOfPage":{"@id":"https:\/\/www.accuratereviews.com\/it\/software-gestione-canali\/myvr-recensione\/#primaryimage"},"image":{"@id":"https:\/\/www.accuratereviews.com\/it\/software-gestione-canali\/myvr-recensione\/#primaryimage"},"thumbnailUrl":"https:\/\/www.accuratereviews.com\/wp-content\/uploads\/2023\/01\/MyVR.png","datePublished":"2023-01-18T18:36:41+00:00","description":"MyVR: recensione suite per la gestione di case vacanze e propriet\u00e0 basata su cloud progettata per soddisfare le esigenze di proprietari.","breadcrumb":{"@id":"https:\/\/www.accuratereviews.com\/it\/software-gestione-canali\/myvr-recensione\/#breadcrumb"},"inLanguage":"it-IT","potentialAction":[{"@type":"ReadAction","target":["https:\/\/www.accuratereviews.com\/it\/software-gestione-canali\/myvr-recensione\/"]}]},{"@type":"ImageObject","inLanguage":"it-IT","@id":"https:\/\/www.accuratereviews.com\/it\/software-gestione-canali\/myvr-recensione\/#primaryimage","url":"https:\/\/www.accuratereviews.com\/wp-content\/uploads\/2023\/01\/MyVR.png","contentUrl":"https:\/\/www.accuratereviews.com\/wp-content\/uploads\/2023\/01\/MyVR.png","width":600,"height":600},{"@type":"BreadcrumbList","@id":"https:\/\/www.accuratereviews.com\/it\/software-gestione-canali\/myvr-recensione\/#breadcrumb","itemListElement":[{"@type":"ListItem","position":1,"name":"Home","item":"https:\/\/www.accuratereviews.com\/it\/"},{"@type":"ListItem","position":2,"name":"Software per la gestione dei canali","item":"https:\/\/www.accuratereviews.com\/it\/software-gestione-canali\/"},{"@type":"ListItem","position":3,"name":"MyVR"}]},{"@type":"WebSite","@id":"https:\/\/www.accuratereviews.com\/it\/#website","url":"https:\/\/www.accuratereviews.com\/it\/","name":"Accurate Reviews","description":"","potentialAction":[{"@type":"SearchAction","target":{"@type":"EntryPoint","urlTemplate":"https:\/\/www.accuratereviews.com\/it\/?s={search_term_string}"},"query-input":{"@type":"PropertyValueSpecification","valueRequired":true,"valueName":"search_term_string"}}],"inLanguage":"it-IT"}]}},"_links":{"self":[{"href":"https:\/\/www.accuratereviews.com\/it\/wp-json\/wp\/v2\/pages\/66269","targetHints":{"allow":["GET"]}}],"collection":[{"href":"https:\/\/www.accuratereviews.com\/it\/wp-json\/wp\/v2\/pages"}],"about":[{"href":"https:\/\/www.accuratereviews.com\/it\/wp-json\/wp\/v2\/types\/page"}],"author":[{"embeddable":true,"href":"https:\/\/www.accuratereviews.com\/it\/wp-json\/wp\/v2\/users\/19"}],"replies":[{"embeddable":true,"href":"https:\/\/www.accuratereviews.com\/it\/wp-json\/wp\/v2\/comments?post=66269"}],"version-history":[{"count":11,"href":"https:\/\/www.accuratereviews.com\/it\/wp-json\/wp\/v2\/pages\/66269\/revisions"}],"predecessor-version":[{"id":66306,"href":"https:\/\/www.accuratereviews.com\/it\/wp-json\/wp\/v2\/pages\/66269\/revisions\/66306"}],"up":[{"embeddable":true,"href":"https:\/\/www.accuratereviews.com\/it\/wp-json\/wp\/v2\/pages\/65711"}],"wp:featuredmedia":[{"embeddable":true,"href":"https:\/\/www.accuratereviews.com\/it\/wp-json\/wp\/v2\/media\/66288"}],"wp:attachment":[{"href":"https:\/\/www.accuratereviews.com\/it\/wp-json\/wp\/v2\/media?parent=66269"}],"wp:term":[{"taxonomy":"category","embeddable":true,"href":"https:\/\/www.accuratereviews.com\/it\/wp-json\/wp\/v2\/categories?post=66269"},{"taxonomy":"post_tag","embeddable":true,"href":"https:\/\/www.accuratereviews.com\/it\/wp-json\/wp\/v2\/tags?post=66269"},{"taxonomy":"features","embeddable":true,"href":"https:\/\/www.accuratereviews.com\/it\/wp-json\/wp\/v2\/features?post=66269"}],"curies":[{"name":"wp","href":"https:\/\/api.w.org\/{rel}","templated":true}]}}