{"id":66272,"date":"2023-01-18T18:29:37","date_gmt":"2023-01-18T18:29:37","guid":{"rendered":"https:\/\/www.accuratereviews.com\/?page_id=66272"},"modified":"2023-01-19T21:01:05","modified_gmt":"2023-01-19T21:01:05","slug":"hosthub-recensione","status":"publish","type":"page","link":"https:\/\/www.accuratereviews.com\/it\/software-gestione-canali\/hosthub-recensione\/","title":{"rendered":"Hosthub"},"content":{"rendered":"<p><strong>Hosthub<\/strong> \u00e8 un <strong>gestore di canali<\/strong> per case vacanze, che consente ai proprietari di affitti e ai gestori di propriet\u00e0 di inserire e sincronizzare le loro propriet\u00e0 su pi\u00f9 canali di distribuzione. La piattaforma fornisce agli utenti una panoramica centralizzata di tutte le propriet\u00e0, prenotazioni, disponibilit\u00e0, calendari e altro ancora. Il programma\u00a0consente agli utenti di pubblicizzare le proprie propriet\u00e0 in affitto per le vacanze attraverso pi\u00f9 di 200 canali di distribuzione, tra cui Airbnb, Booking.com, TripAdvisor e Homeaway, oltre al proprio sito web.<br \/>\nL&#8217;intelligenza artificiale (AI) e la forza umana sono combinate per garantire l&#8217;affidabilit\u00e0 mentre, la sincronizzazione dei dati bidirezionale in tempo reale tra tutti i canali aggiorna rapidamente la disponibilit\u00e0, garantendo zero prenotazioni doppie.\u00a0Gli utenti possono esportare le prenotazioni nei formati Excel e CSV e generare report filtrati per canale, propriet\u00e0, date e altro.<\/p>\n<h2>HOSTHUB &#8211; TUTORIAL<\/h2>\n<div id=\"fluid-wrapper-counter-1\" class=\"g1-fluid-wrapper \" style=\"width:686px;\">\n<div style=\"padding-bottom:56.268221574344%;\"><iframe loading=\"lazy\" title=\"Increase your bookings &amp; revenue with Hosthub\" width=\"686\" height=\"386\" src=\"https:\/\/www.youtube.com\/embed\/L5APGkOa6Aw?feature=oembed&amp;wmode=transparent&amp;autohide=1&amp;autoplay=0&amp;disablekb=0&amp;fs=1&amp;loop=0&amp;enablejsapi=1&amp;rel=0&amp;controls=2&amp;showinfo=0&amp;wmode=transparent&amp;autohide=2&amp;autoplay=0&amp;disablekb=0&amp;fs=1&amp;loop=0&amp;enablejsapi=1&amp;rel=0&amp;controls=2&amp;showinfo=1\" frameborder=\"0\" allow=\"accelerometer; autoplay; clipboard-write; encrypted-media; gyroscope; picture-in-picture; web-share\" allowfullscreen><\/iframe><\/div>\n<\/div>\n<h3>HOSTHUB &#8211; CARATTERISTICHE<\/h3>\n<ul>\n<li><strong>Pi\u00f9 metodi di aggiornamento<\/strong>: se per qualsiasi motivo l&#8217;aggiornamento non \u00e8 stato eseguito correttamente con il metodo di aggiornamento predefinito, la soluzione ricorre al successivo metodo di aggiornamento disponibile. Se fallisce, passa al successivo e cos\u00ec via fino a quando il sistema di QA non ha verificato che i calendari sono stati modificati correttamente.<\/li>\n<li><strong>Supporto per oltre 200 canali di case vacanze<\/strong>: con oltre 200 canali supportati, riceverai tutte le prenotazioni che puoi gestire. Se desideri pubblicare il tuo annuncio di affitto a breve termine su pi\u00f9 siti web di quelli elencati, possono farlo per te.<\/li>\n<li><strong>Aiuto 24 ore su 24, 7 giorni su 7 con un tempo medio di risposta inferiore a 5 minuti:\u00a0<\/strong>contattali in qualsiasi momento, 24 ore su 24, 7 giorni su 7, 365 giorni all&#8217;anno, saranno felici di aiutarti.<\/li>\n<li><strong>Sincronizzazione con il tuo sito web<\/strong>:\u00a0unico channel manager al mondo in grado di sincronizzare i tuoi calendari con qualsiasi sito web anche il tuo sito web personalizzato. Che si tratti di WordPress, Wix, Joomla, Drupal o altri saranno in grado di integrare la soluzione perfettamente.<\/li>\n<li><strong>Configurazione semplice<\/strong>: \u00a0l&#8217;installazione \u00e8 istantanea e dopo non \u00e8 necessario alcuno sforzo. Siediti e goditi la tranquillit\u00e0 di cui hai tanto bisogno.<\/li>\n<li><strong>Sincronizzazione bidirezionale in tempo reale su tutti i canali<\/strong>: la soluzione sincronizza tutti i canali in meno di 10 minuti. Quindi addio alle doppie prenotazioni.<\/li>\n<\/ul>\n<h4>LE RECENSIONI DEGLI UTENTI<\/h4>\n<p><strong>Dimitris &#8220;Interfaccia amichevole\/app eccellente&#8221;<\/strong><br \/>\n<strong>Pro<\/strong>: \u00c8 molto efficace e funzionale nell&#8217;organizzare le mie propriet\u00e0 che mi lascia il tempo per fare altre cose.<br \/>\n<strong>Contro<\/strong>: Non ho un commento negativo da aggiungere riguardo a questo programma.<\/p>\n<p><strong>Angie &#8220;Ottimo per sincronizzare la mia vacanza&#8221;<\/strong><br \/>\n<strong>Commenti<\/strong>: Grande!<br \/>\n<strong>Pro<\/strong>: \u00c8 una certezza se c&#8217;\u00e8 un fallimento con una delle piattaforme, ad esempio Airbnb, me lo fanno sapere, questo \u00e8 un vantaggio.<br \/>\n<strong>Contro<\/strong>: Forse assumere altri agenti. Quindi pi\u00f9 canali.<\/p>\n<p><strong>Erica Josephina &#8220;Prenotazioni&#8221;<\/strong><br \/>\n<strong>Commenti<\/strong>: Non ho avuto problemi. Se ce n&#8217;\u00e8 uno, viene risolto immediatamente. Pertanto adoro il fatto che rispondano rapidamente a email o chat<br \/>\n<strong>Pro<\/strong>: Mi piace il fatto che sia facile da usare.<br \/>\n<strong>Contro<\/strong>: Nessuna lamentela. Il programma \u00e8 facile da usare<\/p>\n","protected":false},"excerpt":{"rendered":"<p>Hosthub \u00e8 un gestore di canali per case vacanze, che consente ai proprietari di affitti e ai gestori di propriet\u00e0 di elencare e sincronizzare le loro propriet\u00e0 su pi\u00f9 canali di distribuzione. La piattaforma fornisce agli utenti una panoramica centralizzata di tutte le propriet\u00e0, prenotazioni, disponibilit\u00e0, calendari e altro ancora.<\/p>\n","protected":false},"author":19,"featured_media":66275,"parent":65711,"menu_order":0,"comment_status":"open","ping_status":"closed","template":"g1_template_page_review_new.php","meta":{"_acf_changed":false,"cwp_meta_box_check":"No","cwp_rev_product_name":"","cwp_rev_product_image":"","wppr_links":[],"cwp_rev_price":"","wppr_options":[],"wppr_pros":[],"wppr_cons":[],"_monsterinsights_skip_tracking":false,"_monsterinsights_sitenote_active":false,"_monsterinsights_sitenote_note":"","_monsterinsights_sitenote_category":0,"footnotes":""},"categories":[13985],"tags":[14010,14048,13991,13990,13988,13992],"features":[],"class_list":{"0":"post-66272","1":"page","2":"type-page","3":"status-publish","4":"has-post-thumbnail","6":"category-software-gestione-canali-cat","7":"tag-gestione-canali","8":"tag-hosthub","9":"tag-piattaforma-gestione-canali","10":"tag-programma-gestione-canali","11":"tag-software-gestione-canali","12":"tag-soluzione-gestione-canali"},"wppr_data":{"cwp_meta_box_check":"No"},"acf":[],"yoast_head":"<!-- This site is optimized with the Yoast SEO plugin v27.4 - https:\/\/yoast.com\/product\/yoast-seo-wordpress\/ -->\n<title>Hosthub: recensione software gestione canali - Accurate Reviews<\/title>\n<meta name=\"description\" content=\"Hosthub: recensione soluzione gestore di canali per case vacanze che consente ai proprietari di elencare e sincronizzare le loro propriet\u00e0.\" \/>\n<meta name=\"robots\" content=\"index, follow, max-snippet:-1, max-image-preview:large, max-video-preview:-1\" \/>\n<link rel=\"canonical\" href=\"https:\/\/www.accuratereviews.com\/it\/software-gestione-canali\/hosthub-recensione\/\" \/>\n<meta property=\"og:locale\" content=\"it_IT\" \/>\n<meta property=\"og:type\" content=\"article\" \/>\n<meta property=\"og:title\" content=\"Hosthub: recensione software gestione canali - Accurate Reviews\" \/>\n<meta property=\"og:description\" content=\"Hosthub: recensione soluzione gestore di canali per case vacanze che consente ai proprietari di elencare e sincronizzare le loro propriet\u00e0.\" \/>\n<meta property=\"og:url\" content=\"https:\/\/www.accuratereviews.com\/it\/software-gestione-canali\/hosthub-recensione\/\" \/>\n<meta property=\"og:site_name\" content=\"Accurate Reviews\" \/>\n<meta property=\"article:modified_time\" content=\"2023-01-19T21:01:05+00:00\" \/>\n<meta property=\"og:image\" content=\"https:\/\/www.accuratereviews.com\/wp-content\/uploads\/2023\/01\/Hosthub.png\" \/>\n\t<meta property=\"og:image:width\" content=\"225\" \/>\n\t<meta property=\"og:image:height\" content=\"225\" \/>\n\t<meta property=\"og:image:type\" content=\"image\/png\" \/>\n<meta name=\"twitter:card\" content=\"summary_large_image\" \/>\n<meta name=\"twitter:label1\" content=\"Tempo di lettura stimato\" \/>\n\t<meta name=\"twitter:data1\" content=\"3 minuti\" \/>\n<script type=\"application\/ld+json\" class=\"yoast-schema-graph\">{\"@context\":\"https:\\\/\\\/schema.org\",\"@graph\":[{\"@type\":\"WebPage\",\"@id\":\"https:\\\/\\\/www.accuratereviews.com\\\/it\\\/software-gestione-canali\\\/hosthub-recensione\\\/\",\"url\":\"https:\\\/\\\/www.accuratereviews.com\\\/it\\\/software-gestione-canali\\\/hosthub-recensione\\\/\",\"name\":\"Hosthub: recensione software gestione canali - Accurate Reviews\",\"isPartOf\":{\"@id\":\"https:\\\/\\\/www.accuratereviews.com\\\/it\\\/#website\"},\"primaryImageOfPage\":{\"@id\":\"https:\\\/\\\/www.accuratereviews.com\\\/it\\\/software-gestione-canali\\\/hosthub-recensione\\\/#primaryimage\"},\"image\":{\"@id\":\"https:\\\/\\\/www.accuratereviews.com\\\/it\\\/software-gestione-canali\\\/hosthub-recensione\\\/#primaryimage\"},\"thumbnailUrl\":\"https:\\\/\\\/www.accuratereviews.com\\\/wp-content\\\/uploads\\\/2023\\\/01\\\/Hosthub.png\",\"datePublished\":\"2023-01-18T18:29:37+00:00\",\"dateModified\":\"2023-01-19T21:01:05+00:00\",\"description\":\"Hosthub: recensione soluzione gestore di canali per case vacanze che consente ai proprietari di elencare e sincronizzare le loro propriet\u00e0.\",\"breadcrumb\":{\"@id\":\"https:\\\/\\\/www.accuratereviews.com\\\/it\\\/software-gestione-canali\\\/hosthub-recensione\\\/#breadcrumb\"},\"inLanguage\":\"it-IT\",\"potentialAction\":[{\"@type\":\"ReadAction\",\"target\":[\"https:\\\/\\\/www.accuratereviews.com\\\/it\\\/software-gestione-canali\\\/hosthub-recensione\\\/\"]}]},{\"@type\":\"ImageObject\",\"inLanguage\":\"it-IT\",\"@id\":\"https:\\\/\\\/www.accuratereviews.com\\\/it\\\/software-gestione-canali\\\/hosthub-recensione\\\/#primaryimage\",\"url\":\"https:\\\/\\\/www.accuratereviews.com\\\/wp-content\\\/uploads\\\/2023\\\/01\\\/Hosthub.png\",\"contentUrl\":\"https:\\\/\\\/www.accuratereviews.com\\\/wp-content\\\/uploads\\\/2023\\\/01\\\/Hosthub.png\",\"width\":225,\"height\":225},{\"@type\":\"BreadcrumbList\",\"@id\":\"https:\\\/\\\/www.accuratereviews.com\\\/it\\\/software-gestione-canali\\\/hosthub-recensione\\\/#breadcrumb\",\"itemListElement\":[{\"@type\":\"ListItem\",\"position\":1,\"name\":\"Home\",\"item\":\"https:\\\/\\\/www.accuratereviews.com\\\/it\\\/\"},{\"@type\":\"ListItem\",\"position\":2,\"name\":\"Software per la gestione dei canali\",\"item\":\"https:\\\/\\\/www.accuratereviews.com\\\/it\\\/software-gestione-canali\\\/\"},{\"@type\":\"ListItem\",\"position\":3,\"name\":\"Hosthub\"}]},{\"@type\":\"WebSite\",\"@id\":\"https:\\\/\\\/www.accuratereviews.com\\\/it\\\/#website\",\"url\":\"https:\\\/\\\/www.accuratereviews.com\\\/it\\\/\",\"name\":\"Accurate Reviews\",\"description\":\"\",\"potentialAction\":[{\"@type\":\"SearchAction\",\"target\":{\"@type\":\"EntryPoint\",\"urlTemplate\":\"https:\\\/\\\/www.accuratereviews.com\\\/it\\\/?s={search_term_string}\"},\"query-input\":{\"@type\":\"PropertyValueSpecification\",\"valueRequired\":true,\"valueName\":\"search_term_string\"}}],\"inLanguage\":\"it-IT\"}]}<\/script>\n<!-- \/ Yoast SEO plugin. -->","yoast_head_json":{"title":"Hosthub: recensione software gestione canali - Accurate Reviews","description":"Hosthub: recensione soluzione gestore di canali per case vacanze che consente ai proprietari di elencare e sincronizzare le loro propriet\u00e0.","robots":{"index":"index","follow":"follow","max-snippet":"max-snippet:-1","max-image-preview":"max-image-preview:large","max-video-preview":"max-video-preview:-1"},"canonical":"https:\/\/www.accuratereviews.com\/it\/software-gestione-canali\/hosthub-recensione\/","og_locale":"it_IT","og_type":"article","og_title":"Hosthub: recensione software gestione canali - Accurate Reviews","og_description":"Hosthub: recensione soluzione gestore di canali per case vacanze che consente ai proprietari di elencare e sincronizzare le loro propriet\u00e0.","og_url":"https:\/\/www.accuratereviews.com\/it\/software-gestione-canali\/hosthub-recensione\/","og_site_name":"Accurate Reviews","article_modified_time":"2023-01-19T21:01:05+00:00","og_image":[{"width":225,"height":225,"url":"https:\/\/www.accuratereviews.com\/wp-content\/uploads\/2023\/01\/Hosthub.png","type":"image\/png"}],"twitter_card":"summary_large_image","twitter_misc":{"Tempo di lettura stimato":"3 minuti"},"schema":{"@context":"https:\/\/schema.org","@graph":[{"@type":"WebPage","@id":"https:\/\/www.accuratereviews.com\/it\/software-gestione-canali\/hosthub-recensione\/","url":"https:\/\/www.accuratereviews.com\/it\/software-gestione-canali\/hosthub-recensione\/","name":"Hosthub: recensione software gestione canali - Accurate Reviews","isPartOf":{"@id":"https:\/\/www.accuratereviews.com\/it\/#website"},"primaryImageOfPage":{"@id":"https:\/\/www.accuratereviews.com\/it\/software-gestione-canali\/hosthub-recensione\/#primaryimage"},"image":{"@id":"https:\/\/www.accuratereviews.com\/it\/software-gestione-canali\/hosthub-recensione\/#primaryimage"},"thumbnailUrl":"https:\/\/www.accuratereviews.com\/wp-content\/uploads\/2023\/01\/Hosthub.png","datePublished":"2023-01-18T18:29:37+00:00","dateModified":"2023-01-19T21:01:05+00:00","description":"Hosthub: recensione soluzione gestore di canali per case vacanze che consente ai proprietari di elencare e sincronizzare le loro propriet\u00e0.","breadcrumb":{"@id":"https:\/\/www.accuratereviews.com\/it\/software-gestione-canali\/hosthub-recensione\/#breadcrumb"},"inLanguage":"it-IT","potentialAction":[{"@type":"ReadAction","target":["https:\/\/www.accuratereviews.com\/it\/software-gestione-canali\/hosthub-recensione\/"]}]},{"@type":"ImageObject","inLanguage":"it-IT","@id":"https:\/\/www.accuratereviews.com\/it\/software-gestione-canali\/hosthub-recensione\/#primaryimage","url":"https:\/\/www.accuratereviews.com\/wp-content\/uploads\/2023\/01\/Hosthub.png","contentUrl":"https:\/\/www.accuratereviews.com\/wp-content\/uploads\/2023\/01\/Hosthub.png","width":225,"height":225},{"@type":"BreadcrumbList","@id":"https:\/\/www.accuratereviews.com\/it\/software-gestione-canali\/hosthub-recensione\/#breadcrumb","itemListElement":[{"@type":"ListItem","position":1,"name":"Home","item":"https:\/\/www.accuratereviews.com\/it\/"},{"@type":"ListItem","position":2,"name":"Software per la gestione dei canali","item":"https:\/\/www.accuratereviews.com\/it\/software-gestione-canali\/"},{"@type":"ListItem","position":3,"name":"Hosthub"}]},{"@type":"WebSite","@id":"https:\/\/www.accuratereviews.com\/it\/#website","url":"https:\/\/www.accuratereviews.com\/it\/","name":"Accurate Reviews","description":"","potentialAction":[{"@type":"SearchAction","target":{"@type":"EntryPoint","urlTemplate":"https:\/\/www.accuratereviews.com\/it\/?s={search_term_string}"},"query-input":{"@type":"PropertyValueSpecification","valueRequired":true,"valueName":"search_term_string"}}],"inLanguage":"it-IT"}]}},"_links":{"self":[{"href":"https:\/\/www.accuratereviews.com\/it\/wp-json\/wp\/v2\/pages\/66272","targetHints":{"allow":["GET"]}}],"collection":[{"href":"https:\/\/www.accuratereviews.com\/it\/wp-json\/wp\/v2\/pages"}],"about":[{"href":"https:\/\/www.accuratereviews.com\/it\/wp-json\/wp\/v2\/types\/page"}],"author":[{"embeddable":true,"href":"https:\/\/www.accuratereviews.com\/it\/wp-json\/wp\/v2\/users\/19"}],"replies":[{"embeddable":true,"href":"https:\/\/www.accuratereviews.com\/it\/wp-json\/wp\/v2\/comments?post=66272"}],"version-history":[{"count":11,"href":"https:\/\/www.accuratereviews.com\/it\/wp-json\/wp\/v2\/pages\/66272\/revisions"}],"predecessor-version":[{"id":66367,"href":"https:\/\/www.accuratereviews.com\/it\/wp-json\/wp\/v2\/pages\/66272\/revisions\/66367"}],"up":[{"embeddable":true,"href":"https:\/\/www.accuratereviews.com\/it\/wp-json\/wp\/v2\/pages\/65711"}],"wp:featuredmedia":[{"embeddable":true,"href":"https:\/\/www.accuratereviews.com\/it\/wp-json\/wp\/v2\/media\/66275"}],"wp:attachment":[{"href":"https:\/\/www.accuratereviews.com\/it\/wp-json\/wp\/v2\/media?parent=66272"}],"wp:term":[{"taxonomy":"category","embeddable":true,"href":"https:\/\/www.accuratereviews.com\/it\/wp-json\/wp\/v2\/categories?post=66272"},{"taxonomy":"post_tag","embeddable":true,"href":"https:\/\/www.accuratereviews.com\/it\/wp-json\/wp\/v2\/tags?post=66272"},{"taxonomy":"features","embeddable":true,"href":"https:\/\/www.accuratereviews.com\/it\/wp-json\/wp\/v2\/features?post=66272"}],"curies":[{"name":"wp","href":"https:\/\/api.w.org\/{rel}","templated":true}]}}