{"id":66307,"date":"2023-01-19T16:00:42","date_gmt":"2023-01-19T16:00:42","guid":{"rendered":"https:\/\/www.accuratereviews.com\/?page_id=66307"},"modified":"2023-01-19T21:45:04","modified_gmt":"2023-01-19T21:45:04","slug":"cart-marketplace-management-recensione","status":"publish","type":"page","link":"https:\/\/www.accuratereviews.com\/it\/software-gestione-canali\/cart-marketplace-management-recensione\/","title":{"rendered":"Cart Marketplace Management"},"content":{"rendered":"<p><strong>Cart Marketplace Management<\/strong> (precedentemente conosciuto come <strong>SellerActive<\/strong>) \u00e8 un sistema di gestione del canale e-commerce, che consente ai venditori online di aggiornare e ottimizzare gli elenchi di prodotti su Amazon, Walmart, eBay e altri contemporaneamente. Carica e pubblica prodotti nei marketplace pi\u00f9 grandi del mondo da un&#8217;unica posizione centralizzata.\u00a0Imposta limiti di prezzo e soglie di margine per aggiornare automaticamente i prezzi in base a prodotti simili e massimizzare le entrate. L&#8217;analisi avanzata, inoltre, sincronizza automaticamente gli ordini su pi\u00f9 mercati per evitare che i prodotti vengano venduti in eccesso o esauriscano.<br \/>\nHai la possibilit\u00e0 di espandere la tua rete di evasione ordini, indirizzandoli a una variet\u00e0 di 3PL per aumentare la velocit\u00e0 e l&#8217;affidabilit\u00e0. Semplifica le operazioni e aumenta le vendite con <strong>Cart Marketplace Management<\/strong>.<br \/>\nAlcune opzioni di aiuto includono: chat dal vivo, revisioni dell&#8217;account in corso, sessioni di formazione dal vivo e un account manager.<\/p>\n<h2>CART MARKETPLACE MANAGEMENT &#8211; TUTORIAL<\/h2>\n<div id=\"fluid-wrapper-counter-1\" class=\"g1-fluid-wrapper \" style=\"width:686px;\">\n<div style=\"padding-bottom:56.268221574344%;\"><iframe loading=\"lazy\" title=\"Staging &amp; publishing products to Walmart&#039;s marketplace\" width=\"686\" height=\"386\" src=\"https:\/\/www.youtube.com\/embed\/_4nZY5ZJZ9c?list=PLetHvB7RopQ0iw7RMGBYd-UW7OfmtQ-_8\" frameborder=\"0\" allow=\"accelerometer; autoplay; clipboard-write; encrypted-media; gyroscope; picture-in-picture; web-share\" allowfullscreen><\/iframe><\/div>\n<\/div>\n<h3>CART MARKETPLACE MANAGEMENT &#8211; CARATTERISTICHE<\/h3>\n<ul>\n<li>Offre una visibilit\u00e0 completa dell&#8217;inventario, indipendentemente dal fatto che i tuoi prodotti siano immagazzinati e distribuiti tramite FBA, WFS, Cart.com Fulfillment Network o il tuo magazzino.<\/li>\n<li>Imposta regole per escludere automaticamente i prodotti in esaurimento o esauriti dall&#8217;elenco o dalla pubblicit\u00e0.<\/li>\n<li>Elimina le perdite di tempo per mettere insieme manualmente l&#8217;inventario in tutta la tua azienda.<\/li>\n<li>Con un&#8217;unica visualizzazione multicanale dei tuoi prodotti, otterrai dati utilizzabili per cross-sell e upsell pertinenti, metriche delle campagne di marketing e un migliore ROI sulle spese di marketing.<\/li>\n<li>Pianifica le importazioni automatiche di prodotti da qualsiasi negozio per assicurarti di lavorare sempre con il catalogo prodotti pi\u00f9 aggiornato. Inoltre, applica modifiche collettive a pi\u00f9 prodotti contemporaneamente per ridurre gli input manuali individuali.<\/li>\n<li>Crea e automatizza contemporaneamente gli annunci di testo di Google per l&#8217;intero catalogo prodotti, per aumentare il traffico di ricerca e le percentuali di clic, riducendo al minimo il costo per clic.<\/li>\n<li>Modifica e mappa automaticamente i dati dei prodotti per soddisfare i requisiti del canale di acquisto e del modello di mercato.<\/li>\n<li>I prezzi dei prodotti vengono sincronizzati automaticamente nei principali marketplace del mondo per ridurre lo sforzo manuale e ottimizzare le vendite.<\/li>\n<li>Monitora le schede dei prodotti della concorrenza su Google Shopping per ottimizzare le strategie di vendita e marketing.<\/li>\n<\/ul>\n<h4>LE RECENSIONI DEGLI UTENTI<\/h4>\n<p><strong>Rudy &#8220;Esattamente quello che stavamo cercando&#8221;<\/strong><br \/>\n<strong>Commenti<\/strong>: Siamo molto soddisfatti del software e dell&#8217;eccellente servizio clienti che abbiamo ricevuto. il team \u00e8 reattivo e siamo molto a nostro agio con il sistema e il suo funzionamento.<br \/>\n<strong>Pro<\/strong>: Facilit\u00e0 d&#8217;uso. eccellente struttura dei prezzi. nessuna limitazione sugli account utente<br \/>\n<strong>Contro<\/strong>: il supporto multivaluta per i mercati internazionali di Amazon sarebbe fantastico.<\/p>\n<p><strong>Luis &#8220;Ottimo strumento Un po &#8216;caro&#8221;<\/strong><br \/>\n<strong>Commenti<\/strong>: Stavo cercando una soluzione integrata per Repricing, Channel Management e Key Marketplace Integration. La proposta di valore attiva del venditore \u00e8 la pi\u00f9 vicina a quello che stavo cercando.<br \/>\n<strong>Pro<\/strong>: Ottimo strumento di riprezzamento e la funzione di gestione degli ordini \u00e8 eccezionale, facile da usare e si collega agli account omnicanale. Il servizio clienti non \u00e8 eccezionale ma di solito hai risposte tempestive<br \/>\n<strong>Contro<\/strong>: Le ultime modifiche riguardanti la gestione dell&#8217;inventario sono ancora instabili, gestendo l&#8217;inventario Amazon FBA i filtri non sono reattivi come in passato<\/p>\n<p><strong>Matthew &#8220;Ama le persone, grande supporto. Ci vuole un po&#8217; di tempo per prendere confidenza con le cose.&#8221;<\/strong><br \/>\n<strong>Commenti<\/strong>: Gestione dell&#8217;inventario su pi\u00f9 piattaforme e servizio clienti e strumenti eccellenti.<br \/>\n<strong>Pro<\/strong>: Ottima integrazione, ottimo servizio clienti, ottima formazione e aiuto. Risposta veloce. Molte opzioni e strumenti<br \/>\n<strong>Contro<\/strong>: Molto alto nel prezzo soprattutto se arrivi lass\u00f9 negli ordini. Vorrei che ci fossero pi\u00f9 opzioni di prezzo.<\/p>\n","protected":false},"excerpt":{"rendered":"<p>Cart Marketplace Management (precedentemente conosciuto come SellerActive) \u00e8 un sistema di gestione del canale e-commerce, che consente ai venditori online di aggiornare e ottimizzare gli elenchi di prodotti su Amazon, Walmart, eBay e altri contemporaneamente. Carica e pubblica prodotti nei marketplace pi\u00f9 grandi del mondo da un&#8217;unica posizione centralizzata.\u00a0<\/p>\n","protected":false},"author":19,"featured_media":66327,"parent":65711,"menu_order":0,"comment_status":"open","ping_status":"closed","template":"g1_template_page_review_new.php","meta":{"_acf_changed":false,"cwp_meta_box_check":"No","cwp_rev_product_name":"","cwp_rev_product_image":"","wppr_links":[],"cwp_rev_price":"","wppr_options":[],"wppr_pros":[],"wppr_cons":[],"_monsterinsights_skip_tracking":false,"_monsterinsights_sitenote_active":false,"_monsterinsights_sitenote_note":"","_monsterinsights_sitenote_category":0,"footnotes":""},"categories":[13985],"tags":[14050,1762,14010,13991,13990,13988,13992],"features":[],"class_list":{"0":"post-66307","1":"page","2":"type-page","3":"status-publish","4":"has-post-thumbnail","6":"category-software-gestione-canali-cat","7":"tag-cart-marketplace-management","8":"tag-channel-manager","9":"tag-gestione-canali","10":"tag-piattaforma-gestione-canali","11":"tag-programma-gestione-canali","12":"tag-software-gestione-canali","13":"tag-soluzione-gestione-canali"},"wppr_data":{"cwp_meta_box_check":"No"},"acf":[],"yoast_head":"<!-- This site is optimized with the Yoast SEO plugin v27.4 - https:\/\/yoast.com\/product\/yoast-seo-wordpress\/ -->\n<title>Cart Marketplace Management: software gestione canale<\/title>\n<meta name=\"description\" content=\"Cart Marketplace Management: recensione sistema di gestione del canale ecommerce per aggiornare e ottimizzare gli elenchi di prodotti.\" \/>\n<meta name=\"robots\" content=\"index, follow, max-snippet:-1, max-image-preview:large, max-video-preview:-1\" \/>\n<link rel=\"canonical\" href=\"https:\/\/www.accuratereviews.com\/it\/software-gestione-canali\/cart-marketplace-management-recensione\/\" \/>\n<meta property=\"og:locale\" content=\"it_IT\" \/>\n<meta property=\"og:type\" content=\"article\" \/>\n<meta property=\"og:title\" content=\"Cart Marketplace Management: software gestione canale\" \/>\n<meta property=\"og:description\" content=\"Cart Marketplace Management: recensione sistema di gestione del canale ecommerce per aggiornare e ottimizzare gli elenchi di prodotti.\" \/>\n<meta property=\"og:url\" content=\"https:\/\/www.accuratereviews.com\/it\/software-gestione-canali\/cart-marketplace-management-recensione\/\" \/>\n<meta property=\"og:site_name\" content=\"Accurate Reviews\" \/>\n<meta property=\"article:modified_time\" content=\"2023-01-19T21:45:04+00:00\" \/>\n<meta property=\"og:image\" content=\"https:\/\/www.accuratereviews.com\/wp-content\/uploads\/2023\/01\/Cart-Marketplace-Management.webp\" \/>\n\t<meta property=\"og:image:width\" content=\"200\" \/>\n\t<meta property=\"og:image:height\" content=\"200\" \/>\n\t<meta property=\"og:image:type\" content=\"image\/webp\" \/>\n<meta name=\"twitter:card\" content=\"summary_large_image\" \/>\n<meta name=\"twitter:label1\" content=\"Tempo di lettura stimato\" \/>\n\t<meta name=\"twitter:data1\" content=\"4 minuti\" \/>\n<script type=\"application\/ld+json\" class=\"yoast-schema-graph\">{\"@context\":\"https:\\\/\\\/schema.org\",\"@graph\":[{\"@type\":\"WebPage\",\"@id\":\"https:\\\/\\\/www.accuratereviews.com\\\/it\\\/software-gestione-canali\\\/cart-marketplace-management-recensione\\\/\",\"url\":\"https:\\\/\\\/www.accuratereviews.com\\\/it\\\/software-gestione-canali\\\/cart-marketplace-management-recensione\\\/\",\"name\":\"Cart Marketplace Management: software gestione canale\",\"isPartOf\":{\"@id\":\"https:\\\/\\\/www.accuratereviews.com\\\/it\\\/#website\"},\"primaryImageOfPage\":{\"@id\":\"https:\\\/\\\/www.accuratereviews.com\\\/it\\\/software-gestione-canali\\\/cart-marketplace-management-recensione\\\/#primaryimage\"},\"image\":{\"@id\":\"https:\\\/\\\/www.accuratereviews.com\\\/it\\\/software-gestione-canali\\\/cart-marketplace-management-recensione\\\/#primaryimage\"},\"thumbnailUrl\":\"https:\\\/\\\/www.accuratereviews.com\\\/wp-content\\\/uploads\\\/2023\\\/01\\\/Cart-Marketplace-Management.webp\",\"datePublished\":\"2023-01-19T16:00:42+00:00\",\"dateModified\":\"2023-01-19T21:45:04+00:00\",\"description\":\"Cart Marketplace Management: recensione sistema di gestione del canale ecommerce per aggiornare e ottimizzare gli elenchi di prodotti.\",\"breadcrumb\":{\"@id\":\"https:\\\/\\\/www.accuratereviews.com\\\/it\\\/software-gestione-canali\\\/cart-marketplace-management-recensione\\\/#breadcrumb\"},\"inLanguage\":\"it-IT\",\"potentialAction\":[{\"@type\":\"ReadAction\",\"target\":[\"https:\\\/\\\/www.accuratereviews.com\\\/it\\\/software-gestione-canali\\\/cart-marketplace-management-recensione\\\/\"]}]},{\"@type\":\"ImageObject\",\"inLanguage\":\"it-IT\",\"@id\":\"https:\\\/\\\/www.accuratereviews.com\\\/it\\\/software-gestione-canali\\\/cart-marketplace-management-recensione\\\/#primaryimage\",\"url\":\"https:\\\/\\\/www.accuratereviews.com\\\/wp-content\\\/uploads\\\/2023\\\/01\\\/Cart-Marketplace-Management.webp\",\"contentUrl\":\"https:\\\/\\\/www.accuratereviews.com\\\/wp-content\\\/uploads\\\/2023\\\/01\\\/Cart-Marketplace-Management.webp\",\"width\":200,\"height\":200},{\"@type\":\"BreadcrumbList\",\"@id\":\"https:\\\/\\\/www.accuratereviews.com\\\/it\\\/software-gestione-canali\\\/cart-marketplace-management-recensione\\\/#breadcrumb\",\"itemListElement\":[{\"@type\":\"ListItem\",\"position\":1,\"name\":\"Home\",\"item\":\"https:\\\/\\\/www.accuratereviews.com\\\/it\\\/\"},{\"@type\":\"ListItem\",\"position\":2,\"name\":\"Software per la gestione dei canali\",\"item\":\"https:\\\/\\\/www.accuratereviews.com\\\/it\\\/software-gestione-canali\\\/\"},{\"@type\":\"ListItem\",\"position\":3,\"name\":\"Cart Marketplace Management\"}]},{\"@type\":\"WebSite\",\"@id\":\"https:\\\/\\\/www.accuratereviews.com\\\/it\\\/#website\",\"url\":\"https:\\\/\\\/www.accuratereviews.com\\\/it\\\/\",\"name\":\"Accurate Reviews\",\"description\":\"\",\"potentialAction\":[{\"@type\":\"SearchAction\",\"target\":{\"@type\":\"EntryPoint\",\"urlTemplate\":\"https:\\\/\\\/www.accuratereviews.com\\\/it\\\/?s={search_term_string}\"},\"query-input\":{\"@type\":\"PropertyValueSpecification\",\"valueRequired\":true,\"valueName\":\"search_term_string\"}}],\"inLanguage\":\"it-IT\"}]}<\/script>\n<!-- \/ Yoast SEO plugin. -->","yoast_head_json":{"title":"Cart Marketplace Management: software gestione canale","description":"Cart Marketplace Management: recensione sistema di gestione del canale ecommerce per aggiornare e ottimizzare gli elenchi di prodotti.","robots":{"index":"index","follow":"follow","max-snippet":"max-snippet:-1","max-image-preview":"max-image-preview:large","max-video-preview":"max-video-preview:-1"},"canonical":"https:\/\/www.accuratereviews.com\/it\/software-gestione-canali\/cart-marketplace-management-recensione\/","og_locale":"it_IT","og_type":"article","og_title":"Cart Marketplace Management: software gestione canale","og_description":"Cart Marketplace Management: recensione sistema di gestione del canale ecommerce per aggiornare e ottimizzare gli elenchi di prodotti.","og_url":"https:\/\/www.accuratereviews.com\/it\/software-gestione-canali\/cart-marketplace-management-recensione\/","og_site_name":"Accurate Reviews","article_modified_time":"2023-01-19T21:45:04+00:00","og_image":[{"width":200,"height":200,"url":"https:\/\/www.accuratereviews.com\/wp-content\/uploads\/2023\/01\/Cart-Marketplace-Management.webp","type":"image\/webp"}],"twitter_card":"summary_large_image","twitter_misc":{"Tempo di lettura stimato":"4 minuti"},"schema":{"@context":"https:\/\/schema.org","@graph":[{"@type":"WebPage","@id":"https:\/\/www.accuratereviews.com\/it\/software-gestione-canali\/cart-marketplace-management-recensione\/","url":"https:\/\/www.accuratereviews.com\/it\/software-gestione-canali\/cart-marketplace-management-recensione\/","name":"Cart Marketplace Management: software gestione canale","isPartOf":{"@id":"https:\/\/www.accuratereviews.com\/it\/#website"},"primaryImageOfPage":{"@id":"https:\/\/www.accuratereviews.com\/it\/software-gestione-canali\/cart-marketplace-management-recensione\/#primaryimage"},"image":{"@id":"https:\/\/www.accuratereviews.com\/it\/software-gestione-canali\/cart-marketplace-management-recensione\/#primaryimage"},"thumbnailUrl":"https:\/\/www.accuratereviews.com\/wp-content\/uploads\/2023\/01\/Cart-Marketplace-Management.webp","datePublished":"2023-01-19T16:00:42+00:00","dateModified":"2023-01-19T21:45:04+00:00","description":"Cart Marketplace Management: recensione sistema di gestione del canale ecommerce per aggiornare e ottimizzare gli elenchi di prodotti.","breadcrumb":{"@id":"https:\/\/www.accuratereviews.com\/it\/software-gestione-canali\/cart-marketplace-management-recensione\/#breadcrumb"},"inLanguage":"it-IT","potentialAction":[{"@type":"ReadAction","target":["https:\/\/www.accuratereviews.com\/it\/software-gestione-canali\/cart-marketplace-management-recensione\/"]}]},{"@type":"ImageObject","inLanguage":"it-IT","@id":"https:\/\/www.accuratereviews.com\/it\/software-gestione-canali\/cart-marketplace-management-recensione\/#primaryimage","url":"https:\/\/www.accuratereviews.com\/wp-content\/uploads\/2023\/01\/Cart-Marketplace-Management.webp","contentUrl":"https:\/\/www.accuratereviews.com\/wp-content\/uploads\/2023\/01\/Cart-Marketplace-Management.webp","width":200,"height":200},{"@type":"BreadcrumbList","@id":"https:\/\/www.accuratereviews.com\/it\/software-gestione-canali\/cart-marketplace-management-recensione\/#breadcrumb","itemListElement":[{"@type":"ListItem","position":1,"name":"Home","item":"https:\/\/www.accuratereviews.com\/it\/"},{"@type":"ListItem","position":2,"name":"Software per la gestione dei canali","item":"https:\/\/www.accuratereviews.com\/it\/software-gestione-canali\/"},{"@type":"ListItem","position":3,"name":"Cart Marketplace Management"}]},{"@type":"WebSite","@id":"https:\/\/www.accuratereviews.com\/it\/#website","url":"https:\/\/www.accuratereviews.com\/it\/","name":"Accurate Reviews","description":"","potentialAction":[{"@type":"SearchAction","target":{"@type":"EntryPoint","urlTemplate":"https:\/\/www.accuratereviews.com\/it\/?s={search_term_string}"},"query-input":{"@type":"PropertyValueSpecification","valueRequired":true,"valueName":"search_term_string"}}],"inLanguage":"it-IT"}]}},"_links":{"self":[{"href":"https:\/\/www.accuratereviews.com\/it\/wp-json\/wp\/v2\/pages\/66307","targetHints":{"allow":["GET"]}}],"collection":[{"href":"https:\/\/www.accuratereviews.com\/it\/wp-json\/wp\/v2\/pages"}],"about":[{"href":"https:\/\/www.accuratereviews.com\/it\/wp-json\/wp\/v2\/types\/page"}],"author":[{"embeddable":true,"href":"https:\/\/www.accuratereviews.com\/it\/wp-json\/wp\/v2\/users\/19"}],"replies":[{"embeddable":true,"href":"https:\/\/www.accuratereviews.com\/it\/wp-json\/wp\/v2\/comments?post=66307"}],"version-history":[{"count":10,"href":"https:\/\/www.accuratereviews.com\/it\/wp-json\/wp\/v2\/pages\/66307\/revisions"}],"predecessor-version":[{"id":66378,"href":"https:\/\/www.accuratereviews.com\/it\/wp-json\/wp\/v2\/pages\/66307\/revisions\/66378"}],"up":[{"embeddable":true,"href":"https:\/\/www.accuratereviews.com\/it\/wp-json\/wp\/v2\/pages\/65711"}],"wp:featuredmedia":[{"embeddable":true,"href":"https:\/\/www.accuratereviews.com\/it\/wp-json\/wp\/v2\/media\/66327"}],"wp:attachment":[{"href":"https:\/\/www.accuratereviews.com\/it\/wp-json\/wp\/v2\/media?parent=66307"}],"wp:term":[{"taxonomy":"category","embeddable":true,"href":"https:\/\/www.accuratereviews.com\/it\/wp-json\/wp\/v2\/categories?post=66307"},{"taxonomy":"post_tag","embeddable":true,"href":"https:\/\/www.accuratereviews.com\/it\/wp-json\/wp\/v2\/tags?post=66307"},{"taxonomy":"features","embeddable":true,"href":"https:\/\/www.accuratereviews.com\/it\/wp-json\/wp\/v2\/features?post=66307"}],"curies":[{"name":"wp","href":"https:\/\/api.w.org\/{rel}","templated":true}]}}