{"id":66309,"date":"2023-01-19T15:55:31","date_gmt":"2023-01-19T15:55:31","guid":{"rendered":"https:\/\/www.accuratereviews.com\/?page_id=66309"},"modified":"2023-01-19T15:55:31","modified_gmt":"2023-01-19T15:55:31","slug":"booking-automation-recensione","status":"publish","type":"page","link":"https:\/\/www.accuratereviews.com\/it\/software-gestione-canali\/booking-automation-recensione\/","title":{"rendered":"Booking Automation"},"content":{"rendered":"<p><strong>Booking Automation<\/strong> \u00e8 un <strong>software di gestione dei canali<\/strong> e delle propriet\u00e0 che aiuta le aziende a gestire le operazioni di reception, pulizia, prenotazione online ed elaborazione dei pagamenti su pi\u00f9 propriet\u00e0. Il modulo di comunicazione consente ai dipendenti di creare moduli di registrazione personalizzati e impostare trigger automatici per inviare email di conferma personalizzate.\u00a0L&#8217;automazione della prenotazione consente ai supervisori di configurare i prezzi delle camere e dei servizi, offrire codici promozionali e impostare tassi di sconto, facilitando il coinvolgimento e la fidelizzazione degli ospiti.<br \/>\nLa funzionalit\u00e0 di gestione delle camere consente ai dipendenti della reception di gestire i processi relativi all&#8217;assegnazione delle camere, al monitoraggio della disponibilit\u00e0, al check-in degli ospiti, alla gestione del database degli ospiti e alla creazione del layout delle camere. Gli amministratori possono configurare i diritti di accesso basati sui ruoli e utilizzare la crittografia basata su SSL per garantire un&#8217;esperienza utente sicura.<\/p>\n<h2>BOOKING AUTOMATION &#8211; TUTORIAL<\/h2>\n<div id=\"fluid-wrapper-counter-1\" class=\"g1-fluid-wrapper \" style=\"width:686px;\">\n<div style=\"padding-bottom:56.268221574344%;\"><iframe loading=\"lazy\" title=\"Map and integrate Booking Automation and Booking.com\" width=\"515\" height=\"386\" src=\"https:\/\/www.youtube.com\/embed\/Y-wjnzM7rIg?feature=oembed&amp;wmode=transparent&amp;autohide=1&amp;autoplay=0&amp;disablekb=0&amp;fs=1&amp;loop=0&amp;enablejsapi=1&amp;rel=0&amp;controls=2&amp;showinfo=0&amp;wmode=transparent&amp;autohide=2&amp;autoplay=0&amp;disablekb=0&amp;fs=1&amp;loop=0&amp;enablejsapi=1&amp;rel=0&amp;controls=2&amp;showinfo=1\" frameborder=\"0\" allow=\"accelerometer; autoplay; clipboard-write; encrypted-media; gyroscope; picture-in-picture; web-share\" allowfullscreen><\/iframe><\/div>\n<\/div>\n<h3>BOOKING AUTOMATION &#8211; CARATTERISTICHE<\/h3>\n<ul>\n<li><strong>Responsabile del canale<\/strong>: connessioni XML\/API bidirezionali con le principali OTA. Esporta l&#8217;inventario e i prezzi e importa le prenotazioni all&#8217;istante. Sono disponibili anche funzionalit\u00e0 di sincronizzazione iCal.<\/li>\n<li><strong>Comunicazione<\/strong>: invia automaticamente email personalizzate agli ospiti. Automatizza i trigger email.<\/li>\n<li><strong>Prenotazioni senza commissioni<\/strong>: offri ai tuoi ospiti un&#8217;esperienza di prenotazione facile e veloce con 2 clic. La pagina di prenotazione \u00e8 sicura, completamente personalizzabile e ottimizzata per i dispositivi mobili.<\/li>\n<li><strong>Pagamenti in linea<\/strong>: le connessioni ai gateway di pagamento consentono di accettare pagamenti con carta di credito o Paypal dagli ospiti. Puoi anche raccogliere in modo sicuro i dettagli della carta di credito e addebitare la carta internamente.<\/li>\n<li><strong>Gestione del rendimento<\/strong>: regola automaticamente i prezzi in base alla disponibilit\u00e0 e al tempo prima del check-in per massimizzare le entrate su tutti i canali di prenotazione.<\/li>\n<li><strong>Rapporti e analisi<\/strong>: genera report standard e personalizzati. Traccia l&#8217;origine delle prenotazioni.<\/li>\n<li><strong>Molteplici propriet\u00e0<\/strong>: funzioni di agenzia, accessi multipli e account secondari per gestire pi\u00f9 propriet\u00e0.<\/li>\n<li><strong>Sconti<\/strong>: offri prezzi speciali aggiuntivi, ad esempio una tariffa scontata non rimborsabile.<\/li>\n<li><strong>Applicazione Facebook<\/strong>: app di Facebook per accettare prenotazioni online senza commissioni direttamente dalla tua pagina Facebook.<\/li>\n<li><strong>Prenotazioni da TripAdvisor:<\/strong> in qualit\u00e0 di partner premium TripConnect certificato, la soluzione ti consente di accettare prenotazioni direttamente da TripAdvisor.<\/li>\n<li><strong>Plug-in WordPress<\/strong>: un plug-in di WordPress semplifica l&#8217;installazione del software di prenotazione su WordPress.<\/li>\n<li><strong>Recensioni:<\/strong> raccogli automaticamente recensioni da TripAdvisor.<\/li>\n<li><strong>Fatture<\/strong>: calcola automaticamente gli addebiti e genera fatture personalizzate.<\/li>\n<li><strong>Registrazione degli ospiti:<\/strong> genera e stampa automaticamente i moduli di registrazione degli ospiti.<\/li>\n<li><strong>Regole e restrizioni:<\/strong> ricevi prenotazioni istantanee o richieste di prenotazione. Imposta soggiorni minimi e massimi. Applicare regole speciali per determinati periodi e stagioni.<\/li>\n<li><strong>Multi lingua<\/strong>: consenti ai tuoi ospiti di prenotare nella loro lingua. Sono supportate oltre 20 lingue.<\/li>\n<li><strong>Widget di prenotazione<\/strong>: scegli tra una variet\u00e0 di widget di prenotazione e calendari di disponibilit\u00e0.<\/li>\n<li><strong>Gestione della sala<\/strong>: le funzioni di gestione della reception includono l&#8217;assegnazione delle camere e la gestione delle camere.<\/li>\n<li><strong>Notifiche<\/strong>: ricevi automaticamente notifiche ogni volta che c&#8217;\u00e8 una nuova prenotazione.<\/li>\n<li><strong>Gestione degli ospiti:<\/strong> memorizza le informazioni sugli ospiti in un unico posto.<\/li>\n<li><strong>Basato sul cloud:<\/strong> accedi ovunque e in qualsiasi momento da qualsiasi computer o cellulare con una connessione Internet. Non \u00e8 necessario installare software o eseguire aggiornamenti.<\/li>\n<li><strong>Sicuro:<\/strong> la crittografia SSL a 256 bit trasmette tutti i dati in modo sicuro. I backup regolari assicurano che i tuoi dati siano sempre al sicuro.<\/li>\n<li><strong>Personalizzabile<\/strong>: personalizza l&#8217;aspetto del modulo di prenotazione online, delle email, delle fatture e delle impostazioni.<\/li>\n<\/ul>\n<h4>LE RECENSIONI DEGLI UTENTI<\/h4>\n<p><strong>Anthony &#8220;Estremamente potente!&#8221;<\/strong><br \/>\n<strong>Commenti<\/strong>: Davvero buono, potrei configurare pi\u00f9 unit\u00e0, prezzi, automazione.\u00a0Questo \u00e8 davvero potente per un prezzo competitivo!<br \/>\n<strong>Pro<\/strong>: Devo dire che questo strumento \u00e8 estremamente potente. Pu\u00f2 fare quasi tutto ci\u00f2 che vuoi!<br \/>\n<strong>Contro<\/strong>: Pu\u00f2 essere travolgente all&#8217;inizio, ma quando lo superi, vedrai un cambiamento!<\/p>\n<p><strong>Jordan &#8220;Servizio clienti incredibile!&#8221;<\/strong><br \/>\n<strong>Commenti<\/strong>: L&#8217;esperienza del servizio clienti 24 ore su 24, 7 giorni su 7, \u00e8 sorprendente. Non solo le risposte sono tempestive e complete, ma lo staff fa anche di tutto per ricercare la mia domanda prima di fornire una descrizione dettagliata con schermate illustrate per guidarmi passo dopo passo. In un caso, il rappresentante del servizio clienti mi ha fornito un video narrato che mi guidava attraverso il processo del mio account reale. Capacit\u00e0 e impegno nell&#8217;aiutare i manager a diventare autonomi con il loro software.<br \/>\n<strong>Pro<\/strong>: Il servizio clienti \u00e8 sensazionale&#8230; crea piena fiducia nella mia capacit\u00e0 di padroneggiare la piena utilit\u00e0 del software<br \/>\n<strong>Contro<\/strong>: La personalizzazione \u00e8 utile alla fine, ma travolgente per un principiante con il software. Apprezzerei pi\u00f9 consigli per le impostazioni predefinite critiche durante l&#8217;assistenza all&#8217;onboarding<\/p>\n<p><strong>G G &#8220;Ottimo software se desideri automatizzare la tua attivit\u00e0&#8221;<\/strong><br \/>\n<strong>Commenti<\/strong>: ottimo servizio ottimo team super veloce quando ne hai bisogno, ad essere onesti, devi provarlo se vuoi crescere nella tua attivit\u00e0<br \/>\n<strong>Pro<\/strong>: la quantit\u00e0 di opzioni che hai per tutto<br \/>\n<strong>Contro<\/strong>: che non hanno una casella di posta unificata ma ci stanno gi\u00e0 lavorando e presto verranno rilasciati :)<\/p>\n","protected":false},"excerpt":{"rendered":"<p>Booking Automation \u00e8 un software di gestione dei canali e delle propriet\u00e0 che aiuta le aziende a gestire le operazioni di reception, pulizia, prenotazione online ed elaborazione dei pagamenti su pi\u00f9 propriet\u00e0. Il modulo di comunicazione consente ai dipendenti di creare moduli di registrazione personalizzati e impostare trigger automatici per inviare email di conferma personalizzate.\u00a0<\/p>\n","protected":false},"author":19,"featured_media":66311,"parent":65711,"menu_order":0,"comment_status":"open","ping_status":"closed","template":"g1_template_page_review_new.php","meta":{"_acf_changed":false,"cwp_meta_box_check":"Yes","cwp_rev_product_name":"","cwp_rev_product_image":"","wppr_links":[],"cwp_rev_price":"0.00","wppr_options":[{"name":"Usability","value":"0"},{"name":"Speed","value":"0"},{"name":"Features","value":"0"},{"name":"Support","value":"0"},{"name":"Pricing","value":"0"}],"wppr_pros":["","","","",""],"wppr_cons":["","","","",""],"_monsterinsights_skip_tracking":false,"_monsterinsights_sitenote_active":false,"_monsterinsights_sitenote_note":"","_monsterinsights_sitenote_category":0,"footnotes":""},"categories":[13985],"tags":[14051,14010,13991,13990,13988,13992],"features":[],"class_list":{"0":"post-66309","1":"page","2":"type-page","3":"status-publish","4":"has-post-thumbnail","6":"category-software-gestione-canali-cat","7":"tag-booking-automation","8":"tag-gestione-canali","9":"tag-piattaforma-gestione-canali","10":"tag-programma-gestione-canali","11":"tag-software-gestione-canali","12":"tag-soluzione-gestione-canali"},"wppr_data":{"cwp_meta_box_check":"Yes","_wppr_review_template":"default","cwp_rev_product_image":"","cwp_image_link":"image","wppr_links":[],"cwp_rev_price":"0.00","wppr_pros":["","","","",""],"wppr_cons":["","","","",""],"wppr_rating":"0.00","wppr_options":{"1":{"name":"Usability","value":"0"},"2":{"name":"Speed","value":"0"},"3":{"name":"Features","value":"0"},"4":{"name":"Support","value":"0"},"5":{"name":"Pricing","value":"0"}},"wppr_review_type":"Product","wppr_review_custom_fields":{"additionalProperty":"","additionalType":"","aggregateRating":"","alternateName":"","audience":"","award":"","awards":"","brand":"","color":"","depth":"","description":"","disambiguatingDescription":"","gtin12":"","gtin13":"","gtin14":"","gtin8":"","height":"","identifier":"","image":"","isAccessoryOrSparePartFor":"","isConsumableFor":"","isRelatedTo":"","isSimilarTo":"","itemCondition":"","logo":"","mainEntityOfPage":"","manufacturer":"","material":"","model":"","mpn":"","name":"","offers":"","potentialAction":"","productID":"","productionDate":"","purchaseDate":"","releaseDate":"","review":"","reviews":"","sameAs":"","sku":"","slogan":"","subjectOf":"","url":"","weight":"","width":""}},"acf":[],"yoast_head":"<!-- This site is optimized with the Yoast SEO plugin v27.4 - https:\/\/yoast.com\/product\/yoast-seo-wordpress\/ -->\n<title>Booking Automation: software gestione canali - Accurate Reviews<\/title>\n<meta name=\"description\" content=\"Booking Automation: recensione software di gestione dei canali e delle propriet\u00e0 che aiuta le aziende a gestire le operazioni amministrative.\" \/>\n<meta name=\"robots\" content=\"index, follow, max-snippet:-1, max-image-preview:large, max-video-preview:-1\" \/>\n<link rel=\"canonical\" href=\"https:\/\/www.accuratereviews.com\/it\/software-gestione-canali\/booking-automation-recensione\/\" \/>\n<meta property=\"og:locale\" content=\"it_IT\" \/>\n<meta property=\"og:type\" content=\"article\" \/>\n<meta property=\"og:title\" content=\"Booking Automation: software gestione canali - Accurate Reviews\" \/>\n<meta property=\"og:description\" content=\"Booking Automation: recensione software di gestione dei canali e delle propriet\u00e0 che aiuta le aziende a gestire le operazioni amministrative.\" \/>\n<meta property=\"og:url\" content=\"https:\/\/www.accuratereviews.com\/it\/software-gestione-canali\/booking-automation-recensione\/\" \/>\n<meta property=\"og:site_name\" content=\"Accurate Reviews\" \/>\n<meta property=\"og:image\" content=\"https:\/\/www.accuratereviews.com\/wp-content\/uploads\/2023\/01\/Booking-Automation.jpeg\" \/>\n\t<meta property=\"og:image:width\" content=\"1200\" \/>\n\t<meta property=\"og:image:height\" content=\"800\" \/>\n\t<meta property=\"og:image:type\" content=\"image\/jpeg\" \/>\n<meta name=\"twitter:card\" content=\"summary_large_image\" \/>\n<meta name=\"twitter:label1\" content=\"Tempo di lettura stimato\" \/>\n\t<meta name=\"twitter:data1\" content=\"5 minuti\" \/>\n<script type=\"application\/ld+json\" class=\"yoast-schema-graph\">{\"@context\":\"https:\\\/\\\/schema.org\",\"@graph\":[{\"@type\":\"WebPage\",\"@id\":\"https:\\\/\\\/www.accuratereviews.com\\\/it\\\/software-gestione-canali\\\/booking-automation-recensione\\\/\",\"url\":\"https:\\\/\\\/www.accuratereviews.com\\\/it\\\/software-gestione-canali\\\/booking-automation-recensione\\\/\",\"name\":\"Booking Automation: software gestione canali - Accurate Reviews\",\"isPartOf\":{\"@id\":\"https:\\\/\\\/www.accuratereviews.com\\\/it\\\/#website\"},\"primaryImageOfPage\":{\"@id\":\"https:\\\/\\\/www.accuratereviews.com\\\/it\\\/software-gestione-canali\\\/booking-automation-recensione\\\/#primaryimage\"},\"image\":{\"@id\":\"https:\\\/\\\/www.accuratereviews.com\\\/it\\\/software-gestione-canali\\\/booking-automation-recensione\\\/#primaryimage\"},\"thumbnailUrl\":\"https:\\\/\\\/www.accuratereviews.com\\\/wp-content\\\/uploads\\\/2023\\\/01\\\/Booking-Automation.jpeg\",\"datePublished\":\"2023-01-19T15:55:31+00:00\",\"description\":\"Booking Automation: recensione software di gestione dei canali e delle propriet\u00e0 che aiuta le aziende a gestire le operazioni amministrative.\",\"breadcrumb\":{\"@id\":\"https:\\\/\\\/www.accuratereviews.com\\\/it\\\/software-gestione-canali\\\/booking-automation-recensione\\\/#breadcrumb\"},\"inLanguage\":\"it-IT\",\"potentialAction\":[{\"@type\":\"ReadAction\",\"target\":[\"https:\\\/\\\/www.accuratereviews.com\\\/it\\\/software-gestione-canali\\\/booking-automation-recensione\\\/\"]}]},{\"@type\":\"ImageObject\",\"inLanguage\":\"it-IT\",\"@id\":\"https:\\\/\\\/www.accuratereviews.com\\\/it\\\/software-gestione-canali\\\/booking-automation-recensione\\\/#primaryimage\",\"url\":\"https:\\\/\\\/www.accuratereviews.com\\\/wp-content\\\/uploads\\\/2023\\\/01\\\/Booking-Automation.jpeg\",\"contentUrl\":\"https:\\\/\\\/www.accuratereviews.com\\\/wp-content\\\/uploads\\\/2023\\\/01\\\/Booking-Automation.jpeg\",\"width\":1200,\"height\":800},{\"@type\":\"BreadcrumbList\",\"@id\":\"https:\\\/\\\/www.accuratereviews.com\\\/it\\\/software-gestione-canali\\\/booking-automation-recensione\\\/#breadcrumb\",\"itemListElement\":[{\"@type\":\"ListItem\",\"position\":1,\"name\":\"Home\",\"item\":\"https:\\\/\\\/www.accuratereviews.com\\\/it\\\/\"},{\"@type\":\"ListItem\",\"position\":2,\"name\":\"Software per la gestione dei canali\",\"item\":\"https:\\\/\\\/www.accuratereviews.com\\\/it\\\/software-gestione-canali\\\/\"},{\"@type\":\"ListItem\",\"position\":3,\"name\":\"Booking Automation\"}]},{\"@type\":\"WebSite\",\"@id\":\"https:\\\/\\\/www.accuratereviews.com\\\/it\\\/#website\",\"url\":\"https:\\\/\\\/www.accuratereviews.com\\\/it\\\/\",\"name\":\"Accurate Reviews\",\"description\":\"\",\"potentialAction\":[{\"@type\":\"SearchAction\",\"target\":{\"@type\":\"EntryPoint\",\"urlTemplate\":\"https:\\\/\\\/www.accuratereviews.com\\\/it\\\/?s={search_term_string}\"},\"query-input\":{\"@type\":\"PropertyValueSpecification\",\"valueRequired\":true,\"valueName\":\"search_term_string\"}}],\"inLanguage\":\"it-IT\"}]}<\/script>\n<!-- \/ Yoast SEO plugin. -->","yoast_head_json":{"title":"Booking Automation: software gestione canali - Accurate Reviews","description":"Booking Automation: recensione software di gestione dei canali e delle propriet\u00e0 che aiuta le aziende a gestire le operazioni amministrative.","robots":{"index":"index","follow":"follow","max-snippet":"max-snippet:-1","max-image-preview":"max-image-preview:large","max-video-preview":"max-video-preview:-1"},"canonical":"https:\/\/www.accuratereviews.com\/it\/software-gestione-canali\/booking-automation-recensione\/","og_locale":"it_IT","og_type":"article","og_title":"Booking Automation: software gestione canali - Accurate Reviews","og_description":"Booking Automation: recensione software di gestione dei canali e delle propriet\u00e0 che aiuta le aziende a gestire le operazioni amministrative.","og_url":"https:\/\/www.accuratereviews.com\/it\/software-gestione-canali\/booking-automation-recensione\/","og_site_name":"Accurate Reviews","og_image":[{"width":1200,"height":800,"url":"https:\/\/www.accuratereviews.com\/wp-content\/uploads\/2023\/01\/Booking-Automation.jpeg","type":"image\/jpeg"}],"twitter_card":"summary_large_image","twitter_misc":{"Tempo di lettura stimato":"5 minuti"},"schema":{"@context":"https:\/\/schema.org","@graph":[{"@type":"WebPage","@id":"https:\/\/www.accuratereviews.com\/it\/software-gestione-canali\/booking-automation-recensione\/","url":"https:\/\/www.accuratereviews.com\/it\/software-gestione-canali\/booking-automation-recensione\/","name":"Booking Automation: software gestione canali - Accurate Reviews","isPartOf":{"@id":"https:\/\/www.accuratereviews.com\/it\/#website"},"primaryImageOfPage":{"@id":"https:\/\/www.accuratereviews.com\/it\/software-gestione-canali\/booking-automation-recensione\/#primaryimage"},"image":{"@id":"https:\/\/www.accuratereviews.com\/it\/software-gestione-canali\/booking-automation-recensione\/#primaryimage"},"thumbnailUrl":"https:\/\/www.accuratereviews.com\/wp-content\/uploads\/2023\/01\/Booking-Automation.jpeg","datePublished":"2023-01-19T15:55:31+00:00","description":"Booking Automation: recensione software di gestione dei canali e delle propriet\u00e0 che aiuta le aziende a gestire le operazioni amministrative.","breadcrumb":{"@id":"https:\/\/www.accuratereviews.com\/it\/software-gestione-canali\/booking-automation-recensione\/#breadcrumb"},"inLanguage":"it-IT","potentialAction":[{"@type":"ReadAction","target":["https:\/\/www.accuratereviews.com\/it\/software-gestione-canali\/booking-automation-recensione\/"]}]},{"@type":"ImageObject","inLanguage":"it-IT","@id":"https:\/\/www.accuratereviews.com\/it\/software-gestione-canali\/booking-automation-recensione\/#primaryimage","url":"https:\/\/www.accuratereviews.com\/wp-content\/uploads\/2023\/01\/Booking-Automation.jpeg","contentUrl":"https:\/\/www.accuratereviews.com\/wp-content\/uploads\/2023\/01\/Booking-Automation.jpeg","width":1200,"height":800},{"@type":"BreadcrumbList","@id":"https:\/\/www.accuratereviews.com\/it\/software-gestione-canali\/booking-automation-recensione\/#breadcrumb","itemListElement":[{"@type":"ListItem","position":1,"name":"Home","item":"https:\/\/www.accuratereviews.com\/it\/"},{"@type":"ListItem","position":2,"name":"Software per la gestione dei canali","item":"https:\/\/www.accuratereviews.com\/it\/software-gestione-canali\/"},{"@type":"ListItem","position":3,"name":"Booking Automation"}]},{"@type":"WebSite","@id":"https:\/\/www.accuratereviews.com\/it\/#website","url":"https:\/\/www.accuratereviews.com\/it\/","name":"Accurate Reviews","description":"","potentialAction":[{"@type":"SearchAction","target":{"@type":"EntryPoint","urlTemplate":"https:\/\/www.accuratereviews.com\/it\/?s={search_term_string}"},"query-input":{"@type":"PropertyValueSpecification","valueRequired":true,"valueName":"search_term_string"}}],"inLanguage":"it-IT"}]}},"_links":{"self":[{"href":"https:\/\/www.accuratereviews.com\/it\/wp-json\/wp\/v2\/pages\/66309","targetHints":{"allow":["GET"]}}],"collection":[{"href":"https:\/\/www.accuratereviews.com\/it\/wp-json\/wp\/v2\/pages"}],"about":[{"href":"https:\/\/www.accuratereviews.com\/it\/wp-json\/wp\/v2\/types\/page"}],"author":[{"embeddable":true,"href":"https:\/\/www.accuratereviews.com\/it\/wp-json\/wp\/v2\/users\/19"}],"replies":[{"embeddable":true,"href":"https:\/\/www.accuratereviews.com\/it\/wp-json\/wp\/v2\/comments?post=66309"}],"version-history":[{"count":14,"href":"https:\/\/www.accuratereviews.com\/it\/wp-json\/wp\/v2\/pages\/66309\/revisions"}],"predecessor-version":[{"id":66358,"href":"https:\/\/www.accuratereviews.com\/it\/wp-json\/wp\/v2\/pages\/66309\/revisions\/66358"}],"up":[{"embeddable":true,"href":"https:\/\/www.accuratereviews.com\/it\/wp-json\/wp\/v2\/pages\/65711"}],"wp:featuredmedia":[{"embeddable":true,"href":"https:\/\/www.accuratereviews.com\/it\/wp-json\/wp\/v2\/media\/66311"}],"wp:attachment":[{"href":"https:\/\/www.accuratereviews.com\/it\/wp-json\/wp\/v2\/media?parent=66309"}],"wp:term":[{"taxonomy":"category","embeddable":true,"href":"https:\/\/www.accuratereviews.com\/it\/wp-json\/wp\/v2\/categories?post=66309"},{"taxonomy":"post_tag","embeddable":true,"href":"https:\/\/www.accuratereviews.com\/it\/wp-json\/wp\/v2\/tags?post=66309"},{"taxonomy":"features","embeddable":true,"href":"https:\/\/www.accuratereviews.com\/it\/wp-json\/wp\/v2\/features?post=66309"}],"curies":[{"name":"wp","href":"https:\/\/api.w.org\/{rel}","templated":true}]}}