{"id":66334,"date":"2023-01-19T12:49:03","date_gmt":"2023-01-19T12:49:03","guid":{"rendered":"https:\/\/www.accuratereviews.com\/?page_id=66334"},"modified":"2023-01-19T13:19:07","modified_gmt":"2023-01-19T13:19:07","slug":"shoppingfeed-recensione","status":"publish","type":"page","link":"https:\/\/www.accuratereviews.com\/it\/software-gestione-canali\/shoppingfeed-recensione\/","title":{"rendered":"Shoppingfeed"},"content":{"rendered":"<p class=\"h5 fw-bold mb-2\"><strong>Shoppingfeed<\/strong>\u00a0\u00e8 un <strong>software per la gestione dei canali<\/strong> che consente l&#8217;accesso a pi\u00f9 di 1000 portali, tra i pi\u00f9 famosi troviamo: Amazon, Instagram, Facebook, Snapchat, Bing, Etsy, eBay, Google Shopping ePinterest. Si rivolge a tutti i commercianti che utilizzano piattaforme ecommerce per vendere i propri prodotti e che necessitano maggiore visibilit\u00e0 anche su questi grossi marketplace.<br \/>\n<strong>Shoppingfeed\u00a0<\/strong>fornisce numerosi strumenti in grado di supportarti nell&#8217;automazione dell&#8217;inventario, nella sincronizzazione degli ordini e nell&#8217;indicizzazione degli articoli. In questo modo apparirai nella prima pagina dei risultati di ricerca su ogni canale!<\/p>\n<h2>SHOPPINGFEED &#8211; VIDEO INTRODUTTIVO<\/h2>\n<div id=\"fluid-wrapper-counter-1\" class=\"g1-fluid-wrapper \" style=\"width:686px;\">\n<div style=\"padding-bottom:56.268221574344%;\"><iframe loading=\"lazy\" title=\"Shoppingfeed - 1,000+ channels for your e-commerce\" width=\"686\" height=\"386\" src=\"https:\/\/www.youtube.com\/embed\/FqwbIsi_IzQ?feature=oembed&amp;wmode=transparent&amp;autohide=1&amp;autoplay=0&amp;disablekb=0&amp;fs=1&amp;loop=0&amp;enablejsapi=1&amp;rel=0&amp;controls=2&amp;showinfo=0&amp;wmode=transparent&amp;autohide=2&amp;autoplay=0&amp;disablekb=0&amp;fs=1&amp;loop=0&amp;enablejsapi=1&amp;rel=0&amp;controls=2&amp;showinfo=1\" frameborder=\"0\" allow=\"accelerometer; autoplay; clipboard-write; encrypted-media; gyroscope; picture-in-picture; web-share\" allowfullscreen><\/iframe><\/div>\n<\/div>\n<h3>SHOPPINGFEED &#8211; CARATTERISTICHE<\/h3>\n<ul>\n<li><strong>Amazon Vendor Central<\/strong>: il feed pu\u00f2 organizzare e stabilire i dati appropriati all&#8217;interno del tuo account Amazon Vendor Central.<\/li>\n<li><strong>Google Shopping<\/strong>: lascia che gli specialisti ti aiutino con il programma Buy-on-Google e con l&#8217;impostazione degli annunci Local Inventory.<\/li>\n<li><strong>Rules Engine<\/strong>: trasforma facilmente i tuoi dati per arricchire le tue inserzioni di mercato e i tuoi annunci.<\/li>\n<li><strong>Shopify Metafields<\/strong>: ottimizza ulteriormente le inserzioni dei canali con i dati aggiuntivi di Shopify.<\/li>\n<li><strong>Social Ads<\/strong>: sfrutta l&#8217;intero potenziale di pubblico delle maggiori piattaforme sociali.<\/li>\n<li><strong>Web-to-store<\/strong>: crea traffico nei tuoi punti vendita distribuendo campagne online e offline.<\/li>\n<li><strong>Product Ads<\/strong>: aumenta il tasso di clic ottimizzando la presentazione dei prodotti.<\/li>\n<li><strong>Affiliazione<\/strong>: aumenta la visibilit\u00e0 della tua offerta adattando la tua selezione alle aspettative dei tuoi affiliati.<\/li>\n<li><strong>Retargeting<\/strong>: rivolgiti agli utenti di Internet che hanno gi\u00e0 mostrato interesse per i tuoi prodotti.<\/li>\n<li><strong>Comparatori<\/strong>: beneficia del traffico qualificato dei comparatori generali o specializzati.<\/li>\n<\/ul>\n<h4>LE RECENSIONI DEGLI UTENTI<\/h4>\n<p><strong>Sies &#8220;Adoro l&#8217;applicazione dopo averci fatto l&#8217;abitudine&#8221;.<\/strong><br \/>\nPro: Pu\u00f2 sincronizzare l&#8217;inventario su pi\u00f9 canali. Ci fa risparmiare tempo e lavoro. E quando vogliamo vendere un nuovo articolo, dobbiamo solo creare l&#8217;articolo in Shopify e poi sar\u00e0 Shopping feed a caricare le informazioni su diversi canali. Anche se Amazon ha una regola rigorosa per la creazione di nuovi annunci e la sincronizzazione degli annunci. Shopping feed ha fatto un ottimo lavoro.<br \/>\nContro: Ci vuole un po&#8217; di tempo per imparare a usare l&#8217;app. Soprattutto per il canale Amazon. Quindi all&#8217;inizio \u00e8 necessario un po&#8217; di formazione. Fortunatamente, il servizio clienti di Shopping Feed \u00e8 ottimo. Sono molto pazienti. Altrimenti, avremmo abbandonato l&#8217;app prima di aver capito come usarla.<\/p>\n<p><strong>Jonathan &#8220;Strumenti efficaci e grande assistenza&#8221;.<\/strong><br \/>\nPro: Utilizziamo Shopping Feed per collegare i prodotti di Shopify a vari canali di acquisto e per sincronizzare gli ordini effettuati su Amazon Marketplace. Gli strumenti sono abbastanza facili da usare e vengono spesso migliorati. Il filtraggio e l&#8217;elaborazione dei dati dei prodotti sono molto semplici da usare. Shopping Feed offre un&#8217;assistenza clienti tra le pi\u00f9 personali e dirette di tutte le applicazioni che utilizziamo nell&#8217;ecosistema Shopify. Nel complesso, siamo molto soddisfatti del valore dell&#8217;app.<br \/>\nContro: Non abbiamo avuto esperienze negative di cui parlare.<\/p>\n<p><strong>Dan &#8220;Shopping Feed per Google Shopping&#8221;<\/strong><br \/>\nCommenti: Abbastanza positivo.<br \/>\nPro: Il prezzo e l&#8217;assistenza clienti. Shoppingfeed e gli altri sono stati puntuali nel supportarci.<br \/>\nContro: L&#8217;interfaccia utente, a volte non completa. A volte ci sono parole che non sono state tradotte dal francese.<\/p>\n","protected":false},"excerpt":{"rendered":"<p>Shoppingfeed\u00a0\u00e8 un software per la gestione dei canali che consente l&#8217;accesso a pi\u00f9 di 1000 portali, tra i pi\u00f9 famosi troviamo: Amazon, Instagram, Facebook, Snapchat, Bing, Etsy, eBay, Google Shopping ePinterest. Si rivolge a tutti i commercianti che utilizzano piattaforme ecommerce per vendere i propri prodotti e che necessitano maggiore visibilit\u00e0 anche su questi grossi marketplace.<\/p>\n","protected":false},"author":17,"featured_media":66335,"parent":65711,"menu_order":0,"comment_status":"open","ping_status":"closed","template":"g1_template_page_review_new.php","meta":{"_acf_changed":false,"cwp_meta_box_check":"No","cwp_rev_product_name":"","cwp_rev_product_image":"","wppr_links":[],"cwp_rev_price":"","wppr_options":[],"wppr_pros":[],"wppr_cons":[],"_monsterinsights_skip_tracking":false,"_monsterinsights_sitenote_active":false,"_monsterinsights_sitenote_note":"","_monsterinsights_sitenote_category":0,"footnotes":""},"categories":[13985],"tags":[1762,13989,13991,14025,13987,13992],"features":[],"class_list":{"0":"post-66334","1":"page","2":"type-page","3":"status-publish","4":"has-post-thumbnail","6":"category-software-gestione-canali-cat","7":"tag-channel-manager","8":"tag-gestione-dei-canali","9":"tag-piattaforma-gestione-canali","10":"tag-programma-gestioni-canali","11":"tag-software-per-la-gestione-dei-canali","12":"tag-soluzione-gestione-canali"},"wppr_data":{"cwp_meta_box_check":"No"},"acf":[],"yoast_head":"<!-- This site is optimized with the Yoast SEO plugin v27.4 - https:\/\/yoast.com\/product\/yoast-seo-wordpress\/ -->\n<title>Shoppingfeed: recensione software gestione canali - AR<\/title>\n<meta name=\"description\" content=\"Shoppingfeed: recensione del software per la gestione dei canali che consente l&#039;accesso a pi\u00f9 di 1000 portali.\" \/>\n<meta name=\"robots\" content=\"index, follow, max-snippet:-1, max-image-preview:large, max-video-preview:-1\" \/>\n<link rel=\"canonical\" href=\"https:\/\/www.accuratereviews.com\/it\/software-gestione-canali\/shoppingfeed-recensione\/\" \/>\n<meta property=\"og:locale\" content=\"it_IT\" \/>\n<meta property=\"og:type\" content=\"article\" \/>\n<meta property=\"og:title\" content=\"Shoppingfeed: recensione software gestione canali - AR\" \/>\n<meta property=\"og:description\" content=\"Shoppingfeed: recensione del software per la gestione dei canali che consente l&#039;accesso a pi\u00f9 di 1000 portali.\" \/>\n<meta property=\"og:url\" content=\"https:\/\/www.accuratereviews.com\/it\/software-gestione-canali\/shoppingfeed-recensione\/\" \/>\n<meta property=\"og:site_name\" content=\"Accurate Reviews\" \/>\n<meta property=\"article:modified_time\" content=\"2023-01-19T13:19:07+00:00\" \/>\n<meta property=\"og:image\" content=\"https:\/\/www.accuratereviews.com\/wp-content\/uploads\/2023\/01\/Unknown-1.png\" \/>\n\t<meta property=\"og:image:width\" content=\"225\" \/>\n\t<meta property=\"og:image:height\" content=\"225\" \/>\n\t<meta property=\"og:image:type\" content=\"image\/png\" \/>\n<meta name=\"twitter:card\" content=\"summary_large_image\" \/>\n<meta name=\"twitter:label1\" content=\"Tempo di lettura stimato\" \/>\n\t<meta name=\"twitter:data1\" content=\"3 minuti\" \/>\n<script type=\"application\/ld+json\" class=\"yoast-schema-graph\">{\"@context\":\"https:\\\/\\\/schema.org\",\"@graph\":[{\"@type\":\"WebPage\",\"@id\":\"https:\\\/\\\/www.accuratereviews.com\\\/it\\\/software-gestione-canali\\\/shoppingfeed-recensione\\\/\",\"url\":\"https:\\\/\\\/www.accuratereviews.com\\\/it\\\/software-gestione-canali\\\/shoppingfeed-recensione\\\/\",\"name\":\"Shoppingfeed: recensione software gestione canali - AR\",\"isPartOf\":{\"@id\":\"https:\\\/\\\/www.accuratereviews.com\\\/it\\\/#website\"},\"primaryImageOfPage\":{\"@id\":\"https:\\\/\\\/www.accuratereviews.com\\\/it\\\/software-gestione-canali\\\/shoppingfeed-recensione\\\/#primaryimage\"},\"image\":{\"@id\":\"https:\\\/\\\/www.accuratereviews.com\\\/it\\\/software-gestione-canali\\\/shoppingfeed-recensione\\\/#primaryimage\"},\"thumbnailUrl\":\"https:\\\/\\\/www.accuratereviews.com\\\/wp-content\\\/uploads\\\/2023\\\/01\\\/Unknown-1.png\",\"datePublished\":\"2023-01-19T12:49:03+00:00\",\"dateModified\":\"2023-01-19T13:19:07+00:00\",\"description\":\"Shoppingfeed: recensione del software per la gestione dei canali che consente l'accesso a pi\u00f9 di 1000 portali.\",\"breadcrumb\":{\"@id\":\"https:\\\/\\\/www.accuratereviews.com\\\/it\\\/software-gestione-canali\\\/shoppingfeed-recensione\\\/#breadcrumb\"},\"inLanguage\":\"it-IT\",\"potentialAction\":[{\"@type\":\"ReadAction\",\"target\":[\"https:\\\/\\\/www.accuratereviews.com\\\/it\\\/software-gestione-canali\\\/shoppingfeed-recensione\\\/\"]}]},{\"@type\":\"ImageObject\",\"inLanguage\":\"it-IT\",\"@id\":\"https:\\\/\\\/www.accuratereviews.com\\\/it\\\/software-gestione-canali\\\/shoppingfeed-recensione\\\/#primaryimage\",\"url\":\"https:\\\/\\\/www.accuratereviews.com\\\/wp-content\\\/uploads\\\/2023\\\/01\\\/Unknown-1.png\",\"contentUrl\":\"https:\\\/\\\/www.accuratereviews.com\\\/wp-content\\\/uploads\\\/2023\\\/01\\\/Unknown-1.png\",\"width\":225,\"height\":225},{\"@type\":\"BreadcrumbList\",\"@id\":\"https:\\\/\\\/www.accuratereviews.com\\\/it\\\/software-gestione-canali\\\/shoppingfeed-recensione\\\/#breadcrumb\",\"itemListElement\":[{\"@type\":\"ListItem\",\"position\":1,\"name\":\"Home\",\"item\":\"https:\\\/\\\/www.accuratereviews.com\\\/it\\\/\"},{\"@type\":\"ListItem\",\"position\":2,\"name\":\"Software per la gestione dei canali\",\"item\":\"https:\\\/\\\/www.accuratereviews.com\\\/it\\\/software-gestione-canali\\\/\"},{\"@type\":\"ListItem\",\"position\":3,\"name\":\"Shoppingfeed\"}]},{\"@type\":\"WebSite\",\"@id\":\"https:\\\/\\\/www.accuratereviews.com\\\/it\\\/#website\",\"url\":\"https:\\\/\\\/www.accuratereviews.com\\\/it\\\/\",\"name\":\"Accurate Reviews\",\"description\":\"\",\"potentialAction\":[{\"@type\":\"SearchAction\",\"target\":{\"@type\":\"EntryPoint\",\"urlTemplate\":\"https:\\\/\\\/www.accuratereviews.com\\\/it\\\/?s={search_term_string}\"},\"query-input\":{\"@type\":\"PropertyValueSpecification\",\"valueRequired\":true,\"valueName\":\"search_term_string\"}}],\"inLanguage\":\"it-IT\"}]}<\/script>\n<!-- \/ Yoast SEO plugin. -->","yoast_head_json":{"title":"Shoppingfeed: recensione software gestione canali - AR","description":"Shoppingfeed: recensione del software per la gestione dei canali che consente l'accesso a pi\u00f9 di 1000 portali.","robots":{"index":"index","follow":"follow","max-snippet":"max-snippet:-1","max-image-preview":"max-image-preview:large","max-video-preview":"max-video-preview:-1"},"canonical":"https:\/\/www.accuratereviews.com\/it\/software-gestione-canali\/shoppingfeed-recensione\/","og_locale":"it_IT","og_type":"article","og_title":"Shoppingfeed: recensione software gestione canali - AR","og_description":"Shoppingfeed: recensione del software per la gestione dei canali che consente l'accesso a pi\u00f9 di 1000 portali.","og_url":"https:\/\/www.accuratereviews.com\/it\/software-gestione-canali\/shoppingfeed-recensione\/","og_site_name":"Accurate Reviews","article_modified_time":"2023-01-19T13:19:07+00:00","og_image":[{"width":225,"height":225,"url":"https:\/\/www.accuratereviews.com\/wp-content\/uploads\/2023\/01\/Unknown-1.png","type":"image\/png"}],"twitter_card":"summary_large_image","twitter_misc":{"Tempo di lettura stimato":"3 minuti"},"schema":{"@context":"https:\/\/schema.org","@graph":[{"@type":"WebPage","@id":"https:\/\/www.accuratereviews.com\/it\/software-gestione-canali\/shoppingfeed-recensione\/","url":"https:\/\/www.accuratereviews.com\/it\/software-gestione-canali\/shoppingfeed-recensione\/","name":"Shoppingfeed: recensione software gestione canali - AR","isPartOf":{"@id":"https:\/\/www.accuratereviews.com\/it\/#website"},"primaryImageOfPage":{"@id":"https:\/\/www.accuratereviews.com\/it\/software-gestione-canali\/shoppingfeed-recensione\/#primaryimage"},"image":{"@id":"https:\/\/www.accuratereviews.com\/it\/software-gestione-canali\/shoppingfeed-recensione\/#primaryimage"},"thumbnailUrl":"https:\/\/www.accuratereviews.com\/wp-content\/uploads\/2023\/01\/Unknown-1.png","datePublished":"2023-01-19T12:49:03+00:00","dateModified":"2023-01-19T13:19:07+00:00","description":"Shoppingfeed: recensione del software per la gestione dei canali che consente l'accesso a pi\u00f9 di 1000 portali.","breadcrumb":{"@id":"https:\/\/www.accuratereviews.com\/it\/software-gestione-canali\/shoppingfeed-recensione\/#breadcrumb"},"inLanguage":"it-IT","potentialAction":[{"@type":"ReadAction","target":["https:\/\/www.accuratereviews.com\/it\/software-gestione-canali\/shoppingfeed-recensione\/"]}]},{"@type":"ImageObject","inLanguage":"it-IT","@id":"https:\/\/www.accuratereviews.com\/it\/software-gestione-canali\/shoppingfeed-recensione\/#primaryimage","url":"https:\/\/www.accuratereviews.com\/wp-content\/uploads\/2023\/01\/Unknown-1.png","contentUrl":"https:\/\/www.accuratereviews.com\/wp-content\/uploads\/2023\/01\/Unknown-1.png","width":225,"height":225},{"@type":"BreadcrumbList","@id":"https:\/\/www.accuratereviews.com\/it\/software-gestione-canali\/shoppingfeed-recensione\/#breadcrumb","itemListElement":[{"@type":"ListItem","position":1,"name":"Home","item":"https:\/\/www.accuratereviews.com\/it\/"},{"@type":"ListItem","position":2,"name":"Software per la gestione dei canali","item":"https:\/\/www.accuratereviews.com\/it\/software-gestione-canali\/"},{"@type":"ListItem","position":3,"name":"Shoppingfeed"}]},{"@type":"WebSite","@id":"https:\/\/www.accuratereviews.com\/it\/#website","url":"https:\/\/www.accuratereviews.com\/it\/","name":"Accurate Reviews","description":"","potentialAction":[{"@type":"SearchAction","target":{"@type":"EntryPoint","urlTemplate":"https:\/\/www.accuratereviews.com\/it\/?s={search_term_string}"},"query-input":{"@type":"PropertyValueSpecification","valueRequired":true,"valueName":"search_term_string"}}],"inLanguage":"it-IT"}]}},"_links":{"self":[{"href":"https:\/\/www.accuratereviews.com\/it\/wp-json\/wp\/v2\/pages\/66334","targetHints":{"allow":["GET"]}}],"collection":[{"href":"https:\/\/www.accuratereviews.com\/it\/wp-json\/wp\/v2\/pages"}],"about":[{"href":"https:\/\/www.accuratereviews.com\/it\/wp-json\/wp\/v2\/types\/page"}],"author":[{"embeddable":true,"href":"https:\/\/www.accuratereviews.com\/it\/wp-json\/wp\/v2\/users\/17"}],"replies":[{"embeddable":true,"href":"https:\/\/www.accuratereviews.com\/it\/wp-json\/wp\/v2\/comments?post=66334"}],"version-history":[{"count":6,"href":"https:\/\/www.accuratereviews.com\/it\/wp-json\/wp\/v2\/pages\/66334\/revisions"}],"predecessor-version":[{"id":66356,"href":"https:\/\/www.accuratereviews.com\/it\/wp-json\/wp\/v2\/pages\/66334\/revisions\/66356"}],"up":[{"embeddable":true,"href":"https:\/\/www.accuratereviews.com\/it\/wp-json\/wp\/v2\/pages\/65711"}],"wp:featuredmedia":[{"embeddable":true,"href":"https:\/\/www.accuratereviews.com\/it\/wp-json\/wp\/v2\/media\/66335"}],"wp:attachment":[{"href":"https:\/\/www.accuratereviews.com\/it\/wp-json\/wp\/v2\/media?parent=66334"}],"wp:term":[{"taxonomy":"category","embeddable":true,"href":"https:\/\/www.accuratereviews.com\/it\/wp-json\/wp\/v2\/categories?post=66334"},{"taxonomy":"post_tag","embeddable":true,"href":"https:\/\/www.accuratereviews.com\/it\/wp-json\/wp\/v2\/tags?post=66334"},{"taxonomy":"features","embeddable":true,"href":"https:\/\/www.accuratereviews.com\/it\/wp-json\/wp\/v2\/features?post=66334"}],"curies":[{"name":"wp","href":"https:\/\/api.w.org\/{rel}","templated":true}]}}