{"id":66661,"date":"2023-01-27T13:16:40","date_gmt":"2023-01-27T13:16:40","guid":{"rendered":"https:\/\/www.accuratereviews.com\/?page_id=66661"},"modified":"2023-01-27T13:16:40","modified_gmt":"2023-01-27T13:16:40","slug":"wideo-recensione","status":"publish","type":"page","link":"https:\/\/www.accuratereviews.com\/it\/video-editing-lista-software\/wideo-recensione\/","title":{"rendered":"Wideo"},"content":{"rendered":"<p><strong>Wideo<\/strong> \u00e8 una piattaforma di <strong>creazione e presentazione di video animati<\/strong>, basata sul web, che consente tutti gli utenti, anche quelli meno esperti, di creare video da zero utilizzando i numerosi modelli della soluzione. I marchi possono includere le proprie immagini e audio per generare una variet\u00e0 di video animati per il marketing, la comunicazione interna, la presentazione del prodotto, l&#8217;ecommerce, la promozione, i tutorial, le storie di Instagram e altro ancora.<br \/>\nI brand possono personalizzare ogni dettaglio del modello e utilizzare la funzione di trascinamento della selezione per includere immagini e colonne sonore selezionate dalle vaste librerie multimediali di Wideo o dai propri contenuti unici. Una volta terminato, i video possono essere scaricati come file MP4, condivisi con membri del team e clienti o caricati su reti di social media come Facebook o Youtube direttamente dalla dashboard di <strong>Wideo.<\/strong><\/p>\n<h2>WIDEO &#8211; TUTORIAL<\/h2>\n<div id=\"fluid-wrapper-counter-1\" class=\"g1-fluid-wrapper \" style=\"width:686px;\">\n<div style=\"padding-bottom:56.268221574344%;\"><iframe loading=\"lazy\" title=\"Animation Basics l Wideo Tutorials\" width=\"686\" height=\"386\" src=\"https:\/\/www.youtube.com\/embed\/D4VaCTbpVYQ?feature=oembed&amp;wmode=transparent&amp;autohide=1&amp;autoplay=0&amp;disablekb=0&amp;fs=1&amp;loop=0&amp;enablejsapi=1&amp;rel=0&amp;controls=2&amp;showinfo=0&amp;wmode=transparent&amp;autohide=2&amp;autoplay=0&amp;disablekb=0&amp;fs=1&amp;loop=0&amp;enablejsapi=1&amp;rel=0&amp;controls=2&amp;showinfo=1\" frameborder=\"0\" allow=\"accelerometer; autoplay; clipboard-write; encrypted-media; gyroscope; picture-in-picture; web-share\" allowfullscreen><\/iframe><\/div>\n<\/div>\n<h3>WIDEO &#8211; CARATTERISTICHE<\/h3>\n<ul>\n<li><strong>Effetti di animazione<\/strong>: aggiungi effetti di animazione a qualsiasi oggetto con un solo clic.<\/li>\n<li><strong>Animazioni personalizzate<\/strong>: crea facilmente animazioni complesse ed estese utilizzando i fotogrammi chiave.<\/li>\n<li><strong>Transizioni di scena<\/strong>: scegli le transizioni animate tra le scene.<\/li>\n<li><strong>Crea video da zero<\/strong>: inizia da uno schermo vuoto per creare un video originale al 100%.<\/li>\n<li><strong>Aggiungi video<\/strong>: carica il tuo file video o sfoglia migliaia di clip gratuiti dalla libreria integrata.<\/li>\n<li><strong>Crea video da modelli<\/strong>: sfoglia pi\u00f9 di 100 modelli di video. Scegli quello che si adatta alle tue esigenze e personalizza le immagini, i testi e i colori in pochi minuti.<\/li>\n<li><strong>Presentazioni con diapositive<\/strong>: crea presentazioni di diapositive con design eccellenti e porta le tue presentazioni al livello successivo.<\/li>\n<li><strong>Video quadrati o verticali:<\/strong>\u00a0realizza video orizzontali, quadrati e verticali pronti per essere esportati nelle storie e nei post di Instagram. Perfetto per qualsiasi social network!<\/li>\n<li><strong>Duplica e sostituisci un oggetto mantenendone le animazioni<\/strong>: duplica un oggetto e sostituiscilo con un altro senza perdere le sue animazioni.<\/li>\n<li><strong>Librerie grafiche:<\/strong> sfoglia un&#8217;ampia gamma di immagini, stili oggetto e animazioni di alta qualit\u00e0 da utilizzare nei tuoi video.<\/li>\n<li><strong>Modifiche integrate automaticamente:<\/strong> apporta le modifiche, fai clic su Salva e aggiorna il player per vedere l&#8217;ultima versione del tuo video su qualsiasi altro dispositivo. Non dovrai eseguire il rendering e inviare nuovamente i tuoi file.<\/li>\n<li><strong>Personalizza i colori del marchio<\/strong>: usa i colori del tuo marchio come parte della personalizzazione dei tuoi video.<\/li>\n<li><strong>Libreria di colonne sonore<\/strong>: porta il tuo video a un livello superiore aggiungendo musica caricando la tua voce fuori campo e le tue colonne sonore.<\/li>\n<li><strong>Nascondi, mostra, blocca e sblocca gli oggetti<\/strong>: usa questo pratico strumento per rendere l&#8217;editing comodo e agile.<\/li>\n<li><strong>Cambia la lunghezza della scena<\/strong>: regola la lunghezza desiderata per ogni scena.<\/li>\n<li><strong>Download di video Full HD ed esportazione in GIF<\/strong>: scarica i tuoi video in formato Full HD e MP4, che ti permetteranno di portarli ovunque.<\/li>\n<li><strong>Caricamenti su YouTube<\/strong>: condividi il tuo video con chiunque semplicemente copiando e incollando l&#8217;URL univoco del video.<\/li>\n<li><strong>Modalit\u00e0 di presentazione:<\/strong> trasforma il tuo video in una fantastica presentazione di diapositive con un solo clic.<\/li>\n<li><strong>Video duplicati<\/strong>: duplica qualsiasi video per creare pi\u00f9 versioni. Utile se devi tradurre i tuoi video in pi\u00f9 lingue.<\/li>\n<li><strong>100% Online<\/strong>:\u00a0funziona su qualsiasi browser Internet e non \u00e8 necessario scaricare nulla.<\/li>\n<\/ul>\n<h4>LE RECENSIONI DEGLI UTENTI<\/h4>\n<p><strong>Amy &#8220;Mi piacerebbe vedere Wideo reinventarsi&#8221;<\/strong><br \/>\n<strong>Commenti<\/strong>: Ho usato questo software qualche tempo fa per creare video epici dei miei viaggi. Ha un posto nostalgico nel mio<br \/>\ncuore e se dovesse mai scegliere di diventare una versione migliore io la riutilizzer\u00f2.<br \/>\n<strong>Pro<\/strong>: Facilit\u00e0 d&#8217;uso, navigazione autoesplicativa, una moltitudine di funzioni, prodotto finito molto bello.<br \/>\n<strong>Contro<\/strong>: Il software inizia a rallentare o diventare instabile man mano che avanza in ogni video. Era un servizio che dovevi pagare, che ora purtroppo ha una certa concorrenza.<\/p>\n<p><strong>Salim. &#8220;Base di modelli buoni strumenti di editing video&#8221;<\/strong><br \/>\n<strong>Commenti<\/strong>: Wideo.co \u00e8 un ottimo strumento di video animati che utilizzo per realizzare video su base mensile. Ha un&#8217;ottima interfaccia utente ed \u00e8 facile da navigare<br \/>\n<strong>Pro<\/strong>: Wideo.co \u00e8 uno strumento per la creazione di video all-in-one che mi consente di creare video in pochi minuti rapidamente. Con Wideo posso creare video di alta qualit\u00e0 che impressionano il mio pubblico. La piattaforma offre una variet\u00e0 di funzionalit\u00e0 che semplificano la creazione di video da parte degli utenti, come la personalizzazione dell&#8217;aspetto e del suono dei video e l&#8217;aggiunta di musica ed effetti sonori<br \/>\n<strong>Contro<\/strong>: I suoi strumenti di montaggio video basati su modelli limitati, nel nostro caso abbiamo bisogno di pi\u00f9 modelli<\/p>\n<p><strong>Khan md mohaiminul &#8220;Soluzione intelligente per presentare i tuoi pensieri in un minuto&#8221;<\/strong><br \/>\n<strong>Commenti<\/strong>: Con wideo, principalmente la curva di apprendimento \u00e8 notevolmente ridotta, mettendola a confronto con altre app di editing. Dopo aver visto poche lezioni sono stato in grado di iniziare in 30 minuti. Posso creare brevi frammenti per coinvolgere il pubblico trasmettendo rapidamente una grande quantit\u00e0 di informazioni. Inoltre ci vogliono meno soldi per acquistare l&#8217;abbonamento annuale rispetto ad altri.<br \/>\n<strong>Pro<\/strong>: Le funzionalit\u00e0 di sintesi vocale sono la parte pi\u00f9 amata per me, ho adorato la funzionalit\u00e0 e il modello disponibile al suo interno. Inoltre \u00e8 molto facile da usare, soprattutto dai modelli predefiniti ai nuovi video. Gli sfondi e le animazioni integrate sono impressionanti. La cosa pi\u00f9 importante per entrare in contatto con il pubblico sono video di qualit\u00e0.<br \/>\n<strong>Contro<\/strong>: Non c&#8217;\u00e8 niente che non mi sia piaciuto finora.<\/p>\n","protected":false},"excerpt":{"rendered":"<p>Wideo \u00e8 una piattaforma di creazione e presentazione di video animati, basata sul web, che consente tutti gli utenti, anche quelli meno esperti, di creare video da zero utilizzando i numerosi modelli della soluzione. I marchi possono includere le proprie immagini e audio per generare una variet\u00e0 di video animati per il marketing, la comunicazione interna, la presentazione del prodotto, l&#8217;ecommerce, la promozione, i tutorial, le storie di Instagram e altro ancora.\u00a0<\/p>\n","protected":false},"author":19,"featured_media":66662,"parent":7571,"menu_order":0,"comment_status":"open","ping_status":"closed","template":"g1_template_page_review_new.php","meta":{"_acf_changed":false,"cwp_meta_box_check":"Yes","cwp_rev_product_name":"","cwp_rev_product_image":"","wppr_links":[],"cwp_rev_price":"0.00","wppr_options":[{"name":"Usability","value":"0"},{"name":"Speed","value":"0"},{"name":"Features","value":"0"},{"name":"Support","value":"0"},{"name":"Pricing","value":"0"}],"wppr_pros":["","","","",""],"wppr_cons":["","","","",""],"_monsterinsights_skip_tracking":false,"_monsterinsights_sitenote_active":false,"_monsterinsights_sitenote_note":"","_monsterinsights_sitenote_category":0,"footnotes":""},"categories":[169],"tags":[227,3342,1244,1273,202,14067],"features":[],"class_list":{"0":"post-66661","1":"page","2":"type-page","3":"status-publish","4":"has-post-thumbnail","6":"category-video-editing-software-it","7":"tag-creazione-video","8":"tag-piattaforma-video-editing","9":"tag-programma-video-editing","10":"tag-soluzione-video-editing","11":"tag-video-editing","12":"tag-wideo"},"wppr_data":{"cwp_meta_box_check":"Yes","_wppr_review_template":"default","cwp_rev_product_image":"","cwp_image_link":"image","wppr_links":[],"cwp_rev_price":"0.00","wppr_pros":["","","","",""],"wppr_cons":["","","","",""],"wppr_rating":"0.00","wppr_options":{"1":{"name":"Usability","value":"0"},"2":{"name":"Speed","value":"0"},"3":{"name":"Features","value":"0"},"4":{"name":"Support","value":"0"},"5":{"name":"Pricing","value":"0"}},"wppr_review_type":"Product","wppr_review_custom_fields":{"additionalProperty":"","additionalType":"","aggregateRating":"","alternateName":"","audience":"","award":"","awards":"","brand":"","color":"","depth":"","description":"","disambiguatingDescription":"","gtin12":"","gtin13":"","gtin14":"","gtin8":"","height":"","identifier":"","image":"","isAccessoryOrSparePartFor":"","isConsumableFor":"","isRelatedTo":"","isSimilarTo":"","itemCondition":"","logo":"","mainEntityOfPage":"","manufacturer":"","material":"","model":"","mpn":"","name":"","offers":"","potentialAction":"","productID":"","productionDate":"","purchaseDate":"","releaseDate":"","review":"","reviews":"","sameAs":"","sku":"","slogan":"","subjectOf":"","url":"","weight":"","width":""}},"acf":[],"yoast_head":"<!-- This site is optimized with the Yoast SEO plugin v27.4 - https:\/\/yoast.com\/product\/yoast-seo-wordpress\/ -->\n<title>Wideo: recensione software video editing - Accurate Reviews<\/title>\n<meta name=\"description\" content=\"Wideo: recensione piattaforma di video editing basata sul web che consente di creare video utilizzando numerosi modelli predefiniti.\" \/>\n<meta name=\"robots\" content=\"index, follow, max-snippet:-1, max-image-preview:large, max-video-preview:-1\" \/>\n<link rel=\"canonical\" href=\"https:\/\/www.accuratereviews.com\/it\/video-editing-lista-software\/wideo-recensione\/\" \/>\n<meta property=\"og:locale\" content=\"it_IT\" \/>\n<meta property=\"og:type\" content=\"article\" \/>\n<meta property=\"og:title\" content=\"Wideo: recensione software video editing - Accurate Reviews\" \/>\n<meta property=\"og:description\" content=\"Wideo: recensione piattaforma di video editing basata sul web che consente di creare video utilizzando numerosi modelli predefiniti.\" \/>\n<meta property=\"og:url\" content=\"https:\/\/www.accuratereviews.com\/it\/video-editing-lista-software\/wideo-recensione\/\" \/>\n<meta property=\"og:site_name\" content=\"Accurate Reviews\" \/>\n<meta property=\"og:image\" content=\"https:\/\/www.accuratereviews.com\/wp-content\/uploads\/2023\/01\/Wideo.jpeg\" \/>\n\t<meta property=\"og:image:width\" content=\"900\" \/>\n\t<meta property=\"og:image:height\" content=\"900\" \/>\n\t<meta property=\"og:image:type\" content=\"image\/jpeg\" \/>\n<meta name=\"twitter:card\" content=\"summary_large_image\" \/>\n<meta name=\"twitter:label1\" content=\"Tempo di lettura stimato\" \/>\n\t<meta name=\"twitter:data1\" content=\"5 minuti\" \/>\n<script type=\"application\/ld+json\" class=\"yoast-schema-graph\">{\"@context\":\"https:\\\/\\\/schema.org\",\"@graph\":[{\"@type\":\"WebPage\",\"@id\":\"https:\\\/\\\/www.accuratereviews.com\\\/it\\\/video-editing-lista-software\\\/wideo-recensione\\\/\",\"url\":\"https:\\\/\\\/www.accuratereviews.com\\\/it\\\/video-editing-lista-software\\\/wideo-recensione\\\/\",\"name\":\"Wideo: recensione software video editing - Accurate Reviews\",\"isPartOf\":{\"@id\":\"https:\\\/\\\/www.accuratereviews.com\\\/it\\\/#website\"},\"primaryImageOfPage\":{\"@id\":\"https:\\\/\\\/www.accuratereviews.com\\\/it\\\/video-editing-lista-software\\\/wideo-recensione\\\/#primaryimage\"},\"image\":{\"@id\":\"https:\\\/\\\/www.accuratereviews.com\\\/it\\\/video-editing-lista-software\\\/wideo-recensione\\\/#primaryimage\"},\"thumbnailUrl\":\"https:\\\/\\\/www.accuratereviews.com\\\/wp-content\\\/uploads\\\/2023\\\/01\\\/Wideo.jpeg\",\"datePublished\":\"2023-01-27T13:16:40+00:00\",\"description\":\"Wideo: recensione piattaforma di video editing basata sul web che consente di creare video utilizzando numerosi modelli predefiniti.\",\"breadcrumb\":{\"@id\":\"https:\\\/\\\/www.accuratereviews.com\\\/it\\\/video-editing-lista-software\\\/wideo-recensione\\\/#breadcrumb\"},\"inLanguage\":\"it-IT\",\"potentialAction\":[{\"@type\":\"ReadAction\",\"target\":[\"https:\\\/\\\/www.accuratereviews.com\\\/it\\\/video-editing-lista-software\\\/wideo-recensione\\\/\"]}]},{\"@type\":\"ImageObject\",\"inLanguage\":\"it-IT\",\"@id\":\"https:\\\/\\\/www.accuratereviews.com\\\/it\\\/video-editing-lista-software\\\/wideo-recensione\\\/#primaryimage\",\"url\":\"https:\\\/\\\/www.accuratereviews.com\\\/wp-content\\\/uploads\\\/2023\\\/01\\\/Wideo.jpeg\",\"contentUrl\":\"https:\\\/\\\/www.accuratereviews.com\\\/wp-content\\\/uploads\\\/2023\\\/01\\\/Wideo.jpeg\",\"width\":900,\"height\":900},{\"@type\":\"BreadcrumbList\",\"@id\":\"https:\\\/\\\/www.accuratereviews.com\\\/it\\\/video-editing-lista-software\\\/wideo-recensione\\\/#breadcrumb\",\"itemListElement\":[{\"@type\":\"ListItem\",\"position\":1,\"name\":\"Home\",\"item\":\"https:\\\/\\\/www.accuratereviews.com\\\/it\\\/\"},{\"@type\":\"ListItem\",\"position\":2,\"name\":\"Software per il video editing\",\"item\":\"https:\\\/\\\/www.accuratereviews.com\\\/it\\\/video-editing-lista-software\\\/\"},{\"@type\":\"ListItem\",\"position\":3,\"name\":\"Wideo\"}]},{\"@type\":\"WebSite\",\"@id\":\"https:\\\/\\\/www.accuratereviews.com\\\/it\\\/#website\",\"url\":\"https:\\\/\\\/www.accuratereviews.com\\\/it\\\/\",\"name\":\"Accurate Reviews\",\"description\":\"\",\"potentialAction\":[{\"@type\":\"SearchAction\",\"target\":{\"@type\":\"EntryPoint\",\"urlTemplate\":\"https:\\\/\\\/www.accuratereviews.com\\\/it\\\/?s={search_term_string}\"},\"query-input\":{\"@type\":\"PropertyValueSpecification\",\"valueRequired\":true,\"valueName\":\"search_term_string\"}}],\"inLanguage\":\"it-IT\"}]}<\/script>\n<!-- \/ Yoast SEO plugin. -->","yoast_head_json":{"title":"Wideo: recensione software video editing - Accurate Reviews","description":"Wideo: recensione piattaforma di video editing basata sul web che consente di creare video utilizzando numerosi modelli predefiniti.","robots":{"index":"index","follow":"follow","max-snippet":"max-snippet:-1","max-image-preview":"max-image-preview:large","max-video-preview":"max-video-preview:-1"},"canonical":"https:\/\/www.accuratereviews.com\/it\/video-editing-lista-software\/wideo-recensione\/","og_locale":"it_IT","og_type":"article","og_title":"Wideo: recensione software video editing - Accurate Reviews","og_description":"Wideo: recensione piattaforma di video editing basata sul web che consente di creare video utilizzando numerosi modelli predefiniti.","og_url":"https:\/\/www.accuratereviews.com\/it\/video-editing-lista-software\/wideo-recensione\/","og_site_name":"Accurate Reviews","og_image":[{"width":900,"height":900,"url":"https:\/\/www.accuratereviews.com\/wp-content\/uploads\/2023\/01\/Wideo.jpeg","type":"image\/jpeg"}],"twitter_card":"summary_large_image","twitter_misc":{"Tempo di lettura stimato":"5 minuti"},"schema":{"@context":"https:\/\/schema.org","@graph":[{"@type":"WebPage","@id":"https:\/\/www.accuratereviews.com\/it\/video-editing-lista-software\/wideo-recensione\/","url":"https:\/\/www.accuratereviews.com\/it\/video-editing-lista-software\/wideo-recensione\/","name":"Wideo: recensione software video editing - Accurate Reviews","isPartOf":{"@id":"https:\/\/www.accuratereviews.com\/it\/#website"},"primaryImageOfPage":{"@id":"https:\/\/www.accuratereviews.com\/it\/video-editing-lista-software\/wideo-recensione\/#primaryimage"},"image":{"@id":"https:\/\/www.accuratereviews.com\/it\/video-editing-lista-software\/wideo-recensione\/#primaryimage"},"thumbnailUrl":"https:\/\/www.accuratereviews.com\/wp-content\/uploads\/2023\/01\/Wideo.jpeg","datePublished":"2023-01-27T13:16:40+00:00","description":"Wideo: recensione piattaforma di video editing basata sul web che consente di creare video utilizzando numerosi modelli predefiniti.","breadcrumb":{"@id":"https:\/\/www.accuratereviews.com\/it\/video-editing-lista-software\/wideo-recensione\/#breadcrumb"},"inLanguage":"it-IT","potentialAction":[{"@type":"ReadAction","target":["https:\/\/www.accuratereviews.com\/it\/video-editing-lista-software\/wideo-recensione\/"]}]},{"@type":"ImageObject","inLanguage":"it-IT","@id":"https:\/\/www.accuratereviews.com\/it\/video-editing-lista-software\/wideo-recensione\/#primaryimage","url":"https:\/\/www.accuratereviews.com\/wp-content\/uploads\/2023\/01\/Wideo.jpeg","contentUrl":"https:\/\/www.accuratereviews.com\/wp-content\/uploads\/2023\/01\/Wideo.jpeg","width":900,"height":900},{"@type":"BreadcrumbList","@id":"https:\/\/www.accuratereviews.com\/it\/video-editing-lista-software\/wideo-recensione\/#breadcrumb","itemListElement":[{"@type":"ListItem","position":1,"name":"Home","item":"https:\/\/www.accuratereviews.com\/it\/"},{"@type":"ListItem","position":2,"name":"Software per il video editing","item":"https:\/\/www.accuratereviews.com\/it\/video-editing-lista-software\/"},{"@type":"ListItem","position":3,"name":"Wideo"}]},{"@type":"WebSite","@id":"https:\/\/www.accuratereviews.com\/it\/#website","url":"https:\/\/www.accuratereviews.com\/it\/","name":"Accurate Reviews","description":"","potentialAction":[{"@type":"SearchAction","target":{"@type":"EntryPoint","urlTemplate":"https:\/\/www.accuratereviews.com\/it\/?s={search_term_string}"},"query-input":{"@type":"PropertyValueSpecification","valueRequired":true,"valueName":"search_term_string"}}],"inLanguage":"it-IT"}]}},"_links":{"self":[{"href":"https:\/\/www.accuratereviews.com\/it\/wp-json\/wp\/v2\/pages\/66661","targetHints":{"allow":["GET"]}}],"collection":[{"href":"https:\/\/www.accuratereviews.com\/it\/wp-json\/wp\/v2\/pages"}],"about":[{"href":"https:\/\/www.accuratereviews.com\/it\/wp-json\/wp\/v2\/types\/page"}],"author":[{"embeddable":true,"href":"https:\/\/www.accuratereviews.com\/it\/wp-json\/wp\/v2\/users\/19"}],"replies":[{"embeddable":true,"href":"https:\/\/www.accuratereviews.com\/it\/wp-json\/wp\/v2\/comments?post=66661"}],"version-history":[{"count":10,"href":"https:\/\/www.accuratereviews.com\/it\/wp-json\/wp\/v2\/pages\/66661\/revisions"}],"predecessor-version":[{"id":66719,"href":"https:\/\/www.accuratereviews.com\/it\/wp-json\/wp\/v2\/pages\/66661\/revisions\/66719"}],"up":[{"embeddable":true,"href":"https:\/\/www.accuratereviews.com\/it\/wp-json\/wp\/v2\/pages\/7571"}],"wp:featuredmedia":[{"embeddable":true,"href":"https:\/\/www.accuratereviews.com\/it\/wp-json\/wp\/v2\/media\/66662"}],"wp:attachment":[{"href":"https:\/\/www.accuratereviews.com\/it\/wp-json\/wp\/v2\/media?parent=66661"}],"wp:term":[{"taxonomy":"category","embeddable":true,"href":"https:\/\/www.accuratereviews.com\/it\/wp-json\/wp\/v2\/categories?post=66661"},{"taxonomy":"post_tag","embeddable":true,"href":"https:\/\/www.accuratereviews.com\/it\/wp-json\/wp\/v2\/tags?post=66661"},{"taxonomy":"features","embeddable":true,"href":"https:\/\/www.accuratereviews.com\/it\/wp-json\/wp\/v2\/features?post=66661"}],"curies":[{"name":"wp","href":"https:\/\/api.w.org\/{rel}","templated":true}]}}