{"id":66727,"date":"2023-01-30T16:26:31","date_gmt":"2023-01-30T16:26:31","guid":{"rendered":"https:\/\/www.accuratereviews.com\/?page_id=66727"},"modified":"2023-01-31T09:39:52","modified_gmt":"2023-01-31T09:39:52","slug":"lumaone-recensione","status":"publish","type":"page","link":"https:\/\/www.accuratereviews.com\/it\/video-editing-lista-software\/lumaone-recensione\/","title":{"rendered":"LumaOne"},"content":{"rendered":"<p><strong>LumaOne<\/strong> \u00e8 un software basato su <strong>cloud<\/strong>, che aiuta le aziende a creare e pubblicare<strong> video interattivi<\/strong> con lo scopo di semplificare la gestione dell&#8217;apprendimento e i processi di formazione. I supervisori possono utilizzare lo strumento di creazione di contenuti integrato per aggiungere vari elementi nei video, tra cui: domande a scelta multipla (MCQ), attivit\u00e0 di hotspot, sondaggi e altri scenari.<br \/>\nPermette\u00a0alle organizzazioni di creare moduli personalizzati, fornire istruzioni di navigazione e aggiungere elementi di animazione in base alle esigenze. I gestori possono importare file sulla piattaforma e accedere ai video dal database con informazioni come il nome dell&#8217;autore, la data, la lingua, il tipo e altro ancora. Consente, inoltre, di tradurre i sottotitoli dei video in diverse lingue, tra le quali troviamo: spagnolo, francese, tedesco, portoghese, hindi o cinese.<\/p>\n<h2>LUMAONE &#8211; TUTORIAL<\/h2>\n<div id=\"fluid-wrapper-counter-1\" class=\"g1-fluid-wrapper \" style=\"width:686px;\">\n<div style=\"padding-bottom:56.268221574344%;\"><iframe loading=\"lazy\" title=\"Quick LumaOne Tutorial\" width=\"686\" height=\"386\" src=\"https:\/\/www.youtube.com\/embed\/qNPDudC9Kx4?feature=oembed&amp;wmode=transparent&amp;autohide=1&amp;autoplay=0&amp;disablekb=0&amp;fs=1&amp;loop=0&amp;enablejsapi=1&amp;rel=0&amp;controls=2&amp;showinfo=0&amp;wmode=transparent&amp;autohide=2&amp;autoplay=0&amp;disablekb=0&amp;fs=1&amp;loop=0&amp;enablejsapi=1&amp;rel=0&amp;controls=2&amp;showinfo=1\" frameborder=\"0\" allow=\"accelerometer; autoplay; clipboard-write; encrypted-media; gyroscope; picture-in-picture; web-share\" allowfullscreen><\/iframe><\/div>\n<\/div>\n<h3>LUMAONE &#8211; CARATTERISTICHE<\/h3>\n<ul>\n<li>Aggiungi qualsiasi video direttamente tramite l&#8217;app mobile, il registratore dello schermo, la webcam, l&#8217;upload o un servizio di streaming alternativo.<\/li>\n<li>Inserisci un test integrato, una verifica delle conoscenze e un sondaggio. Saprai esattamente dove si trova la tua squadra.<\/li>\n<li>Touch Responsive In-Video Hotspot per la simulazione.<\/li>\n<li>Crea un coinvolgimento con domande a tempo e in sequenza.<\/li>\n<li>Navigazione integrata in cui un visualizzatore pu\u00f2 passare immediatamente a un contenuto specifico o automatizzarlo in base alle risposte o al feedback di un utente.<\/li>\n<li>Raccogli i dati degli spettatori per controllare elementi misurabili come il tempo di visualizzazione, i risultati dei quiz, i sondaggi, ecc.<\/li>\n<li>Traduci istantaneamente l&#8217;audio trascritto e modifica la voce fuori campo in oltre 40 lingue.<\/li>\n<li>Incorpora direttamente contenuti scaricabili (PDF, immagini, link, ecc.) nei tuoi video.<\/li>\n<li>Connettiti al tuo ecosistema di apprendimento o usa il software da solo.<\/li>\n<\/ul>\n<h4>LE RECENSIONI DEGLI UTENTI<\/h4>\n<p><strong>Edoardo &#8220;Una scoperta interessante&#8221;<\/strong><br \/>\n<strong>Commenti<\/strong>: Per quanto mi riguarda mi sono trovato molto bene con questo programma e mi sento di consigliarlo a chi necessit\u00e0 di creare video senza avere troppe conoscenze in materia di video editing.<br \/>\n<strong>Pro<\/strong>: Ottimo software per la realizzazione di video per le aziende. Il programma presenta un interfaccia ben fatta ed intuitiva, inoltre offre numerosissime funzioni molto utili per le aziende che desiderano ampliare il proprio marketing.<br \/>\n<strong>Contro<\/strong>: Essendo un software non molto conosciuto forse il prezzo \u00e8 un po&#8217; alto, considerando anche il fatto che non offre nessun periodo di prova gratuito.<\/p>\n<p><strong>Anil &#8220;Ottimo strumento per la creazione di video e il marketing&#8221;<\/strong><br \/>\n<strong>Commenti<\/strong>: Lo strumento \u00e8 abbastanza semplice da usare e non vedo l&#8217;ora di fare di pi\u00f9. Eccellente servizio clienti e facilit\u00e0 d&#8217;uso.<br \/>\n<strong>Pro<\/strong>: Utilizzando la piattaforma, \u00e8 davvero semplice realizzare un video interattivo. Ha un gran numero di opzioni innovative per la creazione di video interattivi.<br \/>\n<strong>Contro<\/strong>: Credo che l&#8217;interfaccia utente e l&#8217;esperienza utente dovrebbero essere migliorati. \u00c8 pi\u00f9 difficile da usare rispetto ad altri strumenti di editing video.<\/p>\n<p><strong>Wangnin &#8220;Recensione di Lumaone&#8221;<\/strong><br \/>\n<strong>Pro<\/strong>: \u00c8 un software molto facile da usare e ha vantaggi come ad esempio permette di realizzare video di marketing molto originali e professionali<br \/>\n<strong>Contro<\/strong>: Per me questo software non ha svantaggi ed \u00e8 facile da usare.<\/p>\n","protected":false},"excerpt":{"rendered":"<p>LumaOne \u00e8 un software basato su cloud, che aiuta le aziende a creare e pubblicare video interattivi con lo scopo di semplificare la gestione dell&#8217;apprendimento e i processi di formazione. I supervisori possono utilizzare lo strumento di creazione di contenuti integrato per aggiungere vari elementi nei video, tra cui: domande a scelta multipla (MCQ), attivit\u00e0 di hotspot, sondaggi e altri scenari.<\/p>\n","protected":false},"author":19,"featured_media":66730,"parent":7571,"menu_order":0,"comment_status":"open","ping_status":"closed","template":"g1_template_page_review_new.php","meta":{"_acf_changed":false,"cwp_meta_box_check":"Yes","cwp_rev_product_name":"","cwp_rev_product_image":"","wppr_links":[],"cwp_rev_price":"0.00","wppr_options":[{"name":"Usability","value":"0"},{"name":"Speed","value":"0"},{"name":"Features","value":"0"},{"name":"Support","value":"0"},{"name":"Pricing","value":"0"}],"wppr_pros":["","","","",""],"wppr_cons":["","","","",""],"_monsterinsights_skip_tracking":false,"_monsterinsights_sitenote_active":false,"_monsterinsights_sitenote_note":"","_monsterinsights_sitenote_category":0,"footnotes":""},"categories":[169],"tags":[14071,3342,1244,228,1273,202],"features":[],"class_list":{"0":"post-66727","1":"page","2":"type-page","3":"status-publish","4":"has-post-thumbnail","6":"category-video-editing-software-it","7":"tag-lumaone","8":"tag-piattaforma-video-editing","9":"tag-programma-video-editing","10":"tag-software-video-editing","11":"tag-soluzione-video-editing","12":"tag-video-editing"},"wppr_data":{"cwp_meta_box_check":"Yes","_wppr_review_template":"default","cwp_rev_product_image":"","cwp_image_link":"image","wppr_links":[],"cwp_rev_price":"0.00","wppr_pros":["","","","",""],"wppr_cons":["","","","",""],"wppr_rating":"0.00","wppr_options":{"1":{"name":"Usability","value":"0"},"2":{"name":"Speed","value":"0"},"3":{"name":"Features","value":"0"},"4":{"name":"Support","value":"0"},"5":{"name":"Pricing","value":"0"}},"wppr_review_type":"Product","wppr_review_custom_fields":{"additionalProperty":"","additionalType":"","aggregateRating":"","alternateName":"","audience":"","award":"","awards":"","brand":"","color":"","depth":"","description":"","disambiguatingDescription":"","gtin12":"","gtin13":"","gtin14":"","gtin8":"","height":"","identifier":"","image":"","isAccessoryOrSparePartFor":"","isConsumableFor":"","isRelatedTo":"","isSimilarTo":"","itemCondition":"","logo":"","mainEntityOfPage":"","manufacturer":"","material":"","model":"","mpn":"","name":"","offers":"","potentialAction":"","productID":"","productionDate":"","purchaseDate":"","releaseDate":"","review":"","reviews":"","sameAs":"","sku":"","slogan":"","subjectOf":"","url":"","weight":"","width":""}},"acf":[],"yoast_head":"<!-- This site is optimized with the Yoast SEO plugin v27.4 - https:\/\/yoast.com\/product\/yoast-seo-wordpress\/ -->\n<title>LumaOne: recensione software video editing - Accurate Reviews<\/title>\n<meta name=\"description\" content=\"LumaOne: recensione software basato su cloud che aiuta le aziende a creare e pubblicare video interattivi per apprendimento e formazione.\" \/>\n<meta name=\"robots\" content=\"index, follow, max-snippet:-1, max-image-preview:large, max-video-preview:-1\" \/>\n<link rel=\"canonical\" href=\"https:\/\/www.accuratereviews.com\/it\/video-editing-lista-software\/lumaone-recensione\/\" \/>\n<meta property=\"og:locale\" content=\"it_IT\" \/>\n<meta property=\"og:type\" content=\"article\" \/>\n<meta property=\"og:title\" content=\"LumaOne: recensione software video editing - Accurate Reviews\" \/>\n<meta property=\"og:description\" content=\"LumaOne: recensione software basato su cloud che aiuta le aziende a creare e pubblicare video interattivi per apprendimento e formazione.\" \/>\n<meta property=\"og:url\" content=\"https:\/\/www.accuratereviews.com\/it\/video-editing-lista-software\/lumaone-recensione\/\" \/>\n<meta property=\"og:site_name\" content=\"Accurate Reviews\" \/>\n<meta property=\"article:modified_time\" content=\"2023-01-31T09:39:52+00:00\" \/>\n<meta property=\"og:image\" content=\"https:\/\/www.accuratereviews.com\/wp-content\/uploads\/2023\/01\/LumaOne.jpeg\" \/>\n\t<meta property=\"og:image:width\" content=\"225\" \/>\n\t<meta property=\"og:image:height\" content=\"225\" \/>\n\t<meta property=\"og:image:type\" content=\"image\/jpeg\" \/>\n<meta name=\"twitter:card\" content=\"summary_large_image\" \/>\n<meta name=\"twitter:label1\" content=\"Tempo di lettura stimato\" \/>\n\t<meta name=\"twitter:data1\" content=\"3 minuti\" \/>\n<script type=\"application\/ld+json\" class=\"yoast-schema-graph\">{\"@context\":\"https:\\\/\\\/schema.org\",\"@graph\":[{\"@type\":\"WebPage\",\"@id\":\"https:\\\/\\\/www.accuratereviews.com\\\/it\\\/video-editing-lista-software\\\/lumaone-recensione\\\/\",\"url\":\"https:\\\/\\\/www.accuratereviews.com\\\/it\\\/video-editing-lista-software\\\/lumaone-recensione\\\/\",\"name\":\"LumaOne: recensione software video editing - Accurate Reviews\",\"isPartOf\":{\"@id\":\"https:\\\/\\\/www.accuratereviews.com\\\/it\\\/#website\"},\"primaryImageOfPage\":{\"@id\":\"https:\\\/\\\/www.accuratereviews.com\\\/it\\\/video-editing-lista-software\\\/lumaone-recensione\\\/#primaryimage\"},\"image\":{\"@id\":\"https:\\\/\\\/www.accuratereviews.com\\\/it\\\/video-editing-lista-software\\\/lumaone-recensione\\\/#primaryimage\"},\"thumbnailUrl\":\"https:\\\/\\\/www.accuratereviews.com\\\/wp-content\\\/uploads\\\/2023\\\/01\\\/LumaOne.jpeg\",\"datePublished\":\"2023-01-30T16:26:31+00:00\",\"dateModified\":\"2023-01-31T09:39:52+00:00\",\"description\":\"LumaOne: recensione software basato su cloud che aiuta le aziende a creare e pubblicare video interattivi per apprendimento e formazione.\",\"breadcrumb\":{\"@id\":\"https:\\\/\\\/www.accuratereviews.com\\\/it\\\/video-editing-lista-software\\\/lumaone-recensione\\\/#breadcrumb\"},\"inLanguage\":\"it-IT\",\"potentialAction\":[{\"@type\":\"ReadAction\",\"target\":[\"https:\\\/\\\/www.accuratereviews.com\\\/it\\\/video-editing-lista-software\\\/lumaone-recensione\\\/\"]}]},{\"@type\":\"ImageObject\",\"inLanguage\":\"it-IT\",\"@id\":\"https:\\\/\\\/www.accuratereviews.com\\\/it\\\/video-editing-lista-software\\\/lumaone-recensione\\\/#primaryimage\",\"url\":\"https:\\\/\\\/www.accuratereviews.com\\\/wp-content\\\/uploads\\\/2023\\\/01\\\/LumaOne.jpeg\",\"contentUrl\":\"https:\\\/\\\/www.accuratereviews.com\\\/wp-content\\\/uploads\\\/2023\\\/01\\\/LumaOne.jpeg\",\"width\":225,\"height\":225},{\"@type\":\"BreadcrumbList\",\"@id\":\"https:\\\/\\\/www.accuratereviews.com\\\/it\\\/video-editing-lista-software\\\/lumaone-recensione\\\/#breadcrumb\",\"itemListElement\":[{\"@type\":\"ListItem\",\"position\":1,\"name\":\"Home\",\"item\":\"https:\\\/\\\/www.accuratereviews.com\\\/it\\\/\"},{\"@type\":\"ListItem\",\"position\":2,\"name\":\"Software per il video editing\",\"item\":\"https:\\\/\\\/www.accuratereviews.com\\\/it\\\/video-editing-lista-software\\\/\"},{\"@type\":\"ListItem\",\"position\":3,\"name\":\"LumaOne\"}]},{\"@type\":\"WebSite\",\"@id\":\"https:\\\/\\\/www.accuratereviews.com\\\/it\\\/#website\",\"url\":\"https:\\\/\\\/www.accuratereviews.com\\\/it\\\/\",\"name\":\"Accurate Reviews\",\"description\":\"\",\"potentialAction\":[{\"@type\":\"SearchAction\",\"target\":{\"@type\":\"EntryPoint\",\"urlTemplate\":\"https:\\\/\\\/www.accuratereviews.com\\\/it\\\/?s={search_term_string}\"},\"query-input\":{\"@type\":\"PropertyValueSpecification\",\"valueRequired\":true,\"valueName\":\"search_term_string\"}}],\"inLanguage\":\"it-IT\"}]}<\/script>\n<!-- \/ Yoast SEO plugin. -->","yoast_head_json":{"title":"LumaOne: recensione software video editing - Accurate Reviews","description":"LumaOne: recensione software basato su cloud che aiuta le aziende a creare e pubblicare video interattivi per apprendimento e formazione.","robots":{"index":"index","follow":"follow","max-snippet":"max-snippet:-1","max-image-preview":"max-image-preview:large","max-video-preview":"max-video-preview:-1"},"canonical":"https:\/\/www.accuratereviews.com\/it\/video-editing-lista-software\/lumaone-recensione\/","og_locale":"it_IT","og_type":"article","og_title":"LumaOne: recensione software video editing - Accurate Reviews","og_description":"LumaOne: recensione software basato su cloud che aiuta le aziende a creare e pubblicare video interattivi per apprendimento e formazione.","og_url":"https:\/\/www.accuratereviews.com\/it\/video-editing-lista-software\/lumaone-recensione\/","og_site_name":"Accurate Reviews","article_modified_time":"2023-01-31T09:39:52+00:00","og_image":[{"width":225,"height":225,"url":"https:\/\/www.accuratereviews.com\/wp-content\/uploads\/2023\/01\/LumaOne.jpeg","type":"image\/jpeg"}],"twitter_card":"summary_large_image","twitter_misc":{"Tempo di lettura stimato":"3 minuti"},"schema":{"@context":"https:\/\/schema.org","@graph":[{"@type":"WebPage","@id":"https:\/\/www.accuratereviews.com\/it\/video-editing-lista-software\/lumaone-recensione\/","url":"https:\/\/www.accuratereviews.com\/it\/video-editing-lista-software\/lumaone-recensione\/","name":"LumaOne: recensione software video editing - Accurate Reviews","isPartOf":{"@id":"https:\/\/www.accuratereviews.com\/it\/#website"},"primaryImageOfPage":{"@id":"https:\/\/www.accuratereviews.com\/it\/video-editing-lista-software\/lumaone-recensione\/#primaryimage"},"image":{"@id":"https:\/\/www.accuratereviews.com\/it\/video-editing-lista-software\/lumaone-recensione\/#primaryimage"},"thumbnailUrl":"https:\/\/www.accuratereviews.com\/wp-content\/uploads\/2023\/01\/LumaOne.jpeg","datePublished":"2023-01-30T16:26:31+00:00","dateModified":"2023-01-31T09:39:52+00:00","description":"LumaOne: recensione software basato su cloud che aiuta le aziende a creare e pubblicare video interattivi per apprendimento e formazione.","breadcrumb":{"@id":"https:\/\/www.accuratereviews.com\/it\/video-editing-lista-software\/lumaone-recensione\/#breadcrumb"},"inLanguage":"it-IT","potentialAction":[{"@type":"ReadAction","target":["https:\/\/www.accuratereviews.com\/it\/video-editing-lista-software\/lumaone-recensione\/"]}]},{"@type":"ImageObject","inLanguage":"it-IT","@id":"https:\/\/www.accuratereviews.com\/it\/video-editing-lista-software\/lumaone-recensione\/#primaryimage","url":"https:\/\/www.accuratereviews.com\/wp-content\/uploads\/2023\/01\/LumaOne.jpeg","contentUrl":"https:\/\/www.accuratereviews.com\/wp-content\/uploads\/2023\/01\/LumaOne.jpeg","width":225,"height":225},{"@type":"BreadcrumbList","@id":"https:\/\/www.accuratereviews.com\/it\/video-editing-lista-software\/lumaone-recensione\/#breadcrumb","itemListElement":[{"@type":"ListItem","position":1,"name":"Home","item":"https:\/\/www.accuratereviews.com\/it\/"},{"@type":"ListItem","position":2,"name":"Software per il video editing","item":"https:\/\/www.accuratereviews.com\/it\/video-editing-lista-software\/"},{"@type":"ListItem","position":3,"name":"LumaOne"}]},{"@type":"WebSite","@id":"https:\/\/www.accuratereviews.com\/it\/#website","url":"https:\/\/www.accuratereviews.com\/it\/","name":"Accurate Reviews","description":"","potentialAction":[{"@type":"SearchAction","target":{"@type":"EntryPoint","urlTemplate":"https:\/\/www.accuratereviews.com\/it\/?s={search_term_string}"},"query-input":{"@type":"PropertyValueSpecification","valueRequired":true,"valueName":"search_term_string"}}],"inLanguage":"it-IT"}]}},"_links":{"self":[{"href":"https:\/\/www.accuratereviews.com\/it\/wp-json\/wp\/v2\/pages\/66727","targetHints":{"allow":["GET"]}}],"collection":[{"href":"https:\/\/www.accuratereviews.com\/it\/wp-json\/wp\/v2\/pages"}],"about":[{"href":"https:\/\/www.accuratereviews.com\/it\/wp-json\/wp\/v2\/types\/page"}],"author":[{"embeddable":true,"href":"https:\/\/www.accuratereviews.com\/it\/wp-json\/wp\/v2\/users\/19"}],"replies":[{"embeddable":true,"href":"https:\/\/www.accuratereviews.com\/it\/wp-json\/wp\/v2\/comments?post=66727"}],"version-history":[{"count":8,"href":"https:\/\/www.accuratereviews.com\/it\/wp-json\/wp\/v2\/pages\/66727\/revisions"}],"predecessor-version":[{"id":66787,"href":"https:\/\/www.accuratereviews.com\/it\/wp-json\/wp\/v2\/pages\/66727\/revisions\/66787"}],"up":[{"embeddable":true,"href":"https:\/\/www.accuratereviews.com\/it\/wp-json\/wp\/v2\/pages\/7571"}],"wp:featuredmedia":[{"embeddable":true,"href":"https:\/\/www.accuratereviews.com\/it\/wp-json\/wp\/v2\/media\/66730"}],"wp:attachment":[{"href":"https:\/\/www.accuratereviews.com\/it\/wp-json\/wp\/v2\/media?parent=66727"}],"wp:term":[{"taxonomy":"category","embeddable":true,"href":"https:\/\/www.accuratereviews.com\/it\/wp-json\/wp\/v2\/categories?post=66727"},{"taxonomy":"post_tag","embeddable":true,"href":"https:\/\/www.accuratereviews.com\/it\/wp-json\/wp\/v2\/tags?post=66727"},{"taxonomy":"features","embeddable":true,"href":"https:\/\/www.accuratereviews.com\/it\/wp-json\/wp\/v2\/features?post=66727"}],"curies":[{"name":"wp","href":"https:\/\/api.w.org\/{rel}","templated":true}]}}