{"id":66835,"date":"2023-02-01T15:24:45","date_gmt":"2023-02-01T15:24:45","guid":{"rendered":"https:\/\/www.accuratereviews.com\/?page_id=66835"},"modified":"2023-02-02T10:42:50","modified_gmt":"2023-02-02T10:42:50","slug":"kannelle-recensione","status":"publish","type":"page","link":"https:\/\/www.accuratereviews.com\/it\/video-editing-lista-software\/kannelle-recensione\/","title":{"rendered":"Kannelle"},"content":{"rendered":"<p><strong>Kannelle<\/strong> \u00e8 la soluzione per creare facilmente <strong>video professionali.<\/strong> Non \u00e8 richiesta alcuna conoscenza di programmazione. Lo strumento rende la creazione di contenuti video accessibile a tutti i dipendenti attraverso tre passaggi: la scelta dello storyboard che soddisfa perfettamente le esigenze degli utenti (come guida aziendale per le risorse umane, coinvolgimento interno o esterno), la ripresa di video seguendo suggerimenti passo dopo passo definite nell&#8217;applicazione e la modifica automatica.<br \/>\nOltre all&#8217;applicazione mobile, \u00e8 disponibile una piattaforma web per gestire utenti, ruoli e permessi che consente la creazione di storyboard personalizzati adattati al business.<\/p>\n<h2>KANNELLE &#8211; TUTORIAL<\/h2>\n<div id=\"fluid-wrapper-counter-1\" class=\"g1-fluid-wrapper \" style=\"width:686px;\">\n<div style=\"padding-bottom:56.268221574344%;\"><iframe loading=\"lazy\" title=\"Webinar Formation : S&#039;inspirer de Tik Tok et Instagram pour vos vid\u00e9os microlearning\" width=\"686\" height=\"386\" src=\"https:\/\/www.youtube.com\/embed\/ihIOzCo8mJg?feature=oembed&amp;wmode=transparent&amp;autohide=1&amp;autoplay=0&amp;disablekb=0&amp;fs=1&amp;loop=0&amp;enablejsapi=1&amp;rel=0&amp;controls=2&amp;showinfo=0&amp;wmode=transparent&amp;autohide=2&amp;autoplay=0&amp;disablekb=0&amp;fs=1&amp;loop=0&amp;enablejsapi=1&amp;rel=0&amp;controls=2&amp;showinfo=1\" frameborder=\"0\" allow=\"accelerometer; autoplay; clipboard-write; encrypted-media; gyroscope; picture-in-picture; web-share\" allowfullscreen><\/iframe><\/div>\n<\/div>\n<h3>KANNELLE &#8211; CARATTERISTICHE<\/h3>\n<ul>\n<li>Loghi, colori e font della tua azienda sempre disponibili.<\/li>\n<li>La musica aziendale e anche le clip intro e altro!<\/li>\n<li>Definire come gli elementi possono essere utilizzati (posizionamento libero o impostato)<\/li>\n<li>Aggiungi, duplica e modifica qualsiasi sequenza.<\/li>\n<li>Dare indicazioni di ripresa: inquadratura, durata&#8230;<\/li>\n<li>Riutilizza e adatta i tuoi storyboard per formato e per lingua.<\/li>\n<li>Una libreria di storyboard gestita centralmente dai tuoi amministratori.<\/li>\n<li>Modelli e animazioni gi\u00e0 brandizzati.<\/li>\n<li>Una selezione che corrisponde alle esigenze di ogni squadra.<\/li>\n<li>Sagome incorniciate per un posizionamento ottimale.<\/li>\n<li>Istruzioni passo passo per ogni scena (orientamento, durata).<\/li>\n<li>Animazioni e colori gi\u00e0 adattati alle esigenze dei tuoi contenuti.<\/li>\n<li>Montaggio automatico in base allo storyboard e al tema scelti.<\/li>\n<li>Modifica manuale per regolare ogni scena e box quando richiesto.<\/li>\n<li>Branding con la tua carta, la tua musica, loghi e jingle.<\/li>\n<li>Scheda tecnica di ogni progetto.<\/li>\n<li>Collegamenti per il download e la condivisione temporanea.<\/li>\n<li>Creazione e finalizzazione di video in modalit\u00e0 web.<\/li>\n<li>Supporto tramite chat, email e telefono.<\/li>\n<li>Formazione iniziale e continua per amministratori e collaboratori.<\/li>\n<\/ul>\n<h4>LE RECENSIONI DEGLI UTENTI<\/h4>\n<p><strong>Irena &#8220;Finalmente la creazione di video diventa accessibile a tutti!&#8221;<\/strong><br \/>\n<strong>Pro<\/strong>: \u00c8 cos\u00ec facile modificare i video con Kannelle! \u00c8 uno strumento accessibile a tutti, non \u00e8 necessario avere competenze specifiche di editing video. Soddisfa completamente le nostre esigenze.<br \/>\n<strong>Contro<\/strong>: La versione per PC \u00e8 un must, ma arriver\u00e0 presto.<\/p>\n<p><strong>Carlo &#8220;Un servizio facile da usare e un supporto molto reattivo&#8221;<\/strong><br \/>\n<strong>Pro<\/strong>: Molto veloce da imparare e molto facile da usare. L&#8217;applicazione \u00e8 davvero pensata dal punto di vista dell&#8217;esperienza utente.<br \/>\n<strong>Contro<\/strong>: Qualche errore nella generazione dei sottotitoli, ma il supporto \u00e8 sempre molto reattivo.<\/p>\n<p><strong>Cedric &#8220;Il video facile che aumenta il coinvolgimento&#8221;<\/strong><br \/>\n<strong>Pro<\/strong>: Facile accesso &#8211; Posso produrre rapidamente video di qualit\u00e0 in autonomia. Gli scenari proposti coprono ampiamente le mie esigenze. Uso Kannelle da anni e l&#8217;app \u00e8 uno strumento chiave per implementare la strategia di comunicazione interna.<br \/>\n<strong>Contro<\/strong>: Niente di particolare: devi solo abituarti all&#8217;idea di lasciar perdere email\/ppt e comunicare in modo diverso.<\/p>\n","protected":false},"excerpt":{"rendered":"<p>Kannelle \u00e8 la soluzione per creare facilmente video professionali. Non \u00e8 richiesta alcuna conoscenza di programmazione. Lo strumento rende la creazione di contenuti video accessibile a tutti i dipendenti attraverso tre passaggi.<\/p>\n","protected":false},"author":19,"featured_media":66847,"parent":7571,"menu_order":0,"comment_status":"closed","ping_status":"closed","template":"g1_template_page_review_new.php","meta":{"_acf_changed":false,"cwp_meta_box_check":"No","cwp_rev_product_name":"","cwp_rev_product_image":"","wppr_links":[],"cwp_rev_price":"","wppr_options":[],"wppr_pros":[],"wppr_cons":[],"_monsterinsights_skip_tracking":false,"_monsterinsights_sitenote_active":false,"_monsterinsights_sitenote_note":"","_monsterinsights_sitenote_category":0,"footnotes":""},"categories":[169],"tags":[14072,14079,3342,1244,228,1273,202],"features":[],"class_list":{"0":"post-66835","1":"page","2":"type-page","3":"status-publish","4":"has-post-thumbnail","6":"category-video-editing-software-it","7":"tag-app-video-editing","8":"tag-kannelle","9":"tag-piattaforma-video-editing","10":"tag-programma-video-editing","11":"tag-software-video-editing","12":"tag-soluzione-video-editing","13":"tag-video-editing"},"wppr_data":{"cwp_meta_box_check":"No"},"acf":[],"yoast_head":"<!-- This site is optimized with the Yoast SEO plugin v27.4 - https:\/\/yoast.com\/product\/yoast-seo-wordpress\/ -->\n<title>Kannelle: recensione software video editing - Accurate Reviews<\/title>\n<meta name=\"description\" content=\"Kannelle: recensione soluzione di creazione video professionale per le aziende per la formazione o la comunicazione con in clienti.\" \/>\n<meta name=\"robots\" content=\"index, follow, max-snippet:-1, max-image-preview:large, max-video-preview:-1\" \/>\n<link rel=\"canonical\" href=\"https:\/\/www.accuratereviews.com\/it\/video-editing-lista-software\/kannelle-recensione\/\" \/>\n<meta property=\"og:locale\" content=\"it_IT\" \/>\n<meta property=\"og:type\" content=\"article\" \/>\n<meta property=\"og:title\" content=\"Kannelle: recensione software video editing - Accurate Reviews\" \/>\n<meta property=\"og:description\" content=\"Kannelle: recensione soluzione di creazione video professionale per le aziende per la formazione o la comunicazione con in clienti.\" \/>\n<meta property=\"og:url\" content=\"https:\/\/www.accuratereviews.com\/it\/video-editing-lista-software\/kannelle-recensione\/\" \/>\n<meta property=\"og:site_name\" content=\"Accurate Reviews\" \/>\n<meta property=\"article:modified_time\" content=\"2023-02-02T10:42:50+00:00\" \/>\n<meta property=\"og:image\" content=\"https:\/\/www.accuratereviews.com\/wp-content\/uploads\/2023\/02\/Screenshot-2023-02-01-alle-09.44.18.png\" \/>\n\t<meta property=\"og:image:width\" content=\"842\" \/>\n\t<meta property=\"og:image:height\" content=\"296\" \/>\n\t<meta property=\"og:image:type\" content=\"image\/png\" \/>\n<meta name=\"twitter:card\" content=\"summary_large_image\" \/>\n<meta name=\"twitter:label1\" content=\"Tempo di lettura stimato\" \/>\n\t<meta name=\"twitter:data1\" content=\"3 minuti\" \/>\n<script type=\"application\/ld+json\" class=\"yoast-schema-graph\">{\"@context\":\"https:\\\/\\\/schema.org\",\"@graph\":[{\"@type\":\"WebPage\",\"@id\":\"https:\\\/\\\/www.accuratereviews.com\\\/it\\\/video-editing-lista-software\\\/kannelle-recensione\\\/\",\"url\":\"https:\\\/\\\/www.accuratereviews.com\\\/it\\\/video-editing-lista-software\\\/kannelle-recensione\\\/\",\"name\":\"Kannelle: recensione software video editing - Accurate Reviews\",\"isPartOf\":{\"@id\":\"https:\\\/\\\/www.accuratereviews.com\\\/it\\\/#website\"},\"primaryImageOfPage\":{\"@id\":\"https:\\\/\\\/www.accuratereviews.com\\\/it\\\/video-editing-lista-software\\\/kannelle-recensione\\\/#primaryimage\"},\"image\":{\"@id\":\"https:\\\/\\\/www.accuratereviews.com\\\/it\\\/video-editing-lista-software\\\/kannelle-recensione\\\/#primaryimage\"},\"thumbnailUrl\":\"https:\\\/\\\/www.accuratereviews.com\\\/wp-content\\\/uploads\\\/2023\\\/02\\\/Screenshot-2023-02-01-alle-09.44.18.png\",\"datePublished\":\"2023-02-01T15:24:45+00:00\",\"dateModified\":\"2023-02-02T10:42:50+00:00\",\"description\":\"Kannelle: recensione soluzione di creazione video professionale per le aziende per la formazione o la comunicazione con in clienti.\",\"breadcrumb\":{\"@id\":\"https:\\\/\\\/www.accuratereviews.com\\\/it\\\/video-editing-lista-software\\\/kannelle-recensione\\\/#breadcrumb\"},\"inLanguage\":\"it-IT\",\"potentialAction\":[{\"@type\":\"ReadAction\",\"target\":[\"https:\\\/\\\/www.accuratereviews.com\\\/it\\\/video-editing-lista-software\\\/kannelle-recensione\\\/\"]}]},{\"@type\":\"ImageObject\",\"inLanguage\":\"it-IT\",\"@id\":\"https:\\\/\\\/www.accuratereviews.com\\\/it\\\/video-editing-lista-software\\\/kannelle-recensione\\\/#primaryimage\",\"url\":\"https:\\\/\\\/www.accuratereviews.com\\\/wp-content\\\/uploads\\\/2023\\\/02\\\/Screenshot-2023-02-01-alle-09.44.18.png\",\"contentUrl\":\"https:\\\/\\\/www.accuratereviews.com\\\/wp-content\\\/uploads\\\/2023\\\/02\\\/Screenshot-2023-02-01-alle-09.44.18.png\",\"width\":842,\"height\":296},{\"@type\":\"BreadcrumbList\",\"@id\":\"https:\\\/\\\/www.accuratereviews.com\\\/it\\\/video-editing-lista-software\\\/kannelle-recensione\\\/#breadcrumb\",\"itemListElement\":[{\"@type\":\"ListItem\",\"position\":1,\"name\":\"Home\",\"item\":\"https:\\\/\\\/www.accuratereviews.com\\\/it\\\/\"},{\"@type\":\"ListItem\",\"position\":2,\"name\":\"Software per il video editing\",\"item\":\"https:\\\/\\\/www.accuratereviews.com\\\/it\\\/video-editing-lista-software\\\/\"},{\"@type\":\"ListItem\",\"position\":3,\"name\":\"Kannelle\"}]},{\"@type\":\"WebSite\",\"@id\":\"https:\\\/\\\/www.accuratereviews.com\\\/it\\\/#website\",\"url\":\"https:\\\/\\\/www.accuratereviews.com\\\/it\\\/\",\"name\":\"Accurate Reviews\",\"description\":\"\",\"potentialAction\":[{\"@type\":\"SearchAction\",\"target\":{\"@type\":\"EntryPoint\",\"urlTemplate\":\"https:\\\/\\\/www.accuratereviews.com\\\/it\\\/?s={search_term_string}\"},\"query-input\":{\"@type\":\"PropertyValueSpecification\",\"valueRequired\":true,\"valueName\":\"search_term_string\"}}],\"inLanguage\":\"it-IT\"}]}<\/script>\n<!-- \/ Yoast SEO plugin. -->","yoast_head_json":{"title":"Kannelle: recensione software video editing - Accurate Reviews","description":"Kannelle: recensione soluzione di creazione video professionale per le aziende per la formazione o la comunicazione con in clienti.","robots":{"index":"index","follow":"follow","max-snippet":"max-snippet:-1","max-image-preview":"max-image-preview:large","max-video-preview":"max-video-preview:-1"},"canonical":"https:\/\/www.accuratereviews.com\/it\/video-editing-lista-software\/kannelle-recensione\/","og_locale":"it_IT","og_type":"article","og_title":"Kannelle: recensione software video editing - Accurate Reviews","og_description":"Kannelle: recensione soluzione di creazione video professionale per le aziende per la formazione o la comunicazione con in clienti.","og_url":"https:\/\/www.accuratereviews.com\/it\/video-editing-lista-software\/kannelle-recensione\/","og_site_name":"Accurate Reviews","article_modified_time":"2023-02-02T10:42:50+00:00","og_image":[{"width":842,"height":296,"url":"https:\/\/www.accuratereviews.com\/wp-content\/uploads\/2023\/02\/Screenshot-2023-02-01-alle-09.44.18.png","type":"image\/png"}],"twitter_card":"summary_large_image","twitter_misc":{"Tempo di lettura stimato":"3 minuti"},"schema":{"@context":"https:\/\/schema.org","@graph":[{"@type":"WebPage","@id":"https:\/\/www.accuratereviews.com\/it\/video-editing-lista-software\/kannelle-recensione\/","url":"https:\/\/www.accuratereviews.com\/it\/video-editing-lista-software\/kannelle-recensione\/","name":"Kannelle: recensione software video editing - Accurate Reviews","isPartOf":{"@id":"https:\/\/www.accuratereviews.com\/it\/#website"},"primaryImageOfPage":{"@id":"https:\/\/www.accuratereviews.com\/it\/video-editing-lista-software\/kannelle-recensione\/#primaryimage"},"image":{"@id":"https:\/\/www.accuratereviews.com\/it\/video-editing-lista-software\/kannelle-recensione\/#primaryimage"},"thumbnailUrl":"https:\/\/www.accuratereviews.com\/wp-content\/uploads\/2023\/02\/Screenshot-2023-02-01-alle-09.44.18.png","datePublished":"2023-02-01T15:24:45+00:00","dateModified":"2023-02-02T10:42:50+00:00","description":"Kannelle: recensione soluzione di creazione video professionale per le aziende per la formazione o la comunicazione con in clienti.","breadcrumb":{"@id":"https:\/\/www.accuratereviews.com\/it\/video-editing-lista-software\/kannelle-recensione\/#breadcrumb"},"inLanguage":"it-IT","potentialAction":[{"@type":"ReadAction","target":["https:\/\/www.accuratereviews.com\/it\/video-editing-lista-software\/kannelle-recensione\/"]}]},{"@type":"ImageObject","inLanguage":"it-IT","@id":"https:\/\/www.accuratereviews.com\/it\/video-editing-lista-software\/kannelle-recensione\/#primaryimage","url":"https:\/\/www.accuratereviews.com\/wp-content\/uploads\/2023\/02\/Screenshot-2023-02-01-alle-09.44.18.png","contentUrl":"https:\/\/www.accuratereviews.com\/wp-content\/uploads\/2023\/02\/Screenshot-2023-02-01-alle-09.44.18.png","width":842,"height":296},{"@type":"BreadcrumbList","@id":"https:\/\/www.accuratereviews.com\/it\/video-editing-lista-software\/kannelle-recensione\/#breadcrumb","itemListElement":[{"@type":"ListItem","position":1,"name":"Home","item":"https:\/\/www.accuratereviews.com\/it\/"},{"@type":"ListItem","position":2,"name":"Software per il video editing","item":"https:\/\/www.accuratereviews.com\/it\/video-editing-lista-software\/"},{"@type":"ListItem","position":3,"name":"Kannelle"}]},{"@type":"WebSite","@id":"https:\/\/www.accuratereviews.com\/it\/#website","url":"https:\/\/www.accuratereviews.com\/it\/","name":"Accurate Reviews","description":"","potentialAction":[{"@type":"SearchAction","target":{"@type":"EntryPoint","urlTemplate":"https:\/\/www.accuratereviews.com\/it\/?s={search_term_string}"},"query-input":{"@type":"PropertyValueSpecification","valueRequired":true,"valueName":"search_term_string"}}],"inLanguage":"it-IT"}]}},"_links":{"self":[{"href":"https:\/\/www.accuratereviews.com\/it\/wp-json\/wp\/v2\/pages\/66835","targetHints":{"allow":["GET"]}}],"collection":[{"href":"https:\/\/www.accuratereviews.com\/it\/wp-json\/wp\/v2\/pages"}],"about":[{"href":"https:\/\/www.accuratereviews.com\/it\/wp-json\/wp\/v2\/types\/page"}],"author":[{"embeddable":true,"href":"https:\/\/www.accuratereviews.com\/it\/wp-json\/wp\/v2\/users\/19"}],"replies":[{"embeddable":true,"href":"https:\/\/www.accuratereviews.com\/it\/wp-json\/wp\/v2\/comments?post=66835"}],"version-history":[{"count":10,"href":"https:\/\/www.accuratereviews.com\/it\/wp-json\/wp\/v2\/pages\/66835\/revisions"}],"predecessor-version":[{"id":66916,"href":"https:\/\/www.accuratereviews.com\/it\/wp-json\/wp\/v2\/pages\/66835\/revisions\/66916"}],"up":[{"embeddable":true,"href":"https:\/\/www.accuratereviews.com\/it\/wp-json\/wp\/v2\/pages\/7571"}],"wp:featuredmedia":[{"embeddable":true,"href":"https:\/\/www.accuratereviews.com\/it\/wp-json\/wp\/v2\/media\/66847"}],"wp:attachment":[{"href":"https:\/\/www.accuratereviews.com\/it\/wp-json\/wp\/v2\/media?parent=66835"}],"wp:term":[{"taxonomy":"category","embeddable":true,"href":"https:\/\/www.accuratereviews.com\/it\/wp-json\/wp\/v2\/categories?post=66835"},{"taxonomy":"post_tag","embeddable":true,"href":"https:\/\/www.accuratereviews.com\/it\/wp-json\/wp\/v2\/tags?post=66835"},{"taxonomy":"features","embeddable":true,"href":"https:\/\/www.accuratereviews.com\/it\/wp-json\/wp\/v2\/features?post=66835"}],"curies":[{"name":"wp","href":"https:\/\/api.w.org\/{rel}","templated":true}]}}