{"id":6686,"date":"2015-10-08T09:19:01","date_gmt":"2015-10-08T09:19:01","guid":{"rendered":"http:\/\/www.accuratereviews.com\/it\/backup-i-migliori-software-e-servizi-software-lista\/sos-online-backup\/"},"modified":"2021-01-26T09:46:44","modified_gmt":"2021-01-26T09:46:44","slug":"sos-online-backup-recensione","status":"publish","type":"page","link":"https:\/\/www.accuratereviews.com\/it\/backup-i-migliori-software-e-servizi-software-lista\/sos-online-backup-recensione\/","title":{"rendered":"Sos Online Backup"},"content":{"rendered":"<p><a href=\"http:\/\/www.accuratereviews.com\/wp-content\/uploads\/2015\/10\/Sos-online-backup.png\"><img loading=\"lazy\" decoding=\"async\" class=\"alignnone size-full wp-image-1518\" src=\"http:\/\/www.accuratereviews.com\/wp-content\/uploads\/2015\/10\/Sos-online-backup.png\" alt=\"SOS Online Backup\" width=\"739\" height=\"475\" srcset=\"https:\/\/www.accuratereviews.com\/wp-content\/uploads\/2015\/10\/Sos-online-backup.png 739w, https:\/\/www.accuratereviews.com\/wp-content\/uploads\/2015\/10\/Sos-online-backup-300x193.png 300w, https:\/\/www.accuratereviews.com\/wp-content\/uploads\/2015\/10\/Sos-online-backup-194x125.png 194w, https:\/\/www.accuratereviews.com\/wp-content\/uploads\/2015\/10\/Sos-online-backup-50x32.png 50w, https:\/\/www.accuratereviews.com\/wp-content\/uploads\/2015\/10\/Sos-online-backup-636x409.png 636w, https:\/\/www.accuratereviews.com\/wp-content\/uploads\/2015\/10\/Sos-online-backup-320x206.png 320w, https:\/\/www.accuratereviews.com\/wp-content\/uploads\/2015\/10\/Sos-online-backup-239x154.png 239w\" sizes=\"auto, (max-width: 739px) 100vw, 739px\" \/><\/a><\/p>\n<p><strong>SOS Online Backup \u00e8 uno dei provider pi\u00f9 noti nel mondo per il backup online<\/strong>. Pensato per piccole e medie aziende, il servizio funziona in background automaticamente, senza interrompere alcuna attivit\u00e0, lavorando su PC, Mac e dispositivi mobile. <strong>\u00c8 possibile programmare backup orari, giornalieri, settimanali o mensili<\/strong>.<\/p>\n<p>\u00c8 possibile anche settare una notifica quotidiana e limitare il numero di backup effettuati automaticamente. <strong>Tra le opzioni c\u2019\u00e8 la possibilit\u00e0 di ricevere report sulle attivit\u00e0 svolte<\/strong>. SOS Online Backup non ha interfaccia in lingua italiana.<\/p>\n<p>Per maggiori dettagli sul servizio vi rimandiamo <a href=\"https:\/\/www.accuratereviews.com\/best-online-backup-reviews-list\/sos-online-backup\/\" title=\"alla nostra recensione in lingua inglese\">alla nostra recensione in lingua inglese<\/a>.<\/p>\n","protected":false},"excerpt":{"rendered":"<p>SOS Online Backup \u00e8 uno dei provider pi\u00f9 noti nel mondo per il backup online. Pensato per piccole e medie aziende, il servizio funziona in background automaticamente.<\/p>\n","protected":false},"author":16,"featured_media":0,"parent":6671,"menu_order":9,"comment_status":"open","ping_status":"closed","template":"g1_template_page_review_new.php","meta":{"_acf_changed":false,"cwp_meta_box_check":"Yes","cwp_rev_product_name":"","cwp_rev_product_image":"","wppr_links":[],"cwp_rev_price":"","wppr_options":[],"wppr_pros":[],"wppr_cons":[],"_monsterinsights_skip_tracking":false,"_monsterinsights_sitenote_active":false,"_monsterinsights_sitenote_note":"","_monsterinsights_sitenote_category":0,"footnotes":""},"categories":[98,135],"tags":[772,773,774,771],"features":[],"class_list":{"0":"post-6686","1":"page","2":"type-page","3":"status-publish","5":"category-backup","6":"category-online-backup-it","7":"tag-programma-backup-online","8":"tag-programmare-backup","9":"tag-report-attivita-svolte","10":"tag-software-backup-online"},"wppr_data":{"cwp_meta_box_check":"Yes","cwp_rev_product_name":"","cwp_rev_product_image":"","cwp_image_link":"image","cwp_rev_price":"","wppr_rating":"0.00"},"acf":[],"yoast_head":"<!-- This site is optimized with the Yoast SEO plugin v27.4 - https:\/\/yoast.com\/product\/yoast-seo-wordpress\/ -->\n<title>Sos Online Backup - Accurate Reviews<\/title>\n<meta name=\"description\" content=\"SOS Online Backup: recensione di uno dei provider pi\u00f9 noti nel mondo per il backup online. Pensato per piccole e medie aziende.\" \/>\n<meta name=\"robots\" content=\"index, follow, max-snippet:-1, max-image-preview:large, max-video-preview:-1\" \/>\n<link rel=\"canonical\" href=\"https:\/\/www.accuratereviews.com\/it\/backup-i-migliori-software-e-servizi-software-lista\/sos-online-backup-recensione\/\" \/>\n<meta property=\"og:locale\" content=\"it_IT\" \/>\n<meta property=\"og:type\" content=\"article\" \/>\n<meta property=\"og:title\" content=\"Sos Online Backup - Accurate Reviews\" \/>\n<meta property=\"og:description\" content=\"SOS Online Backup: recensione di uno dei provider pi\u00f9 noti nel mondo per il backup online. Pensato per piccole e medie aziende.\" \/>\n<meta property=\"og:url\" content=\"https:\/\/www.accuratereviews.com\/it\/backup-i-migliori-software-e-servizi-software-lista\/sos-online-backup-recensione\/\" \/>\n<meta property=\"og:site_name\" content=\"Accurate Reviews\" \/>\n<meta property=\"article:modified_time\" content=\"2021-01-26T09:46:44+00:00\" \/>\n<meta property=\"og:image\" content=\"http:\/\/www.accuratereviews.com\/wp-content\/uploads\/2015\/10\/Sos-online-backup.png\" \/>\n<meta name=\"twitter:card\" content=\"summary_large_image\" \/>\n<script type=\"application\/ld+json\" class=\"yoast-schema-graph\">{\"@context\":\"https:\\\/\\\/schema.org\",\"@graph\":[{\"@type\":\"WebPage\",\"@id\":\"https:\\\/\\\/www.accuratereviews.com\\\/it\\\/backup-i-migliori-software-e-servizi-software-lista\\\/sos-online-backup-recensione\\\/\",\"url\":\"https:\\\/\\\/www.accuratereviews.com\\\/it\\\/backup-i-migliori-software-e-servizi-software-lista\\\/sos-online-backup-recensione\\\/\",\"name\":\"Sos Online Backup - Accurate Reviews\",\"isPartOf\":{\"@id\":\"https:\\\/\\\/www.accuratereviews.com\\\/it\\\/#website\"},\"primaryImageOfPage\":{\"@id\":\"https:\\\/\\\/www.accuratereviews.com\\\/it\\\/backup-i-migliori-software-e-servizi-software-lista\\\/sos-online-backup-recensione\\\/#primaryimage\"},\"image\":{\"@id\":\"https:\\\/\\\/www.accuratereviews.com\\\/it\\\/backup-i-migliori-software-e-servizi-software-lista\\\/sos-online-backup-recensione\\\/#primaryimage\"},\"thumbnailUrl\":\"http:\\\/\\\/www.accuratereviews.com\\\/wp-content\\\/uploads\\\/2015\\\/10\\\/Sos-online-backup.png\",\"datePublished\":\"2015-10-08T09:19:01+00:00\",\"dateModified\":\"2021-01-26T09:46:44+00:00\",\"description\":\"SOS Online Backup: recensione di uno dei provider pi\u00f9 noti nel mondo per il backup online. Pensato per piccole e medie aziende.\",\"breadcrumb\":{\"@id\":\"https:\\\/\\\/www.accuratereviews.com\\\/it\\\/backup-i-migliori-software-e-servizi-software-lista\\\/sos-online-backup-recensione\\\/#breadcrumb\"},\"inLanguage\":\"it-IT\",\"potentialAction\":[{\"@type\":\"ReadAction\",\"target\":[\"https:\\\/\\\/www.accuratereviews.com\\\/it\\\/backup-i-migliori-software-e-servizi-software-lista\\\/sos-online-backup-recensione\\\/\"]}]},{\"@type\":\"ImageObject\",\"inLanguage\":\"it-IT\",\"@id\":\"https:\\\/\\\/www.accuratereviews.com\\\/it\\\/backup-i-migliori-software-e-servizi-software-lista\\\/sos-online-backup-recensione\\\/#primaryimage\",\"url\":\"http:\\\/\\\/www.accuratereviews.com\\\/wp-content\\\/uploads\\\/2015\\\/10\\\/Sos-online-backup.png\",\"contentUrl\":\"http:\\\/\\\/www.accuratereviews.com\\\/wp-content\\\/uploads\\\/2015\\\/10\\\/Sos-online-backup.png\"},{\"@type\":\"BreadcrumbList\",\"@id\":\"https:\\\/\\\/www.accuratereviews.com\\\/it\\\/backup-i-migliori-software-e-servizi-software-lista\\\/sos-online-backup-recensione\\\/#breadcrumb\",\"itemListElement\":[{\"@type\":\"ListItem\",\"position\":1,\"name\":\"Home\",\"item\":\"https:\\\/\\\/www.accuratereviews.com\\\/it\\\/\"},{\"@type\":\"ListItem\",\"position\":2,\"name\":\"Backup: i migliori software e servizi\",\"item\":\"https:\\\/\\\/www.accuratereviews.com\\\/it\\\/backup-i-migliori-software-e-servizi-software-lista\\\/\"},{\"@type\":\"ListItem\",\"position\":3,\"name\":\"Sos Online Backup\"}]},{\"@type\":\"WebSite\",\"@id\":\"https:\\\/\\\/www.accuratereviews.com\\\/it\\\/#website\",\"url\":\"https:\\\/\\\/www.accuratereviews.com\\\/it\\\/\",\"name\":\"Accurate Reviews\",\"description\":\"\",\"potentialAction\":[{\"@type\":\"SearchAction\",\"target\":{\"@type\":\"EntryPoint\",\"urlTemplate\":\"https:\\\/\\\/www.accuratereviews.com\\\/it\\\/?s={search_term_string}\"},\"query-input\":{\"@type\":\"PropertyValueSpecification\",\"valueRequired\":true,\"valueName\":\"search_term_string\"}}],\"inLanguage\":\"it-IT\"}]}<\/script>\n<!-- \/ Yoast SEO plugin. -->","yoast_head_json":{"title":"Sos Online Backup - Accurate Reviews","description":"SOS Online Backup: recensione di uno dei provider pi\u00f9 noti nel mondo per il backup online. Pensato per piccole e medie aziende.","robots":{"index":"index","follow":"follow","max-snippet":"max-snippet:-1","max-image-preview":"max-image-preview:large","max-video-preview":"max-video-preview:-1"},"canonical":"https:\/\/www.accuratereviews.com\/it\/backup-i-migliori-software-e-servizi-software-lista\/sos-online-backup-recensione\/","og_locale":"it_IT","og_type":"article","og_title":"Sos Online Backup - Accurate Reviews","og_description":"SOS Online Backup: recensione di uno dei provider pi\u00f9 noti nel mondo per il backup online. Pensato per piccole e medie aziende.","og_url":"https:\/\/www.accuratereviews.com\/it\/backup-i-migliori-software-e-servizi-software-lista\/sos-online-backup-recensione\/","og_site_name":"Accurate Reviews","article_modified_time":"2021-01-26T09:46:44+00:00","og_image":[{"url":"http:\/\/www.accuratereviews.com\/wp-content\/uploads\/2015\/10\/Sos-online-backup.png","type":"","width":"","height":""}],"twitter_card":"summary_large_image","schema":{"@context":"https:\/\/schema.org","@graph":[{"@type":"WebPage","@id":"https:\/\/www.accuratereviews.com\/it\/backup-i-migliori-software-e-servizi-software-lista\/sos-online-backup-recensione\/","url":"https:\/\/www.accuratereviews.com\/it\/backup-i-migliori-software-e-servizi-software-lista\/sos-online-backup-recensione\/","name":"Sos Online Backup - Accurate Reviews","isPartOf":{"@id":"https:\/\/www.accuratereviews.com\/it\/#website"},"primaryImageOfPage":{"@id":"https:\/\/www.accuratereviews.com\/it\/backup-i-migliori-software-e-servizi-software-lista\/sos-online-backup-recensione\/#primaryimage"},"image":{"@id":"https:\/\/www.accuratereviews.com\/it\/backup-i-migliori-software-e-servizi-software-lista\/sos-online-backup-recensione\/#primaryimage"},"thumbnailUrl":"http:\/\/www.accuratereviews.com\/wp-content\/uploads\/2015\/10\/Sos-online-backup.png","datePublished":"2015-10-08T09:19:01+00:00","dateModified":"2021-01-26T09:46:44+00:00","description":"SOS Online Backup: recensione di uno dei provider pi\u00f9 noti nel mondo per il backup online. Pensato per piccole e medie aziende.","breadcrumb":{"@id":"https:\/\/www.accuratereviews.com\/it\/backup-i-migliori-software-e-servizi-software-lista\/sos-online-backup-recensione\/#breadcrumb"},"inLanguage":"it-IT","potentialAction":[{"@type":"ReadAction","target":["https:\/\/www.accuratereviews.com\/it\/backup-i-migliori-software-e-servizi-software-lista\/sos-online-backup-recensione\/"]}]},{"@type":"ImageObject","inLanguage":"it-IT","@id":"https:\/\/www.accuratereviews.com\/it\/backup-i-migliori-software-e-servizi-software-lista\/sos-online-backup-recensione\/#primaryimage","url":"http:\/\/www.accuratereviews.com\/wp-content\/uploads\/2015\/10\/Sos-online-backup.png","contentUrl":"http:\/\/www.accuratereviews.com\/wp-content\/uploads\/2015\/10\/Sos-online-backup.png"},{"@type":"BreadcrumbList","@id":"https:\/\/www.accuratereviews.com\/it\/backup-i-migliori-software-e-servizi-software-lista\/sos-online-backup-recensione\/#breadcrumb","itemListElement":[{"@type":"ListItem","position":1,"name":"Home","item":"https:\/\/www.accuratereviews.com\/it\/"},{"@type":"ListItem","position":2,"name":"Backup: i migliori software e servizi","item":"https:\/\/www.accuratereviews.com\/it\/backup-i-migliori-software-e-servizi-software-lista\/"},{"@type":"ListItem","position":3,"name":"Sos Online Backup"}]},{"@type":"WebSite","@id":"https:\/\/www.accuratereviews.com\/it\/#website","url":"https:\/\/www.accuratereviews.com\/it\/","name":"Accurate Reviews","description":"","potentialAction":[{"@type":"SearchAction","target":{"@type":"EntryPoint","urlTemplate":"https:\/\/www.accuratereviews.com\/it\/?s={search_term_string}"},"query-input":{"@type":"PropertyValueSpecification","valueRequired":true,"valueName":"search_term_string"}}],"inLanguage":"it-IT"}]}},"_links":{"self":[{"href":"https:\/\/www.accuratereviews.com\/it\/wp-json\/wp\/v2\/pages\/6686","targetHints":{"allow":["GET"]}}],"collection":[{"href":"https:\/\/www.accuratereviews.com\/it\/wp-json\/wp\/v2\/pages"}],"about":[{"href":"https:\/\/www.accuratereviews.com\/it\/wp-json\/wp\/v2\/types\/page"}],"author":[{"embeddable":true,"href":"https:\/\/www.accuratereviews.com\/it\/wp-json\/wp\/v2\/users\/16"}],"replies":[{"embeddable":true,"href":"https:\/\/www.accuratereviews.com\/it\/wp-json\/wp\/v2\/comments?post=6686"}],"version-history":[{"count":7,"href":"https:\/\/www.accuratereviews.com\/it\/wp-json\/wp\/v2\/pages\/6686\/revisions"}],"predecessor-version":[{"id":6769,"href":"https:\/\/www.accuratereviews.com\/it\/wp-json\/wp\/v2\/pages\/6686\/revisions\/6769"}],"up":[{"embeddable":true,"href":"https:\/\/www.accuratereviews.com\/it\/wp-json\/wp\/v2\/pages\/6671"}],"wp:attachment":[{"href":"https:\/\/www.accuratereviews.com\/it\/wp-json\/wp\/v2\/media?parent=6686"}],"wp:term":[{"taxonomy":"category","embeddable":true,"href":"https:\/\/www.accuratereviews.com\/it\/wp-json\/wp\/v2\/categories?post=6686"},{"taxonomy":"post_tag","embeddable":true,"href":"https:\/\/www.accuratereviews.com\/it\/wp-json\/wp\/v2\/tags?post=6686"},{"taxonomy":"features","embeddable":true,"href":"https:\/\/www.accuratereviews.com\/it\/wp-json\/wp\/v2\/features?post=6686"}],"curies":[{"name":"wp","href":"https:\/\/api.w.org\/{rel}","templated":true}]}}