{"id":66904,"date":"2023-02-02T13:21:29","date_gmt":"2023-02-02T13:21:29","guid":{"rendered":"https:\/\/www.accuratereviews.com\/?page_id=66904"},"modified":"2023-02-02T13:21:29","modified_gmt":"2023-02-02T13:21:29","slug":"contentflow-recensione","status":"publish","type":"page","link":"https:\/\/www.accuratereviews.com\/it\/video-editing-lista-software\/contentflow-recensione\/","title":{"rendered":"ContentFlow"},"content":{"rendered":"<p><strong>ContentFlow<\/strong> \u00e8 un <strong>software di live streaming<\/strong>, basato su <strong>cloud<\/strong>, progettato per aiutare le aziende a distribuire contenuti per migliorare il coinvolgimento del pubblico, la copertura mediatica e le metriche di vendita attraverso eventi e conferenze. Gli spazi di lavoro e i team possono organizzare live streaming per facilitare la collaborazione e utilizzare il lettore per incorporare video nei siti web aziendali.<br \/>\nPermette\u00a0ai gestori di distribuire contenuti video su piattaforme tra cui Facebook, Twitch, YouTube, Twitter e altre destinazioni, che accettano il protocollo di messaggistica in tempo reale (RTMP). I supervisori possono aggiungere automaticamente sottotitoli e inserti grafici statici o loghi ai live streaming, pubblicare clip sui canali social e cercare file multimediali in base alle esigenze. Le aziende possono anche ottenere informazioni sul numero di visualizzazioni sui live streaming e monitorare le posizioni del pubblico utilizzando le mappe di calore di geolocalizzazione.<\/p>\n<h2>CONTENTFLOW &#8211; TUTORIAL<\/h2>\n<div id=\"fluid-wrapper-counter-1\" class=\"g1-fluid-wrapper \" style=\"width:686px;\">\n<div style=\"padding-bottom:56.268221574344%;\"><iframe loading=\"lazy\" title=\"Contentflow demo @ Livecamp Summit\" width=\"686\" height=\"386\" src=\"https:\/\/www.youtube.com\/embed\/CtWJF7sZUWA?feature=oembed&amp;wmode=transparent&amp;autohide=1&amp;autoplay=0&amp;disablekb=0&amp;fs=1&amp;loop=0&amp;enablejsapi=1&amp;rel=0&amp;controls=2&amp;showinfo=0&amp;wmode=transparent&amp;autohide=2&amp;autoplay=0&amp;disablekb=0&amp;fs=1&amp;loop=0&amp;enablejsapi=1&amp;rel=0&amp;controls=2&amp;showinfo=1\" frameborder=\"0\" allow=\"accelerometer; autoplay; clipboard-write; encrypted-media; gyroscope; picture-in-picture; web-share\" allowfullscreen><\/iframe><\/div>\n<\/div>\n<h3>CONTENTFLOW &#8211; CARATTERISTICHE<\/h3>\n<ul>\n<li><strong>Multistream<\/strong>: distribuisci il tuo video su qualsiasi destinazione, come Facebook, YouTube, Twitter, Twitch o qualsiasi altra destinazione che accetti RTMP.<\/li>\n<li><strong>Fonti di streaming<\/strong>: ricevere il segnale dell&#8217;immagine da qualsiasi dispositivo con RTMP Ingest.<\/li>\n<li><strong>Sottotitoli<\/strong>: aggiungi sottotitoli automatici (di qualit\u00e0 impressionante) al tuo live streaming su tutti i canali.<\/li>\n<li><strong>Modifica basata su cloud<\/strong>: taglia e modifica i file video direttamente nel cloud, incluso il rendering in tempi record.<\/li>\n<li><strong>Grafica<\/strong>: aggiungi inserti statici (come un logo) ai tuoi live streaming.<\/li>\n<li><strong>Ritaglio dal vivo<\/strong>: taglia i primi clip dallo stream corrente, facilmente nel browser.<\/li>\n<li><strong>Scalabile:<\/strong> infrastruttura scalabile per la migliore esperienza di streaming in qualsiasi momento.<\/li>\n<li><strong>Conforme al GDPR.<\/strong>: con la soluzione lo streaming \u00e8 sicuro e conforme al GDPR.<\/li>\n<li><strong>Spingi sui social<\/strong>: pubblica facilmente clip sui tuoi canali di social media.<\/li>\n<li><strong>Analitica<\/strong>: scopri immediatamente quanti utenti hanno visualizzato i tuoi stream in qualsiasi momento o estrai una mappa termica di geolocalizzazione per un&#8217;illustrazione visiva di dove si trovano realmente i tuoi spettatori.<\/li>\n<li><strong>Interazioni<\/strong>: arricchisci il tuo streaming aggiungendo il widget di chat di testo per discussioni all&#8217;interno della tua community.<\/li>\n<li><strong>Backup automatico<\/strong>: imposta una sorgente di streaming di backup in ciascun lettore. Questo subentrer\u00e0 automaticamente se la sorgente del flusso principale si interrompe.<\/li>\n<\/ul>\n<h4>LE RECENSIONI DEGLI UTENTI<\/h4>\n<p><strong>Robby &#8220;Alto rapporto qualit\u00e0-prezzo&#8221;<\/strong><br \/>\n<strong>Pro<\/strong>: Facilit\u00e0 d&#8217;uso (breve tempo di onboarding) Flessibilit\u00e0 nell&#8217;impostazione di diversi scenari di produzione Prestazioni scalabili<br \/>\n<strong>Contro<\/strong>: Non c&#8217;\u00e8 niente che non mi piace a questo punto.<\/p>\n<p><strong>Lara &#8220;Un software di streaming per esigenze professionali&#8221;<\/strong><br \/>\n<strong>Commenti<\/strong>: Nel complesso, il software fa un&#8217;impressione molto solida, finora non ho mai avuto problemi. Il team risponde rapidamente alle domande e il software \u00e8 in continua evoluzione.<br \/>\n<strong>Pro<\/strong>: Mi piace che abbiamo un lettore con il software che possiamo incorporare in qualsiasi sito. Con le statistiche in tempo reale, posso sempre vedere quanti utenti ci sono attualmente. Distribuiamo anche lo streaming sui canali social e modifico quasi tutti i video direttamente nel software.<br \/>\n<strong>Contro<\/strong>: Vorrei solo tagliare ancora pi\u00f9 funzioni. Tuttavia, apprezzo la velocit\u00e0 con cui vengono elaborati i file video, non vorrei pi\u00f9 farne a meno.<\/p>\n<p><strong>Gregor &#8220;Con Contentflow abbiamo sotto controllo i nostri contenuti live&#8221;<\/strong><br \/>\n<strong>Commenti<\/strong>: Nel complesso una soluzione molto solida e stabile, con supporto personale. Dopo un periodo di formazione molto breve, puoi iniziare lo streaming.<br \/>\n<strong>Pro<\/strong>: La facilit\u00e0 d&#8217;uso e la possibilit\u00e0 di controllare tutti i live streaming da un unico posto pur avendo sempre accesso ai video. Il materiale \u00e8 reso super veloce e i primi video possono anche essere creati dal flusso corrente.<br \/>\n<strong>Contro<\/strong>: Sfortunatamente, non esiste ancora una direzione completa dell&#8217;immagine, ma i segnali dell&#8217;immagine possono essere commutati, la grafica pu\u00f2 essere mostrata, ecc. Questo copre le funzioni essenziali.<\/p>\n","protected":false},"excerpt":{"rendered":"<p>ContentFlow \u00e8 un software di live streaming, basato su cloud, progettato per aiutare le aziende a distribuire contenuti per migliorare il coinvolgimento del pubblico, la copertura mediatica e le metriche di vendita attraverso eventi e conferenze.<\/p>\n","protected":false},"author":19,"featured_media":66905,"parent":7571,"menu_order":0,"comment_status":"open","ping_status":"closed","template":"g1_template_page_review_new.php","meta":{"_acf_changed":false,"cwp_meta_box_check":"Yes","cwp_rev_product_name":"","cwp_rev_product_image":"","wppr_links":[],"cwp_rev_price":"0.00","wppr_options":[{"name":"Usability","value":"0"},{"name":"Speed","value":"0"},{"name":"Features","value":"0"},{"name":"Support","value":"0"},{"name":"Pricing","value":"0"}],"wppr_pros":["","","","",""],"wppr_cons":["","","","",""],"_monsterinsights_skip_tracking":false,"_monsterinsights_sitenote_active":false,"_monsterinsights_sitenote_note":"","_monsterinsights_sitenote_category":0,"footnotes":""},"categories":[169],"tags":[14091,3342,1244,228,1273,202],"features":[],"class_list":{"0":"post-66904","1":"page","2":"type-page","3":"status-publish","4":"has-post-thumbnail","6":"category-video-editing-software-it","7":"tag-contentflow","8":"tag-piattaforma-video-editing","9":"tag-programma-video-editing","10":"tag-software-video-editing","11":"tag-soluzione-video-editing","12":"tag-video-editing"},"wppr_data":{"cwp_meta_box_check":"Yes","_wppr_review_template":"default","cwp_rev_product_image":"","cwp_image_link":"image","wppr_links":[],"cwp_rev_price":"0.00","wppr_pros":["","","","",""],"wppr_cons":["","","","",""],"wppr_rating":"0.00","wppr_options":{"1":{"name":"Usability","value":"0"},"2":{"name":"Speed","value":"0"},"3":{"name":"Features","value":"0"},"4":{"name":"Support","value":"0"},"5":{"name":"Pricing","value":"0"}},"wppr_review_type":"Product","wppr_review_custom_fields":{"additionalProperty":"","additionalType":"","aggregateRating":"","alternateName":"","audience":"","award":"","awards":"","brand":"","color":"","depth":"","description":"","disambiguatingDescription":"","gtin12":"","gtin13":"","gtin14":"","gtin8":"","height":"","identifier":"","image":"","isAccessoryOrSparePartFor":"","isConsumableFor":"","isRelatedTo":"","isSimilarTo":"","itemCondition":"","logo":"","mainEntityOfPage":"","manufacturer":"","material":"","model":"","mpn":"","name":"","offers":"","potentialAction":"","productID":"","productionDate":"","purchaseDate":"","releaseDate":"","review":"","reviews":"","sameAs":"","sku":"","slogan":"","subjectOf":"","url":"","weight":"","width":""}},"acf":[],"yoast_head":"<!-- This site is optimized with the Yoast SEO plugin v27.4 - https:\/\/yoast.com\/product\/yoast-seo-wordpress\/ -->\n<title>ContentFlow: recensione software video editing - Accurate Reviews<\/title>\n<meta name=\"description\" content=\"ContentFlow: recensione software di live streaming, basato su cloud, progettato per aiutare le aziende a distribuire contenuti.\" \/>\n<meta name=\"robots\" content=\"index, follow, max-snippet:-1, max-image-preview:large, max-video-preview:-1\" \/>\n<link rel=\"canonical\" href=\"https:\/\/www.accuratereviews.com\/it\/video-editing-lista-software\/contentflow-recensione\/\" \/>\n<meta property=\"og:locale\" content=\"it_IT\" \/>\n<meta property=\"og:type\" content=\"article\" \/>\n<meta property=\"og:title\" content=\"ContentFlow: recensione software video editing - Accurate Reviews\" \/>\n<meta property=\"og:description\" content=\"ContentFlow: recensione software di live streaming, basato su cloud, progettato per aiutare le aziende a distribuire contenuti.\" \/>\n<meta property=\"og:url\" content=\"https:\/\/www.accuratereviews.com\/it\/video-editing-lista-software\/contentflow-recensione\/\" \/>\n<meta property=\"og:site_name\" content=\"Accurate Reviews\" \/>\n<meta property=\"og:image\" content=\"https:\/\/www.accuratereviews.com\/wp-content\/uploads\/2023\/02\/Contentflow_Logo_new_red.png\" \/>\n\t<meta property=\"og:image:width\" content=\"1920\" \/>\n\t<meta property=\"og:image:height\" content=\"555\" \/>\n\t<meta property=\"og:image:type\" content=\"image\/png\" \/>\n<meta name=\"twitter:card\" content=\"summary_large_image\" \/>\n<meta name=\"twitter:label1\" content=\"Tempo di lettura stimato\" \/>\n\t<meta name=\"twitter:data1\" content=\"4 minuti\" \/>\n<script type=\"application\/ld+json\" class=\"yoast-schema-graph\">{\"@context\":\"https:\\\/\\\/schema.org\",\"@graph\":[{\"@type\":\"WebPage\",\"@id\":\"https:\\\/\\\/www.accuratereviews.com\\\/it\\\/video-editing-lista-software\\\/contentflow-recensione\\\/\",\"url\":\"https:\\\/\\\/www.accuratereviews.com\\\/it\\\/video-editing-lista-software\\\/contentflow-recensione\\\/\",\"name\":\"ContentFlow: recensione software video editing - Accurate Reviews\",\"isPartOf\":{\"@id\":\"https:\\\/\\\/www.accuratereviews.com\\\/it\\\/#website\"},\"primaryImageOfPage\":{\"@id\":\"https:\\\/\\\/www.accuratereviews.com\\\/it\\\/video-editing-lista-software\\\/contentflow-recensione\\\/#primaryimage\"},\"image\":{\"@id\":\"https:\\\/\\\/www.accuratereviews.com\\\/it\\\/video-editing-lista-software\\\/contentflow-recensione\\\/#primaryimage\"},\"thumbnailUrl\":\"https:\\\/\\\/www.accuratereviews.com\\\/wp-content\\\/uploads\\\/2023\\\/02\\\/Contentflow_Logo_new_red.png\",\"datePublished\":\"2023-02-02T13:21:29+00:00\",\"description\":\"ContentFlow: recensione software di live streaming, basato su cloud, progettato per aiutare le aziende a distribuire contenuti.\",\"breadcrumb\":{\"@id\":\"https:\\\/\\\/www.accuratereviews.com\\\/it\\\/video-editing-lista-software\\\/contentflow-recensione\\\/#breadcrumb\"},\"inLanguage\":\"it-IT\",\"potentialAction\":[{\"@type\":\"ReadAction\",\"target\":[\"https:\\\/\\\/www.accuratereviews.com\\\/it\\\/video-editing-lista-software\\\/contentflow-recensione\\\/\"]}]},{\"@type\":\"ImageObject\",\"inLanguage\":\"it-IT\",\"@id\":\"https:\\\/\\\/www.accuratereviews.com\\\/it\\\/video-editing-lista-software\\\/contentflow-recensione\\\/#primaryimage\",\"url\":\"https:\\\/\\\/www.accuratereviews.com\\\/wp-content\\\/uploads\\\/2023\\\/02\\\/Contentflow_Logo_new_red.png\",\"contentUrl\":\"https:\\\/\\\/www.accuratereviews.com\\\/wp-content\\\/uploads\\\/2023\\\/02\\\/Contentflow_Logo_new_red.png\",\"width\":1920,\"height\":555},{\"@type\":\"BreadcrumbList\",\"@id\":\"https:\\\/\\\/www.accuratereviews.com\\\/it\\\/video-editing-lista-software\\\/contentflow-recensione\\\/#breadcrumb\",\"itemListElement\":[{\"@type\":\"ListItem\",\"position\":1,\"name\":\"Home\",\"item\":\"https:\\\/\\\/www.accuratereviews.com\\\/it\\\/\"},{\"@type\":\"ListItem\",\"position\":2,\"name\":\"Software per il video editing\",\"item\":\"https:\\\/\\\/www.accuratereviews.com\\\/it\\\/video-editing-lista-software\\\/\"},{\"@type\":\"ListItem\",\"position\":3,\"name\":\"ContentFlow\"}]},{\"@type\":\"WebSite\",\"@id\":\"https:\\\/\\\/www.accuratereviews.com\\\/it\\\/#website\",\"url\":\"https:\\\/\\\/www.accuratereviews.com\\\/it\\\/\",\"name\":\"Accurate Reviews\",\"description\":\"\",\"potentialAction\":[{\"@type\":\"SearchAction\",\"target\":{\"@type\":\"EntryPoint\",\"urlTemplate\":\"https:\\\/\\\/www.accuratereviews.com\\\/it\\\/?s={search_term_string}\"},\"query-input\":{\"@type\":\"PropertyValueSpecification\",\"valueRequired\":true,\"valueName\":\"search_term_string\"}}],\"inLanguage\":\"it-IT\"}]}<\/script>\n<!-- \/ Yoast SEO plugin. -->","yoast_head_json":{"title":"ContentFlow: recensione software video editing - Accurate Reviews","description":"ContentFlow: recensione software di live streaming, basato su cloud, progettato per aiutare le aziende a distribuire contenuti.","robots":{"index":"index","follow":"follow","max-snippet":"max-snippet:-1","max-image-preview":"max-image-preview:large","max-video-preview":"max-video-preview:-1"},"canonical":"https:\/\/www.accuratereviews.com\/it\/video-editing-lista-software\/contentflow-recensione\/","og_locale":"it_IT","og_type":"article","og_title":"ContentFlow: recensione software video editing - Accurate Reviews","og_description":"ContentFlow: recensione software di live streaming, basato su cloud, progettato per aiutare le aziende a distribuire contenuti.","og_url":"https:\/\/www.accuratereviews.com\/it\/video-editing-lista-software\/contentflow-recensione\/","og_site_name":"Accurate Reviews","og_image":[{"width":1920,"height":555,"url":"https:\/\/www.accuratereviews.com\/wp-content\/uploads\/2023\/02\/Contentflow_Logo_new_red.png","type":"image\/png"}],"twitter_card":"summary_large_image","twitter_misc":{"Tempo di lettura stimato":"4 minuti"},"schema":{"@context":"https:\/\/schema.org","@graph":[{"@type":"WebPage","@id":"https:\/\/www.accuratereviews.com\/it\/video-editing-lista-software\/contentflow-recensione\/","url":"https:\/\/www.accuratereviews.com\/it\/video-editing-lista-software\/contentflow-recensione\/","name":"ContentFlow: recensione software video editing - Accurate Reviews","isPartOf":{"@id":"https:\/\/www.accuratereviews.com\/it\/#website"},"primaryImageOfPage":{"@id":"https:\/\/www.accuratereviews.com\/it\/video-editing-lista-software\/contentflow-recensione\/#primaryimage"},"image":{"@id":"https:\/\/www.accuratereviews.com\/it\/video-editing-lista-software\/contentflow-recensione\/#primaryimage"},"thumbnailUrl":"https:\/\/www.accuratereviews.com\/wp-content\/uploads\/2023\/02\/Contentflow_Logo_new_red.png","datePublished":"2023-02-02T13:21:29+00:00","description":"ContentFlow: recensione software di live streaming, basato su cloud, progettato per aiutare le aziende a distribuire contenuti.","breadcrumb":{"@id":"https:\/\/www.accuratereviews.com\/it\/video-editing-lista-software\/contentflow-recensione\/#breadcrumb"},"inLanguage":"it-IT","potentialAction":[{"@type":"ReadAction","target":["https:\/\/www.accuratereviews.com\/it\/video-editing-lista-software\/contentflow-recensione\/"]}]},{"@type":"ImageObject","inLanguage":"it-IT","@id":"https:\/\/www.accuratereviews.com\/it\/video-editing-lista-software\/contentflow-recensione\/#primaryimage","url":"https:\/\/www.accuratereviews.com\/wp-content\/uploads\/2023\/02\/Contentflow_Logo_new_red.png","contentUrl":"https:\/\/www.accuratereviews.com\/wp-content\/uploads\/2023\/02\/Contentflow_Logo_new_red.png","width":1920,"height":555},{"@type":"BreadcrumbList","@id":"https:\/\/www.accuratereviews.com\/it\/video-editing-lista-software\/contentflow-recensione\/#breadcrumb","itemListElement":[{"@type":"ListItem","position":1,"name":"Home","item":"https:\/\/www.accuratereviews.com\/it\/"},{"@type":"ListItem","position":2,"name":"Software per il video editing","item":"https:\/\/www.accuratereviews.com\/it\/video-editing-lista-software\/"},{"@type":"ListItem","position":3,"name":"ContentFlow"}]},{"@type":"WebSite","@id":"https:\/\/www.accuratereviews.com\/it\/#website","url":"https:\/\/www.accuratereviews.com\/it\/","name":"Accurate Reviews","description":"","potentialAction":[{"@type":"SearchAction","target":{"@type":"EntryPoint","urlTemplate":"https:\/\/www.accuratereviews.com\/it\/?s={search_term_string}"},"query-input":{"@type":"PropertyValueSpecification","valueRequired":true,"valueName":"search_term_string"}}],"inLanguage":"it-IT"}]}},"_links":{"self":[{"href":"https:\/\/www.accuratereviews.com\/it\/wp-json\/wp\/v2\/pages\/66904","targetHints":{"allow":["GET"]}}],"collection":[{"href":"https:\/\/www.accuratereviews.com\/it\/wp-json\/wp\/v2\/pages"}],"about":[{"href":"https:\/\/www.accuratereviews.com\/it\/wp-json\/wp\/v2\/types\/page"}],"author":[{"embeddable":true,"href":"https:\/\/www.accuratereviews.com\/it\/wp-json\/wp\/v2\/users\/19"}],"replies":[{"embeddable":true,"href":"https:\/\/www.accuratereviews.com\/it\/wp-json\/wp\/v2\/comments?post=66904"}],"version-history":[{"count":10,"href":"https:\/\/www.accuratereviews.com\/it\/wp-json\/wp\/v2\/pages\/66904\/revisions"}],"predecessor-version":[{"id":66922,"href":"https:\/\/www.accuratereviews.com\/it\/wp-json\/wp\/v2\/pages\/66904\/revisions\/66922"}],"up":[{"embeddable":true,"href":"https:\/\/www.accuratereviews.com\/it\/wp-json\/wp\/v2\/pages\/7571"}],"wp:featuredmedia":[{"embeddable":true,"href":"https:\/\/www.accuratereviews.com\/it\/wp-json\/wp\/v2\/media\/66905"}],"wp:attachment":[{"href":"https:\/\/www.accuratereviews.com\/it\/wp-json\/wp\/v2\/media?parent=66904"}],"wp:term":[{"taxonomy":"category","embeddable":true,"href":"https:\/\/www.accuratereviews.com\/it\/wp-json\/wp\/v2\/categories?post=66904"},{"taxonomy":"post_tag","embeddable":true,"href":"https:\/\/www.accuratereviews.com\/it\/wp-json\/wp\/v2\/tags?post=66904"},{"taxonomy":"features","embeddable":true,"href":"https:\/\/www.accuratereviews.com\/it\/wp-json\/wp\/v2\/features?post=66904"}],"curies":[{"name":"wp","href":"https:\/\/api.w.org\/{rel}","templated":true}]}}