{"id":66932,"date":"2023-02-04T14:44:53","date_gmt":"2023-02-04T14:44:53","guid":{"rendered":"https:\/\/www.accuratereviews.com\/?page_id=66932"},"modified":"2023-02-06T10:38:36","modified_gmt":"2023-02-06T10:38:36","slug":"vivavideo-recensione","status":"publish","type":"page","link":"https:\/\/www.accuratereviews.com\/it\/video-editing-lista-software\/vivavideo-recensione\/","title":{"rendered":"VivaVideo"},"content":{"rendered":"<p><strong>VivaVideo<\/strong> \u00e8 un&#8217;app mobile di <strong>editing video\u00a0<\/strong>che consente agli utenti di modificare, personalizzare e pubblicare video direttamente dal tuo telefono in pochi minuti. Gli utenti possono utilizzare strumenti di <strong>editing professionali<\/strong> per modificare con la precisione del fotogramma, mescolare gli sfondi in pi\u00f9 rapporti o applicare effetti di sfondo come sfumatura, sfocatura o altro.<br \/>\nLe funzionalit\u00e0 di base, inoltre, includono regolazioni di velocit\u00e0 e colore, transizioni cinematografiche e filigrana personalizzata. <strong>VivaVideo<\/strong> include anche funzionalit\u00e0 di editing musicale per aggiungere musica, effetti sonori e voci fuori campo a qualsiasi clip video.<\/p>\n<h2>VIVAVIDEO &#8211; TUTORIAL<\/h2>\n<div id=\"fluid-wrapper-counter-1\" class=\"g1-fluid-wrapper \" style=\"width:686px;\">\n<div style=\"padding-bottom:56.268221574344%;\"><iframe loading=\"lazy\" title=\"Levitation tutorial\" width=\"686\" height=\"386\" src=\"https:\/\/www.youtube.com\/embed\/x27kenXtbik?feature=oembed&amp;wmode=transparent&amp;autohide=1&amp;autoplay=0&amp;disablekb=0&amp;fs=1&amp;loop=0&amp;enablejsapi=1&amp;rel=0&amp;controls=2&amp;showinfo=0&amp;wmode=transparent&amp;autohide=2&amp;autoplay=0&amp;disablekb=0&amp;fs=1&amp;loop=0&amp;enablejsapi=1&amp;rel=0&amp;controls=2&amp;showinfo=1\" frameborder=\"0\" allow=\"accelerometer; autoplay; clipboard-write; encrypted-media; gyroscope; picture-in-picture; web-share\" allowfullscreen><\/iframe><\/div>\n<\/div>\n<h3>VIVAVIDEO &#8211; CARATTERISTICHE<\/h3>\n<ul>\n<li><strong>Modificare<\/strong>: usa gli strumenti di editing completi nella soluzione per creare video.<\/li>\n<li><strong>Effetto glitch<\/strong>: aggiungi l&#8217;effetto glitch per rendere il tuo video spettacolare a colpo d&#8217;occhio.<\/li>\n<li><strong>Musica<\/strong>: sfoglia la vasta libreria musicale gratuita per trovare la migliore musica per il tuo video.<\/li>\n<li><strong>Emoji e testo<\/strong>: scegli emoji e testo preferiti per rendere la tua clip ancora pi\u00f9 divertente.<\/li>\n<li><strong>Transizione<\/strong>: combina i filmati in vari modi interessanti.<\/li>\n<li><strong>Velocit\u00e0:<\/strong> regola la velocit\u00e0 del video per creare un movimento veloce o al rallentatore.<\/li>\n<\/ul>\n<h4>LE RECENSIONI DEGLI UTENTI<\/h4>\n<p><strong>Mariacristina &#8220;Alla portata di tutti&#8221;<\/strong><br \/>\n<strong>Commenti<\/strong>: Buono<br \/>\n<strong>Pro<\/strong>: La facile realizzazione dei video, la condivisione veloce, tante immagini e strumenti multimediali<br \/>\n<strong>Contro<\/strong>: Bisognerebbe trovare un modo per limitare l&#8217;accumulo di memoria<\/p>\n<p><strong>Shiela May &#8220;Video Viva creativo&#8221;<\/strong><br \/>\n<strong>Commenti<\/strong>: Nel complesso, l&#8217;applicazione \u00e8 facile da imparare e offre molte opzioni di modifica.<br \/>\n<strong>Pro<\/strong>: Le opzioni di transizione e animazione rendono i tuoi video davvero pi\u00f9 interessanti.<br \/>\n<strong>Contro<\/strong>: Per i piani gratuiti, la filigrana non si pu\u00f2 rimuovere non \u00e8 possibile scaricare una qualit\u00e0 superiore della creazione. Anche se un mensile non \u00e8 cos\u00ec costoso, devi comunque farlo se desideri un download di qualit\u00e0 superiore.<\/p>\n<p><strong>Pradeep&#8221; Miglior software di editing&#8221;<\/strong><br \/>\n<strong>Pro<\/strong>: \u00c8 facile da usare e offre un periodo di prova gratuito per verificare la qualit\u00e0 e tutti gli effetti<br \/>\n<strong>Contro<\/strong>: Nel complesso \u00e8 un buon software di editing utilizzato per presentare video e foto<\/p>\n","protected":false},"excerpt":{"rendered":"<p>VivaVideo \u00e8 un&#8217;app mobile di editing video\u00a0che consente agli utenti di modificare, personalizzare e pubblicare video direttamente dal tuo telefono in pochi minuti. Gli utenti possono utilizzare strumenti di editing professionali per modificare con la precisione del fotogramma, mescolare gli sfondi in pi\u00f9 rapporti o applicare effetti di sfondo come sfumatura, sfocatura o altro.<\/p>\n","protected":false},"author":19,"featured_media":66935,"parent":7571,"menu_order":0,"comment_status":"open","ping_status":"closed","template":"g1_template_page_review_new.php","meta":{"_acf_changed":false,"cwp_meta_box_check":"Yes","cwp_rev_product_name":"","cwp_rev_product_image":"","wppr_links":[],"cwp_rev_price":"0.00","wppr_options":[{"name":"Usability","value":"0"},{"name":"Speed","value":"0"},{"name":"Features","value":"0"},{"name":"Support","value":"0"},{"name":"Pricing","value":"0"}],"wppr_pros":["","","","",""],"wppr_cons":["","","","",""],"_monsterinsights_skip_tracking":false,"_monsterinsights_sitenote_active":false,"_monsterinsights_sitenote_note":"","_monsterinsights_sitenote_category":0,"footnotes":""},"categories":[169],"tags":[3342,1244,228,1273,831],"features":[],"class_list":{"0":"post-66932","1":"page","2":"type-page","3":"status-publish","4":"has-post-thumbnail","6":"category-video-editing-software-it","7":"tag-piattaforma-video-editing","8":"tag-programma-video-editing","9":"tag-software-video-editing","10":"tag-soluzione-video-editing","11":"tag-video-editing-2-it"},"wppr_data":{"cwp_meta_box_check":"Yes","_wppr_review_template":"default","cwp_rev_product_image":"","cwp_image_link":"image","wppr_links":[],"cwp_rev_price":"0.00","wppr_pros":["","","","",""],"wppr_cons":["","","","",""],"wppr_rating":"0.00","wppr_options":{"1":{"name":"Usability","value":"0"},"2":{"name":"Speed","value":"0"},"3":{"name":"Features","value":"0"},"4":{"name":"Support","value":"0"},"5":{"name":"Pricing","value":"0"}},"wppr_review_type":"Product","wppr_review_custom_fields":{"additionalProperty":"","additionalType":"","aggregateRating":"","alternateName":"","audience":"","award":"","awards":"","brand":"","color":"","depth":"","description":"","disambiguatingDescription":"","gtin12":"","gtin13":"","gtin14":"","gtin8":"","height":"","identifier":"","image":"","isAccessoryOrSparePartFor":"","isConsumableFor":"","isRelatedTo":"","isSimilarTo":"","itemCondition":"","logo":"","mainEntityOfPage":"","manufacturer":"","material":"","model":"","mpn":"","name":"","offers":"","potentialAction":"","productID":"","productionDate":"","purchaseDate":"","releaseDate":"","review":"","reviews":"","sameAs":"","sku":"","slogan":"","subjectOf":"","url":"","weight":"","width":""}},"acf":[],"yoast_head":"<!-- This site is optimized with the Yoast SEO plugin v27.4 - https:\/\/yoast.com\/product\/yoast-seo-wordpress\/ -->\n<title>VivaVideo: recensione software video editing - Accurate Reviews<\/title>\n<meta name=\"description\" content=\"VivaVideo: recensione app mobile di editing video che consente di modificare, personalizzare e pubblicare video direttamente dal tuo telefono\" \/>\n<meta name=\"robots\" content=\"index, follow, max-snippet:-1, max-image-preview:large, max-video-preview:-1\" \/>\n<link rel=\"canonical\" href=\"https:\/\/www.accuratereviews.com\/it\/video-editing-lista-software\/vivavideo-recensione\/\" \/>\n<meta property=\"og:locale\" content=\"it_IT\" \/>\n<meta property=\"og:type\" content=\"article\" \/>\n<meta property=\"og:title\" content=\"VivaVideo: recensione software video editing - Accurate Reviews\" \/>\n<meta property=\"og:description\" content=\"VivaVideo: recensione app mobile di editing video che consente di modificare, personalizzare e pubblicare video direttamente dal tuo telefono\" \/>\n<meta property=\"og:url\" content=\"https:\/\/www.accuratereviews.com\/it\/video-editing-lista-software\/vivavideo-recensione\/\" \/>\n<meta property=\"og:site_name\" content=\"Accurate Reviews\" \/>\n<meta property=\"article:modified_time\" content=\"2023-02-06T10:38:36+00:00\" \/>\n<meta property=\"og:image\" content=\"https:\/\/www.accuratereviews.com\/wp-content\/uploads\/2023\/02\/vivavideo.png\" \/>\n\t<meta property=\"og:image:width\" content=\"225\" \/>\n\t<meta property=\"og:image:height\" content=\"225\" \/>\n\t<meta property=\"og:image:type\" content=\"image\/png\" \/>\n<meta name=\"twitter:card\" content=\"summary_large_image\" \/>\n<meta name=\"twitter:label1\" content=\"Tempo di lettura stimato\" \/>\n\t<meta name=\"twitter:data1\" content=\"2 minuti\" \/>\n<script type=\"application\/ld+json\" class=\"yoast-schema-graph\">{\"@context\":\"https:\\\/\\\/schema.org\",\"@graph\":[{\"@type\":\"WebPage\",\"@id\":\"https:\\\/\\\/www.accuratereviews.com\\\/it\\\/video-editing-lista-software\\\/vivavideo-recensione\\\/\",\"url\":\"https:\\\/\\\/www.accuratereviews.com\\\/it\\\/video-editing-lista-software\\\/vivavideo-recensione\\\/\",\"name\":\"VivaVideo: recensione software video editing - Accurate Reviews\",\"isPartOf\":{\"@id\":\"https:\\\/\\\/www.accuratereviews.com\\\/it\\\/#website\"},\"primaryImageOfPage\":{\"@id\":\"https:\\\/\\\/www.accuratereviews.com\\\/it\\\/video-editing-lista-software\\\/vivavideo-recensione\\\/#primaryimage\"},\"image\":{\"@id\":\"https:\\\/\\\/www.accuratereviews.com\\\/it\\\/video-editing-lista-software\\\/vivavideo-recensione\\\/#primaryimage\"},\"thumbnailUrl\":\"https:\\\/\\\/www.accuratereviews.com\\\/wp-content\\\/uploads\\\/2023\\\/02\\\/vivavideo.png\",\"datePublished\":\"2023-02-04T14:44:53+00:00\",\"dateModified\":\"2023-02-06T10:38:36+00:00\",\"description\":\"VivaVideo: recensione app mobile di editing video che consente di modificare, personalizzare e pubblicare video direttamente dal tuo telefono\",\"breadcrumb\":{\"@id\":\"https:\\\/\\\/www.accuratereviews.com\\\/it\\\/video-editing-lista-software\\\/vivavideo-recensione\\\/#breadcrumb\"},\"inLanguage\":\"it-IT\",\"potentialAction\":[{\"@type\":\"ReadAction\",\"target\":[\"https:\\\/\\\/www.accuratereviews.com\\\/it\\\/video-editing-lista-software\\\/vivavideo-recensione\\\/\"]}]},{\"@type\":\"ImageObject\",\"inLanguage\":\"it-IT\",\"@id\":\"https:\\\/\\\/www.accuratereviews.com\\\/it\\\/video-editing-lista-software\\\/vivavideo-recensione\\\/#primaryimage\",\"url\":\"https:\\\/\\\/www.accuratereviews.com\\\/wp-content\\\/uploads\\\/2023\\\/02\\\/vivavideo.png\",\"contentUrl\":\"https:\\\/\\\/www.accuratereviews.com\\\/wp-content\\\/uploads\\\/2023\\\/02\\\/vivavideo.png\",\"width\":225,\"height\":225},{\"@type\":\"BreadcrumbList\",\"@id\":\"https:\\\/\\\/www.accuratereviews.com\\\/it\\\/video-editing-lista-software\\\/vivavideo-recensione\\\/#breadcrumb\",\"itemListElement\":[{\"@type\":\"ListItem\",\"position\":1,\"name\":\"Home\",\"item\":\"https:\\\/\\\/www.accuratereviews.com\\\/it\\\/\"},{\"@type\":\"ListItem\",\"position\":2,\"name\":\"Software per il video editing\",\"item\":\"https:\\\/\\\/www.accuratereviews.com\\\/it\\\/video-editing-lista-software\\\/\"},{\"@type\":\"ListItem\",\"position\":3,\"name\":\"VivaVideo\"}]},{\"@type\":\"WebSite\",\"@id\":\"https:\\\/\\\/www.accuratereviews.com\\\/it\\\/#website\",\"url\":\"https:\\\/\\\/www.accuratereviews.com\\\/it\\\/\",\"name\":\"Accurate Reviews\",\"description\":\"\",\"potentialAction\":[{\"@type\":\"SearchAction\",\"target\":{\"@type\":\"EntryPoint\",\"urlTemplate\":\"https:\\\/\\\/www.accuratereviews.com\\\/it\\\/?s={search_term_string}\"},\"query-input\":{\"@type\":\"PropertyValueSpecification\",\"valueRequired\":true,\"valueName\":\"search_term_string\"}}],\"inLanguage\":\"it-IT\"}]}<\/script>\n<!-- \/ Yoast SEO plugin. -->","yoast_head_json":{"title":"VivaVideo: recensione software video editing - Accurate Reviews","description":"VivaVideo: recensione app mobile di editing video che consente di modificare, personalizzare e pubblicare video direttamente dal tuo telefono","robots":{"index":"index","follow":"follow","max-snippet":"max-snippet:-1","max-image-preview":"max-image-preview:large","max-video-preview":"max-video-preview:-1"},"canonical":"https:\/\/www.accuratereviews.com\/it\/video-editing-lista-software\/vivavideo-recensione\/","og_locale":"it_IT","og_type":"article","og_title":"VivaVideo: recensione software video editing - Accurate Reviews","og_description":"VivaVideo: recensione app mobile di editing video che consente di modificare, personalizzare e pubblicare video direttamente dal tuo telefono","og_url":"https:\/\/www.accuratereviews.com\/it\/video-editing-lista-software\/vivavideo-recensione\/","og_site_name":"Accurate Reviews","article_modified_time":"2023-02-06T10:38:36+00:00","og_image":[{"width":225,"height":225,"url":"https:\/\/www.accuratereviews.com\/wp-content\/uploads\/2023\/02\/vivavideo.png","type":"image\/png"}],"twitter_card":"summary_large_image","twitter_misc":{"Tempo di lettura stimato":"2 minuti"},"schema":{"@context":"https:\/\/schema.org","@graph":[{"@type":"WebPage","@id":"https:\/\/www.accuratereviews.com\/it\/video-editing-lista-software\/vivavideo-recensione\/","url":"https:\/\/www.accuratereviews.com\/it\/video-editing-lista-software\/vivavideo-recensione\/","name":"VivaVideo: recensione software video editing - Accurate Reviews","isPartOf":{"@id":"https:\/\/www.accuratereviews.com\/it\/#website"},"primaryImageOfPage":{"@id":"https:\/\/www.accuratereviews.com\/it\/video-editing-lista-software\/vivavideo-recensione\/#primaryimage"},"image":{"@id":"https:\/\/www.accuratereviews.com\/it\/video-editing-lista-software\/vivavideo-recensione\/#primaryimage"},"thumbnailUrl":"https:\/\/www.accuratereviews.com\/wp-content\/uploads\/2023\/02\/vivavideo.png","datePublished":"2023-02-04T14:44:53+00:00","dateModified":"2023-02-06T10:38:36+00:00","description":"VivaVideo: recensione app mobile di editing video che consente di modificare, personalizzare e pubblicare video direttamente dal tuo telefono","breadcrumb":{"@id":"https:\/\/www.accuratereviews.com\/it\/video-editing-lista-software\/vivavideo-recensione\/#breadcrumb"},"inLanguage":"it-IT","potentialAction":[{"@type":"ReadAction","target":["https:\/\/www.accuratereviews.com\/it\/video-editing-lista-software\/vivavideo-recensione\/"]}]},{"@type":"ImageObject","inLanguage":"it-IT","@id":"https:\/\/www.accuratereviews.com\/it\/video-editing-lista-software\/vivavideo-recensione\/#primaryimage","url":"https:\/\/www.accuratereviews.com\/wp-content\/uploads\/2023\/02\/vivavideo.png","contentUrl":"https:\/\/www.accuratereviews.com\/wp-content\/uploads\/2023\/02\/vivavideo.png","width":225,"height":225},{"@type":"BreadcrumbList","@id":"https:\/\/www.accuratereviews.com\/it\/video-editing-lista-software\/vivavideo-recensione\/#breadcrumb","itemListElement":[{"@type":"ListItem","position":1,"name":"Home","item":"https:\/\/www.accuratereviews.com\/it\/"},{"@type":"ListItem","position":2,"name":"Software per il video editing","item":"https:\/\/www.accuratereviews.com\/it\/video-editing-lista-software\/"},{"@type":"ListItem","position":3,"name":"VivaVideo"}]},{"@type":"WebSite","@id":"https:\/\/www.accuratereviews.com\/it\/#website","url":"https:\/\/www.accuratereviews.com\/it\/","name":"Accurate Reviews","description":"","potentialAction":[{"@type":"SearchAction","target":{"@type":"EntryPoint","urlTemplate":"https:\/\/www.accuratereviews.com\/it\/?s={search_term_string}"},"query-input":{"@type":"PropertyValueSpecification","valueRequired":true,"valueName":"search_term_string"}}],"inLanguage":"it-IT"}]}},"_links":{"self":[{"href":"https:\/\/www.accuratereviews.com\/it\/wp-json\/wp\/v2\/pages\/66932","targetHints":{"allow":["GET"]}}],"collection":[{"href":"https:\/\/www.accuratereviews.com\/it\/wp-json\/wp\/v2\/pages"}],"about":[{"href":"https:\/\/www.accuratereviews.com\/it\/wp-json\/wp\/v2\/types\/page"}],"author":[{"embeddable":true,"href":"https:\/\/www.accuratereviews.com\/it\/wp-json\/wp\/v2\/users\/19"}],"replies":[{"embeddable":true,"href":"https:\/\/www.accuratereviews.com\/it\/wp-json\/wp\/v2\/comments?post=66932"}],"version-history":[{"count":8,"href":"https:\/\/www.accuratereviews.com\/it\/wp-json\/wp\/v2\/pages\/66932\/revisions"}],"predecessor-version":[{"id":66998,"href":"https:\/\/www.accuratereviews.com\/it\/wp-json\/wp\/v2\/pages\/66932\/revisions\/66998"}],"up":[{"embeddable":true,"href":"https:\/\/www.accuratereviews.com\/it\/wp-json\/wp\/v2\/pages\/7571"}],"wp:featuredmedia":[{"embeddable":true,"href":"https:\/\/www.accuratereviews.com\/it\/wp-json\/wp\/v2\/media\/66935"}],"wp:attachment":[{"href":"https:\/\/www.accuratereviews.com\/it\/wp-json\/wp\/v2\/media?parent=66932"}],"wp:term":[{"taxonomy":"category","embeddable":true,"href":"https:\/\/www.accuratereviews.com\/it\/wp-json\/wp\/v2\/categories?post=66932"},{"taxonomy":"post_tag","embeddable":true,"href":"https:\/\/www.accuratereviews.com\/it\/wp-json\/wp\/v2\/tags?post=66932"},{"taxonomy":"features","embeddable":true,"href":"https:\/\/www.accuratereviews.com\/it\/wp-json\/wp\/v2\/features?post=66932"}],"curies":[{"name":"wp","href":"https:\/\/api.w.org\/{rel}","templated":true}]}}