{"id":66974,"date":"2023-02-06T16:32:42","date_gmt":"2023-02-06T16:32:42","guid":{"rendered":"https:\/\/www.accuratereviews.com\/?page_id=66974"},"modified":"2023-02-06T16:32:42","modified_gmt":"2023-02-06T16:32:42","slug":"bandicut-recensione","status":"publish","type":"page","link":"https:\/\/www.accuratereviews.com\/it\/video-editing-lista-software\/bandicut-recensione\/","title":{"rendered":"Bandicut"},"content":{"rendered":"<p><strong>Bandicut<\/strong> \u00e8 una <strong>piattaforma di editing video<\/strong>, progettata per aiutare i professionisti a tagliare, ritagliare, dividere e unire video in base alle esigenze. Il sistema supporta vari formati video come AVI, TS, WMV, VOB, MPEG, MOV, MKV, MP4 e molti altri.\u00a0Utilizzando il programma, i creatori di contenuti possono rimuovere parti indesiderate tra cui spot pubblicitari, outtakes e trailer dai video.<br \/>\nI professionisti possono tagliare un segmento specifico da un video regolando l&#8217;ora di inizio e di fine utilizzando un dispositivo di scorrimento. Possono anche estrarre l&#8217;audio da file MP3 e combinare pi\u00f9 file per creare un video unico.<\/p>\n<h2>BANDICUT &#8211; TUTORIAL<\/h2>\n<div id=\"fluid-wrapper-counter-1\" class=\"g1-fluid-wrapper \" style=\"width:686px;\">\n<div style=\"padding-bottom:56.268221574344%;\"><iframe loading=\"lazy\" title=\"Bandicut Video Cutter - A fast and easy video editing software [Official Spot]\" width=\"686\" height=\"386\" src=\"https:\/\/www.youtube.com\/embed\/b-UP3Izc304?feature=oembed&amp;wmode=transparent&amp;autohide=1&amp;autoplay=0&amp;disablekb=0&amp;fs=1&amp;loop=0&amp;enablejsapi=1&amp;rel=0&amp;controls=2&amp;showinfo=0&amp;wmode=transparent&amp;autohide=2&amp;autoplay=0&amp;disablekb=0&amp;fs=1&amp;loop=0&amp;enablejsapi=1&amp;rel=0&amp;controls=2&amp;showinfo=1\" frameborder=\"0\" allow=\"accelerometer; autoplay; clipboard-write; encrypted-media; gyroscope; picture-in-picture; web-share\" allowfullscreen><\/iframe><\/div>\n<\/div>\n<h3>BANDICUT &#8211; CARATTERISTICHE<\/h3>\n<ul>\n<li><strong>Taglia un segmento<\/strong>: taglia e salva parti specifiche di un video<\/li>\n<li><strong>Diviso in pi\u00f9 file<\/strong>: dividi\u00a0un video in pi\u00f9 file uguali<\/li>\n<li><strong>Unisci pi\u00f9 video:<\/strong> se desideri unire pi\u00f9 video o unire pi\u00f9 di 2 file video<\/li>\n<li><strong>Flessibilit\u00e0<\/strong>: funziona bene con molti formati di file come AVI, MP4, MOV, M4V, MKV, MPEG, VOB, FLV, WMV, TS.<\/li>\n<li><strong>Taglia video senza perdere qualit\u00e0:<\/strong> ti consente di tagliare, dividere e unire file e segmenti video senza diminuire la qualit\u00e0.<\/li>\n<\/ul>\n<h4>LE RECENSIONI DEGLI UTENTI<\/h4>\n<p><strong>Islam &#8220;Veloce e facile da usare&#8221;<\/strong><br \/>\n<strong>Pro<\/strong>: La caratteristica che mi \u00e8 piaciuta di pi\u00f9 in Bandicut \u00e8 la funzione di ritaglio e unione di video senza perdita (e piuttosto veloce). Non ricodifica il video quindi, tecnicamente, il risultato \u00e8 della stessa qualit\u00e0 del video originale. Anche l&#8217;interfaccia \u00e8 molto intuitiva e facile da usare.<br \/>\n<strong>Contro<\/strong>: Nella sua versione gratuita, Bandicut aggiunge una piccola clip di branding alla fine del video, penso che sarebbe meglio dal punto di vista dell&#8217;esperienza utente se gli sviluppatori lo sostituissero con annunci nell&#8217;interfaccia principale del software o nella finestra di conversione, mentre questo generer\u00e0 delle entrate per gli sviluppatori, lascer\u00e0 l&#8217;utente pi\u00f9 soddisfatto.<\/p>\n<p><strong>Shizwan &#8220;Editor video semplice e di base&#8221;<\/strong><br \/>\n<strong>Pro<\/strong>: Ho scoperto Bandicut da Bandicam Screen Recorder. \u00c8 uno degli editor video pi\u00f9 semplici che conosco. Puoi facilmente tagliare i video, aggiungere nuovi clip e realizzare video semplici in modo molto efficiente. \u00c8 consigliato se sei un principiante.<br \/>\n<strong>Contro<\/strong>: L&#8217;unica cosa che non mi piace di Bandicut \u00e8 che \u00e8 troppo semplice. Puoi semplicemente tagliare i video e fare alcune modifiche di base. Nel complesso funziona bene se vuoi realizzare video semplici ma non \u00e8 consigliato se devi modificare i tuoi video in modo professionale.<\/p>\n<p><strong>Marvens &#8220;Eccellente&#8221;<\/strong><br \/>\n<strong>Pro<\/strong>: il software \u00e8 davvero fantastico perch\u00e9 funziona bene \u00e8 facile da usare.<br \/>\n<strong>Contro<\/strong>: Questo software \u00e8 per me tra le migliori applicazioni, tranne per il fatto che il servizio di supporto a volte non va molto bene<\/p>\n","protected":false},"excerpt":{"rendered":"<p>Bandicut \u00e8 una piattaforma di editing video, progettata per aiutare i professionisti a tagliare, ritagliare, dividere e unire video in base alle esigenze. Il sistema supporta vari formati video come AVI, TS, WMV, VOB, MPEG, MOV, MKV, MP4 e altri.\u00a0Utilizzando il programma, i creatori di contenuti possono rimuovere parti indesiderate tra cui spot pubblicitari, outtakes e trailer dai video.<\/p>\n","protected":false},"author":19,"featured_media":66975,"parent":7571,"menu_order":0,"comment_status":"open","ping_status":"closed","template":"g1_template_page_review_new.php","meta":{"_acf_changed":false,"cwp_meta_box_check":"Yes","cwp_rev_product_name":"","cwp_rev_product_image":"","wppr_links":[],"cwp_rev_price":"0.00","wppr_options":[{"name":"Usability","value":"0"},{"name":"Speed","value":"0"},{"name":"Features","value":"0"},{"name":"Support","value":"0"},{"name":"Pricing","value":"0"}],"wppr_pros":["","","","",""],"wppr_cons":["","","","",""],"_monsterinsights_skip_tracking":false,"_monsterinsights_sitenote_active":false,"_monsterinsights_sitenote_note":"","_monsterinsights_sitenote_category":0,"footnotes":""},"categories":[169],"tags":[14094,3342,1244,228,1273,831],"features":[],"class_list":{"0":"post-66974","1":"page","2":"type-page","3":"status-publish","4":"has-post-thumbnail","6":"category-video-editing-software-it","7":"tag-bandicut","8":"tag-piattaforma-video-editing","9":"tag-programma-video-editing","10":"tag-software-video-editing","11":"tag-soluzione-video-editing","12":"tag-video-editing-2-it"},"wppr_data":{"cwp_meta_box_check":"Yes","_wppr_review_template":"default","cwp_rev_product_image":"","cwp_image_link":"image","wppr_links":[],"cwp_rev_price":"0.00","wppr_pros":["","","","",""],"wppr_cons":["","","","",""],"wppr_rating":"0.00","wppr_options":{"1":{"name":"Usability","value":"0"},"2":{"name":"Speed","value":"0"},"3":{"name":"Features","value":"0"},"4":{"name":"Support","value":"0"},"5":{"name":"Pricing","value":"0"}},"wppr_review_type":"Product","wppr_review_custom_fields":{"additionalProperty":"","additionalType":"","aggregateRating":"","alternateName":"","audience":"","award":"","awards":"","brand":"","color":"","depth":"","description":"","disambiguatingDescription":"","gtin12":"","gtin13":"","gtin14":"","gtin8":"","height":"","identifier":"","image":"","isAccessoryOrSparePartFor":"","isConsumableFor":"","isRelatedTo":"","isSimilarTo":"","itemCondition":"","logo":"","mainEntityOfPage":"","manufacturer":"","material":"","model":"","mpn":"","name":"","offers":"","potentialAction":"","productID":"","productionDate":"","purchaseDate":"","releaseDate":"","review":"","reviews":"","sameAs":"","sku":"","slogan":"","subjectOf":"","url":"","weight":"","width":""}},"acf":[],"yoast_head":"<!-- This site is optimized with the Yoast SEO plugin v27.4 - https:\/\/yoast.com\/product\/yoast-seo-wordpress\/ -->\n<title>Bandicut: recensione software video editing - Accurate Reviews<\/title>\n<meta name=\"description\" content=\"Bandicut: recensione software video editing progettata per aiutare i professionisti a tagliare, ritagliare e unire video in base alle esigenze\" \/>\n<meta name=\"robots\" content=\"index, follow, max-snippet:-1, max-image-preview:large, max-video-preview:-1\" \/>\n<link rel=\"canonical\" href=\"https:\/\/www.accuratereviews.com\/it\/video-editing-lista-software\/bandicut-recensione\/\" \/>\n<meta property=\"og:locale\" content=\"it_IT\" \/>\n<meta property=\"og:type\" content=\"article\" \/>\n<meta property=\"og:title\" content=\"Bandicut: recensione software video editing - Accurate Reviews\" \/>\n<meta property=\"og:description\" content=\"Bandicut: recensione software video editing progettata per aiutare i professionisti a tagliare, ritagliare e unire video in base alle esigenze\" \/>\n<meta property=\"og:url\" content=\"https:\/\/www.accuratereviews.com\/it\/video-editing-lista-software\/bandicut-recensione\/\" \/>\n<meta property=\"og:site_name\" content=\"Accurate Reviews\" \/>\n<meta property=\"og:image\" content=\"https:\/\/www.accuratereviews.com\/wp-content\/uploads\/2023\/02\/Bandicut.png\" \/>\n\t<meta property=\"og:image:width\" content=\"256\" \/>\n\t<meta property=\"og:image:height\" content=\"256\" \/>\n\t<meta property=\"og:image:type\" content=\"image\/png\" \/>\n<meta name=\"twitter:card\" content=\"summary_large_image\" \/>\n<meta name=\"twitter:label1\" content=\"Tempo di lettura stimato\" \/>\n\t<meta name=\"twitter:data1\" content=\"3 minuti\" \/>\n<script type=\"application\/ld+json\" class=\"yoast-schema-graph\">{\"@context\":\"https:\\\/\\\/schema.org\",\"@graph\":[{\"@type\":\"WebPage\",\"@id\":\"https:\\\/\\\/www.accuratereviews.com\\\/it\\\/video-editing-lista-software\\\/bandicut-recensione\\\/\",\"url\":\"https:\\\/\\\/www.accuratereviews.com\\\/it\\\/video-editing-lista-software\\\/bandicut-recensione\\\/\",\"name\":\"Bandicut: recensione software video editing - Accurate Reviews\",\"isPartOf\":{\"@id\":\"https:\\\/\\\/www.accuratereviews.com\\\/it\\\/#website\"},\"primaryImageOfPage\":{\"@id\":\"https:\\\/\\\/www.accuratereviews.com\\\/it\\\/video-editing-lista-software\\\/bandicut-recensione\\\/#primaryimage\"},\"image\":{\"@id\":\"https:\\\/\\\/www.accuratereviews.com\\\/it\\\/video-editing-lista-software\\\/bandicut-recensione\\\/#primaryimage\"},\"thumbnailUrl\":\"https:\\\/\\\/www.accuratereviews.com\\\/wp-content\\\/uploads\\\/2023\\\/02\\\/Bandicut.png\",\"datePublished\":\"2023-02-06T16:32:42+00:00\",\"description\":\"Bandicut: recensione software video editing progettata per aiutare i professionisti a tagliare, ritagliare e unire video in base alle esigenze\",\"breadcrumb\":{\"@id\":\"https:\\\/\\\/www.accuratereviews.com\\\/it\\\/video-editing-lista-software\\\/bandicut-recensione\\\/#breadcrumb\"},\"inLanguage\":\"it-IT\",\"potentialAction\":[{\"@type\":\"ReadAction\",\"target\":[\"https:\\\/\\\/www.accuratereviews.com\\\/it\\\/video-editing-lista-software\\\/bandicut-recensione\\\/\"]}]},{\"@type\":\"ImageObject\",\"inLanguage\":\"it-IT\",\"@id\":\"https:\\\/\\\/www.accuratereviews.com\\\/it\\\/video-editing-lista-software\\\/bandicut-recensione\\\/#primaryimage\",\"url\":\"https:\\\/\\\/www.accuratereviews.com\\\/wp-content\\\/uploads\\\/2023\\\/02\\\/Bandicut.png\",\"contentUrl\":\"https:\\\/\\\/www.accuratereviews.com\\\/wp-content\\\/uploads\\\/2023\\\/02\\\/Bandicut.png\",\"width\":256,\"height\":256},{\"@type\":\"BreadcrumbList\",\"@id\":\"https:\\\/\\\/www.accuratereviews.com\\\/it\\\/video-editing-lista-software\\\/bandicut-recensione\\\/#breadcrumb\",\"itemListElement\":[{\"@type\":\"ListItem\",\"position\":1,\"name\":\"Home\",\"item\":\"https:\\\/\\\/www.accuratereviews.com\\\/it\\\/\"},{\"@type\":\"ListItem\",\"position\":2,\"name\":\"Software per il video editing\",\"item\":\"https:\\\/\\\/www.accuratereviews.com\\\/it\\\/video-editing-lista-software\\\/\"},{\"@type\":\"ListItem\",\"position\":3,\"name\":\"Bandicut\"}]},{\"@type\":\"WebSite\",\"@id\":\"https:\\\/\\\/www.accuratereviews.com\\\/it\\\/#website\",\"url\":\"https:\\\/\\\/www.accuratereviews.com\\\/it\\\/\",\"name\":\"Accurate Reviews\",\"description\":\"\",\"potentialAction\":[{\"@type\":\"SearchAction\",\"target\":{\"@type\":\"EntryPoint\",\"urlTemplate\":\"https:\\\/\\\/www.accuratereviews.com\\\/it\\\/?s={search_term_string}\"},\"query-input\":{\"@type\":\"PropertyValueSpecification\",\"valueRequired\":true,\"valueName\":\"search_term_string\"}}],\"inLanguage\":\"it-IT\"}]}<\/script>\n<!-- \/ Yoast SEO plugin. -->","yoast_head_json":{"title":"Bandicut: recensione software video editing - Accurate Reviews","description":"Bandicut: recensione software video editing progettata per aiutare i professionisti a tagliare, ritagliare e unire video in base alle esigenze","robots":{"index":"index","follow":"follow","max-snippet":"max-snippet:-1","max-image-preview":"max-image-preview:large","max-video-preview":"max-video-preview:-1"},"canonical":"https:\/\/www.accuratereviews.com\/it\/video-editing-lista-software\/bandicut-recensione\/","og_locale":"it_IT","og_type":"article","og_title":"Bandicut: recensione software video editing - Accurate Reviews","og_description":"Bandicut: recensione software video editing progettata per aiutare i professionisti a tagliare, ritagliare e unire video in base alle esigenze","og_url":"https:\/\/www.accuratereviews.com\/it\/video-editing-lista-software\/bandicut-recensione\/","og_site_name":"Accurate Reviews","og_image":[{"width":256,"height":256,"url":"https:\/\/www.accuratereviews.com\/wp-content\/uploads\/2023\/02\/Bandicut.png","type":"image\/png"}],"twitter_card":"summary_large_image","twitter_misc":{"Tempo di lettura stimato":"3 minuti"},"schema":{"@context":"https:\/\/schema.org","@graph":[{"@type":"WebPage","@id":"https:\/\/www.accuratereviews.com\/it\/video-editing-lista-software\/bandicut-recensione\/","url":"https:\/\/www.accuratereviews.com\/it\/video-editing-lista-software\/bandicut-recensione\/","name":"Bandicut: recensione software video editing - Accurate Reviews","isPartOf":{"@id":"https:\/\/www.accuratereviews.com\/it\/#website"},"primaryImageOfPage":{"@id":"https:\/\/www.accuratereviews.com\/it\/video-editing-lista-software\/bandicut-recensione\/#primaryimage"},"image":{"@id":"https:\/\/www.accuratereviews.com\/it\/video-editing-lista-software\/bandicut-recensione\/#primaryimage"},"thumbnailUrl":"https:\/\/www.accuratereviews.com\/wp-content\/uploads\/2023\/02\/Bandicut.png","datePublished":"2023-02-06T16:32:42+00:00","description":"Bandicut: recensione software video editing progettata per aiutare i professionisti a tagliare, ritagliare e unire video in base alle esigenze","breadcrumb":{"@id":"https:\/\/www.accuratereviews.com\/it\/video-editing-lista-software\/bandicut-recensione\/#breadcrumb"},"inLanguage":"it-IT","potentialAction":[{"@type":"ReadAction","target":["https:\/\/www.accuratereviews.com\/it\/video-editing-lista-software\/bandicut-recensione\/"]}]},{"@type":"ImageObject","inLanguage":"it-IT","@id":"https:\/\/www.accuratereviews.com\/it\/video-editing-lista-software\/bandicut-recensione\/#primaryimage","url":"https:\/\/www.accuratereviews.com\/wp-content\/uploads\/2023\/02\/Bandicut.png","contentUrl":"https:\/\/www.accuratereviews.com\/wp-content\/uploads\/2023\/02\/Bandicut.png","width":256,"height":256},{"@type":"BreadcrumbList","@id":"https:\/\/www.accuratereviews.com\/it\/video-editing-lista-software\/bandicut-recensione\/#breadcrumb","itemListElement":[{"@type":"ListItem","position":1,"name":"Home","item":"https:\/\/www.accuratereviews.com\/it\/"},{"@type":"ListItem","position":2,"name":"Software per il video editing","item":"https:\/\/www.accuratereviews.com\/it\/video-editing-lista-software\/"},{"@type":"ListItem","position":3,"name":"Bandicut"}]},{"@type":"WebSite","@id":"https:\/\/www.accuratereviews.com\/it\/#website","url":"https:\/\/www.accuratereviews.com\/it\/","name":"Accurate Reviews","description":"","potentialAction":[{"@type":"SearchAction","target":{"@type":"EntryPoint","urlTemplate":"https:\/\/www.accuratereviews.com\/it\/?s={search_term_string}"},"query-input":{"@type":"PropertyValueSpecification","valueRequired":true,"valueName":"search_term_string"}}],"inLanguage":"it-IT"}]}},"_links":{"self":[{"href":"https:\/\/www.accuratereviews.com\/it\/wp-json\/wp\/v2\/pages\/66974","targetHints":{"allow":["GET"]}}],"collection":[{"href":"https:\/\/www.accuratereviews.com\/it\/wp-json\/wp\/v2\/pages"}],"about":[{"href":"https:\/\/www.accuratereviews.com\/it\/wp-json\/wp\/v2\/types\/page"}],"author":[{"embeddable":true,"href":"https:\/\/www.accuratereviews.com\/it\/wp-json\/wp\/v2\/users\/19"}],"replies":[{"embeddable":true,"href":"https:\/\/www.accuratereviews.com\/it\/wp-json\/wp\/v2\/comments?post=66974"}],"version-history":[{"count":11,"href":"https:\/\/www.accuratereviews.com\/it\/wp-json\/wp\/v2\/pages\/66974\/revisions"}],"predecessor-version":[{"id":67013,"href":"https:\/\/www.accuratereviews.com\/it\/wp-json\/wp\/v2\/pages\/66974\/revisions\/67013"}],"up":[{"embeddable":true,"href":"https:\/\/www.accuratereviews.com\/it\/wp-json\/wp\/v2\/pages\/7571"}],"wp:featuredmedia":[{"embeddable":true,"href":"https:\/\/www.accuratereviews.com\/it\/wp-json\/wp\/v2\/media\/66975"}],"wp:attachment":[{"href":"https:\/\/www.accuratereviews.com\/it\/wp-json\/wp\/v2\/media?parent=66974"}],"wp:term":[{"taxonomy":"category","embeddable":true,"href":"https:\/\/www.accuratereviews.com\/it\/wp-json\/wp\/v2\/categories?post=66974"},{"taxonomy":"post_tag","embeddable":true,"href":"https:\/\/www.accuratereviews.com\/it\/wp-json\/wp\/v2\/tags?post=66974"},{"taxonomy":"features","embeddable":true,"href":"https:\/\/www.accuratereviews.com\/it\/wp-json\/wp\/v2\/features?post=66974"}],"curies":[{"name":"wp","href":"https:\/\/api.w.org\/{rel}","templated":true}]}}