{"id":67001,"date":"2023-02-06T16:26:59","date_gmt":"2023-02-06T16:26:59","guid":{"rendered":"https:\/\/www.accuratereviews.com\/?page_id=67001"},"modified":"2023-02-09T07:29:42","modified_gmt":"2023-02-09T07:29:42","slug":"kommo-recensione","status":"publish","type":"page","link":"https:\/\/www.accuratereviews.com\/it\/crm-software-migliori-lista\/kommo-recensione\/","title":{"rendered":"Kommo"},"content":{"rendered":"<p><strong>Kommo<\/strong> \u00e8 un <strong>software CRM<\/strong>\u00a0che integra servizi di posta elettronica, telefonia VoIP, moduli per i contatti, processori di pagamento e molte altre applicazioni che utilizzate quotidianamente (Mailchimp, Gmail, WhatsApp, Zapier, Zoom, Dropbox, Quickbooks, Instagram, LinkedIn, Telegram, Skype ecc.). Basato principalmente sulla messaggistica istantanea, <strong>Kommo<\/strong> presenta una pipeline di vendita intuitiva in cui puoi vedere i progressi di \u00a0ogni singolo lead in tempo reale, visualizzare in anteprima lo stato delle attivit\u00e0 e avere un quadro generale sulle vendite.<br \/>\nSi rivolge a imprenditori e aziende di piccole e medie dimensioni che necessitano supporto nella gestione dei lead e delle attivit\u00e0 di vendita.<\/p>\n<h2>KOMMO &#8211; TUTORIAL<\/h2>\n<div id=\"fluid-wrapper-counter-1\" class=\"g1-fluid-wrapper \" style=\"width:686px;\">\n<div style=\"padding-bottom:56.268221574344%;\"><iframe loading=\"lazy\" title=\"Engage with website visitors via CRM plugin &amp; generate more leads\" width=\"686\" height=\"386\" src=\"https:\/\/www.youtube.com\/embed\/ZbaFVduXI_k?feature=oembed&amp;wmode=transparent&amp;autohide=1&amp;autoplay=0&amp;disablekb=0&amp;fs=1&amp;loop=0&amp;enablejsapi=1&amp;rel=0&amp;controls=2&amp;showinfo=0&amp;wmode=transparent&amp;autohide=2&amp;autoplay=0&amp;disablekb=0&amp;fs=1&amp;loop=0&amp;enablejsapi=1&amp;rel=0&amp;controls=2&amp;showinfo=1\" frameborder=\"0\" allow=\"accelerometer; autoplay; clipboard-write; encrypted-media; gyroscope; picture-in-picture; web-share\" allowfullscreen><\/iframe><\/div>\n<\/div>\n<h3>KOMMO &#8211; CARATTERISTICHE<\/h3>\n<ul>\n<li><strong>Integrazioni<\/strong>: dai servizi di messaggistica, email e voce alle automazioni per il marketing e il flusso di lavoro, le integrazioni ti coprono completamente.<\/li>\n<li><strong>Marketing<\/strong>: rivolgiti ai tuoi clienti su tutti i fronti del marketing. Scopri tutte le applicazioni di messaggistica, email, voce e social media marketing che si collegano al software.<\/li>\n<li><strong>Acquisizione di contatti<\/strong>: cattura nuovi contatti in un batter d&#8217;occhio. Grazie a queste interessanti integrazioni, la tua pipeline avr\u00e0 sempre un flusso fresco di potenziali clienti.<\/li>\n<li><strong>Email, telefono e video<\/strong>: le integrazioni di email, telefono e video sono una parte essenziale della comunicazione di marketing e di vendita.<\/li>\n<li><strong>Messaggistica e SMS<\/strong>: le integrazioni di messaggistica e SMS sono una svolta per le vendite e il marketing.<\/li>\n<li><strong>Fatturazione e pagamenti<\/strong>: le integrazioni per la fatturazione e i pagamenti sono un elemento fondamentale del tuo processo di vendita.<\/li>\n<li><strong>Documenti e archiviazione<\/strong>: le integrazioni di documenti e archiviazione ti aiutano a gestire tutti i file importanti durante il processo di vendita, come proposte e offerte.<\/li>\n<li><strong>Flusso di lavoro<\/strong>: le integrazioni per il flusso di lavoro consentono di aumentare la produttivit\u00e0 e di liberare il team dalle attivit\u00e0 pi\u00f9 banali.<\/li>\n<\/ul>\n<h4>LE RECENSIONI DEGLI UTENTI<\/h4>\n<p><strong>Ekaterina &#8220;Recensione&#8221;<\/strong><br \/>\nCommenti: Relazione con i clienti, gestione delle vendite, controllo delle chiamate<br \/>\nPro: Mi piace il design dell&#8217;interfaccia, \u00e8 facile da capire e amo le caratteristiche della pipeline digitale<br \/>\nContro: Personalizzazione della dashboard che vorrei fosse molto migliorata<\/p>\n<p><strong>Sylvie &#8220;La piattaforma supporta il lavoro con i social network pi\u00f9 diffusi&#8221;.<\/strong><br \/>\nPro: Lavoro in una grande banca, abbiamo molti canali di vendita. Gestiamo account sui social network, quindi per noi era importante che la piattaforma supportasse l&#8217;integrazione con essi. AmoCRM era proprio quello che ci serviva. Con il suo aiuto, teniamo traccia delle informazioni provenienti da Facebook, Twitter, Linkedin e Instagram.<br \/>\nContro: Gli sviluppatori rilasciano spesso aggiornamenti. Per alcuni potrebbe sembrare una cosa fantastica. Ma per gli utenti, amoCRM \u00e8 un vero incubo. Non \u00e8 possibile utilizzare la piattaforma durante gli aggiornamenti. Tutti i moduli nel migliore dei casi iniziano a rallentare, nel peggiore smettono di funzionare.<\/p>\n<p><strong>Vlad &#8220;Sistema di contabilit\u00e0 funzionale per la base clienti&#8221;<\/strong><br \/>\nPro: Nella nostra azienda, utilizziamo il sistema CRM per contabilizzare la base clienti e le transazioni del reparto vendite. La piattaforma consente di creare imbuti di vendita per i rapporti e aumentare i profitti. L&#8217;integrazione con i dispositivi mobili \u00e8 completa.<br \/>\nContro: La prima cosa che vorrei aggiungere al CRM per la base clienti \u00e8 uno strumento per la gestione delle risorse interne all&#8217;azienda. La seconda \u00e8 una funzione per prevedere il numero di vendite.<\/p>\n","protected":false},"excerpt":{"rendered":"<p>Kommo \u00e8 un software CRM\u00a0che integra servizi di posta elettronica, telefonia VoIP, moduli per i contatti, processori di pagamento e molte altre applicazioni che utilizzate quotidianamente (Mailchimp, Gmail, WhatsApp, Zapier, Zoom, Dropbox, Quickbooks, Instagram, LinkedIn, Telegram, Skype ecc.).<\/p>\n","protected":false},"author":17,"featured_media":67004,"parent":5966,"menu_order":0,"comment_status":"open","ping_status":"closed","template":"g1_template_page_review_new.php","meta":{"_acf_changed":false,"cwp_meta_box_check":"No","cwp_rev_product_name":"","cwp_rev_product_image":"","wppr_links":[],"cwp_rev_price":"","wppr_options":[],"wppr_pros":[],"wppr_cons":[],"_monsterinsights_skip_tracking":false,"_monsterinsights_sitenote_active":false,"_monsterinsights_sitenote_note":"","_monsterinsights_sitenote_category":0,"footnotes":""},"categories":[120],"tags":[14095,1835,14096,10868,427,1837,1239],"features":[],"class_list":{"0":"post-67001","1":"page","2":"type-page","3":"status-publish","4":"has-post-thumbnail","6":"category-crm-it","7":"tag-app-crm","8":"tag-crm-2-it","9":"tag-crm-mobile","10":"tag-customer-relationship-management-2-it","11":"tag-programma-crm","12":"tag-software-crm-2-it","13":"tag-soluzione-crm"},"wppr_data":{"cwp_meta_box_check":"No"},"acf":[],"yoast_head":"<!-- This site is optimized with the Yoast SEO plugin v27.4 - https:\/\/yoast.com\/product\/yoast-seo-wordpress\/ -->\n<title>Kommo: recensione software CRM - Accurate Reviews<\/title>\n<meta name=\"description\" content=\"Kommo: recensione del software CRM\u00a0che integra servizi di posta elettronica, telefonia VoIP, moduli per i contatti e molto altro.\" \/>\n<meta name=\"robots\" content=\"index, follow, max-snippet:-1, max-image-preview:large, max-video-preview:-1\" \/>\n<link rel=\"canonical\" href=\"https:\/\/www.accuratereviews.com\/it\/crm-software-migliori-lista\/kommo-recensione\/\" \/>\n<meta property=\"og:locale\" content=\"it_IT\" \/>\n<meta property=\"og:type\" content=\"article\" \/>\n<meta property=\"og:title\" content=\"Kommo: recensione software CRM - Accurate Reviews\" \/>\n<meta property=\"og:description\" content=\"Kommo: recensione del software CRM\u00a0che integra servizi di posta elettronica, telefonia VoIP, moduli per i contatti e molto altro.\" \/>\n<meta property=\"og:url\" content=\"https:\/\/www.accuratereviews.com\/it\/crm-software-migliori-lista\/kommo-recensione\/\" \/>\n<meta property=\"og:site_name\" content=\"Accurate Reviews\" \/>\n<meta property=\"article:modified_time\" content=\"2023-02-09T07:29:42+00:00\" \/>\n<meta property=\"og:image\" content=\"https:\/\/www.accuratereviews.com\/wp-content\/uploads\/2023\/02\/1665670945199.jpeg\" \/>\n\t<meta property=\"og:image:width\" content=\"200\" \/>\n\t<meta property=\"og:image:height\" content=\"200\" \/>\n\t<meta property=\"og:image:type\" content=\"image\/jpeg\" \/>\n<meta name=\"twitter:card\" content=\"summary_large_image\" \/>\n<meta name=\"twitter:label1\" content=\"Tempo di lettura stimato\" \/>\n\t<meta name=\"twitter:data1\" content=\"3 minuti\" \/>\n<script type=\"application\/ld+json\" class=\"yoast-schema-graph\">{\"@context\":\"https:\\\/\\\/schema.org\",\"@graph\":[{\"@type\":\"WebPage\",\"@id\":\"https:\\\/\\\/www.accuratereviews.com\\\/it\\\/crm-software-migliori-lista\\\/kommo-recensione\\\/\",\"url\":\"https:\\\/\\\/www.accuratereviews.com\\\/it\\\/crm-software-migliori-lista\\\/kommo-recensione\\\/\",\"name\":\"Kommo: recensione software CRM - Accurate Reviews\",\"isPartOf\":{\"@id\":\"https:\\\/\\\/www.accuratereviews.com\\\/it\\\/#website\"},\"primaryImageOfPage\":{\"@id\":\"https:\\\/\\\/www.accuratereviews.com\\\/it\\\/crm-software-migliori-lista\\\/kommo-recensione\\\/#primaryimage\"},\"image\":{\"@id\":\"https:\\\/\\\/www.accuratereviews.com\\\/it\\\/crm-software-migliori-lista\\\/kommo-recensione\\\/#primaryimage\"},\"thumbnailUrl\":\"https:\\\/\\\/www.accuratereviews.com\\\/wp-content\\\/uploads\\\/2023\\\/02\\\/1665670945199.jpeg\",\"datePublished\":\"2023-02-06T16:26:59+00:00\",\"dateModified\":\"2023-02-09T07:29:42+00:00\",\"description\":\"Kommo: recensione del software CRM\u00a0che integra servizi di posta elettronica, telefonia VoIP, moduli per i contatti e molto altro.\",\"breadcrumb\":{\"@id\":\"https:\\\/\\\/www.accuratereviews.com\\\/it\\\/crm-software-migliori-lista\\\/kommo-recensione\\\/#breadcrumb\"},\"inLanguage\":\"it-IT\",\"potentialAction\":[{\"@type\":\"ReadAction\",\"target\":[\"https:\\\/\\\/www.accuratereviews.com\\\/it\\\/crm-software-migliori-lista\\\/kommo-recensione\\\/\"]}]},{\"@type\":\"ImageObject\",\"inLanguage\":\"it-IT\",\"@id\":\"https:\\\/\\\/www.accuratereviews.com\\\/it\\\/crm-software-migliori-lista\\\/kommo-recensione\\\/#primaryimage\",\"url\":\"https:\\\/\\\/www.accuratereviews.com\\\/wp-content\\\/uploads\\\/2023\\\/02\\\/1665670945199.jpeg\",\"contentUrl\":\"https:\\\/\\\/www.accuratereviews.com\\\/wp-content\\\/uploads\\\/2023\\\/02\\\/1665670945199.jpeg\",\"width\":200,\"height\":200},{\"@type\":\"BreadcrumbList\",\"@id\":\"https:\\\/\\\/www.accuratereviews.com\\\/it\\\/crm-software-migliori-lista\\\/kommo-recensione\\\/#breadcrumb\",\"itemListElement\":[{\"@type\":\"ListItem\",\"position\":1,\"name\":\"Home\",\"item\":\"https:\\\/\\\/www.accuratereviews.com\\\/it\\\/\"},{\"@type\":\"ListItem\",\"position\":2,\"name\":\"CRM: i software migliori\",\"item\":\"https:\\\/\\\/www.accuratereviews.com\\\/it\\\/crm-software-migliori-lista\\\/\"},{\"@type\":\"ListItem\",\"position\":3,\"name\":\"Kommo\"}]},{\"@type\":\"WebSite\",\"@id\":\"https:\\\/\\\/www.accuratereviews.com\\\/it\\\/#website\",\"url\":\"https:\\\/\\\/www.accuratereviews.com\\\/it\\\/\",\"name\":\"Accurate Reviews\",\"description\":\"\",\"potentialAction\":[{\"@type\":\"SearchAction\",\"target\":{\"@type\":\"EntryPoint\",\"urlTemplate\":\"https:\\\/\\\/www.accuratereviews.com\\\/it\\\/?s={search_term_string}\"},\"query-input\":{\"@type\":\"PropertyValueSpecification\",\"valueRequired\":true,\"valueName\":\"search_term_string\"}}],\"inLanguage\":\"it-IT\"}]}<\/script>\n<!-- \/ Yoast SEO plugin. -->","yoast_head_json":{"title":"Kommo: recensione software CRM - Accurate Reviews","description":"Kommo: recensione del software CRM\u00a0che integra servizi di posta elettronica, telefonia VoIP, moduli per i contatti e molto altro.","robots":{"index":"index","follow":"follow","max-snippet":"max-snippet:-1","max-image-preview":"max-image-preview:large","max-video-preview":"max-video-preview:-1"},"canonical":"https:\/\/www.accuratereviews.com\/it\/crm-software-migliori-lista\/kommo-recensione\/","og_locale":"it_IT","og_type":"article","og_title":"Kommo: recensione software CRM - Accurate Reviews","og_description":"Kommo: recensione del software CRM\u00a0che integra servizi di posta elettronica, telefonia VoIP, moduli per i contatti e molto altro.","og_url":"https:\/\/www.accuratereviews.com\/it\/crm-software-migliori-lista\/kommo-recensione\/","og_site_name":"Accurate Reviews","article_modified_time":"2023-02-09T07:29:42+00:00","og_image":[{"width":200,"height":200,"url":"https:\/\/www.accuratereviews.com\/wp-content\/uploads\/2023\/02\/1665670945199.jpeg","type":"image\/jpeg"}],"twitter_card":"summary_large_image","twitter_misc":{"Tempo di lettura stimato":"3 minuti"},"schema":{"@context":"https:\/\/schema.org","@graph":[{"@type":"WebPage","@id":"https:\/\/www.accuratereviews.com\/it\/crm-software-migliori-lista\/kommo-recensione\/","url":"https:\/\/www.accuratereviews.com\/it\/crm-software-migliori-lista\/kommo-recensione\/","name":"Kommo: recensione software CRM - Accurate Reviews","isPartOf":{"@id":"https:\/\/www.accuratereviews.com\/it\/#website"},"primaryImageOfPage":{"@id":"https:\/\/www.accuratereviews.com\/it\/crm-software-migliori-lista\/kommo-recensione\/#primaryimage"},"image":{"@id":"https:\/\/www.accuratereviews.com\/it\/crm-software-migliori-lista\/kommo-recensione\/#primaryimage"},"thumbnailUrl":"https:\/\/www.accuratereviews.com\/wp-content\/uploads\/2023\/02\/1665670945199.jpeg","datePublished":"2023-02-06T16:26:59+00:00","dateModified":"2023-02-09T07:29:42+00:00","description":"Kommo: recensione del software CRM\u00a0che integra servizi di posta elettronica, telefonia VoIP, moduli per i contatti e molto altro.","breadcrumb":{"@id":"https:\/\/www.accuratereviews.com\/it\/crm-software-migliori-lista\/kommo-recensione\/#breadcrumb"},"inLanguage":"it-IT","potentialAction":[{"@type":"ReadAction","target":["https:\/\/www.accuratereviews.com\/it\/crm-software-migliori-lista\/kommo-recensione\/"]}]},{"@type":"ImageObject","inLanguage":"it-IT","@id":"https:\/\/www.accuratereviews.com\/it\/crm-software-migliori-lista\/kommo-recensione\/#primaryimage","url":"https:\/\/www.accuratereviews.com\/wp-content\/uploads\/2023\/02\/1665670945199.jpeg","contentUrl":"https:\/\/www.accuratereviews.com\/wp-content\/uploads\/2023\/02\/1665670945199.jpeg","width":200,"height":200},{"@type":"BreadcrumbList","@id":"https:\/\/www.accuratereviews.com\/it\/crm-software-migliori-lista\/kommo-recensione\/#breadcrumb","itemListElement":[{"@type":"ListItem","position":1,"name":"Home","item":"https:\/\/www.accuratereviews.com\/it\/"},{"@type":"ListItem","position":2,"name":"CRM: i software migliori","item":"https:\/\/www.accuratereviews.com\/it\/crm-software-migliori-lista\/"},{"@type":"ListItem","position":3,"name":"Kommo"}]},{"@type":"WebSite","@id":"https:\/\/www.accuratereviews.com\/it\/#website","url":"https:\/\/www.accuratereviews.com\/it\/","name":"Accurate Reviews","description":"","potentialAction":[{"@type":"SearchAction","target":{"@type":"EntryPoint","urlTemplate":"https:\/\/www.accuratereviews.com\/it\/?s={search_term_string}"},"query-input":{"@type":"PropertyValueSpecification","valueRequired":true,"valueName":"search_term_string"}}],"inLanguage":"it-IT"}]}},"_links":{"self":[{"href":"https:\/\/www.accuratereviews.com\/it\/wp-json\/wp\/v2\/pages\/67001","targetHints":{"allow":["GET"]}}],"collection":[{"href":"https:\/\/www.accuratereviews.com\/it\/wp-json\/wp\/v2\/pages"}],"about":[{"href":"https:\/\/www.accuratereviews.com\/it\/wp-json\/wp\/v2\/types\/page"}],"author":[{"embeddable":true,"href":"https:\/\/www.accuratereviews.com\/it\/wp-json\/wp\/v2\/users\/17"}],"replies":[{"embeddable":true,"href":"https:\/\/www.accuratereviews.com\/it\/wp-json\/wp\/v2\/comments?post=67001"}],"version-history":[{"count":7,"href":"https:\/\/www.accuratereviews.com\/it\/wp-json\/wp\/v2\/pages\/67001\/revisions"}],"predecessor-version":[{"id":67090,"href":"https:\/\/www.accuratereviews.com\/it\/wp-json\/wp\/v2\/pages\/67001\/revisions\/67090"}],"up":[{"embeddable":true,"href":"https:\/\/www.accuratereviews.com\/it\/wp-json\/wp\/v2\/pages\/5966"}],"wp:featuredmedia":[{"embeddable":true,"href":"https:\/\/www.accuratereviews.com\/it\/wp-json\/wp\/v2\/media\/67004"}],"wp:attachment":[{"href":"https:\/\/www.accuratereviews.com\/it\/wp-json\/wp\/v2\/media?parent=67001"}],"wp:term":[{"taxonomy":"category","embeddable":true,"href":"https:\/\/www.accuratereviews.com\/it\/wp-json\/wp\/v2\/categories?post=67001"},{"taxonomy":"post_tag","embeddable":true,"href":"https:\/\/www.accuratereviews.com\/it\/wp-json\/wp\/v2\/tags?post=67001"},{"taxonomy":"features","embeddable":true,"href":"https:\/\/www.accuratereviews.com\/it\/wp-json\/wp\/v2\/features?post=67001"}],"curies":[{"name":"wp","href":"https:\/\/api.w.org\/{rel}","templated":true}]}}